{"id":241,"date":"2019-12-09T15:50:13","date_gmt":"2019-12-09T13:50:13","guid":{"rendered":"http:\/\/srvr10.xetpoint.com\/~seyfi\/kissatieto\/?page_id=241"},"modified":"2020-08-13T16:29:30","modified_gmt":"2020-08-13T13:29:30","slug":"aamunavaustekstit","status":"publish","type":"page","link":"https:\/\/sey.fi\/kissa\/kissat\/koululaisille-ja-opettajille-kissatehtavia\/aamunavaustekstit\/","title":{"rendered":"Aamunavaustekstit"},"content":{"rendered":"\n<h2 class=\"wp-block-heading\">Aamunavausteksti 1<\/h2>\n\n\n\n<p>El\u00e4inten viikkoa vietet\u00e4\u00e4n joka vuosi 4.\u201310. lokakuuta. SEY Suomen el\u00e4insuojelu valitsee vuosittain teeman, josta jaetaan viikon aikana tietoa. Vuonna 2020 El\u00e4inten viikon teemana on kissa.<\/p>\n\n\n\n<p>Kissa kuuluu kissael\u00e4inten heimoon aivan kuten leijonat,\ntiikerit, leopardit ja gepardit. Kaikki kissael\u00e4imet ovat lihansy\u00f6ji\u00e4 ja\npetoel\u00e4imi\u00e4. Kissan juuret ovat Afrikassa, jossa afrikanvillikissa el\u00e4\u00e4\nluonnonvaraisena t\u00e4n\u00e4kin p\u00e4iv\u00e4n\u00e4. Kotikissa muistuttaa villi\u00e4 sukulaistaan\nulkon\u00e4\u00f6lt\u00e4\u00e4n ja k\u00e4yt\u00f6kselt\u00e4\u00e4n. Kissan luontainen elinymp\u00e4rist\u00f6 on siis hyvin\ntoisenlainen kuin esimerkiksi Suomen ilmasto, ja n\u00e4in ollen kissa ei\nesimerkiksi talvipakkasilla p\u00e4rj\u00e4\u00e4 ulkona.<\/p>\n\n\n\n<p>Kissa on petoel\u00e4in ja sille on kehittynyt lukuisia\nominaisuuksia, joista on sille ollut hy\u00f6ty\u00e4 luonnossa p\u00e4rj\u00e4\u00e4misess\u00e4. Kissan\nkuuloaisti on t\u00e4rke\u00e4 mets\u00e4stysv\u00e4line. Kissa kykenee kuulemaan sellaisiakin\n\u00e4\u00e4ni\u00e4, joita ihminen ei pysty kuulemaan. My\u00f6s kissan n\u00e4k\u00f6aisti, erityisesti\nh\u00e4m\u00e4r\u00e4n\u00e4k\u00f6, on kehittynyt \u00e4\u00e4rimm\u00e4isen tarkaksi. Kissa saalistaa h\u00e4m\u00e4r\u00e4n ja\npime\u00e4n aikaan, sill\u00e4 t\u00e4ll\u00f6in kissan saalisel\u00e4imet ovat aktiivisimmillaan.\nOletko koskaan miettinyt, onko kissan viiksill\u00e4 jokin tarkoitus? Viikset ovat\nkissalle mets\u00e4styksess\u00e4 ja h\u00e4m\u00e4r\u00e4ss\u00e4 liikkumisessa t\u00e4rkeit\u00e4 apuv\u00e4lineit\u00e4. Kun\nkissan viiksi osuu esteeseen, kissa osaa v\u00e4ist\u00e4\u00e4. Kissa siis kykenee viiksiens\u00e4\navulla suunnistamaan pime\u00e4ss\u00e4. Kissan hajuaisti on my\u00f6s todella herkk\u00e4.<\/p>\n\n\n\n<p>Kissa on touhukas ja oppivainen el\u00e4in, joka vaatii\nomistajaltaan ja toisaalta antaa t\u00e4lle yht\u00e4 paljon kuin vaikkapa koira. Kissa\noppii uusia asioita ja nauttii monipuolisista leikeist\u00e4, erityisesti\nsaalistusleikeist\u00e4. Kissa my\u00f6s kiintyy omistajaansa ja tarvitsee rakkautta,\nhuomiota ja yhteist\u00e4 tekemist\u00e4. Kissa nauttii raikkaasta ulkoilmasta, mutta\nkissan ulkoilutus on turvallista vain valjaissa. Kissan kanssa ulkoilu on\nerilaista kuin koiran ulkoiluttaminen: kissa on se, joka m\u00e4\u00e4r\u00e4\u00e4 suunnan ja\ntahdin. <\/p>\n\n\n\n<p>Kissoilla ja monilla muilla el\u00e4imill\u00e4 on samat perustunteet\nkuin meill\u00e4 ihmisill\u00e4. Kissat tuntevat iloa, surua, vihaa, pelkoa ja kipua,\nkuten mekin. Kissa ilmaisee tunteita kuitenkin eri tavalla kuin ihminen, joten\nihmisen t\u00e4ytyy opetella ymm\u00e4rt\u00e4m\u00e4\u00e4n kissan k\u00e4ytt\u00e4ytymist\u00e4. Silloin ihmisen ja\nkissan yhteiselo on molemmille mukavampaa.<\/p>\n\n\n\n<p>Aivan kuten muidenkin lemmikkiel\u00e4inten, my\u00f6s kissan hoito on\nvaativaa. Kissa on pitk\u00e4ik\u00e4inen el\u00e4in, joka saattaa el\u00e4\u00e4 jopa 20-vuotiaaksi.\nKissan perushoitoon kuuluu oikeasta ruokinnasta, terveydest\u00e4 ja hygieniasta\nhuolehtiminen. <\/p>\n\n\n\n<p>Suomessa hyl\u00e4t\u00e4\u00e4n vuosittain tuhansia kissoja. Kaikille\nkissoille ei l\u00f6ydy uutta kotia, joten on t\u00e4rke\u00e4\u00e4, ett\u00e4 uusien kissojen\nsyntymist\u00e4 rajoitetaan. Tehokkain keino t\u00e4h\u00e4n on kissan leikkauttaminen.<\/p>\n\n\n\n<p>Oletteko perheess\u00e4nne pohtineet kissan ottamista lemmikiksi?\nKannattaa pit\u00e4\u00e4 mieless\u00e4, ett\u00e4 aikuisesta kissasta saa yht\u00e4 hyv\u00e4n kissakaverin\nkuin pennusta. Uutta kotia etsiviin kissoihin voi tutustua el\u00e4insuojeluyhdistysten\nnettisivuilla tai paikkakunnan l\u00f6yt\u00f6el\u00e4inkodeissa. Jos perheenne kuitenkin\nhaluaa ottaa kissanpennun, on t\u00e4rke\u00e4\u00e4 muistaa, ett\u00e4 kissa on luovutusik\u00e4inen 14\nviikon i\u00e4ss\u00e4. Siihen asti kissan tulee el\u00e4\u00e4 kissaperheens\u00e4 kanssa, jolloin\nkissa oppii kissan tavat ja kielen.<\/p>\n\n\n\n<p>Kissamyytteihin ja muuhun kissatietoon voit tutustua SEY\nSuomen el\u00e4insuojelun vihkosen avulla sek\u00e4 Internetiss\u00e4 sivulla\nwww.kissatieto.fi.<\/p>\n\n\n\n<p>El\u00e4inyst\u00e4v\u00e4llist\u00e4 El\u00e4inten viikkoa kaikille!<\/p>\n\n\n\n<h2 class=\"wp-block-heading\"><br>Aamunavausteksti 2, runo<\/h2>\n\n\n\n<p><strong>Matti ja Katti<\/strong><\/p>\n\n\n\n<p>T\u00e4m\u00e4 on kertomus k\u00f6yh\u00e4st\u00e4 katista<br>(katti on, niinkuin tied\u00e4mme, kissa)<br>ja samalla Matista<br>ja kodista, joka on kaupungissa.<\/p>\n\n\n\n<p><br>Katti eleli koditonna<br>ja ruuatonna.<br>Se kipuja poti.<br>Matti<br>sen tapasi m\u00e4rk\u00e4n\u00e4 ihan<br>per\u00e4lt\u00e4 pihan.<br>T\u00e4\u00e4 oli katin kolea koti.<\/p>\n\n\n\n<p><br>Joulukin tuli,<br>oli jo ovella.<br>Syd\u00e4n suli<br>nyt Matin povella<br>ja syliins\u00e4 otti h\u00e4n kattiparan,<br>kovasti aran<br>ja vei sen kotiinsa l\u00e4mpim\u00e4\u00e4n.<br>Harvoin kissoja hellit\u00e4\u00e4n<br>niin kuin Matti nyt helli t\u00e4t\u00e4.<br>Pelko ja h\u00e4t\u00e4<br>katin j\u00e4tti, kun kodin sai.<br>Ja tottakai<br>sit\u00e4 vaalivat is\u00e4 ja \u00e4itikin<br>mit\u00e4 parhaimmin.<\/p>\n\n\n\n<p><br>\u201dMiten p\u00e4in on kissansilm\u00e4ss\u00e4 hyv\u00e4?\u201d<br>\u201dSe on pystysuorassa\u201d, vastaa Matti.<br>Ja paljon muutakin opetti Katti,<br>koko perheen joululahja hyv\u00e4.<br>Mutta parhaan joululahjan antoi<br>t\u00e4\u00e4 Mattimme sent\u00e4\u00e4n kun h\u00e4n kantoi<br>viluisen kissan pihalta pois.<br>Sen parempaa lahjaa ei saanut se ois.<\/p>\n\n\n\n<p>&#8211; Oiva Paloheimo<br>(Tunteellinen siili ja muita suomalaisia el\u00e4inrunoja, WSOY 1994)<\/p>\n\n\n\n<p>Suomessa hyl\u00e4t\u00e4\u00e4n joka vuosi tuhansia kissoja. On t\u00e4rke\u00e4\u00e4, ett\u00e4 \nuusien kissojen syntymist\u00e4 rajoitetaan ja tehokkain keino t\u00e4h\u00e4n on \nkissan leikkauttaminen. Kissan leikkauttaminen on el\u00e4insuojeluteko. Jos \nharkitset kissan ottamista perheenj\u00e4seneksi, tutustu paikallisen \nel\u00e4insuojeluyhdistyksen l\u00f6yt\u00f6kissoihin.<\/p>\n\n\n\n<p>SEY Suomen el\u00e4insuojelu toivottaa hyv\u00e4\u00e4 El\u00e4inten viikkoa!<\/p>\n","protected":false},"excerpt":{"rendered":"<p>Aamunavausteksti 1 El\u00e4inten viikkoa vietet\u00e4\u00e4n joka vuosi 4.\u201310. lokakuuta. SEY Suomen el\u00e4insuojelu valitsee vuosittain teeman, josta jaetaan viikon aikana tietoa. Vuonna 2020 El\u00e4inten viikon teemana on kissa. Kissa kuuluu kissael\u00e4inten heimoon aivan kuten leijonat, tiikerit, leopardit ja gepardit. Kaikki kissael\u00e4imet ovat lihansy\u00f6ji\u00e4 ja petoel\u00e4imi\u00e4. Kissan juuret ovat Afrikassa, jossa afrikanvillikissa el\u00e4\u00e4 luonnonvaraisena t\u00e4n\u00e4kin p\u00e4iv\u00e4n\u00e4. Kotikissa [&hellip;]<\/p>\n","protected":false},"author":8,"featured_media":0,"parent":233,"menu_order":0,"comment_status":"closed","ping_status":"closed","template":"","meta":{"_acf_changed":false,"footnotes":""},"class_list":["post-241","page","type-page","status-publish","hentry"],"acf":[],"yoast_head":"<!-- This site is optimized with the Yoast SEO plugin v27.1.1 - https:\/\/yoast.com\/product\/yoast-seo-wordpress\/ -->\n<title>Aamunavaustekstit - Kissatieto<\/title>\n<meta name=\"robots\" content=\"index, follow, max-snippet:-1, max-image-preview:large, max-video-preview:-1\" \/>\n<link rel=\"canonical\" href=\"https:\/\/sey.fi\/kissa\/kissat\/koululaisille-ja-opettajille-kissatehtavia\/aamunavaustekstit\/\" \/>\n<meta property=\"og:locale\" content=\"fi_FI\" \/>\n<meta property=\"og:type\" content=\"article\" \/>\n<meta property=\"og:title\" content=\"Aamunavaustekstit - Kissatieto\" \/>\n<meta property=\"og:description\" content=\"Aamunavausteksti 1 El\u00e4inten viikkoa vietet\u00e4\u00e4n joka vuosi 4.\u201310. lokakuuta. SEY Suomen el\u00e4insuojelu valitsee vuosittain teeman, josta jaetaan viikon aikana tietoa. Vuonna 2020 El\u00e4inten viikon teemana on kissa. Kissa kuuluu kissael\u00e4inten heimoon aivan kuten leijonat, tiikerit, leopardit ja gepardit. Kaikki kissael\u00e4imet ovat lihansy\u00f6ji\u00e4 ja petoel\u00e4imi\u00e4. Kissan juuret ovat Afrikassa, jossa afrikanvillikissa el\u00e4\u00e4 luonnonvaraisena t\u00e4n\u00e4kin p\u00e4iv\u00e4n\u00e4. Kotikissa [&hellip;]\" \/>\n<meta property=\"og:url\" content=\"https:\/\/sey.fi\/kissa\/kissat\/koululaisille-ja-opettajille-kissatehtavia\/aamunavaustekstit\/\" \/>\n<meta property=\"og:site_name\" content=\"Kissatieto\" \/>\n<meta property=\"article:modified_time\" content=\"2020-08-13T13:29:30+00:00\" \/>\n<meta name=\"twitter:card\" content=\"summary_large_image\" \/>\n<meta name=\"twitter:label1\" content=\"Arvioitu lukuaika\" \/>\n\t<meta name=\"twitter:data1\" content=\"3 minuuttia\" \/>\n<script type=\"application\/ld+json\" class=\"yoast-schema-graph\">{\"@context\":\"https:\/\/schema.org\",\"@graph\":[{\"@type\":\"WebPage\",\"@id\":\"https:\/\/sey.fi\/kissa\/kissat\/koululaisille-ja-opettajille-kissatehtavia\/aamunavaustekstit\/\",\"url\":\"https:\/\/sey.fi\/kissa\/kissat\/koululaisille-ja-opettajille-kissatehtavia\/aamunavaustekstit\/\",\"name\":\"Aamunavaustekstit - Kissatieto\",\"isPartOf\":{\"@id\":\"https:\/\/sey.fi\/kissa\/#website\"},\"datePublished\":\"2019-12-09T13:50:13+00:00\",\"dateModified\":\"2020-08-13T13:29:30+00:00\",\"breadcrumb\":{\"@id\":\"https:\/\/sey.fi\/kissa\/kissat\/koululaisille-ja-opettajille-kissatehtavia\/aamunavaustekstit\/#breadcrumb\"},\"inLanguage\":\"fi\",\"potentialAction\":[{\"@type\":\"ReadAction\",\"target\":[\"https:\/\/sey.fi\/kissa\/kissat\/koululaisille-ja-opettajille-kissatehtavia\/aamunavaustekstit\/\"]}]},{\"@type\":\"BreadcrumbList\",\"@id\":\"https:\/\/sey.fi\/kissa\/kissat\/koululaisille-ja-opettajille-kissatehtavia\/aamunavaustekstit\/#breadcrumb\",\"itemListElement\":[{\"@type\":\"ListItem\",\"position\":1,\"name\":\"Home\",\"item\":\"https:\/\/sey.fi\/kissa\/\"},{\"@type\":\"ListItem\",\"position\":2,\"name\":\"Kissatieto\",\"item\":\"https:\/\/sey.fi\/kissa\/\"},{\"@type\":\"ListItem\",\"position\":3,\"name\":\"Koululaisille ja opettajille &#8211; kissateht\u00e4vi\u00e4\",\"item\":\"https:\/\/sey.fi\/kissa\/kissat\/koululaisille-ja-opettajille-kissatehtavia\/\"},{\"@type\":\"ListItem\",\"position\":4,\"name\":\"Aamunavaustekstit\"}]},{\"@type\":\"WebSite\",\"@id\":\"https:\/\/sey.fi\/kissa\/#website\",\"url\":\"https:\/\/sey.fi\/kissa\/\",\"name\":\"Kissatieto\",\"description\":\"Uusi SEY J\u00e4senyhdistykset -sivusto\",\"potentialAction\":[{\"@type\":\"SearchAction\",\"target\":{\"@type\":\"EntryPoint\",\"urlTemplate\":\"https:\/\/sey.fi\/kissa\/?s={search_term_string}\"},\"query-input\":{\"@type\":\"PropertyValueSpecification\",\"valueRequired\":true,\"valueName\":\"search_term_string\"}}],\"inLanguage\":\"fi\"}]}<\/script>\n<!-- \/ Yoast SEO plugin. -->","yoast_head_json":{"title":"Aamunavaustekstit - Kissatieto","robots":{"index":"index","follow":"follow","max-snippet":"max-snippet:-1","max-image-preview":"max-image-preview:large","max-video-preview":"max-video-preview:-1"},"canonical":"https:\/\/sey.fi\/kissa\/kissat\/koululaisille-ja-opettajille-kissatehtavia\/aamunavaustekstit\/","og_locale":"fi_FI","og_type":"article","og_title":"Aamunavaustekstit - Kissatieto","og_description":"Aamunavausteksti 1 El\u00e4inten viikkoa vietet\u00e4\u00e4n joka vuosi 4.\u201310. lokakuuta. SEY Suomen el\u00e4insuojelu valitsee vuosittain teeman, josta jaetaan viikon aikana tietoa. Vuonna 2020 El\u00e4inten viikon teemana on kissa. Kissa kuuluu kissael\u00e4inten heimoon aivan kuten leijonat, tiikerit, leopardit ja gepardit. Kaikki kissael\u00e4imet ovat lihansy\u00f6ji\u00e4 ja petoel\u00e4imi\u00e4. Kissan juuret ovat Afrikassa, jossa afrikanvillikissa el\u00e4\u00e4 luonnonvaraisena t\u00e4n\u00e4kin p\u00e4iv\u00e4n\u00e4. Kotikissa [&hellip;]","og_url":"https:\/\/sey.fi\/kissa\/kissat\/koululaisille-ja-opettajille-kissatehtavia\/aamunavaustekstit\/","og_site_name":"Kissatieto","article_modified_time":"2020-08-13T13:29:30+00:00","twitter_card":"summary_large_image","twitter_misc":{"Arvioitu lukuaika":"3 minuuttia"},"schema":{"@context":"https:\/\/schema.org","@graph":[{"@type":"WebPage","@id":"https:\/\/sey.fi\/kissa\/kissat\/koululaisille-ja-opettajille-kissatehtavia\/aamunavaustekstit\/","url":"https:\/\/sey.fi\/kissa\/kissat\/koululaisille-ja-opettajille-kissatehtavia\/aamunavaustekstit\/","name":"Aamunavaustekstit - Kissatieto","isPartOf":{"@id":"https:\/\/sey.fi\/kissa\/#website"},"datePublished":"2019-12-09T13:50:13+00:00","dateModified":"2020-08-13T13:29:30+00:00","breadcrumb":{"@id":"https:\/\/sey.fi\/kissa\/kissat\/koululaisille-ja-opettajille-kissatehtavia\/aamunavaustekstit\/#breadcrumb"},"inLanguage":"fi","potentialAction":[{"@type":"ReadAction","target":["https:\/\/sey.fi\/kissa\/kissat\/koululaisille-ja-opettajille-kissatehtavia\/aamunavaustekstit\/"]}]},{"@type":"BreadcrumbList","@id":"https:\/\/sey.fi\/kissa\/kissat\/koululaisille-ja-opettajille-kissatehtavia\/aamunavaustekstit\/#breadcrumb","itemListElement":[{"@type":"ListItem","position":1,"name":"Home","item":"https:\/\/sey.fi\/kissa\/"},{"@type":"ListItem","position":2,"name":"Kissatieto","item":"https:\/\/sey.fi\/kissa\/"},{"@type":"ListItem","position":3,"name":"Koululaisille ja opettajille &#8211; kissateht\u00e4vi\u00e4","item":"https:\/\/sey.fi\/kissa\/kissat\/koululaisille-ja-opettajille-kissatehtavia\/"},{"@type":"ListItem","position":4,"name":"Aamunavaustekstit"}]},{"@type":"WebSite","@id":"https:\/\/sey.fi\/kissa\/#website","url":"https:\/\/sey.fi\/kissa\/","name":"Kissatieto","description":"Uusi SEY J\u00e4senyhdistykset -sivusto","potentialAction":[{"@type":"SearchAction","target":{"@type":"EntryPoint","urlTemplate":"https:\/\/sey.fi\/kissa\/?s={search_term_string}"},"query-input":{"@type":"PropertyValueSpecification","valueRequired":true,"valueName":"search_term_string"}}],"inLanguage":"fi"}]}},"_links":{"self":[{"href":"https:\/\/sey.fi\/kissa\/wp-json\/wp\/v2\/pages\/241","targetHints":{"allow":["GET"]}}],"collection":[{"href":"https:\/\/sey.fi\/kissa\/wp-json\/wp\/v2\/pages"}],"about":[{"href":"https:\/\/sey.fi\/kissa\/wp-json\/wp\/v2\/types\/page"}],"author":[{"embeddable":true,"href":"https:\/\/sey.fi\/kissa\/wp-json\/wp\/v2\/users\/8"}],"replies":[{"embeddable":true,"href":"https:\/\/sey.fi\/kissa\/wp-json\/wp\/v2\/comments?post=241"}],"version-history":[{"count":3,"href":"https:\/\/sey.fi\/kissa\/wp-json\/wp\/v2\/pages\/241\/revisions"}],"predecessor-version":[{"id":298,"href":"https:\/\/sey.fi\/kissa\/wp-json\/wp\/v2\/pages\/241\/revisions\/298"}],"up":[{"embeddable":true,"href":"https:\/\/sey.fi\/kissa\/wp-json\/wp\/v2\/pages\/233"}],"wp:attachment":[{"href":"https:\/\/sey.fi\/kissa\/wp-json\/wp\/v2\/media?parent=241"}],"curies":[{"name":"wp","href":"https:\/\/api.w.org\/{rel}","templated":true}]}}