{"id":253,"date":"2019-12-09T15:59:38","date_gmt":"2019-12-09T13:59:38","guid":{"rendered":"http:\/\/srvr10.xetpoint.com\/~seyfi\/kissatieto\/?page_id=253"},"modified":"2026-02-25T01:46:57","modified_gmt":"2026-02-24T23:46:57","slug":"asiantuntijat","status":"publish","type":"page","link":"https:\/\/sey.fi\/kissa\/kissat\/yhteystiedot\/asiantuntijat\/","title":{"rendered":"Asiantuntijat"},"content":{"rendered":"\n<p class=\"has-text-align-right has-small-font-size\"><em>Kuvat kirjojen kansista: Art House, Docendo, SKS Kirjat, Adlibris<\/em><\/p>\n\n\n\n<h2 class=\"wp-block-heading\">Sivuston p\u00e4ivitys 2026<\/h2>\n\n\n\n<p><strong>P\u00e4ivi Ylikorpi<\/strong>, tietokirjailija, el\u00e4inl\u00e4\u00e4k\u00e4riasematy\u00f6skentelyyn suuntautunut el\u00e4intenhoitaja ja el\u00e4intenhoitajaopiskelijoiden kouluttaja aikuiskoulutuskeskus Amiedussa. Ylikorvella on pitk\u00e4 ty\u00f6kokemus el\u00e4insuojeluteht\u00e4vist\u00e4 erityisesti kissojen parissa.<\/p>\n\n\n\n<p>Ylikorpi on kirjoittanut laajaa arvostelu- ja myyntimenestyst\u00e4 saavuttaneen Kissanhoidon k\u00e4sikirjan (2014), josta on ilmestym\u00e4ss\u00e4 viides, kauttaaltaan uudistettu painos vuonna 2026. H\u00e4n on my\u00f6s yksi Mit\u00e4 kuppiin kissalle? -kirjan 2024) kirjoittajista.<\/p>\n\n\n\n<h2 class=\"wp-block-heading\">Kissatietosivuston asiantuntijat<\/h2>\n\n\n\n<p><strong>Helena Telk\u00e4nranta<\/strong>, el\u00e4inten k\u00e4ytt\u00e4ytymiseen erikoistunut biologi, toimittaja, tietokirjailja ja tutkija. Telk\u00e4nranta on kirjoittanut artikkeleita sanoma- ja aikakauslehtiin sek\u00e4 k\u00e4sikirjoittanut el\u00e4in- tai luontoaiheisia dokumentteja. Telk\u00e4nranta on Working Elephant Programme of Asia -j\u00e4rjest\u00f6n puheenjohtaja.<\/p>\n\n\n\n<p>Telk\u00e4nrannalta on ilmestynyt useita kirjoja, muun muassa Millaista on olla kissa? (2023), El\u00e4in ja ihminen &#8211; Mik\u00e4 meit\u00e4 yhdist\u00e4\u00e4? (2016), Lattiakanalaopas (1999), Matka kissan mieleen (2002) ja Kanojen maailma (2004). Telk\u00e4nranta palkittiin tiedonjulkistamisen valtionpalkinnolla teoksestaan&nbsp;Millaista on olla el\u00e4in? (2015).<\/p>\n\n\n\n<p><br><strong>Suvi Pohjola-Stenroos<\/strong> ELT, DABVP (Feline \nPractice), kissal\u00e4\u00e4ket. erik. ty\u00f6skentelee perustamassaan Animagi \nkissaklinikka Felinassa. Pohjola-Stenroos on julkaissut kymmeni\u00e4 \nartikkeleita tieteellisiss\u00e4 ja harrastejulkaisuissa. Pohjola-Stenroos \nkasvattaa kissoja ja tukee asiantuntemuksellaan useiden \nel\u00e4insuojeluj\u00e4rjest\u00f6jen toimintaa.<\/p>\n\n\n\n<p><br>SEY kiitt\u00e4\u00e4 l\u00e4mpim\u00e4sti asiantuntemuksesta ja avusta!<\/p>\n","protected":false},"excerpt":{"rendered":"<p>Kuvat kirjojen kansista: Art House, Docendo, SKS Kirjat, Adlibris Sivuston p\u00e4ivitys 2026 P\u00e4ivi Ylikorpi, tietokirjailija, el\u00e4inl\u00e4\u00e4k\u00e4riasematy\u00f6skentelyyn suuntautunut el\u00e4intenhoitaja ja el\u00e4intenhoitajaopiskelijoiden kouluttaja aikuiskoulutuskeskus Amiedussa. Ylikorvella on pitk\u00e4 ty\u00f6kokemus el\u00e4insuojeluteht\u00e4vist\u00e4 erityisesti kissojen parissa. Ylikorpi on kirjoittanut laajaa arvostelu- ja myyntimenestyst\u00e4 saavuttaneen Kissanhoidon k\u00e4sikirjan (2014), josta on ilmestym\u00e4ss\u00e4 viides, kauttaaltaan uudistettu painos vuonna 2026. H\u00e4n on my\u00f6s yksi [&hellip;]<\/p>\n","protected":false},"author":8,"featured_media":540,"parent":251,"menu_order":0,"comment_status":"closed","ping_status":"closed","template":"","meta":{"_acf_changed":false,"footnotes":""},"class_list":["post-253","page","type-page","status-publish","has-post-thumbnail","hentry"],"acf":[],"yoast_head":"<!-- This site is optimized with the Yoast SEO plugin v27.1.1 - https:\/\/yoast.com\/product\/yoast-seo-wordpress\/ -->\n<title>Asiantuntijat - Kissatieto<\/title>\n<meta name=\"robots\" content=\"index, follow, max-snippet:-1, max-image-preview:large, max-video-preview:-1\" \/>\n<link rel=\"canonical\" href=\"https:\/\/sey.fi\/kissa\/kissat\/yhteystiedot\/asiantuntijat\/\" \/>\n<meta property=\"og:locale\" content=\"fi_FI\" \/>\n<meta property=\"og:type\" content=\"article\" \/>\n<meta property=\"og:title\" content=\"Asiantuntijat - Kissatieto\" \/>\n<meta property=\"og:description\" content=\"Kuvat kirjojen kansista: Art House, Docendo, SKS Kirjat, Adlibris Sivuston p\u00e4ivitys 2026 P\u00e4ivi Ylikorpi, tietokirjailija, el\u00e4inl\u00e4\u00e4k\u00e4riasematy\u00f6skentelyyn suuntautunut el\u00e4intenhoitaja ja el\u00e4intenhoitajaopiskelijoiden kouluttaja aikuiskoulutuskeskus Amiedussa. Ylikorvella on pitk\u00e4 ty\u00f6kokemus el\u00e4insuojeluteht\u00e4vist\u00e4 erityisesti kissojen parissa. Ylikorpi on kirjoittanut laajaa arvostelu- ja myyntimenestyst\u00e4 saavuttaneen Kissanhoidon k\u00e4sikirjan (2014), josta on ilmestym\u00e4ss\u00e4 viides, kauttaaltaan uudistettu painos vuonna 2026. H\u00e4n on my\u00f6s yksi [&hellip;]\" \/>\n<meta property=\"og:url\" content=\"https:\/\/sey.fi\/kissa\/kissat\/yhteystiedot\/asiantuntijat\/\" \/>\n<meta property=\"og:site_name\" content=\"Kissatieto\" \/>\n<meta property=\"article:modified_time\" content=\"2026-02-24T23:46:57+00:00\" \/>\n<meta property=\"og:image\" content=\"https:\/\/sey.fi\/wp-content\/uploads\/sites\/47\/2026\/02\/kissakannet5-scaled.jpg\" \/>\n\t<meta property=\"og:image:width\" content=\"2560\" \/>\n\t<meta property=\"og:image:height\" content=\"1280\" \/>\n\t<meta property=\"og:image:type\" content=\"image\/jpeg\" \/>\n<meta name=\"twitter:card\" content=\"summary_large_image\" \/>\n<meta name=\"twitter:label1\" content=\"Arvioitu lukuaika\" \/>\n\t<meta name=\"twitter:data1\" content=\"2 minuuttia\" \/>\n<script type=\"application\/ld+json\" class=\"yoast-schema-graph\">{\"@context\":\"https:\/\/schema.org\",\"@graph\":[{\"@type\":\"WebPage\",\"@id\":\"https:\/\/sey.fi\/kissa\/kissat\/yhteystiedot\/asiantuntijat\/\",\"url\":\"https:\/\/sey.fi\/kissa\/kissat\/yhteystiedot\/asiantuntijat\/\",\"name\":\"Asiantuntijat - Kissatieto\",\"isPartOf\":{\"@id\":\"https:\/\/sey.fi\/kissa\/#website\"},\"primaryImageOfPage\":{\"@id\":\"https:\/\/sey.fi\/kissa\/kissat\/yhteystiedot\/asiantuntijat\/#primaryimage\"},\"image\":{\"@id\":\"https:\/\/sey.fi\/kissa\/kissat\/yhteystiedot\/asiantuntijat\/#primaryimage\"},\"thumbnailUrl\":\"https:\/\/sey.fi\/wp-content\/uploads\/sites\/47\/2026\/02\/kissakannet5-scaled.jpg\",\"datePublished\":\"2019-12-09T13:59:38+00:00\",\"dateModified\":\"2026-02-24T23:46:57+00:00\",\"breadcrumb\":{\"@id\":\"https:\/\/sey.fi\/kissa\/kissat\/yhteystiedot\/asiantuntijat\/#breadcrumb\"},\"inLanguage\":\"fi\",\"potentialAction\":[{\"@type\":\"ReadAction\",\"target\":[\"https:\/\/sey.fi\/kissa\/kissat\/yhteystiedot\/asiantuntijat\/\"]}]},{\"@type\":\"ImageObject\",\"inLanguage\":\"fi\",\"@id\":\"https:\/\/sey.fi\/kissa\/kissat\/yhteystiedot\/asiantuntijat\/#primaryimage\",\"url\":\"https:\/\/sey.fi\/wp-content\/uploads\/sites\/47\/2026\/02\/kissakannet5-scaled.jpg\",\"contentUrl\":\"https:\/\/sey.fi\/wp-content\/uploads\/sites\/47\/2026\/02\/kissakannet5-scaled.jpg\",\"width\":2560,\"height\":1280,\"caption\":\"kissa-aiheisten kirjojen kansia\"},{\"@type\":\"BreadcrumbList\",\"@id\":\"https:\/\/sey.fi\/kissa\/kissat\/yhteystiedot\/asiantuntijat\/#breadcrumb\",\"itemListElement\":[{\"@type\":\"ListItem\",\"position\":1,\"name\":\"Home\",\"item\":\"https:\/\/sey.fi\/kissa\/\"},{\"@type\":\"ListItem\",\"position\":2,\"name\":\"Kissatieto\",\"item\":\"https:\/\/sey.fi\/kissa\/\"},{\"@type\":\"ListItem\",\"position\":3,\"name\":\"Yhteystiedot\",\"item\":\"https:\/\/sey.fi\/kissa\/kissat\/yhteystiedot\/\"},{\"@type\":\"ListItem\",\"position\":4,\"name\":\"Asiantuntijat\"}]},{\"@type\":\"WebSite\",\"@id\":\"https:\/\/sey.fi\/kissa\/#website\",\"url\":\"https:\/\/sey.fi\/kissa\/\",\"name\":\"Kissatieto\",\"description\":\"Uusi SEY J\u00e4senyhdistykset -sivusto\",\"potentialAction\":[{\"@type\":\"SearchAction\",\"target\":{\"@type\":\"EntryPoint\",\"urlTemplate\":\"https:\/\/sey.fi\/kissa\/?s={search_term_string}\"},\"query-input\":{\"@type\":\"PropertyValueSpecification\",\"valueRequired\":true,\"valueName\":\"search_term_string\"}}],\"inLanguage\":\"fi\"}]}<\/script>\n<!-- \/ Yoast SEO plugin. -->","yoast_head_json":{"title":"Asiantuntijat - Kissatieto","robots":{"index":"index","follow":"follow","max-snippet":"max-snippet:-1","max-image-preview":"max-image-preview:large","max-video-preview":"max-video-preview:-1"},"canonical":"https:\/\/sey.fi\/kissa\/kissat\/yhteystiedot\/asiantuntijat\/","og_locale":"fi_FI","og_type":"article","og_title":"Asiantuntijat - Kissatieto","og_description":"Kuvat kirjojen kansista: Art House, Docendo, SKS Kirjat, Adlibris Sivuston p\u00e4ivitys 2026 P\u00e4ivi Ylikorpi, tietokirjailija, el\u00e4inl\u00e4\u00e4k\u00e4riasematy\u00f6skentelyyn suuntautunut el\u00e4intenhoitaja ja el\u00e4intenhoitajaopiskelijoiden kouluttaja aikuiskoulutuskeskus Amiedussa. Ylikorvella on pitk\u00e4 ty\u00f6kokemus el\u00e4insuojeluteht\u00e4vist\u00e4 erityisesti kissojen parissa. Ylikorpi on kirjoittanut laajaa arvostelu- ja myyntimenestyst\u00e4 saavuttaneen Kissanhoidon k\u00e4sikirjan (2014), josta on ilmestym\u00e4ss\u00e4 viides, kauttaaltaan uudistettu painos vuonna 2026. H\u00e4n on my\u00f6s yksi [&hellip;]","og_url":"https:\/\/sey.fi\/kissa\/kissat\/yhteystiedot\/asiantuntijat\/","og_site_name":"Kissatieto","article_modified_time":"2026-02-24T23:46:57+00:00","og_image":[{"width":2560,"height":1280,"url":"https:\/\/sey.fi\/wp-content\/uploads\/sites\/47\/2026\/02\/kissakannet5-scaled.jpg","type":"image\/jpeg"}],"twitter_card":"summary_large_image","twitter_misc":{"Arvioitu lukuaika":"2 minuuttia"},"schema":{"@context":"https:\/\/schema.org","@graph":[{"@type":"WebPage","@id":"https:\/\/sey.fi\/kissa\/kissat\/yhteystiedot\/asiantuntijat\/","url":"https:\/\/sey.fi\/kissa\/kissat\/yhteystiedot\/asiantuntijat\/","name":"Asiantuntijat - Kissatieto","isPartOf":{"@id":"https:\/\/sey.fi\/kissa\/#website"},"primaryImageOfPage":{"@id":"https:\/\/sey.fi\/kissa\/kissat\/yhteystiedot\/asiantuntijat\/#primaryimage"},"image":{"@id":"https:\/\/sey.fi\/kissa\/kissat\/yhteystiedot\/asiantuntijat\/#primaryimage"},"thumbnailUrl":"https:\/\/sey.fi\/wp-content\/uploads\/sites\/47\/2026\/02\/kissakannet5-scaled.jpg","datePublished":"2019-12-09T13:59:38+00:00","dateModified":"2026-02-24T23:46:57+00:00","breadcrumb":{"@id":"https:\/\/sey.fi\/kissa\/kissat\/yhteystiedot\/asiantuntijat\/#breadcrumb"},"inLanguage":"fi","potentialAction":[{"@type":"ReadAction","target":["https:\/\/sey.fi\/kissa\/kissat\/yhteystiedot\/asiantuntijat\/"]}]},{"@type":"ImageObject","inLanguage":"fi","@id":"https:\/\/sey.fi\/kissa\/kissat\/yhteystiedot\/asiantuntijat\/#primaryimage","url":"https:\/\/sey.fi\/wp-content\/uploads\/sites\/47\/2026\/02\/kissakannet5-scaled.jpg","contentUrl":"https:\/\/sey.fi\/wp-content\/uploads\/sites\/47\/2026\/02\/kissakannet5-scaled.jpg","width":2560,"height":1280,"caption":"kissa-aiheisten kirjojen kansia"},{"@type":"BreadcrumbList","@id":"https:\/\/sey.fi\/kissa\/kissat\/yhteystiedot\/asiantuntijat\/#breadcrumb","itemListElement":[{"@type":"ListItem","position":1,"name":"Home","item":"https:\/\/sey.fi\/kissa\/"},{"@type":"ListItem","position":2,"name":"Kissatieto","item":"https:\/\/sey.fi\/kissa\/"},{"@type":"ListItem","position":3,"name":"Yhteystiedot","item":"https:\/\/sey.fi\/kissa\/kissat\/yhteystiedot\/"},{"@type":"ListItem","position":4,"name":"Asiantuntijat"}]},{"@type":"WebSite","@id":"https:\/\/sey.fi\/kissa\/#website","url":"https:\/\/sey.fi\/kissa\/","name":"Kissatieto","description":"Uusi SEY J\u00e4senyhdistykset -sivusto","potentialAction":[{"@type":"SearchAction","target":{"@type":"EntryPoint","urlTemplate":"https:\/\/sey.fi\/kissa\/?s={search_term_string}"},"query-input":{"@type":"PropertyValueSpecification","valueRequired":true,"valueName":"search_term_string"}}],"inLanguage":"fi"}]}},"_links":{"self":[{"href":"https:\/\/sey.fi\/kissa\/wp-json\/wp\/v2\/pages\/253","targetHints":{"allow":["GET"]}}],"collection":[{"href":"https:\/\/sey.fi\/kissa\/wp-json\/wp\/v2\/pages"}],"about":[{"href":"https:\/\/sey.fi\/kissa\/wp-json\/wp\/v2\/types\/page"}],"author":[{"embeddable":true,"href":"https:\/\/sey.fi\/kissa\/wp-json\/wp\/v2\/users\/8"}],"replies":[{"embeddable":true,"href":"https:\/\/sey.fi\/kissa\/wp-json\/wp\/v2\/comments?post=253"}],"version-history":[{"count":5,"href":"https:\/\/sey.fi\/kissa\/wp-json\/wp\/v2\/pages\/253\/revisions"}],"predecessor-version":[{"id":539,"href":"https:\/\/sey.fi\/kissa\/wp-json\/wp\/v2\/pages\/253\/revisions\/539"}],"up":[{"embeddable":true,"href":"https:\/\/sey.fi\/kissa\/wp-json\/wp\/v2\/pages\/251"}],"wp:featuredmedia":[{"embeddable":true,"href":"https:\/\/sey.fi\/kissa\/wp-json\/wp\/v2\/media\/540"}],"wp:attachment":[{"href":"https:\/\/sey.fi\/kissa\/wp-json\/wp\/v2\/media?parent=253"}],"curies":[{"name":"wp","href":"https:\/\/api.w.org\/{rel}","templated":true}]}}