{"id":255,"date":"2019-12-09T16:00:40","date_gmt":"2019-12-09T14:00:40","guid":{"rendered":"http:\/\/srvr10.xetpoint.com\/~seyfi\/kissatieto\/?page_id=255"},"modified":"2026-02-25T00:54:10","modified_gmt":"2026-02-24T22:54:10","slug":"linkkeja-ja-luettavaa","status":"publish","type":"page","link":"https:\/\/sey.fi\/kissa\/kissat\/yhteystiedot\/linkkeja-ja-luettavaa\/","title":{"rendered":"Linkkej\u00e4 ja luettavaa"},"content":{"rendered":"\n<p class=\"has-text-align-right has-small-font-size\"><em>Kuva: Jenni Pasanen<\/em><\/p>\n\n\n\n<h2 class=\"wp-block-heading\">Kirjallisuus<\/h2>\n\n\n\n<p>Anturaniemi Johanna, Heikkinen Emmi ja Ylikorpi P\u00e4ivi: Mit\u00e4 kuppiin kissalle? Yksil\u00f6llinen ruokinta l\u00e4pi el\u00e4m\u00e4n<\/p>\n\n\n\n<p>Pam Johnson-Bennett: Think like cat<\/p>\n\n\n\n<p>Minna Kein\u00e4nen, Harri Nyman: Kissojen Suomi \u2013 Katit historian poluilla<\/p>\n\n\n\n<p>David Taylor: Kissojen maailma<\/p>\n\n\n\n<p>Helena Telk\u00e4nranta: Millaista on olla kissa?<\/p>\n\n\n\n<p>Helena Telk\u00e4nranta: Matka kissan mieleen<\/p>\n\n\n\n<p>P\u00e4ivi Ylikorpi: Kissanhoidon k\u00e4sikirja<\/p>\n\n\n\n<h2 class=\"wp-block-heading\">Nettisivuja<\/h2>\n\n\n\n<p>Afrikanvillikissasta: <br><a href=\"http:\/\/www.sa-venues.com\/wildlife\/african-wild-cat.htm\" target=\"_blank\" rel=\"noreferrer noopener\">http:\/\/www.sa-venues.com\/wildlife\/african-wild-cat.htm<\/a><\/p>\n\n\n\n<p>Positive Cattitudes \u2013 kissan aktivoimiseen ja opettamiseen liittyvi\u00e4 videoita: <br><a href=\"http:\/\/www.youtube.com\/user\/PositiveCattitudes\/videos?sort=dd&amp;view=0&amp;shelf_index=0\" target=\"_blank\" rel=\"noreferrer noopener\">http:\/\/www.youtube.com\/user\/PositiveCattitudes\/videos?sort=dd&amp;view=0&amp;shelf_index=0<\/a><\/p>\n\n\n\n<p><\/p>\n","protected":false},"excerpt":{"rendered":"<p>Kuva: Jenni Pasanen Kirjallisuus Anturaniemi Johanna, Heikkinen Emmi ja Ylikorpi P\u00e4ivi: Mit\u00e4 kuppiin kissalle? Yksil\u00f6llinen ruokinta l\u00e4pi el\u00e4m\u00e4n Pam Johnson-Bennett: Think like cat Minna Kein\u00e4nen, Harri Nyman: Kissojen Suomi \u2013 Katit historian poluilla David Taylor: Kissojen maailma Helena Telk\u00e4nranta: Millaista on olla kissa? Helena Telk\u00e4nranta: Matka kissan mieleen P\u00e4ivi Ylikorpi: Kissanhoidon k\u00e4sikirja Nettisivuja Afrikanvillikissasta: http:\/\/www.sa-venues.com\/wildlife\/african-wild-cat.htm [&hellip;]<\/p>\n","protected":false},"author":8,"featured_media":526,"parent":251,"menu_order":0,"comment_status":"closed","ping_status":"closed","template":"","meta":{"_acf_changed":false,"footnotes":""},"class_list":["post-255","page","type-page","status-publish","has-post-thumbnail","hentry"],"acf":[],"yoast_head":"<!-- This site is optimized with the Yoast SEO plugin v27.1.1 - https:\/\/yoast.com\/product\/yoast-seo-wordpress\/ -->\n<title>Linkkej\u00e4 ja luettavaa - Kissatieto<\/title>\n<meta name=\"robots\" content=\"index, follow, max-snippet:-1, max-image-preview:large, max-video-preview:-1\" \/>\n<link rel=\"canonical\" href=\"https:\/\/sey.fi\/kissa\/kissat\/yhteystiedot\/linkkeja-ja-luettavaa\/\" \/>\n<meta property=\"og:locale\" content=\"fi_FI\" \/>\n<meta property=\"og:type\" content=\"article\" \/>\n<meta property=\"og:title\" content=\"Linkkej\u00e4 ja luettavaa - Kissatieto\" \/>\n<meta property=\"og:description\" content=\"Kuva: Jenni Pasanen Kirjallisuus Anturaniemi Johanna, Heikkinen Emmi ja Ylikorpi P\u00e4ivi: Mit\u00e4 kuppiin kissalle? Yksil\u00f6llinen ruokinta l\u00e4pi el\u00e4m\u00e4n Pam Johnson-Bennett: Think like cat Minna Kein\u00e4nen, Harri Nyman: Kissojen Suomi \u2013 Katit historian poluilla David Taylor: Kissojen maailma Helena Telk\u00e4nranta: Millaista on olla kissa? Helena Telk\u00e4nranta: Matka kissan mieleen P\u00e4ivi Ylikorpi: Kissanhoidon k\u00e4sikirja Nettisivuja Afrikanvillikissasta: http:\/\/www.sa-venues.com\/wildlife\/african-wild-cat.htm [&hellip;]\" \/>\n<meta property=\"og:url\" content=\"https:\/\/sey.fi\/kissa\/kissat\/yhteystiedot\/linkkeja-ja-luettavaa\/\" \/>\n<meta property=\"og:site_name\" content=\"Kissatieto\" \/>\n<meta property=\"article:modified_time\" content=\"2026-02-24T22:54:10+00:00\" \/>\n<meta property=\"og:image\" content=\"https:\/\/sey.fi\/wp-content\/uploads\/sites\/47\/2026\/02\/kissa-ja-tietokone-scaled.jpg\" \/>\n\t<meta property=\"og:image:width\" content=\"2560\" \/>\n\t<meta property=\"og:image:height\" content=\"1280\" \/>\n\t<meta property=\"og:image:type\" content=\"image\/jpeg\" \/>\n<meta name=\"twitter:card\" content=\"summary_large_image\" \/>\n<meta name=\"twitter:label1\" content=\"Arvioitu lukuaika\" \/>\n\t<meta name=\"twitter:data1\" content=\"1 minuutti\" \/>\n<script type=\"application\/ld+json\" class=\"yoast-schema-graph\">{\"@context\":\"https:\/\/schema.org\",\"@graph\":[{\"@type\":\"WebPage\",\"@id\":\"https:\/\/sey.fi\/kissa\/kissat\/yhteystiedot\/linkkeja-ja-luettavaa\/\",\"url\":\"https:\/\/sey.fi\/kissa\/kissat\/yhteystiedot\/linkkeja-ja-luettavaa\/\",\"name\":\"Linkkej\u00e4 ja luettavaa - Kissatieto\",\"isPartOf\":{\"@id\":\"https:\/\/sey.fi\/kissa\/#website\"},\"primaryImageOfPage\":{\"@id\":\"https:\/\/sey.fi\/kissa\/kissat\/yhteystiedot\/linkkeja-ja-luettavaa\/#primaryimage\"},\"image\":{\"@id\":\"https:\/\/sey.fi\/kissa\/kissat\/yhteystiedot\/linkkeja-ja-luettavaa\/#primaryimage\"},\"thumbnailUrl\":\"https:\/\/sey.fi\/wp-content\/uploads\/sites\/47\/2026\/02\/kissa-ja-tietokone-scaled.jpg\",\"datePublished\":\"2019-12-09T14:00:40+00:00\",\"dateModified\":\"2026-02-24T22:54:10+00:00\",\"breadcrumb\":{\"@id\":\"https:\/\/sey.fi\/kissa\/kissat\/yhteystiedot\/linkkeja-ja-luettavaa\/#breadcrumb\"},\"inLanguage\":\"fi\",\"potentialAction\":[{\"@type\":\"ReadAction\",\"target\":[\"https:\/\/sey.fi\/kissa\/kissat\/yhteystiedot\/linkkeja-ja-luettavaa\/\"]}]},{\"@type\":\"ImageObject\",\"inLanguage\":\"fi\",\"@id\":\"https:\/\/sey.fi\/kissa\/kissat\/yhteystiedot\/linkkeja-ja-luettavaa\/#primaryimage\",\"url\":\"https:\/\/sey.fi\/wp-content\/uploads\/sites\/47\/2026\/02\/kissa-ja-tietokone-scaled.jpg\",\"contentUrl\":\"https:\/\/sey.fi\/wp-content\/uploads\/sites\/47\/2026\/02\/kissa-ja-tietokone-scaled.jpg\",\"width\":2560,\"height\":1280,\"caption\":\"Valkoisen kissan l\u00e4hikuva kasvoista taustalla kannettava tietokone\"},{\"@type\":\"BreadcrumbList\",\"@id\":\"https:\/\/sey.fi\/kissa\/kissat\/yhteystiedot\/linkkeja-ja-luettavaa\/#breadcrumb\",\"itemListElement\":[{\"@type\":\"ListItem\",\"position\":1,\"name\":\"Home\",\"item\":\"https:\/\/sey.fi\/kissa\/\"},{\"@type\":\"ListItem\",\"position\":2,\"name\":\"Kissatieto\",\"item\":\"https:\/\/sey.fi\/kissa\/\"},{\"@type\":\"ListItem\",\"position\":3,\"name\":\"Yhteystiedot\",\"item\":\"https:\/\/sey.fi\/kissa\/kissat\/yhteystiedot\/\"},{\"@type\":\"ListItem\",\"position\":4,\"name\":\"Linkkej\u00e4 ja luettavaa\"}]},{\"@type\":\"WebSite\",\"@id\":\"https:\/\/sey.fi\/kissa\/#website\",\"url\":\"https:\/\/sey.fi\/kissa\/\",\"name\":\"Kissatieto\",\"description\":\"Uusi SEY J\u00e4senyhdistykset -sivusto\",\"potentialAction\":[{\"@type\":\"SearchAction\",\"target\":{\"@type\":\"EntryPoint\",\"urlTemplate\":\"https:\/\/sey.fi\/kissa\/?s={search_term_string}\"},\"query-input\":{\"@type\":\"PropertyValueSpecification\",\"valueRequired\":true,\"valueName\":\"search_term_string\"}}],\"inLanguage\":\"fi\"}]}<\/script>\n<!-- \/ Yoast SEO plugin. -->","yoast_head_json":{"title":"Linkkej\u00e4 ja luettavaa - Kissatieto","robots":{"index":"index","follow":"follow","max-snippet":"max-snippet:-1","max-image-preview":"max-image-preview:large","max-video-preview":"max-video-preview:-1"},"canonical":"https:\/\/sey.fi\/kissa\/kissat\/yhteystiedot\/linkkeja-ja-luettavaa\/","og_locale":"fi_FI","og_type":"article","og_title":"Linkkej\u00e4 ja luettavaa - Kissatieto","og_description":"Kuva: Jenni Pasanen Kirjallisuus Anturaniemi Johanna, Heikkinen Emmi ja Ylikorpi P\u00e4ivi: Mit\u00e4 kuppiin kissalle? Yksil\u00f6llinen ruokinta l\u00e4pi el\u00e4m\u00e4n Pam Johnson-Bennett: Think like cat Minna Kein\u00e4nen, Harri Nyman: Kissojen Suomi \u2013 Katit historian poluilla David Taylor: Kissojen maailma Helena Telk\u00e4nranta: Millaista on olla kissa? Helena Telk\u00e4nranta: Matka kissan mieleen P\u00e4ivi Ylikorpi: Kissanhoidon k\u00e4sikirja Nettisivuja Afrikanvillikissasta: http:\/\/www.sa-venues.com\/wildlife\/african-wild-cat.htm [&hellip;]","og_url":"https:\/\/sey.fi\/kissa\/kissat\/yhteystiedot\/linkkeja-ja-luettavaa\/","og_site_name":"Kissatieto","article_modified_time":"2026-02-24T22:54:10+00:00","og_image":[{"width":2560,"height":1280,"url":"https:\/\/sey.fi\/wp-content\/uploads\/sites\/47\/2026\/02\/kissa-ja-tietokone-scaled.jpg","type":"image\/jpeg"}],"twitter_card":"summary_large_image","twitter_misc":{"Arvioitu lukuaika":"1 minuutti"},"schema":{"@context":"https:\/\/schema.org","@graph":[{"@type":"WebPage","@id":"https:\/\/sey.fi\/kissa\/kissat\/yhteystiedot\/linkkeja-ja-luettavaa\/","url":"https:\/\/sey.fi\/kissa\/kissat\/yhteystiedot\/linkkeja-ja-luettavaa\/","name":"Linkkej\u00e4 ja luettavaa - Kissatieto","isPartOf":{"@id":"https:\/\/sey.fi\/kissa\/#website"},"primaryImageOfPage":{"@id":"https:\/\/sey.fi\/kissa\/kissat\/yhteystiedot\/linkkeja-ja-luettavaa\/#primaryimage"},"image":{"@id":"https:\/\/sey.fi\/kissa\/kissat\/yhteystiedot\/linkkeja-ja-luettavaa\/#primaryimage"},"thumbnailUrl":"https:\/\/sey.fi\/wp-content\/uploads\/sites\/47\/2026\/02\/kissa-ja-tietokone-scaled.jpg","datePublished":"2019-12-09T14:00:40+00:00","dateModified":"2026-02-24T22:54:10+00:00","breadcrumb":{"@id":"https:\/\/sey.fi\/kissa\/kissat\/yhteystiedot\/linkkeja-ja-luettavaa\/#breadcrumb"},"inLanguage":"fi","potentialAction":[{"@type":"ReadAction","target":["https:\/\/sey.fi\/kissa\/kissat\/yhteystiedot\/linkkeja-ja-luettavaa\/"]}]},{"@type":"ImageObject","inLanguage":"fi","@id":"https:\/\/sey.fi\/kissa\/kissat\/yhteystiedot\/linkkeja-ja-luettavaa\/#primaryimage","url":"https:\/\/sey.fi\/wp-content\/uploads\/sites\/47\/2026\/02\/kissa-ja-tietokone-scaled.jpg","contentUrl":"https:\/\/sey.fi\/wp-content\/uploads\/sites\/47\/2026\/02\/kissa-ja-tietokone-scaled.jpg","width":2560,"height":1280,"caption":"Valkoisen kissan l\u00e4hikuva kasvoista taustalla kannettava tietokone"},{"@type":"BreadcrumbList","@id":"https:\/\/sey.fi\/kissa\/kissat\/yhteystiedot\/linkkeja-ja-luettavaa\/#breadcrumb","itemListElement":[{"@type":"ListItem","position":1,"name":"Home","item":"https:\/\/sey.fi\/kissa\/"},{"@type":"ListItem","position":2,"name":"Kissatieto","item":"https:\/\/sey.fi\/kissa\/"},{"@type":"ListItem","position":3,"name":"Yhteystiedot","item":"https:\/\/sey.fi\/kissa\/kissat\/yhteystiedot\/"},{"@type":"ListItem","position":4,"name":"Linkkej\u00e4 ja luettavaa"}]},{"@type":"WebSite","@id":"https:\/\/sey.fi\/kissa\/#website","url":"https:\/\/sey.fi\/kissa\/","name":"Kissatieto","description":"Uusi SEY J\u00e4senyhdistykset -sivusto","potentialAction":[{"@type":"SearchAction","target":{"@type":"EntryPoint","urlTemplate":"https:\/\/sey.fi\/kissa\/?s={search_term_string}"},"query-input":{"@type":"PropertyValueSpecification","valueRequired":true,"valueName":"search_term_string"}}],"inLanguage":"fi"}]}},"_links":{"self":[{"href":"https:\/\/sey.fi\/kissa\/wp-json\/wp\/v2\/pages\/255","targetHints":{"allow":["GET"]}}],"collection":[{"href":"https:\/\/sey.fi\/kissa\/wp-json\/wp\/v2\/pages"}],"about":[{"href":"https:\/\/sey.fi\/kissa\/wp-json\/wp\/v2\/types\/page"}],"author":[{"embeddable":true,"href":"https:\/\/sey.fi\/kissa\/wp-json\/wp\/v2\/users\/8"}],"replies":[{"embeddable":true,"href":"https:\/\/sey.fi\/kissa\/wp-json\/wp\/v2\/comments?post=255"}],"version-history":[{"count":3,"href":"https:\/\/sey.fi\/kissa\/wp-json\/wp\/v2\/pages\/255\/revisions"}],"predecessor-version":[{"id":528,"href":"https:\/\/sey.fi\/kissa\/wp-json\/wp\/v2\/pages\/255\/revisions\/528"}],"up":[{"embeddable":true,"href":"https:\/\/sey.fi\/kissa\/wp-json\/wp\/v2\/pages\/251"}],"wp:featuredmedia":[{"embeddable":true,"href":"https:\/\/sey.fi\/kissa\/wp-json\/wp\/v2\/media\/526"}],"wp:attachment":[{"href":"https:\/\/sey.fi\/kissa\/wp-json\/wp\/v2\/media?parent=255"}],"curies":[{"name":"wp","href":"https:\/\/api.w.org\/{rel}","templated":true}]}}