{"id":27,"date":"2019-12-09T12:50:34","date_gmt":"2019-12-09T10:50:34","guid":{"rendered":"http:\/\/srvr10.xetpoint.com\/~seyfi\/kissatieto\/?page_id=27"},"modified":"2026-01-22T17:57:37","modified_gmt":"2026-01-22T15:57:37","slug":"kissa-ja-muut-kissaelaimet","status":"publish","type":"page","link":"https:\/\/sey.fi\/kissa\/kissat\/kotikissan-historia\/kissa-ja-muut-kissaelaimet\/","title":{"rendered":"Kissa ja muut kissael\u00e4imet"},"content":{"rendered":"\n<p><em>Ilves on Suomen ainoa luonnonvarainen kissael\u00e4in.&nbsp;Kuva:&nbsp;Sonja Nurmi-Tuominen<\/em><\/p>\n\n\n\n<p>Kotikissa kuuluu kissael\u00e4inten heimoon. Kissael\u00e4imille on yhteist\u00e4 se, ett\u00e4 lihaa sy\u00f6vist\u00e4 nis\u00e4kk\u00e4ist\u00e4 ne ovat kaikkein ehdottomimmin lihansy\u00f6ji\u00e4. Kissael\u00e4inten heimoon kuuluvat <em>Panthera<\/em>-suvun isot kissapedot, kuten leijonat ja tiikerit, <em>Acinonyx<\/em>-suvun gepardit ja pienikokoisimmat <em>Felidae<\/em>-heimon j\u00e4senet,<em> Felis<\/em>-suvun kissat, jonka tutuin edustaja on oma kotikissamme.<\/p>\n\n\n\n<p>Kesykissa (<em>Felis silvestris catus<\/em>) polveutuu afrikanvillikissasta (<em>Felis silvestris lybica<\/em>).\n Vaikka lajien ulkon\u00e4k\u00f6 poikkeaakin jonkin verran toisistaan, ovat ne \ngeneettisesti hyvin samankaltaisia. Kotikissa ja afrikanvillikissa \nvoivat my\u00f6s pariutua kesken\u00e4\u00e4n ja saada lis\u00e4\u00e4ntymiskykyisi\u00e4 j\u00e4lkel\u00e4isi\u00e4.\n Lajia uhkaakin sekaantuminen kotikissaan. Puhtaita afrikanvillikissoja \nl\u00f6ytyykin en\u00e4\u00e4 syrj\u00e4seuduilta, kaukaa ihmisasutuksesta.<\/p>\n\n\n\n<p>Koska afrikanvillikissa ja kotikissa ovat edelleen l\u00e4hes sama \nel\u00e4inlaji, voimme oppia lemmikkikissasta paljon tutustumalla \nvillikissaan. Molemmat ovat petoel\u00e4imi\u00e4, joiden luontaista ravintoa ovat\n hiiret, rotat ja muut pikkunis\u00e4kk\u00e4\u00e4t. Ne sy\u00f6v\u00e4t my\u00f6s lintuja, \nsammakkoel\u00e4imi\u00e4, matelijoita ja hy\u00f6nteisi\u00e4.<\/p>\n\n\n\n<p>Vaikka villikissa on petoel\u00e4in, se on my\u00f6s muiden el\u00e4inten saalis. \nErityisesti nuoria villikissoja uhkaavat ketut, sudet, petolinnut ja \nmuut kissael\u00e4imet. T\u00e4m\u00e4 on j\u00e4tt\u00e4nyt j\u00e4lkens\u00e4 my\u00f6s kotikissan \nk\u00e4ytt\u00e4ytymiseen. Kotikissa saattaa s\u00e4ik\u00e4ht\u00e4\u00e4 herk\u00e4sti ja paeta tai \ntuntiessaan olevansa ansassa my\u00f6s puolustautua raivokkaasti.<\/p>\n\n\n\n<p>Kotikissa on perinyt my\u00f6s osan sosiaalisesta k\u00e4ytt\u00e4ytymisest\u00e4\u00e4n \nesi-isilt\u00e4\u00e4n. Kissael\u00e4imist\u00e4 vain leijonat el\u00e4v\u00e4t laumoissa. \nAfrikanvillikissakin tapaa pentuajan j\u00e4lkeen lajitovereitaan l\u00e4hinn\u00e4 \nparittelun aikaan. Kotikissa kuitenkin usein nauttii lajitoverin \nseurasta. Historia yksin\u00e4isen\u00e4 mets\u00e4st\u00e4j\u00e4n\u00e4 on kuitenkin j\u00e4tt\u00e4nyt \nj\u00e4lkens\u00e4 kissan viestint\u00e4\u00e4n. Yhteisty\u00f6 mets\u00e4st\u00e4ess\u00e4 on hionut niin \nkoiran kuin ihmisenkin viestinn\u00e4n suurieleisemm\u00e4ksi kuin kissalla. \nKissan viestit ovatkin usein nopeita ja hienovaraisia, mik\u00e4 vaatii \nihmiselt\u00e4 tarkkaa silm\u00e4\u00e4 ja korvaa.<\/p>\n\n\n\n<p>My\u00f6s kotioloissa toisinaan h\u00e4iritsev\u00e4ksi koettu reviirik\u00e4ytt\u00e4ytyminen\n on peruja villikissalta. Jotta kissa pystyy luonnonvaraisena karussa \nymp\u00e4rist\u00f6ss\u00e4 el\u00e4tt\u00e4m\u00e4\u00e4n itsens\u00e4 saalistamalla, se tarvitsee riitt\u00e4v\u00e4n \nison \u201doman alueen\u201d eli reviirin, jolta se h\u00e4\u00e4t\u00e4\u00e4 kilpailijat pois. \nKertoakseen muille kissoille omistusoikeudestaan kissa merkkaa alueensa \nvirtsalla ja ulosteella, poskien ja polkuanturoiden hajurauhasilla sek\u00e4 \nkynsim\u00e4ll\u00e4 merkkej\u00e4 pystysuoriin pintoihin.<\/p>\n","protected":false},"excerpt":{"rendered":"<p>Ilves on Suomen ainoa luonnonvarainen kissael\u00e4in.&nbsp;Kuva:&nbsp;Sonja Nurmi-Tuominen Kotikissa kuuluu kissael\u00e4inten heimoon. Kissael\u00e4imille on yhteist\u00e4 se, ett\u00e4 lihaa sy\u00f6vist\u00e4 nis\u00e4kk\u00e4ist\u00e4 ne ovat kaikkein ehdottomimmin lihansy\u00f6ji\u00e4. Kissael\u00e4inten heimoon kuuluvat Panthera-suvun isot kissapedot, kuten leijonat ja tiikerit, Acinonyx-suvun gepardit ja pienikokoisimmat Felidae-heimon j\u00e4senet, Felis-suvun kissat, jonka tutuin edustaja on oma kotikissamme. Kesykissa (Felis silvestris catus) polveutuu afrikanvillikissasta (Felis [&hellip;]<\/p>\n","protected":false},"author":8,"featured_media":28,"parent":13,"menu_order":0,"comment_status":"closed","ping_status":"closed","template":"","meta":{"_acf_changed":false,"footnotes":""},"class_list":["post-27","page","type-page","status-publish","has-post-thumbnail","hentry"],"acf":[],"yoast_head":"<!-- This site is optimized with the Yoast SEO plugin v27.1.1 - https:\/\/yoast.com\/product\/yoast-seo-wordpress\/ -->\n<title>Kissa ja muut kissael\u00e4imet - Kissatieto<\/title>\n<meta name=\"robots\" content=\"index, follow, max-snippet:-1, max-image-preview:large, max-video-preview:-1\" \/>\n<link rel=\"canonical\" href=\"https:\/\/sey.fi\/kissa\/kissat\/kotikissan-historia\/kissa-ja-muut-kissaelaimet\/\" \/>\n<meta property=\"og:locale\" content=\"fi_FI\" \/>\n<meta property=\"og:type\" content=\"article\" \/>\n<meta property=\"og:title\" content=\"Kissa ja muut kissael\u00e4imet - Kissatieto\" \/>\n<meta property=\"og:description\" content=\"Ilves on Suomen ainoa luonnonvarainen kissael\u00e4in.&nbsp;Kuva:&nbsp;Sonja Nurmi-Tuominen Kotikissa kuuluu kissael\u00e4inten heimoon. Kissael\u00e4imille on yhteist\u00e4 se, ett\u00e4 lihaa sy\u00f6vist\u00e4 nis\u00e4kk\u00e4ist\u00e4 ne ovat kaikkein ehdottomimmin lihansy\u00f6ji\u00e4. Kissael\u00e4inten heimoon kuuluvat Panthera-suvun isot kissapedot, kuten leijonat ja tiikerit, Acinonyx-suvun gepardit ja pienikokoisimmat Felidae-heimon j\u00e4senet, Felis-suvun kissat, jonka tutuin edustaja on oma kotikissamme. Kesykissa (Felis silvestris catus) polveutuu afrikanvillikissasta (Felis [&hellip;]\" \/>\n<meta property=\"og:url\" content=\"https:\/\/sey.fi\/kissa\/kissat\/kotikissan-historia\/kissa-ja-muut-kissaelaimet\/\" \/>\n<meta property=\"og:site_name\" content=\"Kissatieto\" \/>\n<meta property=\"article:modified_time\" content=\"2026-01-22T15:57:37+00:00\" \/>\n<meta property=\"og:image\" content=\"https:\/\/sey.fi\/wp-content\/uploads\/sites\/47\/2019\/12\/ilves_sonja_nurmi-tuominen.jpg\" \/>\n\t<meta property=\"og:image:width\" content=\"410\" \/>\n\t<meta property=\"og:image:height\" content=\"273\" \/>\n\t<meta property=\"og:image:type\" content=\"image\/jpeg\" \/>\n<meta name=\"twitter:card\" content=\"summary_large_image\" \/>\n<meta name=\"twitter:label1\" content=\"Arvioitu lukuaika\" \/>\n\t<meta name=\"twitter:data1\" content=\"2 minuuttia\" \/>\n<script type=\"application\/ld+json\" class=\"yoast-schema-graph\">{\"@context\":\"https:\/\/schema.org\",\"@graph\":[{\"@type\":\"WebPage\",\"@id\":\"https:\/\/sey.fi\/kissa\/kissat\/kotikissan-historia\/kissa-ja-muut-kissaelaimet\/\",\"url\":\"https:\/\/sey.fi\/kissa\/kissat\/kotikissan-historia\/kissa-ja-muut-kissaelaimet\/\",\"name\":\"Kissa ja muut kissael\u00e4imet - Kissatieto\",\"isPartOf\":{\"@id\":\"https:\/\/sey.fi\/kissa\/#website\"},\"primaryImageOfPage\":{\"@id\":\"https:\/\/sey.fi\/kissa\/kissat\/kotikissan-historia\/kissa-ja-muut-kissaelaimet\/#primaryimage\"},\"image\":{\"@id\":\"https:\/\/sey.fi\/kissa\/kissat\/kotikissan-historia\/kissa-ja-muut-kissaelaimet\/#primaryimage\"},\"thumbnailUrl\":\"https:\/\/sey.fi\/wp-content\/uploads\/sites\/47\/2019\/12\/ilves_sonja_nurmi-tuominen.jpg\",\"datePublished\":\"2019-12-09T10:50:34+00:00\",\"dateModified\":\"2026-01-22T15:57:37+00:00\",\"breadcrumb\":{\"@id\":\"https:\/\/sey.fi\/kissa\/kissat\/kotikissan-historia\/kissa-ja-muut-kissaelaimet\/#breadcrumb\"},\"inLanguage\":\"fi\",\"potentialAction\":[{\"@type\":\"ReadAction\",\"target\":[\"https:\/\/sey.fi\/kissa\/kissat\/kotikissan-historia\/kissa-ja-muut-kissaelaimet\/\"]}]},{\"@type\":\"ImageObject\",\"inLanguage\":\"fi\",\"@id\":\"https:\/\/sey.fi\/kissa\/kissat\/kotikissan-historia\/kissa-ja-muut-kissaelaimet\/#primaryimage\",\"url\":\"https:\/\/sey.fi\/wp-content\/uploads\/sites\/47\/2019\/12\/ilves_sonja_nurmi-tuominen.jpg\",\"contentUrl\":\"https:\/\/sey.fi\/wp-content\/uploads\/sites\/47\/2019\/12\/ilves_sonja_nurmi-tuominen.jpg\",\"width\":410,\"height\":273,\"caption\":\"Ilves on Suomen ainoa luonnonvarainen kissael\u00e4in. Kuva: Sonja Nurmi-Tuominen\"},{\"@type\":\"BreadcrumbList\",\"@id\":\"https:\/\/sey.fi\/kissa\/kissat\/kotikissan-historia\/kissa-ja-muut-kissaelaimet\/#breadcrumb\",\"itemListElement\":[{\"@type\":\"ListItem\",\"position\":1,\"name\":\"Home\",\"item\":\"https:\/\/sey.fi\/kissa\/\"},{\"@type\":\"ListItem\",\"position\":2,\"name\":\"Kissatieto\",\"item\":\"https:\/\/sey.fi\/kissa\/\"},{\"@type\":\"ListItem\",\"position\":3,\"name\":\"Kotikissan historia \u2013 Afrikan savanneilta kotisohvalle\",\"item\":\"https:\/\/sey.fi\/kissa\/kissat\/kotikissan-historia\/\"},{\"@type\":\"ListItem\",\"position\":4,\"name\":\"Kissa ja muut kissael\u00e4imet\"}]},{\"@type\":\"WebSite\",\"@id\":\"https:\/\/sey.fi\/kissa\/#website\",\"url\":\"https:\/\/sey.fi\/kissa\/\",\"name\":\"Kissatieto\",\"description\":\"Uusi SEY J\u00e4senyhdistykset -sivusto\",\"potentialAction\":[{\"@type\":\"SearchAction\",\"target\":{\"@type\":\"EntryPoint\",\"urlTemplate\":\"https:\/\/sey.fi\/kissa\/?s={search_term_string}\"},\"query-input\":{\"@type\":\"PropertyValueSpecification\",\"valueRequired\":true,\"valueName\":\"search_term_string\"}}],\"inLanguage\":\"fi\"}]}<\/script>\n<!-- \/ Yoast SEO plugin. -->","yoast_head_json":{"title":"Kissa ja muut kissael\u00e4imet - Kissatieto","robots":{"index":"index","follow":"follow","max-snippet":"max-snippet:-1","max-image-preview":"max-image-preview:large","max-video-preview":"max-video-preview:-1"},"canonical":"https:\/\/sey.fi\/kissa\/kissat\/kotikissan-historia\/kissa-ja-muut-kissaelaimet\/","og_locale":"fi_FI","og_type":"article","og_title":"Kissa ja muut kissael\u00e4imet - Kissatieto","og_description":"Ilves on Suomen ainoa luonnonvarainen kissael\u00e4in.&nbsp;Kuva:&nbsp;Sonja Nurmi-Tuominen Kotikissa kuuluu kissael\u00e4inten heimoon. Kissael\u00e4imille on yhteist\u00e4 se, ett\u00e4 lihaa sy\u00f6vist\u00e4 nis\u00e4kk\u00e4ist\u00e4 ne ovat kaikkein ehdottomimmin lihansy\u00f6ji\u00e4. Kissael\u00e4inten heimoon kuuluvat Panthera-suvun isot kissapedot, kuten leijonat ja tiikerit, Acinonyx-suvun gepardit ja pienikokoisimmat Felidae-heimon j\u00e4senet, Felis-suvun kissat, jonka tutuin edustaja on oma kotikissamme. Kesykissa (Felis silvestris catus) polveutuu afrikanvillikissasta (Felis [&hellip;]","og_url":"https:\/\/sey.fi\/kissa\/kissat\/kotikissan-historia\/kissa-ja-muut-kissaelaimet\/","og_site_name":"Kissatieto","article_modified_time":"2026-01-22T15:57:37+00:00","og_image":[{"width":410,"height":273,"url":"https:\/\/sey.fi\/wp-content\/uploads\/sites\/47\/2019\/12\/ilves_sonja_nurmi-tuominen.jpg","type":"image\/jpeg"}],"twitter_card":"summary_large_image","twitter_misc":{"Arvioitu lukuaika":"2 minuuttia"},"schema":{"@context":"https:\/\/schema.org","@graph":[{"@type":"WebPage","@id":"https:\/\/sey.fi\/kissa\/kissat\/kotikissan-historia\/kissa-ja-muut-kissaelaimet\/","url":"https:\/\/sey.fi\/kissa\/kissat\/kotikissan-historia\/kissa-ja-muut-kissaelaimet\/","name":"Kissa ja muut kissael\u00e4imet - Kissatieto","isPartOf":{"@id":"https:\/\/sey.fi\/kissa\/#website"},"primaryImageOfPage":{"@id":"https:\/\/sey.fi\/kissa\/kissat\/kotikissan-historia\/kissa-ja-muut-kissaelaimet\/#primaryimage"},"image":{"@id":"https:\/\/sey.fi\/kissa\/kissat\/kotikissan-historia\/kissa-ja-muut-kissaelaimet\/#primaryimage"},"thumbnailUrl":"https:\/\/sey.fi\/wp-content\/uploads\/sites\/47\/2019\/12\/ilves_sonja_nurmi-tuominen.jpg","datePublished":"2019-12-09T10:50:34+00:00","dateModified":"2026-01-22T15:57:37+00:00","breadcrumb":{"@id":"https:\/\/sey.fi\/kissa\/kissat\/kotikissan-historia\/kissa-ja-muut-kissaelaimet\/#breadcrumb"},"inLanguage":"fi","potentialAction":[{"@type":"ReadAction","target":["https:\/\/sey.fi\/kissa\/kissat\/kotikissan-historia\/kissa-ja-muut-kissaelaimet\/"]}]},{"@type":"ImageObject","inLanguage":"fi","@id":"https:\/\/sey.fi\/kissa\/kissat\/kotikissan-historia\/kissa-ja-muut-kissaelaimet\/#primaryimage","url":"https:\/\/sey.fi\/wp-content\/uploads\/sites\/47\/2019\/12\/ilves_sonja_nurmi-tuominen.jpg","contentUrl":"https:\/\/sey.fi\/wp-content\/uploads\/sites\/47\/2019\/12\/ilves_sonja_nurmi-tuominen.jpg","width":410,"height":273,"caption":"Ilves on Suomen ainoa luonnonvarainen kissael\u00e4in. Kuva: Sonja Nurmi-Tuominen"},{"@type":"BreadcrumbList","@id":"https:\/\/sey.fi\/kissa\/kissat\/kotikissan-historia\/kissa-ja-muut-kissaelaimet\/#breadcrumb","itemListElement":[{"@type":"ListItem","position":1,"name":"Home","item":"https:\/\/sey.fi\/kissa\/"},{"@type":"ListItem","position":2,"name":"Kissatieto","item":"https:\/\/sey.fi\/kissa\/"},{"@type":"ListItem","position":3,"name":"Kotikissan historia \u2013 Afrikan savanneilta kotisohvalle","item":"https:\/\/sey.fi\/kissa\/kissat\/kotikissan-historia\/"},{"@type":"ListItem","position":4,"name":"Kissa ja muut kissael\u00e4imet"}]},{"@type":"WebSite","@id":"https:\/\/sey.fi\/kissa\/#website","url":"https:\/\/sey.fi\/kissa\/","name":"Kissatieto","description":"Uusi SEY J\u00e4senyhdistykset -sivusto","potentialAction":[{"@type":"SearchAction","target":{"@type":"EntryPoint","urlTemplate":"https:\/\/sey.fi\/kissa\/?s={search_term_string}"},"query-input":{"@type":"PropertyValueSpecification","valueRequired":true,"valueName":"search_term_string"}}],"inLanguage":"fi"}]}},"_links":{"self":[{"href":"https:\/\/sey.fi\/kissa\/wp-json\/wp\/v2\/pages\/27","targetHints":{"allow":["GET"]}}],"collection":[{"href":"https:\/\/sey.fi\/kissa\/wp-json\/wp\/v2\/pages"}],"about":[{"href":"https:\/\/sey.fi\/kissa\/wp-json\/wp\/v2\/types\/page"}],"author":[{"embeddable":true,"href":"https:\/\/sey.fi\/kissa\/wp-json\/wp\/v2\/users\/8"}],"replies":[{"embeddable":true,"href":"https:\/\/sey.fi\/kissa\/wp-json\/wp\/v2\/comments?post=27"}],"version-history":[{"count":2,"href":"https:\/\/sey.fi\/kissa\/wp-json\/wp\/v2\/pages\/27\/revisions"}],"predecessor-version":[{"id":361,"href":"https:\/\/sey.fi\/kissa\/wp-json\/wp\/v2\/pages\/27\/revisions\/361"}],"up":[{"embeddable":true,"href":"https:\/\/sey.fi\/kissa\/wp-json\/wp\/v2\/pages\/13"}],"wp:featuredmedia":[{"embeddable":true,"href":"https:\/\/sey.fi\/kissa\/wp-json\/wp\/v2\/media\/28"}],"wp:attachment":[{"href":"https:\/\/sey.fi\/kissa\/wp-json\/wp\/v2\/media?parent=27"}],"curies":[{"name":"wp","href":"https:\/\/api.w.org\/{rel}","templated":true}]}}