{"id":34,"date":"2019-12-09T13:01:26","date_gmt":"2019-12-09T11:01:26","guid":{"rendered":"http:\/\/srvr10.xetpoint.com\/~seyfi\/kissatieto\/?page_id=34"},"modified":"2026-01-22T22:01:28","modified_gmt":"2026-01-22T20:01:28","slug":"pentu-vai-aikuinen","status":"publish","type":"page","link":"https:\/\/sey.fi\/kissa\/pentu-vai-aikuinen\/","title":{"rendered":"Pentu vai aikuinen?"},"content":{"rendered":"\n<p>Vaikka lemmikin heitteillej\u00e4tt\u00f6 on rikos, <a href=\"https:\/\/sey.fi\/kissakriisi\/\">Suomessa hyl\u00e4t\u00e4\u00e4n vuosittain tuhansia kissoja<\/a>. Osa n\u00e4ist\u00e4 saadaan pelastettua el\u00e4insuojeluyhdistysten kissataloille, joissa ne hoidetaan kuntoon ja niille yritet\u00e4\u00e4n etsi\u00e4 uudet vastuulliset kodit. Osa heittellej\u00e4tetyist\u00e4 kissoista paleltuu, sairastuu tai vahingoittuu j\u00e4\u00e4ty\u00e4\u00e4n yksin, tai ne saattavat joutua petoel\u00e4inten tai liikenteen uhreiksi. <a href=\"https:\/\/sey.fi\/osallistu-ja-vaikuta\/loytoelaimet\/\">Uuden kodin tarjoaminen<\/a> hyl\u00e4tylle kissalle on el\u00e4insuojeluteko.<\/p>\n\n\n\n<p>Aikuisesta kissasta voi olla pentua helpompi p\u00e4\u00e4tell\u00e4, mink\u00e4laisen seuralaisen siit\u00e4 saa. Kissatalojen hoitajat ja kotihoitopaikat osaavat kertoa hoidokeistaan paljon ja millaiseen kotiin ne soveltuvat. Kun l\u00f6yt\u00f6kissoihin viel\u00e4 tutustuu kaikessa rauhassa, voi l\u00f6yt\u00e4\u00e4 omaan luonteeseen ja el\u00e4m\u00e4ntyyliin sopivan lemmikin. Kissatalojen asukkaat ovat el\u00e4inl\u00e4\u00e4k\u00e4rin tarkastamia, rokotettuja, tunnistusmerkittyj\u00e4 ja leikattuja.<\/p>\n\n\n\n<p>My\u00f6s pentua kannattaa kysy\u00e4 el\u00e4insuojeluyhdistyksest\u00e4. Etenkin kes\u00e4isin yhdistyksille tulee tiineit\u00e4 kissoja tai emoja poikasineen. El\u00e4insuojeluyhdistyksilt\u00e4 l\u00e4htev\u00e4t pennut on usein jo valmiiksi steriloitu ja kastroitu. Varhaissteriloitu kissa on uudelle perheelle helpompi lemmikki, sill\u00e4 sen leikkauttamisesta ei sukukypsyyden koittaessa tarvitse huolehtia.<\/p>\n\n\n\n<p>Verkkosivustojen, sosiaalisen median ja lehtien el\u00e4inten myynti-ilmoittelu on usein ep\u00e4m\u00e4\u00e4r\u00e4ist\u00e4 ja kissan etsij\u00e4n on syyt\u00e4 varoa <a href=\"https:\/\/sey.fi\/kissa\/pentutehtailusta\/\">pentutehtailijoita<\/a>.<\/p>\n","protected":false},"excerpt":{"rendered":"<p>Vaikka lemmikin heitteillej\u00e4tt\u00f6 on rikos, Suomessa hyl\u00e4t\u00e4\u00e4n vuosittain tuhansia kissoja. Osa n\u00e4ist\u00e4 saadaan pelastettua el\u00e4insuojeluyhdistysten kissataloille, joissa ne hoidetaan kuntoon ja niille yritet\u00e4\u00e4n etsi\u00e4 uudet vastuulliset kodit. Osa heittellej\u00e4tetyist\u00e4 kissoista paleltuu, sairastuu tai vahingoittuu j\u00e4\u00e4ty\u00e4\u00e4n yksin, tai ne saattavat joutua petoel\u00e4inten tai liikenteen uhreiksi. Uuden kodin tarjoaminen hyl\u00e4tylle kissalle on el\u00e4insuojeluteko. Aikuisesta kissasta voi olla [&hellip;]<\/p>\n","protected":false},"author":8,"featured_media":35,"parent":0,"menu_order":0,"comment_status":"closed","ping_status":"closed","template":"","meta":{"_acf_changed":false,"footnotes":""},"class_list":["post-34","page","type-page","status-publish","has-post-thumbnail","hentry"],"acf":[],"yoast_head":"<!-- This site is optimized with the Yoast SEO plugin v27.1.1 - https:\/\/yoast.com\/product\/yoast-seo-wordpress\/ -->\n<title>pentu vai aikuinen kissa<\/title>\n<meta name=\"description\" content=\"Sopisiko sinulle pentu vai aikuinen kissa? Aikuisesta kissasta voi olla pentua helpompi p\u00e4\u00e4tell\u00e4, mink\u00e4laisen seuralaisen siit\u00e4 saa.\" \/>\n<meta name=\"robots\" content=\"index, follow, max-snippet:-1, max-image-preview:large, max-video-preview:-1\" \/>\n<link rel=\"canonical\" href=\"https:\/\/sey.fi\/kissa\/pentu-vai-aikuinen\/\" \/>\n<meta property=\"og:locale\" content=\"fi_FI\" \/>\n<meta property=\"og:type\" content=\"article\" \/>\n<meta property=\"og:title\" content=\"pentu vai aikuinen kissa\" \/>\n<meta property=\"og:description\" content=\"Sopisiko sinulle pentu vai aikuinen kissa? Aikuisesta kissasta voi olla pentua helpompi p\u00e4\u00e4tell\u00e4, mink\u00e4laisen seuralaisen siit\u00e4 saa.\" \/>\n<meta property=\"og:url\" content=\"https:\/\/sey.fi\/kissa\/pentu-vai-aikuinen\/\" \/>\n<meta property=\"og:site_name\" content=\"Kissatieto\" \/>\n<meta property=\"article:modified_time\" content=\"2026-01-22T20:01:28+00:00\" \/>\n<meta property=\"og:image\" content=\"https:\/\/sey.fi\/wp-content\/uploads\/sites\/47\/2019\/12\/jonne_hanna_k._heikkila.jpg\" \/>\n\t<meta property=\"og:image:width\" content=\"410\" \/>\n\t<meta property=\"og:image:height\" content=\"273\" \/>\n\t<meta property=\"og:image:type\" content=\"image\/jpeg\" \/>\n<meta name=\"twitter:card\" content=\"summary_large_image\" \/>\n<meta name=\"twitter:label1\" content=\"Arvioitu lukuaika\" \/>\n\t<meta name=\"twitter:data1\" content=\"2 minuuttia\" \/>\n<script type=\"application\/ld+json\" class=\"yoast-schema-graph\">{\"@context\":\"https:\/\/schema.org\",\"@graph\":[{\"@type\":\"WebPage\",\"@id\":\"https:\/\/sey.fi\/kissa\/pentu-vai-aikuinen\/\",\"url\":\"https:\/\/sey.fi\/kissa\/pentu-vai-aikuinen\/\",\"name\":\"pentu vai aikuinen kissa\",\"isPartOf\":{\"@id\":\"https:\/\/sey.fi\/kissa\/#website\"},\"primaryImageOfPage\":{\"@id\":\"https:\/\/sey.fi\/kissa\/pentu-vai-aikuinen\/#primaryimage\"},\"image\":{\"@id\":\"https:\/\/sey.fi\/kissa\/pentu-vai-aikuinen\/#primaryimage\"},\"thumbnailUrl\":\"https:\/\/sey.fi\/wp-content\/uploads\/sites\/47\/2019\/12\/jonne_hanna_k._heikkila.jpg\",\"datePublished\":\"2019-12-09T11:01:26+00:00\",\"dateModified\":\"2026-01-22T20:01:28+00:00\",\"description\":\"Sopisiko sinulle pentu vai aikuinen kissa? Aikuisesta kissasta voi olla pentua helpompi p\u00e4\u00e4tell\u00e4, mink\u00e4laisen seuralaisen siit\u00e4 saa.\",\"breadcrumb\":{\"@id\":\"https:\/\/sey.fi\/kissa\/pentu-vai-aikuinen\/#breadcrumb\"},\"inLanguage\":\"fi\",\"potentialAction\":[{\"@type\":\"ReadAction\",\"target\":[\"https:\/\/sey.fi\/kissa\/pentu-vai-aikuinen\/\"]}]},{\"@type\":\"ImageObject\",\"inLanguage\":\"fi\",\"@id\":\"https:\/\/sey.fi\/kissa\/pentu-vai-aikuinen\/#primaryimage\",\"url\":\"https:\/\/sey.fi\/wp-content\/uploads\/sites\/47\/2019\/12\/jonne_hanna_k._heikkila.jpg\",\"contentUrl\":\"https:\/\/sey.fi\/wp-content\/uploads\/sites\/47\/2019\/12\/jonne_hanna_k._heikkila.jpg\",\"width\":410,\"height\":273},{\"@type\":\"BreadcrumbList\",\"@id\":\"https:\/\/sey.fi\/kissa\/pentu-vai-aikuinen\/#breadcrumb\",\"itemListElement\":[{\"@type\":\"ListItem\",\"position\":1,\"name\":\"Home\",\"item\":\"https:\/\/sey.fi\/kissa\/\"},{\"@type\":\"ListItem\",\"position\":2,\"name\":\"Pentu vai aikuinen?\"}]},{\"@type\":\"WebSite\",\"@id\":\"https:\/\/sey.fi\/kissa\/#website\",\"url\":\"https:\/\/sey.fi\/kissa\/\",\"name\":\"Kissatieto\",\"description\":\"Uusi SEY J\u00e4senyhdistykset -sivusto\",\"potentialAction\":[{\"@type\":\"SearchAction\",\"target\":{\"@type\":\"EntryPoint\",\"urlTemplate\":\"https:\/\/sey.fi\/kissa\/?s={search_term_string}\"},\"query-input\":{\"@type\":\"PropertyValueSpecification\",\"valueRequired\":true,\"valueName\":\"search_term_string\"}}],\"inLanguage\":\"fi\"}]}<\/script>\n<!-- \/ Yoast SEO plugin. -->","yoast_head_json":{"title":"pentu vai aikuinen kissa","description":"Sopisiko sinulle pentu vai aikuinen kissa? Aikuisesta kissasta voi olla pentua helpompi p\u00e4\u00e4tell\u00e4, mink\u00e4laisen seuralaisen siit\u00e4 saa.","robots":{"index":"index","follow":"follow","max-snippet":"max-snippet:-1","max-image-preview":"max-image-preview:large","max-video-preview":"max-video-preview:-1"},"canonical":"https:\/\/sey.fi\/kissa\/pentu-vai-aikuinen\/","og_locale":"fi_FI","og_type":"article","og_title":"pentu vai aikuinen kissa","og_description":"Sopisiko sinulle pentu vai aikuinen kissa? Aikuisesta kissasta voi olla pentua helpompi p\u00e4\u00e4tell\u00e4, mink\u00e4laisen seuralaisen siit\u00e4 saa.","og_url":"https:\/\/sey.fi\/kissa\/pentu-vai-aikuinen\/","og_site_name":"Kissatieto","article_modified_time":"2026-01-22T20:01:28+00:00","og_image":[{"width":410,"height":273,"url":"https:\/\/sey.fi\/wp-content\/uploads\/sites\/47\/2019\/12\/jonne_hanna_k._heikkila.jpg","type":"image\/jpeg"}],"twitter_card":"summary_large_image","twitter_misc":{"Arvioitu lukuaika":"2 minuuttia"},"schema":{"@context":"https:\/\/schema.org","@graph":[{"@type":"WebPage","@id":"https:\/\/sey.fi\/kissa\/pentu-vai-aikuinen\/","url":"https:\/\/sey.fi\/kissa\/pentu-vai-aikuinen\/","name":"pentu vai aikuinen kissa","isPartOf":{"@id":"https:\/\/sey.fi\/kissa\/#website"},"primaryImageOfPage":{"@id":"https:\/\/sey.fi\/kissa\/pentu-vai-aikuinen\/#primaryimage"},"image":{"@id":"https:\/\/sey.fi\/kissa\/pentu-vai-aikuinen\/#primaryimage"},"thumbnailUrl":"https:\/\/sey.fi\/wp-content\/uploads\/sites\/47\/2019\/12\/jonne_hanna_k._heikkila.jpg","datePublished":"2019-12-09T11:01:26+00:00","dateModified":"2026-01-22T20:01:28+00:00","description":"Sopisiko sinulle pentu vai aikuinen kissa? Aikuisesta kissasta voi olla pentua helpompi p\u00e4\u00e4tell\u00e4, mink\u00e4laisen seuralaisen siit\u00e4 saa.","breadcrumb":{"@id":"https:\/\/sey.fi\/kissa\/pentu-vai-aikuinen\/#breadcrumb"},"inLanguage":"fi","potentialAction":[{"@type":"ReadAction","target":["https:\/\/sey.fi\/kissa\/pentu-vai-aikuinen\/"]}]},{"@type":"ImageObject","inLanguage":"fi","@id":"https:\/\/sey.fi\/kissa\/pentu-vai-aikuinen\/#primaryimage","url":"https:\/\/sey.fi\/wp-content\/uploads\/sites\/47\/2019\/12\/jonne_hanna_k._heikkila.jpg","contentUrl":"https:\/\/sey.fi\/wp-content\/uploads\/sites\/47\/2019\/12\/jonne_hanna_k._heikkila.jpg","width":410,"height":273},{"@type":"BreadcrumbList","@id":"https:\/\/sey.fi\/kissa\/pentu-vai-aikuinen\/#breadcrumb","itemListElement":[{"@type":"ListItem","position":1,"name":"Home","item":"https:\/\/sey.fi\/kissa\/"},{"@type":"ListItem","position":2,"name":"Pentu vai aikuinen?"}]},{"@type":"WebSite","@id":"https:\/\/sey.fi\/kissa\/#website","url":"https:\/\/sey.fi\/kissa\/","name":"Kissatieto","description":"Uusi SEY J\u00e4senyhdistykset -sivusto","potentialAction":[{"@type":"SearchAction","target":{"@type":"EntryPoint","urlTemplate":"https:\/\/sey.fi\/kissa\/?s={search_term_string}"},"query-input":{"@type":"PropertyValueSpecification","valueRequired":true,"valueName":"search_term_string"}}],"inLanguage":"fi"}]}},"_links":{"self":[{"href":"https:\/\/sey.fi\/kissa\/wp-json\/wp\/v2\/pages\/34","targetHints":{"allow":["GET"]}}],"collection":[{"href":"https:\/\/sey.fi\/kissa\/wp-json\/wp\/v2\/pages"}],"about":[{"href":"https:\/\/sey.fi\/kissa\/wp-json\/wp\/v2\/types\/page"}],"author":[{"embeddable":true,"href":"https:\/\/sey.fi\/kissa\/wp-json\/wp\/v2\/users\/8"}],"replies":[{"embeddable":true,"href":"https:\/\/sey.fi\/kissa\/wp-json\/wp\/v2\/comments?post=34"}],"version-history":[{"count":5,"href":"https:\/\/sey.fi\/kissa\/wp-json\/wp\/v2\/pages\/34\/revisions"}],"predecessor-version":[{"id":418,"href":"https:\/\/sey.fi\/kissa\/wp-json\/wp\/v2\/pages\/34\/revisions\/418"}],"wp:featuredmedia":[{"embeddable":true,"href":"https:\/\/sey.fi\/kissa\/wp-json\/wp\/v2\/media\/35"}],"wp:attachment":[{"href":"https:\/\/sey.fi\/kissa\/wp-json\/wp\/v2\/media?parent=34"}],"curies":[{"name":"wp","href":"https:\/\/api.w.org\/{rel}","templated":true}]}}