{"id":37,"date":"2019-12-09T13:05:08","date_gmt":"2019-12-09T11:05:08","guid":{"rendered":"http:\/\/srvr10.xetpoint.com\/~seyfi\/kissatieto\/?page_id=37"},"modified":"2026-03-13T11:45:40","modified_gmt":"2026-03-13T09:45:40","slug":"kissan-luovutusika-on-14-viikkoa","status":"publish","type":"page","link":"https:\/\/sey.fi\/kissa\/kissan-luovutusika-on-14-viikkoa\/","title":{"rendered":"Kissan luovutusik\u00e4 on 14 viikkoa"},"content":{"rendered":"\n<p class=\"has-text-align-right has-small-font-size\">Kuva: Jenni Pasanen<\/p>\n\n\n\n<hr class=\"wp-block-separator has-alpha-channel-opacity\" \/>\n\n\n\n<p class=\"has-medium-font-size\"><em>Kissanpentujen tulee saada viett\u00e4\u00e4 el\u00e4m\u00e4ns\u00e4 ensimm\u00e4iset 14 viikkoa emonsa ja sisarustensa kanssa. Liian varhain emosta ja sisaruksista erotetulla pennulla on suurentunut riski mm. stressiherkkyyteen, aggressiivisuuteen, arkuuteen, pitkittyneeseen imemisk\u00e4ytt\u00e4ytymiseen ja virtsamerkkailuun aikuisi\u00e4ll\u00e4.<\/em><\/p>\n\n\n\n<hr class=\"wp-block-separator has-alpha-channel-opacity\" \/>\n\n\n\n<p>Kissanpennun luovutusik\u00e4 on v\u00e4hint\u00e4\u00e4n 14 viikkoa. Sit\u00e4 nuorempi pentu ei ole valmis j\u00e4tt\u00e4m\u00e4\u00e4n emoa ja sisaruksia. Vaikka pennut  s\u00f6isiv\u00e4t jo kiinte\u00e4\u00e4 ravintoa, eik\u00e4 emo en\u00e4\u00e4 ehk\u00e4 imet\u00e4k\u00e4\u00e4n, on emolla  ja sisaruksilla korvaamaton merkitys pennun henkiselle kehitykselle.<\/p>\n\n\n\n<p>Pikkukissat oppivat kissan kielen 2\u201314 viikon i\u00e4ss\u00e4 emoltaan. Liian varhain vieroitetut pennut eiv\u00e4t ole oppineet viestinn\u00e4n hienouksia riitt\u00e4v\u00e4n hyvin, ja niill\u00e4 saattaa olla my\u00f6hemmin suuria vaikeuksia tulla toimeen muiden kissojen kanssa.<\/p>\n\n\n\n<p>Emon ja muiden pentujen kanssa leikkiess\u00e4\u00e4n pikkukissa oppii my\u00f6s s\u00e4\u00e4telem\u00e4\u00e4n puruvoimaansa. Leikin tiimellyksess\u00e4 annettu liian kova puraisu johtaa leikin loppumiseen, ja n\u00e4in pentu oppii hillitsem\u00e4\u00e4n hampaank\u00e4ytt\u00f6\u00e4\u00e4n. Alaik\u00e4isin\u00e4 luovutetut pennut saattavat my\u00f6s koko ik\u00e4ns\u00e4 imeskell\u00e4 esimerkiksi villavaatteita tai ihmisten ihoa. Niiden on lis\u00e4ksi todettu olevan stressiherkempi\u00e4 kuin luovutusik\u00e4\u00e4n tai sen yli emon ja sisarusten kanssa yhdess\u00e4 olleet pennut. Niill\u00e4 on esimerkiksi enemm\u00e4n stressist\u00e4 johtuvaa virtsamerkkailua.<\/p>\n\n\n\n<p>Kissa on pitk\u00e4ik\u00e4inen lemmikki ja yhteisi\u00e4 vuosia on edess\u00e4 monia. Jotta yhteiset vuodet olisivat mahdollisimman antoisia, uuden ihmisperheen t\u00e4ytyy malttaa mielens\u00e4 ja taata pennulle turvallinen varhaislapsuus oman emon ja sisarusten kanssa. Sen pohjalle on hyv\u00e4 rakentaa terve ja tasapainoinen aikuisuus uudessa kodissa.<\/p>\n\n\n\n<figure class=\"wp-block-image size-large\"><img loading=\"lazy\" decoding=\"async\" width=\"1024\" height=\"512\" src=\"https:\/\/sey.fi\/wp-content\/uploads\/sites\/47\/2026\/01\/pentu-imee-ihoa-1024x512.png\" alt=\"\" class=\"wp-image-431\" srcset=\"https:\/\/sey.fi\/wp-content\/uploads\/sites\/47\/2026\/01\/pentu-imee-ihoa-1024x512.png 1024w, https:\/\/sey.fi\/wp-content\/uploads\/sites\/47\/2026\/01\/pentu-imee-ihoa-300x150.png 300w, https:\/\/sey.fi\/wp-content\/uploads\/sites\/47\/2026\/01\/pentu-imee-ihoa-768x384.png 768w, https:\/\/sey.fi\/wp-content\/uploads\/sites\/47\/2026\/01\/pentu-imee-ihoa-640x320.png 640w, https:\/\/sey.fi\/wp-content\/uploads\/sites\/47\/2026\/01\/pentu-imee-ihoa-320x160.png 320w, https:\/\/sey.fi\/wp-content\/uploads\/sites\/47\/2026\/01\/pentu-imee-ihoa.png 1280w\" sizes=\"auto, (max-width: 1024px) 100vw, 1024px\" \/><figcaption class=\"wp-element-caption\"><em>Aikaisessa vaiheessa emostaan erilleen joutunut kissanpentu imem\u00e4ss\u00e4 ihmisen ihoa. Kuva:  Jenni Pasanen<\/em><\/figcaption><\/figure>\n\n\n\n<h2 class=\"wp-block-heading\">Luovutusik\u00e4isen kissanpennun tunnistaminen<\/h2>\n\n\n\n<p>Jotkut varhain emosta ja sisaruksista erotetut pennut voivat toisaalta kiinty\u00e4 niit\u00e4 hoitavaan ihmiseen jopa h\u00e4iritsev\u00e4n voimakkaasti. Se, miten liian varhainen vieroitusik\u00e4 n\u00e4kyy kissan k\u00e4ytt\u00e4ytymisess\u00e4, riippuu vieroitusi\u00e4n lis\u00e4ksi mm. pennun perim\u00e4st\u00e4 ja luonteenpiirteist\u00e4 sek\u00e4 sen kokemuksista ja opitusta k\u00e4ytt\u00e4ytymisest\u00e4.<\/p>\n\n\n\n<p>Etenkin stressiherkkyys ja arkuus heikent\u00e4v\u00e4t kissan el\u00e4m\u00e4nlaatua ja lis\u00e4\u00e4v\u00e4t my\u00f6s todenn\u00e4k\u00f6isyytt\u00e4 sille, ett\u00e4 kissa p\u00e4\u00e4tyy jossain el\u00e4m\u00e4ns\u00e4 vaiheessa kodinvaihtajaksi tai jopa heitteille j\u00e4tetyksi tai lopetettavaksi. Aralle kissalle on my\u00f6s vaikeampaa l\u00f6yt\u00e4\u00e4 uutta kotia, ja se stressaantuu muutoksista keskivertokissaa enemm\u00e4n.<\/p>\n\n\n\n<p>Kissanpentu alkaa maistella kiinte\u00e4\u00e4 ravintoa jo varhain, noin nelj\u00e4n viikon i\u00e4ss\u00e4. Samoihin aikoihin pentu alkaa tehd\u00e4 tarpeensa itse hiekkalaatikolle tai muuhun sopivaan paikkaan. Pahimmillaan emon omistaja luulee, ett\u00e4 pentu on valmis l\u00e4htem\u00e4\u00e4n uuteen kotiinsa, kun se osaa sy\u00f6d\u00e4 itse. N\u00e4in ei miss\u00e4\u00e4n nimess\u00e4 ole. Maidolla ja imemismahdollisuudella on t\u00e4rke\u00e4 rooli pennun el\u00e4m\u00e4ss\u00e4 viel\u00e4 silloinkin, kun se saa valtaosan tarvitsemastaan energiasta kiinte\u00e4st\u00e4 ravinnosta. Pentu oppii my\u00f6s elint\u00e4rkeit\u00e4 sosiaalisen k\u00e4ytt\u00e4ytymisen lainalaisuuksia ensimm\u00e4isten elinkuukausiensa aikana.<\/p>\n\n\n\n<h2 class=\"wp-block-heading\">Alaik\u00e4isen kissan tunnistamisen merkit<\/h2>\n\n\n\n<p>Miten sitten tiet\u00e4\u00e4, mink\u00e4 ik\u00e4isi\u00e4 esimerkiksi naapurin navettakissan pennut ovat, jos niiden syntym\u00e4aika ei ole tiedossa? Seuraavia tunnusmerkkej\u00e4 kannattaa ainakin tarkkailla:<\/p>\n\n\n\n<ul class=\"wp-block-list\">\n<li>Pennun <strong>silm\u00e4t eiv\u00e4t saa olla siniset,<\/strong> jollei pentu kuulu rotuun, jossa silm\u00e4t pysyv\u00e4t sinisin\u00e4. Kaikilla pennuilla on nimitt\u00e4in siniharmaat silm\u00e4t, joiden v\u00e4ri alkaa vaihtua noin 6\u20137 viikon i\u00e4ss\u00e4 lopulliseen v\u00e4riins\u00e4, esimerkiksi ruskeiksi tai vihreiksi. Maatiaiskissan silm\u00e4t ovat siniset hyvin harvoin.<\/li>\n<\/ul>\n\n\n\n<figure class=\"wp-block-image size-large\"><img loading=\"lazy\" decoding=\"async\" width=\"1024\" height=\"827\" src=\"https:\/\/sey.fi\/wp-content\/uploads\/sites\/47\/2019\/12\/galleria1-1024x827.jpg\" alt=\" 5\u20136-viikkoisia kissanpentuja katsomassa kameraan\" class=\"wp-image-43\" srcset=\"https:\/\/sey.fi\/wp-content\/uploads\/sites\/47\/2019\/12\/galleria1-1024x827.jpg 1024w, https:\/\/sey.fi\/wp-content\/uploads\/sites\/47\/2019\/12\/galleria1-300x242.jpg 300w, https:\/\/sey.fi\/wp-content\/uploads\/sites\/47\/2019\/12\/galleria1-768x620.jpg 768w, https:\/\/sey.fi\/wp-content\/uploads\/sites\/47\/2019\/12\/galleria1.jpg 1041w\" sizes=\"auto, (max-width: 1024px) 100vw, 1024px\" \/><figcaption class=\"wp-element-caption\"><em>N\u00e4m\u00e4 pennut ovat viel\u00e4 aivan liian nuoria uusiin koteihin. Silmien  siniharmaa v\u00e4ri kertoo niiden olevan korkeintaan 5\u20136-viikkoisia. Kuva:  P\u00e4ivi Ylikorpi<\/em><\/figcaption><\/figure>\n\n\n\n<ul class=\"wp-block-list\">\n<li>Pennun suussa tulee olla kattava rivist\u00f6 maitohampaita, ja mahdollisesti etuhampaat ovat alkaneet jo vaihtua keskelt\u00e4 alkaen. Maitohampaat ovat pysyvi\u00e4 hampaita hieman pienempi\u00e4 ja ter\u00e4v\u00e4k\u00e4rkisempi\u00e4.<\/li>\n<\/ul>\n\n\n\n<ul class=\"wp-block-list\">\n<li>14-viikkoisen pennun turkki ei ole en\u00e4\u00e4 untuvaisen p\u00f6rr\u00f6inen, vaan melko sile\u00e4 ja vartalonmy\u00f6t\u00e4inen. Pentu n\u00e4ytt\u00e4\u00e4kin kolmikuisena oikeastaan jo aika paljon aikuisen kissan pienoismallilta.<\/li>\n<\/ul>\n\n\n\n<figure class=\"wp-block-image size-large is-resized\"><img loading=\"lazy\" decoding=\"async\" width=\"670\" height=\"1024\" src=\"https:\/\/sey.fi\/wp-content\/uploads\/sites\/47\/2019\/12\/galleria2-670x1024.jpg\" alt=\"valkoinen pieni kissanpentu istuu ja katsoo kameraan\" class=\"wp-image-44\" style=\"width:840px;height:auto\" srcset=\"https:\/\/sey.fi\/wp-content\/uploads\/sites\/47\/2019\/12\/galleria2-670x1024.jpg 670w, https:\/\/sey.fi\/wp-content\/uploads\/sites\/47\/2019\/12\/galleria2-196x300.jpg 196w, https:\/\/sey.fi\/wp-content\/uploads\/sites\/47\/2019\/12\/galleria2.jpg 746w\" sizes=\"auto, (max-width: 670px) 100vw, 670px\" \/><figcaption class=\"wp-element-caption\"><em>T\u00e4m\u00e4kin pentu on liian nuori l\u00e4htem\u00e4\u00e4n emonsa ja sisarustensa luota. Sen  silmien v\u00e4ri on jo vaihtunut, mutta se on viel\u00e4 kovin pieni ja hento. Kuva: Suvi Elo<\/em><\/figcaption><\/figure>\n\n\n\n<p>My\u00f6s pennun k\u00e4ytt\u00e4ytymisest\u00e4 ja liikkumisesta saa arvokasta tietoa sen meneill\u00e4\u00e4n olevasta kehitysvaiheesta. 14-viikkoinen pentu pesee turkkinsa sujuvasti itse ja saattaa kynsi\u00e4 ymp\u00e4rist\u00f6\u00e4\u00e4n, esimerkiksi raapimispuuta. Pennun tulee juosta, hyppi\u00e4 ja kiipeill\u00e4 ketter\u00e4sti my\u00f6s korkeisiin paikkoihin. Huteruus liikkeiss\u00e4 kielii joko varhaisesta i\u00e4st\u00e4 tai todella rajoittuneesta kasvuymp\u00e4rist\u00f6st\u00e4 \u2013 molemmissa tapauksissa on syyt\u00e4 huolestua.<\/p>\n\n\n\n<p>Koska jo kahdeksanviikkoinen pentu t\u00e4ytt\u00e4\u00e4 yleens\u00e4 kaikki edell\u00e4 mainitut tunnusmerkit, on hyv\u00e4 tarkistaa my\u00f6s pennun paino. 14-viikkoisen pennun tulee painaa yli 1 000 grammaa, siis maitopurkin verran. Vanhempien koolla, pentueen koolla ja emon ravitsemustilalla voi olla t\u00e4h\u00e4n pieni vaikutuksensa, mutta kilon paino on melko hyv\u00e4 nyrkkis\u00e4\u00e4nt\u00f6 maatiaiskissalle, joka on kasvanut oikeissa oloissa.<\/p>\n\n\n\n<p>P\u00e4ivi Ylikorpi<\/p>\n\n\n\n<p><em>Kirjoittaja on koulutukseltaan el\u00e4inl\u00e4\u00e4k\u00e4riasematy\u00f6skentelyyn suuntautunut el\u00e4intenhoitaja ja h\u00e4n kouluttaa el\u00e4intenhoitajaopiskelijoita aikuiskoulutuskeskus Amiedussa. H\u00e4nell\u00e4 on pitk\u00e4 ty\u00f6kokemus el\u00e4insuojeluteht\u00e4vist\u00e4 erityisesti kissojen parissa. Ylikorpi on kirjoittanut laajaa arvostelu- ja myyntimenestyst\u00e4 saavuttaneen <a href=\"https:\/\/arthouse.fi\/sivu\/tuote\/kissanhoidon-kasikirja\/5347720\">Kissanhoidon k\u00e4sikirjan<\/a>, josta on ilmestym\u00e4ss\u00e4 viides, kauttaaltaan uudistettu painos. H\u00e4n on my\u00f6s yksi <a href=\"https:\/\/docendo.fi\/kirjat\/mita-kuppiin-kissalle\/\" target=\"_blank\" rel=\"noreferrer noopener\">Mit\u00e4 kuppiin kissalle?<\/a> -kirjan kirjoittajista. <\/em><\/p>\n\n\n\n<figure class=\"wp-block-image size-full is-resized\"><img loading=\"lazy\" decoding=\"async\" width=\"670\" height=\"736\" src=\"https:\/\/sey.fi\/wp-content\/uploads\/sites\/47\/2019\/12\/Galleria3.png\" alt=\"Kaksi oranssi-valkoista kissaa makaa raidallisella matolla lomittain ja katsoo kameraan\" class=\"wp-image-45\" style=\"width:840px;height:auto\" srcset=\"https:\/\/sey.fi\/wp-content\/uploads\/sites\/47\/2019\/12\/Galleria3.png 670w, https:\/\/sey.fi\/wp-content\/uploads\/sites\/47\/2019\/12\/Galleria3-273x300.png 273w\" sizes=\"auto, (max-width: 670px) 100vw, 670px\" \/><figcaption class=\"wp-element-caption\"><em>N\u00e4in valmiilta pikku kissoilta n\u00e4ytt\u00e4v\u00e4t luovutusik\u00e4iset kissanpennut! Kuva: P\u00e4ivi Ylikorpi <\/em><\/figcaption><\/figure>\n\n\n\n<p><\/p>\n","protected":false},"excerpt":{"rendered":"<p>Kuva: Jenni Pasanen Kissanpentujen tulee saada viett\u00e4\u00e4 el\u00e4m\u00e4ns\u00e4 ensimm\u00e4iset 14 viikkoa emonsa ja sisarustensa kanssa. Liian varhain emosta ja sisaruksista erotetulla pennulla on suurentunut riski mm. stressiherkkyyteen, aggressiivisuuteen, arkuuteen, pitkittyneeseen imemisk\u00e4ytt\u00e4ytymiseen ja virtsamerkkailuun aikuisi\u00e4ll\u00e4. Kissanpennun luovutusik\u00e4 on v\u00e4hint\u00e4\u00e4n 14 viikkoa. Sit\u00e4 nuorempi pentu ei ole valmis j\u00e4tt\u00e4m\u00e4\u00e4n emoa ja sisaruksia. Vaikka pennut s\u00f6isiv\u00e4t jo kiinte\u00e4\u00e4 [&hellip;]<\/p>\n","protected":false},"author":8,"featured_media":406,"parent":0,"menu_order":0,"comment_status":"closed","ping_status":"closed","template":"","meta":{"_acf_changed":false,"footnotes":""},"class_list":["post-37","page","type-page","status-publish","has-post-thumbnail","hentry"],"acf":[],"yoast_head":"<!-- This site is optimized with the Yoast SEO plugin v27.1.1 - https:\/\/yoast.com\/product\/yoast-seo-wordpress\/ -->\n<title>Kissan luovutusik\u00e4 on 14 viikkoa<\/title>\n<meta name=\"description\" content=\"Kissan luovutusik\u00e4 on 14 viikkoa, sill\u00e4 kissanpentujen tulee saada viett\u00e4\u00e4 el\u00e4m\u00e4ns\u00e4 ensimm\u00e4iset 14 viikkoa emonsa ja sisarustensa kanssa.\" \/>\n<meta name=\"robots\" content=\"index, follow, max-snippet:-1, max-image-preview:large, max-video-preview:-1\" \/>\n<link rel=\"canonical\" href=\"https:\/\/sey.fi\/kissa\/kissan-luovutusika-on-14-viikkoa\/\" \/>\n<meta property=\"og:locale\" content=\"fi_FI\" \/>\n<meta property=\"og:type\" content=\"article\" \/>\n<meta property=\"og:title\" content=\"Kissan luovutusik\u00e4 on 14 viikkoa\" \/>\n<meta property=\"og:description\" content=\"Kissan luovutusik\u00e4 on 14 viikkoa, sill\u00e4 kissanpentujen tulee saada viett\u00e4\u00e4 el\u00e4m\u00e4ns\u00e4 ensimm\u00e4iset 14 viikkoa emonsa ja sisarustensa kanssa.\" \/>\n<meta property=\"og:url\" content=\"https:\/\/sey.fi\/kissa\/kissan-luovutusika-on-14-viikkoa\/\" \/>\n<meta property=\"og:site_name\" content=\"Kissatieto\" \/>\n<meta property=\"article:modified_time\" content=\"2026-03-13T09:45:40+00:00\" \/>\n<meta property=\"og:image\" content=\"https:\/\/sey.fi\/wp-content\/uploads\/sites\/47\/2026\/01\/kissapentu-ja-taustalla-emo-ja-pentuja-scaled.jpg\" \/>\n\t<meta property=\"og:image:width\" content=\"2560\" \/>\n\t<meta property=\"og:image:height\" content=\"1707\" \/>\n\t<meta property=\"og:image:type\" content=\"image\/jpeg\" \/>\n<meta name=\"twitter:card\" content=\"summary_large_image\" \/>\n<meta name=\"twitter:label1\" content=\"Arvioitu lukuaika\" \/>\n\t<meta name=\"twitter:data1\" content=\"6 minuuttia\" \/>\n<script type=\"application\/ld+json\" class=\"yoast-schema-graph\">{\"@context\":\"https:\/\/schema.org\",\"@graph\":[{\"@type\":\"WebPage\",\"@id\":\"https:\/\/sey.fi\/kissa\/kissan-luovutusika-on-14-viikkoa\/\",\"url\":\"https:\/\/sey.fi\/kissa\/kissan-luovutusika-on-14-viikkoa\/\",\"name\":\"Kissan luovutusik\u00e4 on 14 viikkoa\",\"isPartOf\":{\"@id\":\"https:\/\/sey.fi\/kissa\/#website\"},\"primaryImageOfPage\":{\"@id\":\"https:\/\/sey.fi\/kissa\/kissan-luovutusika-on-14-viikkoa\/#primaryimage\"},\"image\":{\"@id\":\"https:\/\/sey.fi\/kissa\/kissan-luovutusika-on-14-viikkoa\/#primaryimage\"},\"thumbnailUrl\":\"https:\/\/sey.fi\/wp-content\/uploads\/sites\/47\/2026\/01\/kissapentu-ja-taustalla-emo-ja-pentuja-scaled.jpg\",\"datePublished\":\"2019-12-09T11:05:08+00:00\",\"dateModified\":\"2026-03-13T09:45:40+00:00\",\"description\":\"Kissan luovutusik\u00e4 on 14 viikkoa, sill\u00e4 kissanpentujen tulee saada viett\u00e4\u00e4 el\u00e4m\u00e4ns\u00e4 ensimm\u00e4iset 14 viikkoa emonsa ja sisarustensa kanssa.\",\"breadcrumb\":{\"@id\":\"https:\/\/sey.fi\/kissa\/kissan-luovutusika-on-14-viikkoa\/#breadcrumb\"},\"inLanguage\":\"fi\",\"potentialAction\":[{\"@type\":\"ReadAction\",\"target\":[\"https:\/\/sey.fi\/kissa\/kissan-luovutusika-on-14-viikkoa\/\"]}]},{\"@type\":\"ImageObject\",\"inLanguage\":\"fi\",\"@id\":\"https:\/\/sey.fi\/kissa\/kissan-luovutusika-on-14-viikkoa\/#primaryimage\",\"url\":\"https:\/\/sey.fi\/wp-content\/uploads\/sites\/47\/2026\/01\/kissapentu-ja-taustalla-emo-ja-pentuja-scaled.jpg\",\"contentUrl\":\"https:\/\/sey.fi\/wp-content\/uploads\/sites\/47\/2026\/01\/kissapentu-ja-taustalla-emo-ja-pentuja-scaled.jpg\",\"width\":2560,\"height\":1707,\"caption\":\"Kuva: Jenni Pasanen\"},{\"@type\":\"BreadcrumbList\",\"@id\":\"https:\/\/sey.fi\/kissa\/kissan-luovutusika-on-14-viikkoa\/#breadcrumb\",\"itemListElement\":[{\"@type\":\"ListItem\",\"position\":1,\"name\":\"Home\",\"item\":\"https:\/\/sey.fi\/kissa\/\"},{\"@type\":\"ListItem\",\"position\":2,\"name\":\"Kissan luovutusik\u00e4 on 14 viikkoa\"}]},{\"@type\":\"WebSite\",\"@id\":\"https:\/\/sey.fi\/kissa\/#website\",\"url\":\"https:\/\/sey.fi\/kissa\/\",\"name\":\"Kissatieto\",\"description\":\"Uusi SEY J\u00e4senyhdistykset -sivusto\",\"potentialAction\":[{\"@type\":\"SearchAction\",\"target\":{\"@type\":\"EntryPoint\",\"urlTemplate\":\"https:\/\/sey.fi\/kissa\/?s={search_term_string}\"},\"query-input\":{\"@type\":\"PropertyValueSpecification\",\"valueRequired\":true,\"valueName\":\"search_term_string\"}}],\"inLanguage\":\"fi\"}]}<\/script>\n<!-- \/ Yoast SEO plugin. -->","yoast_head_json":{"title":"Kissan luovutusik\u00e4 on 14 viikkoa","description":"Kissan luovutusik\u00e4 on 14 viikkoa, sill\u00e4 kissanpentujen tulee saada viett\u00e4\u00e4 el\u00e4m\u00e4ns\u00e4 ensimm\u00e4iset 14 viikkoa emonsa ja sisarustensa kanssa.","robots":{"index":"index","follow":"follow","max-snippet":"max-snippet:-1","max-image-preview":"max-image-preview:large","max-video-preview":"max-video-preview:-1"},"canonical":"https:\/\/sey.fi\/kissa\/kissan-luovutusika-on-14-viikkoa\/","og_locale":"fi_FI","og_type":"article","og_title":"Kissan luovutusik\u00e4 on 14 viikkoa","og_description":"Kissan luovutusik\u00e4 on 14 viikkoa, sill\u00e4 kissanpentujen tulee saada viett\u00e4\u00e4 el\u00e4m\u00e4ns\u00e4 ensimm\u00e4iset 14 viikkoa emonsa ja sisarustensa kanssa.","og_url":"https:\/\/sey.fi\/kissa\/kissan-luovutusika-on-14-viikkoa\/","og_site_name":"Kissatieto","article_modified_time":"2026-03-13T09:45:40+00:00","og_image":[{"width":2560,"height":1707,"url":"https:\/\/sey.fi\/wp-content\/uploads\/sites\/47\/2026\/01\/kissapentu-ja-taustalla-emo-ja-pentuja-scaled.jpg","type":"image\/jpeg"}],"twitter_card":"summary_large_image","twitter_misc":{"Arvioitu lukuaika":"6 minuuttia"},"schema":{"@context":"https:\/\/schema.org","@graph":[{"@type":"WebPage","@id":"https:\/\/sey.fi\/kissa\/kissan-luovutusika-on-14-viikkoa\/","url":"https:\/\/sey.fi\/kissa\/kissan-luovutusika-on-14-viikkoa\/","name":"Kissan luovutusik\u00e4 on 14 viikkoa","isPartOf":{"@id":"https:\/\/sey.fi\/kissa\/#website"},"primaryImageOfPage":{"@id":"https:\/\/sey.fi\/kissa\/kissan-luovutusika-on-14-viikkoa\/#primaryimage"},"image":{"@id":"https:\/\/sey.fi\/kissa\/kissan-luovutusika-on-14-viikkoa\/#primaryimage"},"thumbnailUrl":"https:\/\/sey.fi\/wp-content\/uploads\/sites\/47\/2026\/01\/kissapentu-ja-taustalla-emo-ja-pentuja-scaled.jpg","datePublished":"2019-12-09T11:05:08+00:00","dateModified":"2026-03-13T09:45:40+00:00","description":"Kissan luovutusik\u00e4 on 14 viikkoa, sill\u00e4 kissanpentujen tulee saada viett\u00e4\u00e4 el\u00e4m\u00e4ns\u00e4 ensimm\u00e4iset 14 viikkoa emonsa ja sisarustensa kanssa.","breadcrumb":{"@id":"https:\/\/sey.fi\/kissa\/kissan-luovutusika-on-14-viikkoa\/#breadcrumb"},"inLanguage":"fi","potentialAction":[{"@type":"ReadAction","target":["https:\/\/sey.fi\/kissa\/kissan-luovutusika-on-14-viikkoa\/"]}]},{"@type":"ImageObject","inLanguage":"fi","@id":"https:\/\/sey.fi\/kissa\/kissan-luovutusika-on-14-viikkoa\/#primaryimage","url":"https:\/\/sey.fi\/wp-content\/uploads\/sites\/47\/2026\/01\/kissapentu-ja-taustalla-emo-ja-pentuja-scaled.jpg","contentUrl":"https:\/\/sey.fi\/wp-content\/uploads\/sites\/47\/2026\/01\/kissapentu-ja-taustalla-emo-ja-pentuja-scaled.jpg","width":2560,"height":1707,"caption":"Kuva: Jenni Pasanen"},{"@type":"BreadcrumbList","@id":"https:\/\/sey.fi\/kissa\/kissan-luovutusika-on-14-viikkoa\/#breadcrumb","itemListElement":[{"@type":"ListItem","position":1,"name":"Home","item":"https:\/\/sey.fi\/kissa\/"},{"@type":"ListItem","position":2,"name":"Kissan luovutusik\u00e4 on 14 viikkoa"}]},{"@type":"WebSite","@id":"https:\/\/sey.fi\/kissa\/#website","url":"https:\/\/sey.fi\/kissa\/","name":"Kissatieto","description":"Uusi SEY J\u00e4senyhdistykset -sivusto","potentialAction":[{"@type":"SearchAction","target":{"@type":"EntryPoint","urlTemplate":"https:\/\/sey.fi\/kissa\/?s={search_term_string}"},"query-input":{"@type":"PropertyValueSpecification","valueRequired":true,"valueName":"search_term_string"}}],"inLanguage":"fi"}]}},"_links":{"self":[{"href":"https:\/\/sey.fi\/kissa\/wp-json\/wp\/v2\/pages\/37","targetHints":{"allow":["GET"]}}],"collection":[{"href":"https:\/\/sey.fi\/kissa\/wp-json\/wp\/v2\/pages"}],"about":[{"href":"https:\/\/sey.fi\/kissa\/wp-json\/wp\/v2\/types\/page"}],"author":[{"embeddable":true,"href":"https:\/\/sey.fi\/kissa\/wp-json\/wp\/v2\/users\/8"}],"replies":[{"embeddable":true,"href":"https:\/\/sey.fi\/kissa\/wp-json\/wp\/v2\/comments?post=37"}],"version-history":[{"count":20,"href":"https:\/\/sey.fi\/kissa\/wp-json\/wp\/v2\/pages\/37\/revisions"}],"predecessor-version":[{"id":601,"href":"https:\/\/sey.fi\/kissa\/wp-json\/wp\/v2\/pages\/37\/revisions\/601"}],"wp:featuredmedia":[{"embeddable":true,"href":"https:\/\/sey.fi\/kissa\/wp-json\/wp\/v2\/media\/406"}],"wp:attachment":[{"href":"https:\/\/sey.fi\/kissa\/wp-json\/wp\/v2\/media?parent=37"}],"curies":[{"name":"wp","href":"https:\/\/api.w.org\/{rel}","templated":true}]}}