{"id":47,"date":"2019-12-09T13:27:25","date_gmt":"2019-12-09T11:27:25","guid":{"rendered":"http:\/\/srvr10.xetpoint.com\/~seyfi\/kissatieto\/?page_id=47"},"modified":"2026-02-24T22:46:10","modified_gmt":"2026-02-24T20:46:10","slug":"pentutehtailusta","status":"publish","type":"page","link":"https:\/\/sey.fi\/kissa\/pentutehtailusta\/","title":{"rendered":"Pentutehtailusta"},"content":{"rendered":"\n<p class=\"has-text-align-left\"><em>Kuvan kissanpentu pelastettiin suomalaisesta pentutehtaasta. Se oli kasvanut ala-arvoisissa olosuhteissa ja se k\u00e4rsi mm. herpesviruksen aiheuttamasta, vakavasta silm\u00e4tulehduksesta. Pentutehtaasta per\u00e4isin olevat kissat voivat kuitenkin n\u00e4ytt\u00e4\u00e4 p\u00e4\u00e4llisin puolin terveilt\u00e4. Siksi kissaa itselleen etsiv\u00e4n on aina tutkittava huolellisesti pennun taustat. Kuva: Krista Hokkanen<\/em><\/p>\n\n\n\n<hr class=\"wp-block-separator has-alpha-channel-opacity\" \/>\n\n\n\n<p>Pentutehtailulla tarkoitetaan sit\u00e4, ett\u00e4 pentuja tuotetaan el\u00e4inten hyvinvoinnista v\u00e4litt\u00e4m\u00e4tt\u00e4 taloudellisen voiton takia. El\u00e4inten olosuhteet pentutehtaissa ovat usein karmaisevat. Pentutehtaissa tuotetaan usein suosittuja rotukissoja tai niiden sekoituksia. Vaikka myyj\u00e4 vakuutelee kissan rotutaustasta, el\u00e4imess\u00e4 ei ole v\u00e4ltt\u00e4m\u00e4tt\u00e4 kyseist\u00e4 rotua ollenkaan.<\/p>\n\n\n\n<p>Paikoissa, joissa kissatiheys on suuri ja hygienia heikkoa, erilaiset sairaudet levi\u00e4v\u00e4t helposti. Ep\u00e4m\u00e4\u00e4r\u00e4isist\u00e4 olosuhteista tullut pentu voi olla vakavasti sairas. Sen mnik\u00e4 pennun hankintahinnassa s\u00e4\u00e4st\u00e4\u00e4, voi joutua maksamaan moninkertaisesti el\u00e4inl\u00e4\u00e4k\u00e4rilaskun muodossa, jos pentu sairastuu. Joistakin virustaudeista kissa ei parane kokonaan, vaan tauti saattaa j\u00e4\u00e4d\u00e4 elimist\u00f6\u00f6n piilev\u00e4n\u00e4. Stressi tai yleiskunnon heikkeneminen voivat aktivoida virukset uudelleen.<\/p>\n\n\n\n<p>Pentutehtailun tuntomerkkej\u00e4 ovat mm.:<\/p>\n\n\n\n<ul class=\"wp-block-list\">\n<li>pentu tarjoudutaan tuomaan kotiin asti<\/li>\n\n\n\n<li>pentu luovutetaan esim. huoltoasemalla<\/li>\n\n\n\n<li>kasvattaja on valmis tinkim\u00e4\u00e4n luovutusi\u00e4st\u00e4<\/li>\n\n\n\n<li>pennun emoa tai kasvuolosuhteita ei p\u00e4\u00e4se n\u00e4kem\u00e4\u00e4n<\/li>\n\n\n\n<li>myyj\u00e4 painostaa ottamaan pennun.<\/li>\n<\/ul>\n\n\n\n<p>Vaikka surkea pentu s\u00e4\u00e4litt\u00e4isikin, sen ottaminen ja siit\u00e4 maksaminen tukee ep\u00e4eettisen toiminnan jatkamista. Pennun ostamisen sijaan on syyt\u00e4 ilmoittaa el\u00e4inten ep\u00e4asiallisesta kohtelusta joko <a href=\"https:\/\/sey.fi\/elain-hadassa\/\">el\u00e4insuojeluviranomaisille<\/a> tai SEYn <a href=\"https:\/\/sey.fi\/suojelemme-elaimia\/neuvojatoiminta\/\">el\u00e4insuojeluneuvojalle<\/a>.<\/p>\n\n\n\n<p>Lue lis\u00e4\u00e4 pentutehtailusta:<\/p>\n\n\n\n<p>El\u00e4inten yst\u00e4v\u00e4: <a href=\"https:\/\/elaintenystava.fi\/2023\/12\/28\/kissanpentuja-rahan-takia-kissojen-pentutehtailu-on-valitettavan-yleinen-ilmio\/\" target=\"_blank\" rel=\"noreferrer noopener\">Kissanpentuja rahan takia \u2013 kissanpentujen pentutehtailu on valitettavan yleinen ilmi\u00f6<\/a><\/p>\n\n\n\n<p><\/p>\n","protected":false},"excerpt":{"rendered":"<p>Kuvan kissanpentu pelastettiin suomalaisesta pentutehtaasta. Se oli kasvanut ala-arvoisissa olosuhteissa ja se k\u00e4rsi mm. herpesviruksen aiheuttamasta, vakavasta silm\u00e4tulehduksesta. Pentutehtaasta per\u00e4isin olevat kissat voivat kuitenkin n\u00e4ytt\u00e4\u00e4 p\u00e4\u00e4llisin puolin terveilt\u00e4. Siksi kissaa itselleen etsiv\u00e4n on aina tutkittava huolellisesti pennun taustat. Kuva: Krista Hokkanen Pentutehtailulla tarkoitetaan sit\u00e4, ett\u00e4 pentuja tuotetaan el\u00e4inten hyvinvoinnista v\u00e4litt\u00e4m\u00e4tt\u00e4 taloudellisen voiton takia. El\u00e4inten olosuhteet [&hellip;]<\/p>\n","protected":false},"author":8,"featured_media":410,"parent":0,"menu_order":0,"comment_status":"closed","ping_status":"closed","template":"","meta":{"_acf_changed":false,"footnotes":""},"class_list":["post-47","page","type-page","status-publish","has-post-thumbnail","hentry"],"acf":[],"yoast_head":"<!-- This site is optimized with the Yoast SEO plugin v27.1.1 - https:\/\/yoast.com\/product\/yoast-seo-wordpress\/ -->\n<title>Pentutehtailusta - Kissatieto<\/title>\n<meta name=\"robots\" content=\"index, follow, max-snippet:-1, max-image-preview:large, max-video-preview:-1\" \/>\n<link rel=\"canonical\" href=\"https:\/\/sey.fi\/kissa\/pentutehtailusta\/\" \/>\n<meta property=\"og:locale\" content=\"fi_FI\" \/>\n<meta property=\"og:type\" content=\"article\" \/>\n<meta property=\"og:title\" content=\"Pentutehtailusta - Kissatieto\" \/>\n<meta property=\"og:description\" content=\"Kuvan kissanpentu pelastettiin suomalaisesta pentutehtaasta. Se oli kasvanut ala-arvoisissa olosuhteissa ja se k\u00e4rsi mm. herpesviruksen aiheuttamasta, vakavasta silm\u00e4tulehduksesta. Pentutehtaasta per\u00e4isin olevat kissat voivat kuitenkin n\u00e4ytt\u00e4\u00e4 p\u00e4\u00e4llisin puolin terveilt\u00e4. Siksi kissaa itselleen etsiv\u00e4n on aina tutkittava huolellisesti pennun taustat. Kuva: Krista Hokkanen Pentutehtailulla tarkoitetaan sit\u00e4, ett\u00e4 pentuja tuotetaan el\u00e4inten hyvinvoinnista v\u00e4litt\u00e4m\u00e4tt\u00e4 taloudellisen voiton takia. El\u00e4inten olosuhteet [&hellip;]\" \/>\n<meta property=\"og:url\" content=\"https:\/\/sey.fi\/kissa\/pentutehtailusta\/\" \/>\n<meta property=\"og:site_name\" content=\"Kissatieto\" \/>\n<meta property=\"article:modified_time\" content=\"2026-02-24T20:46:10+00:00\" \/>\n<meta property=\"og:image\" content=\"https:\/\/sey.fi\/wp-content\/uploads\/sites\/47\/2026\/01\/kissa-pentutehdas.jpg\" \/>\n\t<meta property=\"og:image:width\" content=\"1920\" \/>\n\t<meta property=\"og:image:height\" content=\"960\" \/>\n\t<meta property=\"og:image:type\" content=\"image\/jpeg\" \/>\n<meta name=\"twitter:card\" content=\"summary_large_image\" \/>\n<meta name=\"twitter:label1\" content=\"Arvioitu lukuaika\" \/>\n\t<meta name=\"twitter:data1\" content=\"2 minuuttia\" \/>\n<script type=\"application\/ld+json\" class=\"yoast-schema-graph\">{\"@context\":\"https:\/\/schema.org\",\"@graph\":[{\"@type\":\"WebPage\",\"@id\":\"https:\/\/sey.fi\/kissa\/pentutehtailusta\/\",\"url\":\"https:\/\/sey.fi\/kissa\/pentutehtailusta\/\",\"name\":\"Pentutehtailusta - Kissatieto\",\"isPartOf\":{\"@id\":\"https:\/\/sey.fi\/kissa\/#website\"},\"primaryImageOfPage\":{\"@id\":\"https:\/\/sey.fi\/kissa\/pentutehtailusta\/#primaryimage\"},\"image\":{\"@id\":\"https:\/\/sey.fi\/kissa\/pentutehtailusta\/#primaryimage\"},\"thumbnailUrl\":\"https:\/\/sey.fi\/wp-content\/uploads\/sites\/47\/2026\/01\/kissa-pentutehdas.jpg\",\"datePublished\":\"2019-12-09T11:27:25+00:00\",\"dateModified\":\"2026-02-24T20:46:10+00:00\",\"breadcrumb\":{\"@id\":\"https:\/\/sey.fi\/kissa\/pentutehtailusta\/#breadcrumb\"},\"inLanguage\":\"fi\",\"potentialAction\":[{\"@type\":\"ReadAction\",\"target\":[\"https:\/\/sey.fi\/kissa\/pentutehtailusta\/\"]}]},{\"@type\":\"ImageObject\",\"inLanguage\":\"fi\",\"@id\":\"https:\/\/sey.fi\/kissa\/pentutehtailusta\/#primaryimage\",\"url\":\"https:\/\/sey.fi\/wp-content\/uploads\/sites\/47\/2026\/01\/kissa-pentutehdas.jpg\",\"contentUrl\":\"https:\/\/sey.fi\/wp-content\/uploads\/sites\/47\/2026\/01\/kissa-pentutehdas.jpg\",\"width\":1920,\"height\":960},{\"@type\":\"BreadcrumbList\",\"@id\":\"https:\/\/sey.fi\/kissa\/pentutehtailusta\/#breadcrumb\",\"itemListElement\":[{\"@type\":\"ListItem\",\"position\":1,\"name\":\"Home\",\"item\":\"https:\/\/sey.fi\/kissa\/\"},{\"@type\":\"ListItem\",\"position\":2,\"name\":\"Pentutehtailusta\"}]},{\"@type\":\"WebSite\",\"@id\":\"https:\/\/sey.fi\/kissa\/#website\",\"url\":\"https:\/\/sey.fi\/kissa\/\",\"name\":\"Kissatieto\",\"description\":\"Uusi SEY J\u00e4senyhdistykset -sivusto\",\"potentialAction\":[{\"@type\":\"SearchAction\",\"target\":{\"@type\":\"EntryPoint\",\"urlTemplate\":\"https:\/\/sey.fi\/kissa\/?s={search_term_string}\"},\"query-input\":{\"@type\":\"PropertyValueSpecification\",\"valueRequired\":true,\"valueName\":\"search_term_string\"}}],\"inLanguage\":\"fi\"}]}<\/script>\n<!-- \/ Yoast SEO plugin. -->","yoast_head_json":{"title":"Pentutehtailusta - Kissatieto","robots":{"index":"index","follow":"follow","max-snippet":"max-snippet:-1","max-image-preview":"max-image-preview:large","max-video-preview":"max-video-preview:-1"},"canonical":"https:\/\/sey.fi\/kissa\/pentutehtailusta\/","og_locale":"fi_FI","og_type":"article","og_title":"Pentutehtailusta - Kissatieto","og_description":"Kuvan kissanpentu pelastettiin suomalaisesta pentutehtaasta. Se oli kasvanut ala-arvoisissa olosuhteissa ja se k\u00e4rsi mm. herpesviruksen aiheuttamasta, vakavasta silm\u00e4tulehduksesta. Pentutehtaasta per\u00e4isin olevat kissat voivat kuitenkin n\u00e4ytt\u00e4\u00e4 p\u00e4\u00e4llisin puolin terveilt\u00e4. Siksi kissaa itselleen etsiv\u00e4n on aina tutkittava huolellisesti pennun taustat. Kuva: Krista Hokkanen Pentutehtailulla tarkoitetaan sit\u00e4, ett\u00e4 pentuja tuotetaan el\u00e4inten hyvinvoinnista v\u00e4litt\u00e4m\u00e4tt\u00e4 taloudellisen voiton takia. El\u00e4inten olosuhteet [&hellip;]","og_url":"https:\/\/sey.fi\/kissa\/pentutehtailusta\/","og_site_name":"Kissatieto","article_modified_time":"2026-02-24T20:46:10+00:00","og_image":[{"width":1920,"height":960,"url":"https:\/\/sey.fi\/wp-content\/uploads\/sites\/47\/2026\/01\/kissa-pentutehdas.jpg","type":"image\/jpeg"}],"twitter_card":"summary_large_image","twitter_misc":{"Arvioitu lukuaika":"2 minuuttia"},"schema":{"@context":"https:\/\/schema.org","@graph":[{"@type":"WebPage","@id":"https:\/\/sey.fi\/kissa\/pentutehtailusta\/","url":"https:\/\/sey.fi\/kissa\/pentutehtailusta\/","name":"Pentutehtailusta - Kissatieto","isPartOf":{"@id":"https:\/\/sey.fi\/kissa\/#website"},"primaryImageOfPage":{"@id":"https:\/\/sey.fi\/kissa\/pentutehtailusta\/#primaryimage"},"image":{"@id":"https:\/\/sey.fi\/kissa\/pentutehtailusta\/#primaryimage"},"thumbnailUrl":"https:\/\/sey.fi\/wp-content\/uploads\/sites\/47\/2026\/01\/kissa-pentutehdas.jpg","datePublished":"2019-12-09T11:27:25+00:00","dateModified":"2026-02-24T20:46:10+00:00","breadcrumb":{"@id":"https:\/\/sey.fi\/kissa\/pentutehtailusta\/#breadcrumb"},"inLanguage":"fi","potentialAction":[{"@type":"ReadAction","target":["https:\/\/sey.fi\/kissa\/pentutehtailusta\/"]}]},{"@type":"ImageObject","inLanguage":"fi","@id":"https:\/\/sey.fi\/kissa\/pentutehtailusta\/#primaryimage","url":"https:\/\/sey.fi\/wp-content\/uploads\/sites\/47\/2026\/01\/kissa-pentutehdas.jpg","contentUrl":"https:\/\/sey.fi\/wp-content\/uploads\/sites\/47\/2026\/01\/kissa-pentutehdas.jpg","width":1920,"height":960},{"@type":"BreadcrumbList","@id":"https:\/\/sey.fi\/kissa\/pentutehtailusta\/#breadcrumb","itemListElement":[{"@type":"ListItem","position":1,"name":"Home","item":"https:\/\/sey.fi\/kissa\/"},{"@type":"ListItem","position":2,"name":"Pentutehtailusta"}]},{"@type":"WebSite","@id":"https:\/\/sey.fi\/kissa\/#website","url":"https:\/\/sey.fi\/kissa\/","name":"Kissatieto","description":"Uusi SEY J\u00e4senyhdistykset -sivusto","potentialAction":[{"@type":"SearchAction","target":{"@type":"EntryPoint","urlTemplate":"https:\/\/sey.fi\/kissa\/?s={search_term_string}"},"query-input":{"@type":"PropertyValueSpecification","valueRequired":true,"valueName":"search_term_string"}}],"inLanguage":"fi"}]}},"_links":{"self":[{"href":"https:\/\/sey.fi\/kissa\/wp-json\/wp\/v2\/pages\/47","targetHints":{"allow":["GET"]}}],"collection":[{"href":"https:\/\/sey.fi\/kissa\/wp-json\/wp\/v2\/pages"}],"about":[{"href":"https:\/\/sey.fi\/kissa\/wp-json\/wp\/v2\/types\/page"}],"author":[{"embeddable":true,"href":"https:\/\/sey.fi\/kissa\/wp-json\/wp\/v2\/users\/8"}],"replies":[{"embeddable":true,"href":"https:\/\/sey.fi\/kissa\/wp-json\/wp\/v2\/comments?post=47"}],"version-history":[{"count":6,"href":"https:\/\/sey.fi\/kissa\/wp-json\/wp\/v2\/pages\/47\/revisions"}],"predecessor-version":[{"id":494,"href":"https:\/\/sey.fi\/kissa\/wp-json\/wp\/v2\/pages\/47\/revisions\/494"}],"wp:featuredmedia":[{"embeddable":true,"href":"https:\/\/sey.fi\/kissa\/wp-json\/wp\/v2\/media\/410"}],"wp:attachment":[{"href":"https:\/\/sey.fi\/kissa\/wp-json\/wp\/v2\/media?parent=47"}],"curies":[{"name":"wp","href":"https:\/\/api.w.org\/{rel}","templated":true}]}}