{"id":60,"date":"2019-12-09T13:39:49","date_gmt":"2019-12-09T11:39:49","guid":{"rendered":"http:\/\/srvr10.xetpoint.com\/~seyfi\/kissatieto\/?page_id=60"},"modified":"2020-01-11T10:26:55","modified_gmt":"2020-01-11T08:26:55","slug":"kissa-ja-lapset","status":"publish","type":"page","link":"https:\/\/sey.fi\/kissa\/kissa-ja-lapset\/","title":{"rendered":"Kissa ja lapset"},"content":{"rendered":"\n<p><em>Kuva: Hanna K. Heikkil\u00e4<\/em><\/p>\n\n\n\n<p>Kansantarinat kertovat, ett\u00e4 kissa on vauvalle vaarallinen, koska se \nvoi \u201dime\u00e4 vauvasta el\u00e4m\u00e4n\u201d. Hieman modernimmassa versiossa kissa \ntukehduttaa vauvan kasvojen p\u00e4\u00e4ll\u00e4 makaamalla. Syyn\u00e4 pikkuvauvojen \n\u00e4killisiin menehtymisiin on todenn\u00e4k\u00f6isesti ollut k\u00e4tkytkuolema, josta \nparemman selityksen puutteessa syytettiin viatonta kissaa. Mik\u00e4li \nuteliasta ja mukavuudenhaluista kissaa ei halua pinnas\u00e4nkyyn torkkumaan,\n voi s\u00e4ngyn suojata tukevalla kissaverkolla.<\/p>\n\n\n\n<p>Kissaa kannattaa totuttaa uuteen perheenj\u00e4seneen jo ennen kuin vauvan\n tuo kotiin. Kissa el\u00e4\u00e4 hajujen maailmassa, joten sille voi tuoda \nvauvantuoksuisia tekstiilej\u00e4 haisteltavaksi. Ja vaikka vauva vie \nsuurimman osan vanhempien huomiosta, ei kissaa pid\u00e4 unohtaa. Huomio ja \ns\u00e4\u00e4nn\u00f6lliset leikkihetket pit\u00e4v\u00e4t kissan hyv\u00e4ntuulisena. Silloin sen ei \ntarvitse purkaa energiaansa ihmisten kannalta h\u00e4iritseviin \naktiviteetteihin tai hakea huomiota, vaikka negatiivistakin, hinnalla \nmill\u00e4 hyv\u00e4ns\u00e4. Sen lis\u00e4ksi kissan sopeutumista uuteen tilanteeseen voi \ntukea Feliway-feromonihaihdutinta k\u00e4ytt\u00e4m\u00e4ll\u00e4. N\u00e4in tuoreen perheen arki\n s\u00e4ilyy seesteisen\u00e4.<\/p>\n\n\n\n<p>Pikkulapset eiv\u00e4t osaa luonnostaan olla vuorovaikutuksessa kissan \nkanssa, vaan tarvitsevat siihen vanhemman ohjausta. On t\u00e4rke\u00e4\u00e4 kertoa \nlapselle, ett\u00e4 kissa ei ole lelu, vaan el\u00e4v\u00e4 olento, joka tuntee kipua \nja voi s\u00e4ik\u00e4ht\u00e4\u00e4 \u00e4killisi\u00e4 liikkeit\u00e4. Jos s\u00e4ik\u00e4ht\u00e4nyt kissa kokee \nolevansa ansassa, se voi raapaista tai purra.<\/p>\n\n\n\n<p>Sopuisan ja stressitt\u00f6m\u00e4n yhteiselon takaamiseksi lapsen kanssa on hyv\u00e4 opetella ainakin n\u00e4m\u00e4 asiat:<\/p>\n\n\n\n<ul class=\"wp-block-list\"><li>anna kissan itse l\u00e4hesty\u00e4, \u00e4l\u00e4 seuraa kissaa<\/li><li>opeta lasta tarjoamaan ensin k\u00e4tt\u00e4 haisteltavaksi<\/li><li>opeta lapsi silitt\u00e4m\u00e4\u00e4n n\u00e4tisti avok\u00e4mmenell\u00e4<\/li><li>ensin silitet\u00e4\u00e4n poskista, sitten sel\u00e4st\u00e4 ja kyljist\u00e4 my\u00f6t\u00e4karvaan, jos kissa suostuu<\/li><li>kissat eiv\u00e4t yleens\u00e4 pid\u00e4 vatsapuolen koskettelusta<\/li><li>turkkiin ei saa tarttua!<\/li><li>kissan t\u00e4ytyy saada poistua tilanteesta niin halutessaan<\/li><\/ul>\n\n\n\n<p>Isompaa lasta voi my\u00f6s opettaa leikkim\u00e4\u00e4n kissan kanssa. Oma \nesimerkki auttaa lasta oppimaan, kuinka kissan kanssa leikit\u00e4\u00e4n niin, \nett\u00e4 molemmat nauttivat leikist\u00e4.<\/p>\n\n\n\n<p>Lapselle voi opettaa kissan kielt\u00e4. Lapsen on hyv\u00e4 tiet\u00e4\u00e4, kuinka \nkissa elehtii, kun se haluaa olla rauhassa. N\u00e4in voi v\u00e4ltt\u00e4\u00e4 konflikteja\n lapsen ja lemmikin v\u00e4lill\u00e4.<\/p>\n","protected":false},"excerpt":{"rendered":"<p>Kuva: Hanna K. Heikkil\u00e4 Kansantarinat kertovat, ett\u00e4 kissa on vauvalle vaarallinen, koska se voi \u201dime\u00e4 vauvasta el\u00e4m\u00e4n\u201d. Hieman modernimmassa versiossa kissa tukehduttaa vauvan kasvojen p\u00e4\u00e4ll\u00e4 makaamalla. Syyn\u00e4 pikkuvauvojen \u00e4killisiin menehtymisiin on todenn\u00e4k\u00f6isesti ollut k\u00e4tkytkuolema, josta paremman selityksen puutteessa syytettiin viatonta kissaa. Mik\u00e4li uteliasta ja mukavuudenhaluista kissaa ei halua pinnas\u00e4nkyyn torkkumaan, voi s\u00e4ngyn suojata tukevalla kissaverkolla. [&hellip;]<\/p>\n","protected":false},"author":8,"featured_media":63,"parent":0,"menu_order":0,"comment_status":"closed","ping_status":"closed","template":"","meta":{"_acf_changed":false,"footnotes":""},"class_list":["post-60","page","type-page","status-publish","has-post-thumbnail","hentry"],"acf":[],"yoast_head":"<!-- This site is optimized with the Yoast SEO plugin v27.1.1 - https:\/\/yoast.com\/product\/yoast-seo-wordpress\/ -->\n<title>Kissa ja lapset - Kissatieto<\/title>\n<meta name=\"robots\" content=\"index, follow, max-snippet:-1, max-image-preview:large, max-video-preview:-1\" \/>\n<link rel=\"canonical\" href=\"https:\/\/sey.fi\/kissa\/kissa-ja-lapset\/\" \/>\n<meta property=\"og:locale\" content=\"fi_FI\" \/>\n<meta property=\"og:type\" content=\"article\" \/>\n<meta property=\"og:title\" content=\"Kissa ja lapset - Kissatieto\" \/>\n<meta property=\"og:description\" content=\"Kuva: Hanna K. Heikkil\u00e4 Kansantarinat kertovat, ett\u00e4 kissa on vauvalle vaarallinen, koska se voi \u201dime\u00e4 vauvasta el\u00e4m\u00e4n\u201d. Hieman modernimmassa versiossa kissa tukehduttaa vauvan kasvojen p\u00e4\u00e4ll\u00e4 makaamalla. Syyn\u00e4 pikkuvauvojen \u00e4killisiin menehtymisiin on todenn\u00e4k\u00f6isesti ollut k\u00e4tkytkuolema, josta paremman selityksen puutteessa syytettiin viatonta kissaa. Mik\u00e4li uteliasta ja mukavuudenhaluista kissaa ei halua pinnas\u00e4nkyyn torkkumaan, voi s\u00e4ngyn suojata tukevalla kissaverkolla. [&hellip;]\" \/>\n<meta property=\"og:url\" content=\"https:\/\/sey.fi\/kissa\/kissa-ja-lapset\/\" \/>\n<meta property=\"og:site_name\" content=\"Kissatieto\" \/>\n<meta property=\"article:modified_time\" content=\"2020-01-11T08:26:55+00:00\" \/>\n<meta property=\"og:image\" content=\"https:\/\/sey.fi\/wp-content\/uploads\/sites\/47\/2019\/12\/poika_ja_kissa_6_hanna_k._heikkila-1.jpg\" \/>\n\t<meta property=\"og:image:width\" content=\"403\" \/>\n\t<meta property=\"og:image:height\" content=\"412\" \/>\n\t<meta property=\"og:image:type\" content=\"image\/jpeg\" \/>\n<meta name=\"twitter:card\" content=\"summary_large_image\" \/>\n<meta name=\"twitter:label1\" content=\"Arvioitu lukuaika\" \/>\n\t<meta name=\"twitter:data1\" content=\"2 minuuttia\" \/>\n<script type=\"application\/ld+json\" class=\"yoast-schema-graph\">{\"@context\":\"https:\/\/schema.org\",\"@graph\":[{\"@type\":\"WebPage\",\"@id\":\"https:\/\/sey.fi\/kissa\/kissa-ja-lapset\/\",\"url\":\"https:\/\/sey.fi\/kissa\/kissa-ja-lapset\/\",\"name\":\"Kissa ja lapset - Kissatieto\",\"isPartOf\":{\"@id\":\"https:\/\/sey.fi\/kissa\/#website\"},\"primaryImageOfPage\":{\"@id\":\"https:\/\/sey.fi\/kissa\/kissa-ja-lapset\/#primaryimage\"},\"image\":{\"@id\":\"https:\/\/sey.fi\/kissa\/kissa-ja-lapset\/#primaryimage\"},\"thumbnailUrl\":\"https:\/\/sey.fi\/wp-content\/uploads\/sites\/47\/2019\/12\/poika_ja_kissa_6_hanna_k._heikkila-1.jpg\",\"datePublished\":\"2019-12-09T11:39:49+00:00\",\"dateModified\":\"2020-01-11T08:26:55+00:00\",\"breadcrumb\":{\"@id\":\"https:\/\/sey.fi\/kissa\/kissa-ja-lapset\/#breadcrumb\"},\"inLanguage\":\"fi\",\"potentialAction\":[{\"@type\":\"ReadAction\",\"target\":[\"https:\/\/sey.fi\/kissa\/kissa-ja-lapset\/\"]}]},{\"@type\":\"ImageObject\",\"inLanguage\":\"fi\",\"@id\":\"https:\/\/sey.fi\/kissa\/kissa-ja-lapset\/#primaryimage\",\"url\":\"https:\/\/sey.fi\/wp-content\/uploads\/sites\/47\/2019\/12\/poika_ja_kissa_6_hanna_k._heikkila-1.jpg\",\"contentUrl\":\"https:\/\/sey.fi\/wp-content\/uploads\/sites\/47\/2019\/12\/poika_ja_kissa_6_hanna_k._heikkila-1.jpg\",\"width\":403,\"height\":412,\"caption\":\"pikkupoika raidallisessa paidassa istuu ja iloisena silitt\u00e4\u00e4 valkoista kissa, jolla tummat korvat ja naama\"},{\"@type\":\"BreadcrumbList\",\"@id\":\"https:\/\/sey.fi\/kissa\/kissa-ja-lapset\/#breadcrumb\",\"itemListElement\":[{\"@type\":\"ListItem\",\"position\":1,\"name\":\"Home\",\"item\":\"https:\/\/sey.fi\/kissa\/\"},{\"@type\":\"ListItem\",\"position\":2,\"name\":\"Kissa ja lapset\"}]},{\"@type\":\"WebSite\",\"@id\":\"https:\/\/sey.fi\/kissa\/#website\",\"url\":\"https:\/\/sey.fi\/kissa\/\",\"name\":\"Kissatieto\",\"description\":\"Uusi SEY J\u00e4senyhdistykset -sivusto\",\"potentialAction\":[{\"@type\":\"SearchAction\",\"target\":{\"@type\":\"EntryPoint\",\"urlTemplate\":\"https:\/\/sey.fi\/kissa\/?s={search_term_string}\"},\"query-input\":{\"@type\":\"PropertyValueSpecification\",\"valueRequired\":true,\"valueName\":\"search_term_string\"}}],\"inLanguage\":\"fi\"}]}<\/script>\n<!-- \/ Yoast SEO plugin. -->","yoast_head_json":{"title":"Kissa ja lapset - Kissatieto","robots":{"index":"index","follow":"follow","max-snippet":"max-snippet:-1","max-image-preview":"max-image-preview:large","max-video-preview":"max-video-preview:-1"},"canonical":"https:\/\/sey.fi\/kissa\/kissa-ja-lapset\/","og_locale":"fi_FI","og_type":"article","og_title":"Kissa ja lapset - Kissatieto","og_description":"Kuva: Hanna K. Heikkil\u00e4 Kansantarinat kertovat, ett\u00e4 kissa on vauvalle vaarallinen, koska se voi \u201dime\u00e4 vauvasta el\u00e4m\u00e4n\u201d. Hieman modernimmassa versiossa kissa tukehduttaa vauvan kasvojen p\u00e4\u00e4ll\u00e4 makaamalla. Syyn\u00e4 pikkuvauvojen \u00e4killisiin menehtymisiin on todenn\u00e4k\u00f6isesti ollut k\u00e4tkytkuolema, josta paremman selityksen puutteessa syytettiin viatonta kissaa. Mik\u00e4li uteliasta ja mukavuudenhaluista kissaa ei halua pinnas\u00e4nkyyn torkkumaan, voi s\u00e4ngyn suojata tukevalla kissaverkolla. [&hellip;]","og_url":"https:\/\/sey.fi\/kissa\/kissa-ja-lapset\/","og_site_name":"Kissatieto","article_modified_time":"2020-01-11T08:26:55+00:00","og_image":[{"width":403,"height":412,"url":"https:\/\/sey.fi\/wp-content\/uploads\/sites\/47\/2019\/12\/poika_ja_kissa_6_hanna_k._heikkila-1.jpg","type":"image\/jpeg"}],"twitter_card":"summary_large_image","twitter_misc":{"Arvioitu lukuaika":"2 minuuttia"},"schema":{"@context":"https:\/\/schema.org","@graph":[{"@type":"WebPage","@id":"https:\/\/sey.fi\/kissa\/kissa-ja-lapset\/","url":"https:\/\/sey.fi\/kissa\/kissa-ja-lapset\/","name":"Kissa ja lapset - Kissatieto","isPartOf":{"@id":"https:\/\/sey.fi\/kissa\/#website"},"primaryImageOfPage":{"@id":"https:\/\/sey.fi\/kissa\/kissa-ja-lapset\/#primaryimage"},"image":{"@id":"https:\/\/sey.fi\/kissa\/kissa-ja-lapset\/#primaryimage"},"thumbnailUrl":"https:\/\/sey.fi\/wp-content\/uploads\/sites\/47\/2019\/12\/poika_ja_kissa_6_hanna_k._heikkila-1.jpg","datePublished":"2019-12-09T11:39:49+00:00","dateModified":"2020-01-11T08:26:55+00:00","breadcrumb":{"@id":"https:\/\/sey.fi\/kissa\/kissa-ja-lapset\/#breadcrumb"},"inLanguage":"fi","potentialAction":[{"@type":"ReadAction","target":["https:\/\/sey.fi\/kissa\/kissa-ja-lapset\/"]}]},{"@type":"ImageObject","inLanguage":"fi","@id":"https:\/\/sey.fi\/kissa\/kissa-ja-lapset\/#primaryimage","url":"https:\/\/sey.fi\/wp-content\/uploads\/sites\/47\/2019\/12\/poika_ja_kissa_6_hanna_k._heikkila-1.jpg","contentUrl":"https:\/\/sey.fi\/wp-content\/uploads\/sites\/47\/2019\/12\/poika_ja_kissa_6_hanna_k._heikkila-1.jpg","width":403,"height":412,"caption":"pikkupoika raidallisessa paidassa istuu ja iloisena silitt\u00e4\u00e4 valkoista kissa, jolla tummat korvat ja naama"},{"@type":"BreadcrumbList","@id":"https:\/\/sey.fi\/kissa\/kissa-ja-lapset\/#breadcrumb","itemListElement":[{"@type":"ListItem","position":1,"name":"Home","item":"https:\/\/sey.fi\/kissa\/"},{"@type":"ListItem","position":2,"name":"Kissa ja lapset"}]},{"@type":"WebSite","@id":"https:\/\/sey.fi\/kissa\/#website","url":"https:\/\/sey.fi\/kissa\/","name":"Kissatieto","description":"Uusi SEY J\u00e4senyhdistykset -sivusto","potentialAction":[{"@type":"SearchAction","target":{"@type":"EntryPoint","urlTemplate":"https:\/\/sey.fi\/kissa\/?s={search_term_string}"},"query-input":{"@type":"PropertyValueSpecification","valueRequired":true,"valueName":"search_term_string"}}],"inLanguage":"fi"}]}},"_links":{"self":[{"href":"https:\/\/sey.fi\/kissa\/wp-json\/wp\/v2\/pages\/60","targetHints":{"allow":["GET"]}}],"collection":[{"href":"https:\/\/sey.fi\/kissa\/wp-json\/wp\/v2\/pages"}],"about":[{"href":"https:\/\/sey.fi\/kissa\/wp-json\/wp\/v2\/types\/page"}],"author":[{"embeddable":true,"href":"https:\/\/sey.fi\/kissa\/wp-json\/wp\/v2\/users\/8"}],"replies":[{"embeddable":true,"href":"https:\/\/sey.fi\/kissa\/wp-json\/wp\/v2\/comments?post=60"}],"version-history":[{"count":1,"href":"https:\/\/sey.fi\/kissa\/wp-json\/wp\/v2\/pages\/60\/revisions"}],"predecessor-version":[{"id":62,"href":"https:\/\/sey.fi\/kissa\/wp-json\/wp\/v2\/pages\/60\/revisions\/62"}],"wp:featuredmedia":[{"embeddable":true,"href":"https:\/\/sey.fi\/kissa\/wp-json\/wp\/v2\/media\/63"}],"wp:attachment":[{"href":"https:\/\/sey.fi\/kissa\/wp-json\/wp\/v2\/media?parent=60"}],"curies":[{"name":"wp","href":"https:\/\/api.w.org\/{rel}","templated":true}]}}