{"id":79,"date":"2019-12-09T13:50:13","date_gmt":"2019-12-09T11:50:13","guid":{"rendered":"http:\/\/srvr10.xetpoint.com\/~seyfi\/kissatieto\/?page_id=79"},"modified":"2026-02-25T01:50:37","modified_gmt":"2026-02-24T23:50:37","slug":"yksi-vai-kaksi-kissaa","status":"publish","type":"page","link":"https:\/\/sey.fi\/kissa\/yksi-vai-kaksi-kissaa\/","title":{"rendered":"Yksi vai kaksi kissaa?"},"content":{"rendered":"\n<p class=\"has-text-align-right has-small-font-size\"><em>Kuva: Sonja Nurmi-Tuominen<\/em><\/p>\n\n\n\n<hr class=\"wp-block-separator has-alpha-channel-opacity\" \/>\n\n\n\n<p class=\"has-medium-font-size\"><em>Pentuajan kokemuksilla lajitovereista on suuri merkitys kissan sosiaaliselle taitavuudelle. <\/em><\/p>\n\n\n\n<hr class=\"wp-block-separator has-alpha-channel-opacity\" \/>\n\n\n\n<p>Kissan <a href=\"https:\/\/sey.fi\/kissa\/kissat\/kotikissan-historia\/\">kantamuoto afrikanvillikissa<\/a> el\u00e4\u00e4 reviirill\u00e4\u00e4n yksin\u00e4ist\u00e4 el\u00e4m\u00e4\u00e4 ja sosiaalista vuorovaikutusta syntyy l\u00e4hinn\u00e4 paritteluaikaan uroksen ja naaraan v\u00e4lille sek\u00e4 emon ja pentujen v\u00e4lill\u00e4. Leijonia lukuun ottamatta muutkin kissael\u00e4imet ovat yksinel\u00e4ji\u00e4. <\/p>\n\n\n\n<p>Matka villikissasta kesykissaksi on kuitenkin muuttanut kissan sosiaalista k\u00e4ytt\u00e4ytymist\u00e4. Kun ihmiset alkoivat tuhansia vuosia sitten varastoida viljaa, muodostui kissoille ylt\u00e4kyll\u00e4isi\u00e4 ravinnonl\u00e4hteit\u00e4. Osa kissoista alkoi pikkuhiljaa siet\u00e4\u00e4 lajitovereita hieman l\u00e4hemp\u00e4n\u00e4 kuin toiset, eiv\u00e4tk\u00e4 ne riskeeranneet terveytt\u00e4\u00e4n tappelemalla niin herk\u00e4sti resursseista. Lajitovereitaan paremmin siet\u00e4neet kissat p\u00e4\u00e4siv\u00e4t nauttimaan runsaammasta ravinnosta ja suojasta ja p\u00e4\u00e4siv\u00e4t siten jatkamaan sukuaan tehokkaammin.<\/p>\n\n\n\n<p>Kissojen sosiaaliset ryhm\u00e4t perustuivat ennen kaikkea sukulaisuudelle, ja t\u00e4n\u00e4kin p\u00e4iv\u00e4n\u00e4 l\u00e4heisimm\u00e4t aikuisten kissojen v\u00e4liset suhteet ovat yleens\u00e4 sisarusten tai emon ja pennun v\u00e4lisi\u00e4. Jotta kissasta kasvaisi sosiaalisesti taitava aikuinen, sen tulee saada pentuaikanaan paljon hyvi\u00e4 kokemuksia lajitovereistaan.<\/p>\n\n\n\n<figure class=\"wp-block-image size-large\"><img loading=\"lazy\" decoding=\"async\" width=\"1024\" height=\"625\" src=\"https:\/\/sey.fi\/wp-content\/uploads\/sites\/47\/2026\/02\/iso-ja-pieni-kissa-nukkuu-vierekkain-1024x625.jpg\" alt=\"\" class=\"wp-image-523\" srcset=\"https:\/\/sey.fi\/wp-content\/uploads\/sites\/47\/2026\/02\/iso-ja-pieni-kissa-nukkuu-vierekkain-1024x625.jpg 1024w, https:\/\/sey.fi\/wp-content\/uploads\/sites\/47\/2026\/02\/iso-ja-pieni-kissa-nukkuu-vierekkain-300x183.jpg 300w, https:\/\/sey.fi\/wp-content\/uploads\/sites\/47\/2026\/02\/iso-ja-pieni-kissa-nukkuu-vierekkain-768x469.jpg 768w, https:\/\/sey.fi\/wp-content\/uploads\/sites\/47\/2026\/02\/iso-ja-pieni-kissa-nukkuu-vierekkain-1536x938.jpg 1536w, https:\/\/sey.fi\/wp-content\/uploads\/sites\/47\/2026\/02\/iso-ja-pieni-kissa-nukkuu-vierekkain-2048x1250.jpg 2048w\" sizes=\"auto, (max-width: 1024px) 100vw, 1024px\" \/><figcaption class=\"wp-element-caption\">Kuva: Jenni Pasanen<\/figcaption><\/figure>\n\n\n\n<h2 class=\"wp-block-heading\">L\u00f6yt\u00e4isitk\u00f6 valmiit kissakaverukset?<\/h2>\n\n\n\n<p>El\u00e4insuojeluyhdistyksiss\u00e4 on toisinaan aikuisia kissapareja, jotka ovat hyvi\u00e4 yst\u00e4vi\u00e4. My\u00f6s yksityishenkil\u00f6iden ilmoituksia uutta kotia etsivist\u00e4 kissapareista kannattaa seurata. Jos kissat ovat hyviss\u00e4 v\u00e4leiss\u00e4 jo valmiiksi, s\u00e4\u00e4st\u00e4\u00e4 uusi omistaja tutustuttamisen vaivan ja aidon yst\u00e4vyyden vallitseminen kissojen v\u00e4lill\u00e4 tulee todenn\u00e4k\u00f6isemm\u00e4ksi.<\/p>\n\n\n\n<p>Kissojen v\u00e4lisen yst\u00e4vyyden tunnistaa siit\u00e4, ett\u00e4 molemmat kissat hakeutuvat mielell\u00e4\u00e4n rauhalliseen fyysiseen l\u00e4heisyyteen toisen kissan kanssa, esimerkiksi nukkumaan kylki kyljess\u00e4. Molemminpuolinen puskeminen on hyv\u00e4 merkki, samoin pehme\u00e4otteinen leikki, jossa osat vaihtuvat ja johon ei kuulu s\u00e4hin\u00e4\u00e4 tai murinaa. Pelkk\u00e4 saman katon alla asuminen ilman tappeluita ei siis tarkoita, ett\u00e4 kissat ovat yst\u00e4vi\u00e4.<\/p>\n","protected":false},"excerpt":{"rendered":"<p>Kuva: Sonja Nurmi-Tuominen Pentuajan kokemuksilla lajitovereista on suuri merkitys kissan sosiaaliselle taitavuudelle. Kissan kantamuoto afrikanvillikissa el\u00e4\u00e4 reviirill\u00e4\u00e4n yksin\u00e4ist\u00e4 el\u00e4m\u00e4\u00e4 ja sosiaalista vuorovaikutusta syntyy l\u00e4hinn\u00e4 paritteluaikaan uroksen ja naaraan v\u00e4lille sek\u00e4 emon ja pentujen v\u00e4lill\u00e4. Leijonia lukuun ottamatta muutkin kissael\u00e4imet ovat yksinel\u00e4ji\u00e4. Matka villikissasta kesykissaksi on kuitenkin muuttanut kissan sosiaalista k\u00e4ytt\u00e4ytymist\u00e4. Kun ihmiset alkoivat tuhansia vuosia [&hellip;]<\/p>\n","protected":false},"author":8,"featured_media":439,"parent":0,"menu_order":0,"comment_status":"closed","ping_status":"closed","template":"","meta":{"_acf_changed":false,"footnotes":""},"class_list":["post-79","page","type-page","status-publish","has-post-thumbnail","hentry"],"acf":[],"yoast_head":"<!-- This site is optimized with the Yoast SEO plugin v27.1.1 - https:\/\/yoast.com\/product\/yoast-seo-wordpress\/ -->\n<title>Yksi vai kaksi kissaa? - Kissatieto<\/title>\n<meta name=\"robots\" content=\"index, follow, max-snippet:-1, max-image-preview:large, max-video-preview:-1\" \/>\n<link rel=\"canonical\" href=\"https:\/\/sey.fi\/kissa\/yksi-vai-kaksi-kissaa\/\" \/>\n<meta property=\"og:locale\" content=\"fi_FI\" \/>\n<meta property=\"og:type\" content=\"article\" \/>\n<meta property=\"og:title\" content=\"Yksi vai kaksi kissaa? - Kissatieto\" \/>\n<meta property=\"og:description\" content=\"Kuva: Sonja Nurmi-Tuominen Pentuajan kokemuksilla lajitovereista on suuri merkitys kissan sosiaaliselle taitavuudelle. Kissan kantamuoto afrikanvillikissa el\u00e4\u00e4 reviirill\u00e4\u00e4n yksin\u00e4ist\u00e4 el\u00e4m\u00e4\u00e4 ja sosiaalista vuorovaikutusta syntyy l\u00e4hinn\u00e4 paritteluaikaan uroksen ja naaraan v\u00e4lille sek\u00e4 emon ja pentujen v\u00e4lill\u00e4. Leijonia lukuun ottamatta muutkin kissael\u00e4imet ovat yksinel\u00e4ji\u00e4. Matka villikissasta kesykissaksi on kuitenkin muuttanut kissan sosiaalista k\u00e4ytt\u00e4ytymist\u00e4. Kun ihmiset alkoivat tuhansia vuosia [&hellip;]\" \/>\n<meta property=\"og:url\" content=\"https:\/\/sey.fi\/kissa\/yksi-vai-kaksi-kissaa\/\" \/>\n<meta property=\"og:site_name\" content=\"Kissatieto\" \/>\n<meta property=\"article:modified_time\" content=\"2026-02-24T23:50:37+00:00\" \/>\n<meta property=\"og:image\" content=\"https:\/\/sey.fi\/wp-content\/uploads\/sites\/47\/2026\/01\/kissa-hero-1.png\" \/>\n\t<meta property=\"og:image:width\" content=\"1920\" \/>\n\t<meta property=\"og:image:height\" content=\"960\" \/>\n\t<meta property=\"og:image:type\" content=\"image\/png\" \/>\n<meta name=\"twitter:card\" content=\"summary_large_image\" \/>\n<meta name=\"twitter:label1\" content=\"Arvioitu lukuaika\" \/>\n\t<meta name=\"twitter:data1\" content=\"2 minuuttia\" \/>\n<script type=\"application\/ld+json\" class=\"yoast-schema-graph\">{\"@context\":\"https:\/\/schema.org\",\"@graph\":[{\"@type\":\"WebPage\",\"@id\":\"https:\/\/sey.fi\/kissa\/yksi-vai-kaksi-kissaa\/\",\"url\":\"https:\/\/sey.fi\/kissa\/yksi-vai-kaksi-kissaa\/\",\"name\":\"Yksi vai kaksi kissaa? - Kissatieto\",\"isPartOf\":{\"@id\":\"https:\/\/sey.fi\/kissa\/#website\"},\"primaryImageOfPage\":{\"@id\":\"https:\/\/sey.fi\/kissa\/yksi-vai-kaksi-kissaa\/#primaryimage\"},\"image\":{\"@id\":\"https:\/\/sey.fi\/kissa\/yksi-vai-kaksi-kissaa\/#primaryimage\"},\"thumbnailUrl\":\"https:\/\/sey.fi\/wp-content\/uploads\/sites\/47\/2026\/01\/kissa-hero-1.png\",\"datePublished\":\"2019-12-09T11:50:13+00:00\",\"dateModified\":\"2026-02-24T23:50:37+00:00\",\"breadcrumb\":{\"@id\":\"https:\/\/sey.fi\/kissa\/yksi-vai-kaksi-kissaa\/#breadcrumb\"},\"inLanguage\":\"fi\",\"potentialAction\":[{\"@type\":\"ReadAction\",\"target\":[\"https:\/\/sey.fi\/kissa\/yksi-vai-kaksi-kissaa\/\"]}]},{\"@type\":\"ImageObject\",\"inLanguage\":\"fi\",\"@id\":\"https:\/\/sey.fi\/kissa\/yksi-vai-kaksi-kissaa\/#primaryimage\",\"url\":\"https:\/\/sey.fi\/wp-content\/uploads\/sites\/47\/2026\/01\/kissa-hero-1.png\",\"contentUrl\":\"https:\/\/sey.fi\/wp-content\/uploads\/sites\/47\/2026\/01\/kissa-hero-1.png\",\"width\":1920,\"height\":960,\"caption\":\"harmaa ja raidallinen oranssi kissa makaa vierekk\u00e4in kissanpedill\u00e4\"},{\"@type\":\"BreadcrumbList\",\"@id\":\"https:\/\/sey.fi\/kissa\/yksi-vai-kaksi-kissaa\/#breadcrumb\",\"itemListElement\":[{\"@type\":\"ListItem\",\"position\":1,\"name\":\"Home\",\"item\":\"https:\/\/sey.fi\/kissa\/\"},{\"@type\":\"ListItem\",\"position\":2,\"name\":\"Yksi vai kaksi kissaa?\"}]},{\"@type\":\"WebSite\",\"@id\":\"https:\/\/sey.fi\/kissa\/#website\",\"url\":\"https:\/\/sey.fi\/kissa\/\",\"name\":\"Kissatieto\",\"description\":\"Uusi SEY J\u00e4senyhdistykset -sivusto\",\"potentialAction\":[{\"@type\":\"SearchAction\",\"target\":{\"@type\":\"EntryPoint\",\"urlTemplate\":\"https:\/\/sey.fi\/kissa\/?s={search_term_string}\"},\"query-input\":{\"@type\":\"PropertyValueSpecification\",\"valueRequired\":true,\"valueName\":\"search_term_string\"}}],\"inLanguage\":\"fi\"}]}<\/script>\n<!-- \/ Yoast SEO plugin. -->","yoast_head_json":{"title":"Yksi vai kaksi kissaa? - Kissatieto","robots":{"index":"index","follow":"follow","max-snippet":"max-snippet:-1","max-image-preview":"max-image-preview:large","max-video-preview":"max-video-preview:-1"},"canonical":"https:\/\/sey.fi\/kissa\/yksi-vai-kaksi-kissaa\/","og_locale":"fi_FI","og_type":"article","og_title":"Yksi vai kaksi kissaa? - Kissatieto","og_description":"Kuva: Sonja Nurmi-Tuominen Pentuajan kokemuksilla lajitovereista on suuri merkitys kissan sosiaaliselle taitavuudelle. Kissan kantamuoto afrikanvillikissa el\u00e4\u00e4 reviirill\u00e4\u00e4n yksin\u00e4ist\u00e4 el\u00e4m\u00e4\u00e4 ja sosiaalista vuorovaikutusta syntyy l\u00e4hinn\u00e4 paritteluaikaan uroksen ja naaraan v\u00e4lille sek\u00e4 emon ja pentujen v\u00e4lill\u00e4. Leijonia lukuun ottamatta muutkin kissael\u00e4imet ovat yksinel\u00e4ji\u00e4. Matka villikissasta kesykissaksi on kuitenkin muuttanut kissan sosiaalista k\u00e4ytt\u00e4ytymist\u00e4. Kun ihmiset alkoivat tuhansia vuosia [&hellip;]","og_url":"https:\/\/sey.fi\/kissa\/yksi-vai-kaksi-kissaa\/","og_site_name":"Kissatieto","article_modified_time":"2026-02-24T23:50:37+00:00","og_image":[{"width":1920,"height":960,"url":"https:\/\/sey.fi\/wp-content\/uploads\/sites\/47\/2026\/01\/kissa-hero-1.png","type":"image\/png"}],"twitter_card":"summary_large_image","twitter_misc":{"Arvioitu lukuaika":"2 minuuttia"},"schema":{"@context":"https:\/\/schema.org","@graph":[{"@type":"WebPage","@id":"https:\/\/sey.fi\/kissa\/yksi-vai-kaksi-kissaa\/","url":"https:\/\/sey.fi\/kissa\/yksi-vai-kaksi-kissaa\/","name":"Yksi vai kaksi kissaa? - Kissatieto","isPartOf":{"@id":"https:\/\/sey.fi\/kissa\/#website"},"primaryImageOfPage":{"@id":"https:\/\/sey.fi\/kissa\/yksi-vai-kaksi-kissaa\/#primaryimage"},"image":{"@id":"https:\/\/sey.fi\/kissa\/yksi-vai-kaksi-kissaa\/#primaryimage"},"thumbnailUrl":"https:\/\/sey.fi\/wp-content\/uploads\/sites\/47\/2026\/01\/kissa-hero-1.png","datePublished":"2019-12-09T11:50:13+00:00","dateModified":"2026-02-24T23:50:37+00:00","breadcrumb":{"@id":"https:\/\/sey.fi\/kissa\/yksi-vai-kaksi-kissaa\/#breadcrumb"},"inLanguage":"fi","potentialAction":[{"@type":"ReadAction","target":["https:\/\/sey.fi\/kissa\/yksi-vai-kaksi-kissaa\/"]}]},{"@type":"ImageObject","inLanguage":"fi","@id":"https:\/\/sey.fi\/kissa\/yksi-vai-kaksi-kissaa\/#primaryimage","url":"https:\/\/sey.fi\/wp-content\/uploads\/sites\/47\/2026\/01\/kissa-hero-1.png","contentUrl":"https:\/\/sey.fi\/wp-content\/uploads\/sites\/47\/2026\/01\/kissa-hero-1.png","width":1920,"height":960,"caption":"harmaa ja raidallinen oranssi kissa makaa vierekk\u00e4in kissanpedill\u00e4"},{"@type":"BreadcrumbList","@id":"https:\/\/sey.fi\/kissa\/yksi-vai-kaksi-kissaa\/#breadcrumb","itemListElement":[{"@type":"ListItem","position":1,"name":"Home","item":"https:\/\/sey.fi\/kissa\/"},{"@type":"ListItem","position":2,"name":"Yksi vai kaksi kissaa?"}]},{"@type":"WebSite","@id":"https:\/\/sey.fi\/kissa\/#website","url":"https:\/\/sey.fi\/kissa\/","name":"Kissatieto","description":"Uusi SEY J\u00e4senyhdistykset -sivusto","potentialAction":[{"@type":"SearchAction","target":{"@type":"EntryPoint","urlTemplate":"https:\/\/sey.fi\/kissa\/?s={search_term_string}"},"query-input":{"@type":"PropertyValueSpecification","valueRequired":true,"valueName":"search_term_string"}}],"inLanguage":"fi"}]}},"_links":{"self":[{"href":"https:\/\/sey.fi\/kissa\/wp-json\/wp\/v2\/pages\/79","targetHints":{"allow":["GET"]}}],"collection":[{"href":"https:\/\/sey.fi\/kissa\/wp-json\/wp\/v2\/pages"}],"about":[{"href":"https:\/\/sey.fi\/kissa\/wp-json\/wp\/v2\/types\/page"}],"author":[{"embeddable":true,"href":"https:\/\/sey.fi\/kissa\/wp-json\/wp\/v2\/users\/8"}],"replies":[{"embeddable":true,"href":"https:\/\/sey.fi\/kissa\/wp-json\/wp\/v2\/comments?post=79"}],"version-history":[{"count":6,"href":"https:\/\/sey.fi\/kissa\/wp-json\/wp\/v2\/pages\/79\/revisions"}],"predecessor-version":[{"id":530,"href":"https:\/\/sey.fi\/kissa\/wp-json\/wp\/v2\/pages\/79\/revisions\/530"}],"wp:featuredmedia":[{"embeddable":true,"href":"https:\/\/sey.fi\/kissa\/wp-json\/wp\/v2\/media\/439"}],"wp:attachment":[{"href":"https:\/\/sey.fi\/kissa\/wp-json\/wp\/v2\/media?parent=79"}],"curies":[{"name":"wp","href":"https:\/\/api.w.org\/{rel}","templated":true}]}}