{"id":82,"date":"2019-12-09T13:52:53","date_gmt":"2019-12-09T11:52:53","guid":{"rendered":"http:\/\/srvr10.xetpoint.com\/~seyfi\/kissatieto\/?page_id=82"},"modified":"2026-03-02T13:50:52","modified_gmt":"2026-03-02T11:50:52","slug":"uuden-kissan-tuominen-perheeseen","status":"publish","type":"page","link":"https:\/\/sey.fi\/kissa\/uuden-kissan-tuominen-perheeseen\/","title":{"rendered":"Uuden kissan tuominen perheeseen"},"content":{"rendered":"\n<p class=\"has-medium-font-size\"><em>Uuden kissan tuominen vanhojen kissojen reviirille niin, ett\u00e4 sopu s\u00e4ilyy, vaatii omistajalta tietoa ja viitseli\u00e4isyytt\u00e4. Helpoimmin tulokkaan hyv\u00e4ksyv\u00e4t nuoret kissat, ja vaivattomimmin tutustuminen sujuu pennun kanssa.<\/em><\/p>\n\n\n\n<hr class=\"wp-block-separator has-alpha-channel-opacity\" \/>\n\n\n\n<p>Aikuisen tulokkaan kanssa kannattaa noudattaa kissojen omaa k\u00e4yt\u00e4nt\u00f6\u00e4 tutustumisen suhteen. Mik\u00e4li aikuinen kissa pyrkii vieraiden kissojen reviirille, se ei tunkeudu suoraan sen ydinalueelle, vaan aloittaa varovaisen hajumerkkien j\u00e4tt\u00e4misen reviirin ulkolaidoille ja vasta v\u00e4hitellen hivuttautuu l\u00e4hemm\u00e4ksi muita. Vaikka kissat pyrkiv\u00e4t luonnostaan v\u00e4lttelem\u00e4\u00e4n konflikteja muiden kanssa, ahtaat ihmisasumukset saattavat tehd\u00e4 kohteliaan vet\u00e4ytymisen mahdottomaksi.<\/p>\n\n\n\n<h2 class=\"wp-block-heading\">Tutustuttamisen vaiheet:<\/h2>\n\n\n\n<ol class=\"wp-block-list\">\n<li><p>Tulokas tuodaan eri huoneeseen kuin siihen, jossa talon oma kissa viett\u00e4\u00e4 eniten aikaa, ja huolehditaan siit\u00e4, ett\u00e4 ovi niiden v\u00e4lill\u00e4 on koko ajan kiinni. Varmistetaan, ett\u00e4 molemmilla kissoilla on riitt\u00e4v\u00e4sti vett\u00e4, ruokaa, kiipeily- ja piilopaikkoja sek\u00e4 leluja. My\u00f6s raapimapuu ja hiekkalaatikko on oltava molemmilla. Feliway-feromonihaihdutin sein\u00e4ss\u00e4 v\u00e4hent\u00e4\u00e4 kissojen kokemaa stressi\u00e4.<\/p><\/li>\n\n\n\n<li><p>Tutustuttamisen vaiheesta toiseen voidaan edet\u00e4 aina vasta siin\u00e4 vaiheessa, kun kissat k\u00e4ytt\u00e4ytyv\u00e4t aiemmassa vaiheessa rennosti. T\u00e4m\u00e4 n\u00e4kyy esimerkiksi siin\u00e4, ett\u00e4 ne liikkuvat tilassaan vapaasti ja rennosti ja sy\u00f6v\u00e4t, leikkiv\u00e4t, peseytyv\u00e4t ja nukkuvat normaalisti. Jos intensiivist\u00e4 tuijottamista, s\u00e4hin\u00e4\u00e4, kyyristely\u00e4 tai pakenemista ilmenee miss\u00e4 tahansa vaiheessa, on prosessissa edetty liian nopeasti ja askelissa on palattava taaksep\u00e4in.<\/p><\/li>\n\n\n\n<li><p>Kissojen kanssa leikit\u00e4\u00e4n sek\u00e4 tutustuttamisprosessin aikana ett\u00e4 sen j\u00e4lkeenkin paljon, sill\u00e4 leikkiminen v\u00e4hent\u00e4\u00e4 stressi\u00e4. Temppukoulutuksesta voi olla paljon apua niin stressin lievitt\u00e4misess\u00e4 kuin kissojen huomion ohjailun ty\u00f6kalunakin.<\/p><\/li>\n\n\n\n<li><p>Hajut ovat kissoille t\u00e4rkeit\u00e4. Kun kissat eiv\u00e4t ole en\u00e4\u00e4 stressaantuneita toistensa oven takaa kuuluvista \u00e4\u00e4nist\u00e4, aloitetaan varovainen hajujenvaihto. Kissan hajua, erityisesti poskista ja suupielist\u00e4, hierotaan kankaaseen. Kangas vied\u00e4\u00e4n toiselle kissalle tutustuttavaksi. Kankaan p\u00e4\u00e4lt\u00e4 voi tarjoilla herkkuja, jotta toisen hajusta syntyy mukavia mielleyhtymi\u00e4. Hajut vaihtuvat my\u00f6s kissoja vuorotellen silittelem\u00e4ll\u00e4. <\/p><\/li>\n\n\n\n<li><p>Ensimm\u00e4inen tapaaminen tapahtuu ovenraosta, josta kissa haistaa toisen, mutta ei p\u00e4\u00e4se huitomaan tassulla. Herkkuja tarjoilemalla pyrit\u00e4\u00e4n luomaan tilanteeseen positiivista mielleyhtym\u00e4\u00e4 ja lievent\u00e4m\u00e4\u00e4n j\u00e4nnityst\u00e4. Kissoja voi tilanteessa my\u00f6s leikitt\u00e4\u00e4 rauhallisesti, mutta riehakkaita leikkej\u00e4 tai nopeita liikkeit\u00e4 kannattaa v\u00e4ltt\u00e4\u00e4. Kissoja ei houkutella l\u00e4hemm\u00e4s toisiaan, kuin mihin ne itse tuntevat halua, ja kohtaamiset ovat aluksi hyvin lyhyit\u00e4. Hajujen vaihtamista jatketaan.<\/p><\/li>\n\n\n\n<li><p>Kun kissat suhtautuvat toisiinsa neutraalisti ovenraosta tutustuen, voidaan rakoa oven v\u00e4liss\u00e4 kasvattaa hieman suuremmaksi jne. Lopulta kissat ovat valmiita tapaamaan toisensa. On t\u00e4rke\u00e4\u00e4, ett\u00e4 ihmiset ovat rauhallisia. Feliway-haihdutin ja herkut lievent\u00e4v\u00e4t edlleen j\u00e4nnityst\u00e4. Tutustumishetket on hyv\u00e4 aluksi pit\u00e4\u00e4 lyhyin\u00e4, vaikka kaikki vaikuttaisikin menev\u00e4n hyvin.<\/p><\/li>\n\n\n\n<li><p>Vasta kun lyhyet tutustumisjaksot sujuvat niin, ettei kumpikaan osoita aggressiivisuuden tai pelokkuuden merkkej\u00e4, ja kissat pystyv\u00e4t my\u00f6s liikkumaan toistensa l\u00e4hell\u00e4 ilman ongelmia, voivat kissat olla yhdess\u00e4 pitempi\u00e4 aikoja. Ilman valvontaa ne voi j\u00e4tt\u00e4\u00e4 vasta, kun rauhanomainen yhteiselo sujuu varmasti.<\/p><\/li>\n<\/ol>\n\n\n\n<figure class=\"wp-block-image size-large\"><img loading=\"lazy\" decoding=\"async\" width=\"1024\" height=\"1024\" src=\"https:\/\/sey.fi\/wp-content\/uploads\/sites\/47\/2026\/01\/kissat-1024x1024.png\" alt=\"\" class=\"wp-image-451\" srcset=\"https:\/\/sey.fi\/wp-content\/uploads\/sites\/47\/2026\/01\/kissat-1024x1024.png 1024w, https:\/\/sey.fi\/wp-content\/uploads\/sites\/47\/2026\/01\/kissat-300x300.png 300w, https:\/\/sey.fi\/wp-content\/uploads\/sites\/47\/2026\/01\/kissat-150x150.png 150w, https:\/\/sey.fi\/wp-content\/uploads\/sites\/47\/2026\/01\/kissat-768x768.png 768w, https:\/\/sey.fi\/wp-content\/uploads\/sites\/47\/2026\/01\/kissat-160x160.png 160w, https:\/\/sey.fi\/wp-content\/uploads\/sites\/47\/2026\/01\/kissat.png 1080w\" sizes=\"auto, (max-width: 1024px) 100vw, 1024px\" \/><figcaption class=\"wp-element-caption\">Sivun kuvat: Jenni Pasanen<\/figcaption><\/figure>\n\n\n\n<h2 class=\"wp-block-heading\">Mit\u00e4 tehd\u00e4 jos kissat ottavat yhteen?<\/h2>\n\n\n\n<p>Kissojen tutustuttamista ei voi kiirehti\u00e4. Mik\u00e4li kissat p\u00e4\u00e4sev\u00e4t ottamaan yhteen, on mahdollista, ett\u00e4 syntyv\u00e4 negatiivinen muistij\u00e4lki on niin vahva, ettei niiden yst\u00e4vystyminen en\u00e4\u00e4 my\u00f6hemmin onnistu. T\u00e4llaisessa tilanteessa on palattava tutustuttamisen alkuun ja edett\u00e4v\u00e4 aiempaa varovaisemmin. Kissoihin erikoistuneen el\u00e4intenkouluttajan tuki on eritt\u00e4in suositeltavaa.<a id=\"_msocom_1\"><\/a><\/p>\n\n\n\n<p>Jos kissat p\u00e4\u00e4sev\u00e4t tappelemaan, niit\u00e4 ei pid\u00e4 erottaa k\u00e4siksi k\u00e4ym\u00e4ll\u00e4. Kiihtynyt kissa voi purra vahingossa ihmist\u00e4 pahastikin. Tilannetta voi yritt\u00e4\u00e4 katkaista yll\u00e4tt\u00e4v\u00e4ll\u00e4 \u00e4\u00e4nell\u00e4 tai vesisuihkulla. Sen j\u00e4lkeen kissat ohjataan omalle puolelleen ovea ty\u00f6nt\u00e4m\u00e4ll\u00e4 niit\u00e4 kevyesti tyynyn, litistetyn pahvilaatikon tai peiton avulla. Tappelun j\u00e4lkeen on syyt\u00e4 pit\u00e4\u00e4 kissat joitakin p\u00e4ivi\u00e4 t\u00e4ysin erill\u00e4\u00e4n ja aloittaa sitten tutustuminen aivan alusta ja edet\u00e4 hitaasti.<\/p>\n\n\n\n<figure class=\"wp-block-image size-large\"><img loading=\"lazy\" decoding=\"async\" width=\"1024\" height=\"1024\" src=\"https:\/\/sey.fi\/wp-content\/uploads\/sites\/47\/2026\/01\/kissa-aukolla-1024x1024.png\" alt=\"\" class=\"wp-image-454\" srcset=\"https:\/\/sey.fi\/wp-content\/uploads\/sites\/47\/2026\/01\/kissa-aukolla-1024x1024.png 1024w, https:\/\/sey.fi\/wp-content\/uploads\/sites\/47\/2026\/01\/kissa-aukolla-300x300.png 300w, https:\/\/sey.fi\/wp-content\/uploads\/sites\/47\/2026\/01\/kissa-aukolla-150x150.png 150w, https:\/\/sey.fi\/wp-content\/uploads\/sites\/47\/2026\/01\/kissa-aukolla-768x768.png 768w, https:\/\/sey.fi\/wp-content\/uploads\/sites\/47\/2026\/01\/kissa-aukolla-160x160.png 160w, https:\/\/sey.fi\/wp-content\/uploads\/sites\/47\/2026\/01\/kissa-aukolla.png 1080w\" sizes=\"auto, (max-width: 1024px) 100vw, 1024px\" \/><\/figure>\n\n\n\n<h2 class=\"wp-block-heading\">Resursseja oltava jokaiselle kissalle runsaasti<\/h2>\n\n\n\n<p>Yhteiselon sujumisen kannalta on eritt\u00e4in t\u00e4rke\u00e4\u00e4, ett\u00e4 useamman kissan ei tarvitse kilpailla t\u00e4rkeiksi katsomistaan asioista. Hiekkalaatikkoja, leluja, piilopaikkoja ja kiipeilymahdollisuuksia pit\u00e4\u00e4 olla runsaasti niin, ett\u00e4 jokainen kissa p\u00e4\u00e4see halutessaan esimerkiksi sy\u00f6m\u00e4\u00e4n tai kiipeilem\u00e4\u00e4n joutumatta samalla tahtomattaan toisen kissan l\u00e4helle. My\u00f6s huomiota ja yhteisi\u00e4 leikkihetki\u00e4 on syyt\u00e4 taata tasapuolisesti perheen kaikille kissoille.<\/p>\n\n\n\n<h2 class=\"wp-block-heading\">Ep\u00e4sopuisia kissoja ei tule pakottaa el\u00e4m\u00e4\u00e4n yhdess\u00e4<\/h2>\n\n\n\n<p>Vaikka monet kissat lajitoverinsa seurasta nauttivatkin, kaikki kissayksil\u00f6t eiv\u00e4t tule toimeen kesken\u00e4\u00e4n. Toiset eiv\u00e4t lainkaan sied\u00e4 kilpailijoita reviirill\u00e4\u00e4n. El\u00e4inten hyvinvointilaki velvoittaa pit\u00e4m\u00e4\u00e4n toisiinsa vihamielisesti suhtautuvat el\u00e4imet erill\u00e4\u00e4n toisistaan ja takaamaan, ett\u00e4 el\u00e4imet pystyv\u00e4t toteuttamaan olennaisia k\u00e4ytt\u00e4ytymistarpeitaan. Ei ole siksi el\u00e4insuojelullisesti oikein pit\u00e4\u00e4 samassa tilassa el\u00e4imi\u00e4, jotka pelk\u00e4\u00e4v\u00e4t toisiaan ja joutuvat rajoittamaan merkitt\u00e4v\u00e4sti liikkumistaan toisen lemmikin vuoksi.<\/p>\n\n\n\n<p>Kissa, joka viett\u00e4\u00e4 aikaa vain asunnon tietyss\u00e4 osassa v\u00e4ltt\u00e4\u00e4kseen konflikteja lajitoverin kanssa joutuu samalla luopumaan mahdollisuudesta normaaliin k\u00e4ytt\u00e4ytymiseen, kuten liikuntaan, leikkiin ja ymp\u00e4rist\u00f6n tutkimiseen. Se voi jopa viivytell\u00e4 k\u00e4ym\u00e4l\u00e4ss\u00e4 tai juomakupilla k\u00e4ymist\u00e4 viimeiseen saakka. T\u00e4st\u00e4 seuraa v\u00e4ist\u00e4m\u00e4tt\u00e4 stressi\u00e4 ja terveyshaittoja. Pitkittynyt stressi johtaa usein sairastumiseen, eik\u00e4 stressaantuneen el\u00e4imen el\u00e4m\u00e4nlaatu ole hyv\u00e4\u00e4. Luopuminen on ainoa vaihtoehto, jos tilannetta ei saada ymp\u00e4rist\u00f6\u00e4 muokkaamalla ja mahdollisen ammattiavun tuella kohenemaan selv\u00e4sti.<\/p>\n\n\n\n<p><\/p>\n","protected":false},"excerpt":{"rendered":"<p>Uuden kissan tuominen vanhojen kissojen reviirille niin, ett\u00e4 sopu s\u00e4ilyy, vaatii omistajalta tietoa ja viitseli\u00e4isyytt\u00e4. Helpoimmin tulokkaan hyv\u00e4ksyv\u00e4t nuoret kissat, ja vaivattomimmin tutustuminen sujuu pennun kanssa. Aikuisen tulokkaan kanssa kannattaa noudattaa kissojen omaa k\u00e4yt\u00e4nt\u00f6\u00e4 tutustumisen suhteen. Mik\u00e4li aikuinen kissa pyrkii vieraiden kissojen reviirille, se ei tunkeudu suoraan sen ydinalueelle, vaan aloittaa varovaisen hajumerkkien j\u00e4tt\u00e4misen reviirin [&hellip;]<\/p>\n","protected":false},"author":8,"featured_media":448,"parent":0,"menu_order":0,"comment_status":"closed","ping_status":"closed","template":"","meta":{"_acf_changed":false,"footnotes":""},"class_list":["post-82","page","type-page","status-publish","has-post-thumbnail","hentry"],"acf":[],"yoast_head":"<!-- This site is optimized with the Yoast SEO plugin v27.1.1 - https:\/\/yoast.com\/product\/yoast-seo-wordpress\/ -->\n<title>Uuden kissan tuominen perheeseen<\/title>\n<meta name=\"description\" content=\"Uuden kissan tuominen perheeseen vaatii omistajalta tietoa ja viitseli\u00e4isyytt\u00e4, jotta sopu s\u00e4ilyy kissojen kesken.\" \/>\n<meta name=\"robots\" content=\"index, follow, max-snippet:-1, max-image-preview:large, max-video-preview:-1\" \/>\n<link rel=\"canonical\" href=\"https:\/\/sey.fi\/kissa\/uuden-kissan-tuominen-perheeseen\/\" \/>\n<meta property=\"og:locale\" content=\"fi_FI\" \/>\n<meta property=\"og:type\" content=\"article\" \/>\n<meta property=\"og:title\" content=\"Uuden kissan tuominen perheeseen\" \/>\n<meta property=\"og:description\" content=\"Uuden kissan tuominen perheeseen vaatii omistajalta tietoa ja viitseli\u00e4isyytt\u00e4, jotta sopu s\u00e4ilyy kissojen kesken.\" \/>\n<meta property=\"og:url\" content=\"https:\/\/sey.fi\/kissa\/uuden-kissan-tuominen-perheeseen\/\" \/>\n<meta property=\"og:site_name\" content=\"Kissatieto\" \/>\n<meta property=\"article:modified_time\" content=\"2026-03-02T11:50:52+00:00\" \/>\n<meta property=\"og:image\" content=\"https:\/\/sey.fi\/wp-content\/uploads\/sites\/47\/2026\/01\/kaksi-kissaa_Jarna-Pasanen.png\" \/>\n\t<meta property=\"og:image:width\" content=\"1280\" \/>\n\t<meta property=\"og:image:height\" content=\"640\" \/>\n\t<meta property=\"og:image:type\" content=\"image\/png\" \/>\n<meta name=\"twitter:card\" content=\"summary_large_image\" \/>\n<meta name=\"twitter:label1\" content=\"Arvioitu lukuaika\" \/>\n\t<meta name=\"twitter:data1\" content=\"5 minuuttia\" \/>\n<script type=\"application\/ld+json\" class=\"yoast-schema-graph\">{\"@context\":\"https:\/\/schema.org\",\"@graph\":[{\"@type\":\"WebPage\",\"@id\":\"https:\/\/sey.fi\/kissa\/uuden-kissan-tuominen-perheeseen\/\",\"url\":\"https:\/\/sey.fi\/kissa\/uuden-kissan-tuominen-perheeseen\/\",\"name\":\"Uuden kissan tuominen perheeseen\",\"isPartOf\":{\"@id\":\"https:\/\/sey.fi\/kissa\/#website\"},\"primaryImageOfPage\":{\"@id\":\"https:\/\/sey.fi\/kissa\/uuden-kissan-tuominen-perheeseen\/#primaryimage\"},\"image\":{\"@id\":\"https:\/\/sey.fi\/kissa\/uuden-kissan-tuominen-perheeseen\/#primaryimage\"},\"thumbnailUrl\":\"https:\/\/sey.fi\/wp-content\/uploads\/sites\/47\/2026\/01\/kaksi-kissaa_Jarna-Pasanen.png\",\"datePublished\":\"2019-12-09T11:52:53+00:00\",\"dateModified\":\"2026-03-02T11:50:52+00:00\",\"description\":\"Uuden kissan tuominen perheeseen vaatii omistajalta tietoa ja viitseli\u00e4isyytt\u00e4, jotta sopu s\u00e4ilyy kissojen kesken.\",\"breadcrumb\":{\"@id\":\"https:\/\/sey.fi\/kissa\/uuden-kissan-tuominen-perheeseen\/#breadcrumb\"},\"inLanguage\":\"fi\",\"potentialAction\":[{\"@type\":\"ReadAction\",\"target\":[\"https:\/\/sey.fi\/kissa\/uuden-kissan-tuominen-perheeseen\/\"]}]},{\"@type\":\"ImageObject\",\"inLanguage\":\"fi\",\"@id\":\"https:\/\/sey.fi\/kissa\/uuden-kissan-tuominen-perheeseen\/#primaryimage\",\"url\":\"https:\/\/sey.fi\/wp-content\/uploads\/sites\/47\/2026\/01\/kaksi-kissaa_Jarna-Pasanen.png\",\"contentUrl\":\"https:\/\/sey.fi\/wp-content\/uploads\/sites\/47\/2026\/01\/kaksi-kissaa_Jarna-Pasanen.png\",\"width\":1280,\"height\":640,\"caption\":\"kaksi ruskeaa raidallista kissaa ja kiipeilytasoja\"},{\"@type\":\"BreadcrumbList\",\"@id\":\"https:\/\/sey.fi\/kissa\/uuden-kissan-tuominen-perheeseen\/#breadcrumb\",\"itemListElement\":[{\"@type\":\"ListItem\",\"position\":1,\"name\":\"Home\",\"item\":\"https:\/\/sey.fi\/kissa\/\"},{\"@type\":\"ListItem\",\"position\":2,\"name\":\"Uuden kissan tuominen perheeseen\"}]},{\"@type\":\"WebSite\",\"@id\":\"https:\/\/sey.fi\/kissa\/#website\",\"url\":\"https:\/\/sey.fi\/kissa\/\",\"name\":\"Kissatieto\",\"description\":\"Uusi SEY J\u00e4senyhdistykset -sivusto\",\"potentialAction\":[{\"@type\":\"SearchAction\",\"target\":{\"@type\":\"EntryPoint\",\"urlTemplate\":\"https:\/\/sey.fi\/kissa\/?s={search_term_string}\"},\"query-input\":{\"@type\":\"PropertyValueSpecification\",\"valueRequired\":true,\"valueName\":\"search_term_string\"}}],\"inLanguage\":\"fi\"}]}<\/script>\n<!-- \/ Yoast SEO plugin. -->","yoast_head_json":{"title":"Uuden kissan tuominen perheeseen","description":"Uuden kissan tuominen perheeseen vaatii omistajalta tietoa ja viitseli\u00e4isyytt\u00e4, jotta sopu s\u00e4ilyy kissojen kesken.","robots":{"index":"index","follow":"follow","max-snippet":"max-snippet:-1","max-image-preview":"max-image-preview:large","max-video-preview":"max-video-preview:-1"},"canonical":"https:\/\/sey.fi\/kissa\/uuden-kissan-tuominen-perheeseen\/","og_locale":"fi_FI","og_type":"article","og_title":"Uuden kissan tuominen perheeseen","og_description":"Uuden kissan tuominen perheeseen vaatii omistajalta tietoa ja viitseli\u00e4isyytt\u00e4, jotta sopu s\u00e4ilyy kissojen kesken.","og_url":"https:\/\/sey.fi\/kissa\/uuden-kissan-tuominen-perheeseen\/","og_site_name":"Kissatieto","article_modified_time":"2026-03-02T11:50:52+00:00","og_image":[{"width":1280,"height":640,"url":"https:\/\/sey.fi\/wp-content\/uploads\/sites\/47\/2026\/01\/kaksi-kissaa_Jarna-Pasanen.png","type":"image\/png"}],"twitter_card":"summary_large_image","twitter_misc":{"Arvioitu lukuaika":"5 minuuttia"},"schema":{"@context":"https:\/\/schema.org","@graph":[{"@type":"WebPage","@id":"https:\/\/sey.fi\/kissa\/uuden-kissan-tuominen-perheeseen\/","url":"https:\/\/sey.fi\/kissa\/uuden-kissan-tuominen-perheeseen\/","name":"Uuden kissan tuominen perheeseen","isPartOf":{"@id":"https:\/\/sey.fi\/kissa\/#website"},"primaryImageOfPage":{"@id":"https:\/\/sey.fi\/kissa\/uuden-kissan-tuominen-perheeseen\/#primaryimage"},"image":{"@id":"https:\/\/sey.fi\/kissa\/uuden-kissan-tuominen-perheeseen\/#primaryimage"},"thumbnailUrl":"https:\/\/sey.fi\/wp-content\/uploads\/sites\/47\/2026\/01\/kaksi-kissaa_Jarna-Pasanen.png","datePublished":"2019-12-09T11:52:53+00:00","dateModified":"2026-03-02T11:50:52+00:00","description":"Uuden kissan tuominen perheeseen vaatii omistajalta tietoa ja viitseli\u00e4isyytt\u00e4, jotta sopu s\u00e4ilyy kissojen kesken.","breadcrumb":{"@id":"https:\/\/sey.fi\/kissa\/uuden-kissan-tuominen-perheeseen\/#breadcrumb"},"inLanguage":"fi","potentialAction":[{"@type":"ReadAction","target":["https:\/\/sey.fi\/kissa\/uuden-kissan-tuominen-perheeseen\/"]}]},{"@type":"ImageObject","inLanguage":"fi","@id":"https:\/\/sey.fi\/kissa\/uuden-kissan-tuominen-perheeseen\/#primaryimage","url":"https:\/\/sey.fi\/wp-content\/uploads\/sites\/47\/2026\/01\/kaksi-kissaa_Jarna-Pasanen.png","contentUrl":"https:\/\/sey.fi\/wp-content\/uploads\/sites\/47\/2026\/01\/kaksi-kissaa_Jarna-Pasanen.png","width":1280,"height":640,"caption":"kaksi ruskeaa raidallista kissaa ja kiipeilytasoja"},{"@type":"BreadcrumbList","@id":"https:\/\/sey.fi\/kissa\/uuden-kissan-tuominen-perheeseen\/#breadcrumb","itemListElement":[{"@type":"ListItem","position":1,"name":"Home","item":"https:\/\/sey.fi\/kissa\/"},{"@type":"ListItem","position":2,"name":"Uuden kissan tuominen perheeseen"}]},{"@type":"WebSite","@id":"https:\/\/sey.fi\/kissa\/#website","url":"https:\/\/sey.fi\/kissa\/","name":"Kissatieto","description":"Uusi SEY J\u00e4senyhdistykset -sivusto","potentialAction":[{"@type":"SearchAction","target":{"@type":"EntryPoint","urlTemplate":"https:\/\/sey.fi\/kissa\/?s={search_term_string}"},"query-input":{"@type":"PropertyValueSpecification","valueRequired":true,"valueName":"search_term_string"}}],"inLanguage":"fi"}]}},"_links":{"self":[{"href":"https:\/\/sey.fi\/kissa\/wp-json\/wp\/v2\/pages\/82","targetHints":{"allow":["GET"]}}],"collection":[{"href":"https:\/\/sey.fi\/kissa\/wp-json\/wp\/v2\/pages"}],"about":[{"href":"https:\/\/sey.fi\/kissa\/wp-json\/wp\/v2\/types\/page"}],"author":[{"embeddable":true,"href":"https:\/\/sey.fi\/kissa\/wp-json\/wp\/v2\/users\/8"}],"replies":[{"embeddable":true,"href":"https:\/\/sey.fi\/kissa\/wp-json\/wp\/v2\/comments?post=82"}],"version-history":[{"count":10,"href":"https:\/\/sey.fi\/kissa\/wp-json\/wp\/v2\/pages\/82\/revisions"}],"predecessor-version":[{"id":598,"href":"https:\/\/sey.fi\/kissa\/wp-json\/wp\/v2\/pages\/82\/revisions\/598"}],"wp:featuredmedia":[{"embeddable":true,"href":"https:\/\/sey.fi\/kissa\/wp-json\/wp\/v2\/media\/448"}],"wp:attachment":[{"href":"https:\/\/sey.fi\/kissa\/wp-json\/wp\/v2\/media?parent=82"}],"curies":[{"name":"wp","href":"https:\/\/api.w.org\/{rel}","templated":true}]}}