{"id":92,"date":"2019-12-09T14:01:41","date_gmt":"2019-12-09T12:01:41","guid":{"rendered":"http:\/\/srvr10.xetpoint.com\/~seyfi\/kissatieto\/?page_id=92"},"modified":"2020-01-11T10:27:16","modified_gmt":"2020-01-11T08:27:16","slug":"kissa-ja-muu-lemmikki","status":"publish","type":"page","link":"https:\/\/sey.fi\/kissa\/kissa-ja-muu-lemmikki\/","title":{"rendered":"Kissa ja muu lemmikki"},"content":{"rendered":"\n<p>\nKissa on pienriistan mets\u00e4st\u00e4j\u00e4. Mik\u00e4li samassa taloudessa asuu sek\u00e4 \nmets\u00e4st\u00e4j\u00e4 ett\u00e4 saalis, ihmisilt\u00e4 vaaditaan erityist\u00e4 huolellisuutta. \nKissa on taitava kiipeilij\u00e4, eik\u00e4 esimerkiksi pikkujyrsij\u00e4n h\u00e4kki \nv\u00e4ltt\u00e4m\u00e4tt\u00e4 ole turvassa korkeallakaan. Lis\u00e4ksi pikkuel\u00e4in saattaa \nstressaantua petoel\u00e4imen l\u00e4sn\u00e4olosta ja tuijotuksesta.\n\n<\/p>\n","protected":false},"excerpt":{"rendered":"<p>Kissa on pienriistan mets\u00e4st\u00e4j\u00e4. Mik\u00e4li samassa taloudessa asuu sek\u00e4 mets\u00e4st\u00e4j\u00e4 ett\u00e4 saalis, ihmisilt\u00e4 vaaditaan erityist\u00e4 huolellisuutta. Kissa on taitava kiipeilij\u00e4, eik\u00e4 esimerkiksi pikkujyrsij\u00e4n h\u00e4kki v\u00e4ltt\u00e4m\u00e4tt\u00e4 ole turvassa korkeallakaan. Lis\u00e4ksi pikkuel\u00e4in saattaa stressaantua petoel\u00e4imen l\u00e4sn\u00e4olosta ja tuijotuksesta.<\/p>\n","protected":false},"author":8,"featured_media":0,"parent":0,"menu_order":0,"comment_status":"closed","ping_status":"closed","template":"","meta":{"_acf_changed":false,"footnotes":""},"class_list":["post-92","page","type-page","status-publish","hentry"],"acf":[],"yoast_head":"<!-- This site is optimized with the Yoast SEO plugin v27.1.1 - https:\/\/yoast.com\/product\/yoast-seo-wordpress\/ -->\n<title>Kissa ja muu lemmikki - Kissatieto<\/title>\n<meta name=\"robots\" content=\"index, follow, max-snippet:-1, max-image-preview:large, max-video-preview:-1\" \/>\n<link rel=\"canonical\" href=\"https:\/\/sey.fi\/kissa\/kissa-ja-muu-lemmikki\/\" \/>\n<meta property=\"og:locale\" content=\"fi_FI\" \/>\n<meta property=\"og:type\" content=\"article\" \/>\n<meta property=\"og:title\" content=\"Kissa ja muu lemmikki - Kissatieto\" \/>\n<meta property=\"og:description\" content=\"Kissa on pienriistan mets\u00e4st\u00e4j\u00e4. Mik\u00e4li samassa taloudessa asuu sek\u00e4 mets\u00e4st\u00e4j\u00e4 ett\u00e4 saalis, ihmisilt\u00e4 vaaditaan erityist\u00e4 huolellisuutta. Kissa on taitava kiipeilij\u00e4, eik\u00e4 esimerkiksi pikkujyrsij\u00e4n h\u00e4kki v\u00e4ltt\u00e4m\u00e4tt\u00e4 ole turvassa korkeallakaan. Lis\u00e4ksi pikkuel\u00e4in saattaa stressaantua petoel\u00e4imen l\u00e4sn\u00e4olosta ja tuijotuksesta.\" \/>\n<meta property=\"og:url\" content=\"https:\/\/sey.fi\/kissa\/kissa-ja-muu-lemmikki\/\" \/>\n<meta property=\"og:site_name\" content=\"Kissatieto\" \/>\n<meta property=\"article:modified_time\" content=\"2020-01-11T08:27:16+00:00\" \/>\n<meta name=\"twitter:card\" content=\"summary_large_image\" \/>\n<script type=\"application\/ld+json\" class=\"yoast-schema-graph\">{\"@context\":\"https:\/\/schema.org\",\"@graph\":[{\"@type\":\"WebPage\",\"@id\":\"https:\/\/sey.fi\/kissa\/kissa-ja-muu-lemmikki\/\",\"url\":\"https:\/\/sey.fi\/kissa\/kissa-ja-muu-lemmikki\/\",\"name\":\"Kissa ja muu lemmikki - Kissatieto\",\"isPartOf\":{\"@id\":\"https:\/\/sey.fi\/kissa\/#website\"},\"datePublished\":\"2019-12-09T12:01:41+00:00\",\"dateModified\":\"2020-01-11T08:27:16+00:00\",\"breadcrumb\":{\"@id\":\"https:\/\/sey.fi\/kissa\/kissa-ja-muu-lemmikki\/#breadcrumb\"},\"inLanguage\":\"fi\",\"potentialAction\":[{\"@type\":\"ReadAction\",\"target\":[\"https:\/\/sey.fi\/kissa\/kissa-ja-muu-lemmikki\/\"]}]},{\"@type\":\"BreadcrumbList\",\"@id\":\"https:\/\/sey.fi\/kissa\/kissa-ja-muu-lemmikki\/#breadcrumb\",\"itemListElement\":[{\"@type\":\"ListItem\",\"position\":1,\"name\":\"Home\",\"item\":\"https:\/\/sey.fi\/kissa\/\"},{\"@type\":\"ListItem\",\"position\":2,\"name\":\"Kissa ja muu lemmikki\"}]},{\"@type\":\"WebSite\",\"@id\":\"https:\/\/sey.fi\/kissa\/#website\",\"url\":\"https:\/\/sey.fi\/kissa\/\",\"name\":\"Kissatieto\",\"description\":\"Uusi SEY J\u00e4senyhdistykset -sivusto\",\"potentialAction\":[{\"@type\":\"SearchAction\",\"target\":{\"@type\":\"EntryPoint\",\"urlTemplate\":\"https:\/\/sey.fi\/kissa\/?s={search_term_string}\"},\"query-input\":{\"@type\":\"PropertyValueSpecification\",\"valueRequired\":true,\"valueName\":\"search_term_string\"}}],\"inLanguage\":\"fi\"}]}<\/script>\n<!-- \/ Yoast SEO plugin. -->","yoast_head_json":{"title":"Kissa ja muu lemmikki - Kissatieto","robots":{"index":"index","follow":"follow","max-snippet":"max-snippet:-1","max-image-preview":"max-image-preview:large","max-video-preview":"max-video-preview:-1"},"canonical":"https:\/\/sey.fi\/kissa\/kissa-ja-muu-lemmikki\/","og_locale":"fi_FI","og_type":"article","og_title":"Kissa ja muu lemmikki - Kissatieto","og_description":"Kissa on pienriistan mets\u00e4st\u00e4j\u00e4. Mik\u00e4li samassa taloudessa asuu sek\u00e4 mets\u00e4st\u00e4j\u00e4 ett\u00e4 saalis, ihmisilt\u00e4 vaaditaan erityist\u00e4 huolellisuutta. Kissa on taitava kiipeilij\u00e4, eik\u00e4 esimerkiksi pikkujyrsij\u00e4n h\u00e4kki v\u00e4ltt\u00e4m\u00e4tt\u00e4 ole turvassa korkeallakaan. Lis\u00e4ksi pikkuel\u00e4in saattaa stressaantua petoel\u00e4imen l\u00e4sn\u00e4olosta ja tuijotuksesta.","og_url":"https:\/\/sey.fi\/kissa\/kissa-ja-muu-lemmikki\/","og_site_name":"Kissatieto","article_modified_time":"2020-01-11T08:27:16+00:00","twitter_card":"summary_large_image","schema":{"@context":"https:\/\/schema.org","@graph":[{"@type":"WebPage","@id":"https:\/\/sey.fi\/kissa\/kissa-ja-muu-lemmikki\/","url":"https:\/\/sey.fi\/kissa\/kissa-ja-muu-lemmikki\/","name":"Kissa ja muu lemmikki - Kissatieto","isPartOf":{"@id":"https:\/\/sey.fi\/kissa\/#website"},"datePublished":"2019-12-09T12:01:41+00:00","dateModified":"2020-01-11T08:27:16+00:00","breadcrumb":{"@id":"https:\/\/sey.fi\/kissa\/kissa-ja-muu-lemmikki\/#breadcrumb"},"inLanguage":"fi","potentialAction":[{"@type":"ReadAction","target":["https:\/\/sey.fi\/kissa\/kissa-ja-muu-lemmikki\/"]}]},{"@type":"BreadcrumbList","@id":"https:\/\/sey.fi\/kissa\/kissa-ja-muu-lemmikki\/#breadcrumb","itemListElement":[{"@type":"ListItem","position":1,"name":"Home","item":"https:\/\/sey.fi\/kissa\/"},{"@type":"ListItem","position":2,"name":"Kissa ja muu lemmikki"}]},{"@type":"WebSite","@id":"https:\/\/sey.fi\/kissa\/#website","url":"https:\/\/sey.fi\/kissa\/","name":"Kissatieto","description":"Uusi SEY J\u00e4senyhdistykset -sivusto","potentialAction":[{"@type":"SearchAction","target":{"@type":"EntryPoint","urlTemplate":"https:\/\/sey.fi\/kissa\/?s={search_term_string}"},"query-input":{"@type":"PropertyValueSpecification","valueRequired":true,"valueName":"search_term_string"}}],"inLanguage":"fi"}]}},"_links":{"self":[{"href":"https:\/\/sey.fi\/kissa\/wp-json\/wp\/v2\/pages\/92","targetHints":{"allow":["GET"]}}],"collection":[{"href":"https:\/\/sey.fi\/kissa\/wp-json\/wp\/v2\/pages"}],"about":[{"href":"https:\/\/sey.fi\/kissa\/wp-json\/wp\/v2\/types\/page"}],"author":[{"embeddable":true,"href":"https:\/\/sey.fi\/kissa\/wp-json\/wp\/v2\/users\/8"}],"replies":[{"embeddable":true,"href":"https:\/\/sey.fi\/kissa\/wp-json\/wp\/v2\/comments?post=92"}],"version-history":[{"count":1,"href":"https:\/\/sey.fi\/kissa\/wp-json\/wp\/v2\/pages\/92\/revisions"}],"predecessor-version":[{"id":93,"href":"https:\/\/sey.fi\/kissa\/wp-json\/wp\/v2\/pages\/92\/revisions\/93"}],"wp:attachment":[{"href":"https:\/\/sey.fi\/kissa\/wp-json\/wp\/v2\/media?parent=92"}],"curies":[{"name":"wp","href":"https:\/\/api.w.org\/{rel}","templated":true}]}}