{"id":19,"date":"2019-10-28T13:33:54","date_gmt":"2019-10-28T11:33:54","guid":{"rendered":"http:\/\/srvr10.xetpoint.com\/~seyfi\/kokkola\/?page_id=19"},"modified":"2019-10-28T13:33:55","modified_gmt":"2019-10-28T11:33:55","slug":"yhdistyksen-saannot","status":"publish","type":"page","link":"https:\/\/sey.fi\/kokkola\/kokkolanseudun-elainsuojeluyhdistys\/yhdistys\/yhdistyksen-saannot\/","title":{"rendered":"Yhdistyksen s\u00e4\u00e4nn\u00f6t"},"content":{"rendered":"\n<figure class=\"wp-block-image\"><img decoding=\"async\" src=\"http:\/\/kokkola.sey.fi\/images\/tekstilla_1.jpg\" alt=\"\" \/><\/figure>\n\n\n\n<h4 class=\"wp-block-heading\">KOKKOLANSEUDUN EL\u00c4INSUOJELUYHDISTYS RY<\/h4>\n\n\n\n<h4 class=\"wp-block-heading\">S\u00c4\u00c4NN\u00d6T<\/h4>\n\n\n\n<p><strong>1 \u00a7 Yhdistyksen nimi ja kotipaikka<\/strong><\/p>\n\n\n\n<p>Yhdistyksen nimi on Kokkolanseudun el\u00e4insuojeluyhdistys ry, Gamlagarlebynejdens djurskyddf\u00f6rening rf ja sen kotipaikka on Kokkola. Yhdistyksen toiminta-alue k\u00e4sitt\u00e4\u00e4 Keski-pohjanmaan alueen. Yhdistys on SEY Suomen El\u00e4insuojeluhdistysten liitto ry:n j\u00e4senyhdistys.<\/p>\n\n\n\n<p><strong>2 \u00a7 Tarkoitus ja toiminnan laatu<\/strong><\/p>\n\n\n\n<p>Yhdistyksen tarkoituksena on edist\u00e4\u00e4 el\u00e4insuojelua ja suojella el\u00e4imi\u00e4 parhaalla mahdollisella tavalla k\u00e4rsimykselt\u00e4, kivulta ja tuskalta sek\u00e4 edist\u00e4\u00e4 el\u00e4inten hyvinvointia ja kohtelua.<\/p>\n\n\n\n<p>Tarkoituksensa toteuttamiseksi yhdistys<\/p>\n\n\n\n<ul class=\"wp-block-list\"><li>pyrkii vaikuttamaan el\u00e4insuojelulains\u00e4\u00e4d\u00e4nt\u00f6\u00f6n sek\u00e4 viranomaisten p\u00e4\u00e4t\u00f6ksiin ja toimintaan antamalla lausuntoja, ehdotuksia ja kannanottoja, jotka edist\u00e4v\u00e4t el\u00e4inten hyv\u00e4\u00e4 kohtelua<\/li><li>neuvoo ja opastaa el\u00e4inten omistajia toimimaan tavalla, joka edist\u00e4\u00e4 el\u00e4inten hyvinvointia<\/li><li>harjoittaa tarkoitusperiens\u00e4 mukaista nuorisotoimintaa<\/li><li>harjoittaa julkaisu-, valistus- ja koulutustoimintaa<\/li><li>j\u00e4rjest\u00e4\u00e4 esitelm\u00e4tilaisuuksia, kokouksia, el\u00e4insuojelup\u00e4ivi\u00e4 ja muita vastaavia tilaisuuksia<\/li><li>ottaa palvelukseensa puhujia, neuvojia, valvojia ja asiamiehi\u00e4<\/li><li>toimii muillakin vastaavilla tavoilla, jotta el\u00e4inten hyv\u00e4 kohtelu ja rakkaus el\u00e4imiin lis\u00e4\u00e4ntyisiv\u00e4t<\/li><li>yll\u00e4pit\u00e4\u00e4 rekister\u00f6im\u00e4tt\u00f6mi\u00e4 alajaostoja<\/li><\/ul>\n\n\n\n<p>Yhdistys yll\u00e4pit\u00e4\u00e4 Kokkolassa Matalamaalla sijaitsevaa el\u00e4inten hautausmaata.<\/p>\n\n\n\n<p>Toimintansa tukemiseksi yhdistys voi<\/p>\n\n\n\n<ul class=\"wp-block-list\"><li>ottaa vastaan lahjoituksia ja testamentteja sek\u00e4 hankkia ja omistaa toimintaansa varten tarpeellista kiinte\u00e4\u00e4 ja irtainta omaisuutta<\/li><li>j\u00e4rjest\u00e4\u00e4 myyj\u00e4isi\u00e4, arpajaisia, varainker\u00e4yksi\u00e4<\/li><li>ostaa ja v\u00e4litt\u00e4\u00e4 j\u00e4senilleen el\u00e4inhoito ja -suojeluv\u00e4lineit\u00e4 sek\u00e4 myyd\u00e4 merkkej\u00e4, kortteja ja adresseja sek\u00e4 harjoittaa kioski- ja kirpputoritoimintaa<\/li><\/ul>\n\n\n\n<p>Tarvittaessa yhdistys hankkii toimintaansa varten asianmukaisen luvan.<\/p>\n\n\n\n<p><strong>3 \u00a7 J\u00e4senet<\/strong><\/p>\n\n\n\n<p>Yhdistyksell\u00e4 on varsinaisia j\u00e4seni\u00e4 sek\u00e4 nuoriso-, kannatus-, ainais- ja kunniaj\u00e4seni\u00e4 sek\u00e4 kunniapuheenjohtajia.<\/p>\n\n\n\n<p>Yhdistyksen varsinaiseksi ja ainaisj\u00e4seneksi voidaan hyv\u00e4ksy\u00e4 henkil\u00f6, joka hyv\u00e4ksyy yhdistyksen tarkoituksen. Henkil\u00f6 joka ei ole t\u00e4ytt\u00e4nyt viitt\u00e4toista vuotta hyv\u00e4ksyt\u00e4\u00e4n nuorisoj\u00e4seneksi.<\/p>\n\n\n\n<p>Kannattavaksi j\u00e4seneksi voidaan hyv\u00e4ksy\u00e4 yksityinen henkil\u00f6 tai oikeuskelpoinen yhteis\u00f6, joka haluaa tukea yhdistyksen tarkoitusta ja toimintaa.<\/p>\n\n\n\n<p>Varsinaiset j\u00e4senet sek\u00e4 ainais-, nuoriso- ja kannatusj\u00e4senet hyv\u00e4ksyy hakemuksesta yhdistyksen hallitus.<\/p>\n\n\n\n<p>Kunniapuheenjohtajaksi tai kunniaj\u00e4seneksi voidaan hallituksen esityksest\u00e4 yhdistyksen kokouksessa kutsua henkil\u00f6, joka on huomattavasti edist\u00e4nyt ja tukenut yhdistyksen toimintaa.<\/p>\n\n\n\n<p><strong>4 \u00a7 J\u00e4senen eroaminen ja erottaminen<\/strong><\/p>\n\n\n\n<p>J\u00e4senell\u00e4 on oikeus erota yhdistyksest\u00e4 ilmoittamalla siit\u00e4 kirjallisesti hallitukselle tai sen puheenjohtajalle taikka ilmoittamalla erosta yhdistyksen kokouksessa merkitt\u00e4v\u00e4ksi p\u00f6yt\u00e4kirjaan.<\/p>\n\n\n\n<p>Hallitus voi erottaa j\u00e4senen yhdistyksest\u00e4, jos j\u00e4sen on j\u00e4tt\u00e4nyt er\u00e4\u00e4ntyneen j\u00e4senmaksunsa maksamatta tai muuten j\u00e4tt\u00e4nyt t\u00e4ytt\u00e4m\u00e4tt\u00e4 ne velvollisuudet, joihin h\u00e4n on yhdistykseen liittym\u00e4ll\u00e4 sitoutunut tai on menettelyll\u00e4\u00e4n yhdistyksess\u00e4 tai sen ulkopuolella huomattavasti vahingoittanut yhdistyst\u00e4 tai ei en\u00e4\u00e4 t\u00e4yt\u00e4 laissa taikka yhdistyksen s\u00e4\u00e4nn\u00f6iss\u00e4 mainittuja j\u00e4senyyden ehtoja.<\/p>\n\n\n\n<p><strong>5 \u00a7 J\u00e4senrekisterin yll\u00e4pit\u00e4minen<\/strong><\/p>\n\n\n\n<p>Yhdistyksen hallituksen teht\u00e4v\u00e4n\u00e4 on pit\u00e4\u00e4 j\u00e4senrekisteri\u00e4. Yhdistyksen kokous voi p\u00e4\u00e4tt\u00e4\u00e4, ett\u00e4 yhdistyksen j\u00e4senrekisterin pit\u00e4minen annetaan SEY Suomen El\u00e4insuojeluhdistysten liitto ry:n teht\u00e4v\u00e4ksi.<\/p>\n\n\n\n<p><strong>6 \u00a7 Liittymis- ja j\u00e4senmaksu<\/strong><\/p>\n\n\n\n<p>Varsinaisilta j\u00e4senilt\u00e4 sek\u00e4 nuoriso- ja kannatusj\u00e4senilt\u00e4 peritt\u00e4v\u00e4n liittymismaksun ja vuotuisen j\u00e4senmaksun suuruudesta erikseen kullekin j\u00e4senryhm\u00e4lle p\u00e4\u00e4tt\u00e4\u00e4 vuosikokous.<\/p>\n\n\n\n<p>Ainaisj\u00e4senilt\u00e4 peritt\u00e4v\u00e4n liittymismaksun ja kertakaikkisen ainaisj\u00e4senmaksun suuruuden vahvistaa vuosikokous. Ainaisj\u00e4sen on t\u00e4m\u00e4n j\u00e4lkeen vapaa j\u00e4senmaksuvelvollisuudesta.<\/p>\n\n\n\n<p>Kunniapuheenjohtaja, kunniaj\u00e4senet, el\u00e4insuojeluvalvojat, ja -neuvojat eiv\u00e4t suorita j\u00e4senmaksuja.<\/p>\n\n\n\n<p><strong>7 \u00a7 Hallitus<\/strong><\/p>\n\n\n\n<p>Yhdistyksen asioita hoitaa hallitus, johon kuuluu vuosikokouksessa valitut puheenjohtaja ja 4-7 muuta varsinaista j\u00e4sent\u00e4.<\/p>\n\n\n\n<p>Hallituksen toimikausi on vuosikokousten v\u00e4linen aika.<\/p>\n\n\n\n<p>Hallitus valitsee keskuudestaan varapuheenjohtajan sek\u00e4 ottaa keskuudestaan tai ulkopuoleltaan sihteerin, rahastonhoitajan ja muut tarvittavat toimihenkil\u00f6t.<\/p>\n\n\n\n<p>Hallitus kokoontuu puheenjohtajan tai h\u00e4nen estyneen\u00e4 ollessaan varapuheenjohtajan kutsusta, kun he katsovat siihen olevan aihetta tai kun v\u00e4hint\u00e4\u00e4n puolet hallituksen j\u00e4senist\u00e4 sit\u00e4 vaatii.<\/p>\n\n\n\n<p>Kokous on p\u00e4\u00e4t\u00f6svaltainen, kun v\u00e4hint\u00e4\u00e4n puolet sen j\u00e4senist\u00e4, puheenjohtaja tai varapuheenjohtaja mukaan luettuna on l\u00e4sn\u00e4. \u00c4\u00e4nestykset ratkaistaan ehdottomalla enemmist\u00f6ll\u00e4. \u00c4\u00e4nten menness\u00e4 tasan ratkaisee puheenjohtajan \u00e4\u00e4ni, vaaleissa kuitenkin arpa.<\/p>\n\n\n\n<p><strong>8 \u00a7 Yhdistyksen nimen kirjoittaminen<\/strong><\/p>\n\n\n\n<p>Yhdistyksen nimen kirjoittaa hallituksen puheenjohtaja, sihteeri tai rahastonhoitaja, jokainen erikseen.<\/p>\n\n\n\n<p><strong>9 \u00a7 Tilikausi ja tilintarkastus<\/strong><\/p>\n\n\n\n<p>Yhdistyksen tilikausi on kalenterivuosi.<\/p>\n\n\n\n<p>Tiinp\u00e4\u00e4t\u00f6s tarvittavine asiakirjoineen ja hallituksen vuosikertomus on annettava tilintarkastajalle viimeist\u00e4\u00e4n kolme viikkoa ennen vuosikokousta. Tilintarkastajien tulee antaa kirjallinen lausuntonsa viimeist\u00e4\u00e4n kaksi viikkoa ennen vuosikokousta hallitukselle.<\/p>\n\n\n\n<p><strong>10 \u00a7 Yhdistyksen kokoukset<\/strong><\/p>\n\n\n\n<p>Yhdistyksen vuosikokous pidet\u00e4\u00e4n vuosittain hallituksen m\u00e4\u00e4r\u00e4\u00e4m\u00e4n\u00e4 p\u00e4iv\u00e4n\u00e4 tammi-toukokuussa.<\/p>\n\n\n\n<p>Ylim\u00e4\u00e4r\u00e4inen kokous pidet\u00e4\u00e4n, kun yhdistyksen kokous niin p\u00e4\u00e4tt\u00e4\u00e4 tai kun hallitus katsoo siihen olevan aihetta tai kun v\u00e4hint\u00e4\u00e4n kymmenesosa (1\/10) yhdistyksen \u00e4\u00e4nioikeutetuista j\u00e4senist\u00e4 sit\u00e4 hallitukselta erityisesti ilmoitettua asiaa varten kirjallisesti vaatii. Kokous on pidett\u00e4v\u00e4 kolmenkymmenen vuorokauden kuluessa siit\u00e4, kun vaatimus sen pit\u00e4misest\u00e4 on esitetty hallitukselle.<\/p>\n\n\n\n<p><strong>11 \u00a7 Yhdistyksen kokouksen koolle kutsuminen<\/strong><\/p>\n\n\n\n<p>Hallitus kutsuu yhdistyksen kokoukset koolle v\u00e4hint\u00e4\u00e4n seitsem\u00e4n vuorokautta ennen kokousta tiedottamalla asiasta j\u00e4senille postitetuilla kirjeill\u00e4, s\u00e4hk\u00f6postitse tai yhdistyksen www-sivujen kautta.<\/p>\n\n\n\n<p><strong>12 \u00a7 Vuosikokous<\/strong><\/p>\n\n\n\n<p>Yhdistyksen vuosikokouksessa k\u00e4sitell\u00e4\u00e4n seuraavat asiat<\/p>\n\n\n\n<ol class=\"wp-block-list\"><li>Kokouksen avaus<\/li><li>Valitaan kokouksen puheenjohtaja, sihteeri, kaksi p\u00f6yt\u00e4kirjan tarkastajaa ja tarvittaessa kaksi \u00e4\u00e4ntenlaskijaa.<\/li><li>Todetaan kokouksen laillisuus ja p\u00e4\u00e4t\u00f6svaltaisuus.<\/li><li>Hyv\u00e4ksyt\u00e4\u00e4n kokouksen esityslista.<\/li><li>Esitet\u00e4\u00e4n tilinp\u00e4\u00e4t\u00f6s, vuosikertomus ja tilintarkastajien lausunto.<\/li><li>P\u00e4\u00e4tet\u00e4\u00e4n tilinp\u00e4\u00e4t\u00f6ksen vahvistamisesta ja vastuuvapauden my\u00f6nt\u00e4misest\u00e4 hallitukselle ja muille&nbsp;&nbsp; vastuuvelvollisille.<\/li><li>Vahvistetaan toimintasuunnitelma, tulo- ja menoarvio sek\u00e4 liittymis- ja j\u00e4senmaksujen suuruudet.<\/li><li>Valitaan hallituksen puheenjohtaja ja muut j\u00e4senet.<\/li><li>Valitaan yksi tai kaksi tilintarkastajaa ja heille varatilintarkastajat.<\/li><li>K\u00e4sitell\u00e4\u00e4n muut kokouskutsussa mainitut asiat.<\/li><\/ol>\n\n\n\n<p><strong>13 \u00a7 S\u00e4\u00e4nt\u00f6jen muuttaminen ja yhdistyksen purkaminen<\/strong><\/p>\n\n\n\n<p>P\u00e4\u00e4t\u00f6s s\u00e4\u00e4nt\u00f6jen muuttamisesta ja yhdistyksen purkamisesta on teht\u00e4v\u00e4 yhdistyksen kokouksessa v\u00e4hint\u00e4\u00e4n kolmen nelj\u00e4sosan (3\/4) enemmist\u00f6ll\u00e4 annetuista \u00e4\u00e4nist\u00e4. Kokouskutsussa on mainittava s\u00e4\u00e4nt\u00f6jen muuttamisesta tai yhdistyksen purkamisesta.<\/p>\n\n\n\n<p>Yhdistyksen purkautuessa k\u00e4ytet\u00e4\u00e4n yhdistyksen varat yhdistyksen tarkoituksen edist\u00e4miseen purkamista p\u00e4\u00e4tt\u00e4v\u00e4n kokouksen m\u00e4\u00e4r\u00e4\u00e4m\u00e4ll\u00e4 tavalla. Yhdistyksen tullessa lakkautetuksi k\u00e4ytet\u00e4\u00e4n sen varat samaan tarkoitukseen.<\/p>\n\n\n\n<p><strong>14 \u00a7 Saavutetut j\u00e4senoikeudet s\u00e4ilyv\u00e4t<\/strong><\/p>\n","protected":false},"excerpt":{"rendered":"<p>KOKKOLANSEUDUN EL\u00c4INSUOJELUYHDISTYS RY S\u00c4\u00c4NN\u00d6T 1 \u00a7 Yhdistyksen nimi ja kotipaikka Yhdistyksen nimi on Kokkolanseudun el\u00e4insuojeluyhdistys ry, Gamlagarlebynejdens djurskyddf\u00f6rening rf ja sen kotipaikka on Kokkola. Yhdistyksen toiminta-alue k\u00e4sitt\u00e4\u00e4 Keski-pohjanmaan alueen. Yhdistys on SEY Suomen El\u00e4insuojeluhdistysten liitto ry:n j\u00e4senyhdistys. 2 \u00a7 Tarkoitus ja toiminnan laatu Yhdistyksen tarkoituksena on edist\u00e4\u00e4 el\u00e4insuojelua ja suojella el\u00e4imi\u00e4 parhaalla mahdollisella tavalla k\u00e4rsimykselt\u00e4, [&hellip;]<\/p>\n","protected":false},"author":8,"featured_media":0,"parent":13,"menu_order":0,"comment_status":"closed","ping_status":"closed","template":"","meta":{"_acf_changed":false,"footnotes":""},"class_list":["post-19","page","type-page","status-publish","hentry"],"acf":[],"yoast_head":"<!-- This site is optimized with the Yoast SEO plugin v27.1.1 - https:\/\/yoast.com\/product\/yoast-seo-wordpress\/ -->\n<title>Yhdistyksen s\u00e4\u00e4nn\u00f6t - Kokkolan el\u00e4insuojeluyhdistys<\/title>\n<meta name=\"robots\" content=\"index, follow, max-snippet:-1, max-image-preview:large, max-video-preview:-1\" \/>\n<link rel=\"canonical\" href=\"https:\/\/sey.fi\/kokkola\/kokkolan-elainsuojeluyhdistys\/yhdistys\/yhdistyksen-saannot\/\" \/>\n<meta property=\"og:locale\" content=\"fi_FI\" \/>\n<meta property=\"og:type\" content=\"article\" \/>\n<meta property=\"og:title\" content=\"Yhdistyksen s\u00e4\u00e4nn\u00f6t - Kokkolan el\u00e4insuojeluyhdistys\" \/>\n<meta property=\"og:description\" content=\"KOKKOLANSEUDUN EL\u00c4INSUOJELUYHDISTYS RY S\u00c4\u00c4NN\u00d6T 1 \u00a7 Yhdistyksen nimi ja kotipaikka Yhdistyksen nimi on Kokkolanseudun el\u00e4insuojeluyhdistys ry, Gamlagarlebynejdens djurskyddf\u00f6rening rf ja sen kotipaikka on Kokkola. Yhdistyksen toiminta-alue k\u00e4sitt\u00e4\u00e4 Keski-pohjanmaan alueen. Yhdistys on SEY Suomen El\u00e4insuojeluhdistysten liitto ry:n j\u00e4senyhdistys. 2 \u00a7 Tarkoitus ja toiminnan laatu Yhdistyksen tarkoituksena on edist\u00e4\u00e4 el\u00e4insuojelua ja suojella el\u00e4imi\u00e4 parhaalla mahdollisella tavalla k\u00e4rsimykselt\u00e4, [&hellip;]\" \/>\n<meta property=\"og:url\" content=\"https:\/\/sey.fi\/kokkola\/kokkolan-elainsuojeluyhdistys\/yhdistys\/yhdistyksen-saannot\/\" \/>\n<meta property=\"og:site_name\" content=\"Kokkolan el\u00e4insuojeluyhdistys\" \/>\n<meta property=\"article:modified_time\" content=\"2019-10-28T11:33:55+00:00\" \/>\n<meta property=\"og:image\" content=\"http:\/\/kokkola.sey.fi\/images\/tekstilla_1.jpg\" \/>\n<meta name=\"twitter:card\" content=\"summary_large_image\" \/>\n<meta name=\"twitter:label1\" content=\"Arvioitu lukuaika\" \/>\n\t<meta name=\"twitter:data1\" content=\"5 minuuttia\" \/>\n<script type=\"application\/ld+json\" class=\"yoast-schema-graph\">{\"@context\":\"https:\/\/schema.org\",\"@graph\":[{\"@type\":\"WebPage\",\"@id\":\"https:\/\/sey.fi\/kokkola\/kokkolan-elainsuojeluyhdistys\/yhdistys\/yhdistyksen-saannot\/\",\"url\":\"https:\/\/sey.fi\/kokkola\/kokkolan-elainsuojeluyhdistys\/yhdistys\/yhdistyksen-saannot\/\",\"name\":\"Yhdistyksen s\u00e4\u00e4nn\u00f6t - Kokkolan el\u00e4insuojeluyhdistys\",\"isPartOf\":{\"@id\":\"https:\/\/sey.fi\/kokkola\/#website\"},\"primaryImageOfPage\":{\"@id\":\"https:\/\/sey.fi\/kokkola\/kokkolan-elainsuojeluyhdistys\/yhdistys\/yhdistyksen-saannot\/#primaryimage\"},\"image\":{\"@id\":\"https:\/\/sey.fi\/kokkola\/kokkolan-elainsuojeluyhdistys\/yhdistys\/yhdistyksen-saannot\/#primaryimage\"},\"thumbnailUrl\":\"http:\/\/kokkola.sey.fi\/images\/tekstilla_1.jpg\",\"datePublished\":\"2019-10-28T11:33:54+00:00\",\"dateModified\":\"2019-10-28T11:33:55+00:00\",\"breadcrumb\":{\"@id\":\"https:\/\/sey.fi\/kokkola\/kokkolan-elainsuojeluyhdistys\/yhdistys\/yhdistyksen-saannot\/#breadcrumb\"},\"inLanguage\":\"fi\",\"potentialAction\":[{\"@type\":\"ReadAction\",\"target\":[\"https:\/\/sey.fi\/kokkola\/kokkolan-elainsuojeluyhdistys\/yhdistys\/yhdistyksen-saannot\/\"]}]},{\"@type\":\"ImageObject\",\"inLanguage\":\"fi\",\"@id\":\"https:\/\/sey.fi\/kokkola\/kokkolan-elainsuojeluyhdistys\/yhdistys\/yhdistyksen-saannot\/#primaryimage\",\"url\":\"http:\/\/kokkola.sey.fi\/images\/tekstilla_1.jpg\",\"contentUrl\":\"http:\/\/kokkola.sey.fi\/images\/tekstilla_1.jpg\"},{\"@type\":\"BreadcrumbList\",\"@id\":\"https:\/\/sey.fi\/kokkola\/kokkolan-elainsuojeluyhdistys\/yhdistys\/yhdistyksen-saannot\/#breadcrumb\",\"itemListElement\":[{\"@type\":\"ListItem\",\"position\":1,\"name\":\"Home\",\"item\":\"https:\/\/sey.fi\/kokkola\/\"},{\"@type\":\"ListItem\",\"position\":2,\"name\":\"Kokkolanseudun el\u00e4insuojeluyhdistys\",\"item\":\"https:\/\/sey.fi\/kokkola\/\"},{\"@type\":\"ListItem\",\"position\":3,\"name\":\"Yhdistys\",\"item\":\"https:\/\/sey.fi\/kokkola\/kokkolan-elainsuojeluyhdistys\/yhdistys\/\"},{\"@type\":\"ListItem\",\"position\":4,\"name\":\"Yhdistyksen s\u00e4\u00e4nn\u00f6t\"}]},{\"@type\":\"WebSite\",\"@id\":\"https:\/\/sey.fi\/kokkola\/#website\",\"url\":\"https:\/\/sey.fi\/kokkola\/\",\"name\":\"Kokkolan el\u00e4insuojeluyhdistys\",\"description\":\"Uusi SEY J\u00e4senyhdistykset -sivusto\",\"potentialAction\":[{\"@type\":\"SearchAction\",\"target\":{\"@type\":\"EntryPoint\",\"urlTemplate\":\"https:\/\/sey.fi\/kokkola\/?s={search_term_string}\"},\"query-input\":{\"@type\":\"PropertyValueSpecification\",\"valueRequired\":true,\"valueName\":\"search_term_string\"}}],\"inLanguage\":\"fi\"}]}<\/script>\n<!-- \/ Yoast SEO plugin. -->","yoast_head_json":{"title":"Yhdistyksen s\u00e4\u00e4nn\u00f6t - Kokkolan el\u00e4insuojeluyhdistys","robots":{"index":"index","follow":"follow","max-snippet":"max-snippet:-1","max-image-preview":"max-image-preview:large","max-video-preview":"max-video-preview:-1"},"canonical":"https:\/\/sey.fi\/kokkola\/kokkolan-elainsuojeluyhdistys\/yhdistys\/yhdistyksen-saannot\/","og_locale":"fi_FI","og_type":"article","og_title":"Yhdistyksen s\u00e4\u00e4nn\u00f6t - Kokkolan el\u00e4insuojeluyhdistys","og_description":"KOKKOLANSEUDUN EL\u00c4INSUOJELUYHDISTYS RY S\u00c4\u00c4NN\u00d6T 1 \u00a7 Yhdistyksen nimi ja kotipaikka Yhdistyksen nimi on Kokkolanseudun el\u00e4insuojeluyhdistys ry, Gamlagarlebynejdens djurskyddf\u00f6rening rf ja sen kotipaikka on Kokkola. Yhdistyksen toiminta-alue k\u00e4sitt\u00e4\u00e4 Keski-pohjanmaan alueen. Yhdistys on SEY Suomen El\u00e4insuojeluhdistysten liitto ry:n j\u00e4senyhdistys. 2 \u00a7 Tarkoitus ja toiminnan laatu Yhdistyksen tarkoituksena on edist\u00e4\u00e4 el\u00e4insuojelua ja suojella el\u00e4imi\u00e4 parhaalla mahdollisella tavalla k\u00e4rsimykselt\u00e4, [&hellip;]","og_url":"https:\/\/sey.fi\/kokkola\/kokkolan-elainsuojeluyhdistys\/yhdistys\/yhdistyksen-saannot\/","og_site_name":"Kokkolan el\u00e4insuojeluyhdistys","article_modified_time":"2019-10-28T11:33:55+00:00","og_image":[{"url":"http:\/\/kokkola.sey.fi\/images\/tekstilla_1.jpg","type":"","width":"","height":""}],"twitter_card":"summary_large_image","twitter_misc":{"Arvioitu lukuaika":"5 minuuttia"},"schema":{"@context":"https:\/\/schema.org","@graph":[{"@type":"WebPage","@id":"https:\/\/sey.fi\/kokkola\/kokkolan-elainsuojeluyhdistys\/yhdistys\/yhdistyksen-saannot\/","url":"https:\/\/sey.fi\/kokkola\/kokkolan-elainsuojeluyhdistys\/yhdistys\/yhdistyksen-saannot\/","name":"Yhdistyksen s\u00e4\u00e4nn\u00f6t - Kokkolan el\u00e4insuojeluyhdistys","isPartOf":{"@id":"https:\/\/sey.fi\/kokkola\/#website"},"primaryImageOfPage":{"@id":"https:\/\/sey.fi\/kokkola\/kokkolan-elainsuojeluyhdistys\/yhdistys\/yhdistyksen-saannot\/#primaryimage"},"image":{"@id":"https:\/\/sey.fi\/kokkola\/kokkolan-elainsuojeluyhdistys\/yhdistys\/yhdistyksen-saannot\/#primaryimage"},"thumbnailUrl":"http:\/\/kokkola.sey.fi\/images\/tekstilla_1.jpg","datePublished":"2019-10-28T11:33:54+00:00","dateModified":"2019-10-28T11:33:55+00:00","breadcrumb":{"@id":"https:\/\/sey.fi\/kokkola\/kokkolan-elainsuojeluyhdistys\/yhdistys\/yhdistyksen-saannot\/#breadcrumb"},"inLanguage":"fi","potentialAction":[{"@type":"ReadAction","target":["https:\/\/sey.fi\/kokkola\/kokkolan-elainsuojeluyhdistys\/yhdistys\/yhdistyksen-saannot\/"]}]},{"@type":"ImageObject","inLanguage":"fi","@id":"https:\/\/sey.fi\/kokkola\/kokkolan-elainsuojeluyhdistys\/yhdistys\/yhdistyksen-saannot\/#primaryimage","url":"http:\/\/kokkola.sey.fi\/images\/tekstilla_1.jpg","contentUrl":"http:\/\/kokkola.sey.fi\/images\/tekstilla_1.jpg"},{"@type":"BreadcrumbList","@id":"https:\/\/sey.fi\/kokkola\/kokkolan-elainsuojeluyhdistys\/yhdistys\/yhdistyksen-saannot\/#breadcrumb","itemListElement":[{"@type":"ListItem","position":1,"name":"Home","item":"https:\/\/sey.fi\/kokkola\/"},{"@type":"ListItem","position":2,"name":"Kokkolanseudun el\u00e4insuojeluyhdistys","item":"https:\/\/sey.fi\/kokkola\/"},{"@type":"ListItem","position":3,"name":"Yhdistys","item":"https:\/\/sey.fi\/kokkola\/kokkolan-elainsuojeluyhdistys\/yhdistys\/"},{"@type":"ListItem","position":4,"name":"Yhdistyksen s\u00e4\u00e4nn\u00f6t"}]},{"@type":"WebSite","@id":"https:\/\/sey.fi\/kokkola\/#website","url":"https:\/\/sey.fi\/kokkola\/","name":"Kokkolan el\u00e4insuojeluyhdistys","description":"Uusi SEY J\u00e4senyhdistykset -sivusto","potentialAction":[{"@type":"SearchAction","target":{"@type":"EntryPoint","urlTemplate":"https:\/\/sey.fi\/kokkola\/?s={search_term_string}"},"query-input":{"@type":"PropertyValueSpecification","valueRequired":true,"valueName":"search_term_string"}}],"inLanguage":"fi"}]}},"_links":{"self":[{"href":"https:\/\/sey.fi\/kokkola\/wp-json\/wp\/v2\/pages\/19","targetHints":{"allow":["GET"]}}],"collection":[{"href":"https:\/\/sey.fi\/kokkola\/wp-json\/wp\/v2\/pages"}],"about":[{"href":"https:\/\/sey.fi\/kokkola\/wp-json\/wp\/v2\/types\/page"}],"author":[{"embeddable":true,"href":"https:\/\/sey.fi\/kokkola\/wp-json\/wp\/v2\/users\/8"}],"replies":[{"embeddable":true,"href":"https:\/\/sey.fi\/kokkola\/wp-json\/wp\/v2\/comments?post=19"}],"version-history":[{"count":1,"href":"https:\/\/sey.fi\/kokkola\/wp-json\/wp\/v2\/pages\/19\/revisions"}],"predecessor-version":[{"id":20,"href":"https:\/\/sey.fi\/kokkola\/wp-json\/wp\/v2\/pages\/19\/revisions\/20"}],"up":[{"embeddable":true,"href":"https:\/\/sey.fi\/kokkola\/wp-json\/wp\/v2\/pages\/13"}],"wp:attachment":[{"href":"https:\/\/sey.fi\/kokkola\/wp-json\/wp\/v2\/media?parent=19"}],"curies":[{"name":"wp","href":"https:\/\/api.w.org\/{rel}","templated":true}]}}