{"id":21,"date":"2019-10-28T13:38:49","date_gmt":"2019-10-28T11:38:49","guid":{"rendered":"http:\/\/srvr10.xetpoint.com\/~seyfi\/kokkola\/?page_id=21"},"modified":"2024-04-22T20:01:37","modified_gmt":"2024-04-22T17:01:37","slug":"liity-jaseneksi","status":"publish","type":"page","link":"https:\/\/sey.fi\/kokkola\/kokkolanseudun-elainsuojeluyhdistys\/liity-jaseneksi\/","title":{"rendered":"Liity j\u00e4seneksi"},"content":{"rendered":"\n<h5 class=\"wp-block-heading\">Liity j\u00e4seneksi<\/h5>\n\n\n\n<p>Liittym\u00e4ll\u00e4 Kokkolanseudun El\u00e4insuojeluyhdistyksen j\u00e4seneksi olet mukana el\u00e4insuojeluty\u00f6ss\u00e4. J\u00e4senyys on my\u00f6s arvokas el\u00e4insuojeluteko. Yhdistyksemme toimii t\u00e4ysin vapaaehtoisesti, j\u00e4sentemme voimin. Saat my\u00f6s \u00e4\u00e4nioikeiden yhdistyksen vuosikokouksessa ja voit halutessasi asettua ehdolle hallitukseen. J\u00e4senyys ei vaadi sinulta osallistumista toimintaan &#8211; j\u00e4senyytesi p\u00e4\u00e4idea on t\u00e4rke\u00e4n toiminnan tukeminen. Yhdistys tekee ty\u00f6t\u00e4 el\u00e4inten hyv\u00e4ksi j\u00e4senmaksujen ja lahjoitusten turvin. My\u00f6s sin\u00e4 voit olla mukana j\u00e4senmaksullasi!<\/p>\n\n\n\n<p>Liittym\u00e4ll\u00e4 Kokkolanseudun el\u00e4insuojeluyhdistyksen j\u00e4seneksi, liityt samalla SEY Suomen El\u00e4insuojeluyhdistyksen j\u00e4seneksi. SEYn j\u00e4senen\u00e4 saat 4 kertaa vuodessa ilmestyv\u00e4n El\u00e4inten Yst\u00e4v\u00e4 -j\u00e4senlehden.<\/p>\n\n\n\n<p>Liittym\u00e4ll\u00e4 j\u00e4seneksi tuet yhdistyksemme toiminnan jatkuvuutta: n\u00e4it\u00e4 ovat esimerkiksi kotien etsiminen kodittomille sek\u00e4 el\u00e4insuojelumy\u00f6nteinen kasvatus- ja tiedotustoiminta alueellamme.<\/p>\n\n\n\n<p>J\u00e4senhakemuslomakkeen voit t\u00e4ytt\u00e4\u00e4&nbsp;<a href=\"https:\/\/www.sey.fi\/tue-toimintaa\/jasenyys\" target=\"_blank\" rel=\"noreferrer noopener\">t\u00e4\u00e4ll\u00e4.<\/a><\/p>\n\n\n\n<p>J\u00e4senmaksut vuonna 2024:<\/p>\n\n\n\n<ul class=\"wp-block-list\">\n<li>Nuorisoj\u00e4sen (alle 15-vuotiaat), 20 \u20ac\/v<\/li>\n\n\n\n<li>Varsinainen j\u00e4sen (ik\u00e4 15v tai yli), 33 \u20ac\/v<\/li>\n\n\n\n<li>Kannatusj\u00e4sen, 230 \u20ac\/v<\/li>\n\n\n\n<li>Perhej\u00e4sen (ei lehte\u00e4, lehden saa joku muu samassa osoitteessa asuva j\u00e4sen), 23 \u20ac\/v<\/li>\n\n\n\n<li>Ainaisj\u00e4sen, kertamaksu 330 \u20ac<\/li>\n<\/ul>\n","protected":false},"excerpt":{"rendered":"<p>Liity j\u00e4seneksi Liittym\u00e4ll\u00e4 Kokkolanseudun El\u00e4insuojeluyhdistyksen j\u00e4seneksi olet mukana el\u00e4insuojeluty\u00f6ss\u00e4. J\u00e4senyys on my\u00f6s arvokas el\u00e4insuojeluteko. Yhdistyksemme toimii t\u00e4ysin vapaaehtoisesti, j\u00e4sentemme voimin. Saat my\u00f6s \u00e4\u00e4nioikeiden yhdistyksen vuosikokouksessa ja voit halutessasi asettua ehdolle hallitukseen. J\u00e4senyys ei vaadi sinulta osallistumista toimintaan &#8211; j\u00e4senyytesi p\u00e4\u00e4idea on t\u00e4rke\u00e4n toiminnan tukeminen. Yhdistys tekee ty\u00f6t\u00e4 el\u00e4inten hyv\u00e4ksi j\u00e4senmaksujen ja lahjoitusten turvin. My\u00f6s sin\u00e4 [&hellip;]<\/p>\n","protected":false},"author":8,"featured_media":197,"parent":2,"menu_order":0,"comment_status":"closed","ping_status":"closed","template":"","meta":{"_acf_changed":false,"footnotes":""},"class_list":["post-21","page","type-page","status-publish","has-post-thumbnail","hentry"],"acf":[],"yoast_head":"<!-- This site is optimized with the Yoast SEO plugin v27.1.1 - https:\/\/yoast.com\/product\/yoast-seo-wordpress\/ -->\n<title>Liity j\u00e4seneksi - Kokkolan el\u00e4insuojeluyhdistys<\/title>\n<meta name=\"robots\" content=\"index, follow, max-snippet:-1, max-image-preview:large, max-video-preview:-1\" \/>\n<link rel=\"canonical\" href=\"https:\/\/sey.fi\/kokkola\/kokkolan-elainsuojeluyhdistys\/liity-jaseneksi\/\" \/>\n<meta property=\"og:locale\" content=\"fi_FI\" \/>\n<meta property=\"og:type\" content=\"article\" \/>\n<meta property=\"og:title\" content=\"Liity j\u00e4seneksi - Kokkolan el\u00e4insuojeluyhdistys\" \/>\n<meta property=\"og:description\" content=\"Liity j\u00e4seneksi Liittym\u00e4ll\u00e4 Kokkolanseudun El\u00e4insuojeluyhdistyksen j\u00e4seneksi olet mukana el\u00e4insuojeluty\u00f6ss\u00e4. J\u00e4senyys on my\u00f6s arvokas el\u00e4insuojeluteko. Yhdistyksemme toimii t\u00e4ysin vapaaehtoisesti, j\u00e4sentemme voimin. Saat my\u00f6s \u00e4\u00e4nioikeiden yhdistyksen vuosikokouksessa ja voit halutessasi asettua ehdolle hallitukseen. J\u00e4senyys ei vaadi sinulta osallistumista toimintaan &#8211; j\u00e4senyytesi p\u00e4\u00e4idea on t\u00e4rke\u00e4n toiminnan tukeminen. Yhdistys tekee ty\u00f6t\u00e4 el\u00e4inten hyv\u00e4ksi j\u00e4senmaksujen ja lahjoitusten turvin. My\u00f6s sin\u00e4 [&hellip;]\" \/>\n<meta property=\"og:url\" content=\"https:\/\/sey.fi\/kokkola\/kokkolan-elainsuojeluyhdistys\/liity-jaseneksi\/\" \/>\n<meta property=\"og:site_name\" content=\"Kokkolan el\u00e4insuojeluyhdistys\" \/>\n<meta property=\"article:modified_time\" content=\"2024-04-22T17:01:37+00:00\" \/>\n<meta property=\"og:image\" content=\"https:\/\/sey.fi\/wp-content\/uploads\/sites\/16\/2020\/06\/hedgehog-child-1759505-scaled.jpg\" \/>\n\t<meta property=\"og:image:width\" content=\"2560\" \/>\n\t<meta property=\"og:image:height\" content=\"1961\" \/>\n\t<meta property=\"og:image:type\" content=\"image\/jpeg\" \/>\n<meta name=\"twitter:card\" content=\"summary_large_image\" \/>\n<meta name=\"twitter:label1\" content=\"Arvioitu lukuaika\" \/>\n\t<meta name=\"twitter:data1\" content=\"2 minuuttia\" \/>\n<script type=\"application\/ld+json\" class=\"yoast-schema-graph\">{\"@context\":\"https:\/\/schema.org\",\"@graph\":[{\"@type\":\"WebPage\",\"@id\":\"https:\/\/sey.fi\/kokkola\/kokkolan-elainsuojeluyhdistys\/liity-jaseneksi\/\",\"url\":\"https:\/\/sey.fi\/kokkola\/kokkolan-elainsuojeluyhdistys\/liity-jaseneksi\/\",\"name\":\"Liity j\u00e4seneksi - Kokkolan el\u00e4insuojeluyhdistys\",\"isPartOf\":{\"@id\":\"https:\/\/sey.fi\/kokkola\/#website\"},\"primaryImageOfPage\":{\"@id\":\"https:\/\/sey.fi\/kokkola\/kokkolan-elainsuojeluyhdistys\/liity-jaseneksi\/#primaryimage\"},\"image\":{\"@id\":\"https:\/\/sey.fi\/kokkola\/kokkolan-elainsuojeluyhdistys\/liity-jaseneksi\/#primaryimage\"},\"thumbnailUrl\":\"https:\/\/sey.fi\/wp-content\/uploads\/sites\/16\/2020\/06\/hedgehog-child-1759505-scaled.jpg\",\"datePublished\":\"2019-10-28T11:38:49+00:00\",\"dateModified\":\"2024-04-22T17:01:37+00:00\",\"breadcrumb\":{\"@id\":\"https:\/\/sey.fi\/kokkola\/kokkolan-elainsuojeluyhdistys\/liity-jaseneksi\/#breadcrumb\"},\"inLanguage\":\"fi\",\"potentialAction\":[{\"@type\":\"ReadAction\",\"target\":[\"https:\/\/sey.fi\/kokkola\/kokkolan-elainsuojeluyhdistys\/liity-jaseneksi\/\"]}]},{\"@type\":\"ImageObject\",\"inLanguage\":\"fi\",\"@id\":\"https:\/\/sey.fi\/kokkola\/kokkolan-elainsuojeluyhdistys\/liity-jaseneksi\/#primaryimage\",\"url\":\"https:\/\/sey.fi\/wp-content\/uploads\/sites\/16\/2020\/06\/hedgehog-child-1759505-scaled.jpg\",\"contentUrl\":\"https:\/\/sey.fi\/wp-content\/uploads\/sites\/16\/2020\/06\/hedgehog-child-1759505-scaled.jpg\",\"width\":2560,\"height\":1961},{\"@type\":\"BreadcrumbList\",\"@id\":\"https:\/\/sey.fi\/kokkola\/kokkolan-elainsuojeluyhdistys\/liity-jaseneksi\/#breadcrumb\",\"itemListElement\":[{\"@type\":\"ListItem\",\"position\":1,\"name\":\"Home\",\"item\":\"https:\/\/sey.fi\/kokkola\/\"},{\"@type\":\"ListItem\",\"position\":2,\"name\":\"Kokkolanseudun el\u00e4insuojeluyhdistys\",\"item\":\"https:\/\/sey.fi\/kokkola\/\"},{\"@type\":\"ListItem\",\"position\":3,\"name\":\"Liity j\u00e4seneksi\"}]},{\"@type\":\"WebSite\",\"@id\":\"https:\/\/sey.fi\/kokkola\/#website\",\"url\":\"https:\/\/sey.fi\/kokkola\/\",\"name\":\"Kokkolan el\u00e4insuojeluyhdistys\",\"description\":\"Uusi SEY J\u00e4senyhdistykset -sivusto\",\"potentialAction\":[{\"@type\":\"SearchAction\",\"target\":{\"@type\":\"EntryPoint\",\"urlTemplate\":\"https:\/\/sey.fi\/kokkola\/?s={search_term_string}\"},\"query-input\":{\"@type\":\"PropertyValueSpecification\",\"valueRequired\":true,\"valueName\":\"search_term_string\"}}],\"inLanguage\":\"fi\"}]}<\/script>\n<!-- \/ Yoast SEO plugin. -->","yoast_head_json":{"title":"Liity j\u00e4seneksi - Kokkolan el\u00e4insuojeluyhdistys","robots":{"index":"index","follow":"follow","max-snippet":"max-snippet:-1","max-image-preview":"max-image-preview:large","max-video-preview":"max-video-preview:-1"},"canonical":"https:\/\/sey.fi\/kokkola\/kokkolan-elainsuojeluyhdistys\/liity-jaseneksi\/","og_locale":"fi_FI","og_type":"article","og_title":"Liity j\u00e4seneksi - Kokkolan el\u00e4insuojeluyhdistys","og_description":"Liity j\u00e4seneksi Liittym\u00e4ll\u00e4 Kokkolanseudun El\u00e4insuojeluyhdistyksen j\u00e4seneksi olet mukana el\u00e4insuojeluty\u00f6ss\u00e4. J\u00e4senyys on my\u00f6s arvokas el\u00e4insuojeluteko. Yhdistyksemme toimii t\u00e4ysin vapaaehtoisesti, j\u00e4sentemme voimin. Saat my\u00f6s \u00e4\u00e4nioikeiden yhdistyksen vuosikokouksessa ja voit halutessasi asettua ehdolle hallitukseen. J\u00e4senyys ei vaadi sinulta osallistumista toimintaan &#8211; j\u00e4senyytesi p\u00e4\u00e4idea on t\u00e4rke\u00e4n toiminnan tukeminen. Yhdistys tekee ty\u00f6t\u00e4 el\u00e4inten hyv\u00e4ksi j\u00e4senmaksujen ja lahjoitusten turvin. My\u00f6s sin\u00e4 [&hellip;]","og_url":"https:\/\/sey.fi\/kokkola\/kokkolan-elainsuojeluyhdistys\/liity-jaseneksi\/","og_site_name":"Kokkolan el\u00e4insuojeluyhdistys","article_modified_time":"2024-04-22T17:01:37+00:00","og_image":[{"width":2560,"height":1961,"url":"https:\/\/sey.fi\/wp-content\/uploads\/sites\/16\/2020\/06\/hedgehog-child-1759505-scaled.jpg","type":"image\/jpeg"}],"twitter_card":"summary_large_image","twitter_misc":{"Arvioitu lukuaika":"2 minuuttia"},"schema":{"@context":"https:\/\/schema.org","@graph":[{"@type":"WebPage","@id":"https:\/\/sey.fi\/kokkola\/kokkolan-elainsuojeluyhdistys\/liity-jaseneksi\/","url":"https:\/\/sey.fi\/kokkola\/kokkolan-elainsuojeluyhdistys\/liity-jaseneksi\/","name":"Liity j\u00e4seneksi - Kokkolan el\u00e4insuojeluyhdistys","isPartOf":{"@id":"https:\/\/sey.fi\/kokkola\/#website"},"primaryImageOfPage":{"@id":"https:\/\/sey.fi\/kokkola\/kokkolan-elainsuojeluyhdistys\/liity-jaseneksi\/#primaryimage"},"image":{"@id":"https:\/\/sey.fi\/kokkola\/kokkolan-elainsuojeluyhdistys\/liity-jaseneksi\/#primaryimage"},"thumbnailUrl":"https:\/\/sey.fi\/wp-content\/uploads\/sites\/16\/2020\/06\/hedgehog-child-1759505-scaled.jpg","datePublished":"2019-10-28T11:38:49+00:00","dateModified":"2024-04-22T17:01:37+00:00","breadcrumb":{"@id":"https:\/\/sey.fi\/kokkola\/kokkolan-elainsuojeluyhdistys\/liity-jaseneksi\/#breadcrumb"},"inLanguage":"fi","potentialAction":[{"@type":"ReadAction","target":["https:\/\/sey.fi\/kokkola\/kokkolan-elainsuojeluyhdistys\/liity-jaseneksi\/"]}]},{"@type":"ImageObject","inLanguage":"fi","@id":"https:\/\/sey.fi\/kokkola\/kokkolan-elainsuojeluyhdistys\/liity-jaseneksi\/#primaryimage","url":"https:\/\/sey.fi\/wp-content\/uploads\/sites\/16\/2020\/06\/hedgehog-child-1759505-scaled.jpg","contentUrl":"https:\/\/sey.fi\/wp-content\/uploads\/sites\/16\/2020\/06\/hedgehog-child-1759505-scaled.jpg","width":2560,"height":1961},{"@type":"BreadcrumbList","@id":"https:\/\/sey.fi\/kokkola\/kokkolan-elainsuojeluyhdistys\/liity-jaseneksi\/#breadcrumb","itemListElement":[{"@type":"ListItem","position":1,"name":"Home","item":"https:\/\/sey.fi\/kokkola\/"},{"@type":"ListItem","position":2,"name":"Kokkolanseudun el\u00e4insuojeluyhdistys","item":"https:\/\/sey.fi\/kokkola\/"},{"@type":"ListItem","position":3,"name":"Liity j\u00e4seneksi"}]},{"@type":"WebSite","@id":"https:\/\/sey.fi\/kokkola\/#website","url":"https:\/\/sey.fi\/kokkola\/","name":"Kokkolan el\u00e4insuojeluyhdistys","description":"Uusi SEY J\u00e4senyhdistykset -sivusto","potentialAction":[{"@type":"SearchAction","target":{"@type":"EntryPoint","urlTemplate":"https:\/\/sey.fi\/kokkola\/?s={search_term_string}"},"query-input":{"@type":"PropertyValueSpecification","valueRequired":true,"valueName":"search_term_string"}}],"inLanguage":"fi"}]}},"_links":{"self":[{"href":"https:\/\/sey.fi\/kokkola\/wp-json\/wp\/v2\/pages\/21","targetHints":{"allow":["GET"]}}],"collection":[{"href":"https:\/\/sey.fi\/kokkola\/wp-json\/wp\/v2\/pages"}],"about":[{"href":"https:\/\/sey.fi\/kokkola\/wp-json\/wp\/v2\/types\/page"}],"author":[{"embeddable":true,"href":"https:\/\/sey.fi\/kokkola\/wp-json\/wp\/v2\/users\/8"}],"replies":[{"embeddable":true,"href":"https:\/\/sey.fi\/kokkola\/wp-json\/wp\/v2\/comments?post=21"}],"version-history":[{"count":7,"href":"https:\/\/sey.fi\/kokkola\/wp-json\/wp\/v2\/pages\/21\/revisions"}],"predecessor-version":[{"id":313,"href":"https:\/\/sey.fi\/kokkola\/wp-json\/wp\/v2\/pages\/21\/revisions\/313"}],"up":[{"embeddable":true,"href":"https:\/\/sey.fi\/kokkola\/wp-json\/wp\/v2\/pages\/2"}],"wp:featuredmedia":[{"embeddable":true,"href":"https:\/\/sey.fi\/kokkola\/wp-json\/wp\/v2\/media\/197"}],"wp:attachment":[{"href":"https:\/\/sey.fi\/kokkola\/wp-json\/wp\/v2\/media?parent=21"}],"curies":[{"name":"wp","href":"https:\/\/api.w.org\/{rel}","templated":true}]}}