{"id":448,"date":"2024-11-12T13:43:45","date_gmt":"2024-11-12T11:43:45","guid":{"rendered":"https:\/\/sey.fi\/kokkola\/?page_id=448"},"modified":"2025-07-02T16:35:39","modified_gmt":"2025-07-02T13:35:39","slug":"loukku","status":"publish","type":"page","link":"https:\/\/sey.fi\/kokkola\/kokkolanseudun-elainsuojeluyhdistys\/ohjeita-omistajille\/loukku\/","title":{"rendered":"Loukut"},"content":{"rendered":"\n<p>Kadonneen el\u00e4imen kiinnisaamiseksi voi olla joskus tarpeen k\u00e4ytt\u00e4\u00e4 my\u00f6s loukkuja, joita voit tarvittaessa lainata Kokkolanseudun el\u00e4insuojeluyhdistykselt\u00e4. Ota yhteytt\u00e4:  <a href=\"mailto:kokkola@sey.fi\">kokkola@sey.fi<\/a>, <a href=\"https:\/\/www.facebook.com\/kokkolanesy\">Facebook Messenger<\/a> tai <a href=\"https:\/\/wa.me\/358503394735\">Whatsapp<\/a><\/p>\n\n\n\n<p>Hyvi\u00e4 ohjeita loukun k\u00e4ytt\u00f6\u00f6n l\u00f6ytyy mm.&nbsp;<a href=\"https:\/\/www.karkurit.fi\/etsintaohjeet\/loukuttaminen-koira-ja-kissa\/\"><strong>Karkurit.fi -sivustolta<\/strong><\/a><\/p>\n\n\n\n<p><\/p>\n","protected":false},"excerpt":{"rendered":"<p>Kadonneen el\u00e4imen kiinnisaamiseksi voi olla joskus tarpeen k\u00e4ytt\u00e4\u00e4 my\u00f6s loukkuja, joita voit tarvittaessa lainata Kokkolanseudun el\u00e4insuojeluyhdistykselt\u00e4. Ota yhteytt\u00e4: kokkola@sey.fi, Facebook Messenger tai Whatsapp Hyvi\u00e4 ohjeita loukun k\u00e4ytt\u00f6\u00f6n l\u00f6ytyy mm.&nbsp;Karkurit.fi -sivustolta<\/p>\n","protected":false},"author":91,"featured_media":0,"parent":47,"menu_order":0,"comment_status":"closed","ping_status":"closed","template":"","meta":{"_acf_changed":false,"footnotes":""},"class_list":["post-448","page","type-page","status-publish","hentry"],"acf":[],"yoast_head":"<!-- This site is optimized with the Yoast SEO plugin v27.1.1 - https:\/\/yoast.com\/product\/yoast-seo-wordpress\/ -->\n<title>Loukut - Kokkolan el\u00e4insuojeluyhdistys<\/title>\n<meta name=\"robots\" content=\"index, follow, max-snippet:-1, max-image-preview:large, max-video-preview:-1\" \/>\n<link rel=\"canonical\" href=\"https:\/\/sey.fi\/kokkola\/kokkolanseudun-elainsuojeluyhdistys\/ohjeita-omistajille\/loukku\/\" \/>\n<meta property=\"og:locale\" content=\"fi_FI\" \/>\n<meta property=\"og:type\" content=\"article\" \/>\n<meta property=\"og:title\" content=\"Loukut - Kokkolan el\u00e4insuojeluyhdistys\" \/>\n<meta property=\"og:description\" content=\"Kadonneen el\u00e4imen kiinnisaamiseksi voi olla joskus tarpeen k\u00e4ytt\u00e4\u00e4 my\u00f6s loukkuja, joita voit tarvittaessa lainata Kokkolanseudun el\u00e4insuojeluyhdistykselt\u00e4. Ota yhteytt\u00e4: kokkola@sey.fi, Facebook Messenger tai Whatsapp Hyvi\u00e4 ohjeita loukun k\u00e4ytt\u00f6\u00f6n l\u00f6ytyy mm.&nbsp;Karkurit.fi -sivustolta\" \/>\n<meta property=\"og:url\" content=\"https:\/\/sey.fi\/kokkola\/kokkolanseudun-elainsuojeluyhdistys\/ohjeita-omistajille\/loukku\/\" \/>\n<meta property=\"og:site_name\" content=\"Kokkolan el\u00e4insuojeluyhdistys\" \/>\n<meta property=\"article:modified_time\" content=\"2025-07-02T13:35:39+00:00\" \/>\n<meta name=\"twitter:card\" content=\"summary_large_image\" \/>\n<meta name=\"twitter:label1\" content=\"Arvioitu lukuaika\" \/>\n\t<meta name=\"twitter:data1\" content=\"1 minuutti\" \/>\n<script type=\"application\/ld+json\" class=\"yoast-schema-graph\">{\"@context\":\"https:\/\/schema.org\",\"@graph\":[{\"@type\":\"WebPage\",\"@id\":\"https:\/\/sey.fi\/kokkola\/kokkolanseudun-elainsuojeluyhdistys\/ohjeita-omistajille\/loukku\/\",\"url\":\"https:\/\/sey.fi\/kokkola\/kokkolanseudun-elainsuojeluyhdistys\/ohjeita-omistajille\/loukku\/\",\"name\":\"Loukut - Kokkolan el\u00e4insuojeluyhdistys\",\"isPartOf\":{\"@id\":\"https:\/\/sey.fi\/kokkola\/#website\"},\"datePublished\":\"2024-11-12T11:43:45+00:00\",\"dateModified\":\"2025-07-02T13:35:39+00:00\",\"breadcrumb\":{\"@id\":\"https:\/\/sey.fi\/kokkola\/kokkolanseudun-elainsuojeluyhdistys\/ohjeita-omistajille\/loukku\/#breadcrumb\"},\"inLanguage\":\"fi\",\"potentialAction\":[{\"@type\":\"ReadAction\",\"target\":[\"https:\/\/sey.fi\/kokkola\/kokkolanseudun-elainsuojeluyhdistys\/ohjeita-omistajille\/loukku\/\"]}]},{\"@type\":\"BreadcrumbList\",\"@id\":\"https:\/\/sey.fi\/kokkola\/kokkolanseudun-elainsuojeluyhdistys\/ohjeita-omistajille\/loukku\/#breadcrumb\",\"itemListElement\":[{\"@type\":\"ListItem\",\"position\":1,\"name\":\"Home\",\"item\":\"https:\/\/sey.fi\/kokkola\/\"},{\"@type\":\"ListItem\",\"position\":2,\"name\":\"Kokkolanseudun el\u00e4insuojeluyhdistys\",\"item\":\"https:\/\/sey.fi\/kokkola\/\"},{\"@type\":\"ListItem\",\"position\":3,\"name\":\"Ohjeita omistajille\",\"item\":\"https:\/\/sey.fi\/kokkola\/kokkolan-elainsuojeluyhdistys\/ohjeita-omistajille\/\"},{\"@type\":\"ListItem\",\"position\":4,\"name\":\"Loukut\"}]},{\"@type\":\"WebSite\",\"@id\":\"https:\/\/sey.fi\/kokkola\/#website\",\"url\":\"https:\/\/sey.fi\/kokkola\/\",\"name\":\"Kokkolan el\u00e4insuojeluyhdistys\",\"description\":\"Uusi SEY J\u00e4senyhdistykset -sivusto\",\"potentialAction\":[{\"@type\":\"SearchAction\",\"target\":{\"@type\":\"EntryPoint\",\"urlTemplate\":\"https:\/\/sey.fi\/kokkola\/?s={search_term_string}\"},\"query-input\":{\"@type\":\"PropertyValueSpecification\",\"valueRequired\":true,\"valueName\":\"search_term_string\"}}],\"inLanguage\":\"fi\"}]}<\/script>\n<!-- \/ Yoast SEO plugin. -->","yoast_head_json":{"title":"Loukut - Kokkolan el\u00e4insuojeluyhdistys","robots":{"index":"index","follow":"follow","max-snippet":"max-snippet:-1","max-image-preview":"max-image-preview:large","max-video-preview":"max-video-preview:-1"},"canonical":"https:\/\/sey.fi\/kokkola\/kokkolanseudun-elainsuojeluyhdistys\/ohjeita-omistajille\/loukku\/","og_locale":"fi_FI","og_type":"article","og_title":"Loukut - Kokkolan el\u00e4insuojeluyhdistys","og_description":"Kadonneen el\u00e4imen kiinnisaamiseksi voi olla joskus tarpeen k\u00e4ytt\u00e4\u00e4 my\u00f6s loukkuja, joita voit tarvittaessa lainata Kokkolanseudun el\u00e4insuojeluyhdistykselt\u00e4. Ota yhteytt\u00e4: kokkola@sey.fi, Facebook Messenger tai Whatsapp Hyvi\u00e4 ohjeita loukun k\u00e4ytt\u00f6\u00f6n l\u00f6ytyy mm.&nbsp;Karkurit.fi -sivustolta","og_url":"https:\/\/sey.fi\/kokkola\/kokkolanseudun-elainsuojeluyhdistys\/ohjeita-omistajille\/loukku\/","og_site_name":"Kokkolan el\u00e4insuojeluyhdistys","article_modified_time":"2025-07-02T13:35:39+00:00","twitter_card":"summary_large_image","twitter_misc":{"Arvioitu lukuaika":"1 minuutti"},"schema":{"@context":"https:\/\/schema.org","@graph":[{"@type":"WebPage","@id":"https:\/\/sey.fi\/kokkola\/kokkolanseudun-elainsuojeluyhdistys\/ohjeita-omistajille\/loukku\/","url":"https:\/\/sey.fi\/kokkola\/kokkolanseudun-elainsuojeluyhdistys\/ohjeita-omistajille\/loukku\/","name":"Loukut - Kokkolan el\u00e4insuojeluyhdistys","isPartOf":{"@id":"https:\/\/sey.fi\/kokkola\/#website"},"datePublished":"2024-11-12T11:43:45+00:00","dateModified":"2025-07-02T13:35:39+00:00","breadcrumb":{"@id":"https:\/\/sey.fi\/kokkola\/kokkolanseudun-elainsuojeluyhdistys\/ohjeita-omistajille\/loukku\/#breadcrumb"},"inLanguage":"fi","potentialAction":[{"@type":"ReadAction","target":["https:\/\/sey.fi\/kokkola\/kokkolanseudun-elainsuojeluyhdistys\/ohjeita-omistajille\/loukku\/"]}]},{"@type":"BreadcrumbList","@id":"https:\/\/sey.fi\/kokkola\/kokkolanseudun-elainsuojeluyhdistys\/ohjeita-omistajille\/loukku\/#breadcrumb","itemListElement":[{"@type":"ListItem","position":1,"name":"Home","item":"https:\/\/sey.fi\/kokkola\/"},{"@type":"ListItem","position":2,"name":"Kokkolanseudun el\u00e4insuojeluyhdistys","item":"https:\/\/sey.fi\/kokkola\/"},{"@type":"ListItem","position":3,"name":"Ohjeita omistajille","item":"https:\/\/sey.fi\/kokkola\/kokkolan-elainsuojeluyhdistys\/ohjeita-omistajille\/"},{"@type":"ListItem","position":4,"name":"Loukut"}]},{"@type":"WebSite","@id":"https:\/\/sey.fi\/kokkola\/#website","url":"https:\/\/sey.fi\/kokkola\/","name":"Kokkolan el\u00e4insuojeluyhdistys","description":"Uusi SEY J\u00e4senyhdistykset -sivusto","potentialAction":[{"@type":"SearchAction","target":{"@type":"EntryPoint","urlTemplate":"https:\/\/sey.fi\/kokkola\/?s={search_term_string}"},"query-input":{"@type":"PropertyValueSpecification","valueRequired":true,"valueName":"search_term_string"}}],"inLanguage":"fi"}]}},"_links":{"self":[{"href":"https:\/\/sey.fi\/kokkola\/wp-json\/wp\/v2\/pages\/448","targetHints":{"allow":["GET"]}}],"collection":[{"href":"https:\/\/sey.fi\/kokkola\/wp-json\/wp\/v2\/pages"}],"about":[{"href":"https:\/\/sey.fi\/kokkola\/wp-json\/wp\/v2\/types\/page"}],"author":[{"embeddable":true,"href":"https:\/\/sey.fi\/kokkola\/wp-json\/wp\/v2\/users\/91"}],"replies":[{"embeddable":true,"href":"https:\/\/sey.fi\/kokkola\/wp-json\/wp\/v2\/comments?post=448"}],"version-history":[{"count":11,"href":"https:\/\/sey.fi\/kokkola\/wp-json\/wp\/v2\/pages\/448\/revisions"}],"predecessor-version":[{"id":816,"href":"https:\/\/sey.fi\/kokkola\/wp-json\/wp\/v2\/pages\/448\/revisions\/816"}],"up":[{"embeddable":true,"href":"https:\/\/sey.fi\/kokkola\/wp-json\/wp\/v2\/pages\/47"}],"wp:attachment":[{"href":"https:\/\/sey.fi\/kokkola\/wp-json\/wp\/v2\/media?parent=448"}],"curies":[{"name":"wp","href":"https:\/\/api.w.org\/{rel}","templated":true}]}}