{"id":47,"date":"2019-10-28T14:03:50","date_gmt":"2019-10-28T12:03:50","guid":{"rendered":"http:\/\/srvr10.xetpoint.com\/~seyfi\/kokkola\/?page_id=47"},"modified":"2019-10-28T14:03:50","modified_gmt":"2019-10-28T12:03:50","slug":"ohjeita-omistajille","status":"publish","type":"page","link":"https:\/\/sey.fi\/kokkola\/kokkolanseudun-elainsuojeluyhdistys\/ohjeita-omistajille\/","title":{"rendered":"Ohjeita omistajille"},"content":{"rendered":"\n<p>Lemmikin hankinta on aina pitk\u00e4\u00e4n omistajan el\u00e4m\u00e4\u00e4n vaikuttava hankinta.<br>T\u00e4nne olemme koonneet muutamia ohjeita jotka saattavat omistajalle tulla lemmikin pitk\u00e4n el\u00e4m\u00e4nkaaren aikana vastaan.<\/p>\n","protected":false},"excerpt":{"rendered":"<p>Lemmikin hankinta on aina pitk\u00e4\u00e4n omistajan el\u00e4m\u00e4\u00e4n vaikuttava hankinta.T\u00e4nne olemme koonneet muutamia ohjeita jotka saattavat omistajalle tulla lemmikin pitk\u00e4n el\u00e4m\u00e4nkaaren aikana vastaan.<\/p>\n","protected":false},"author":8,"featured_media":0,"parent":2,"menu_order":0,"comment_status":"closed","ping_status":"closed","template":"","meta":{"_acf_changed":false,"footnotes":""},"class_list":["post-47","page","type-page","status-publish","hentry"],"acf":[],"yoast_head":"<!-- This site is optimized with the Yoast SEO plugin v27.1.1 - https:\/\/yoast.com\/product\/yoast-seo-wordpress\/ -->\n<title>Ohjeita omistajille - Kokkolan el\u00e4insuojeluyhdistys<\/title>\n<meta name=\"robots\" content=\"index, follow, max-snippet:-1, max-image-preview:large, max-video-preview:-1\" \/>\n<link rel=\"canonical\" href=\"https:\/\/sey.fi\/kokkola\/kokkolan-elainsuojeluyhdistys\/ohjeita-omistajille\/\" \/>\n<meta property=\"og:locale\" content=\"fi_FI\" \/>\n<meta property=\"og:type\" content=\"article\" \/>\n<meta property=\"og:title\" content=\"Ohjeita omistajille - Kokkolan el\u00e4insuojeluyhdistys\" \/>\n<meta property=\"og:description\" content=\"Lemmikin hankinta on aina pitk\u00e4\u00e4n omistajan el\u00e4m\u00e4\u00e4n vaikuttava hankinta.T\u00e4nne olemme koonneet muutamia ohjeita jotka saattavat omistajalle tulla lemmikin pitk\u00e4n el\u00e4m\u00e4nkaaren aikana vastaan.\" \/>\n<meta property=\"og:url\" content=\"https:\/\/sey.fi\/kokkola\/kokkolan-elainsuojeluyhdistys\/ohjeita-omistajille\/\" \/>\n<meta property=\"og:site_name\" content=\"Kokkolan el\u00e4insuojeluyhdistys\" \/>\n<meta name=\"twitter:card\" content=\"summary_large_image\" \/>\n<script type=\"application\/ld+json\" class=\"yoast-schema-graph\">{\"@context\":\"https:\/\/schema.org\",\"@graph\":[{\"@type\":\"WebPage\",\"@id\":\"https:\/\/sey.fi\/kokkola\/kokkolan-elainsuojeluyhdistys\/ohjeita-omistajille\/\",\"url\":\"https:\/\/sey.fi\/kokkola\/kokkolan-elainsuojeluyhdistys\/ohjeita-omistajille\/\",\"name\":\"Ohjeita omistajille - Kokkolan el\u00e4insuojeluyhdistys\",\"isPartOf\":{\"@id\":\"https:\/\/sey.fi\/kokkola\/#website\"},\"datePublished\":\"2019-10-28T12:03:50+00:00\",\"breadcrumb\":{\"@id\":\"https:\/\/sey.fi\/kokkola\/kokkolan-elainsuojeluyhdistys\/ohjeita-omistajille\/#breadcrumb\"},\"inLanguage\":\"fi\",\"potentialAction\":[{\"@type\":\"ReadAction\",\"target\":[\"https:\/\/sey.fi\/kokkola\/kokkolan-elainsuojeluyhdistys\/ohjeita-omistajille\/\"]}]},{\"@type\":\"BreadcrumbList\",\"@id\":\"https:\/\/sey.fi\/kokkola\/kokkolan-elainsuojeluyhdistys\/ohjeita-omistajille\/#breadcrumb\",\"itemListElement\":[{\"@type\":\"ListItem\",\"position\":1,\"name\":\"Home\",\"item\":\"https:\/\/sey.fi\/kokkola\/\"},{\"@type\":\"ListItem\",\"position\":2,\"name\":\"Kokkolanseudun el\u00e4insuojeluyhdistys\",\"item\":\"https:\/\/sey.fi\/kokkola\/\"},{\"@type\":\"ListItem\",\"position\":3,\"name\":\"Ohjeita omistajille\"}]},{\"@type\":\"WebSite\",\"@id\":\"https:\/\/sey.fi\/kokkola\/#website\",\"url\":\"https:\/\/sey.fi\/kokkola\/\",\"name\":\"Kokkolan el\u00e4insuojeluyhdistys\",\"description\":\"Uusi SEY J\u00e4senyhdistykset -sivusto\",\"potentialAction\":[{\"@type\":\"SearchAction\",\"target\":{\"@type\":\"EntryPoint\",\"urlTemplate\":\"https:\/\/sey.fi\/kokkola\/?s={search_term_string}\"},\"query-input\":{\"@type\":\"PropertyValueSpecification\",\"valueRequired\":true,\"valueName\":\"search_term_string\"}}],\"inLanguage\":\"fi\"}]}<\/script>\n<!-- \/ Yoast SEO plugin. -->","yoast_head_json":{"title":"Ohjeita omistajille - Kokkolan el\u00e4insuojeluyhdistys","robots":{"index":"index","follow":"follow","max-snippet":"max-snippet:-1","max-image-preview":"max-image-preview:large","max-video-preview":"max-video-preview:-1"},"canonical":"https:\/\/sey.fi\/kokkola\/kokkolan-elainsuojeluyhdistys\/ohjeita-omistajille\/","og_locale":"fi_FI","og_type":"article","og_title":"Ohjeita omistajille - Kokkolan el\u00e4insuojeluyhdistys","og_description":"Lemmikin hankinta on aina pitk\u00e4\u00e4n omistajan el\u00e4m\u00e4\u00e4n vaikuttava hankinta.T\u00e4nne olemme koonneet muutamia ohjeita jotka saattavat omistajalle tulla lemmikin pitk\u00e4n el\u00e4m\u00e4nkaaren aikana vastaan.","og_url":"https:\/\/sey.fi\/kokkola\/kokkolan-elainsuojeluyhdistys\/ohjeita-omistajille\/","og_site_name":"Kokkolan el\u00e4insuojeluyhdistys","twitter_card":"summary_large_image","schema":{"@context":"https:\/\/schema.org","@graph":[{"@type":"WebPage","@id":"https:\/\/sey.fi\/kokkola\/kokkolan-elainsuojeluyhdistys\/ohjeita-omistajille\/","url":"https:\/\/sey.fi\/kokkola\/kokkolan-elainsuojeluyhdistys\/ohjeita-omistajille\/","name":"Ohjeita omistajille - Kokkolan el\u00e4insuojeluyhdistys","isPartOf":{"@id":"https:\/\/sey.fi\/kokkola\/#website"},"datePublished":"2019-10-28T12:03:50+00:00","breadcrumb":{"@id":"https:\/\/sey.fi\/kokkola\/kokkolan-elainsuojeluyhdistys\/ohjeita-omistajille\/#breadcrumb"},"inLanguage":"fi","potentialAction":[{"@type":"ReadAction","target":["https:\/\/sey.fi\/kokkola\/kokkolan-elainsuojeluyhdistys\/ohjeita-omistajille\/"]}]},{"@type":"BreadcrumbList","@id":"https:\/\/sey.fi\/kokkola\/kokkolan-elainsuojeluyhdistys\/ohjeita-omistajille\/#breadcrumb","itemListElement":[{"@type":"ListItem","position":1,"name":"Home","item":"https:\/\/sey.fi\/kokkola\/"},{"@type":"ListItem","position":2,"name":"Kokkolanseudun el\u00e4insuojeluyhdistys","item":"https:\/\/sey.fi\/kokkola\/"},{"@type":"ListItem","position":3,"name":"Ohjeita omistajille"}]},{"@type":"WebSite","@id":"https:\/\/sey.fi\/kokkola\/#website","url":"https:\/\/sey.fi\/kokkola\/","name":"Kokkolan el\u00e4insuojeluyhdistys","description":"Uusi SEY J\u00e4senyhdistykset -sivusto","potentialAction":[{"@type":"SearchAction","target":{"@type":"EntryPoint","urlTemplate":"https:\/\/sey.fi\/kokkola\/?s={search_term_string}"},"query-input":{"@type":"PropertyValueSpecification","valueRequired":true,"valueName":"search_term_string"}}],"inLanguage":"fi"}]}},"_links":{"self":[{"href":"https:\/\/sey.fi\/kokkola\/wp-json\/wp\/v2\/pages\/47","targetHints":{"allow":["GET"]}}],"collection":[{"href":"https:\/\/sey.fi\/kokkola\/wp-json\/wp\/v2\/pages"}],"about":[{"href":"https:\/\/sey.fi\/kokkola\/wp-json\/wp\/v2\/types\/page"}],"author":[{"embeddable":true,"href":"https:\/\/sey.fi\/kokkola\/wp-json\/wp\/v2\/users\/8"}],"replies":[{"embeddable":true,"href":"https:\/\/sey.fi\/kokkola\/wp-json\/wp\/v2\/comments?post=47"}],"version-history":[{"count":2,"href":"https:\/\/sey.fi\/kokkola\/wp-json\/wp\/v2\/pages\/47\/revisions"}],"predecessor-version":[{"id":452,"href":"https:\/\/sey.fi\/kokkola\/wp-json\/wp\/v2\/pages\/47\/revisions\/452"}],"up":[{"embeddable":true,"href":"https:\/\/sey.fi\/kokkola\/wp-json\/wp\/v2\/pages\/2"}],"wp:attachment":[{"href":"https:\/\/sey.fi\/kokkola\/wp-json\/wp\/v2\/media?parent=47"}],"curies":[{"name":"wp","href":"https:\/\/api.w.org\/{rel}","templated":true}]}}