{"id":5,"date":"2019-10-28T13:29:38","date_gmt":"2019-10-28T11:29:38","guid":{"rendered":"http:\/\/srvr10.xetpoint.com\/~seyfi\/kokkola\/?page_id=5"},"modified":"2020-06-15T22:04:12","modified_gmt":"2020-06-15T19:04:12","slug":"luonnonvaraiset-elaimet","status":"publish","type":"page","link":"https:\/\/sey.fi\/kokkola\/kokkolanseudun-elainsuojeluyhdistys\/luonnonvaraiset-elaimet\/","title":{"rendered":"Luonnonvaraiset el\u00e4imet"},"content":{"rendered":"\n<p>Auta luonnonvaraisia el\u00e4imi\u00e4 aina harkiten. Jos mahdollista, soita aina asiantuntevaan hoitopaikkaan ennen kuin kosket el\u00e4imeen. Jos kyseess\u00e4 on poikanen, soita ja kysy neuvoa ENNEN kuin kosket el\u00e4imeen, ellet ole t\u00e4ysin varma siit\u00e4, ett\u00e4 se on orpo. Ainoa poikkeus on sokea ja karvaton poikanen, joka tulee saada l\u00e4mpim\u00e4\u00e4n pikaisesti.<\/p>\n\n\n\n<p>Kysy joka tapauksessa neuvoa mahdollisimman varhaisessa vaiheessa. \u00c4l\u00e4 luota luonnonvaraisten el\u00e4inten hoidossa pelkk\u00e4\u00e4n \u201cmaalaisj\u00e4rkeen\u201d. Jos el\u00e4in on selv\u00e4sti loukkaantunut, se tulee toimittaa el\u00e4inl\u00e4\u00e4k\u00e4riin v\u00e4litt\u00f6m\u00e4sti.<\/p>\n\n\n\n<figure class=\"wp-block-image size-large\"><img loading=\"lazy\" decoding=\"async\" width=\"1024\" height=\"623\" src=\"https:\/\/sey.fi\/wp-content\/uploads\/sites\/16\/2020\/06\/hedgehog-2074143_1920-1024x623.jpg\" alt=\"\" class=\"wp-image-219\" srcset=\"https:\/\/sey.fi\/wp-content\/uploads\/sites\/16\/2020\/06\/hedgehog-2074143_1920-1024x623.jpg 1024w, https:\/\/sey.fi\/wp-content\/uploads\/sites\/16\/2020\/06\/hedgehog-2074143_1920-300x183.jpg 300w, https:\/\/sey.fi\/wp-content\/uploads\/sites\/16\/2020\/06\/hedgehog-2074143_1920-768x468.jpg 768w, https:\/\/sey.fi\/wp-content\/uploads\/sites\/16\/2020\/06\/hedgehog-2074143_1920-1536x935.jpg 1536w, https:\/\/sey.fi\/wp-content\/uploads\/sites\/16\/2020\/06\/hedgehog-2074143_1920.jpg 1920w\" sizes=\"auto, (max-width: 1024px) 100vw, 1024px\" \/><\/figure>\n\n\n\n<h2 class=\"wp-block-heading\">J\u00e4nikset ja rusakot<\/h2>\n\n\n\n<p>Ruohikossa yksin kyyh\u00f6tt\u00e4v\u00e4 j\u00e4niksenpoikanen ei tarvitse mink\u00e4\u00e4nlaista apua, vaan se on j\u00e4tett\u00e4v\u00e4 rauhaan. J\u00e4nikset j\u00e4tt\u00e4v\u00e4t poikaset yksin l\u00e4hes koko vuorokaudeksi ja k\u00e4yv\u00e4t imett\u00e4m\u00e4ss\u00e4 niit\u00e4 y\u00f6ll\u00e4 1\u20132 minuutin ajan. Ihmisten hoitoon joutuneista poikasista kuolee noin 99 %. Jos poikasta on jostain syyst\u00e4 hoidettava, se on ehdottomasti j\u00e4tett\u00e4v\u00e4 ammattilaisten huoleksi.<\/p>\n\n\n\n<p>Vammautuneen aikuisen j\u00e4niksen hoitaminen on mahdotonta: j\u00e4nis pelk\u00e4\u00e4 kuollakseen kaikkea k\u00e4sittely\u00e4 ja vankeutta. Loukkaantuneesta aikuisesta j\u00e4niksest\u00e4 voi ilmoittaa poliisille tai mets\u00e4stysseuralle tai sen voi toimittaa el\u00e4inl\u00e4\u00e4k\u00e4rin nukutettavaksi. P\u00e4\u00e4s\u00e4\u00e4nt\u00f6isesti ainoa j\u00e4rkev\u00e4 apu on j\u00e4niksen p\u00e4\u00e4st\u00e4minen k\u00e4rsimyksist\u00e4\u00e4n inhimillisell\u00e4 tavalla.<\/p>\n\n\n\n<h2 class=\"wp-block-heading\">Lokit<\/h2>\n\n\n\n<p>Kaupungeissa lokit pesiv\u00e4t monesti talojen katoilla. Ongelmia syntyy, kun poikaset aloittavat lentoharjoitukset ja putoavat pihoille ja talojen parkkipaikoille. Ihmiset pelk\u00e4\u00e4v\u00e4t emolintujen varoitushy\u00f6kk\u00e4yksi\u00e4, mutta lokit ovat tuskin koskaan vaaraksi ihmisille. Parasta olisi yritt\u00e4\u00e4 kest\u00e4\u00e4 ulostepommituksia muutaman viikon ajan: lokkiperhe h\u00e4ipyy pihapiirist\u00e4, kun poikaset ovat varttuneet lentokykyisiksi noin 4\u20137 viikon ik\u00e4isin\u00e4. Sateenvarjo voi tilap\u00e4isesti olla hyv\u00e4 suoja pihalla kuljettaessa.<\/p>\n\n\n\n<p>Lokit j\u00e4tt\u00e4v\u00e4t poikasensa jo untuvikkoina pitk\u00e4ksikin aikaa yksin l\u00e4htiess\u00e4\u00e4n itse ruoan hakuun. Yksin\u00e4ist\u00e4 poikasta ei saa \u201cpelastaa\u201d vanhemmiltaan, vaan sen on annettava olla rauhassa. Kaikki lokit ovat rauhoitettuja etel\u00e4isess\u00e4 Suomessa 10.3.\u201331.7. Kalalokki ja selk\u00e4lokki ovat rauhoitettuja ymp\u00e4ri vuoden.<\/p>\n\n\n\n<h2 class=\"wp-block-heading\">Pikkulinnut<\/h2>\n\n\n\n<p>Useimmiten pes\u00e4st\u00e4\u00e4n pudonneella keskenkasvuisella linnulla ei ole h\u00e4t\u00e4\u00e4, sill\u00e4 emo ruokkii my\u00f6s maahan pudonnutta poikasta. Jos kyseess\u00e4 on pieni, h\u00f6yhenet\u00f6n poikanen, se tulee viipym\u00e4tt\u00e4 joko nostaa takaisin pes\u00e4\u00e4n tai ottaa sis\u00e4lle l\u00e4mpim\u00e4\u00e4n. Se on saatava asiantuntevaan hoitoon mahdollisimman pian.<\/p>\n\n\n\n<p>Ensiapuna poikaselle voi tarjota hiilihapotonta kolajuomaa tippa kerrallaan. (Hiilihapon saa pois seisottamalla juomaa lasissa tai ravistamalla pulloa.) Poikanen majoitetaan pieneen laatikkoon, johon laitetaan kankaaseen k\u00e4\u00e4ritty l\u00e4mp\u00f6pullo (esim. kuumalla vedell\u00e4 t\u00e4ytetty pilttipurkki). L\u00e4mp\u00f6pullon vesi on vaihdettava l\u00e4mpim\u00e4\u00e4n noin tunnin v\u00e4lein. Jos poikanen on kovin n\u00e4lk\u00e4inen, sille voi antaa ravinnoksi pieni\u00e4 murusia vedell\u00e4\/kolajuomalla kostutettua jauhelihaa.<\/p>\n\n\n\n<p>Aikuiset loukkaantuneet pikkulinnut voidaan joissain tapauksissa parantaa, mik\u00e4li linnun vammat eiv\u00e4t ole suuret. Toipumisen kannalta on eritt\u00e4in t\u00e4rke\u00e4\u00e4, ett\u00e4 el\u00e4in toimitetaan hoitoon v\u00e4litt\u00f6m\u00e4sti. Esim. murtumakohta alkaa luutua heti onnettomuuden j\u00e4lkeen, ja \u201citsest\u00e4\u00e4n\u201d paranevat luut luutuvat useimmiten t\u00e4ysin v\u00e4\u00e4r\u00e4\u00e4n asentoon. V\u00e4\u00e4r\u00e4\u00e4n asentoon luutunutta vanhaa murtumakohtaa ei voida en\u00e4\u00e4 korjata.<\/p>\n\n\n\n<h2 class=\"wp-block-heading\">Oravat<\/h2>\n\n\n\n<p>Orava on oppinut hy\u00f6tym\u00e4\u00e4n ihmisen l\u00e4heisyydest\u00e4. Kesyyntyminen voi olla oraville vaaraksi ja aiheuttaa haittaa ihmisille. Ihmist\u00e4 pelk\u00e4\u00e4m\u00e4t\u00f6n orava saattaa joutua esim. pahoinpidellyksi. Kesy orava tulee r\u00f6yhke\u00e4ksi ja saattaa jopa menn\u00e4 asuntoihin sis\u00e4\u00e4n avoimista ikkunoista.<\/p>\n\n\n\n<p>Orvoiksi j\u00e4\u00e4neet oravanpoikaset voivat l\u00e4hte\u00e4 harhailemaan, joskus viel\u00e4 sokeina ja karvattominakin. Ne tarvitsevat ihmisen apua. T\u00e4llaisen poikasen voi siis ottaa sis\u00e4lle l\u00e4mpim\u00e4\u00e4n. Sille on kuitenkin heti etsitt\u00e4v\u00e4 asiantunteva hoitopaikka. Ensiavuksi poikaselle voi antaa vett\u00e4 joko pipetill\u00e4 tipoittain tai matalalta lautaselta riippuen poikasen kehitysvaiheesta. Poikaselle voi my\u00f6s yritt\u00e4\u00e4 tarjota pieni\u00e4 paloja laktoosittomassa maidossa pehmitetty\u00e4 vaaleaa leip\u00e4\u00e4. Pikkupoikanen tarvitsee ehdottomasti pes\u00e4n, esimerkiksi villapipon, jonka l\u00e4mm\u00f6ss\u00e4 se nukkuu suurimman osan p\u00e4iv\u00e4st\u00e4.<\/p>\n\n\n\n<p>Aikuiset loukkaantuneet oravat ovat yleens\u00e4 j\u00e4\u00e4neet joko auton alle tai esim. kissan saaliiksi. Aikuisen pahoin vammautuneen oravan hoitaminen on mahdotonta. El\u00e4in tulee toimittaa el\u00e4inl\u00e4\u00e4k\u00e4rille, joka pystyy arvioimaan, voidaanko el\u00e4in ensiavun j\u00e4lkeen vapauttaa vai onko el\u00e4imen lopettaminen armeliainta.<\/p>\n\n\n\n<h2 class=\"wp-block-heading\">Siilit<\/h2>\n\n\n\n<p>Orpoja siilinpoikasia l\u00f6ytyy onneksi harvoin. Keskell\u00e4 p\u00e4iv\u00e4\u00e4 pitkin pihaa harhailevien siilinpoikasten olot eiv\u00e4t ole kunnossa. Sen sijaan iltah\u00e4m\u00e4riss\u00e4 liikkuva yksitt\u00e4inen pienikokoinen siili voi aivan hyvin olla jo vieroitettu poikanen, jota ei saa h\u00e4irit\u00e4. P\u00e4\u00e4s\u00e4\u00e4nt\u00f6isesti voi ajatella, ett\u00e4 p\u00e4iv\u00e4ll\u00e4 l\u00f6ydetty siilinpoikanen kannattaa ottaa talteen varsinkin, jos se vaikuttaa alle 250 gramman painoiselta.<\/p>\n\n\n\n<p>Siili on parasta hoitaa asiantuntevassa luonnonvaraisten el\u00e4inten hoitopaikassa. Siilinpoikaselle voi tarjota vett\u00e4 tai laktoosittomia maitotuotteita matalalta lautaselta. Imev\u00e4isik\u00e4inen siili tarvitsee ruokintaa ruiskulla tai pipetill\u00e4, ja t\u00e4ll\u00f6in on kysytt\u00e4v\u00e4 neuvoja asiantuntijoilta. Isommille siilinpoikasille voi tarjota kissan purkkiruokaa. Siileill\u00e4 on k\u00e4yt\u00e4nn\u00f6ss\u00e4 aina sis\u00e4- ja ulkoloisia. Suuri osa siileist\u00e4 kantaa salmonella-bakteeria. Ne voivat levitt\u00e4\u00e4 sit\u00e4 sairastumatta itse.<\/p>\n\n\n\n<p>Teksti: P\u00e4ivi Ylikorpi&nbsp;<\/p>\n\n\n\n<p>L\u00e4hde:&nbsp;https:\/\/www.hesy.fi\/loytoelaimet\/luonnonvaraiset-elaimet\/<\/p>\n","protected":false},"excerpt":{"rendered":"<p>Auta luonnonvaraisia el\u00e4imi\u00e4 aina harkiten. Jos mahdollista, soita aina asiantuntevaan hoitopaikkaan ennen kuin kosket el\u00e4imeen. Jos kyseess\u00e4 on poikanen, soita ja kysy neuvoa ENNEN kuin kosket el\u00e4imeen, ellet ole t\u00e4ysin varma siit\u00e4, ett\u00e4 se on orpo. Ainoa poikkeus on sokea ja karvaton poikanen, joka tulee saada l\u00e4mpim\u00e4\u00e4n pikaisesti. Kysy joka tapauksessa neuvoa mahdollisimman varhaisessa vaiheessa. [&hellip;]<\/p>\n","protected":false},"author":8,"featured_media":221,"parent":2,"menu_order":0,"comment_status":"closed","ping_status":"closed","template":"","meta":{"_acf_changed":false,"footnotes":""},"class_list":["post-5","page","type-page","status-publish","has-post-thumbnail","hentry"],"acf":[],"yoast_head":"<!-- This site is optimized with the Yoast SEO plugin v27.1.1 - https:\/\/yoast.com\/product\/yoast-seo-wordpress\/ -->\n<title>Luonnonvaraiset el\u00e4imet - Kokkolan el\u00e4insuojeluyhdistys<\/title>\n<meta name=\"robots\" content=\"index, follow, max-snippet:-1, max-image-preview:large, max-video-preview:-1\" \/>\n<link rel=\"canonical\" href=\"https:\/\/sey.fi\/kokkola\/kokkolan-elainsuojeluyhdistys\/luonnonvaraiset-elaimet\/\" \/>\n<meta property=\"og:locale\" content=\"fi_FI\" \/>\n<meta property=\"og:type\" content=\"article\" \/>\n<meta property=\"og:title\" content=\"Luonnonvaraiset el\u00e4imet - Kokkolan el\u00e4insuojeluyhdistys\" \/>\n<meta property=\"og:description\" content=\"Auta luonnonvaraisia el\u00e4imi\u00e4 aina harkiten. Jos mahdollista, soita aina asiantuntevaan hoitopaikkaan ennen kuin kosket el\u00e4imeen. Jos kyseess\u00e4 on poikanen, soita ja kysy neuvoa ENNEN kuin kosket el\u00e4imeen, ellet ole t\u00e4ysin varma siit\u00e4, ett\u00e4 se on orpo. Ainoa poikkeus on sokea ja karvaton poikanen, joka tulee saada l\u00e4mpim\u00e4\u00e4n pikaisesti. Kysy joka tapauksessa neuvoa mahdollisimman varhaisessa vaiheessa. [&hellip;]\" \/>\n<meta property=\"og:url\" content=\"https:\/\/sey.fi\/kokkola\/kokkolan-elainsuojeluyhdistys\/luonnonvaraiset-elaimet\/\" \/>\n<meta property=\"og:site_name\" content=\"Kokkolan el\u00e4insuojeluyhdistys\" \/>\n<meta property=\"article:modified_time\" content=\"2020-06-15T19:04:12+00:00\" \/>\n<meta property=\"og:image\" content=\"https:\/\/sey.fi\/wp-content\/uploads\/sites\/16\/2020\/06\/fuchs-4584929-scaled.jpg\" \/>\n\t<meta property=\"og:image:width\" content=\"2560\" \/>\n\t<meta property=\"og:image:height\" content=\"1707\" \/>\n\t<meta property=\"og:image:type\" content=\"image\/jpeg\" \/>\n<meta name=\"twitter:card\" content=\"summary_large_image\" \/>\n<meta name=\"twitter:label1\" content=\"Arvioitu lukuaika\" \/>\n\t<meta name=\"twitter:data1\" content=\"4 minuuttia\" \/>\n<script type=\"application\/ld+json\" class=\"yoast-schema-graph\">{\"@context\":\"https:\/\/schema.org\",\"@graph\":[{\"@type\":\"WebPage\",\"@id\":\"https:\/\/sey.fi\/kokkola\/kokkolan-elainsuojeluyhdistys\/luonnonvaraiset-elaimet\/\",\"url\":\"https:\/\/sey.fi\/kokkola\/kokkolan-elainsuojeluyhdistys\/luonnonvaraiset-elaimet\/\",\"name\":\"Luonnonvaraiset el\u00e4imet - Kokkolan el\u00e4insuojeluyhdistys\",\"isPartOf\":{\"@id\":\"https:\/\/sey.fi\/kokkola\/#website\"},\"primaryImageOfPage\":{\"@id\":\"https:\/\/sey.fi\/kokkola\/kokkolan-elainsuojeluyhdistys\/luonnonvaraiset-elaimet\/#primaryimage\"},\"image\":{\"@id\":\"https:\/\/sey.fi\/kokkola\/kokkolan-elainsuojeluyhdistys\/luonnonvaraiset-elaimet\/#primaryimage\"},\"thumbnailUrl\":\"https:\/\/sey.fi\/wp-content\/uploads\/sites\/16\/2020\/06\/fuchs-4584929-scaled.jpg\",\"datePublished\":\"2019-10-28T11:29:38+00:00\",\"dateModified\":\"2020-06-15T19:04:12+00:00\",\"breadcrumb\":{\"@id\":\"https:\/\/sey.fi\/kokkola\/kokkolan-elainsuojeluyhdistys\/luonnonvaraiset-elaimet\/#breadcrumb\"},\"inLanguage\":\"fi\",\"potentialAction\":[{\"@type\":\"ReadAction\",\"target\":[\"https:\/\/sey.fi\/kokkola\/kokkolan-elainsuojeluyhdistys\/luonnonvaraiset-elaimet\/\"]}]},{\"@type\":\"ImageObject\",\"inLanguage\":\"fi\",\"@id\":\"https:\/\/sey.fi\/kokkola\/kokkolan-elainsuojeluyhdistys\/luonnonvaraiset-elaimet\/#primaryimage\",\"url\":\"https:\/\/sey.fi\/wp-content\/uploads\/sites\/16\/2020\/06\/fuchs-4584929-scaled.jpg\",\"contentUrl\":\"https:\/\/sey.fi\/wp-content\/uploads\/sites\/16\/2020\/06\/fuchs-4584929-scaled.jpg\",\"width\":2560,\"height\":1707},{\"@type\":\"BreadcrumbList\",\"@id\":\"https:\/\/sey.fi\/kokkola\/kokkolan-elainsuojeluyhdistys\/luonnonvaraiset-elaimet\/#breadcrumb\",\"itemListElement\":[{\"@type\":\"ListItem\",\"position\":1,\"name\":\"Home\",\"item\":\"https:\/\/sey.fi\/kokkola\/\"},{\"@type\":\"ListItem\",\"position\":2,\"name\":\"Kokkolanseudun el\u00e4insuojeluyhdistys\",\"item\":\"https:\/\/sey.fi\/kokkola\/\"},{\"@type\":\"ListItem\",\"position\":3,\"name\":\"Luonnonvaraiset el\u00e4imet\"}]},{\"@type\":\"WebSite\",\"@id\":\"https:\/\/sey.fi\/kokkola\/#website\",\"url\":\"https:\/\/sey.fi\/kokkola\/\",\"name\":\"Kokkolan el\u00e4insuojeluyhdistys\",\"description\":\"Uusi SEY J\u00e4senyhdistykset -sivusto\",\"potentialAction\":[{\"@type\":\"SearchAction\",\"target\":{\"@type\":\"EntryPoint\",\"urlTemplate\":\"https:\/\/sey.fi\/kokkola\/?s={search_term_string}\"},\"query-input\":{\"@type\":\"PropertyValueSpecification\",\"valueRequired\":true,\"valueName\":\"search_term_string\"}}],\"inLanguage\":\"fi\"}]}<\/script>\n<!-- \/ Yoast SEO plugin. -->","yoast_head_json":{"title":"Luonnonvaraiset el\u00e4imet - Kokkolan el\u00e4insuojeluyhdistys","robots":{"index":"index","follow":"follow","max-snippet":"max-snippet:-1","max-image-preview":"max-image-preview:large","max-video-preview":"max-video-preview:-1"},"canonical":"https:\/\/sey.fi\/kokkola\/kokkolan-elainsuojeluyhdistys\/luonnonvaraiset-elaimet\/","og_locale":"fi_FI","og_type":"article","og_title":"Luonnonvaraiset el\u00e4imet - Kokkolan el\u00e4insuojeluyhdistys","og_description":"Auta luonnonvaraisia el\u00e4imi\u00e4 aina harkiten. Jos mahdollista, soita aina asiantuntevaan hoitopaikkaan ennen kuin kosket el\u00e4imeen. Jos kyseess\u00e4 on poikanen, soita ja kysy neuvoa ENNEN kuin kosket el\u00e4imeen, ellet ole t\u00e4ysin varma siit\u00e4, ett\u00e4 se on orpo. Ainoa poikkeus on sokea ja karvaton poikanen, joka tulee saada l\u00e4mpim\u00e4\u00e4n pikaisesti. Kysy joka tapauksessa neuvoa mahdollisimman varhaisessa vaiheessa. [&hellip;]","og_url":"https:\/\/sey.fi\/kokkola\/kokkolan-elainsuojeluyhdistys\/luonnonvaraiset-elaimet\/","og_site_name":"Kokkolan el\u00e4insuojeluyhdistys","article_modified_time":"2020-06-15T19:04:12+00:00","og_image":[{"width":2560,"height":1707,"url":"https:\/\/sey.fi\/wp-content\/uploads\/sites\/16\/2020\/06\/fuchs-4584929-scaled.jpg","type":"image\/jpeg"}],"twitter_card":"summary_large_image","twitter_misc":{"Arvioitu lukuaika":"4 minuuttia"},"schema":{"@context":"https:\/\/schema.org","@graph":[{"@type":"WebPage","@id":"https:\/\/sey.fi\/kokkola\/kokkolan-elainsuojeluyhdistys\/luonnonvaraiset-elaimet\/","url":"https:\/\/sey.fi\/kokkola\/kokkolan-elainsuojeluyhdistys\/luonnonvaraiset-elaimet\/","name":"Luonnonvaraiset el\u00e4imet - Kokkolan el\u00e4insuojeluyhdistys","isPartOf":{"@id":"https:\/\/sey.fi\/kokkola\/#website"},"primaryImageOfPage":{"@id":"https:\/\/sey.fi\/kokkola\/kokkolan-elainsuojeluyhdistys\/luonnonvaraiset-elaimet\/#primaryimage"},"image":{"@id":"https:\/\/sey.fi\/kokkola\/kokkolan-elainsuojeluyhdistys\/luonnonvaraiset-elaimet\/#primaryimage"},"thumbnailUrl":"https:\/\/sey.fi\/wp-content\/uploads\/sites\/16\/2020\/06\/fuchs-4584929-scaled.jpg","datePublished":"2019-10-28T11:29:38+00:00","dateModified":"2020-06-15T19:04:12+00:00","breadcrumb":{"@id":"https:\/\/sey.fi\/kokkola\/kokkolan-elainsuojeluyhdistys\/luonnonvaraiset-elaimet\/#breadcrumb"},"inLanguage":"fi","potentialAction":[{"@type":"ReadAction","target":["https:\/\/sey.fi\/kokkola\/kokkolan-elainsuojeluyhdistys\/luonnonvaraiset-elaimet\/"]}]},{"@type":"ImageObject","inLanguage":"fi","@id":"https:\/\/sey.fi\/kokkola\/kokkolan-elainsuojeluyhdistys\/luonnonvaraiset-elaimet\/#primaryimage","url":"https:\/\/sey.fi\/wp-content\/uploads\/sites\/16\/2020\/06\/fuchs-4584929-scaled.jpg","contentUrl":"https:\/\/sey.fi\/wp-content\/uploads\/sites\/16\/2020\/06\/fuchs-4584929-scaled.jpg","width":2560,"height":1707},{"@type":"BreadcrumbList","@id":"https:\/\/sey.fi\/kokkola\/kokkolan-elainsuojeluyhdistys\/luonnonvaraiset-elaimet\/#breadcrumb","itemListElement":[{"@type":"ListItem","position":1,"name":"Home","item":"https:\/\/sey.fi\/kokkola\/"},{"@type":"ListItem","position":2,"name":"Kokkolanseudun el\u00e4insuojeluyhdistys","item":"https:\/\/sey.fi\/kokkola\/"},{"@type":"ListItem","position":3,"name":"Luonnonvaraiset el\u00e4imet"}]},{"@type":"WebSite","@id":"https:\/\/sey.fi\/kokkola\/#website","url":"https:\/\/sey.fi\/kokkola\/","name":"Kokkolan el\u00e4insuojeluyhdistys","description":"Uusi SEY J\u00e4senyhdistykset -sivusto","potentialAction":[{"@type":"SearchAction","target":{"@type":"EntryPoint","urlTemplate":"https:\/\/sey.fi\/kokkola\/?s={search_term_string}"},"query-input":{"@type":"PropertyValueSpecification","valueRequired":true,"valueName":"search_term_string"}}],"inLanguage":"fi"}]}},"_links":{"self":[{"href":"https:\/\/sey.fi\/kokkola\/wp-json\/wp\/v2\/pages\/5","targetHints":{"allow":["GET"]}}],"collection":[{"href":"https:\/\/sey.fi\/kokkola\/wp-json\/wp\/v2\/pages"}],"about":[{"href":"https:\/\/sey.fi\/kokkola\/wp-json\/wp\/v2\/types\/page"}],"author":[{"embeddable":true,"href":"https:\/\/sey.fi\/kokkola\/wp-json\/wp\/v2\/users\/8"}],"replies":[{"embeddable":true,"href":"https:\/\/sey.fi\/kokkola\/wp-json\/wp\/v2\/comments?post=5"}],"version-history":[{"count":4,"href":"https:\/\/sey.fi\/kokkola\/wp-json\/wp\/v2\/pages\/5\/revisions"}],"predecessor-version":[{"id":224,"href":"https:\/\/sey.fi\/kokkola\/wp-json\/wp\/v2\/pages\/5\/revisions\/224"}],"up":[{"embeddable":true,"href":"https:\/\/sey.fi\/kokkola\/wp-json\/wp\/v2\/pages\/2"}],"wp:featuredmedia":[{"embeddable":true,"href":"https:\/\/sey.fi\/kokkola\/wp-json\/wp\/v2\/media\/221"}],"wp:attachment":[{"href":"https:\/\/sey.fi\/kokkola\/wp-json\/wp\/v2\/media?parent=5"}],"curies":[{"name":"wp","href":"https:\/\/api.w.org\/{rel}","templated":true}]}}