{"id":59,"date":"2019-10-28T14:07:25","date_gmt":"2019-10-28T12:07:25","guid":{"rendered":"http:\/\/srvr10.xetpoint.com\/~seyfi\/kokkola\/?page_id=59"},"modified":"2024-11-14T14:03:30","modified_gmt":"2024-11-14T12:03:30","slug":"tilaa-kalenteri","status":"publish","type":"page","link":"https:\/\/sey.fi\/kokkola\/kokkolanseudun-elainsuojeluyhdistys\/tue-toimintaamme\/tilaa-kalenteri\/","title":{"rendered":"Tilaa kangaskassi"},"content":{"rendered":"\n<figure class=\"wp-block-image size-large\"><img loading=\"lazy\" decoding=\"async\" width=\"1024\" height=\"1024\" src=\"https:\/\/sey.fi\/wp-content\/uploads\/sites\/16\/2020\/12\/ESY-kassi-jpg-1024x1024.jpg\" alt=\"\" class=\"wp-image-232\" srcset=\"https:\/\/sey.fi\/wp-content\/uploads\/sites\/16\/2020\/12\/ESY-kassi-jpg-1024x1024.jpg 1024w, https:\/\/sey.fi\/wp-content\/uploads\/sites\/16\/2020\/12\/ESY-kassi-jpg-300x300.jpg 300w, https:\/\/sey.fi\/wp-content\/uploads\/sites\/16\/2020\/12\/ESY-kassi-jpg-150x150.jpg 150w, https:\/\/sey.fi\/wp-content\/uploads\/sites\/16\/2020\/12\/ESY-kassi-jpg-768x768.jpg 768w, https:\/\/sey.fi\/wp-content\/uploads\/sites\/16\/2020\/12\/ESY-kassi-jpg-160x160.jpg 160w, https:\/\/sey.fi\/wp-content\/uploads\/sites\/16\/2020\/12\/ESY-kassi-jpg.jpg 1280w\" sizes=\"auto, (max-width: 1024px) 100vw, 1024px\" \/><\/figure>\n\n\n\n<div class=\"wp-block-file\"><a href=\"http:\/\/kokkola.sey.fi\/images\/esy_kalenterimainos_kotisivut.jpg\" class=\"wp-block-file__button wp-element-button\" download>Lataa<\/a><\/div>\n\n\n\n<p>T\u00e4ll\u00e4 hetkell\u00e4 myynniss\u00e4 125v juhlavuoden kangaskasseja.<\/p>\n\n\n\n<p>Kyseisi\u00e4 kasseja viel\u00e4 muutamat kappaleet saatavilla. Uudet kassit tulevat myyntiin pian, eri kuvalla.<\/p>\n\n\n\n<p><strong>Tilaukset t\u00e4ll\u00e4 sivulla olevalla tilauslomakkeella. <\/strong><\/p>\n\n\n\n<p><strong>Saat maksutiedot tilauksen k\u00e4sittelyn yhteydess\u00e4.<\/strong><\/p>\n\n\n\n<p>Myynniss\u00e4 my\u00f6s joulun j\u00e4lkeenkin!<\/p>\n\n\n\n<p>Hinta 20e ja mahdolliset postikulut ja tuotto kokonaisuudessaan el\u00e4inten hyv\u00e4ksi. \ud83d\ude0a<\/p>\n\n\n\n<p>Kassin on suunnitellut kokkolalainen kuvataiteilija Mira Roivainen.<\/p>\n\n\n\n<h2 class=\"wp-block-heading\">Tilauslomake<\/h2>\n\n\n\n<div class=\"wpcf7 no-js\" id=\"wpcf7-f500-o1\" lang=\"fi\" dir=\"ltr\" data-wpcf7-id=\"500\">\n<div class=\"screen-reader-response\"><p role=\"status\" aria-live=\"polite\" aria-atomic=\"true\"><\/p> <ul><\/ul><\/div>\n<form action=\"\/kokkola\/wp-json\/wp\/v2\/pages\/59#wpcf7-f500-o1\" method=\"post\" class=\"wpcf7-form init\" aria-label=\"Yhteydenottolomake\" novalidate=\"novalidate\" data-status=\"init\">\n<div style=\"display: none;\">\n<input type=\"hidden\" name=\"_wpcf7\" value=\"500\" \/>\n<input type=\"hidden\" name=\"_wpcf7_version\" value=\"6.0.6\" \/>\n<input type=\"hidden\" name=\"_wpcf7_locale\" value=\"fi\" \/>\n<input type=\"hidden\" name=\"_wpcf7_unit_tag\" value=\"wpcf7-f500-o1\" \/>\n<input type=\"hidden\" name=\"_wpcf7_container_post\" value=\"0\" \/>\n<input type=\"hidden\" name=\"_wpcf7_posted_data_hash\" value=\"\" \/>\n<\/div>\n<p><label> Nimi<br \/>\n<span class=\"wpcf7-form-control-wrap\" data-name=\"your-name\"><input size=\"40\" maxlength=\"400\" class=\"wpcf7-form-control wpcf7-text wpcf7-validates-as-required\" autocomplete=\"name\" aria-required=\"true\" aria-invalid=\"false\" value=\"\" type=\"text\" name=\"your-name\" \/><\/span> <\/label>\n<\/p>\n<p><label> S\u00e4hk\u00f6postiosoite<br \/>\n<span class=\"wpcf7-form-control-wrap\" data-name=\"your-email\"><input size=\"40\" maxlength=\"400\" class=\"wpcf7-form-control wpcf7-email wpcf7-validates-as-required wpcf7-text wpcf7-validates-as-email\" autocomplete=\"email\" aria-required=\"true\" aria-invalid=\"false\" value=\"\" type=\"email\" name=\"your-email\" \/><\/span> <\/label>\n<\/p>\n<p><label> Puhelinnumero<br \/>\n<span class=\"wpcf7-form-control-wrap\" data-name=\"tel-323\"><input size=\"40\" maxlength=\"400\" class=\"wpcf7-form-control wpcf7-tel wpcf7-validates-as-required wpcf7-text wpcf7-validates-as-tel\" aria-required=\"true\" aria-invalid=\"false\" value=\"\" type=\"tel\" name=\"tel-323\" \/><\/span> <\/label>\n<\/p>\n<p><label> Osoite<br \/>\n<span class=\"wpcf7-form-control-wrap\" data-name=\"text-479\"><input size=\"40\" maxlength=\"400\" class=\"wpcf7-form-control wpcf7-text wpcf7-validates-as-required\" aria-required=\"true\" aria-invalid=\"false\" value=\"\" type=\"text\" name=\"text-479\" \/><\/span> <\/label>\n<\/p>\n<p><label> Postinumero<br \/>\n<span class=\"wpcf7-form-control-wrap\" data-name=\"text-478\"><input size=\"40\" maxlength=\"400\" class=\"wpcf7-form-control wpcf7-text wpcf7-validates-as-required\" aria-required=\"true\" aria-invalid=\"false\" value=\"\" type=\"text\" name=\"text-478\" \/><\/span> <\/label>\n<\/p>\n<p><label> Kaupunki<br \/>\n<span class=\"wpcf7-form-control-wrap\" data-name=\"text-471\"><input size=\"40\" maxlength=\"400\" class=\"wpcf7-form-control wpcf7-text wpcf7-validates-as-required\" aria-required=\"true\" aria-invalid=\"false\" value=\"\" type=\"text\" name=\"text-471\" \/><\/span> <\/label>\n<\/p>\n<p><label> Kappalem\u00e4\u00e4r\u00e4<br \/>\n<span class=\"wpcf7-form-control-wrap\" data-name=\"number-903\"><input class=\"wpcf7-form-control wpcf7-number wpcf7-validates-as-required wpcf7-validates-as-number\" min=\"1\" aria-required=\"true\" aria-invalid=\"false\" value=\"\" type=\"number\" name=\"number-903\" \/><\/span> <\/label>\n<\/p>\n<p><label> Toimitustapa<br \/>\n<span class=\"wpcf7-form-control-wrap\" data-name=\"checkbox-796\"><span class=\"wpcf7-form-control wpcf7-checkbox wpcf7-validates-as-required wpcf7-exclusive-checkbox\"><span class=\"wpcf7-list-item first\"><label><input type=\"checkbox\" name=\"checkbox-796\" value=\"Nouto\" \/><span class=\"wpcf7-list-item-label\">Nouto<\/span><\/label><\/span><span class=\"wpcf7-list-item last\"><label><input type=\"checkbox\" name=\"checkbox-796\" value=\"Postitus\" \/><span class=\"wpcf7-list-item-label\">Postitus<\/span><\/label><\/span><\/span><\/span><br \/>\n<input class=\"wpcf7-form-control wpcf7-submit has-spinner\" type=\"submit\" value=\"L\u00e4het\u00e4\" \/><\/label>\n<\/p><div class=\"wpcf7-response-output\" aria-hidden=\"true\"><\/div>\n<\/form>\n<\/div>\n\n","protected":false},"excerpt":{"rendered":"<p>T\u00e4ll\u00e4 hetkell\u00e4 myynniss\u00e4 125v juhlavuoden kangaskasseja. Kyseisi\u00e4 kasseja viel\u00e4 muutamat kappaleet saatavilla. Uudet kassit tulevat myyntiin pian, eri kuvalla. Tilaukset t\u00e4ll\u00e4 sivulla olevalla tilauslomakkeella. Saat maksutiedot tilauksen k\u00e4sittelyn yhteydess\u00e4. Myynniss\u00e4 my\u00f6s joulun j\u00e4lkeenkin! Hinta 20e ja mahdolliset postikulut ja tuotto kokonaisuudessaan el\u00e4inten hyv\u00e4ksi. \ud83d\ude0a Kassin on suunnitellut kokkolalainen kuvataiteilija Mira Roivainen. Tilauslomake<\/p>\n","protected":false},"author":8,"featured_media":0,"parent":57,"menu_order":0,"comment_status":"closed","ping_status":"closed","template":"","meta":{"_acf_changed":false,"footnotes":""},"class_list":["post-59","page","type-page","status-publish","hentry"],"acf":[],"yoast_head":"<!-- This site is optimized with the Yoast SEO plugin v27.1.1 - https:\/\/yoast.com\/product\/yoast-seo-wordpress\/ -->\n<title>Tilaa kangaskassi - Kokkolan el\u00e4insuojeluyhdistys<\/title>\n<meta name=\"robots\" content=\"index, follow, max-snippet:-1, max-image-preview:large, max-video-preview:-1\" \/>\n<link rel=\"canonical\" href=\"https:\/\/sey.fi\/kokkola\/kokkolanseudun-elainsuojeluyhdistys\/tue-toimintaamme\/tilaa-kalenteri\/\" \/>\n<meta property=\"og:locale\" content=\"fi_FI\" \/>\n<meta property=\"og:type\" content=\"article\" \/>\n<meta property=\"og:title\" content=\"Tilaa kangaskassi - Kokkolan el\u00e4insuojeluyhdistys\" \/>\n<meta property=\"og:description\" content=\"T\u00e4ll\u00e4 hetkell\u00e4 myynniss\u00e4 125v juhlavuoden kangaskasseja. Kyseisi\u00e4 kasseja viel\u00e4 muutamat kappaleet saatavilla. Uudet kassit tulevat myyntiin pian, eri kuvalla. Tilaukset t\u00e4ll\u00e4 sivulla olevalla tilauslomakkeella. Saat maksutiedot tilauksen k\u00e4sittelyn yhteydess\u00e4. Myynniss\u00e4 my\u00f6s joulun j\u00e4lkeenkin! Hinta 20e ja mahdolliset postikulut ja tuotto kokonaisuudessaan el\u00e4inten hyv\u00e4ksi. \ud83d\ude0a Kassin on suunnitellut kokkolalainen kuvataiteilija Mira Roivainen. Tilauslomake\" \/>\n<meta property=\"og:url\" content=\"https:\/\/sey.fi\/kokkola\/kokkolanseudun-elainsuojeluyhdistys\/tue-toimintaamme\/tilaa-kalenteri\/\" \/>\n<meta property=\"og:site_name\" content=\"Kokkolan el\u00e4insuojeluyhdistys\" \/>\n<meta property=\"article:modified_time\" content=\"2024-11-14T12:03:30+00:00\" \/>\n<meta property=\"og:image\" content=\"https:\/\/sey.fi\/wp-content\/uploads\/sites\/16\/2020\/12\/ESY-kassi-jpg.jpg\" \/>\n\t<meta property=\"og:image:width\" content=\"1280\" \/>\n\t<meta property=\"og:image:height\" content=\"1280\" \/>\n\t<meta property=\"og:image:type\" content=\"image\/jpeg\" \/>\n<meta name=\"twitter:card\" content=\"summary_large_image\" \/>\n<meta name=\"twitter:label1\" content=\"Arvioitu lukuaika\" \/>\n\t<meta name=\"twitter:data1\" content=\"1 minuutti\" \/>\n<script type=\"application\/ld+json\" class=\"yoast-schema-graph\">{\"@context\":\"https:\/\/schema.org\",\"@graph\":[{\"@type\":\"WebPage\",\"@id\":\"https:\/\/sey.fi\/kokkola\/kokkolanseudun-elainsuojeluyhdistys\/tue-toimintaamme\/tilaa-kalenteri\/\",\"url\":\"https:\/\/sey.fi\/kokkola\/kokkolanseudun-elainsuojeluyhdistys\/tue-toimintaamme\/tilaa-kalenteri\/\",\"name\":\"Tilaa kangaskassi - Kokkolan el\u00e4insuojeluyhdistys\",\"isPartOf\":{\"@id\":\"https:\/\/sey.fi\/kokkola\/#website\"},\"primaryImageOfPage\":{\"@id\":\"https:\/\/sey.fi\/kokkola\/kokkolanseudun-elainsuojeluyhdistys\/tue-toimintaamme\/tilaa-kalenteri\/#primaryimage\"},\"image\":{\"@id\":\"https:\/\/sey.fi\/kokkola\/kokkolanseudun-elainsuojeluyhdistys\/tue-toimintaamme\/tilaa-kalenteri\/#primaryimage\"},\"thumbnailUrl\":\"https:\/\/sey.fi\/wp-content\/uploads\/sites\/16\/2020\/12\/ESY-kassi-jpg-1024x1024.jpg\",\"datePublished\":\"2019-10-28T12:07:25+00:00\",\"dateModified\":\"2024-11-14T12:03:30+00:00\",\"breadcrumb\":{\"@id\":\"https:\/\/sey.fi\/kokkola\/kokkolanseudun-elainsuojeluyhdistys\/tue-toimintaamme\/tilaa-kalenteri\/#breadcrumb\"},\"inLanguage\":\"fi\",\"potentialAction\":[{\"@type\":\"ReadAction\",\"target\":[\"https:\/\/sey.fi\/kokkola\/kokkolanseudun-elainsuojeluyhdistys\/tue-toimintaamme\/tilaa-kalenteri\/\"]}]},{\"@type\":\"ImageObject\",\"inLanguage\":\"fi\",\"@id\":\"https:\/\/sey.fi\/kokkola\/kokkolanseudun-elainsuojeluyhdistys\/tue-toimintaamme\/tilaa-kalenteri\/#primaryimage\",\"url\":\"https:\/\/sey.fi\/wp-content\/uploads\/sites\/16\/2020\/12\/ESY-kassi-jpg-1024x1024.jpg\",\"contentUrl\":\"https:\/\/sey.fi\/wp-content\/uploads\/sites\/16\/2020\/12\/ESY-kassi-jpg-1024x1024.jpg\"},{\"@type\":\"BreadcrumbList\",\"@id\":\"https:\/\/sey.fi\/kokkola\/kokkolanseudun-elainsuojeluyhdistys\/tue-toimintaamme\/tilaa-kalenteri\/#breadcrumb\",\"itemListElement\":[{\"@type\":\"ListItem\",\"position\":1,\"name\":\"Home\",\"item\":\"https:\/\/sey.fi\/kokkola\/\"},{\"@type\":\"ListItem\",\"position\":2,\"name\":\"Kokkolanseudun el\u00e4insuojeluyhdistys\",\"item\":\"https:\/\/sey.fi\/kokkola\/\"},{\"@type\":\"ListItem\",\"position\":3,\"name\":\"Tue toimintaamme\",\"item\":\"https:\/\/sey.fi\/kokkola\/kokkolanseudun-elainsuojeluyhdistys\/tue-toimintaamme\/\"},{\"@type\":\"ListItem\",\"position\":4,\"name\":\"Tilaa kangaskassi\"}]},{\"@type\":\"WebSite\",\"@id\":\"https:\/\/sey.fi\/kokkola\/#website\",\"url\":\"https:\/\/sey.fi\/kokkola\/\",\"name\":\"Kokkolan el\u00e4insuojeluyhdistys\",\"description\":\"Uusi SEY J\u00e4senyhdistykset -sivusto\",\"potentialAction\":[{\"@type\":\"SearchAction\",\"target\":{\"@type\":\"EntryPoint\",\"urlTemplate\":\"https:\/\/sey.fi\/kokkola\/?s={search_term_string}\"},\"query-input\":{\"@type\":\"PropertyValueSpecification\",\"valueRequired\":true,\"valueName\":\"search_term_string\"}}],\"inLanguage\":\"fi\"}]}<\/script>\n<!-- \/ Yoast SEO plugin. -->","yoast_head_json":{"title":"Tilaa kangaskassi - Kokkolan el\u00e4insuojeluyhdistys","robots":{"index":"index","follow":"follow","max-snippet":"max-snippet:-1","max-image-preview":"max-image-preview:large","max-video-preview":"max-video-preview:-1"},"canonical":"https:\/\/sey.fi\/kokkola\/kokkolanseudun-elainsuojeluyhdistys\/tue-toimintaamme\/tilaa-kalenteri\/","og_locale":"fi_FI","og_type":"article","og_title":"Tilaa kangaskassi - Kokkolan el\u00e4insuojeluyhdistys","og_description":"T\u00e4ll\u00e4 hetkell\u00e4 myynniss\u00e4 125v juhlavuoden kangaskasseja. Kyseisi\u00e4 kasseja viel\u00e4 muutamat kappaleet saatavilla. Uudet kassit tulevat myyntiin pian, eri kuvalla. Tilaukset t\u00e4ll\u00e4 sivulla olevalla tilauslomakkeella. Saat maksutiedot tilauksen k\u00e4sittelyn yhteydess\u00e4. Myynniss\u00e4 my\u00f6s joulun j\u00e4lkeenkin! Hinta 20e ja mahdolliset postikulut ja tuotto kokonaisuudessaan el\u00e4inten hyv\u00e4ksi. \ud83d\ude0a Kassin on suunnitellut kokkolalainen kuvataiteilija Mira Roivainen. Tilauslomake","og_url":"https:\/\/sey.fi\/kokkola\/kokkolanseudun-elainsuojeluyhdistys\/tue-toimintaamme\/tilaa-kalenteri\/","og_site_name":"Kokkolan el\u00e4insuojeluyhdistys","article_modified_time":"2024-11-14T12:03:30+00:00","og_image":[{"width":1280,"height":1280,"url":"https:\/\/sey.fi\/wp-content\/uploads\/sites\/16\/2020\/12\/ESY-kassi-jpg.jpg","type":"image\/jpeg"}],"twitter_card":"summary_large_image","twitter_misc":{"Arvioitu lukuaika":"1 minuutti"},"schema":{"@context":"https:\/\/schema.org","@graph":[{"@type":"WebPage","@id":"https:\/\/sey.fi\/kokkola\/kokkolanseudun-elainsuojeluyhdistys\/tue-toimintaamme\/tilaa-kalenteri\/","url":"https:\/\/sey.fi\/kokkola\/kokkolanseudun-elainsuojeluyhdistys\/tue-toimintaamme\/tilaa-kalenteri\/","name":"Tilaa kangaskassi - Kokkolan el\u00e4insuojeluyhdistys","isPartOf":{"@id":"https:\/\/sey.fi\/kokkola\/#website"},"primaryImageOfPage":{"@id":"https:\/\/sey.fi\/kokkola\/kokkolanseudun-elainsuojeluyhdistys\/tue-toimintaamme\/tilaa-kalenteri\/#primaryimage"},"image":{"@id":"https:\/\/sey.fi\/kokkola\/kokkolanseudun-elainsuojeluyhdistys\/tue-toimintaamme\/tilaa-kalenteri\/#primaryimage"},"thumbnailUrl":"https:\/\/sey.fi\/wp-content\/uploads\/sites\/16\/2020\/12\/ESY-kassi-jpg-1024x1024.jpg","datePublished":"2019-10-28T12:07:25+00:00","dateModified":"2024-11-14T12:03:30+00:00","breadcrumb":{"@id":"https:\/\/sey.fi\/kokkola\/kokkolanseudun-elainsuojeluyhdistys\/tue-toimintaamme\/tilaa-kalenteri\/#breadcrumb"},"inLanguage":"fi","potentialAction":[{"@type":"ReadAction","target":["https:\/\/sey.fi\/kokkola\/kokkolanseudun-elainsuojeluyhdistys\/tue-toimintaamme\/tilaa-kalenteri\/"]}]},{"@type":"ImageObject","inLanguage":"fi","@id":"https:\/\/sey.fi\/kokkola\/kokkolanseudun-elainsuojeluyhdistys\/tue-toimintaamme\/tilaa-kalenteri\/#primaryimage","url":"https:\/\/sey.fi\/wp-content\/uploads\/sites\/16\/2020\/12\/ESY-kassi-jpg-1024x1024.jpg","contentUrl":"https:\/\/sey.fi\/wp-content\/uploads\/sites\/16\/2020\/12\/ESY-kassi-jpg-1024x1024.jpg"},{"@type":"BreadcrumbList","@id":"https:\/\/sey.fi\/kokkola\/kokkolanseudun-elainsuojeluyhdistys\/tue-toimintaamme\/tilaa-kalenteri\/#breadcrumb","itemListElement":[{"@type":"ListItem","position":1,"name":"Home","item":"https:\/\/sey.fi\/kokkola\/"},{"@type":"ListItem","position":2,"name":"Kokkolanseudun el\u00e4insuojeluyhdistys","item":"https:\/\/sey.fi\/kokkola\/"},{"@type":"ListItem","position":3,"name":"Tue toimintaamme","item":"https:\/\/sey.fi\/kokkola\/kokkolanseudun-elainsuojeluyhdistys\/tue-toimintaamme\/"},{"@type":"ListItem","position":4,"name":"Tilaa kangaskassi"}]},{"@type":"WebSite","@id":"https:\/\/sey.fi\/kokkola\/#website","url":"https:\/\/sey.fi\/kokkola\/","name":"Kokkolan el\u00e4insuojeluyhdistys","description":"Uusi SEY J\u00e4senyhdistykset -sivusto","potentialAction":[{"@type":"SearchAction","target":{"@type":"EntryPoint","urlTemplate":"https:\/\/sey.fi\/kokkola\/?s={search_term_string}"},"query-input":{"@type":"PropertyValueSpecification","valueRequired":true,"valueName":"search_term_string"}}],"inLanguage":"fi"}]}},"_links":{"self":[{"href":"https:\/\/sey.fi\/kokkola\/wp-json\/wp\/v2\/pages\/59","targetHints":{"allow":["GET"]}}],"collection":[{"href":"https:\/\/sey.fi\/kokkola\/wp-json\/wp\/v2\/pages"}],"about":[{"href":"https:\/\/sey.fi\/kokkola\/wp-json\/wp\/v2\/types\/page"}],"author":[{"embeddable":true,"href":"https:\/\/sey.fi\/kokkola\/wp-json\/wp\/v2\/users\/8"}],"replies":[{"embeddable":true,"href":"https:\/\/sey.fi\/kokkola\/wp-json\/wp\/v2\/comments?post=59"}],"version-history":[{"count":8,"href":"https:\/\/sey.fi\/kokkola\/wp-json\/wp\/v2\/pages\/59\/revisions"}],"predecessor-version":[{"id":541,"href":"https:\/\/sey.fi\/kokkola\/wp-json\/wp\/v2\/pages\/59\/revisions\/541"}],"up":[{"embeddable":true,"href":"https:\/\/sey.fi\/kokkola\/wp-json\/wp\/v2\/pages\/57"}],"wp:attachment":[{"href":"https:\/\/sey.fi\/kokkola\/wp-json\/wp\/v2\/media?parent=59"}],"curies":[{"name":"wp","href":"https:\/\/api.w.org\/{rel}","templated":true}]}}