{"id":681,"date":"2024-12-03T18:12:37","date_gmt":"2024-12-03T16:12:37","guid":{"rendered":"https:\/\/sey.fi\/kokkola\/?page_id=681"},"modified":"2024-12-04T09:47:45","modified_gmt":"2024-12-04T07:47:45","slug":"kodin-loytaneet-elaimet","status":"publish","type":"page","link":"https:\/\/sey.fi\/kokkola\/kodin-loytaneet-elaimet\/","title":{"rendered":"Kodin l\u00f6yt\u00e4neit\u00e4 el\u00e4imi\u00e4"},"content":{"rendered":"\n<figure class=\"wp-block-image size-large\"><img loading=\"lazy\" decoding=\"async\" width=\"1024\" height=\"819\" src=\"https:\/\/sey.fi\/wp-content\/uploads\/sites\/16\/2024\/12\/1-1024x819.png\" alt=\"\" class=\"wp-image-684\" srcset=\"https:\/\/sey.fi\/wp-content\/uploads\/sites\/16\/2024\/12\/1-1024x819.png 1024w, https:\/\/sey.fi\/wp-content\/uploads\/sites\/16\/2024\/12\/1-300x240.png 300w, https:\/\/sey.fi\/wp-content\/uploads\/sites\/16\/2024\/12\/1-768x614.png 768w, https:\/\/sey.fi\/wp-content\/uploads\/sites\/16\/2024\/12\/1-1536x1229.png 1536w, https:\/\/sey.fi\/wp-content\/uploads\/sites\/16\/2024\/12\/1.png 2000w\" sizes=\"auto, (max-width: 1024px) 100vw, 1024px\" \/><\/figure>\n\n\n\n<figure class=\"wp-block-image size-large\"><img loading=\"lazy\" decoding=\"async\" width=\"1024\" height=\"819\" src=\"https:\/\/sey.fi\/wp-content\/uploads\/sites\/16\/2024\/12\/2-1024x819.png\" alt=\"\" class=\"wp-image-685\" srcset=\"https:\/\/sey.fi\/wp-content\/uploads\/sites\/16\/2024\/12\/2-1024x819.png 1024w, https:\/\/sey.fi\/wp-content\/uploads\/sites\/16\/2024\/12\/2-300x240.png 300w, https:\/\/sey.fi\/wp-content\/uploads\/sites\/16\/2024\/12\/2-768x614.png 768w, https:\/\/sey.fi\/wp-content\/uploads\/sites\/16\/2024\/12\/2-1536x1229.png 1536w, https:\/\/sey.fi\/wp-content\/uploads\/sites\/16\/2024\/12\/2.png 2000w\" sizes=\"auto, (max-width: 1024px) 100vw, 1024px\" \/><\/figure>\n\n\n\n<figure class=\"wp-block-image size-large\"><img loading=\"lazy\" decoding=\"async\" width=\"1024\" height=\"819\" src=\"https:\/\/sey.fi\/wp-content\/uploads\/sites\/16\/2024\/12\/3-1024x819.png\" alt=\"\" class=\"wp-image-686\" srcset=\"https:\/\/sey.fi\/wp-content\/uploads\/sites\/16\/2024\/12\/3-1024x819.png 1024w, https:\/\/sey.fi\/wp-content\/uploads\/sites\/16\/2024\/12\/3-300x240.png 300w, https:\/\/sey.fi\/wp-content\/uploads\/sites\/16\/2024\/12\/3-768x614.png 768w, https:\/\/sey.fi\/wp-content\/uploads\/sites\/16\/2024\/12\/3-1536x1229.png 1536w, https:\/\/sey.fi\/wp-content\/uploads\/sites\/16\/2024\/12\/3.png 2000w\" sizes=\"auto, (max-width: 1024px) 100vw, 1024px\" \/><\/figure>\n\n\n\n<figure class=\"wp-block-image size-large\"><img loading=\"lazy\" decoding=\"async\" width=\"1024\" height=\"819\" src=\"https:\/\/sey.fi\/wp-content\/uploads\/sites\/16\/2024\/12\/4-1024x819.png\" alt=\"\" class=\"wp-image-687\" srcset=\"https:\/\/sey.fi\/wp-content\/uploads\/sites\/16\/2024\/12\/4-1024x819.png 1024w, https:\/\/sey.fi\/wp-content\/uploads\/sites\/16\/2024\/12\/4-300x240.png 300w, https:\/\/sey.fi\/wp-content\/uploads\/sites\/16\/2024\/12\/4-768x614.png 768w, https:\/\/sey.fi\/wp-content\/uploads\/sites\/16\/2024\/12\/4-1536x1229.png 1536w, https:\/\/sey.fi\/wp-content\/uploads\/sites\/16\/2024\/12\/4.png 2000w\" sizes=\"auto, (max-width: 1024px) 100vw, 1024px\" \/><\/figure>\n\n\n\n<figure class=\"wp-block-image size-large\"><img loading=\"lazy\" decoding=\"async\" width=\"1024\" height=\"819\" src=\"https:\/\/sey.fi\/wp-content\/uploads\/sites\/16\/2024\/12\/5-1024x819.png\" alt=\"\" class=\"wp-image-688\" srcset=\"https:\/\/sey.fi\/wp-content\/uploads\/sites\/16\/2024\/12\/5-1024x819.png 1024w, https:\/\/sey.fi\/wp-content\/uploads\/sites\/16\/2024\/12\/5-300x240.png 300w, https:\/\/sey.fi\/wp-content\/uploads\/sites\/16\/2024\/12\/5-768x614.png 768w, https:\/\/sey.fi\/wp-content\/uploads\/sites\/16\/2024\/12\/5-1536x1229.png 1536w, https:\/\/sey.fi\/wp-content\/uploads\/sites\/16\/2024\/12\/5.png 2000w\" sizes=\"auto, (max-width: 1024px) 100vw, 1024px\" \/><\/figure>\n\n\n\n<figure class=\"wp-block-image size-large\"><img loading=\"lazy\" decoding=\"async\" width=\"1024\" height=\"819\" src=\"https:\/\/sey.fi\/wp-content\/uploads\/sites\/16\/2024\/12\/6-1024x819.png\" alt=\"\" class=\"wp-image-689\" srcset=\"https:\/\/sey.fi\/wp-content\/uploads\/sites\/16\/2024\/12\/6-1024x819.png 1024w, https:\/\/sey.fi\/wp-content\/uploads\/sites\/16\/2024\/12\/6-300x240.png 300w, https:\/\/sey.fi\/wp-content\/uploads\/sites\/16\/2024\/12\/6-768x614.png 768w, https:\/\/sey.fi\/wp-content\/uploads\/sites\/16\/2024\/12\/6-1536x1229.png 1536w, https:\/\/sey.fi\/wp-content\/uploads\/sites\/16\/2024\/12\/6.png 2000w\" sizes=\"auto, (max-width: 1024px) 100vw, 1024px\" \/><\/figure>\n\n\n\n<figure class=\"wp-block-image size-large\"><img loading=\"lazy\" decoding=\"async\" width=\"1024\" height=\"819\" src=\"https:\/\/sey.fi\/wp-content\/uploads\/sites\/16\/2024\/12\/7-1024x819.png\" alt=\"\" class=\"wp-image-690\" srcset=\"https:\/\/sey.fi\/wp-content\/uploads\/sites\/16\/2024\/12\/7-1024x819.png 1024w, https:\/\/sey.fi\/wp-content\/uploads\/sites\/16\/2024\/12\/7-300x240.png 300w, https:\/\/sey.fi\/wp-content\/uploads\/sites\/16\/2024\/12\/7-768x614.png 768w, https:\/\/sey.fi\/wp-content\/uploads\/sites\/16\/2024\/12\/7-1536x1229.png 1536w, https:\/\/sey.fi\/wp-content\/uploads\/sites\/16\/2024\/12\/7.png 2000w\" sizes=\"auto, (max-width: 1024px) 100vw, 1024px\" \/><\/figure>\n\n\n\n<figure class=\"wp-block-image size-large\"><img loading=\"lazy\" decoding=\"async\" width=\"1024\" height=\"819\" src=\"https:\/\/sey.fi\/wp-content\/uploads\/sites\/16\/2024\/12\/8-1024x819.png\" alt=\"\" class=\"wp-image-691\" srcset=\"https:\/\/sey.fi\/wp-content\/uploads\/sites\/16\/2024\/12\/8-1024x819.png 1024w, https:\/\/sey.fi\/wp-content\/uploads\/sites\/16\/2024\/12\/8-300x240.png 300w, https:\/\/sey.fi\/wp-content\/uploads\/sites\/16\/2024\/12\/8-768x614.png 768w, https:\/\/sey.fi\/wp-content\/uploads\/sites\/16\/2024\/12\/8-1536x1229.png 1536w, https:\/\/sey.fi\/wp-content\/uploads\/sites\/16\/2024\/12\/8.png 2000w\" sizes=\"auto, (max-width: 1024px) 100vw, 1024px\" \/><\/figure>\n\n\n\n<figure class=\"wp-block-image size-large\"><img loading=\"lazy\" decoding=\"async\" width=\"2000\" height=\"1600\" src=\"https:\/\/sey.fi\/wp-content\/uploads\/sites\/16\/2024\/12\/9-1024x819.png\" alt=\"\" class=\"wp-image-692\" srcset=\"https:\/\/sey.fi\/wp-content\/uploads\/sites\/16\/2024\/12\/9-1024x819.png 1024w, https:\/\/sey.fi\/wp-content\/uploads\/sites\/16\/2024\/12\/9-300x240.png 300w, https:\/\/sey.fi\/wp-content\/uploads\/sites\/16\/2024\/12\/9-768x614.png 768w, https:\/\/sey.fi\/wp-content\/uploads\/sites\/16\/2024\/12\/9-1536x1229.png 1536w, https:\/\/sey.fi\/wp-content\/uploads\/sites\/16\/2024\/12\/9.png 2000w\" sizes=\"auto, (max-width: 2000px) 100vw, 2000px\" \/><\/figure>\n\n\n\n<figure class=\"wp-block-image size-large\"><img loading=\"lazy\" decoding=\"async\" width=\"1024\" height=\"819\" src=\"https:\/\/sey.fi\/wp-content\/uploads\/sites\/16\/2024\/12\/10-1024x819.png\" alt=\"\" class=\"wp-image-693\" srcset=\"https:\/\/sey.fi\/wp-content\/uploads\/sites\/16\/2024\/12\/10-1024x819.png 1024w, https:\/\/sey.fi\/wp-content\/uploads\/sites\/16\/2024\/12\/10-300x240.png 300w, https:\/\/sey.fi\/wp-content\/uploads\/sites\/16\/2024\/12\/10-768x614.png 768w, https:\/\/sey.fi\/wp-content\/uploads\/sites\/16\/2024\/12\/10-1536x1229.png 1536w, https:\/\/sey.fi\/wp-content\/uploads\/sites\/16\/2024\/12\/10.png 2000w\" sizes=\"auto, (max-width: 1024px) 100vw, 1024px\" \/><\/figure>\n\n\n\n<figure class=\"wp-block-image size-large\"><img loading=\"lazy\" decoding=\"async\" width=\"1024\" height=\"819\" src=\"https:\/\/sey.fi\/wp-content\/uploads\/sites\/16\/2024\/12\/11-1024x819.png\" alt=\"\" class=\"wp-image-694\" srcset=\"https:\/\/sey.fi\/wp-content\/uploads\/sites\/16\/2024\/12\/11-1024x819.png 1024w, https:\/\/sey.fi\/wp-content\/uploads\/sites\/16\/2024\/12\/11-300x240.png 300w, https:\/\/sey.fi\/wp-content\/uploads\/sites\/16\/2024\/12\/11-768x614.png 768w, https:\/\/sey.fi\/wp-content\/uploads\/sites\/16\/2024\/12\/11-1536x1229.png 1536w, https:\/\/sey.fi\/wp-content\/uploads\/sites\/16\/2024\/12\/11.png 2000w\" sizes=\"auto, (max-width: 1024px) 100vw, 1024px\" \/><\/figure>\n\n\n\n<figure class=\"wp-block-image size-large\"><img loading=\"lazy\" decoding=\"async\" width=\"1024\" height=\"819\" src=\"https:\/\/sey.fi\/wp-content\/uploads\/sites\/16\/2024\/12\/12-1024x819.png\" alt=\"\" class=\"wp-image-695\" srcset=\"https:\/\/sey.fi\/wp-content\/uploads\/sites\/16\/2024\/12\/12-1024x819.png 1024w, https:\/\/sey.fi\/wp-content\/uploads\/sites\/16\/2024\/12\/12-300x240.png 300w, https:\/\/sey.fi\/wp-content\/uploads\/sites\/16\/2024\/12\/12-768x614.png 768w, https:\/\/sey.fi\/wp-content\/uploads\/sites\/16\/2024\/12\/12-1536x1229.png 1536w, https:\/\/sey.fi\/wp-content\/uploads\/sites\/16\/2024\/12\/12.png 2000w\" sizes=\"auto, (max-width: 1024px) 100vw, 1024px\" \/><\/figure>\n","protected":false},"excerpt":{"rendered":"","protected":false},"author":91,"featured_media":0,"parent":0,"menu_order":0,"comment_status":"closed","ping_status":"closed","template":"","meta":{"_acf_changed":false,"footnotes":""},"class_list":["post-681","page","type-page","status-publish","hentry"],"acf":[],"yoast_head":"<!-- This site is optimized with the Yoast SEO plugin v27.1.1 - https:\/\/yoast.com\/product\/yoast-seo-wordpress\/ -->\n<title>Kodin l\u00f6yt\u00e4neit\u00e4 el\u00e4imi\u00e4 - Kokkolan el\u00e4insuojeluyhdistys<\/title>\n<meta name=\"robots\" content=\"index, follow, max-snippet:-1, max-image-preview:large, max-video-preview:-1\" \/>\n<link rel=\"canonical\" href=\"https:\/\/sey.fi\/kokkola\/kodin-loytaneet-elaimet\/\" \/>\n<meta property=\"og:locale\" content=\"fi_FI\" \/>\n<meta property=\"og:type\" content=\"article\" \/>\n<meta property=\"og:title\" content=\"Kodin l\u00f6yt\u00e4neit\u00e4 el\u00e4imi\u00e4 - Kokkolan el\u00e4insuojeluyhdistys\" \/>\n<meta property=\"og:url\" content=\"https:\/\/sey.fi\/kokkola\/kodin-loytaneet-elaimet\/\" \/>\n<meta property=\"og:site_name\" content=\"Kokkolan el\u00e4insuojeluyhdistys\" \/>\n<meta property=\"article:modified_time\" content=\"2024-12-04T07:47:45+00:00\" \/>\n<meta property=\"og:image\" content=\"https:\/\/sey.fi\/wp-content\/uploads\/sites\/16\/2024\/12\/1.png\" \/>\n\t<meta property=\"og:image:width\" content=\"2000\" \/>\n\t<meta property=\"og:image:height\" content=\"1600\" \/>\n\t<meta property=\"og:image:type\" content=\"image\/png\" \/>\n<meta name=\"twitter:card\" content=\"summary_large_image\" \/>\n<meta name=\"twitter:label1\" content=\"Arvioitu lukuaika\" \/>\n\t<meta name=\"twitter:data1\" content=\"3 minuuttia\" \/>\n<script type=\"application\/ld+json\" class=\"yoast-schema-graph\">{\"@context\":\"https:\/\/schema.org\",\"@graph\":[{\"@type\":\"WebPage\",\"@id\":\"https:\/\/sey.fi\/kokkola\/kodin-loytaneet-elaimet\/\",\"url\":\"https:\/\/sey.fi\/kokkola\/kodin-loytaneet-elaimet\/\",\"name\":\"Kodin l\u00f6yt\u00e4neit\u00e4 el\u00e4imi\u00e4 - Kokkolan el\u00e4insuojeluyhdistys\",\"isPartOf\":{\"@id\":\"https:\/\/sey.fi\/kokkola\/#website\"},\"primaryImageOfPage\":{\"@id\":\"https:\/\/sey.fi\/kokkola\/kodin-loytaneet-elaimet\/#primaryimage\"},\"image\":{\"@id\":\"https:\/\/sey.fi\/kokkola\/kodin-loytaneet-elaimet\/#primaryimage\"},\"thumbnailUrl\":\"https:\/\/sey.fi\/wp-content\/uploads\/sites\/16\/2024\/12\/1-1024x819.png\",\"datePublished\":\"2024-12-03T16:12:37+00:00\",\"dateModified\":\"2024-12-04T07:47:45+00:00\",\"breadcrumb\":{\"@id\":\"https:\/\/sey.fi\/kokkola\/kodin-loytaneet-elaimet\/#breadcrumb\"},\"inLanguage\":\"fi\",\"potentialAction\":[{\"@type\":\"ReadAction\",\"target\":[\"https:\/\/sey.fi\/kokkola\/kodin-loytaneet-elaimet\/\"]}]},{\"@type\":\"ImageObject\",\"inLanguage\":\"fi\",\"@id\":\"https:\/\/sey.fi\/kokkola\/kodin-loytaneet-elaimet\/#primaryimage\",\"url\":\"https:\/\/sey.fi\/wp-content\/uploads\/sites\/16\/2024\/12\/1-1024x819.png\",\"contentUrl\":\"https:\/\/sey.fi\/wp-content\/uploads\/sites\/16\/2024\/12\/1-1024x819.png\"},{\"@type\":\"BreadcrumbList\",\"@id\":\"https:\/\/sey.fi\/kokkola\/kodin-loytaneet-elaimet\/#breadcrumb\",\"itemListElement\":[{\"@type\":\"ListItem\",\"position\":1,\"name\":\"Home\",\"item\":\"https:\/\/sey.fi\/kokkola\/\"},{\"@type\":\"ListItem\",\"position\":2,\"name\":\"Kodin l\u00f6yt\u00e4neit\u00e4 el\u00e4imi\u00e4\"}]},{\"@type\":\"WebSite\",\"@id\":\"https:\/\/sey.fi\/kokkola\/#website\",\"url\":\"https:\/\/sey.fi\/kokkola\/\",\"name\":\"Kokkolan el\u00e4insuojeluyhdistys\",\"description\":\"Uusi SEY J\u00e4senyhdistykset -sivusto\",\"potentialAction\":[{\"@type\":\"SearchAction\",\"target\":{\"@type\":\"EntryPoint\",\"urlTemplate\":\"https:\/\/sey.fi\/kokkola\/?s={search_term_string}\"},\"query-input\":{\"@type\":\"PropertyValueSpecification\",\"valueRequired\":true,\"valueName\":\"search_term_string\"}}],\"inLanguage\":\"fi\"}]}<\/script>\n<!-- \/ Yoast SEO plugin. -->","yoast_head_json":{"title":"Kodin l\u00f6yt\u00e4neit\u00e4 el\u00e4imi\u00e4 - Kokkolan el\u00e4insuojeluyhdistys","robots":{"index":"index","follow":"follow","max-snippet":"max-snippet:-1","max-image-preview":"max-image-preview:large","max-video-preview":"max-video-preview:-1"},"canonical":"https:\/\/sey.fi\/kokkola\/kodin-loytaneet-elaimet\/","og_locale":"fi_FI","og_type":"article","og_title":"Kodin l\u00f6yt\u00e4neit\u00e4 el\u00e4imi\u00e4 - Kokkolan el\u00e4insuojeluyhdistys","og_url":"https:\/\/sey.fi\/kokkola\/kodin-loytaneet-elaimet\/","og_site_name":"Kokkolan el\u00e4insuojeluyhdistys","article_modified_time":"2024-12-04T07:47:45+00:00","og_image":[{"width":2000,"height":1600,"url":"https:\/\/sey.fi\/wp-content\/uploads\/sites\/16\/2024\/12\/1.png","type":"image\/png"}],"twitter_card":"summary_large_image","twitter_misc":{"Arvioitu lukuaika":"3 minuuttia"},"schema":{"@context":"https:\/\/schema.org","@graph":[{"@type":"WebPage","@id":"https:\/\/sey.fi\/kokkola\/kodin-loytaneet-elaimet\/","url":"https:\/\/sey.fi\/kokkola\/kodin-loytaneet-elaimet\/","name":"Kodin l\u00f6yt\u00e4neit\u00e4 el\u00e4imi\u00e4 - Kokkolan el\u00e4insuojeluyhdistys","isPartOf":{"@id":"https:\/\/sey.fi\/kokkola\/#website"},"primaryImageOfPage":{"@id":"https:\/\/sey.fi\/kokkola\/kodin-loytaneet-elaimet\/#primaryimage"},"image":{"@id":"https:\/\/sey.fi\/kokkola\/kodin-loytaneet-elaimet\/#primaryimage"},"thumbnailUrl":"https:\/\/sey.fi\/wp-content\/uploads\/sites\/16\/2024\/12\/1-1024x819.png","datePublished":"2024-12-03T16:12:37+00:00","dateModified":"2024-12-04T07:47:45+00:00","breadcrumb":{"@id":"https:\/\/sey.fi\/kokkola\/kodin-loytaneet-elaimet\/#breadcrumb"},"inLanguage":"fi","potentialAction":[{"@type":"ReadAction","target":["https:\/\/sey.fi\/kokkola\/kodin-loytaneet-elaimet\/"]}]},{"@type":"ImageObject","inLanguage":"fi","@id":"https:\/\/sey.fi\/kokkola\/kodin-loytaneet-elaimet\/#primaryimage","url":"https:\/\/sey.fi\/wp-content\/uploads\/sites\/16\/2024\/12\/1-1024x819.png","contentUrl":"https:\/\/sey.fi\/wp-content\/uploads\/sites\/16\/2024\/12\/1-1024x819.png"},{"@type":"BreadcrumbList","@id":"https:\/\/sey.fi\/kokkola\/kodin-loytaneet-elaimet\/#breadcrumb","itemListElement":[{"@type":"ListItem","position":1,"name":"Home","item":"https:\/\/sey.fi\/kokkola\/"},{"@type":"ListItem","position":2,"name":"Kodin l\u00f6yt\u00e4neit\u00e4 el\u00e4imi\u00e4"}]},{"@type":"WebSite","@id":"https:\/\/sey.fi\/kokkola\/#website","url":"https:\/\/sey.fi\/kokkola\/","name":"Kokkolan el\u00e4insuojeluyhdistys","description":"Uusi SEY J\u00e4senyhdistykset -sivusto","potentialAction":[{"@type":"SearchAction","target":{"@type":"EntryPoint","urlTemplate":"https:\/\/sey.fi\/kokkola\/?s={search_term_string}"},"query-input":{"@type":"PropertyValueSpecification","valueRequired":true,"valueName":"search_term_string"}}],"inLanguage":"fi"}]}},"_links":{"self":[{"href":"https:\/\/sey.fi\/kokkola\/wp-json\/wp\/v2\/pages\/681","targetHints":{"allow":["GET"]}}],"collection":[{"href":"https:\/\/sey.fi\/kokkola\/wp-json\/wp\/v2\/pages"}],"about":[{"href":"https:\/\/sey.fi\/kokkola\/wp-json\/wp\/v2\/types\/page"}],"author":[{"embeddable":true,"href":"https:\/\/sey.fi\/kokkola\/wp-json\/wp\/v2\/users\/91"}],"replies":[{"embeddable":true,"href":"https:\/\/sey.fi\/kokkola\/wp-json\/wp\/v2\/comments?post=681"}],"version-history":[{"count":3,"href":"https:\/\/sey.fi\/kokkola\/wp-json\/wp\/v2\/pages\/681\/revisions"}],"predecessor-version":[{"id":701,"href":"https:\/\/sey.fi\/kokkola\/wp-json\/wp\/v2\/pages\/681\/revisions\/701"}],"wp:attachment":[{"href":"https:\/\/sey.fi\/kokkola\/wp-json\/wp\/v2\/media?parent=681"}],"curies":[{"name":"wp","href":"https:\/\/api.w.org\/{rel}","templated":true}]}}