{"id":7,"date":"0023-03-08T13:30:00","date_gmt":"0023-03-08T11:50:11","guid":{"rendered":"http:\/\/srvr10.xetpoint.com\/~seyfi\/kokkola\/?page_id=7"},"modified":"2026-04-26T22:08:02","modified_gmt":"2026-04-26T19:08:02","slug":"ajankohtaista","status":"publish","type":"page","link":"https:\/\/sey.fi\/kokkola\/kokkolanseudun-elainsuojeluyhdistys\/ajankohtaista\/","title":{"rendered":"Ajankohtaista"},"content":{"rendered":"\n<p>Vuosikokous 25.4.26<\/p>\n\n\n\n<p>Kiitokset vuosikokouksesta j\u00e4senille! Kokosimme t\u00e4n\u00e4\u00e4n viime vuoden yhteen; paljon on autettu lukuisia el\u00e4imi\u00e4, hoidettu p\u00e4ivystyspuhelinta, j\u00e4rjestetty ker\u00e4yksi\u00e4 ja erilaisia tapahtumia, huolehdittu El\u00e4inten hautausmaasta ja autettu ihmisi\u00e4kin h\u00e4d\u00e4n keskell\u00e4. Ilman j\u00e4seni\u00e4 ja ilman vapaaehtoisia mik\u00e4\u00e4n n\u00e4ist\u00e4 ei olisi mahdollista. Isot kiitokset my\u00f6s hallitukselle, toimiva tiimi on t\u00e4ss\u00e4 vapaaehtoisty\u00f6ss\u00e4 enemm\u00e4n kuin sata j\u00e4nist\u00e4.<\/p>\n\n\n\n<p>Nyt katse tulevaan, paljon on suunnitelmissa tulevallekin kaudelle ja uusia ideoita tohtii ehdottaa. Vuosikokouksessa j\u00e4senet \u00e4\u00e4nestiv\u00e4t hallitukseen kerrassaan mainion tehotiimin: varapuheenjohtaja ja sijaiskotivastaava Kirsi Kinnunen, rahastonhoitaja ja luva-vastaava Rita Ylinen, sihteeri ja viestint\u00e4vastaava Pauliina Holm, luva-hoitaja Camilla Nikkanen, sijaiskotivastaava Sari Peurala sek\u00e4 hallituksen muut j\u00e4senet Mervi Rantanen ja Mira Hakala. T\u00e4ll\u00e4 porukalla on hyv\u00e4 jatkaa loputonta ty\u00f6t\u00e4 el\u00e4inten hyvinvoinnin edist\u00e4miseksi. Kiitoksia my\u00f6s luottamuksesta, ett\u00e4 puheenjohtajan taipaleeni Kokkolan esyss\u00e4 jatkuu. Pidet\u00e4\u00e4n suunta eteenp\u00e4in ja tehd\u00e4\u00e4n yhdess\u00e4 taas menestyksek\u00e4s el\u00e4insuojelun vuosi \u2764\ufe0f<\/p>\n\n\n\n<p>Kev\u00e4isin terveisin Kokkolanseudun el\u00e4insuojeluyhdistyksen puheenjohtaja Jatta Bj\u00f6rninen \ud83d\udc3b<\/p>\n\n\n\n<hr class=\"wp-block-separator has-alpha-channel-opacity\" \/>\n\n\n\n<h2 class=\"wp-block-heading\">Tulevia tapahtumia<\/h2>\n\n\n\n<figure class=\"wp-block-image size-large\"><img loading=\"lazy\" decoding=\"async\" width=\"742\" height=\"1024\" src=\"https:\/\/sey.fi\/wp-content\/uploads\/sites\/16\/2026\/02\/koulutukset-esy--742x1024.jpeg\" alt=\"\" class=\"wp-image-971\" srcset=\"https:\/\/sey.fi\/wp-content\/uploads\/sites\/16\/2026\/02\/koulutukset-esy--742x1024.jpeg 742w, https:\/\/sey.fi\/wp-content\/uploads\/sites\/16\/2026\/02\/koulutukset-esy--217x300.jpeg 217w, https:\/\/sey.fi\/wp-content\/uploads\/sites\/16\/2026\/02\/koulutukset-esy--768x1060.jpeg 768w, https:\/\/sey.fi\/wp-content\/uploads\/sites\/16\/2026\/02\/koulutukset-esy-.jpeg 1024w\" sizes=\"auto, (max-width: 742px) 100vw, 742px\" \/><\/figure>\n\n\n\n<p><strong>Vapaaehtoisena 1<\/strong>: Alkuinfo esyn vapaaehtoisille. Jos olet kiinnostunut osallistumaan toimintaan tai olet jo mukana, t\u00e4m\u00e4 on juuri sinulle. K\u00e4yd\u00e4\u00e4n l\u00e4pi, mit\u00e4 Kokkolanseudun el\u00e4insuojeluyhdistyksess\u00e4 tapahtuu ja mink\u00e4laista toimintaa on tarjolla vapaaehtoisille. <\/p>\n\n\n\n<p><strong>Vapaaehtoisena 2<\/strong>: Jatkoa alkuinfoon esyn vapaaehtoisille. Jos olet kiinnostunut osallistumaan toimintaan tai olet jo mukana, t\u00e4m\u00e4 on juuri sinulle. K\u00e4yd\u00e4\u00e4n l\u00e4pi, mit\u00e4 Kokkolanseudun el\u00e4insuojeluyhdistyksess\u00e4 tapahtuu ja mink\u00e4laista toimintaa on tarjolla vapaaehtoisille.<\/p>\n\n\n\n<p>Toisessa osassa k\u00e4yd\u00e4\u00e4n tarkemmin l\u00e4pi yhdistyksen eri toimintoja ja osallistujilla on mahdollisuus vaikuttaa koulutuksen sis\u00e4lt\u00f6\u00f6n. Osallistuminen ei vaadi ykk\u00f6skurssille osallistumista.<\/p>\n\n\n\n<p><strong>Luva 1<\/strong>: Alkuinfo esyn vapaaehtoisille. Jos olet kiinnostunut osallistumaan luonnonvaraisten el\u00e4inten auttamiseen liittyv\u00e4\u00e4n toimintaan tai olet jo mukana, t\u00e4m\u00e4 on juuri sinulle. K\u00e4yd\u00e4\u00e4n l\u00e4pi, mit\u00e4 Kokkolanseudun el\u00e4insuojeluyhdistyksess\u00e4 luva-puolella tapahtuu ja mink\u00e4laista toimintaa on tarjolla vapaaehtoisille.<\/p>\n\n\n\n<p><strong>Luva 2<\/strong>: Jatkoa alkuinfoon esyn luva-vapaaehtoisille. Jos olet kiinnostunut osallistumaan luonnonvaraisten el\u00e4inten auttamiseen liittyv\u00e4\u00e4n toimintaan tai olet jo mukana, t\u00e4m\u00e4 on juuri sinulle. K\u00e4yd\u00e4\u00e4n l\u00e4pi, mit\u00e4 Kokkolanseudun el\u00e4insuojeluyhdistyksess\u00e4 luva-puolella tapahtuu ja mink\u00e4laista toimintaa on tarjolla vapaaehtoisille.<\/p>\n\n\n\n<p>Kakkoskurssilla menn\u00e4\u00e4n pintaa syvemm\u00e4lle, k\u00e4yd\u00e4\u00e4n l\u00e4pi esimerkkitapauksia ja valmistaudutaan tulevaan kes\u00e4kauteen. Osallistuminen ei vaadi ykk\u00f6skurssille osallistumista. Osallistujilla on mahdollisuus vaikuttaa koulutuksen sis\u00e4lt\u00f6\u00f6n.<\/p>\n\n\n\n<p><\/p>\n\n\n\n<hr class=\"wp-block-separator has-alpha-channel-opacity\" \/>\n\n\n\n<p>Tapahtumat ovat maksuttomia. Koulutukseen osallistuminen ei velvoita osallistumaan vapaaehtoistoimintaan. Koulutuspaikka: Teams.<\/p>\n\n\n\n<p>Ilmottautuminen joko kokkola@sey.fi tai lomakkeen kautta:&nbsp;<a href=\"https:\/\/forms.office.com\/e\/qitvrkm0c7\" target=\"_blank\" rel=\"noreferrer noopener\">https:\/\/forms.office.com\/e\/qitvrkm0c7<\/a><\/p>\n\n\n\n<p><\/p>\n\n\n\n<p><\/p>\n\n\n\n<p><\/p>\n","protected":false},"excerpt":{"rendered":"<p>Vuosikokous 25.4.26 Kiitokset vuosikokouksesta j\u00e4senille! Kokosimme t\u00e4n\u00e4\u00e4n viime vuoden yhteen; paljon on autettu lukuisia el\u00e4imi\u00e4, hoidettu p\u00e4ivystyspuhelinta, j\u00e4rjestetty ker\u00e4yksi\u00e4 ja erilaisia tapahtumia, huolehdittu El\u00e4inten hautausmaasta ja autettu ihmisi\u00e4kin h\u00e4d\u00e4n keskell\u00e4. Ilman j\u00e4seni\u00e4 ja ilman vapaaehtoisia mik\u00e4\u00e4n n\u00e4ist\u00e4 ei olisi mahdollista. Isot kiitokset my\u00f6s hallitukselle, toimiva tiimi on t\u00e4ss\u00e4 vapaaehtoisty\u00f6ss\u00e4 enemm\u00e4n kuin sata j\u00e4nist\u00e4. Nyt katse [&hellip;]<\/p>\n","protected":false},"author":8,"featured_media":0,"parent":2,"menu_order":0,"comment_status":"closed","ping_status":"closed","template":"","meta":{"_acf_changed":false,"footnotes":""},"class_list":["post-7","page","type-page","status-publish","hentry"],"acf":[],"yoast_head":"<!-- This site is optimized with the Yoast SEO plugin v27.1.1 - https:\/\/yoast.com\/product\/yoast-seo-wordpress\/ -->\n<title>Ajankohtaista - Kokkolan el\u00e4insuojeluyhdistys<\/title>\n<meta name=\"robots\" content=\"index, follow, max-snippet:-1, max-image-preview:large, max-video-preview:-1\" \/>\n<link rel=\"canonical\" href=\"https:\/\/sey.fi\/kokkola\/kokkolanseudun-elainsuojeluyhdistys\/ajankohtaista\/\" \/>\n<meta property=\"og:locale\" content=\"fi_FI\" \/>\n<meta property=\"og:type\" content=\"article\" \/>\n<meta property=\"og:title\" content=\"Ajankohtaista - Kokkolan el\u00e4insuojeluyhdistys\" \/>\n<meta property=\"og:description\" content=\"Vuosikokous 25.4.26 Kiitokset vuosikokouksesta j\u00e4senille! Kokosimme t\u00e4n\u00e4\u00e4n viime vuoden yhteen; paljon on autettu lukuisia el\u00e4imi\u00e4, hoidettu p\u00e4ivystyspuhelinta, j\u00e4rjestetty ker\u00e4yksi\u00e4 ja erilaisia tapahtumia, huolehdittu El\u00e4inten hautausmaasta ja autettu ihmisi\u00e4kin h\u00e4d\u00e4n keskell\u00e4. Ilman j\u00e4seni\u00e4 ja ilman vapaaehtoisia mik\u00e4\u00e4n n\u00e4ist\u00e4 ei olisi mahdollista. Isot kiitokset my\u00f6s hallitukselle, toimiva tiimi on t\u00e4ss\u00e4 vapaaehtoisty\u00f6ss\u00e4 enemm\u00e4n kuin sata j\u00e4nist\u00e4. Nyt katse [&hellip;]\" \/>\n<meta property=\"og:url\" content=\"https:\/\/sey.fi\/kokkola\/kokkolanseudun-elainsuojeluyhdistys\/ajankohtaista\/\" \/>\n<meta property=\"og:site_name\" content=\"Kokkolan el\u00e4insuojeluyhdistys\" \/>\n<meta property=\"article:modified_time\" content=\"2026-04-26T19:08:02+00:00\" \/>\n<meta property=\"og:image\" content=\"https:\/\/sey.fi\/wp-content\/uploads\/sites\/16\/2026\/02\/koulutukset-esy-.jpeg\" \/>\n\t<meta property=\"og:image:width\" content=\"1024\" \/>\n\t<meta property=\"og:image:height\" content=\"1413\" \/>\n\t<meta property=\"og:image:type\" content=\"image\/jpeg\" \/>\n<meta name=\"twitter:card\" content=\"summary_large_image\" \/>\n<meta name=\"twitter:label1\" content=\"Arvioitu lukuaika\" \/>\n\t<meta name=\"twitter:data1\" content=\"3 minuuttia\" \/>\n<script type=\"application\/ld+json\" class=\"yoast-schema-graph\">{\"@context\":\"https:\/\/schema.org\",\"@graph\":[{\"@type\":\"WebPage\",\"@id\":\"https:\/\/sey.fi\/kokkola\/kokkolanseudun-elainsuojeluyhdistys\/ajankohtaista\/\",\"url\":\"https:\/\/sey.fi\/kokkola\/kokkolanseudun-elainsuojeluyhdistys\/ajankohtaista\/\",\"name\":\"Ajankohtaista - Kokkolan el\u00e4insuojeluyhdistys\",\"isPartOf\":{\"@id\":\"https:\/\/sey.fi\/kokkola\/#website\"},\"primaryImageOfPage\":{\"@id\":\"https:\/\/sey.fi\/kokkola\/kokkolanseudun-elainsuojeluyhdistys\/ajankohtaista\/#primaryimage\"},\"image\":{\"@id\":\"https:\/\/sey.fi\/kokkola\/kokkolanseudun-elainsuojeluyhdistys\/ajankohtaista\/#primaryimage\"},\"thumbnailUrl\":\"https:\/\/sey.fi\/wp-content\/uploads\/sites\/16\/2026\/02\/koulutukset-esy--742x1024.jpeg\",\"datePublished\":\"0023-03-08T11:50:11+00:00\",\"dateModified\":\"2026-04-26T19:08:02+00:00\",\"breadcrumb\":{\"@id\":\"https:\/\/sey.fi\/kokkola\/kokkolanseudun-elainsuojeluyhdistys\/ajankohtaista\/#breadcrumb\"},\"inLanguage\":\"fi\",\"potentialAction\":[{\"@type\":\"ReadAction\",\"target\":[\"https:\/\/sey.fi\/kokkola\/kokkolanseudun-elainsuojeluyhdistys\/ajankohtaista\/\"]}]},{\"@type\":\"ImageObject\",\"inLanguage\":\"fi\",\"@id\":\"https:\/\/sey.fi\/kokkola\/kokkolanseudun-elainsuojeluyhdistys\/ajankohtaista\/#primaryimage\",\"url\":\"https:\/\/sey.fi\/wp-content\/uploads\/sites\/16\/2026\/02\/koulutukset-esy--742x1024.jpeg\",\"contentUrl\":\"https:\/\/sey.fi\/wp-content\/uploads\/sites\/16\/2026\/02\/koulutukset-esy--742x1024.jpeg\"},{\"@type\":\"BreadcrumbList\",\"@id\":\"https:\/\/sey.fi\/kokkola\/kokkolanseudun-elainsuojeluyhdistys\/ajankohtaista\/#breadcrumb\",\"itemListElement\":[{\"@type\":\"ListItem\",\"position\":1,\"name\":\"Home\",\"item\":\"https:\/\/sey.fi\/kokkola\/\"},{\"@type\":\"ListItem\",\"position\":2,\"name\":\"Kokkolanseudun el\u00e4insuojeluyhdistys\",\"item\":\"https:\/\/sey.fi\/kokkola\/\"},{\"@type\":\"ListItem\",\"position\":3,\"name\":\"Ajankohtaista\"}]},{\"@type\":\"WebSite\",\"@id\":\"https:\/\/sey.fi\/kokkola\/#website\",\"url\":\"https:\/\/sey.fi\/kokkola\/\",\"name\":\"Kokkolan el\u00e4insuojeluyhdistys\",\"description\":\"Uusi SEY J\u00e4senyhdistykset -sivusto\",\"potentialAction\":[{\"@type\":\"SearchAction\",\"target\":{\"@type\":\"EntryPoint\",\"urlTemplate\":\"https:\/\/sey.fi\/kokkola\/?s={search_term_string}\"},\"query-input\":{\"@type\":\"PropertyValueSpecification\",\"valueRequired\":true,\"valueName\":\"search_term_string\"}}],\"inLanguage\":\"fi\"}]}<\/script>\n<!-- \/ Yoast SEO plugin. -->","yoast_head_json":{"title":"Ajankohtaista - Kokkolan el\u00e4insuojeluyhdistys","robots":{"index":"index","follow":"follow","max-snippet":"max-snippet:-1","max-image-preview":"max-image-preview:large","max-video-preview":"max-video-preview:-1"},"canonical":"https:\/\/sey.fi\/kokkola\/kokkolanseudun-elainsuojeluyhdistys\/ajankohtaista\/","og_locale":"fi_FI","og_type":"article","og_title":"Ajankohtaista - Kokkolan el\u00e4insuojeluyhdistys","og_description":"Vuosikokous 25.4.26 Kiitokset vuosikokouksesta j\u00e4senille! Kokosimme t\u00e4n\u00e4\u00e4n viime vuoden yhteen; paljon on autettu lukuisia el\u00e4imi\u00e4, hoidettu p\u00e4ivystyspuhelinta, j\u00e4rjestetty ker\u00e4yksi\u00e4 ja erilaisia tapahtumia, huolehdittu El\u00e4inten hautausmaasta ja autettu ihmisi\u00e4kin h\u00e4d\u00e4n keskell\u00e4. Ilman j\u00e4seni\u00e4 ja ilman vapaaehtoisia mik\u00e4\u00e4n n\u00e4ist\u00e4 ei olisi mahdollista. Isot kiitokset my\u00f6s hallitukselle, toimiva tiimi on t\u00e4ss\u00e4 vapaaehtoisty\u00f6ss\u00e4 enemm\u00e4n kuin sata j\u00e4nist\u00e4. Nyt katse [&hellip;]","og_url":"https:\/\/sey.fi\/kokkola\/kokkolanseudun-elainsuojeluyhdistys\/ajankohtaista\/","og_site_name":"Kokkolan el\u00e4insuojeluyhdistys","article_modified_time":"2026-04-26T19:08:02+00:00","og_image":[{"width":1024,"height":1413,"url":"https:\/\/sey.fi\/wp-content\/uploads\/sites\/16\/2026\/02\/koulutukset-esy-.jpeg","type":"image\/jpeg"}],"twitter_card":"summary_large_image","twitter_misc":{"Arvioitu lukuaika":"3 minuuttia"},"schema":{"@context":"https:\/\/schema.org","@graph":[{"@type":"WebPage","@id":"https:\/\/sey.fi\/kokkola\/kokkolanseudun-elainsuojeluyhdistys\/ajankohtaista\/","url":"https:\/\/sey.fi\/kokkola\/kokkolanseudun-elainsuojeluyhdistys\/ajankohtaista\/","name":"Ajankohtaista - Kokkolan el\u00e4insuojeluyhdistys","isPartOf":{"@id":"https:\/\/sey.fi\/kokkola\/#website"},"primaryImageOfPage":{"@id":"https:\/\/sey.fi\/kokkola\/kokkolanseudun-elainsuojeluyhdistys\/ajankohtaista\/#primaryimage"},"image":{"@id":"https:\/\/sey.fi\/kokkola\/kokkolanseudun-elainsuojeluyhdistys\/ajankohtaista\/#primaryimage"},"thumbnailUrl":"https:\/\/sey.fi\/wp-content\/uploads\/sites\/16\/2026\/02\/koulutukset-esy--742x1024.jpeg","datePublished":"0023-03-08T11:50:11+00:00","dateModified":"2026-04-26T19:08:02+00:00","breadcrumb":{"@id":"https:\/\/sey.fi\/kokkola\/kokkolanseudun-elainsuojeluyhdistys\/ajankohtaista\/#breadcrumb"},"inLanguage":"fi","potentialAction":[{"@type":"ReadAction","target":["https:\/\/sey.fi\/kokkola\/kokkolanseudun-elainsuojeluyhdistys\/ajankohtaista\/"]}]},{"@type":"ImageObject","inLanguage":"fi","@id":"https:\/\/sey.fi\/kokkola\/kokkolanseudun-elainsuojeluyhdistys\/ajankohtaista\/#primaryimage","url":"https:\/\/sey.fi\/wp-content\/uploads\/sites\/16\/2026\/02\/koulutukset-esy--742x1024.jpeg","contentUrl":"https:\/\/sey.fi\/wp-content\/uploads\/sites\/16\/2026\/02\/koulutukset-esy--742x1024.jpeg"},{"@type":"BreadcrumbList","@id":"https:\/\/sey.fi\/kokkola\/kokkolanseudun-elainsuojeluyhdistys\/ajankohtaista\/#breadcrumb","itemListElement":[{"@type":"ListItem","position":1,"name":"Home","item":"https:\/\/sey.fi\/kokkola\/"},{"@type":"ListItem","position":2,"name":"Kokkolanseudun el\u00e4insuojeluyhdistys","item":"https:\/\/sey.fi\/kokkola\/"},{"@type":"ListItem","position":3,"name":"Ajankohtaista"}]},{"@type":"WebSite","@id":"https:\/\/sey.fi\/kokkola\/#website","url":"https:\/\/sey.fi\/kokkola\/","name":"Kokkolan el\u00e4insuojeluyhdistys","description":"Uusi SEY J\u00e4senyhdistykset -sivusto","potentialAction":[{"@type":"SearchAction","target":{"@type":"EntryPoint","urlTemplate":"https:\/\/sey.fi\/kokkola\/?s={search_term_string}"},"query-input":{"@type":"PropertyValueSpecification","valueRequired":true,"valueName":"search_term_string"}}],"inLanguage":"fi"}]}},"_links":{"self":[{"href":"https:\/\/sey.fi\/kokkola\/wp-json\/wp\/v2\/pages\/7","targetHints":{"allow":["GET"]}}],"collection":[{"href":"https:\/\/sey.fi\/kokkola\/wp-json\/wp\/v2\/pages"}],"about":[{"href":"https:\/\/sey.fi\/kokkola\/wp-json\/wp\/v2\/types\/page"}],"author":[{"embeddable":true,"href":"https:\/\/sey.fi\/kokkola\/wp-json\/wp\/v2\/users\/8"}],"replies":[{"embeddable":true,"href":"https:\/\/sey.fi\/kokkola\/wp-json\/wp\/v2\/comments?post=7"}],"version-history":[{"count":57,"href":"https:\/\/sey.fi\/kokkola\/wp-json\/wp\/v2\/pages\/7\/revisions"}],"predecessor-version":[{"id":1015,"href":"https:\/\/sey.fi\/kokkola\/wp-json\/wp\/v2\/pages\/7\/revisions\/1015"}],"up":[{"embeddable":true,"href":"https:\/\/sey.fi\/kokkola\/wp-json\/wp\/v2\/pages\/2"}],"wp:attachment":[{"href":"https:\/\/sey.fi\/kokkola\/wp-json\/wp\/v2\/media?parent=7"}],"curies":[{"name":"wp","href":"https:\/\/api.w.org\/{rel}","templated":true}]}}