{"id":125,"date":"2019-06-24T17:08:19","date_gmt":"2019-06-24T14:08:19","guid":{"rendered":"http:\/\/127.0.0.1\/lantisen-uudenmaan-elainsuojeluyhdistys\/?page_id=125"},"modified":"2026-02-13T08:02:46","modified_gmt":"2026-02-13T06:02:46","slug":"yhteystiedot","status":"publish","type":"page","link":"https:\/\/sey.fi\/lantisen-uudenmaan-elainsuojeluyhdistys\/yhteystiedot\/","title":{"rendered":"Yhteystiedot"},"content":{"rendered":"\n<p>Toiminta-alueemme on Uudellamaalla <strong>Vihti <\/strong>ja <strong>Karkkila<\/strong><\/p>\n\n\n\n<p>P\u00e4ivystyspuhelinnumero<strong> 045 7870 9101<\/strong><br><strong>VAIN kadonneet\/l\u00f6ydetyt el\u00e4imet<\/strong>, <strong>el\u00e4inten h\u00e4t\u00e4tilanteet ja neuvonta<\/strong>. <br>Muissa asioissa olethan yhteydess\u00e4 s\u00e4hk\u00f6postitse.<br><strong><br><\/strong>S\u00e4hk\u00f6posti<br><strong>adoptio.lue@gmail.com <\/strong>(adoptiota koskevat asiat)<br><strong>lue.tiedotus@gmail.com <\/strong>(muut kyselyt ja tiedustelut)<br><strong>lue.harjoittelu@gmail.com<\/strong> (l\u00f6yt\u00f6el\u00e4intalolla teht\u00e4v\u00e4\u00e4 ty\u00f6harjoittelua koskevat kysymykset)<\/p>\n\n\n\n<p>L\u00f6yt\u00f6el\u00e4intalon osoite on<strong> Liukkaankuja 1, 03400 Vihti<\/strong><\/p>\n\n\n\n<p>________________________________________________________________________<br><br><strong>L\u00e4ntisen Uudenmaan el\u00e4insuojeluyhdistys LUE Ry <br><\/strong>Puheenjohtaja Erja Elopuro, Vihti<br><br>Varapuheenjohtaja Marika Landen, Vihti<\/p>\n\n\n\n<p><a aria-label=\"Yhdistyksen hallitus (avautuu uudessa v\u00e4lilehdess\u00e4)\" href=\"https:\/\/sey.fi\/lantisen-uudenmaan-elainsuojeluyhdistys\/testisivu-2\/hallitus\/\" target=\"_blank\" rel=\"noreferrer noopener\">Yhdistyksen hallitus<\/a><\/p>\n\n\n\n<p>________________________________________________________________________<br><br>Otamme tekstiili- ym. tavaralahjoituksia vastaan ainoastaan erikseen sopimalla. Olethan aina ensin yhteydess\u00e4 meihin, ennen kuin tuot tavaralahjoituksia talolle. Yhteydenotot s\u00e4hk\u00f6postitse <strong>lue.tiedotus@gmail.com<\/strong>. Meid\u00e4n k\u00e4ytt\u00f6\u00f6n sopimattomat tavarat joudumme kuljettaa kaatopaikalle ja siit\u00e4 tulee meille turhia kustannuksia. <\/p>\n\n\n\n<p>________________________________________________________________________<br><strong><br>Loukkujen lainaus<\/strong><\/p>\n\n\n\n<p>Loukusta perit\u00e4\u00e4n 40 euron pantti, joka palautetaan loukun palauttamisen yhteydess\u00e4.<br>Tiedustelut: lue.tiedotus@gmail.com <\/p>\n\n\n\n<p>________________________________________________________________________<br><br><strong>El\u00e4insuojeluvalvoja toimialueella<\/strong><\/p>\n\n\n\n<p>Lohja, Siuntio, Karkkila, Vihti<\/p>\n\n\n\n<p>El\u00e4insuojeluilmoitukset ja niit\u00e4 koskevat tiedustelut <strong>ensisijaisesti s\u00e4hk\u00f6postitse<\/strong> <a rel=\"noreferrer noopener\" aria-label=\"elainvalvonta@lohja.fi (avautuu uudessa v\u00e4lilehdess\u00e4)\" href=\"mailto:elainvalvonta@lohja.fi\" target=\"_blank\">elainvalvonta@lohja.fi<\/a><\/p>\n\n\n\n<p>Kiireelliset toimenpiteet tai h\u00e4t\u00e4tapaukset virka-aikana hygieenikkovalvontael\u00e4inl\u00e4\u00e4k\u00e4rille. H\u00e4nen poissa ollessaan kyseisen alueen kaupunginel\u00e4inl\u00e4\u00e4k\u00e4rille. Jos puheluun ei heti vastata, voit j\u00e4tt\u00e4\u00e4 soittopyynn\u00f6n.  <a rel=\"noreferrer noopener\" href=\"https:\/\/www.lohja.fi\/asuminen-ja-ymparisto\/ymparistoterveyspalvelut\/elainlaakintahuolto-linkitys\/viranomaistehtavat\/\" target=\"_blank\">Lis\u00e4tietoa t\u00e4\u00e4lt\u00e4 &gt;<\/a> <\/p>\n\n\n\n<p>Virka-ajan ulkopuolella (klo 16 &#8211; 08, viikonloppu, tai arkipyh\u00e4) poliisi on alueellamme ainoa el\u00e4insuojeluviranomainen, jolla on oikeus tehd\u00e4 tarkastuksia ja ryhty\u00e4 tarvittaviin toimenpiteisiin. Poliisi hoitaa vain h\u00e4t\u00e4tapauksia, yhteydenotot 112.<\/p>\n\n\n\n<p><strong>Muut tahot:<\/strong><\/p>\n\n\n\n<p>Luonnonvaraiset el\u00e4imet: SEY:n neuvoja p. 044 972 6637&nbsp; (ke-to klo 9-15) <br>tai Korkeasaaren villiel\u00e4insairaala p. 040 334 2954.<br><br>Linnut: Lohjan lintutalo, Ari Nordstr\u00f6m, p. 040 766 0068.<br><br>Loukkaantuneet el\u00e4imet: H\u00e4t\u00e4keskus 112<\/p>\n","protected":false},"excerpt":{"rendered":"<p>Toiminta-alueemme on Uudellamaalla Vihti ja Karkkila P\u00e4ivystyspuhelinnumero 045 7870 9101VAIN kadonneet\/l\u00f6ydetyt el\u00e4imet, el\u00e4inten h\u00e4t\u00e4tilanteet ja neuvonta. Muissa asioissa olethan yhteydess\u00e4 s\u00e4hk\u00f6postitse.S\u00e4hk\u00f6postiadoptio.lue@gmail.com (adoptiota koskevat asiat)lue.tiedotus@gmail.com (muut kyselyt ja tiedustelut)lue.harjoittelu@gmail.com (l\u00f6yt\u00f6el\u00e4intalolla teht\u00e4v\u00e4\u00e4 ty\u00f6harjoittelua koskevat kysymykset) L\u00f6yt\u00f6el\u00e4intalon osoite on Liukkaankuja 1, 03400 Vihti ________________________________________________________________________ L\u00e4ntisen Uudenmaan el\u00e4insuojeluyhdistys LUE Ry Puheenjohtaja Erja Elopuro, Vihti Varapuheenjohtaja Marika Landen, Vihti Yhdistyksen [&hellip;]<\/p>\n","protected":false},"author":1,"featured_media":703,"parent":0,"menu_order":0,"comment_status":"closed","ping_status":"closed","template":"","meta":{"_acf_changed":false,"footnotes":""},"class_list":["post-125","page","type-page","status-publish","has-post-thumbnail","hentry"],"acf":[],"yoast_head":"<!-- This site is optimized with the Yoast SEO plugin v27.1.1 - https:\/\/yoast.com\/product\/yoast-seo-wordpress\/ -->\n<title>Yhteystiedot - L\u00e4ntisen Uudenmaan el\u00e4insuojeluyhdistys<\/title>\n<meta name=\"description\" content=\"T\u00e4\u00e4lt\u00e4 l\u00f6yd\u00e4t tarvittavat yhteystiedot yhdistyksest\u00e4mme, loukkujen lainauksesta ja el\u00e4insuojeluvalvonnasta.\" \/>\n<meta name=\"robots\" content=\"index, follow, max-snippet:-1, max-image-preview:large, max-video-preview:-1\" \/>\n<link rel=\"canonical\" href=\"https:\/\/sey.fi\/lantisen-uudenmaan-elainsuojeluyhdistys\/yhteystiedot\/\" \/>\n<meta property=\"og:locale\" content=\"fi_FI\" \/>\n<meta property=\"og:type\" content=\"article\" \/>\n<meta property=\"og:title\" content=\"Yhteystiedot - L\u00e4ntisen Uudenmaan el\u00e4insuojeluyhdistys\" \/>\n<meta property=\"og:description\" content=\"T\u00e4\u00e4lt\u00e4 l\u00f6yd\u00e4t tarvittavat yhteystiedot yhdistyksest\u00e4mme, loukkujen lainauksesta ja el\u00e4insuojeluvalvonnasta.\" \/>\n<meta property=\"og:url\" content=\"https:\/\/sey.fi\/lantisen-uudenmaan-elainsuojeluyhdistys\/yhteystiedot\/\" \/>\n<meta property=\"og:site_name\" content=\"L\u00e4ntisen Uudenmaan el\u00e4insuojeluyhdistys\" \/>\n<meta property=\"article:modified_time\" content=\"2026-02-13T06:02:46+00:00\" \/>\n<meta property=\"og:image\" content=\"https:\/\/sey.fi\/wp-content\/uploads\/sites\/3\/2021\/12\/LUE-ry-yhteystiedot.jpg\" \/>\n\t<meta property=\"og:image:width\" content=\"1920\" \/>\n\t<meta property=\"og:image:height\" content=\"960\" \/>\n\t<meta property=\"og:image:type\" content=\"image\/jpeg\" \/>\n<meta name=\"twitter:card\" content=\"summary_large_image\" \/>\n<meta name=\"twitter:label1\" content=\"Arvioitu lukuaika\" \/>\n\t<meta name=\"twitter:data1\" content=\"2 minuuttia\" \/>\n<script type=\"application\/ld+json\" class=\"yoast-schema-graph\">{\"@context\":\"https:\/\/schema.org\",\"@graph\":[{\"@type\":\"WebPage\",\"@id\":\"https:\/\/sey.fi\/lantisen-uudenmaan-elainsuojeluyhdistys\/yhteystiedot\/\",\"url\":\"https:\/\/sey.fi\/lantisen-uudenmaan-elainsuojeluyhdistys\/yhteystiedot\/\",\"name\":\"Yhteystiedot - L\u00e4ntisen Uudenmaan el\u00e4insuojeluyhdistys\",\"isPartOf\":{\"@id\":\"https:\/\/sey.fi\/lantisen-uudenmaan-elainsuojeluyhdistys\/#website\"},\"primaryImageOfPage\":{\"@id\":\"https:\/\/sey.fi\/lantisen-uudenmaan-elainsuojeluyhdistys\/yhteystiedot\/#primaryimage\"},\"image\":{\"@id\":\"https:\/\/sey.fi\/lantisen-uudenmaan-elainsuojeluyhdistys\/yhteystiedot\/#primaryimage\"},\"thumbnailUrl\":\"https:\/\/sey.fi\/wp-content\/uploads\/sites\/3\/2021\/12\/LUE-ry-yhteystiedot.jpg\",\"datePublished\":\"2019-06-24T14:08:19+00:00\",\"dateModified\":\"2026-02-13T06:02:46+00:00\",\"description\":\"T\u00e4\u00e4lt\u00e4 l\u00f6yd\u00e4t tarvittavat yhteystiedot yhdistyksest\u00e4mme, loukkujen lainauksesta ja el\u00e4insuojeluvalvonnasta.\",\"breadcrumb\":{\"@id\":\"https:\/\/sey.fi\/lantisen-uudenmaan-elainsuojeluyhdistys\/yhteystiedot\/#breadcrumb\"},\"inLanguage\":\"fi\",\"potentialAction\":[{\"@type\":\"ReadAction\",\"target\":[\"https:\/\/sey.fi\/lantisen-uudenmaan-elainsuojeluyhdistys\/yhteystiedot\/\"]}]},{\"@type\":\"ImageObject\",\"inLanguage\":\"fi\",\"@id\":\"https:\/\/sey.fi\/lantisen-uudenmaan-elainsuojeluyhdistys\/yhteystiedot\/#primaryimage\",\"url\":\"https:\/\/sey.fi\/wp-content\/uploads\/sites\/3\/2021\/12\/LUE-ry-yhteystiedot.jpg\",\"contentUrl\":\"https:\/\/sey.fi\/wp-content\/uploads\/sites\/3\/2021\/12\/LUE-ry-yhteystiedot.jpg\",\"width\":1920,\"height\":960,\"caption\":\"ota yhteytt\u00e4\"},{\"@type\":\"BreadcrumbList\",\"@id\":\"https:\/\/sey.fi\/lantisen-uudenmaan-elainsuojeluyhdistys\/yhteystiedot\/#breadcrumb\",\"itemListElement\":[{\"@type\":\"ListItem\",\"position\":1,\"name\":\"Home\",\"item\":\"https:\/\/sey.fi\/lantisen-uudenmaan-elainsuojeluyhdistys\/\"},{\"@type\":\"ListItem\",\"position\":2,\"name\":\"Yhteystiedot\"}]},{\"@type\":\"WebSite\",\"@id\":\"https:\/\/sey.fi\/lantisen-uudenmaan-elainsuojeluyhdistys\/#website\",\"url\":\"https:\/\/sey.fi\/lantisen-uudenmaan-elainsuojeluyhdistys\/\",\"name\":\"L\u00e4ntisen Uudenmaan el\u00e4insuojeluyhdistys\",\"description\":\"Uusi SEY J\u00e4senyhdistykset -sivusto\",\"potentialAction\":[{\"@type\":\"SearchAction\",\"target\":{\"@type\":\"EntryPoint\",\"urlTemplate\":\"https:\/\/sey.fi\/lantisen-uudenmaan-elainsuojeluyhdistys\/?s={search_term_string}\"},\"query-input\":{\"@type\":\"PropertyValueSpecification\",\"valueRequired\":true,\"valueName\":\"search_term_string\"}}],\"inLanguage\":\"fi\"}]}<\/script>\n<!-- \/ Yoast SEO plugin. -->","yoast_head_json":{"title":"Yhteystiedot - L\u00e4ntisen Uudenmaan el\u00e4insuojeluyhdistys","description":"T\u00e4\u00e4lt\u00e4 l\u00f6yd\u00e4t tarvittavat yhteystiedot yhdistyksest\u00e4mme, loukkujen lainauksesta ja el\u00e4insuojeluvalvonnasta.","robots":{"index":"index","follow":"follow","max-snippet":"max-snippet:-1","max-image-preview":"max-image-preview:large","max-video-preview":"max-video-preview:-1"},"canonical":"https:\/\/sey.fi\/lantisen-uudenmaan-elainsuojeluyhdistys\/yhteystiedot\/","og_locale":"fi_FI","og_type":"article","og_title":"Yhteystiedot - L\u00e4ntisen Uudenmaan el\u00e4insuojeluyhdistys","og_description":"T\u00e4\u00e4lt\u00e4 l\u00f6yd\u00e4t tarvittavat yhteystiedot yhdistyksest\u00e4mme, loukkujen lainauksesta ja el\u00e4insuojeluvalvonnasta.","og_url":"https:\/\/sey.fi\/lantisen-uudenmaan-elainsuojeluyhdistys\/yhteystiedot\/","og_site_name":"L\u00e4ntisen Uudenmaan el\u00e4insuojeluyhdistys","article_modified_time":"2026-02-13T06:02:46+00:00","og_image":[{"width":1920,"height":960,"url":"https:\/\/sey.fi\/wp-content\/uploads\/sites\/3\/2021\/12\/LUE-ry-yhteystiedot.jpg","type":"image\/jpeg"}],"twitter_card":"summary_large_image","twitter_misc":{"Arvioitu lukuaika":"2 minuuttia"},"schema":{"@context":"https:\/\/schema.org","@graph":[{"@type":"WebPage","@id":"https:\/\/sey.fi\/lantisen-uudenmaan-elainsuojeluyhdistys\/yhteystiedot\/","url":"https:\/\/sey.fi\/lantisen-uudenmaan-elainsuojeluyhdistys\/yhteystiedot\/","name":"Yhteystiedot - L\u00e4ntisen Uudenmaan el\u00e4insuojeluyhdistys","isPartOf":{"@id":"https:\/\/sey.fi\/lantisen-uudenmaan-elainsuojeluyhdistys\/#website"},"primaryImageOfPage":{"@id":"https:\/\/sey.fi\/lantisen-uudenmaan-elainsuojeluyhdistys\/yhteystiedot\/#primaryimage"},"image":{"@id":"https:\/\/sey.fi\/lantisen-uudenmaan-elainsuojeluyhdistys\/yhteystiedot\/#primaryimage"},"thumbnailUrl":"https:\/\/sey.fi\/wp-content\/uploads\/sites\/3\/2021\/12\/LUE-ry-yhteystiedot.jpg","datePublished":"2019-06-24T14:08:19+00:00","dateModified":"2026-02-13T06:02:46+00:00","description":"T\u00e4\u00e4lt\u00e4 l\u00f6yd\u00e4t tarvittavat yhteystiedot yhdistyksest\u00e4mme, loukkujen lainauksesta ja el\u00e4insuojeluvalvonnasta.","breadcrumb":{"@id":"https:\/\/sey.fi\/lantisen-uudenmaan-elainsuojeluyhdistys\/yhteystiedot\/#breadcrumb"},"inLanguage":"fi","potentialAction":[{"@type":"ReadAction","target":["https:\/\/sey.fi\/lantisen-uudenmaan-elainsuojeluyhdistys\/yhteystiedot\/"]}]},{"@type":"ImageObject","inLanguage":"fi","@id":"https:\/\/sey.fi\/lantisen-uudenmaan-elainsuojeluyhdistys\/yhteystiedot\/#primaryimage","url":"https:\/\/sey.fi\/wp-content\/uploads\/sites\/3\/2021\/12\/LUE-ry-yhteystiedot.jpg","contentUrl":"https:\/\/sey.fi\/wp-content\/uploads\/sites\/3\/2021\/12\/LUE-ry-yhteystiedot.jpg","width":1920,"height":960,"caption":"ota yhteytt\u00e4"},{"@type":"BreadcrumbList","@id":"https:\/\/sey.fi\/lantisen-uudenmaan-elainsuojeluyhdistys\/yhteystiedot\/#breadcrumb","itemListElement":[{"@type":"ListItem","position":1,"name":"Home","item":"https:\/\/sey.fi\/lantisen-uudenmaan-elainsuojeluyhdistys\/"},{"@type":"ListItem","position":2,"name":"Yhteystiedot"}]},{"@type":"WebSite","@id":"https:\/\/sey.fi\/lantisen-uudenmaan-elainsuojeluyhdistys\/#website","url":"https:\/\/sey.fi\/lantisen-uudenmaan-elainsuojeluyhdistys\/","name":"L\u00e4ntisen Uudenmaan el\u00e4insuojeluyhdistys","description":"Uusi SEY J\u00e4senyhdistykset -sivusto","potentialAction":[{"@type":"SearchAction","target":{"@type":"EntryPoint","urlTemplate":"https:\/\/sey.fi\/lantisen-uudenmaan-elainsuojeluyhdistys\/?s={search_term_string}"},"query-input":{"@type":"PropertyValueSpecification","valueRequired":true,"valueName":"search_term_string"}}],"inLanguage":"fi"}]}},"_links":{"self":[{"href":"https:\/\/sey.fi\/lantisen-uudenmaan-elainsuojeluyhdistys\/wp-json\/wp\/v2\/pages\/125","targetHints":{"allow":["GET"]}}],"collection":[{"href":"https:\/\/sey.fi\/lantisen-uudenmaan-elainsuojeluyhdistys\/wp-json\/wp\/v2\/pages"}],"about":[{"href":"https:\/\/sey.fi\/lantisen-uudenmaan-elainsuojeluyhdistys\/wp-json\/wp\/v2\/types\/page"}],"author":[{"embeddable":true,"href":"https:\/\/sey.fi\/lantisen-uudenmaan-elainsuojeluyhdistys\/wp-json\/wp\/v2\/users\/1"}],"replies":[{"embeddable":true,"href":"https:\/\/sey.fi\/lantisen-uudenmaan-elainsuojeluyhdistys\/wp-json\/wp\/v2\/comments?post=125"}],"version-history":[{"count":31,"href":"https:\/\/sey.fi\/lantisen-uudenmaan-elainsuojeluyhdistys\/wp-json\/wp\/v2\/pages\/125\/revisions"}],"predecessor-version":[{"id":1373,"href":"https:\/\/sey.fi\/lantisen-uudenmaan-elainsuojeluyhdistys\/wp-json\/wp\/v2\/pages\/125\/revisions\/1373"}],"wp:featuredmedia":[{"embeddable":true,"href":"https:\/\/sey.fi\/lantisen-uudenmaan-elainsuojeluyhdistys\/wp-json\/wp\/v2\/media\/703"}],"wp:attachment":[{"href":"https:\/\/sey.fi\/lantisen-uudenmaan-elainsuojeluyhdistys\/wp-json\/wp\/v2\/media?parent=125"}],"curies":[{"name":"wp","href":"https:\/\/api.w.org\/{rel}","templated":true}]}}