{"id":1358,"date":"2025-07-26T14:44:42","date_gmt":"2025-07-26T11:44:42","guid":{"rendered":"https:\/\/sey.fi\/lantisen-uudenmaan-elainsuojeluyhdistys\/?page_id=1358"},"modified":"2025-10-16T11:19:45","modified_gmt":"2025-10-16T08:19:45","slug":"tue-toimintaamme","status":"publish","type":"page","link":"https:\/\/sey.fi\/lantisen-uudenmaan-elainsuojeluyhdistys\/tue-toimintaamme\/","title":{"rendered":"Tue toimintaamme"},"content":{"rendered":"\n<p>L\u00e4ntisen Uudenmaan El\u00e4insuojeluyhdistys LUE Ry:lle on my\u00f6nnetty rahanker\u00e4yslupa. Halutessasi tukea toimintaamme rahalahjoituksella, voit tehd\u00e4 lahjoituksen<\/p>\n\n\n\n<ul class=\"wp-block-list\">\n<li>Tilillemme FI10 4006 0010 3393 86 (Saaja: L\u00e4ntisen Uudenmaan El\u00e4insuojeluyhdistys Ry)<\/li>\n\n\n\n<li>MobilePay lyhytnumerolla 97741<\/li>\n<\/ul>\n\n\n\n<p>(Rahanker\u00e4yslupa nro. RA\/2025\/703.)<br><br>Kaikki ker\u00e4tyt lahjoitusvarat k\u00e4ytet\u00e4\u00e4n l\u00f6yt\u00f6el\u00e4inten hoidon kustannuksiin; esimerkiksi el\u00e4inl\u00e4\u00e4k\u00e4rikuluihin, el\u00e4inten ruokiin sek\u00e4 tarvikkeisiin ja yleisiin l\u00f6yt\u00f6el\u00e4intalon py\u00f6ritt\u00e4misen tarvikkeisiin.<\/p>\n\n\n\n<p>Pienikin lahjoitus auttaa! Kiitos, kun v\u00e4lit\u00e4t!<\/p>\n\n\n\n<hr class=\"wp-block-separator has-alpha-channel-opacity\" \/>\n\n\n\n<p>Otamme ilolla vastaan hyv\u00e4kuntoisia ruoka- ja tarvikelahjoituksia l\u00f6yt\u00f6el\u00e4intalon asukkaille. Suurin tarve on kissan m\u00e4rk\u00e4ruoalle ja kissanhiekalle. Olethan ennen lahjoituksen toimittamista yhteydess\u00e4 meihin varmistaaksemme, ett\u00e4 talolla on joku vastaanottamassa lahjoituksen. Kiitos, kun autat!<\/p>\n\n\n\n<p>lue.tiedotus@gmail.com<\/p>\n\n\n\n<hr class=\"wp-block-separator has-alpha-channel-opacity\" \/>\n\n\n\n<p>Yhdistyksen kirpputori on avoinna lauantaisin klo 11-15 (pois lukien pyh\u00e4p\u00e4iv\u00e4t). Muista poikkeavista aukioloajoista tiedotamme yhdistyksen Facebook-sivulla. Kirpputori sijaitsee osoitteessa Liukkaankuja 1, 03400 Vihti.<\/p>\n\n\n\n<p>Otamme vastaan siistikuntoista kirpputoritavaraa sek\u00e4 tekstiililahjoituksia. Kirpputorin tuotot k\u00e4yt\u00e4mme l\u00f6yt\u00f6el\u00e4intalon asukkien hyv\u00e4ksi.<\/p>\n\n\n\n<p>Huomioithan ett\u00e4 lahjoituksista tulee sopia etuk\u00e4teen kirppis.lue@gmail.com. Meid\u00e4n k\u00e4ytt\u00f6\u00f6n sopimattomat tavarat joudumme kuljettamaan kaatopaikalle ja siit\u00e4 tulee meille turhia kustannuksia.<\/p>\n","protected":false},"excerpt":{"rendered":"<p>L\u00e4ntisen Uudenmaan El\u00e4insuojeluyhdistys LUE Ry:lle on my\u00f6nnetty rahanker\u00e4yslupa. Halutessasi tukea toimintaamme rahalahjoituksella, voit tehd\u00e4 lahjoituksen (Rahanker\u00e4yslupa nro. RA\/2025\/703.) Kaikki ker\u00e4tyt lahjoitusvarat k\u00e4ytet\u00e4\u00e4n l\u00f6yt\u00f6el\u00e4inten hoidon kustannuksiin; esimerkiksi el\u00e4inl\u00e4\u00e4k\u00e4rikuluihin, el\u00e4inten ruokiin sek\u00e4 tarvikkeisiin ja yleisiin l\u00f6yt\u00f6el\u00e4intalon py\u00f6ritt\u00e4misen tarvikkeisiin. Pienikin lahjoitus auttaa! Kiitos, kun v\u00e4lit\u00e4t! Otamme ilolla vastaan hyv\u00e4kuntoisia ruoka- ja tarvikelahjoituksia l\u00f6yt\u00f6el\u00e4intalon asukkaille. Suurin tarve on kissan [&hellip;]<\/p>\n","protected":false},"author":10,"featured_media":0,"parent":0,"menu_order":0,"comment_status":"closed","ping_status":"closed","template":"","meta":{"_acf_changed":false,"footnotes":""},"class_list":["post-1358","page","type-page","status-publish","hentry"],"acf":[],"yoast_head":"<!-- This site is optimized with the Yoast SEO plugin v27.1.1 - https:\/\/yoast.com\/product\/yoast-seo-wordpress\/ -->\n<title>Tue toimintaamme - L\u00e4ntisen Uudenmaan el\u00e4insuojeluyhdistys<\/title>\n<meta name=\"robots\" content=\"index, follow, max-snippet:-1, max-image-preview:large, max-video-preview:-1\" \/>\n<link rel=\"canonical\" href=\"https:\/\/sey.fi\/lantisen-uudenmaan-elainsuojeluyhdistys\/tue-toimintaamme\/\" \/>\n<meta property=\"og:locale\" content=\"fi_FI\" \/>\n<meta property=\"og:type\" content=\"article\" \/>\n<meta property=\"og:title\" content=\"Tue toimintaamme - L\u00e4ntisen Uudenmaan el\u00e4insuojeluyhdistys\" \/>\n<meta property=\"og:description\" content=\"L\u00e4ntisen Uudenmaan El\u00e4insuojeluyhdistys LUE Ry:lle on my\u00f6nnetty rahanker\u00e4yslupa. Halutessasi tukea toimintaamme rahalahjoituksella, voit tehd\u00e4 lahjoituksen (Rahanker\u00e4yslupa nro. RA\/2025\/703.) Kaikki ker\u00e4tyt lahjoitusvarat k\u00e4ytet\u00e4\u00e4n l\u00f6yt\u00f6el\u00e4inten hoidon kustannuksiin; esimerkiksi el\u00e4inl\u00e4\u00e4k\u00e4rikuluihin, el\u00e4inten ruokiin sek\u00e4 tarvikkeisiin ja yleisiin l\u00f6yt\u00f6el\u00e4intalon py\u00f6ritt\u00e4misen tarvikkeisiin. Pienikin lahjoitus auttaa! Kiitos, kun v\u00e4lit\u00e4t! Otamme ilolla vastaan hyv\u00e4kuntoisia ruoka- ja tarvikelahjoituksia l\u00f6yt\u00f6el\u00e4intalon asukkaille. Suurin tarve on kissan [&hellip;]\" \/>\n<meta property=\"og:url\" content=\"https:\/\/sey.fi\/lantisen-uudenmaan-elainsuojeluyhdistys\/tue-toimintaamme\/\" \/>\n<meta property=\"og:site_name\" content=\"L\u00e4ntisen Uudenmaan el\u00e4insuojeluyhdistys\" \/>\n<meta property=\"article:modified_time\" content=\"2025-10-16T08:19:45+00:00\" \/>\n<meta name=\"twitter:card\" content=\"summary_large_image\" \/>\n<meta name=\"twitter:label1\" content=\"Arvioitu lukuaika\" \/>\n\t<meta name=\"twitter:data1\" content=\"1 minuutti\" \/>\n<script type=\"application\/ld+json\" class=\"yoast-schema-graph\">{\"@context\":\"https:\/\/schema.org\",\"@graph\":[{\"@type\":\"WebPage\",\"@id\":\"https:\/\/sey.fi\/lantisen-uudenmaan-elainsuojeluyhdistys\/tue-toimintaamme\/\",\"url\":\"https:\/\/sey.fi\/lantisen-uudenmaan-elainsuojeluyhdistys\/tue-toimintaamme\/\",\"name\":\"Tue toimintaamme - L\u00e4ntisen Uudenmaan el\u00e4insuojeluyhdistys\",\"isPartOf\":{\"@id\":\"https:\/\/sey.fi\/lantisen-uudenmaan-elainsuojeluyhdistys\/#website\"},\"datePublished\":\"2025-07-26T11:44:42+00:00\",\"dateModified\":\"2025-10-16T08:19:45+00:00\",\"breadcrumb\":{\"@id\":\"https:\/\/sey.fi\/lantisen-uudenmaan-elainsuojeluyhdistys\/tue-toimintaamme\/#breadcrumb\"},\"inLanguage\":\"fi\",\"potentialAction\":[{\"@type\":\"ReadAction\",\"target\":[\"https:\/\/sey.fi\/lantisen-uudenmaan-elainsuojeluyhdistys\/tue-toimintaamme\/\"]}]},{\"@type\":\"BreadcrumbList\",\"@id\":\"https:\/\/sey.fi\/lantisen-uudenmaan-elainsuojeluyhdistys\/tue-toimintaamme\/#breadcrumb\",\"itemListElement\":[{\"@type\":\"ListItem\",\"position\":1,\"name\":\"Home\",\"item\":\"https:\/\/sey.fi\/lantisen-uudenmaan-elainsuojeluyhdistys\/\"},{\"@type\":\"ListItem\",\"position\":2,\"name\":\"Tue toimintaamme\"}]},{\"@type\":\"WebSite\",\"@id\":\"https:\/\/sey.fi\/lantisen-uudenmaan-elainsuojeluyhdistys\/#website\",\"url\":\"https:\/\/sey.fi\/lantisen-uudenmaan-elainsuojeluyhdistys\/\",\"name\":\"L\u00e4ntisen Uudenmaan el\u00e4insuojeluyhdistys\",\"description\":\"Uusi SEY J\u00e4senyhdistykset -sivusto\",\"potentialAction\":[{\"@type\":\"SearchAction\",\"target\":{\"@type\":\"EntryPoint\",\"urlTemplate\":\"https:\/\/sey.fi\/lantisen-uudenmaan-elainsuojeluyhdistys\/?s={search_term_string}\"},\"query-input\":{\"@type\":\"PropertyValueSpecification\",\"valueRequired\":true,\"valueName\":\"search_term_string\"}}],\"inLanguage\":\"fi\"}]}<\/script>\n<!-- \/ Yoast SEO plugin. -->","yoast_head_json":{"title":"Tue toimintaamme - L\u00e4ntisen Uudenmaan el\u00e4insuojeluyhdistys","robots":{"index":"index","follow":"follow","max-snippet":"max-snippet:-1","max-image-preview":"max-image-preview:large","max-video-preview":"max-video-preview:-1"},"canonical":"https:\/\/sey.fi\/lantisen-uudenmaan-elainsuojeluyhdistys\/tue-toimintaamme\/","og_locale":"fi_FI","og_type":"article","og_title":"Tue toimintaamme - L\u00e4ntisen Uudenmaan el\u00e4insuojeluyhdistys","og_description":"L\u00e4ntisen Uudenmaan El\u00e4insuojeluyhdistys LUE Ry:lle on my\u00f6nnetty rahanker\u00e4yslupa. Halutessasi tukea toimintaamme rahalahjoituksella, voit tehd\u00e4 lahjoituksen (Rahanker\u00e4yslupa nro. RA\/2025\/703.) Kaikki ker\u00e4tyt lahjoitusvarat k\u00e4ytet\u00e4\u00e4n l\u00f6yt\u00f6el\u00e4inten hoidon kustannuksiin; esimerkiksi el\u00e4inl\u00e4\u00e4k\u00e4rikuluihin, el\u00e4inten ruokiin sek\u00e4 tarvikkeisiin ja yleisiin l\u00f6yt\u00f6el\u00e4intalon py\u00f6ritt\u00e4misen tarvikkeisiin. Pienikin lahjoitus auttaa! Kiitos, kun v\u00e4lit\u00e4t! Otamme ilolla vastaan hyv\u00e4kuntoisia ruoka- ja tarvikelahjoituksia l\u00f6yt\u00f6el\u00e4intalon asukkaille. Suurin tarve on kissan [&hellip;]","og_url":"https:\/\/sey.fi\/lantisen-uudenmaan-elainsuojeluyhdistys\/tue-toimintaamme\/","og_site_name":"L\u00e4ntisen Uudenmaan el\u00e4insuojeluyhdistys","article_modified_time":"2025-10-16T08:19:45+00:00","twitter_card":"summary_large_image","twitter_misc":{"Arvioitu lukuaika":"1 minuutti"},"schema":{"@context":"https:\/\/schema.org","@graph":[{"@type":"WebPage","@id":"https:\/\/sey.fi\/lantisen-uudenmaan-elainsuojeluyhdistys\/tue-toimintaamme\/","url":"https:\/\/sey.fi\/lantisen-uudenmaan-elainsuojeluyhdistys\/tue-toimintaamme\/","name":"Tue toimintaamme - L\u00e4ntisen Uudenmaan el\u00e4insuojeluyhdistys","isPartOf":{"@id":"https:\/\/sey.fi\/lantisen-uudenmaan-elainsuojeluyhdistys\/#website"},"datePublished":"2025-07-26T11:44:42+00:00","dateModified":"2025-10-16T08:19:45+00:00","breadcrumb":{"@id":"https:\/\/sey.fi\/lantisen-uudenmaan-elainsuojeluyhdistys\/tue-toimintaamme\/#breadcrumb"},"inLanguage":"fi","potentialAction":[{"@type":"ReadAction","target":["https:\/\/sey.fi\/lantisen-uudenmaan-elainsuojeluyhdistys\/tue-toimintaamme\/"]}]},{"@type":"BreadcrumbList","@id":"https:\/\/sey.fi\/lantisen-uudenmaan-elainsuojeluyhdistys\/tue-toimintaamme\/#breadcrumb","itemListElement":[{"@type":"ListItem","position":1,"name":"Home","item":"https:\/\/sey.fi\/lantisen-uudenmaan-elainsuojeluyhdistys\/"},{"@type":"ListItem","position":2,"name":"Tue toimintaamme"}]},{"@type":"WebSite","@id":"https:\/\/sey.fi\/lantisen-uudenmaan-elainsuojeluyhdistys\/#website","url":"https:\/\/sey.fi\/lantisen-uudenmaan-elainsuojeluyhdistys\/","name":"L\u00e4ntisen Uudenmaan el\u00e4insuojeluyhdistys","description":"Uusi SEY J\u00e4senyhdistykset -sivusto","potentialAction":[{"@type":"SearchAction","target":{"@type":"EntryPoint","urlTemplate":"https:\/\/sey.fi\/lantisen-uudenmaan-elainsuojeluyhdistys\/?s={search_term_string}"},"query-input":{"@type":"PropertyValueSpecification","valueRequired":true,"valueName":"search_term_string"}}],"inLanguage":"fi"}]}},"_links":{"self":[{"href":"https:\/\/sey.fi\/lantisen-uudenmaan-elainsuojeluyhdistys\/wp-json\/wp\/v2\/pages\/1358","targetHints":{"allow":["GET"]}}],"collection":[{"href":"https:\/\/sey.fi\/lantisen-uudenmaan-elainsuojeluyhdistys\/wp-json\/wp\/v2\/pages"}],"about":[{"href":"https:\/\/sey.fi\/lantisen-uudenmaan-elainsuojeluyhdistys\/wp-json\/wp\/v2\/types\/page"}],"author":[{"embeddable":true,"href":"https:\/\/sey.fi\/lantisen-uudenmaan-elainsuojeluyhdistys\/wp-json\/wp\/v2\/users\/10"}],"replies":[{"embeddable":true,"href":"https:\/\/sey.fi\/lantisen-uudenmaan-elainsuojeluyhdistys\/wp-json\/wp\/v2\/comments?post=1358"}],"version-history":[{"count":4,"href":"https:\/\/sey.fi\/lantisen-uudenmaan-elainsuojeluyhdistys\/wp-json\/wp\/v2\/pages\/1358\/revisions"}],"predecessor-version":[{"id":1372,"href":"https:\/\/sey.fi\/lantisen-uudenmaan-elainsuojeluyhdistys\/wp-json\/wp\/v2\/pages\/1358\/revisions\/1372"}],"wp:attachment":[{"href":"https:\/\/sey.fi\/lantisen-uudenmaan-elainsuojeluyhdistys\/wp-json\/wp\/v2\/media?parent=1358"}],"curies":[{"name":"wp","href":"https:\/\/api.w.org\/{rel}","templated":true}]}}