{"id":153,"date":"2019-10-14T13:59:33","date_gmt":"2019-10-14T10:59:33","guid":{"rendered":"http:\/\/srvr10.xetpoint.com\/~seyfi\/lantisen-uudenmaan-elainsuojeluyhdistys\/?page_id=153"},"modified":"2025-07-26T14:29:02","modified_gmt":"2025-07-26T11:29:02","slug":"testisivu-2","status":"publish","type":"page","link":"https:\/\/sey.fi\/lantisen-uudenmaan-elainsuojeluyhdistys\/testisivu-2\/","title":{"rendered":"Yhdistys"},"content":{"rendered":"\n<h1 class=\"wp-block-heading\">L\u00e4ntisen Uudenmaan el\u00e4insuojeluyhdistys, LUE Ry<\/h1>\n\n\n\n<p>L\u00e4ntisen Uudenmaan el\u00e4insuojeluyhdistys LUE Ry on vuonna 2003 perustettu yhdistys, jonka tarkoituksena on edist\u00e4\u00e4 el\u00e4inten hyvinvointia ja hyv\u00e4\u00e4 kohtelua sek\u00e4 suojella el\u00e4imi\u00e4 k\u00e4rsimykselt\u00e4. Me pyrimme vaikuttamaan el\u00e4insuojelulains\u00e4\u00e4d\u00e4nt\u00f6\u00f6n sek\u00e4 viranomaisten p\u00e4\u00e4t\u00f6ksiin ja toimintaan el\u00e4inten hyv\u00e4\u00e4 kohtelua edist\u00e4vill\u00e4 ehdotuksilla ja kannanotoilla. <br><br>Kehit\u00e4mme yhteistoimintaa muiden el\u00e4insuojeluty\u00f6t\u00e4 tekevien tahojen kanssa ja neuvomme sek\u00e4 opastamme lemmikin omistajia (tai sellaiseksi pyrkivi\u00e4) toimimaan el\u00e4inten hyvinvointia edist\u00e4v\u00e4ll\u00e4 tavalla.<br><br>Toimintamme ytimess\u00e4 ja olennaisin arvomme on rakkaus ja arvostus el\u00e4imi\u00e4 sek\u00e4 luontoa kohtaan. Kaikessa toiminnassamme pyrimme lis\u00e4\u00e4m\u00e4\u00e4n ja edist\u00e4m\u00e4\u00e4n n\u00e4it\u00e4 arvoja.<\/p>\n\n\n\n<p>El\u00e4insuojeluyhdistyksen varsinaiset j\u00e4senet sek\u00e4 ainais-, nuoriso- (alle 15v) ja kannatusj\u00e4senet hyv\u00e4ksyy hakemuksesta yhdistyksen hallitus.<\/p>\n\n\n\n<p>L\u00e4ntisen Uudenmaan El\u00e4insuojeluyhdistys LUE Rylle on my\u00f6nnetty rahanker\u00e4yslupa. Halutessasi tukea toimintaamme rahalahjoituksella, voit tehd\u00e4 lahjoituksen tilillemme FI1040060010339386 tai Mobilepay lyhytnumerolla 97741. Rahanker\u00e4yslupa nro RA\/2025\/703.<\/p>\n\n\n\n<p>Kaikki ker\u00e4tyt lahjoitusvarat k\u00e4ytet\u00e4\u00e4n l\u00f6yt\u00f6el\u00e4inten hoidon kustannuksiin; esimerkiksi el\u00e4inl\u00e4\u00e4k\u00e4rikuluihin, el\u00e4inten ruokiin sek\u00e4 tarvikkeisiin ja yleisiin l\u00f6yt\u00f6el\u00e4intalon py\u00f6ritt\u00e4misen tarvikkeisiin.<\/p>\n\n\n\n<ul class=\"wp-block-list\"><\/ul>\n\n\n\n<p><\/p>\n\n\n\n<p><\/p>\n","protected":false},"excerpt":{"rendered":"<p>L\u00e4ntisen Uudenmaan el\u00e4insuojeluyhdistys, LUE Ry L\u00e4ntisen Uudenmaan el\u00e4insuojeluyhdistys LUE Ry on vuonna 2003 perustettu yhdistys, jonka tarkoituksena on edist\u00e4\u00e4 el\u00e4inten hyvinvointia ja hyv\u00e4\u00e4 kohtelua sek\u00e4 suojella el\u00e4imi\u00e4 k\u00e4rsimykselt\u00e4. Me pyrimme vaikuttamaan el\u00e4insuojelulains\u00e4\u00e4d\u00e4nt\u00f6\u00f6n sek\u00e4 viranomaisten p\u00e4\u00e4t\u00f6ksiin ja toimintaan el\u00e4inten hyv\u00e4\u00e4 kohtelua edist\u00e4vill\u00e4 ehdotuksilla ja kannanotoilla. Kehit\u00e4mme yhteistoimintaa muiden el\u00e4insuojeluty\u00f6t\u00e4 tekevien tahojen kanssa ja neuvomme sek\u00e4 opastamme [&hellip;]<\/p>\n","protected":false},"author":8,"featured_media":0,"parent":0,"menu_order":0,"comment_status":"closed","ping_status":"closed","template":"","meta":{"_acf_changed":false,"footnotes":""},"class_list":["post-153","page","type-page","status-publish","hentry"],"acf":[],"yoast_head":"<!-- This site is optimized with the Yoast SEO plugin v27.1.1 - https:\/\/yoast.com\/product\/yoast-seo-wordpress\/ -->\n<title>Yhdistys - L\u00e4ntisen Uudenmaan el\u00e4insuojeluyhdistys<\/title>\n<meta name=\"robots\" content=\"index, follow, max-snippet:-1, max-image-preview:large, max-video-preview:-1\" \/>\n<link rel=\"canonical\" href=\"https:\/\/sey.fi\/lantisen-uudenmaan-elainsuojeluyhdistys\/testisivu-2\/\" \/>\n<meta property=\"og:locale\" content=\"fi_FI\" \/>\n<meta property=\"og:type\" content=\"article\" \/>\n<meta property=\"og:title\" content=\"Yhdistys - L\u00e4ntisen Uudenmaan el\u00e4insuojeluyhdistys\" \/>\n<meta property=\"og:description\" content=\"L\u00e4ntisen Uudenmaan el\u00e4insuojeluyhdistys, LUE Ry L\u00e4ntisen Uudenmaan el\u00e4insuojeluyhdistys LUE Ry on vuonna 2003 perustettu yhdistys, jonka tarkoituksena on edist\u00e4\u00e4 el\u00e4inten hyvinvointia ja hyv\u00e4\u00e4 kohtelua sek\u00e4 suojella el\u00e4imi\u00e4 k\u00e4rsimykselt\u00e4. Me pyrimme vaikuttamaan el\u00e4insuojelulains\u00e4\u00e4d\u00e4nt\u00f6\u00f6n sek\u00e4 viranomaisten p\u00e4\u00e4t\u00f6ksiin ja toimintaan el\u00e4inten hyv\u00e4\u00e4 kohtelua edist\u00e4vill\u00e4 ehdotuksilla ja kannanotoilla. Kehit\u00e4mme yhteistoimintaa muiden el\u00e4insuojeluty\u00f6t\u00e4 tekevien tahojen kanssa ja neuvomme sek\u00e4 opastamme [&hellip;]\" \/>\n<meta property=\"og:url\" content=\"https:\/\/sey.fi\/lantisen-uudenmaan-elainsuojeluyhdistys\/testisivu-2\/\" \/>\n<meta property=\"og:site_name\" content=\"L\u00e4ntisen Uudenmaan el\u00e4insuojeluyhdistys\" \/>\n<meta property=\"article:modified_time\" content=\"2025-07-26T11:29:02+00:00\" \/>\n<meta name=\"twitter:card\" content=\"summary_large_image\" \/>\n<meta name=\"twitter:label1\" content=\"Arvioitu lukuaika\" \/>\n\t<meta name=\"twitter:data1\" content=\"1 minuutti\" \/>\n<script type=\"application\/ld+json\" class=\"yoast-schema-graph\">{\"@context\":\"https:\/\/schema.org\",\"@graph\":[{\"@type\":\"WebPage\",\"@id\":\"https:\/\/sey.fi\/lantisen-uudenmaan-elainsuojeluyhdistys\/testisivu-2\/\",\"url\":\"https:\/\/sey.fi\/lantisen-uudenmaan-elainsuojeluyhdistys\/testisivu-2\/\",\"name\":\"Yhdistys - L\u00e4ntisen Uudenmaan el\u00e4insuojeluyhdistys\",\"isPartOf\":{\"@id\":\"https:\/\/sey.fi\/lantisen-uudenmaan-elainsuojeluyhdistys\/#website\"},\"datePublished\":\"2019-10-14T10:59:33+00:00\",\"dateModified\":\"2025-07-26T11:29:02+00:00\",\"breadcrumb\":{\"@id\":\"https:\/\/sey.fi\/lantisen-uudenmaan-elainsuojeluyhdistys\/testisivu-2\/#breadcrumb\"},\"inLanguage\":\"fi\",\"potentialAction\":[{\"@type\":\"ReadAction\",\"target\":[\"https:\/\/sey.fi\/lantisen-uudenmaan-elainsuojeluyhdistys\/testisivu-2\/\"]}]},{\"@type\":\"BreadcrumbList\",\"@id\":\"https:\/\/sey.fi\/lantisen-uudenmaan-elainsuojeluyhdistys\/testisivu-2\/#breadcrumb\",\"itemListElement\":[{\"@type\":\"ListItem\",\"position\":1,\"name\":\"Home\",\"item\":\"https:\/\/sey.fi\/lantisen-uudenmaan-elainsuojeluyhdistys\/\"},{\"@type\":\"ListItem\",\"position\":2,\"name\":\"Yhdistys\"}]},{\"@type\":\"WebSite\",\"@id\":\"https:\/\/sey.fi\/lantisen-uudenmaan-elainsuojeluyhdistys\/#website\",\"url\":\"https:\/\/sey.fi\/lantisen-uudenmaan-elainsuojeluyhdistys\/\",\"name\":\"L\u00e4ntisen Uudenmaan el\u00e4insuojeluyhdistys\",\"description\":\"Uusi SEY J\u00e4senyhdistykset -sivusto\",\"potentialAction\":[{\"@type\":\"SearchAction\",\"target\":{\"@type\":\"EntryPoint\",\"urlTemplate\":\"https:\/\/sey.fi\/lantisen-uudenmaan-elainsuojeluyhdistys\/?s={search_term_string}\"},\"query-input\":{\"@type\":\"PropertyValueSpecification\",\"valueRequired\":true,\"valueName\":\"search_term_string\"}}],\"inLanguage\":\"fi\"}]}<\/script>\n<!-- \/ Yoast SEO plugin. -->","yoast_head_json":{"title":"Yhdistys - L\u00e4ntisen Uudenmaan el\u00e4insuojeluyhdistys","robots":{"index":"index","follow":"follow","max-snippet":"max-snippet:-1","max-image-preview":"max-image-preview:large","max-video-preview":"max-video-preview:-1"},"canonical":"https:\/\/sey.fi\/lantisen-uudenmaan-elainsuojeluyhdistys\/testisivu-2\/","og_locale":"fi_FI","og_type":"article","og_title":"Yhdistys - L\u00e4ntisen Uudenmaan el\u00e4insuojeluyhdistys","og_description":"L\u00e4ntisen Uudenmaan el\u00e4insuojeluyhdistys, LUE Ry L\u00e4ntisen Uudenmaan el\u00e4insuojeluyhdistys LUE Ry on vuonna 2003 perustettu yhdistys, jonka tarkoituksena on edist\u00e4\u00e4 el\u00e4inten hyvinvointia ja hyv\u00e4\u00e4 kohtelua sek\u00e4 suojella el\u00e4imi\u00e4 k\u00e4rsimykselt\u00e4. Me pyrimme vaikuttamaan el\u00e4insuojelulains\u00e4\u00e4d\u00e4nt\u00f6\u00f6n sek\u00e4 viranomaisten p\u00e4\u00e4t\u00f6ksiin ja toimintaan el\u00e4inten hyv\u00e4\u00e4 kohtelua edist\u00e4vill\u00e4 ehdotuksilla ja kannanotoilla. Kehit\u00e4mme yhteistoimintaa muiden el\u00e4insuojeluty\u00f6t\u00e4 tekevien tahojen kanssa ja neuvomme sek\u00e4 opastamme [&hellip;]","og_url":"https:\/\/sey.fi\/lantisen-uudenmaan-elainsuojeluyhdistys\/testisivu-2\/","og_site_name":"L\u00e4ntisen Uudenmaan el\u00e4insuojeluyhdistys","article_modified_time":"2025-07-26T11:29:02+00:00","twitter_card":"summary_large_image","twitter_misc":{"Arvioitu lukuaika":"1 minuutti"},"schema":{"@context":"https:\/\/schema.org","@graph":[{"@type":"WebPage","@id":"https:\/\/sey.fi\/lantisen-uudenmaan-elainsuojeluyhdistys\/testisivu-2\/","url":"https:\/\/sey.fi\/lantisen-uudenmaan-elainsuojeluyhdistys\/testisivu-2\/","name":"Yhdistys - L\u00e4ntisen Uudenmaan el\u00e4insuojeluyhdistys","isPartOf":{"@id":"https:\/\/sey.fi\/lantisen-uudenmaan-elainsuojeluyhdistys\/#website"},"datePublished":"2019-10-14T10:59:33+00:00","dateModified":"2025-07-26T11:29:02+00:00","breadcrumb":{"@id":"https:\/\/sey.fi\/lantisen-uudenmaan-elainsuojeluyhdistys\/testisivu-2\/#breadcrumb"},"inLanguage":"fi","potentialAction":[{"@type":"ReadAction","target":["https:\/\/sey.fi\/lantisen-uudenmaan-elainsuojeluyhdistys\/testisivu-2\/"]}]},{"@type":"BreadcrumbList","@id":"https:\/\/sey.fi\/lantisen-uudenmaan-elainsuojeluyhdistys\/testisivu-2\/#breadcrumb","itemListElement":[{"@type":"ListItem","position":1,"name":"Home","item":"https:\/\/sey.fi\/lantisen-uudenmaan-elainsuojeluyhdistys\/"},{"@type":"ListItem","position":2,"name":"Yhdistys"}]},{"@type":"WebSite","@id":"https:\/\/sey.fi\/lantisen-uudenmaan-elainsuojeluyhdistys\/#website","url":"https:\/\/sey.fi\/lantisen-uudenmaan-elainsuojeluyhdistys\/","name":"L\u00e4ntisen Uudenmaan el\u00e4insuojeluyhdistys","description":"Uusi SEY J\u00e4senyhdistykset -sivusto","potentialAction":[{"@type":"SearchAction","target":{"@type":"EntryPoint","urlTemplate":"https:\/\/sey.fi\/lantisen-uudenmaan-elainsuojeluyhdistys\/?s={search_term_string}"},"query-input":{"@type":"PropertyValueSpecification","valueRequired":true,"valueName":"search_term_string"}}],"inLanguage":"fi"}]}},"_links":{"self":[{"href":"https:\/\/sey.fi\/lantisen-uudenmaan-elainsuojeluyhdistys\/wp-json\/wp\/v2\/pages\/153","targetHints":{"allow":["GET"]}}],"collection":[{"href":"https:\/\/sey.fi\/lantisen-uudenmaan-elainsuojeluyhdistys\/wp-json\/wp\/v2\/pages"}],"about":[{"href":"https:\/\/sey.fi\/lantisen-uudenmaan-elainsuojeluyhdistys\/wp-json\/wp\/v2\/types\/page"}],"author":[{"embeddable":true,"href":"https:\/\/sey.fi\/lantisen-uudenmaan-elainsuojeluyhdistys\/wp-json\/wp\/v2\/users\/8"}],"replies":[{"embeddable":true,"href":"https:\/\/sey.fi\/lantisen-uudenmaan-elainsuojeluyhdistys\/wp-json\/wp\/v2\/comments?post=153"}],"version-history":[{"count":12,"href":"https:\/\/sey.fi\/lantisen-uudenmaan-elainsuojeluyhdistys\/wp-json\/wp\/v2\/pages\/153\/revisions"}],"predecessor-version":[{"id":1353,"href":"https:\/\/sey.fi\/lantisen-uudenmaan-elainsuojeluyhdistys\/wp-json\/wp\/v2\/pages\/153\/revisions\/1353"}],"wp:attachment":[{"href":"https:\/\/sey.fi\/lantisen-uudenmaan-elainsuojeluyhdistys\/wp-json\/wp\/v2\/media?parent=153"}],"curies":[{"name":"wp","href":"https:\/\/api.w.org\/{rel}","templated":true}]}}