{"id":172,"date":"2019-10-22T13:33:51","date_gmt":"2019-10-22T10:33:51","guid":{"rendered":"http:\/\/srvr10.xetpoint.com\/~seyfi\/lantisen-uudenmaan-elainsuojeluyhdistys\/?page_id=172"},"modified":"2019-10-22T15:17:41","modified_gmt":"2019-10-22T12:17:41","slug":"lue-ry-aloittaa-toimintansa-1-1-2019-karkkilan-loytoelainten-vastaanottotahona","status":"publish","type":"page","link":"https:\/\/sey.fi\/lantisen-uudenmaan-elainsuojeluyhdistys\/testisivu\/lue-ry-aloittaa-toimintansa-1-1-2019-karkkilan-loytoelainten-vastaanottotahona\/","title":{"rendered":"LUE ry aloittaa toimintansa 1.1.2019 Karkkilan l\u00f6yt\u00f6el\u00e4inten vastaanottotahona"},"content":{"rendered":"\n<p>Aloitamme l\u00f6yt\u00f6el\u00e4intoimintamme v\u00e4liaikaisissa tiloissa Vihdiss\u00e4 osoitteessa Jokikunnantie 74, 03400 Vihti. L\u00f6yt\u00f6el\u00e4inasioissa voit ottaa yhteytt\u00e4 p\u00e4ivystyspuhelimeemme 045 7870 9101.<\/p>\n\n\n\n<p><a href=\"http:\/\/www.karkkila.fi\/sivut\/FI\/Ymparistoterveydenhuolto\">http:\/\/www.karkkila.fi\/sivut\/FI\/Ymparistoterveydenhuolto<\/a><\/p>\n","protected":false},"excerpt":{"rendered":"<p>Aloitamme l\u00f6yt\u00f6el\u00e4intoimintamme v\u00e4liaikaisissa tiloissa Vihdiss\u00e4 osoitteessa Jokikunnantie 74, 03400 Vihti. L\u00f6yt\u00f6el\u00e4inasioissa voit ottaa yhteytt\u00e4 p\u00e4ivystyspuhelimeemme 045 7870 9101. http:\/\/www.karkkila.fi\/sivut\/FI\/Ymparistoterveydenhuolto<\/p>\n","protected":false},"author":8,"featured_media":0,"parent":150,"menu_order":0,"comment_status":"closed","ping_status":"closed","template":"","meta":{"_acf_changed":false,"footnotes":""},"class_list":["post-172","page","type-page","status-publish","hentry"],"acf":[],"yoast_head":"<!-- This site is optimized with the Yoast SEO plugin v27.1.1 - https:\/\/yoast.com\/product\/yoast-seo-wordpress\/ -->\n<title>LUE ry aloittaa toimintansa 1.1.2019 Karkkilan l\u00f6yt\u00f6el\u00e4inten vastaanottotahona - L\u00e4ntisen Uudenmaan el\u00e4insuojeluyhdistys<\/title>\n<meta name=\"robots\" content=\"index, follow, max-snippet:-1, max-image-preview:large, max-video-preview:-1\" \/>\n<link rel=\"canonical\" href=\"https:\/\/sey.fi\/lantisen-uudenmaan-elainsuojeluyhdistys\/testisivu\/lue-ry-aloittaa-toimintansa-1-1-2019-karkkilan-loytoelainten-vastaanottotahona\/\" \/>\n<meta property=\"og:locale\" content=\"fi_FI\" \/>\n<meta property=\"og:type\" content=\"article\" \/>\n<meta property=\"og:title\" content=\"LUE ry aloittaa toimintansa 1.1.2019 Karkkilan l\u00f6yt\u00f6el\u00e4inten vastaanottotahona - L\u00e4ntisen Uudenmaan el\u00e4insuojeluyhdistys\" \/>\n<meta property=\"og:description\" content=\"Aloitamme l\u00f6yt\u00f6el\u00e4intoimintamme v\u00e4liaikaisissa tiloissa Vihdiss\u00e4 osoitteessa Jokikunnantie 74, 03400 Vihti. L\u00f6yt\u00f6el\u00e4inasioissa voit ottaa yhteytt\u00e4 p\u00e4ivystyspuhelimeemme 045 7870 9101. http:\/\/www.karkkila.fi\/sivut\/FI\/Ymparistoterveydenhuolto\" \/>\n<meta property=\"og:url\" content=\"https:\/\/sey.fi\/lantisen-uudenmaan-elainsuojeluyhdistys\/testisivu\/lue-ry-aloittaa-toimintansa-1-1-2019-karkkilan-loytoelainten-vastaanottotahona\/\" \/>\n<meta property=\"og:site_name\" content=\"L\u00e4ntisen Uudenmaan el\u00e4insuojeluyhdistys\" \/>\n<meta property=\"article:modified_time\" content=\"2019-10-22T12:17:41+00:00\" \/>\n<meta name=\"twitter:card\" content=\"summary_large_image\" \/>\n<script type=\"application\/ld+json\" class=\"yoast-schema-graph\">{\"@context\":\"https:\/\/schema.org\",\"@graph\":[{\"@type\":\"WebPage\",\"@id\":\"https:\/\/sey.fi\/lantisen-uudenmaan-elainsuojeluyhdistys\/testisivu\/lue-ry-aloittaa-toimintansa-1-1-2019-karkkilan-loytoelainten-vastaanottotahona\/\",\"url\":\"https:\/\/sey.fi\/lantisen-uudenmaan-elainsuojeluyhdistys\/testisivu\/lue-ry-aloittaa-toimintansa-1-1-2019-karkkilan-loytoelainten-vastaanottotahona\/\",\"name\":\"LUE ry aloittaa toimintansa 1.1.2019 Karkkilan l\u00f6yt\u00f6el\u00e4inten vastaanottotahona - L\u00e4ntisen Uudenmaan el\u00e4insuojeluyhdistys\",\"isPartOf\":{\"@id\":\"https:\/\/sey.fi\/lantisen-uudenmaan-elainsuojeluyhdistys\/#website\"},\"datePublished\":\"2019-10-22T10:33:51+00:00\",\"dateModified\":\"2019-10-22T12:17:41+00:00\",\"breadcrumb\":{\"@id\":\"https:\/\/sey.fi\/lantisen-uudenmaan-elainsuojeluyhdistys\/testisivu\/lue-ry-aloittaa-toimintansa-1-1-2019-karkkilan-loytoelainten-vastaanottotahona\/#breadcrumb\"},\"inLanguage\":\"fi\",\"potentialAction\":[{\"@type\":\"ReadAction\",\"target\":[\"https:\/\/sey.fi\/lantisen-uudenmaan-elainsuojeluyhdistys\/testisivu\/lue-ry-aloittaa-toimintansa-1-1-2019-karkkilan-loytoelainten-vastaanottotahona\/\"]}]},{\"@type\":\"BreadcrumbList\",\"@id\":\"https:\/\/sey.fi\/lantisen-uudenmaan-elainsuojeluyhdistys\/testisivu\/lue-ry-aloittaa-toimintansa-1-1-2019-karkkilan-loytoelainten-vastaanottotahona\/#breadcrumb\",\"itemListElement\":[{\"@type\":\"ListItem\",\"position\":1,\"name\":\"Home\",\"item\":\"https:\/\/sey.fi\/lantisen-uudenmaan-elainsuojeluyhdistys\/\"},{\"@type\":\"ListItem\",\"position\":2,\"name\":\"Muut\",\"item\":\"https:\/\/sey.fi\/lantisen-uudenmaan-elainsuojeluyhdistys\/testisivu\/\"},{\"@type\":\"ListItem\",\"position\":3,\"name\":\"LUE ry aloittaa toimintansa 1.1.2019 Karkkilan l\u00f6yt\u00f6el\u00e4inten vastaanottotahona\"}]},{\"@type\":\"WebSite\",\"@id\":\"https:\/\/sey.fi\/lantisen-uudenmaan-elainsuojeluyhdistys\/#website\",\"url\":\"https:\/\/sey.fi\/lantisen-uudenmaan-elainsuojeluyhdistys\/\",\"name\":\"L\u00e4ntisen Uudenmaan el\u00e4insuojeluyhdistys\",\"description\":\"Uusi SEY J\u00e4senyhdistykset -sivusto\",\"potentialAction\":[{\"@type\":\"SearchAction\",\"target\":{\"@type\":\"EntryPoint\",\"urlTemplate\":\"https:\/\/sey.fi\/lantisen-uudenmaan-elainsuojeluyhdistys\/?s={search_term_string}\"},\"query-input\":{\"@type\":\"PropertyValueSpecification\",\"valueRequired\":true,\"valueName\":\"search_term_string\"}}],\"inLanguage\":\"fi\"}]}<\/script>\n<!-- \/ Yoast SEO plugin. -->","yoast_head_json":{"title":"LUE ry aloittaa toimintansa 1.1.2019 Karkkilan l\u00f6yt\u00f6el\u00e4inten vastaanottotahona - L\u00e4ntisen Uudenmaan el\u00e4insuojeluyhdistys","robots":{"index":"index","follow":"follow","max-snippet":"max-snippet:-1","max-image-preview":"max-image-preview:large","max-video-preview":"max-video-preview:-1"},"canonical":"https:\/\/sey.fi\/lantisen-uudenmaan-elainsuojeluyhdistys\/testisivu\/lue-ry-aloittaa-toimintansa-1-1-2019-karkkilan-loytoelainten-vastaanottotahona\/","og_locale":"fi_FI","og_type":"article","og_title":"LUE ry aloittaa toimintansa 1.1.2019 Karkkilan l\u00f6yt\u00f6el\u00e4inten vastaanottotahona - L\u00e4ntisen Uudenmaan el\u00e4insuojeluyhdistys","og_description":"Aloitamme l\u00f6yt\u00f6el\u00e4intoimintamme v\u00e4liaikaisissa tiloissa Vihdiss\u00e4 osoitteessa Jokikunnantie 74, 03400 Vihti. L\u00f6yt\u00f6el\u00e4inasioissa voit ottaa yhteytt\u00e4 p\u00e4ivystyspuhelimeemme 045 7870 9101. http:\/\/www.karkkila.fi\/sivut\/FI\/Ymparistoterveydenhuolto","og_url":"https:\/\/sey.fi\/lantisen-uudenmaan-elainsuojeluyhdistys\/testisivu\/lue-ry-aloittaa-toimintansa-1-1-2019-karkkilan-loytoelainten-vastaanottotahona\/","og_site_name":"L\u00e4ntisen Uudenmaan el\u00e4insuojeluyhdistys","article_modified_time":"2019-10-22T12:17:41+00:00","twitter_card":"summary_large_image","schema":{"@context":"https:\/\/schema.org","@graph":[{"@type":"WebPage","@id":"https:\/\/sey.fi\/lantisen-uudenmaan-elainsuojeluyhdistys\/testisivu\/lue-ry-aloittaa-toimintansa-1-1-2019-karkkilan-loytoelainten-vastaanottotahona\/","url":"https:\/\/sey.fi\/lantisen-uudenmaan-elainsuojeluyhdistys\/testisivu\/lue-ry-aloittaa-toimintansa-1-1-2019-karkkilan-loytoelainten-vastaanottotahona\/","name":"LUE ry aloittaa toimintansa 1.1.2019 Karkkilan l\u00f6yt\u00f6el\u00e4inten vastaanottotahona - L\u00e4ntisen Uudenmaan el\u00e4insuojeluyhdistys","isPartOf":{"@id":"https:\/\/sey.fi\/lantisen-uudenmaan-elainsuojeluyhdistys\/#website"},"datePublished":"2019-10-22T10:33:51+00:00","dateModified":"2019-10-22T12:17:41+00:00","breadcrumb":{"@id":"https:\/\/sey.fi\/lantisen-uudenmaan-elainsuojeluyhdistys\/testisivu\/lue-ry-aloittaa-toimintansa-1-1-2019-karkkilan-loytoelainten-vastaanottotahona\/#breadcrumb"},"inLanguage":"fi","potentialAction":[{"@type":"ReadAction","target":["https:\/\/sey.fi\/lantisen-uudenmaan-elainsuojeluyhdistys\/testisivu\/lue-ry-aloittaa-toimintansa-1-1-2019-karkkilan-loytoelainten-vastaanottotahona\/"]}]},{"@type":"BreadcrumbList","@id":"https:\/\/sey.fi\/lantisen-uudenmaan-elainsuojeluyhdistys\/testisivu\/lue-ry-aloittaa-toimintansa-1-1-2019-karkkilan-loytoelainten-vastaanottotahona\/#breadcrumb","itemListElement":[{"@type":"ListItem","position":1,"name":"Home","item":"https:\/\/sey.fi\/lantisen-uudenmaan-elainsuojeluyhdistys\/"},{"@type":"ListItem","position":2,"name":"Muut","item":"https:\/\/sey.fi\/lantisen-uudenmaan-elainsuojeluyhdistys\/testisivu\/"},{"@type":"ListItem","position":3,"name":"LUE ry aloittaa toimintansa 1.1.2019 Karkkilan l\u00f6yt\u00f6el\u00e4inten vastaanottotahona"}]},{"@type":"WebSite","@id":"https:\/\/sey.fi\/lantisen-uudenmaan-elainsuojeluyhdistys\/#website","url":"https:\/\/sey.fi\/lantisen-uudenmaan-elainsuojeluyhdistys\/","name":"L\u00e4ntisen Uudenmaan el\u00e4insuojeluyhdistys","description":"Uusi SEY J\u00e4senyhdistykset -sivusto","potentialAction":[{"@type":"SearchAction","target":{"@type":"EntryPoint","urlTemplate":"https:\/\/sey.fi\/lantisen-uudenmaan-elainsuojeluyhdistys\/?s={search_term_string}"},"query-input":{"@type":"PropertyValueSpecification","valueRequired":true,"valueName":"search_term_string"}}],"inLanguage":"fi"}]}},"_links":{"self":[{"href":"https:\/\/sey.fi\/lantisen-uudenmaan-elainsuojeluyhdistys\/wp-json\/wp\/v2\/pages\/172","targetHints":{"allow":["GET"]}}],"collection":[{"href":"https:\/\/sey.fi\/lantisen-uudenmaan-elainsuojeluyhdistys\/wp-json\/wp\/v2\/pages"}],"about":[{"href":"https:\/\/sey.fi\/lantisen-uudenmaan-elainsuojeluyhdistys\/wp-json\/wp\/v2\/types\/page"}],"author":[{"embeddable":true,"href":"https:\/\/sey.fi\/lantisen-uudenmaan-elainsuojeluyhdistys\/wp-json\/wp\/v2\/users\/8"}],"replies":[{"embeddable":true,"href":"https:\/\/sey.fi\/lantisen-uudenmaan-elainsuojeluyhdistys\/wp-json\/wp\/v2\/comments?post=172"}],"version-history":[{"count":1,"href":"https:\/\/sey.fi\/lantisen-uudenmaan-elainsuojeluyhdistys\/wp-json\/wp\/v2\/pages\/172\/revisions"}],"predecessor-version":[{"id":173,"href":"https:\/\/sey.fi\/lantisen-uudenmaan-elainsuojeluyhdistys\/wp-json\/wp\/v2\/pages\/172\/revisions\/173"}],"up":[{"embeddable":true,"href":"https:\/\/sey.fi\/lantisen-uudenmaan-elainsuojeluyhdistys\/wp-json\/wp\/v2\/pages\/150"}],"wp:attachment":[{"href":"https:\/\/sey.fi\/lantisen-uudenmaan-elainsuojeluyhdistys\/wp-json\/wp\/v2\/media?parent=172"}],"curies":[{"name":"wp","href":"https:\/\/api.w.org\/{rel}","templated":true}]}}