{"id":205,"date":"2019-10-22T15:49:12","date_gmt":"2019-10-22T12:49:12","guid":{"rendered":"http:\/\/srvr10.xetpoint.com\/~seyfi\/lantisen-uudenmaan-elainsuojeluyhdistys\/?page_id=205"},"modified":"2025-07-26T13:53:57","modified_gmt":"2025-07-26T10:53:57","slug":"kotia-etsivat-elaimet","status":"publish","type":"page","link":"https:\/\/sey.fi\/lantisen-uudenmaan-elainsuojeluyhdistys\/kotia-etsivat-elaimet\/","title":{"rendered":"Vapaaehtoiseksi?"},"content":{"rendered":"\n<p>Hei el\u00e4intenyst\u00e4v\u00e4 \u2014 haluaisitko liitty\u00e4 iloiseen joukkoomme tekem\u00e4\u00e4n vapaaehtoisty\u00f6t\u00e4 el\u00e4inten parissa? Meid\u00e4n yhdistyst\u00e4 ja l\u00f6yt\u00f6el\u00e4intalon arkea py\u00f6ritt\u00e4\u00e4 pieni vapaaehtoisporukka ja otamme ilolla mukaan uusia vapaaehtoisia!<\/p>\n\n\n\n<p><strong>Mit\u00e4 vapaaehtoisty\u00f6 L\u00e4ntisen Uudenmaan el\u00e4insuojeluyhdistyksell\u00e4 sis\u00e4lt\u00e4\u00e4?<br><\/strong><img loading=\"lazy\" decoding=\"async\" height=\"16\" width=\"16\" src=\"https:\/\/static.xx.fbcdn.net\/images\/emoji.php\/v9\/tde\/1\/16\/1f43e.png\" alt=\"\ud83d\udc3e\"> Talon arkea py\u00f6ritet\u00e4\u00e4n aamu- ja iltavuoroilla viikon jokaisena p\u00e4iv\u00e4n\u00e4. Pyrimme miehitt\u00e4m\u00e4\u00e4n jokaisen vuoron v\u00e4hint\u00e4\u00e4n kahdella vaparilla, jotta vuorot sujuvat jouhevasti!<br><img loading=\"lazy\" decoding=\"async\" height=\"16\" width=\"16\" src=\"https:\/\/static.xx.fbcdn.net\/images\/emoji.php\/v9\/tde\/1\/16\/1f43e.png\" alt=\"\ud83d\udc3e\"> Jokaisessa vuorossa huolehditaan l\u00f6ytiksen asukkaiden perustarpeista: tarkistetaan el\u00e4inten vointi, ruokitaan el\u00e4imet, siivotaan kissojen hiekkalaatikot ja yleisesti asuintilat, huolehditaan mahdolliset l\u00e4\u00e4kitykset ja tietysti sosialisoidaan el\u00e4inten kanssa! <img loading=\"lazy\" decoding=\"async\" height=\"16\" width=\"16\" src=\"https:\/\/static.xx.fbcdn.net\/images\/emoji.php\/v9\/t68\/1\/16\/1f495.png\" alt=\"\ud83d\udc95\"> T\u00e4ll\u00e4 hetkell\u00e4 talolla on vain kissoja, mutta silloin t\u00e4ll\u00f6in hoidettavana on my\u00f6s pienel\u00e4imi\u00e4 ja koiria, jolloin esimerkiksi koirien ulkoilutus kuuluu vuoroihin. <br><img loading=\"lazy\" decoding=\"async\" height=\"16\" width=\"16\" src=\"https:\/\/static.xx.fbcdn.net\/images\/emoji.php\/v9\/tde\/1\/16\/1f43e.png\" alt=\"\ud83d\udc3e\"> L\u00f6ytiksen arjen py\u00f6ritt\u00e4misen lis\u00e4ksi LUE osallistuu erilaisiin tapahtumiin myynti-\/infop\u00f6yd\u00e4n kera ja n\u00e4ihin tapahtumiin voi halutessaan tulla mukaan puuhastelemaan! Lis\u00e4ksi \u2014 mik\u00e4li sinulla on k\u00e4dentaitoja \u2014 otamme enemm\u00e4n kuin mieluusti vastaan k\u00e4sintehtyj\u00e4 kannatustuotteita myyt\u00e4v\u00e4ksi.<\/p>\n\n\n\n<p><strong>Mit\u00e4 vaatimuksia meill\u00e4 on vapaaehtoisille? <br><\/strong><img loading=\"lazy\" decoding=\"async\" height=\"16\" width=\"16\" src=\"https:\/\/static.xx.fbcdn.net\/images\/emoji.php\/v9\/t51\/1\/16\/2714.png\" alt=\"\u2714\ufe0f\"> Sinun tulee olla t\u00e4ysi-ik\u00e4inen (18 v)<br><img loading=\"lazy\" decoding=\"async\" height=\"16\" width=\"16\" src=\"https:\/\/static.xx.fbcdn.net\/images\/emoji.php\/v9\/t51\/1\/16\/2714.png\" alt=\"\u2714\ufe0f\"> El\u00e4imet ja niiden hyvinvoinnin tulee olla syd\u00e4nt\u00e4si l\u00e4hell\u00e4. Emme vaadi, ett\u00e4 omistat tai olet v\u00e4ltt\u00e4m\u00e4tt\u00e4 koskaan omistanut el\u00e4imi\u00e4, me opastamme kyll\u00e4 mit\u00e4 el\u00e4intenhoitoon kuuluu ja miten hommat hoidetaan. T\u00e4rkeint\u00e4 on, ett\u00e4 vuorossa otat l\u00f6ytiksen el\u00e4imille aikaa ja hoidat vuoroon kuuluvat hommat huolellisesti. Kaikki uudet vapaaehtoiset aloittavat vuorot kokeneemman vuorontekij\u00e4n kanssa ja uudet perehdytet\u00e4\u00e4n talon asioihin kunnolla.<\/p>\n\n\n\n<p><strong>Miten vapaaehtoiseksi p\u00e4\u00e4see?<br><\/strong>Laita meille viesti\u00e4 lue.tiedotus@gmail.com ja sovitaan kanssasi tutustumisvuoro! Sinun ei tarvitse sitoutua s\u00e4\u00e4nn\u00f6llisiin vuoroihin tai p\u00e4iviin, muutama tunti viikossa auttaa jo merkitt\u00e4v\u00e4sti. <img loading=\"lazy\" decoding=\"async\" height=\"16\" width=\"16\" src=\"https:\/\/static.xx.fbcdn.net\/images\/emoji.php\/v9\/t6c\/1\/16\/2764.png\" alt=\"\u2764\ufe0f\"><\/p>\n\n\n\n<p>Vapaaehtoisty\u00f6 el\u00e4insuojeluyhdistyksell\u00e4 on valtavan antoisaa \u2014 omalla toiminnallasi olet suoraan auttamassa el\u00e4imi\u00e4 kohti parempaa el\u00e4m\u00e4\u00e4!<\/p>\n\n\n\n<p>Tervetuloa mukaan!<\/p>\n","protected":false},"excerpt":{"rendered":"<p>Hei el\u00e4intenyst\u00e4v\u00e4 \u2014 haluaisitko liitty\u00e4 iloiseen joukkoomme tekem\u00e4\u00e4n vapaaehtoisty\u00f6t\u00e4 el\u00e4inten parissa? Meid\u00e4n yhdistyst\u00e4 ja l\u00f6yt\u00f6el\u00e4intalon arkea py\u00f6ritt\u00e4\u00e4 pieni vapaaehtoisporukka ja otamme ilolla mukaan uusia vapaaehtoisia! Mit\u00e4 vapaaehtoisty\u00f6 L\u00e4ntisen Uudenmaan el\u00e4insuojeluyhdistyksell\u00e4 sis\u00e4lt\u00e4\u00e4? Talon arkea py\u00f6ritet\u00e4\u00e4n aamu- ja iltavuoroilla viikon jokaisena p\u00e4iv\u00e4n\u00e4. Pyrimme miehitt\u00e4m\u00e4\u00e4n jokaisen vuoron v\u00e4hint\u00e4\u00e4n kahdella vaparilla, jotta vuorot sujuvat jouhevasti! Jokaisessa vuorossa huolehditaan l\u00f6ytiksen [&hellip;]<\/p>\n","protected":false},"author":8,"featured_media":0,"parent":0,"menu_order":0,"comment_status":"closed","ping_status":"closed","template":"","meta":{"_acf_changed":false,"footnotes":""},"class_list":["post-205","page","type-page","status-publish","hentry"],"acf":[],"yoast_head":"<!-- This site is optimized with the Yoast SEO plugin v27.1.1 - https:\/\/yoast.com\/product\/yoast-seo-wordpress\/ -->\n<title>Vapaaehtoiseksi? - L\u00e4ntisen Uudenmaan el\u00e4insuojeluyhdistys<\/title>\n<meta name=\"description\" content=\"Tutustu yhdistyksemme hoivassa oleviin, omaa kotiaan etsiviin lemmikeihin. Hoiviimme tulee jatkuvasti uusia kodin etsij\u00f6it\u00e4, ota yhteytt\u00e4!\" \/>\n<meta name=\"robots\" content=\"index, follow, max-snippet:-1, max-image-preview:large, max-video-preview:-1\" \/>\n<link rel=\"canonical\" href=\"https:\/\/sey.fi\/lantisen-uudenmaan-elainsuojeluyhdistys\/kotia-etsivat-elaimet\/\" \/>\n<meta property=\"og:locale\" content=\"fi_FI\" \/>\n<meta property=\"og:type\" content=\"article\" \/>\n<meta property=\"og:title\" content=\"Vapaaehtoiseksi? - L\u00e4ntisen Uudenmaan el\u00e4insuojeluyhdistys\" \/>\n<meta property=\"og:description\" content=\"Tutustu yhdistyksemme hoivassa oleviin, omaa kotiaan etsiviin lemmikeihin. Hoiviimme tulee jatkuvasti uusia kodin etsij\u00f6it\u00e4, ota yhteytt\u00e4!\" \/>\n<meta property=\"og:url\" content=\"https:\/\/sey.fi\/lantisen-uudenmaan-elainsuojeluyhdistys\/kotia-etsivat-elaimet\/\" \/>\n<meta property=\"og:site_name\" content=\"L\u00e4ntisen Uudenmaan el\u00e4insuojeluyhdistys\" \/>\n<meta property=\"article:modified_time\" content=\"2025-07-26T10:53:57+00:00\" \/>\n<meta property=\"og:image\" content=\"https:\/\/static.xx.fbcdn.net\/images\/emoji.php\/v9\/tde\/1\/16\/1f43e.png\" \/>\n<meta name=\"twitter:card\" content=\"summary_large_image\" \/>\n<meta name=\"twitter:label1\" content=\"Arvioitu lukuaika\" \/>\n\t<meta name=\"twitter:data1\" content=\"3 minuuttia\" \/>\n<script type=\"application\/ld+json\" class=\"yoast-schema-graph\">{\"@context\":\"https:\/\/schema.org\",\"@graph\":[{\"@type\":\"WebPage\",\"@id\":\"https:\/\/sey.fi\/lantisen-uudenmaan-elainsuojeluyhdistys\/kotia-etsivat-elaimet\/\",\"url\":\"https:\/\/sey.fi\/lantisen-uudenmaan-elainsuojeluyhdistys\/kotia-etsivat-elaimet\/\",\"name\":\"Vapaaehtoiseksi? - L\u00e4ntisen Uudenmaan el\u00e4insuojeluyhdistys\",\"isPartOf\":{\"@id\":\"https:\/\/sey.fi\/lantisen-uudenmaan-elainsuojeluyhdistys\/#website\"},\"primaryImageOfPage\":{\"@id\":\"https:\/\/sey.fi\/lantisen-uudenmaan-elainsuojeluyhdistys\/kotia-etsivat-elaimet\/#primaryimage\"},\"image\":{\"@id\":\"https:\/\/sey.fi\/lantisen-uudenmaan-elainsuojeluyhdistys\/kotia-etsivat-elaimet\/#primaryimage\"},\"thumbnailUrl\":\"https:\/\/static.xx.fbcdn.net\/images\/emoji.php\/v9\/tde\/1\/16\/1f43e.png\",\"datePublished\":\"2019-10-22T12:49:12+00:00\",\"dateModified\":\"2025-07-26T10:53:57+00:00\",\"description\":\"Tutustu yhdistyksemme hoivassa oleviin, omaa kotiaan etsiviin lemmikeihin. Hoiviimme tulee jatkuvasti uusia kodin etsij\u00f6it\u00e4, ota yhteytt\u00e4!\",\"breadcrumb\":{\"@id\":\"https:\/\/sey.fi\/lantisen-uudenmaan-elainsuojeluyhdistys\/kotia-etsivat-elaimet\/#breadcrumb\"},\"inLanguage\":\"fi\",\"potentialAction\":[{\"@type\":\"ReadAction\",\"target\":[\"https:\/\/sey.fi\/lantisen-uudenmaan-elainsuojeluyhdistys\/kotia-etsivat-elaimet\/\"]}]},{\"@type\":\"ImageObject\",\"inLanguage\":\"fi\",\"@id\":\"https:\/\/sey.fi\/lantisen-uudenmaan-elainsuojeluyhdistys\/kotia-etsivat-elaimet\/#primaryimage\",\"url\":\"https:\/\/static.xx.fbcdn.net\/images\/emoji.php\/v9\/tde\/1\/16\/1f43e.png\",\"contentUrl\":\"https:\/\/static.xx.fbcdn.net\/images\/emoji.php\/v9\/tde\/1\/16\/1f43e.png\"},{\"@type\":\"BreadcrumbList\",\"@id\":\"https:\/\/sey.fi\/lantisen-uudenmaan-elainsuojeluyhdistys\/kotia-etsivat-elaimet\/#breadcrumb\",\"itemListElement\":[{\"@type\":\"ListItem\",\"position\":1,\"name\":\"Home\",\"item\":\"https:\/\/sey.fi\/lantisen-uudenmaan-elainsuojeluyhdistys\/\"},{\"@type\":\"ListItem\",\"position\":2,\"name\":\"Vapaaehtoiseksi?\"}]},{\"@type\":\"WebSite\",\"@id\":\"https:\/\/sey.fi\/lantisen-uudenmaan-elainsuojeluyhdistys\/#website\",\"url\":\"https:\/\/sey.fi\/lantisen-uudenmaan-elainsuojeluyhdistys\/\",\"name\":\"L\u00e4ntisen Uudenmaan el\u00e4insuojeluyhdistys\",\"description\":\"Uusi SEY J\u00e4senyhdistykset -sivusto\",\"potentialAction\":[{\"@type\":\"SearchAction\",\"target\":{\"@type\":\"EntryPoint\",\"urlTemplate\":\"https:\/\/sey.fi\/lantisen-uudenmaan-elainsuojeluyhdistys\/?s={search_term_string}\"},\"query-input\":{\"@type\":\"PropertyValueSpecification\",\"valueRequired\":true,\"valueName\":\"search_term_string\"}}],\"inLanguage\":\"fi\"}]}<\/script>\n<!-- \/ Yoast SEO plugin. -->","yoast_head_json":{"title":"Vapaaehtoiseksi? - L\u00e4ntisen Uudenmaan el\u00e4insuojeluyhdistys","description":"Tutustu yhdistyksemme hoivassa oleviin, omaa kotiaan etsiviin lemmikeihin. Hoiviimme tulee jatkuvasti uusia kodin etsij\u00f6it\u00e4, ota yhteytt\u00e4!","robots":{"index":"index","follow":"follow","max-snippet":"max-snippet:-1","max-image-preview":"max-image-preview:large","max-video-preview":"max-video-preview:-1"},"canonical":"https:\/\/sey.fi\/lantisen-uudenmaan-elainsuojeluyhdistys\/kotia-etsivat-elaimet\/","og_locale":"fi_FI","og_type":"article","og_title":"Vapaaehtoiseksi? - L\u00e4ntisen Uudenmaan el\u00e4insuojeluyhdistys","og_description":"Tutustu yhdistyksemme hoivassa oleviin, omaa kotiaan etsiviin lemmikeihin. Hoiviimme tulee jatkuvasti uusia kodin etsij\u00f6it\u00e4, ota yhteytt\u00e4!","og_url":"https:\/\/sey.fi\/lantisen-uudenmaan-elainsuojeluyhdistys\/kotia-etsivat-elaimet\/","og_site_name":"L\u00e4ntisen Uudenmaan el\u00e4insuojeluyhdistys","article_modified_time":"2025-07-26T10:53:57+00:00","og_image":[{"url":"https:\/\/static.xx.fbcdn.net\/images\/emoji.php\/v9\/tde\/1\/16\/1f43e.png","type":"","width":"","height":""}],"twitter_card":"summary_large_image","twitter_misc":{"Arvioitu lukuaika":"3 minuuttia"},"schema":{"@context":"https:\/\/schema.org","@graph":[{"@type":"WebPage","@id":"https:\/\/sey.fi\/lantisen-uudenmaan-elainsuojeluyhdistys\/kotia-etsivat-elaimet\/","url":"https:\/\/sey.fi\/lantisen-uudenmaan-elainsuojeluyhdistys\/kotia-etsivat-elaimet\/","name":"Vapaaehtoiseksi? - L\u00e4ntisen Uudenmaan el\u00e4insuojeluyhdistys","isPartOf":{"@id":"https:\/\/sey.fi\/lantisen-uudenmaan-elainsuojeluyhdistys\/#website"},"primaryImageOfPage":{"@id":"https:\/\/sey.fi\/lantisen-uudenmaan-elainsuojeluyhdistys\/kotia-etsivat-elaimet\/#primaryimage"},"image":{"@id":"https:\/\/sey.fi\/lantisen-uudenmaan-elainsuojeluyhdistys\/kotia-etsivat-elaimet\/#primaryimage"},"thumbnailUrl":"https:\/\/static.xx.fbcdn.net\/images\/emoji.php\/v9\/tde\/1\/16\/1f43e.png","datePublished":"2019-10-22T12:49:12+00:00","dateModified":"2025-07-26T10:53:57+00:00","description":"Tutustu yhdistyksemme hoivassa oleviin, omaa kotiaan etsiviin lemmikeihin. Hoiviimme tulee jatkuvasti uusia kodin etsij\u00f6it\u00e4, ota yhteytt\u00e4!","breadcrumb":{"@id":"https:\/\/sey.fi\/lantisen-uudenmaan-elainsuojeluyhdistys\/kotia-etsivat-elaimet\/#breadcrumb"},"inLanguage":"fi","potentialAction":[{"@type":"ReadAction","target":["https:\/\/sey.fi\/lantisen-uudenmaan-elainsuojeluyhdistys\/kotia-etsivat-elaimet\/"]}]},{"@type":"ImageObject","inLanguage":"fi","@id":"https:\/\/sey.fi\/lantisen-uudenmaan-elainsuojeluyhdistys\/kotia-etsivat-elaimet\/#primaryimage","url":"https:\/\/static.xx.fbcdn.net\/images\/emoji.php\/v9\/tde\/1\/16\/1f43e.png","contentUrl":"https:\/\/static.xx.fbcdn.net\/images\/emoji.php\/v9\/tde\/1\/16\/1f43e.png"},{"@type":"BreadcrumbList","@id":"https:\/\/sey.fi\/lantisen-uudenmaan-elainsuojeluyhdistys\/kotia-etsivat-elaimet\/#breadcrumb","itemListElement":[{"@type":"ListItem","position":1,"name":"Home","item":"https:\/\/sey.fi\/lantisen-uudenmaan-elainsuojeluyhdistys\/"},{"@type":"ListItem","position":2,"name":"Vapaaehtoiseksi?"}]},{"@type":"WebSite","@id":"https:\/\/sey.fi\/lantisen-uudenmaan-elainsuojeluyhdistys\/#website","url":"https:\/\/sey.fi\/lantisen-uudenmaan-elainsuojeluyhdistys\/","name":"L\u00e4ntisen Uudenmaan el\u00e4insuojeluyhdistys","description":"Uusi SEY J\u00e4senyhdistykset -sivusto","potentialAction":[{"@type":"SearchAction","target":{"@type":"EntryPoint","urlTemplate":"https:\/\/sey.fi\/lantisen-uudenmaan-elainsuojeluyhdistys\/?s={search_term_string}"},"query-input":{"@type":"PropertyValueSpecification","valueRequired":true,"valueName":"search_term_string"}}],"inLanguage":"fi"}]}},"_links":{"self":[{"href":"https:\/\/sey.fi\/lantisen-uudenmaan-elainsuojeluyhdistys\/wp-json\/wp\/v2\/pages\/205","targetHints":{"allow":["GET"]}}],"collection":[{"href":"https:\/\/sey.fi\/lantisen-uudenmaan-elainsuojeluyhdistys\/wp-json\/wp\/v2\/pages"}],"about":[{"href":"https:\/\/sey.fi\/lantisen-uudenmaan-elainsuojeluyhdistys\/wp-json\/wp\/v2\/types\/page"}],"author":[{"embeddable":true,"href":"https:\/\/sey.fi\/lantisen-uudenmaan-elainsuojeluyhdistys\/wp-json\/wp\/v2\/users\/8"}],"replies":[{"embeddable":true,"href":"https:\/\/sey.fi\/lantisen-uudenmaan-elainsuojeluyhdistys\/wp-json\/wp\/v2\/comments?post=205"}],"version-history":[{"count":217,"href":"https:\/\/sey.fi\/lantisen-uudenmaan-elainsuojeluyhdistys\/wp-json\/wp\/v2\/pages\/205\/revisions"}],"predecessor-version":[{"id":1341,"href":"https:\/\/sey.fi\/lantisen-uudenmaan-elainsuojeluyhdistys\/wp-json\/wp\/v2\/pages\/205\/revisions\/1341"}],"wp:attachment":[{"href":"https:\/\/sey.fi\/lantisen-uudenmaan-elainsuojeluyhdistys\/wp-json\/wp\/v2\/media?parent=205"}],"curies":[{"name":"wp","href":"https:\/\/api.w.org\/{rel}","templated":true}]}}