{"id":234,"date":"2019-10-22T16:35:34","date_gmt":"2019-10-22T13:35:34","guid":{"rendered":"http:\/\/srvr10.xetpoint.com\/~seyfi\/lantisen-uudenmaan-elainsuojeluyhdistys\/?page_id=234"},"modified":"2025-07-26T13:49:01","modified_gmt":"2025-07-26T10:49:01","slug":"adoptio","status":"publish","type":"page","link":"https:\/\/sey.fi\/lantisen-uudenmaan-elainsuojeluyhdistys\/testisivu-2\/adoptio\/","title":{"rendered":"Kotia etsiv\u00e4t el\u00e4imet ja adoptointi"},"content":{"rendered":"\n<p>Yhdistyksen kotia etsiv\u00e4t el\u00e4imet l\u00f6yd\u00e4t sek\u00e4 <a href=\"https:\/\/kodittomat.info\/fi\/shelter\/view\/10016190\/lantisen-uudenmaan-elainsuojeluyhdistys\/\">Kodittomat.infon<\/a> ett\u00e4 <a href=\"https:\/\/www.facebook.com\/profile.php?id=100064571927371&amp;sk=about\">Facebook-sivujemme<\/a> kautta. <br>Ennen yhteydenottoa, luethan alla olevan infon huolellisesti l\u00e4pi.<\/p>\n\n\n\n<hr class=\"wp-block-separator has-alpha-channel-opacity\" \/>\n\n\n\n<p>Meid\u00e4n toimintamme ytimess\u00e4 on el\u00e4inten hyvinvointi. Sen suhteen emme ole valmiita joustamaan. Meille ei ole t\u00e4rkeint\u00e4, ett\u00e4 el\u00e4imet l\u00f6yt\u00e4v\u00e4t kodin mahdollisimman nopeasti \u2014 meille on t\u00e4rkeint\u00e4, ett\u00e4 jokaisen adoption kohdalla el\u00e4in l\u00f6yt\u00e4\u00e4 itselleen sopivimman kodin ja jokainen perhe heille sopivimman el\u00e4imen! Adoption ja el\u00e4imen hankkimisen tulisi aina olla harkittu p\u00e4\u00e4t\u00f6s \u2014 ei v\u00e4hiten siksi, ett\u00e4 kyse on pitk\u00e4st\u00e4 sitoutumisesta. Esimerkiksi kissa el\u00e4\u00e4 hyvin hoidettuna jopa yli 20-vuotiaaksi, eik\u00e4 p\u00e4rj\u00e4\u00e4 ilman ihmisen tunnollista hoitamista ja huolenpitoa. Haluamme jokaisen adoption kohdalla varmistaa mahdollisimman huolella, ett\u00e4 el\u00e4imen hankkimiseen ja siit\u00e4 huolehtimiseen koko sen (toivottavasti) pitk\u00e4n el\u00e4m\u00e4n osalta on edellytykset.<\/p>\n\n\n\n<p>Pyrimme aina adoptioilmoituksia laatiessamme kuvailemaan kotia etsiv\u00e4\u00e4 el\u00e4int\u00e4 mahdollisimman kattavasti, huomioiden erityisesti toiveet tulevan perheen osalta: tuleeko el\u00e4in toimeen lajitovereiden tai muiden el\u00e4inten kanssa, soveltuuko el\u00e4in lapsiperheeseen vai kenties vain yhden ihmisen omaksi. Pohjaamme n\u00e4iss\u00e4 toiveissa havaintoihimme kyseisest\u00e4 el\u00e4imest\u00e4 ja sen tavasta olla ja el\u00e4\u00e4 l\u00f6yt\u00f6el\u00e4intalolla. Usein meille tulevat el\u00e4imet eiv\u00e4t tule parhaista mahdollisista l\u00e4ht\u00f6kohdista ja tie kesyksi lemmikiksi on toisilla pitk\u00e4. Meist\u00e4 jokainen el\u00e4in ansaitsee mahdollisuuden, mutta adoptiop\u00e4\u00e4t\u00f6ksen teossa menemme el\u00e4imen etu edell\u00e4, aina.<\/p>\n\n\n\n<p>Niin pitk\u00e4lti kuin mahdollista on, haluamme varmistaa, ett\u00e4 meilt\u00e4 adoptoitava el\u00e4in p\u00e4\u00e4see kerralla loppuel\u00e4m\u00e4n kotiinsa. Otathan siis t\u00e4m\u00e4n huomioon harkitessasi adoptiokyselyn l\u00e4hett\u00e4mist\u00e4. Toivomme my\u00f6s, ett\u00e4 yhteydenotossasi kerrot riitt\u00e4v\u00e4n kattavasti mink\u00e4laisen kodin ja perheen el\u00e4in sinun luotasi saisi. Meid\u00e4n yhdistys py\u00f6rii t\u00e4ysin vapaaehtoisvoimin ja vaikka teemme parhaamme, ei adoptioprosessi ole pikainen pyr\u00e4hdys vaan oman aikansa viev\u00e4. Ennen adoptiota vaadimme tutustumisk\u00e4ynnin l\u00f6ytiksell\u00e4mme tai kotihoitolaisen luona \u2014 varauduthan siihen! Emme koskaan sovi adoptiota puhelimitse tai sosiaalisessa mediassa.<br><br><strong>Hoiviimme tulee jatkuvasti uusia kodin etsij\u00f6it\u00e4, ota siis rohkeasti yhteytt\u00e4.<\/strong> T\u00e4yt\u00e4 kotiselvityslomake ja l\u00e4het\u00e4 se meille s\u00e4hk\u00f6postitse, olemme sinuun yhteydess\u00e4. <a href=\"https:\/\/sey.fi\/wp-content\/uploads\/sites\/3\/2019\/10\/kotiselvityslomake-1.docx\" target=\"_blank\" rel=\"noreferrer noopener\">Lomakkeen saat ladattua t\u00e4st\u00e4<\/a> tai t\u00e4m\u00e4n sivun alalaidasta.<\/p>\n\n\n\n<hr class=\"wp-block-separator has-alpha-channel-opacity\" \/>\n\n\n\n<p><strong>KISSAT<\/strong><\/p>\n\n\n\n<p>Luovutetaan leikattuina, rokotettuina, sirutettuina, loish\u00e4\u00e4dettyin\u00e4 sek\u00e4 Fiv\/Felv-testattuina. Pentuja ei p\u00e4\u00e4s\u00e4\u00e4nt\u00f6isesti luovuteta ainoiksi kissoiksi. Yhdistys ei luovuta kissoja vapaasti ulkoileviksi.<\/p>\n\n\n\n<ul class=\"wp-block-list\">\n<li>Pentukissan adoptiomaksu on 300 e (kaksi pentua 500 e)<\/li>\n\n\n\n<li>Aikuinen kissa 220 e (kaksi aikuista 370 e)<\/li>\n<\/ul>\n\n\n\n<p><strong>KOIRAT<\/strong><\/p>\n\n\n\n<p>Adoptoitavista koirista sovitaan erikseen.<\/p>\n\n\n\n<p><strong>MUUT LEMMIKIT<\/strong><\/p>\n\n\n\n<p>Kani 120 e. <br>Muista adoptoitavista lemmikeist\u00e4 sovitaan erikseen.<\/p>\n\n\n\n<p><strong>LIS\u00c4TIEDOT<\/strong><\/p>\n\n\n\n<p>LUE Ry ei myy el\u00e4imi\u00e4, vaan el\u00e4imest\u00e4 perit\u00e4\u00e4n kulukorvaus, jolla katetaan el\u00e4imen kastraatio\/sterilisaatio, rokotukset, mikrosirutus, madotukset sek\u00e4 muu el\u00e4imen yll\u00e4pito ja mahdollinen hoito. Kysy lis\u00e4tietoja adoptiosta s\u00e4hk\u00f6postitse&nbsp;<a href=\"mailto:adoptio.lue@gmail.com\">adoptio.lue@gmail.com<\/a>&nbsp;tai puhelimitse 040 537 1799.<\/p>\n\n\n\n<hr class=\"wp-block-separator has-alpha-channel-opacity\" \/>\n\n\n\n<p class=\"has-text-align-center\">Pitopaikkatunnus FI000013875949<br>Asiakastunnus 23247947<\/p>\n\n\n\n<hr class=\"wp-block-separator has-alpha-channel-opacity\" \/>\n\n\n\n<ul class=\"wp-block-list\"><\/ul>\n\n\n\n<div class=\"wp-block-file\"><a href=\"https:\/\/sey.fi\/wp-content\/uploads\/sites\/3\/2019\/10\/kotiselvityslomake-1.docx\"><strong>Lataa t\u00e4st\u00e4 kotiselvityslomake (.DOCX)<\/strong><\/a><a href=\"https:\/\/sey.fi\/wp-content\/uploads\/sites\/3\/2019\/10\/kotiselvityslomake-1.docx\" class=\"wp-block-file__button wp-element-button\" download>Lataa<\/a><\/div>\n\n\n\n<p><\/p>\n","protected":false},"excerpt":{"rendered":"<p>Yhdistyksen kotia etsiv\u00e4t el\u00e4imet l\u00f6yd\u00e4t sek\u00e4 Kodittomat.infon ett\u00e4 Facebook-sivujemme kautta. Ennen yhteydenottoa, luethan alla olevan infon huolellisesti l\u00e4pi. Meid\u00e4n toimintamme ytimess\u00e4 on el\u00e4inten hyvinvointi. Sen suhteen emme ole valmiita joustamaan. Meille ei ole t\u00e4rkeint\u00e4, ett\u00e4 el\u00e4imet l\u00f6yt\u00e4v\u00e4t kodin mahdollisimman nopeasti \u2014 meille on t\u00e4rkeint\u00e4, ett\u00e4 jokaisen adoption kohdalla el\u00e4in l\u00f6yt\u00e4\u00e4 itselleen sopivimman kodin ja jokainen [&hellip;]<\/p>\n","protected":false},"author":8,"featured_media":0,"parent":153,"menu_order":0,"comment_status":"closed","ping_status":"closed","template":"","meta":{"_acf_changed":false,"footnotes":""},"class_list":["post-234","page","type-page","status-publish","hentry"],"acf":[],"yoast_head":"<!-- This site is optimized with the Yoast SEO plugin v27.1.1 - https:\/\/yoast.com\/product\/yoast-seo-wordpress\/ -->\n<title>Kotia etsiv\u00e4t el\u00e4imet ja adoptointi - L\u00e4ntisen Uudenmaan el\u00e4insuojeluyhdistys<\/title>\n<meta name=\"description\" content=\"Haluatko adoptoida lemmikin kauttamme? T\u00e4yt\u00e4 t\u00e4lt\u00e4 sivulta l\u00f6ytyv\u00e4\u00a0kotiselvityslomake ja palauta s\u00e4hk\u00f6postitse. Olemme sinuun yhteydess\u00e4!\" \/>\n<meta name=\"robots\" content=\"index, follow, max-snippet:-1, max-image-preview:large, max-video-preview:-1\" \/>\n<link rel=\"canonical\" href=\"https:\/\/sey.fi\/lantisen-uudenmaan-elainsuojeluyhdistys\/testisivu-2\/adoptio\/\" \/>\n<meta property=\"og:locale\" content=\"fi_FI\" \/>\n<meta property=\"og:type\" content=\"article\" \/>\n<meta property=\"og:title\" content=\"Kotia etsiv\u00e4t el\u00e4imet ja adoptointi - L\u00e4ntisen Uudenmaan el\u00e4insuojeluyhdistys\" \/>\n<meta property=\"og:description\" content=\"Haluatko adoptoida lemmikin kauttamme? T\u00e4yt\u00e4 t\u00e4lt\u00e4 sivulta l\u00f6ytyv\u00e4\u00a0kotiselvityslomake ja palauta s\u00e4hk\u00f6postitse. Olemme sinuun yhteydess\u00e4!\" \/>\n<meta property=\"og:url\" content=\"https:\/\/sey.fi\/lantisen-uudenmaan-elainsuojeluyhdistys\/testisivu-2\/adoptio\/\" \/>\n<meta property=\"og:site_name\" content=\"L\u00e4ntisen Uudenmaan el\u00e4insuojeluyhdistys\" \/>\n<meta property=\"article:modified_time\" content=\"2025-07-26T10:49:01+00:00\" \/>\n<meta name=\"twitter:card\" content=\"summary_large_image\" \/>\n<meta name=\"twitter:label1\" content=\"Arvioitu lukuaika\" \/>\n\t<meta name=\"twitter:data1\" content=\"3 minuuttia\" \/>\n<script type=\"application\/ld+json\" class=\"yoast-schema-graph\">{\"@context\":\"https:\/\/schema.org\",\"@graph\":[{\"@type\":\"WebPage\",\"@id\":\"https:\/\/sey.fi\/lantisen-uudenmaan-elainsuojeluyhdistys\/testisivu-2\/adoptio\/\",\"url\":\"https:\/\/sey.fi\/lantisen-uudenmaan-elainsuojeluyhdistys\/testisivu-2\/adoptio\/\",\"name\":\"Kotia etsiv\u00e4t el\u00e4imet ja adoptointi - L\u00e4ntisen Uudenmaan el\u00e4insuojeluyhdistys\",\"isPartOf\":{\"@id\":\"https:\/\/sey.fi\/lantisen-uudenmaan-elainsuojeluyhdistys\/#website\"},\"datePublished\":\"2019-10-22T13:35:34+00:00\",\"dateModified\":\"2025-07-26T10:49:01+00:00\",\"description\":\"Haluatko adoptoida lemmikin kauttamme? T\u00e4yt\u00e4 t\u00e4lt\u00e4 sivulta l\u00f6ytyv\u00e4\u00a0kotiselvityslomake ja palauta s\u00e4hk\u00f6postitse. Olemme sinuun yhteydess\u00e4!\",\"breadcrumb\":{\"@id\":\"https:\/\/sey.fi\/lantisen-uudenmaan-elainsuojeluyhdistys\/testisivu-2\/adoptio\/#breadcrumb\"},\"inLanguage\":\"fi\",\"potentialAction\":[{\"@type\":\"ReadAction\",\"target\":[\"https:\/\/sey.fi\/lantisen-uudenmaan-elainsuojeluyhdistys\/testisivu-2\/adoptio\/\"]}]},{\"@type\":\"BreadcrumbList\",\"@id\":\"https:\/\/sey.fi\/lantisen-uudenmaan-elainsuojeluyhdistys\/testisivu-2\/adoptio\/#breadcrumb\",\"itemListElement\":[{\"@type\":\"ListItem\",\"position\":1,\"name\":\"Home\",\"item\":\"https:\/\/sey.fi\/lantisen-uudenmaan-elainsuojeluyhdistys\/\"},{\"@type\":\"ListItem\",\"position\":2,\"name\":\"Yhdistys\",\"item\":\"https:\/\/sey.fi\/lantisen-uudenmaan-elainsuojeluyhdistys\/testisivu-2\/\"},{\"@type\":\"ListItem\",\"position\":3,\"name\":\"Kotia etsiv\u00e4t el\u00e4imet ja adoptointi\"}]},{\"@type\":\"WebSite\",\"@id\":\"https:\/\/sey.fi\/lantisen-uudenmaan-elainsuojeluyhdistys\/#website\",\"url\":\"https:\/\/sey.fi\/lantisen-uudenmaan-elainsuojeluyhdistys\/\",\"name\":\"L\u00e4ntisen Uudenmaan el\u00e4insuojeluyhdistys\",\"description\":\"Uusi SEY J\u00e4senyhdistykset -sivusto\",\"potentialAction\":[{\"@type\":\"SearchAction\",\"target\":{\"@type\":\"EntryPoint\",\"urlTemplate\":\"https:\/\/sey.fi\/lantisen-uudenmaan-elainsuojeluyhdistys\/?s={search_term_string}\"},\"query-input\":{\"@type\":\"PropertyValueSpecification\",\"valueRequired\":true,\"valueName\":\"search_term_string\"}}],\"inLanguage\":\"fi\"}]}<\/script>\n<!-- \/ Yoast SEO plugin. -->","yoast_head_json":{"title":"Kotia etsiv\u00e4t el\u00e4imet ja adoptointi - L\u00e4ntisen Uudenmaan el\u00e4insuojeluyhdistys","description":"Haluatko adoptoida lemmikin kauttamme? T\u00e4yt\u00e4 t\u00e4lt\u00e4 sivulta l\u00f6ytyv\u00e4\u00a0kotiselvityslomake ja palauta s\u00e4hk\u00f6postitse. Olemme sinuun yhteydess\u00e4!","robots":{"index":"index","follow":"follow","max-snippet":"max-snippet:-1","max-image-preview":"max-image-preview:large","max-video-preview":"max-video-preview:-1"},"canonical":"https:\/\/sey.fi\/lantisen-uudenmaan-elainsuojeluyhdistys\/testisivu-2\/adoptio\/","og_locale":"fi_FI","og_type":"article","og_title":"Kotia etsiv\u00e4t el\u00e4imet ja adoptointi - L\u00e4ntisen Uudenmaan el\u00e4insuojeluyhdistys","og_description":"Haluatko adoptoida lemmikin kauttamme? T\u00e4yt\u00e4 t\u00e4lt\u00e4 sivulta l\u00f6ytyv\u00e4\u00a0kotiselvityslomake ja palauta s\u00e4hk\u00f6postitse. Olemme sinuun yhteydess\u00e4!","og_url":"https:\/\/sey.fi\/lantisen-uudenmaan-elainsuojeluyhdistys\/testisivu-2\/adoptio\/","og_site_name":"L\u00e4ntisen Uudenmaan el\u00e4insuojeluyhdistys","article_modified_time":"2025-07-26T10:49:01+00:00","twitter_card":"summary_large_image","twitter_misc":{"Arvioitu lukuaika":"3 minuuttia"},"schema":{"@context":"https:\/\/schema.org","@graph":[{"@type":"WebPage","@id":"https:\/\/sey.fi\/lantisen-uudenmaan-elainsuojeluyhdistys\/testisivu-2\/adoptio\/","url":"https:\/\/sey.fi\/lantisen-uudenmaan-elainsuojeluyhdistys\/testisivu-2\/adoptio\/","name":"Kotia etsiv\u00e4t el\u00e4imet ja adoptointi - L\u00e4ntisen Uudenmaan el\u00e4insuojeluyhdistys","isPartOf":{"@id":"https:\/\/sey.fi\/lantisen-uudenmaan-elainsuojeluyhdistys\/#website"},"datePublished":"2019-10-22T13:35:34+00:00","dateModified":"2025-07-26T10:49:01+00:00","description":"Haluatko adoptoida lemmikin kauttamme? T\u00e4yt\u00e4 t\u00e4lt\u00e4 sivulta l\u00f6ytyv\u00e4\u00a0kotiselvityslomake ja palauta s\u00e4hk\u00f6postitse. Olemme sinuun yhteydess\u00e4!","breadcrumb":{"@id":"https:\/\/sey.fi\/lantisen-uudenmaan-elainsuojeluyhdistys\/testisivu-2\/adoptio\/#breadcrumb"},"inLanguage":"fi","potentialAction":[{"@type":"ReadAction","target":["https:\/\/sey.fi\/lantisen-uudenmaan-elainsuojeluyhdistys\/testisivu-2\/adoptio\/"]}]},{"@type":"BreadcrumbList","@id":"https:\/\/sey.fi\/lantisen-uudenmaan-elainsuojeluyhdistys\/testisivu-2\/adoptio\/#breadcrumb","itemListElement":[{"@type":"ListItem","position":1,"name":"Home","item":"https:\/\/sey.fi\/lantisen-uudenmaan-elainsuojeluyhdistys\/"},{"@type":"ListItem","position":2,"name":"Yhdistys","item":"https:\/\/sey.fi\/lantisen-uudenmaan-elainsuojeluyhdistys\/testisivu-2\/"},{"@type":"ListItem","position":3,"name":"Kotia etsiv\u00e4t el\u00e4imet ja adoptointi"}]},{"@type":"WebSite","@id":"https:\/\/sey.fi\/lantisen-uudenmaan-elainsuojeluyhdistys\/#website","url":"https:\/\/sey.fi\/lantisen-uudenmaan-elainsuojeluyhdistys\/","name":"L\u00e4ntisen Uudenmaan el\u00e4insuojeluyhdistys","description":"Uusi SEY J\u00e4senyhdistykset -sivusto","potentialAction":[{"@type":"SearchAction","target":{"@type":"EntryPoint","urlTemplate":"https:\/\/sey.fi\/lantisen-uudenmaan-elainsuojeluyhdistys\/?s={search_term_string}"},"query-input":{"@type":"PropertyValueSpecification","valueRequired":true,"valueName":"search_term_string"}}],"inLanguage":"fi"}]}},"_links":{"self":[{"href":"https:\/\/sey.fi\/lantisen-uudenmaan-elainsuojeluyhdistys\/wp-json\/wp\/v2\/pages\/234","targetHints":{"allow":["GET"]}}],"collection":[{"href":"https:\/\/sey.fi\/lantisen-uudenmaan-elainsuojeluyhdistys\/wp-json\/wp\/v2\/pages"}],"about":[{"href":"https:\/\/sey.fi\/lantisen-uudenmaan-elainsuojeluyhdistys\/wp-json\/wp\/v2\/types\/page"}],"author":[{"embeddable":true,"href":"https:\/\/sey.fi\/lantisen-uudenmaan-elainsuojeluyhdistys\/wp-json\/wp\/v2\/users\/8"}],"replies":[{"embeddable":true,"href":"https:\/\/sey.fi\/lantisen-uudenmaan-elainsuojeluyhdistys\/wp-json\/wp\/v2\/comments?post=234"}],"version-history":[{"count":9,"href":"https:\/\/sey.fi\/lantisen-uudenmaan-elainsuojeluyhdistys\/wp-json\/wp\/v2\/pages\/234\/revisions"}],"predecessor-version":[{"id":1339,"href":"https:\/\/sey.fi\/lantisen-uudenmaan-elainsuojeluyhdistys\/wp-json\/wp\/v2\/pages\/234\/revisions\/1339"}],"up":[{"embeddable":true,"href":"https:\/\/sey.fi\/lantisen-uudenmaan-elainsuojeluyhdistys\/wp-json\/wp\/v2\/pages\/153"}],"wp:attachment":[{"href":"https:\/\/sey.fi\/lantisen-uudenmaan-elainsuojeluyhdistys\/wp-json\/wp\/v2\/media?parent=234"}],"curies":[{"name":"wp","href":"https:\/\/api.w.org\/{rel}","templated":true}]}}