{"id":102,"date":"2019-12-10T19:22:24","date_gmt":"2019-12-10T17:22:24","guid":{"rendered":"http:\/\/srvr10.xetpoint.com\/~seyfi\/lemmikkitieto\/?page_id=102"},"modified":"2023-12-07T12:45:00","modified_gmt":"2023-12-07T10:45:00","slug":"sairastuminen","status":"publish","type":"page","link":"https:\/\/sey.fi\/lemmikkitieto\/sairastuminen\/","title":{"rendered":"Sairastuminen"},"content":{"rendered":"\n<p><em>Kuva: Alan Johnson\/Unsplash<\/em><\/p>\n\n\n\n<h2 class=\"wp-block-heading\">El\u00e4inl\u00e4\u00e4k\u00e4ri auttaa pieni\u00e4kin lemmikkej\u00e4<\/h2>\n\n\n\n<p>Pikkulemmikkien sairauksia on vuosikymmenten mittaan opittu hoitamaan yh\u00e4 paremmin. Jyrsij\u00f6ille ja kaneille on Suomessakin nyky\u00e4\u00e4n jo omia asiantuntijael\u00e4inl\u00e4\u00e4k\u00e4reit\u00e4, joilla on laajat tiedot n\u00e4iden el\u00e4inten vaivoista ja niiden hoidosta. Pienenkin lemmikin sairastuessa el\u00e4int\u00e4 on siis mahdollista auttaa.<\/p>\n\n\n\n<p>Jo el\u00e4imen hankinnan yhteydess\u00e4 on hyv\u00e4 selvitt\u00e4\u00e4, miss\u00e4 on l\u00e4hin sellainen el\u00e4inl\u00e4\u00e4k\u00e4ri, joka on my\u00f6s eksoottisten lemmikkien asiantuntija. Tietoja oman asuinpaikkakunnan l\u00e4hell\u00e4 olevista hyvist\u00e4 el\u00e4inl\u00e4\u00e4k\u00e4reist\u00e4 voi kysy\u00e4 muun muassa lemmikkiyhdistyksist\u00e4.<\/p>\n\n\n\n<p>El\u00e4int\u00e4 hankittaessa on hyv\u00e4 my\u00f6s varautua siihen, ett\u00e4 el\u00e4inl\u00e4\u00e4k\u00e4rikustannukset voivat nousta paljon korkeammiksi kuin el\u00e4imen ostohinta. Hyv\u00e4 el\u00e4imenomistaja ei silti j\u00e4t\u00e4 lemmikki\u00e4\u00e4n hoitamatta, vaikka l\u00e4\u00e4k\u00e4rireissuihin uppoaisikin rahaa. Nykyisin on mahdollista ottaa hoitokuluvakuutus my\u00f6s kanille tai jyrsij\u00e4lle.<\/p>\n\n\n\n<p>Pikkulemmikkien sairauksien havaitseminen vaatii viel\u00e4 tarkempaa silm\u00e4\u00e4 kuin esimerkiksi koirien tai kissojen sairauden huomaaminen. Koska kaikki pikkulemmikkilajit ovat luonnossa saalisel\u00e4imi\u00e4, niill\u00e4 on vaistomainen taipumus yritt\u00e4\u00e4 pit\u00e4\u00e4 kaikki sairauden oireet piilossa. Petoel\u00e4imet pyrkiv\u00e4t yleens\u00e4 valitsemaan juuri ne saalisel\u00e4imet, jotka vaikuttavat jollain tavalla heikoilta. El\u00e4inl\u00e4\u00e4k\u00e4rille kannattaa siis soittaa heti, kun el\u00e4in tuntuu jotenkin oudolta. Jos tilanne on p\u00e4\u00e4ssyt niin pitk\u00e4lle, ett\u00e4 el\u00e4in kyyh\u00f6tt\u00e4\u00e4 paikallaan turkki p\u00f6rh\u00f6ss\u00e4, se on jo hyvin sairas. Yleisesti voidaan sanoa, ett\u00e4 ulosp\u00e4in n\u00e4kyv\u00e4t oireet ovat usein merkki jo edenneemm\u00e4st\u00e4 sairaustilasta.<\/p>\n\n\n\n<h2 class=\"wp-block-heading\">Yleisimpi\u00e4 sairauksia<\/h2>\n\n\n\n<p>Hengitystieinfektiot ovat pikkulemmikkien yleisimpien sairauksien joukossa. Kuten ihmisill\u00e4kin, varsinaisena aiheuttajana on virus tai bakteeri, joka on hyv\u00e4kuntoisella ja hyv\u00e4ss\u00e4 ymp\u00e4rist\u00f6ss\u00e4 el\u00e4v\u00e4ll\u00e4 el\u00e4imell\u00e4 oireeton. Sairastumisen laukaisee usein ymp\u00e4rist\u00f6n aiheuttama rasitus, kuten liian viile\u00e4 tai kuuma l\u00e4mp\u00f6tila, vetoisuus, tupakansavu, hajusteet, p\u00f6ly\u00e4v\u00e4t kuivikkeet tai v\u00e4\u00e4r\u00e4nlainen ravinto. Oireina ovat niiskutus, silmien tai sierainten vuotaminen tai vaikeutunut hengitys. Etenkin luppakorvaiset kanit saavat my\u00f6s korvatulehduksia, jolloin tyypillist\u00e4 on korvien rapsuttelu, p\u00e4\u00e4n ravistaminen tai kulkeminen p\u00e4\u00e4 kallellaan. N\u00e4m\u00e4 voivat my\u00f6s olla oireita jostakin muusta.<\/p>\n\n\n\n<p>Toinen pienten lemmikkien yleinen ongelma ovat suolisto-oireet. Niiden syyn\u00e4 on usein v\u00e4\u00e4r\u00e4nlainen ruokinta ja ymp\u00e4rist\u00f6, ja ne voivat olla el\u00e4imelle hyvin kivuliaita ja kohtalokkaita.&nbsp;On kuitenkin my\u00f6s huomioitava, ett\u00e4 esimerkiksi kanilla maha-suolikanavan staasi on usein merkki muusta, kipua aiheuttavasta tilasta. Kipu on nimitt\u00e4in merkitt\u00e4v\u00e4 suoliston lamaaja.<\/p>\n\n\n\n<p>Tassunpohjatulehdukset, ihotulehdukset, ulkoloiset ja silm\u00e4ongelmat ovat my\u00f6s yleisi\u00e4. Esimerkiksi l\u00e4hes kaikilla sis\u00e4kaneilla on jonkinasteisia muutoksia tassunpohjissa. Tassut ja etenkin kantap\u00e4\u00e4t olisi hyv\u00e4 tarkistaa aina kynsienleikkuun yhteydess\u00e4. Ulkoloisia esiintyy yleens\u00e4 silloin, kun el\u00e4imell\u00e4 on jokin muu sairaus taustalla. N\u00e4it\u00e4 voivat olla hammasongelmat ja esimerkiksi selk\u00e4rangan sairaudet. Hein\u00e4nkorret ovat ter\u00e4vi\u00e4 ja ne saattavat joskus tehd\u00e4 haavan silm\u00e4\u00e4n.<\/p>\n\n\n\n<p>Joillakin lajeilla on omia erityisongelmiaan. Marsut voivat sairastua C-vitamiinin puutokseen, jos sit\u00e4 ei ole erikseen lis\u00e4tty niiden ravintoon. Degut sairastuvat usein sokeritautiin tai harmaakaihiin, jos niiden ruokinta ei ole kohdallaan. Kesyrotat polveutuvat koe-el\u00e4imin\u00e4 k\u00e4ytetyist\u00e4 rotista, joilla on perinn\u00f6llinen alttius saada kasvaimia, etenkin nis\u00e4kasvaimia. Yleens\u00e4 kasvaimet ovat hyv\u00e4nlaatuisia, eli ne eiv\u00e4t ole sy\u00f6p\u00e4kasvaimia. Monessa tapauksessa kasvaimet kasvavat kuitenkin niin suuriksi, ett\u00e4 ne haittaavat liikkumista.<\/p>\n\n\n\n<p>Eksoottisiin lemmikkeihin perehtyneet el\u00e4inl\u00e4\u00e4k\u00e4rit pystyv\u00e4t nyky\u00e4\u00e4n leikkaamaan my\u00f6s rottien kasvaimia, joten kasvaimen vaivaama rotta on syyt\u00e4 vied\u00e4 el\u00e4inl\u00e4\u00e4k\u00e4rin tutkittavaksi jo varhaisessa vaiheessa.<\/p>\n\n\n\n<p>Joskus el\u00e4in k\u00e4ytt\u00e4ytyy oudosti, mutta oire ei liity sairauteen. Albiinojen eli valkoisten, punasilm\u00e4isten el\u00e4inten n\u00e4kee joskus huojuttavan p\u00e4\u00e4t\u00e4\u00e4n tai koko yl\u00e4vartaloaan hitaasti puolelta toiselle. Kyse on siit\u00e4, ett\u00e4 albiinoilla on huonompi n\u00e4k\u00f6 kuin normaalisilm\u00e4isill\u00e4 el\u00e4imill\u00e4, ja p\u00e4\u00e4n liikuttaminen puolelta toiselle auttaa niit\u00e4 jonkin verran katseen kohdistamisessa.<\/p>\n","protected":false},"excerpt":{"rendered":"<p>Kuva: Alan Johnson\/Unsplash El\u00e4inl\u00e4\u00e4k\u00e4ri auttaa pieni\u00e4kin lemmikkej\u00e4 Pikkulemmikkien sairauksia on vuosikymmenten mittaan opittu hoitamaan yh\u00e4 paremmin. Jyrsij\u00f6ille ja kaneille on Suomessakin nyky\u00e4\u00e4n jo omia asiantuntijael\u00e4inl\u00e4\u00e4k\u00e4reit\u00e4, joilla on laajat tiedot n\u00e4iden el\u00e4inten vaivoista ja niiden hoidosta. Pienenkin lemmikin sairastuessa el\u00e4int\u00e4 on siis mahdollista auttaa. Jo el\u00e4imen hankinnan yhteydess\u00e4 on hyv\u00e4 selvitt\u00e4\u00e4, miss\u00e4 on l\u00e4hin sellainen el\u00e4inl\u00e4\u00e4k\u00e4ri, [&hellip;]<\/p>\n","protected":false},"author":8,"featured_media":347,"parent":0,"menu_order":0,"comment_status":"closed","ping_status":"closed","template":"","meta":{"_acf_changed":false,"footnotes":""},"class_list":["post-102","page","type-page","status-publish","has-post-thumbnail","hentry"],"acf":[],"yoast_head":"<!-- This site is optimized with the Yoast SEO plugin v27.1.1 - https:\/\/yoast.com\/product\/yoast-seo-wordpress\/ -->\n<title>Sairastuminen - Lemmikkitieto<\/title>\n<meta name=\"description\" content=\"El\u00e4int\u00e4 hankittaessa on hyv\u00e4 my\u00f6s varautua siihen, ett\u00e4 el\u00e4inl\u00e4\u00e4k\u00e4rikustannukset voivat nousta paljon korkeammiksi kuin el\u00e4imen ostohinta.\" \/>\n<meta name=\"robots\" content=\"index, follow, max-snippet:-1, max-image-preview:large, max-video-preview:-1\" \/>\n<link rel=\"canonical\" href=\"https:\/\/sey.fi\/lemmikkitieto\/sairastuminen\/\" \/>\n<meta property=\"og:locale\" content=\"fi_FI\" \/>\n<meta property=\"og:type\" content=\"article\" \/>\n<meta property=\"og:title\" content=\"Sairastuminen - Lemmikkitieto\" \/>\n<meta property=\"og:description\" content=\"El\u00e4int\u00e4 hankittaessa on hyv\u00e4 my\u00f6s varautua siihen, ett\u00e4 el\u00e4inl\u00e4\u00e4k\u00e4rikustannukset voivat nousta paljon korkeammiksi kuin el\u00e4imen ostohinta.\" \/>\n<meta property=\"og:url\" content=\"https:\/\/sey.fi\/lemmikkitieto\/sairastuminen\/\" \/>\n<meta property=\"og:site_name\" content=\"Lemmikkitieto\" \/>\n<meta property=\"article:modified_time\" content=\"2023-12-07T10:45:00+00:00\" \/>\n<meta property=\"og:image\" content=\"https:\/\/sey.fi\/wp-content\/uploads\/sites\/48\/2023\/12\/sey-lemmikkitieto-sairastuminen-1024x512.png\" \/>\n\t<meta property=\"og:image:width\" content=\"1024\" \/>\n\t<meta property=\"og:image:height\" content=\"512\" \/>\n\t<meta property=\"og:image:type\" content=\"image\/png\" \/>\n<meta name=\"twitter:card\" content=\"summary_large_image\" \/>\n<meta name=\"twitter:label1\" content=\"Arvioitu lukuaika\" \/>\n\t<meta name=\"twitter:data1\" content=\"4 minuuttia\" \/>\n<script type=\"application\/ld+json\" class=\"yoast-schema-graph\">{\"@context\":\"https:\/\/schema.org\",\"@graph\":[{\"@type\":\"WebPage\",\"@id\":\"https:\/\/sey.fi\/lemmikkitieto\/sairastuminen\/\",\"url\":\"https:\/\/sey.fi\/lemmikkitieto\/sairastuminen\/\",\"name\":\"Sairastuminen - Lemmikkitieto\",\"isPartOf\":{\"@id\":\"https:\/\/sey.fi\/lemmikkitieto\/#website\"},\"primaryImageOfPage\":{\"@id\":\"https:\/\/sey.fi\/lemmikkitieto\/sairastuminen\/#primaryimage\"},\"image\":{\"@id\":\"https:\/\/sey.fi\/lemmikkitieto\/sairastuminen\/#primaryimage\"},\"thumbnailUrl\":\"https:\/\/sey.fi\/wp-content\/uploads\/sites\/48\/2023\/12\/sey-lemmikkitieto-sairastuminen.png\",\"datePublished\":\"2019-12-10T17:22:24+00:00\",\"dateModified\":\"2023-12-07T10:45:00+00:00\",\"description\":\"El\u00e4int\u00e4 hankittaessa on hyv\u00e4 my\u00f6s varautua siihen, ett\u00e4 el\u00e4inl\u00e4\u00e4k\u00e4rikustannukset voivat nousta paljon korkeammiksi kuin el\u00e4imen ostohinta.\",\"breadcrumb\":{\"@id\":\"https:\/\/sey.fi\/lemmikkitieto\/sairastuminen\/#breadcrumb\"},\"inLanguage\":\"fi\",\"potentialAction\":[{\"@type\":\"ReadAction\",\"target\":[\"https:\/\/sey.fi\/lemmikkitieto\/sairastuminen\/\"]}]},{\"@type\":\"ImageObject\",\"inLanguage\":\"fi\",\"@id\":\"https:\/\/sey.fi\/lemmikkitieto\/sairastuminen\/#primaryimage\",\"url\":\"https:\/\/sey.fi\/wp-content\/uploads\/sites\/48\/2023\/12\/sey-lemmikkitieto-sairastuminen.png\",\"contentUrl\":\"https:\/\/sey.fi\/wp-content\/uploads\/sites\/48\/2023\/12\/sey-lemmikkitieto-sairastuminen.png\",\"width\":1920,\"height\":960,\"caption\":\"Sairas kani kyyh\u00f6tt\u00e4\u00e4\"},{\"@type\":\"BreadcrumbList\",\"@id\":\"https:\/\/sey.fi\/lemmikkitieto\/sairastuminen\/#breadcrumb\",\"itemListElement\":[{\"@type\":\"ListItem\",\"position\":1,\"name\":\"Home\",\"item\":\"https:\/\/sey.fi\/lemmikkitieto\/\"},{\"@type\":\"ListItem\",\"position\":2,\"name\":\"Sairastuminen\"}]},{\"@type\":\"WebSite\",\"@id\":\"https:\/\/sey.fi\/lemmikkitieto\/#website\",\"url\":\"https:\/\/sey.fi\/lemmikkitieto\/\",\"name\":\"Lemmikkitieto\",\"description\":\"Uusi SEY Lemmikkitietosivu\",\"potentialAction\":[{\"@type\":\"SearchAction\",\"target\":{\"@type\":\"EntryPoint\",\"urlTemplate\":\"https:\/\/sey.fi\/lemmikkitieto\/?s={search_term_string}\"},\"query-input\":{\"@type\":\"PropertyValueSpecification\",\"valueRequired\":true,\"valueName\":\"search_term_string\"}}],\"inLanguage\":\"fi\"}]}<\/script>\n<!-- \/ Yoast SEO plugin. -->","yoast_head_json":{"title":"Sairastuminen - Lemmikkitieto","description":"El\u00e4int\u00e4 hankittaessa on hyv\u00e4 my\u00f6s varautua siihen, ett\u00e4 el\u00e4inl\u00e4\u00e4k\u00e4rikustannukset voivat nousta paljon korkeammiksi kuin el\u00e4imen ostohinta.","robots":{"index":"index","follow":"follow","max-snippet":"max-snippet:-1","max-image-preview":"max-image-preview:large","max-video-preview":"max-video-preview:-1"},"canonical":"https:\/\/sey.fi\/lemmikkitieto\/sairastuminen\/","og_locale":"fi_FI","og_type":"article","og_title":"Sairastuminen - Lemmikkitieto","og_description":"El\u00e4int\u00e4 hankittaessa on hyv\u00e4 my\u00f6s varautua siihen, ett\u00e4 el\u00e4inl\u00e4\u00e4k\u00e4rikustannukset voivat nousta paljon korkeammiksi kuin el\u00e4imen ostohinta.","og_url":"https:\/\/sey.fi\/lemmikkitieto\/sairastuminen\/","og_site_name":"Lemmikkitieto","article_modified_time":"2023-12-07T10:45:00+00:00","og_image":[{"width":1024,"height":512,"url":"https:\/\/sey.fi\/wp-content\/uploads\/sites\/48\/2023\/12\/sey-lemmikkitieto-sairastuminen-1024x512.png","type":"image\/png"}],"twitter_card":"summary_large_image","twitter_misc":{"Arvioitu lukuaika":"4 minuuttia"},"schema":{"@context":"https:\/\/schema.org","@graph":[{"@type":"WebPage","@id":"https:\/\/sey.fi\/lemmikkitieto\/sairastuminen\/","url":"https:\/\/sey.fi\/lemmikkitieto\/sairastuminen\/","name":"Sairastuminen - Lemmikkitieto","isPartOf":{"@id":"https:\/\/sey.fi\/lemmikkitieto\/#website"},"primaryImageOfPage":{"@id":"https:\/\/sey.fi\/lemmikkitieto\/sairastuminen\/#primaryimage"},"image":{"@id":"https:\/\/sey.fi\/lemmikkitieto\/sairastuminen\/#primaryimage"},"thumbnailUrl":"https:\/\/sey.fi\/wp-content\/uploads\/sites\/48\/2023\/12\/sey-lemmikkitieto-sairastuminen.png","datePublished":"2019-12-10T17:22:24+00:00","dateModified":"2023-12-07T10:45:00+00:00","description":"El\u00e4int\u00e4 hankittaessa on hyv\u00e4 my\u00f6s varautua siihen, ett\u00e4 el\u00e4inl\u00e4\u00e4k\u00e4rikustannukset voivat nousta paljon korkeammiksi kuin el\u00e4imen ostohinta.","breadcrumb":{"@id":"https:\/\/sey.fi\/lemmikkitieto\/sairastuminen\/#breadcrumb"},"inLanguage":"fi","potentialAction":[{"@type":"ReadAction","target":["https:\/\/sey.fi\/lemmikkitieto\/sairastuminen\/"]}]},{"@type":"ImageObject","inLanguage":"fi","@id":"https:\/\/sey.fi\/lemmikkitieto\/sairastuminen\/#primaryimage","url":"https:\/\/sey.fi\/wp-content\/uploads\/sites\/48\/2023\/12\/sey-lemmikkitieto-sairastuminen.png","contentUrl":"https:\/\/sey.fi\/wp-content\/uploads\/sites\/48\/2023\/12\/sey-lemmikkitieto-sairastuminen.png","width":1920,"height":960,"caption":"Sairas kani kyyh\u00f6tt\u00e4\u00e4"},{"@type":"BreadcrumbList","@id":"https:\/\/sey.fi\/lemmikkitieto\/sairastuminen\/#breadcrumb","itemListElement":[{"@type":"ListItem","position":1,"name":"Home","item":"https:\/\/sey.fi\/lemmikkitieto\/"},{"@type":"ListItem","position":2,"name":"Sairastuminen"}]},{"@type":"WebSite","@id":"https:\/\/sey.fi\/lemmikkitieto\/#website","url":"https:\/\/sey.fi\/lemmikkitieto\/","name":"Lemmikkitieto","description":"Uusi SEY Lemmikkitietosivu","potentialAction":[{"@type":"SearchAction","target":{"@type":"EntryPoint","urlTemplate":"https:\/\/sey.fi\/lemmikkitieto\/?s={search_term_string}"},"query-input":{"@type":"PropertyValueSpecification","valueRequired":true,"valueName":"search_term_string"}}],"inLanguage":"fi"}]}},"_links":{"self":[{"href":"https:\/\/sey.fi\/lemmikkitieto\/wp-json\/wp\/v2\/pages\/102","targetHints":{"allow":["GET"]}}],"collection":[{"href":"https:\/\/sey.fi\/lemmikkitieto\/wp-json\/wp\/v2\/pages"}],"about":[{"href":"https:\/\/sey.fi\/lemmikkitieto\/wp-json\/wp\/v2\/types\/page"}],"author":[{"embeddable":true,"href":"https:\/\/sey.fi\/lemmikkitieto\/wp-json\/wp\/v2\/users\/8"}],"replies":[{"embeddable":true,"href":"https:\/\/sey.fi\/lemmikkitieto\/wp-json\/wp\/v2\/comments?post=102"}],"version-history":[{"count":5,"href":"https:\/\/sey.fi\/lemmikkitieto\/wp-json\/wp\/v2\/pages\/102\/revisions"}],"predecessor-version":[{"id":349,"href":"https:\/\/sey.fi\/lemmikkitieto\/wp-json\/wp\/v2\/pages\/102\/revisions\/349"}],"wp:featuredmedia":[{"embeddable":true,"href":"https:\/\/sey.fi\/lemmikkitieto\/wp-json\/wp\/v2\/media\/347"}],"wp:attachment":[{"href":"https:\/\/sey.fi\/lemmikkitieto\/wp-json\/wp\/v2\/media?parent=102"}],"curies":[{"name":"wp","href":"https:\/\/api.w.org\/{rel}","templated":true}]}}