{"id":125,"date":"2019-12-10T19:40:12","date_gmt":"2019-12-10T17:40:12","guid":{"rendered":"http:\/\/srvr10.xetpoint.com\/~seyfi\/lemmikkitieto\/?page_id=125"},"modified":"2023-11-30T08:48:42","modified_gmt":"2023-11-30T06:48:42","slug":"yhteystiedot","status":"publish","type":"page","link":"https:\/\/sey.fi\/lemmikkitieto\/lemmikit\/yhteystiedot\/","title":{"rendered":"Yhteystiedot"},"content":{"rendered":"\n<h2 class=\"wp-block-heading\">SEY Suomen el\u00e4insuojelu<\/h2>\n\n\n\n<p>Lintulahdenkatu 10, 00500 Helsinki <\/p>\n\n\n\n<p>0207 528 420 (ma-pe klo 10\u201315) <\/p>\n\n\n\n<p>Puhelin avoinna ma-pe klo 10\u201315. Muina aikoina kiireellisiss\u00e4  el\u00e4insuojeluasioissa ota yhteys SEYn el\u00e4insuojeluneuvojaan tai  poliisiin.<\/p>\n\n\n\n<p>sey @ sey.fi<\/p>\n","protected":false},"excerpt":{"rendered":"<p>SEY Suomen el\u00e4insuojelu Lintulahdenkatu 10, 00500 Helsinki 0207 528 420 (ma-pe klo 10\u201315) Puhelin avoinna ma-pe klo 10\u201315. Muina aikoina kiireellisiss\u00e4 el\u00e4insuojeluasioissa ota yhteys SEYn el\u00e4insuojeluneuvojaan tai poliisiin. sey @ sey.fi<\/p>\n","protected":false},"author":8,"featured_media":0,"parent":2,"menu_order":0,"comment_status":"closed","ping_status":"closed","template":"","meta":{"_acf_changed":false,"footnotes":""},"class_list":["post-125","page","type-page","status-publish","hentry"],"acf":[],"yoast_head":"<!-- This site is optimized with the Yoast SEO plugin v27.1.1 - https:\/\/yoast.com\/product\/yoast-seo-wordpress\/ -->\n<title>Yhteystiedot - Lemmikkitieto<\/title>\n<meta name=\"robots\" content=\"index, follow, max-snippet:-1, max-image-preview:large, max-video-preview:-1\" \/>\n<link rel=\"canonical\" href=\"https:\/\/sey.fi\/lemmikkitieto\/lemmikit\/yhteystiedot\/\" \/>\n<meta property=\"og:locale\" content=\"fi_FI\" \/>\n<meta property=\"og:type\" content=\"article\" \/>\n<meta property=\"og:title\" content=\"Yhteystiedot - Lemmikkitieto\" \/>\n<meta property=\"og:description\" content=\"SEY Suomen el\u00e4insuojelu Lintulahdenkatu 10, 00500 Helsinki 0207 528 420 (ma-pe klo 10\u201315) Puhelin avoinna ma-pe klo 10\u201315. Muina aikoina kiireellisiss\u00e4 el\u00e4insuojeluasioissa ota yhteys SEYn el\u00e4insuojeluneuvojaan tai poliisiin. sey @ sey.fi\" \/>\n<meta property=\"og:url\" content=\"https:\/\/sey.fi\/lemmikkitieto\/lemmikit\/yhteystiedot\/\" \/>\n<meta property=\"og:site_name\" content=\"Lemmikkitieto\" \/>\n<meta property=\"article:modified_time\" content=\"2023-11-30T06:48:42+00:00\" \/>\n<meta name=\"twitter:card\" content=\"summary_large_image\" \/>\n<meta name=\"twitter:label1\" content=\"Arvioitu lukuaika\" \/>\n\t<meta name=\"twitter:data1\" content=\"1 minuutti\" \/>\n<script type=\"application\/ld+json\" class=\"yoast-schema-graph\">{\"@context\":\"https:\/\/schema.org\",\"@graph\":[{\"@type\":\"WebPage\",\"@id\":\"https:\/\/sey.fi\/lemmikkitieto\/lemmikit\/yhteystiedot\/\",\"url\":\"https:\/\/sey.fi\/lemmikkitieto\/lemmikit\/yhteystiedot\/\",\"name\":\"Yhteystiedot - Lemmikkitieto\",\"isPartOf\":{\"@id\":\"https:\/\/sey.fi\/lemmikkitieto\/#website\"},\"datePublished\":\"2019-12-10T17:40:12+00:00\",\"dateModified\":\"2023-11-30T06:48:42+00:00\",\"breadcrumb\":{\"@id\":\"https:\/\/sey.fi\/lemmikkitieto\/lemmikit\/yhteystiedot\/#breadcrumb\"},\"inLanguage\":\"fi\",\"potentialAction\":[{\"@type\":\"ReadAction\",\"target\":[\"https:\/\/sey.fi\/lemmikkitieto\/lemmikit\/yhteystiedot\/\"]}]},{\"@type\":\"BreadcrumbList\",\"@id\":\"https:\/\/sey.fi\/lemmikkitieto\/lemmikit\/yhteystiedot\/#breadcrumb\",\"itemListElement\":[{\"@type\":\"ListItem\",\"position\":1,\"name\":\"Home\",\"item\":\"https:\/\/sey.fi\/lemmikkitieto\/\"},{\"@type\":\"ListItem\",\"position\":2,\"name\":\"Lemmikkitieto\",\"item\":\"https:\/\/sey.fi\/lemmikkitieto\/\"},{\"@type\":\"ListItem\",\"position\":3,\"name\":\"Yhteystiedot\"}]},{\"@type\":\"WebSite\",\"@id\":\"https:\/\/sey.fi\/lemmikkitieto\/#website\",\"url\":\"https:\/\/sey.fi\/lemmikkitieto\/\",\"name\":\"Lemmikkitieto\",\"description\":\"Uusi SEY Lemmikkitietosivu\",\"potentialAction\":[{\"@type\":\"SearchAction\",\"target\":{\"@type\":\"EntryPoint\",\"urlTemplate\":\"https:\/\/sey.fi\/lemmikkitieto\/?s={search_term_string}\"},\"query-input\":{\"@type\":\"PropertyValueSpecification\",\"valueRequired\":true,\"valueName\":\"search_term_string\"}}],\"inLanguage\":\"fi\"}]}<\/script>\n<!-- \/ Yoast SEO plugin. -->","yoast_head_json":{"title":"Yhteystiedot - Lemmikkitieto","robots":{"index":"index","follow":"follow","max-snippet":"max-snippet:-1","max-image-preview":"max-image-preview:large","max-video-preview":"max-video-preview:-1"},"canonical":"https:\/\/sey.fi\/lemmikkitieto\/lemmikit\/yhteystiedot\/","og_locale":"fi_FI","og_type":"article","og_title":"Yhteystiedot - Lemmikkitieto","og_description":"SEY Suomen el\u00e4insuojelu Lintulahdenkatu 10, 00500 Helsinki 0207 528 420 (ma-pe klo 10\u201315) Puhelin avoinna ma-pe klo 10\u201315. Muina aikoina kiireellisiss\u00e4 el\u00e4insuojeluasioissa ota yhteys SEYn el\u00e4insuojeluneuvojaan tai poliisiin. sey @ sey.fi","og_url":"https:\/\/sey.fi\/lemmikkitieto\/lemmikit\/yhteystiedot\/","og_site_name":"Lemmikkitieto","article_modified_time":"2023-11-30T06:48:42+00:00","twitter_card":"summary_large_image","twitter_misc":{"Arvioitu lukuaika":"1 minuutti"},"schema":{"@context":"https:\/\/schema.org","@graph":[{"@type":"WebPage","@id":"https:\/\/sey.fi\/lemmikkitieto\/lemmikit\/yhteystiedot\/","url":"https:\/\/sey.fi\/lemmikkitieto\/lemmikit\/yhteystiedot\/","name":"Yhteystiedot - Lemmikkitieto","isPartOf":{"@id":"https:\/\/sey.fi\/lemmikkitieto\/#website"},"datePublished":"2019-12-10T17:40:12+00:00","dateModified":"2023-11-30T06:48:42+00:00","breadcrumb":{"@id":"https:\/\/sey.fi\/lemmikkitieto\/lemmikit\/yhteystiedot\/#breadcrumb"},"inLanguage":"fi","potentialAction":[{"@type":"ReadAction","target":["https:\/\/sey.fi\/lemmikkitieto\/lemmikit\/yhteystiedot\/"]}]},{"@type":"BreadcrumbList","@id":"https:\/\/sey.fi\/lemmikkitieto\/lemmikit\/yhteystiedot\/#breadcrumb","itemListElement":[{"@type":"ListItem","position":1,"name":"Home","item":"https:\/\/sey.fi\/lemmikkitieto\/"},{"@type":"ListItem","position":2,"name":"Lemmikkitieto","item":"https:\/\/sey.fi\/lemmikkitieto\/"},{"@type":"ListItem","position":3,"name":"Yhteystiedot"}]},{"@type":"WebSite","@id":"https:\/\/sey.fi\/lemmikkitieto\/#website","url":"https:\/\/sey.fi\/lemmikkitieto\/","name":"Lemmikkitieto","description":"Uusi SEY Lemmikkitietosivu","potentialAction":[{"@type":"SearchAction","target":{"@type":"EntryPoint","urlTemplate":"https:\/\/sey.fi\/lemmikkitieto\/?s={search_term_string}"},"query-input":{"@type":"PropertyValueSpecification","valueRequired":true,"valueName":"search_term_string"}}],"inLanguage":"fi"}]}},"_links":{"self":[{"href":"https:\/\/sey.fi\/lemmikkitieto\/wp-json\/wp\/v2\/pages\/125","targetHints":{"allow":["GET"]}}],"collection":[{"href":"https:\/\/sey.fi\/lemmikkitieto\/wp-json\/wp\/v2\/pages"}],"about":[{"href":"https:\/\/sey.fi\/lemmikkitieto\/wp-json\/wp\/v2\/types\/page"}],"author":[{"embeddable":true,"href":"https:\/\/sey.fi\/lemmikkitieto\/wp-json\/wp\/v2\/users\/8"}],"replies":[{"embeddable":true,"href":"https:\/\/sey.fi\/lemmikkitieto\/wp-json\/wp\/v2\/comments?post=125"}],"version-history":[{"count":2,"href":"https:\/\/sey.fi\/lemmikkitieto\/wp-json\/wp\/v2\/pages\/125\/revisions"}],"predecessor-version":[{"id":285,"href":"https:\/\/sey.fi\/lemmikkitieto\/wp-json\/wp\/v2\/pages\/125\/revisions\/285"}],"up":[{"embeddable":true,"href":"https:\/\/sey.fi\/lemmikkitieto\/wp-json\/wp\/v2\/pages\/2"}],"wp:attachment":[{"href":"https:\/\/sey.fi\/lemmikkitieto\/wp-json\/wp\/v2\/media?parent=125"}],"curies":[{"name":"wp","href":"https:\/\/api.w.org\/{rel}","templated":true}]}}