{"id":23,"date":"2019-12-10T17:08:57","date_gmt":"2019-12-10T15:08:57","guid":{"rendered":"http:\/\/srvr10.xetpoint.com\/~seyfi\/lemmikkitieto\/?page_id=23"},"modified":"2023-12-07T11:57:17","modified_gmt":"2023-12-07T09:57:17","slug":"kani","status":"publish","type":"page","link":"https:\/\/sey.fi\/lemmikkitieto\/kani\/","title":{"rendered":"Kani"},"content":{"rendered":"\n<p><em>Kuva:\u00a0Hong Eun Park\/Pixabay<\/em><\/p>\n\n\n\n<p>Kani ei ole jyrsij\u00e4, vaan se kuuluu j\u00e4nisel\u00e4imiin. Eron huomaa esimerkiksi katsomalla k\u00e4p\u00e4li\u00e4: kanin huopatossumaiset tassut ovat hyvin erilaiset kuin jyrsij\u00f6iden \u201dk\u00e4det\u201d. Elintavoissa on kuitenkin yht\u00e4l\u00e4isyyksi\u00e4 er\u00e4isiin jyrsij\u00f6ihin.<\/p>\n\n\n\n<p>Kani on alun perin kotoisin Euroopan lounaisosista, mutta laji on levinnyt ihmisen kuljettamana eri puolille maapalloa. Suomessa p\u00e4\u00e4kaupunkiseudulla el\u00e4v\u00e4t citykanit ovat heitteille j\u00e4tettyjen kesykanien j\u00e4lkel\u00e4isi\u00e4, joista osa kuolee talvisin kylm\u00e4\u00e4n ja n\u00e4lk\u00e4\u00e4n. Omin jaloin kani ei olisi suomalaiseen luontoon levinnyt, koska se on varsinaisesti l\u00e4mpim\u00e4mm\u00e4n ilmaston el\u00e4in.<\/p>\n\n\n\n<h2 class=\"wp-block-heading\">Ruohokentti\u00e4 ja luolakaupunkeja<\/h2>\n\n\n\n<p>Luonnossa kanit kaivavat asunnokseen kymmenien metrien pituisen luolaverkoston, jota voidaan k\u00e4ytt\u00e4\u00e4 sukupolvesta toiseen. Luolaverkostoon kuuluu useita sis\u00e4\u00e4nk\u00e4yntej\u00e4 ja maanalaisia isompia kammioita, joista osaa k\u00e4ytet\u00e4\u00e4n nukkumapaikkoina ja osaa vessoina. Maan pinnalla kaniyhdyskunnan liikkuma-alue on suunnilleen jalkapallokent\u00e4n kokoinen.<\/p>\n\n\n\n<p>Kotona kanit tarvitsevat viihty\u00e4kseen paljon tilaa, mielell\u00e4\u00e4n v\u00e4hint\u00e4\u00e4n yhden huoneen. Kani viihtyy sellaisissa ymp\u00e4rist\u00f6iss\u00e4, joissa niille on sek\u00e4 piilopaikkoja ett\u00e4 paikkoja, joilta on helppo t\u00e4hyst\u00e4\u00e4 ymp\u00e4rist\u00f6\u00f6n. Omakoti- tai rivitalossa liikkumatilaa voi lis\u00e4t\u00e4 ulkoiluaitauksella, joka mahdollistaa my\u00f6s kaivamisen. Kanien innokkuus kaivamiseen vaihtelee yksil\u00f6iden v\u00e4lill\u00e4, mutta sen mahdollistaminen on t\u00e4rke\u00e4\u00e4.<\/p>\n\n\n\n<p>Huoneessa vapaana liikkuvista kaneista useimmat oppivat sis\u00e4siisteiksi. Kissanhiekkalaatikko sopii hyvin kanille, etenkin seinill\u00e4 ja katolla varustettu malli (ilman heiluvaa kissanluukkua), koska se vastaa kanien mieless\u00e4 luolaverkoston k\u00e4ym\u00e4l\u00e4kammiota. Jos pissaa tai papanoita on tullut lattialle, ne kannattaa siirt\u00e4\u00e4 esimerkiksi talouspaperin avulla hiekkalaatikkoon, jolloin se saa vessapaikan merkityksen. Torumisesta ei ole apua, mutta pissa kannattaa pest\u00e4 lattiasta huolellisesti, jotta lattiaan ei j\u00e4isi hajua, joka yll\u00e4pit\u00e4\u00e4 kanin mieless\u00e4 paikan merkityst\u00e4 vessana. Etikka on hyv\u00e4 hajun- ja tahrojenpoistaja.<\/p>\n\n\n\n<p>Jos pissoja tulee muualle kuin vessalaatikkoon, laatikon sijaintia kannattaa muuttaa (ei suoraan huoneen oviaukon eteen, ei kiinni sein\u00e4\u00e4n), kuiviketta voi koittaa vaihtaa toiseen tai vessalaatikon voi vaihtaa avonaiseen malliin. Vessalaatikossa on hyv\u00e4 olla my\u00f6s hein\u00e4\u00e4. Jos vessalaatikossa on vain yksi sis\u00e4\u00e4nk\u00e4ynti, kani voi kokea olonsa ahdistuneeksi v\u00e4h\u00e4isten pakomahdollisuuksien vuoksi.<\/p>\n\n\n\n<h2 class=\"wp-block-heading\">Kani on seurallinen lemmikki<\/h2>\n\n\n\n<p>Luonnossa kanit el\u00e4v\u00e4t usean kymmenen yksil\u00f6n yhdyskunnissa. Samaan yhdyskuntaan kuuluu sek\u00e4 naaraita ett\u00e4 uroksia. Urosten v\u00e4linen sopu perustuu siihen, ett\u00e4 niill\u00e4 on tilaa tarvittaessa v\u00e4ist\u00e4\u00e4 toisiaan. Kotonakin kani tarvitsee viihty\u00e4kseen oikein valitun kanikaverin.<\/p>\n\n\n\n<p>Kanien kohdalla kahden naaraspoikasen hankkijoiden kannattaa varautua siihen, ett\u00e4 on sellaisiakin tapauksia, joissa yhdess\u00e4 kasvaneet naaraspoikaset alkavat tapella tullessaan murrosik\u00e4\u00e4n. T\u00e4m\u00e4 saattaa johtua sit\u00e4, ett\u00e4 luonnossa vain osa kaneista j\u00e4\u00e4 aikuistuttuaan asumaan emonsa ja sisarustensa kanssa ja osa muuttaa johonkin toiseen kaniyhteis\u00f6\u00f6n. Tappelevat kanit on erotettava v\u00e4litt\u00f6m\u00e4sti, koska ne saattavat vahingoittaa toisiaan, ja jommallekummalle on etsitt\u00e4v\u00e4 uusi koti. Kumpaakaan ei silti pid\u00e4 j\u00e4tt\u00e4\u00e4 oman kotinsa ainoaksi kaniksi. Sellainenkin kani, joka ei en\u00e4\u00e4 sied\u00e4 siskoaan samassa asunnossa, hyv\u00e4ksyy yleens\u00e4 seurakseen uuden naaraan, joka ei ole sille sukua, tai leikatun uroksen. Ik\u00e4erostakin voi olla apua.<\/p>\n\n\n\n<p>Kanien sosiaaliseen k\u00e4ytt\u00e4ytymiseen sis\u00e4ltyy my\u00f6s kumppanien nuolemista, etenkin otsasta. Siksi kesykanikin pit\u00e4\u00e4 silitt\u00e4misest\u00e4, etenkin otsan silitt\u00e4misest\u00e4 sormella, jos se luottaa omistajaansa. Otsan silitt\u00e4minen on my\u00f6s hyv\u00e4 keino saada hiukan huolestunut kani rauhoittumaan.<\/p>\n\n\n\n<p>Kanit eiv\u00e4t juuri \u00e4\u00e4ntele, mutta niill\u00e4 on muita keinoja viesti\u00e4 kesken\u00e4\u00e4n. Takajalan \u00e4\u00e4nek\u00e4s napautus maahan on varoitus l\u00e4hestyv\u00e4st\u00e4 pedosta. My\u00f6s kotona t\u00e4m\u00e4 \u201drummutus\u201d kertoo, ett\u00e4 kani kokee jonkin asian h\u00e4lytt\u00e4v\u00e4n\u00e4. Kyseess\u00e4 voi olla jokin ihmisen mielest\u00e4 viaton asia, kuten omistajan \u00e4killinen liike tai perheen koira. Kanin pelko on kuitenkin syyt\u00e4 ottaa todesta ja j\u00e4rjest\u00e4\u00e4 pelon aiheuttaja pois sen arkiel\u00e4m\u00e4st\u00e4.<\/p>\n\n\n\n<p>Jos kani kiljaisee tai r\u00e4\u00e4k\u00e4isee todella kovaa, se on s\u00e4ik\u00e4ht\u00e4nyt hyvin pahasti. \u00c4\u00e4net\u00f6nkin kani voi silti olla kovan pelon vallassa.<\/p>\n\n\n\n<p>Korvat, h\u00e4nt\u00e4 ja jalkojen asento kertovat my\u00f6s paljon. Uteliaan kanin korvat ovat V:n muotoisesti koholla, h\u00e4mmentynyt olo taas saa korvat asettumaan eri korkeuksille. Jos kani on liikkumatta paikallaan ja korvat aivan tiukasti selk\u00e4\u00e4 pitkin painettuina, se kokee voimakasta pelkoa.<\/p>\n\n\n\n<p>H\u00e4nt\u00e4 ylh\u00e4\u00e4ll\u00e4 ja korvat selk\u00e4\u00e4 pitkin tarkoittaa, ett\u00e4 kani on vihainen ja mahdollisesti hy\u00f6kk\u00e4\u00e4m\u00e4ss\u00e4. Jos kani makoilee lattialla, mutta kaikki jalat ovat sen vartalon alla, kani ei ole kovin rento. Kyljelleen kellahtanut kani on tyytyv\u00e4inen kani.<\/p>\n\n\n\n<p>Leuan hierominen esineisiin on reviirimerkint\u00e4\u00e4. Kanit merkitsev\u00e4t my\u00f6s virtsasuihkuilla. Jos leikkaamaton kani el\u00e4\u00e4 ilman kaniseuraa, se voi kohdistaa t\u00e4m\u00e4n suihkun omistajaansa. Se ei ole \u201dprotesti\u201d, niin kuin joskus luullaan, vaan osa luonnollista k\u00e4ytt\u00e4ytymist\u00e4. Toruminen ei auta, mutta kanin leikkauttaminen yleens\u00e4 lopettaa t\u00e4m\u00e4n tavan. Kani merkitsee reviiri\u00e4\u00e4n my\u00f6s papanoilla ja nakertelulla, joskus my\u00f6s nuolemalla.<\/p>\n\n\n\n<p><\/p>\n","protected":false},"excerpt":{"rendered":"<p>Kuva:\u00a0Hong Eun Park\/Pixabay Kani ei ole jyrsij\u00e4, vaan se kuuluu j\u00e4nisel\u00e4imiin. Eron huomaa esimerkiksi katsomalla k\u00e4p\u00e4li\u00e4: kanin huopatossumaiset tassut ovat hyvin erilaiset kuin jyrsij\u00f6iden \u201dk\u00e4det\u201d. Elintavoissa on kuitenkin yht\u00e4l\u00e4isyyksi\u00e4 er\u00e4isiin jyrsij\u00f6ihin. Kani on alun perin kotoisin Euroopan lounaisosista, mutta laji on levinnyt ihmisen kuljettamana eri puolille maapalloa. Suomessa p\u00e4\u00e4kaupunkiseudulla el\u00e4v\u00e4t citykanit ovat heitteille j\u00e4tettyjen kesykanien [&hellip;]<\/p>\n","protected":false},"author":8,"featured_media":331,"parent":0,"menu_order":0,"comment_status":"closed","ping_status":"closed","template":"","meta":{"_acf_changed":false,"footnotes":""},"class_list":["post-23","page","type-page","status-publish","has-post-thumbnail","hentry"],"acf":[],"yoast_head":"<!-- This site is optimized with the Yoast SEO plugin v27.1.1 - https:\/\/yoast.com\/product\/yoast-seo-wordpress\/ -->\n<title>Kani - Lemmikkitieto<\/title>\n<meta name=\"description\" content=\"Kani ei ole jyrsij\u00e4, vaan se kuuluu j\u00e4nisel\u00e4imiin. Kanin elintavoissa on kuitenkin yht\u00e4l\u00e4isyyksi\u00e4 er\u00e4isiin jyrsij\u00f6ihin.\" \/>\n<meta name=\"robots\" content=\"index, follow, max-snippet:-1, max-image-preview:large, max-video-preview:-1\" \/>\n<link rel=\"canonical\" href=\"https:\/\/sey.fi\/lemmikkitieto\/kani\/\" \/>\n<meta property=\"og:locale\" content=\"fi_FI\" \/>\n<meta property=\"og:type\" content=\"article\" \/>\n<meta property=\"og:title\" content=\"Kani - Lemmikkitieto\" \/>\n<meta property=\"og:description\" content=\"Kani ei ole jyrsij\u00e4, vaan se kuuluu j\u00e4nisel\u00e4imiin. Kanin elintavoissa on kuitenkin yht\u00e4l\u00e4isyyksi\u00e4 er\u00e4isiin jyrsij\u00f6ihin.\" \/>\n<meta property=\"og:url\" content=\"https:\/\/sey.fi\/lemmikkitieto\/kani\/\" \/>\n<meta property=\"og:site_name\" content=\"Lemmikkitieto\" \/>\n<meta property=\"article:modified_time\" content=\"2023-12-07T09:57:17+00:00\" \/>\n<meta property=\"og:image\" content=\"https:\/\/sey.fi\/wp-content\/uploads\/sites\/48\/2023\/12\/sey-lemmikkitieto-kani-laji-1024x512.png\" \/>\n\t<meta property=\"og:image:width\" content=\"1024\" \/>\n\t<meta property=\"og:image:height\" content=\"512\" \/>\n\t<meta property=\"og:image:type\" content=\"image\/png\" \/>\n<meta name=\"twitter:card\" content=\"summary_large_image\" \/>\n<meta name=\"twitter:label1\" content=\"Arvioitu lukuaika\" \/>\n\t<meta name=\"twitter:data1\" content=\"5 minuuttia\" \/>\n<script type=\"application\/ld+json\" class=\"yoast-schema-graph\">{\"@context\":\"https:\/\/schema.org\",\"@graph\":[{\"@type\":\"WebPage\",\"@id\":\"https:\/\/sey.fi\/lemmikkitieto\/kani\/\",\"url\":\"https:\/\/sey.fi\/lemmikkitieto\/kani\/\",\"name\":\"Kani - Lemmikkitieto\",\"isPartOf\":{\"@id\":\"https:\/\/sey.fi\/lemmikkitieto\/#website\"},\"primaryImageOfPage\":{\"@id\":\"https:\/\/sey.fi\/lemmikkitieto\/kani\/#primaryimage\"},\"image\":{\"@id\":\"https:\/\/sey.fi\/lemmikkitieto\/kani\/#primaryimage\"},\"thumbnailUrl\":\"https:\/\/sey.fi\/wp-content\/uploads\/sites\/48\/2023\/12\/sey-lemmikkitieto-kani-laji.png\",\"datePublished\":\"2019-12-10T15:08:57+00:00\",\"dateModified\":\"2023-12-07T09:57:17+00:00\",\"description\":\"Kani ei ole jyrsij\u00e4, vaan se kuuluu j\u00e4nisel\u00e4imiin. Kanin elintavoissa on kuitenkin yht\u00e4l\u00e4isyyksi\u00e4 er\u00e4isiin jyrsij\u00f6ihin.\",\"breadcrumb\":{\"@id\":\"https:\/\/sey.fi\/lemmikkitieto\/kani\/#breadcrumb\"},\"inLanguage\":\"fi\",\"potentialAction\":[{\"@type\":\"ReadAction\",\"target\":[\"https:\/\/sey.fi\/lemmikkitieto\/kani\/\"]}]},{\"@type\":\"ImageObject\",\"inLanguage\":\"fi\",\"@id\":\"https:\/\/sey.fi\/lemmikkitieto\/kani\/#primaryimage\",\"url\":\"https:\/\/sey.fi\/wp-content\/uploads\/sites\/48\/2023\/12\/sey-lemmikkitieto-kani-laji.png\",\"contentUrl\":\"https:\/\/sey.fi\/wp-content\/uploads\/sites\/48\/2023\/12\/sey-lemmikkitieto-kani-laji.png\",\"width\":1920,\"height\":960,\"caption\":\"Vaaleanruskea kani sy\u00f6 hein\u00e4\u00e4\"},{\"@type\":\"BreadcrumbList\",\"@id\":\"https:\/\/sey.fi\/lemmikkitieto\/kani\/#breadcrumb\",\"itemListElement\":[{\"@type\":\"ListItem\",\"position\":1,\"name\":\"Home\",\"item\":\"https:\/\/sey.fi\/lemmikkitieto\/\"},{\"@type\":\"ListItem\",\"position\":2,\"name\":\"Kani\"}]},{\"@type\":\"WebSite\",\"@id\":\"https:\/\/sey.fi\/lemmikkitieto\/#website\",\"url\":\"https:\/\/sey.fi\/lemmikkitieto\/\",\"name\":\"Lemmikkitieto\",\"description\":\"Uusi SEY Lemmikkitietosivu\",\"potentialAction\":[{\"@type\":\"SearchAction\",\"target\":{\"@type\":\"EntryPoint\",\"urlTemplate\":\"https:\/\/sey.fi\/lemmikkitieto\/?s={search_term_string}\"},\"query-input\":{\"@type\":\"PropertyValueSpecification\",\"valueRequired\":true,\"valueName\":\"search_term_string\"}}],\"inLanguage\":\"fi\"}]}<\/script>\n<!-- \/ Yoast SEO plugin. -->","yoast_head_json":{"title":"Kani - Lemmikkitieto","description":"Kani ei ole jyrsij\u00e4, vaan se kuuluu j\u00e4nisel\u00e4imiin. Kanin elintavoissa on kuitenkin yht\u00e4l\u00e4isyyksi\u00e4 er\u00e4isiin jyrsij\u00f6ihin.","robots":{"index":"index","follow":"follow","max-snippet":"max-snippet:-1","max-image-preview":"max-image-preview:large","max-video-preview":"max-video-preview:-1"},"canonical":"https:\/\/sey.fi\/lemmikkitieto\/kani\/","og_locale":"fi_FI","og_type":"article","og_title":"Kani - Lemmikkitieto","og_description":"Kani ei ole jyrsij\u00e4, vaan se kuuluu j\u00e4nisel\u00e4imiin. Kanin elintavoissa on kuitenkin yht\u00e4l\u00e4isyyksi\u00e4 er\u00e4isiin jyrsij\u00f6ihin.","og_url":"https:\/\/sey.fi\/lemmikkitieto\/kani\/","og_site_name":"Lemmikkitieto","article_modified_time":"2023-12-07T09:57:17+00:00","og_image":[{"width":1024,"height":512,"url":"https:\/\/sey.fi\/wp-content\/uploads\/sites\/48\/2023\/12\/sey-lemmikkitieto-kani-laji-1024x512.png","type":"image\/png"}],"twitter_card":"summary_large_image","twitter_misc":{"Arvioitu lukuaika":"5 minuuttia"},"schema":{"@context":"https:\/\/schema.org","@graph":[{"@type":"WebPage","@id":"https:\/\/sey.fi\/lemmikkitieto\/kani\/","url":"https:\/\/sey.fi\/lemmikkitieto\/kani\/","name":"Kani - Lemmikkitieto","isPartOf":{"@id":"https:\/\/sey.fi\/lemmikkitieto\/#website"},"primaryImageOfPage":{"@id":"https:\/\/sey.fi\/lemmikkitieto\/kani\/#primaryimage"},"image":{"@id":"https:\/\/sey.fi\/lemmikkitieto\/kani\/#primaryimage"},"thumbnailUrl":"https:\/\/sey.fi\/wp-content\/uploads\/sites\/48\/2023\/12\/sey-lemmikkitieto-kani-laji.png","datePublished":"2019-12-10T15:08:57+00:00","dateModified":"2023-12-07T09:57:17+00:00","description":"Kani ei ole jyrsij\u00e4, vaan se kuuluu j\u00e4nisel\u00e4imiin. Kanin elintavoissa on kuitenkin yht\u00e4l\u00e4isyyksi\u00e4 er\u00e4isiin jyrsij\u00f6ihin.","breadcrumb":{"@id":"https:\/\/sey.fi\/lemmikkitieto\/kani\/#breadcrumb"},"inLanguage":"fi","potentialAction":[{"@type":"ReadAction","target":["https:\/\/sey.fi\/lemmikkitieto\/kani\/"]}]},{"@type":"ImageObject","inLanguage":"fi","@id":"https:\/\/sey.fi\/lemmikkitieto\/kani\/#primaryimage","url":"https:\/\/sey.fi\/wp-content\/uploads\/sites\/48\/2023\/12\/sey-lemmikkitieto-kani-laji.png","contentUrl":"https:\/\/sey.fi\/wp-content\/uploads\/sites\/48\/2023\/12\/sey-lemmikkitieto-kani-laji.png","width":1920,"height":960,"caption":"Vaaleanruskea kani sy\u00f6 hein\u00e4\u00e4"},{"@type":"BreadcrumbList","@id":"https:\/\/sey.fi\/lemmikkitieto\/kani\/#breadcrumb","itemListElement":[{"@type":"ListItem","position":1,"name":"Home","item":"https:\/\/sey.fi\/lemmikkitieto\/"},{"@type":"ListItem","position":2,"name":"Kani"}]},{"@type":"WebSite","@id":"https:\/\/sey.fi\/lemmikkitieto\/#website","url":"https:\/\/sey.fi\/lemmikkitieto\/","name":"Lemmikkitieto","description":"Uusi SEY Lemmikkitietosivu","potentialAction":[{"@type":"SearchAction","target":{"@type":"EntryPoint","urlTemplate":"https:\/\/sey.fi\/lemmikkitieto\/?s={search_term_string}"},"query-input":{"@type":"PropertyValueSpecification","valueRequired":true,"valueName":"search_term_string"}}],"inLanguage":"fi"}]}},"_links":{"self":[{"href":"https:\/\/sey.fi\/lemmikkitieto\/wp-json\/wp\/v2\/pages\/23","targetHints":{"allow":["GET"]}}],"collection":[{"href":"https:\/\/sey.fi\/lemmikkitieto\/wp-json\/wp\/v2\/pages"}],"about":[{"href":"https:\/\/sey.fi\/lemmikkitieto\/wp-json\/wp\/v2\/types\/page"}],"author":[{"embeddable":true,"href":"https:\/\/sey.fi\/lemmikkitieto\/wp-json\/wp\/v2\/users\/8"}],"replies":[{"embeddable":true,"href":"https:\/\/sey.fi\/lemmikkitieto\/wp-json\/wp\/v2\/comments?post=23"}],"version-history":[{"count":5,"href":"https:\/\/sey.fi\/lemmikkitieto\/wp-json\/wp\/v2\/pages\/23\/revisions"}],"predecessor-version":[{"id":332,"href":"https:\/\/sey.fi\/lemmikkitieto\/wp-json\/wp\/v2\/pages\/23\/revisions\/332"}],"wp:featuredmedia":[{"embeddable":true,"href":"https:\/\/sey.fi\/lemmikkitieto\/wp-json\/wp\/v2\/media\/331"}],"wp:attachment":[{"href":"https:\/\/sey.fi\/lemmikkitieto\/wp-json\/wp\/v2\/media?parent=23"}],"curies":[{"name":"wp","href":"https:\/\/api.w.org\/{rel}","templated":true}]}}