{"id":26,"date":"2019-12-10T17:10:52","date_gmt":"2019-12-10T15:10:52","guid":{"rendered":"http:\/\/srvr10.xetpoint.com\/~seyfi\/lemmikkitieto\/?page_id=26"},"modified":"2023-12-07T16:43:33","modified_gmt":"2023-12-07T14:43:33","slug":"marsu","status":"publish","type":"page","link":"https:\/\/sey.fi\/lemmikkitieto\/marsu\/","title":{"rendered":"Marsu"},"content":{"rendered":"\n<p><em>Kuva: Alicia R\u00e4dler\/Pixabay<\/em><\/p>\n\n\n\n<p>Marsu on kotoisin Andien vuoristosta Etel\u00e4-Amerikasta. Sen historia kesyel\u00e4imen\u00e4 on paljon pidempi kuin mill\u00e4\u00e4n muulla jyrsij\u00e4ll\u00e4, mutta toisaalta lyhyempi kuin esimerkiksi kissalla ja koiralla: marsuja on pidetty lihantuotantoel\u00e4imin\u00e4 parintuhannen vuoden ajan. T\u00e4st\u00e4 huolimatta marsussa ei n\u00e4iden vuosituhansien aikana ole oleellisesti muuttunut muu kuin ulkon\u00e4k\u00f6.<\/p>\n\n\n\n<p>Marsu on p\u00e4iv\u00e4aktiivinen ja melko pitk\u00e4ik\u00e4inen: se el\u00e4\u00e4 5\u20136 vuotta, jotkin yksil\u00f6t kauemminkin.<\/p>\n\n\n\n<h2 class=\"wp-block-heading\">Varovaisuutta ruohotasangolla<\/h2>\n\n\n\n<p>Marsun alkuper\u00e4ist\u00e4 elinymp\u00e4rist\u00f6\u00e4 ovat vuoristoyl\u00e4nk\u00f6jen ruohotasangot. Piilopaikkanaan marsu k\u00e4ytt\u00e4\u00e4 hyl\u00e4ttyj\u00e4 toisten el\u00e4inten pes\u00e4koloja, kivenkoloja ja tihe\u00e4\u00e4 kasvustoa. Marsu ei my\u00f6sk\u00e4\u00e4n luonnostaan juurikaan kiipeile eik\u00e4 loiki. Avoimessa maastossa liikkuvan pikkujyrsij\u00e4n on otettava  petoel\u00e4inten aiheuttama uhka vakavasti. Pel\u00e4styess\u00e4\u00e4n marsu voi joutua  hyvin suuren kauhun valtaan. T\u00e4st\u00e4 syyst\u00e4 marsua ei pid\u00e4 koskaan ajaa takaa: pahimmassa tapauksessa marsu saattaa kuolla stressin aiheuttamiin oireisiin. <\/p>\n\n\n\n<p>Kuten kaikki muutkin pikkulemmikit, marsun ulottuvilla on my\u00f6s oltava  sopivia piilopaikkoja, jotta se tuntee olonsa turvalliseksi. Lemmikkimarsun kohdalla kannattaa varmistaa, ett\u00e4 lauman arvoj\u00e4rjestyksess\u00e4 alempanakin oleville marsuille on piilopaikka. Sopivia piiloja tulee olla v\u00e4hint\u00e4\u00e4n marsujen lukum\u00e4\u00e4r\u00e4 +1.<\/p>\n\n\n\n<p>Kotona marsut tarvitsevat mahdollisimman paljon lattiapinta-alaa, koska niiden maailmaa ei voi kasvattaa yl\u00f6sp\u00e4in kiipeilytelineiden avulla. Pienet maaston ep\u00e4tasaisuudet kuuluvat silti marsun luonnolliseen elinymp\u00e4rist\u00f6\u00f6n. Pes\u00e4kopin katot tai muut t\u00e4hystyspaikat tekev\u00e4t marsun ymp\u00e4rist\u00f6st\u00e4 luonnollisemman. Omakoti- tai rivitalossa liikkumatilaa voi lis\u00e4t\u00e4 ulkoiluaitauksella. T\u00e4llaiset ulkoiluaitaukset tulee kuitenkin muistaa suojata my\u00f6s yl\u00e4puolelta esimerkiksi verkkokatolla, jotta petoel\u00e4imet eiv\u00e4t p\u00e4\u00e4se marsujen kimppuun.<\/p>\n\n\n\n<h2 class=\"wp-block-heading\"><br>Marsu on puhelias laumael\u00e4in<\/h2>\n\n\n\n<p>Luonnossa marsut liikkuvat laumoina, joissa on uros ja naaraita j\u00e4lkel\u00e4isineen. Aikuistuessaan urokset l\u00e4htev\u00e4t etsim\u00e4\u00e4n itselleen omaa naarasseuraa. Etenkin nuoret urokset tulevat kyll\u00e4 toimeen kesken\u00e4\u00e4nkin, sill\u00e4 luonnossa on runsaasti tilaa v\u00e4ist\u00e4\u00e4. Kotona marsu tarvitsee viihty\u00e4kseen oikein valitun marsukaverin. Helpoimmaksi todettu yhdistelm\u00e4 on leikattu uros ja naaras, tai naaraslauma. Tietyiss\u00e4 tilanteissa huolellisella totuttamisella my\u00f6s (leikatut) urokset voivat muodostaa ryhm\u00e4n.<\/p>\n\n\n\n<p>Marsut pit\u00e4v\u00e4t yhteytt\u00e4 toisiinsa \u00e4\u00e4nill\u00e4, joita tunnetaan l\u00e4hes 30 erilaista. Kova\u00e4\u00e4niset, venytetyt vihellykset \u201dkuii kuii kuii\u201d ovat kutsu\u00e4\u00e4ni\u00e4. Kotona marsu saattaa esitt\u00e4\u00e4 niit\u00e4 omistajalleen kuullessaan  t\u00e4m\u00e4n avaavan j\u00e4\u00e4kaapin oven. L\u00e4hes \u00e4\u00e4net\u00f6n hyrin\u00e4 kertoo tyytyv\u00e4isyydest\u00e4 esimerkiksi syliss\u00e4 silitelt\u00e4ess\u00e4. Rauhallinen, hidas hampaiden naksuttaminen on sekin tyytyv\u00e4isyytt\u00e4, kun taas ter\u00e4v\u00e4mpi  hampaiden naksutus on uhkaus. Jos marsu naksuttaa hampaitaan kiivaasti ihmiselle, se pit\u00e4\u00e4 t\u00e4t\u00e4 pelottavana. Marsua ei kannata silloin yritt\u00e4\u00e4 ottaa k\u00e4siin, sill\u00e4 se voi purra. On hyv\u00e4 huomioida, ett\u00e4 hampaiden narskutus voi olla my\u00f6s merkki kivusta ja esimerkiksi alkamassa olevasta hammasongelmasta. Mik\u00e4li huomaat marsusi yht\u00e4kki\u00e4 narskuttelevan tavallista enemm\u00e4n, on suositeltavaa k\u00e4\u00e4nty\u00e4 el\u00e4inl\u00e4\u00e4k\u00e4rin puoleen, <\/p>\n\n\n\n<p>S\u00e4ks\u00e4tt\u00e4v\u00e4 narina ilmaisee \u00e4rtymyst\u00e4 toista marsua kohtaan. T\u00e4t\u00e4 \u00e4\u00e4nt\u00e4 voi kuulla arvoj\u00e4rjestyksest\u00e4 mitelt\u00e4ess\u00e4, kuten silloin kun poikanen on kasvanut aikuiseksi. Tilannetta kannattaa tarkkailla, mutta jos  kumpikaan marsu ei yrit\u00e4 vahingoittaa toista, asiaan ei tarvitse puuttua: ajan mittaan marsut saavat keskin\u00e4isen arvoj\u00e4rjestyksens\u00e4 ratkaistua ja narinakohtaukset loppuvat.<\/p>\n\n\n\n<p><\/p>\n","protected":false},"excerpt":{"rendered":"<p>Kuva: Alicia R\u00e4dler\/Pixabay Marsu on kotoisin Andien vuoristosta Etel\u00e4-Amerikasta. Sen historia kesyel\u00e4imen\u00e4 on paljon pidempi kuin mill\u00e4\u00e4n muulla jyrsij\u00e4ll\u00e4, mutta toisaalta lyhyempi kuin esimerkiksi kissalla ja koiralla: marsuja on pidetty lihantuotantoel\u00e4imin\u00e4 parintuhannen vuoden ajan. T\u00e4st\u00e4 huolimatta marsussa ei n\u00e4iden vuosituhansien aikana ole oleellisesti muuttunut muu kuin ulkon\u00e4k\u00f6. Marsu on p\u00e4iv\u00e4aktiivinen ja melko pitk\u00e4ik\u00e4inen: se el\u00e4\u00e4 [&hellip;]<\/p>\n","protected":false},"author":8,"featured_media":359,"parent":0,"menu_order":0,"comment_status":"closed","ping_status":"closed","template":"","meta":{"_acf_changed":false,"footnotes":""},"class_list":["post-26","page","type-page","status-publish","has-post-thumbnail","hentry"],"acf":[],"yoast_head":"<!-- This site is optimized with the Yoast SEO plugin v27.1.1 - https:\/\/yoast.com\/product\/yoast-seo-wordpress\/ -->\n<title>Marsu - Lemmikkitieto<\/title>\n<meta name=\"description\" content=\"Marsu on kotoisin Andien vuoristosta Etel\u00e4-Amerikasta. Marsu on p\u00e4iv\u00e4aktiivinen ja melko pitk\u00e4ik\u00e4inen: se el\u00e4\u00e4 noin 5\u20136 vuotta.\" \/>\n<meta name=\"robots\" content=\"index, follow, max-snippet:-1, max-image-preview:large, max-video-preview:-1\" \/>\n<link rel=\"canonical\" href=\"https:\/\/sey.fi\/lemmikkitieto\/marsu\/\" \/>\n<meta property=\"og:locale\" content=\"fi_FI\" \/>\n<meta property=\"og:type\" content=\"article\" \/>\n<meta property=\"og:title\" content=\"Marsu - Lemmikkitieto\" \/>\n<meta property=\"og:description\" content=\"Marsu on kotoisin Andien vuoristosta Etel\u00e4-Amerikasta. Marsu on p\u00e4iv\u00e4aktiivinen ja melko pitk\u00e4ik\u00e4inen: se el\u00e4\u00e4 noin 5\u20136 vuotta.\" \/>\n<meta property=\"og:url\" content=\"https:\/\/sey.fi\/lemmikkitieto\/marsu\/\" \/>\n<meta property=\"og:site_name\" content=\"Lemmikkitieto\" \/>\n<meta property=\"article:modified_time\" content=\"2023-12-07T14:43:33+00:00\" \/>\n<meta property=\"og:image\" content=\"https:\/\/sey.fi\/wp-content\/uploads\/sites\/48\/2023\/12\/sey-lemmikkitieto-marsu-1024x512.png\" \/>\n\t<meta property=\"og:image:width\" content=\"1024\" \/>\n\t<meta property=\"og:image:height\" content=\"512\" \/>\n\t<meta property=\"og:image:type\" content=\"image\/png\" \/>\n<meta name=\"twitter:card\" content=\"summary_large_image\" \/>\n<meta name=\"twitter:label1\" content=\"Arvioitu lukuaika\" \/>\n\t<meta name=\"twitter:data1\" content=\"3 minuuttia\" \/>\n<script type=\"application\/ld+json\" class=\"yoast-schema-graph\">{\"@context\":\"https:\/\/schema.org\",\"@graph\":[{\"@type\":\"WebPage\",\"@id\":\"https:\/\/sey.fi\/lemmikkitieto\/marsu\/\",\"url\":\"https:\/\/sey.fi\/lemmikkitieto\/marsu\/\",\"name\":\"Marsu - Lemmikkitieto\",\"isPartOf\":{\"@id\":\"https:\/\/sey.fi\/lemmikkitieto\/#website\"},\"primaryImageOfPage\":{\"@id\":\"https:\/\/sey.fi\/lemmikkitieto\/marsu\/#primaryimage\"},\"image\":{\"@id\":\"https:\/\/sey.fi\/lemmikkitieto\/marsu\/#primaryimage\"},\"thumbnailUrl\":\"https:\/\/sey.fi\/wp-content\/uploads\/sites\/48\/2023\/12\/sey-lemmikkitieto-marsu.png\",\"datePublished\":\"2019-12-10T15:10:52+00:00\",\"dateModified\":\"2023-12-07T14:43:33+00:00\",\"description\":\"Marsu on kotoisin Andien vuoristosta Etel\u00e4-Amerikasta. Marsu on p\u00e4iv\u00e4aktiivinen ja melko pitk\u00e4ik\u00e4inen: se el\u00e4\u00e4 noin 5\u20136 vuotta.\",\"breadcrumb\":{\"@id\":\"https:\/\/sey.fi\/lemmikkitieto\/marsu\/#breadcrumb\"},\"inLanguage\":\"fi\",\"potentialAction\":[{\"@type\":\"ReadAction\",\"target\":[\"https:\/\/sey.fi\/lemmikkitieto\/marsu\/\"]}]},{\"@type\":\"ImageObject\",\"inLanguage\":\"fi\",\"@id\":\"https:\/\/sey.fi\/lemmikkitieto\/marsu\/#primaryimage\",\"url\":\"https:\/\/sey.fi\/wp-content\/uploads\/sites\/48\/2023\/12\/sey-lemmikkitieto-marsu.png\",\"contentUrl\":\"https:\/\/sey.fi\/wp-content\/uploads\/sites\/48\/2023\/12\/sey-lemmikkitieto-marsu.png\",\"width\":1920,\"height\":960,\"caption\":\"Kolme marsua ihmettelev\u00e4t yhdess\u00e4\"},{\"@type\":\"BreadcrumbList\",\"@id\":\"https:\/\/sey.fi\/lemmikkitieto\/marsu\/#breadcrumb\",\"itemListElement\":[{\"@type\":\"ListItem\",\"position\":1,\"name\":\"Home\",\"item\":\"https:\/\/sey.fi\/lemmikkitieto\/\"},{\"@type\":\"ListItem\",\"position\":2,\"name\":\"Marsu\"}]},{\"@type\":\"WebSite\",\"@id\":\"https:\/\/sey.fi\/lemmikkitieto\/#website\",\"url\":\"https:\/\/sey.fi\/lemmikkitieto\/\",\"name\":\"Lemmikkitieto\",\"description\":\"Uusi SEY Lemmikkitietosivu\",\"potentialAction\":[{\"@type\":\"SearchAction\",\"target\":{\"@type\":\"EntryPoint\",\"urlTemplate\":\"https:\/\/sey.fi\/lemmikkitieto\/?s={search_term_string}\"},\"query-input\":{\"@type\":\"PropertyValueSpecification\",\"valueRequired\":true,\"valueName\":\"search_term_string\"}}],\"inLanguage\":\"fi\"}]}<\/script>\n<!-- \/ Yoast SEO plugin. -->","yoast_head_json":{"title":"Marsu - Lemmikkitieto","description":"Marsu on kotoisin Andien vuoristosta Etel\u00e4-Amerikasta. Marsu on p\u00e4iv\u00e4aktiivinen ja melko pitk\u00e4ik\u00e4inen: se el\u00e4\u00e4 noin 5\u20136 vuotta.","robots":{"index":"index","follow":"follow","max-snippet":"max-snippet:-1","max-image-preview":"max-image-preview:large","max-video-preview":"max-video-preview:-1"},"canonical":"https:\/\/sey.fi\/lemmikkitieto\/marsu\/","og_locale":"fi_FI","og_type":"article","og_title":"Marsu - Lemmikkitieto","og_description":"Marsu on kotoisin Andien vuoristosta Etel\u00e4-Amerikasta. Marsu on p\u00e4iv\u00e4aktiivinen ja melko pitk\u00e4ik\u00e4inen: se el\u00e4\u00e4 noin 5\u20136 vuotta.","og_url":"https:\/\/sey.fi\/lemmikkitieto\/marsu\/","og_site_name":"Lemmikkitieto","article_modified_time":"2023-12-07T14:43:33+00:00","og_image":[{"width":1024,"height":512,"url":"https:\/\/sey.fi\/wp-content\/uploads\/sites\/48\/2023\/12\/sey-lemmikkitieto-marsu-1024x512.png","type":"image\/png"}],"twitter_card":"summary_large_image","twitter_misc":{"Arvioitu lukuaika":"3 minuuttia"},"schema":{"@context":"https:\/\/schema.org","@graph":[{"@type":"WebPage","@id":"https:\/\/sey.fi\/lemmikkitieto\/marsu\/","url":"https:\/\/sey.fi\/lemmikkitieto\/marsu\/","name":"Marsu - Lemmikkitieto","isPartOf":{"@id":"https:\/\/sey.fi\/lemmikkitieto\/#website"},"primaryImageOfPage":{"@id":"https:\/\/sey.fi\/lemmikkitieto\/marsu\/#primaryimage"},"image":{"@id":"https:\/\/sey.fi\/lemmikkitieto\/marsu\/#primaryimage"},"thumbnailUrl":"https:\/\/sey.fi\/wp-content\/uploads\/sites\/48\/2023\/12\/sey-lemmikkitieto-marsu.png","datePublished":"2019-12-10T15:10:52+00:00","dateModified":"2023-12-07T14:43:33+00:00","description":"Marsu on kotoisin Andien vuoristosta Etel\u00e4-Amerikasta. Marsu on p\u00e4iv\u00e4aktiivinen ja melko pitk\u00e4ik\u00e4inen: se el\u00e4\u00e4 noin 5\u20136 vuotta.","breadcrumb":{"@id":"https:\/\/sey.fi\/lemmikkitieto\/marsu\/#breadcrumb"},"inLanguage":"fi","potentialAction":[{"@type":"ReadAction","target":["https:\/\/sey.fi\/lemmikkitieto\/marsu\/"]}]},{"@type":"ImageObject","inLanguage":"fi","@id":"https:\/\/sey.fi\/lemmikkitieto\/marsu\/#primaryimage","url":"https:\/\/sey.fi\/wp-content\/uploads\/sites\/48\/2023\/12\/sey-lemmikkitieto-marsu.png","contentUrl":"https:\/\/sey.fi\/wp-content\/uploads\/sites\/48\/2023\/12\/sey-lemmikkitieto-marsu.png","width":1920,"height":960,"caption":"Kolme marsua ihmettelev\u00e4t yhdess\u00e4"},{"@type":"BreadcrumbList","@id":"https:\/\/sey.fi\/lemmikkitieto\/marsu\/#breadcrumb","itemListElement":[{"@type":"ListItem","position":1,"name":"Home","item":"https:\/\/sey.fi\/lemmikkitieto\/"},{"@type":"ListItem","position":2,"name":"Marsu"}]},{"@type":"WebSite","@id":"https:\/\/sey.fi\/lemmikkitieto\/#website","url":"https:\/\/sey.fi\/lemmikkitieto\/","name":"Lemmikkitieto","description":"Uusi SEY Lemmikkitietosivu","potentialAction":[{"@type":"SearchAction","target":{"@type":"EntryPoint","urlTemplate":"https:\/\/sey.fi\/lemmikkitieto\/?s={search_term_string}"},"query-input":{"@type":"PropertyValueSpecification","valueRequired":true,"valueName":"search_term_string"}}],"inLanguage":"fi"}]}},"_links":{"self":[{"href":"https:\/\/sey.fi\/lemmikkitieto\/wp-json\/wp\/v2\/pages\/26","targetHints":{"allow":["GET"]}}],"collection":[{"href":"https:\/\/sey.fi\/lemmikkitieto\/wp-json\/wp\/v2\/pages"}],"about":[{"href":"https:\/\/sey.fi\/lemmikkitieto\/wp-json\/wp\/v2\/types\/page"}],"author":[{"embeddable":true,"href":"https:\/\/sey.fi\/lemmikkitieto\/wp-json\/wp\/v2\/users\/8"}],"replies":[{"embeddable":true,"href":"https:\/\/sey.fi\/lemmikkitieto\/wp-json\/wp\/v2\/comments?post=26"}],"version-history":[{"count":5,"href":"https:\/\/sey.fi\/lemmikkitieto\/wp-json\/wp\/v2\/pages\/26\/revisions"}],"predecessor-version":[{"id":360,"href":"https:\/\/sey.fi\/lemmikkitieto\/wp-json\/wp\/v2\/pages\/26\/revisions\/360"}],"wp:featuredmedia":[{"embeddable":true,"href":"https:\/\/sey.fi\/lemmikkitieto\/wp-json\/wp\/v2\/media\/359"}],"wp:attachment":[{"href":"https:\/\/sey.fi\/lemmikkitieto\/wp-json\/wp\/v2\/media?parent=26"}],"curies":[{"name":"wp","href":"https:\/\/api.w.org\/{rel}","templated":true}]}}