{"id":29,"date":"2019-12-10T18:33:26","date_gmt":"2019-12-10T16:33:26","guid":{"rendered":"http:\/\/srvr10.xetpoint.com\/~seyfi\/lemmikkitieto\/?page_id=29"},"modified":"2023-12-07T16:53:11","modified_gmt":"2023-12-07T14:53:11","slug":"rotta","status":"publish","type":"page","link":"https:\/\/sey.fi\/lemmikkitieto\/rotta\/","title":{"rendered":"Rotta"},"content":{"rendered":"\n<p><em>Kuva: Silvia\/Pixabay<\/em><\/p>\n\n\n\n<p>Kesyrotta polveutuu isorotasta, joka on levinnyt ihmisen asumuksiin ja varastoihin eri puolille maailmaa. Alun perin laji on kotoisin Aasiasta. Sen luonnollista elinymp\u00e4rist\u00f6\u00e4 ovat todenn\u00e4k\u00f6isesti olleet arot ja tasangot.<\/p>\n\n\n\n<p>Lemmikkijyrsij\u00f6ist\u00e4 rotta on yksi vanhimpia: kesyj\u00e4 rottia pidettiin jo 1800-luvulla. Rotan suosioon my\u00f6t\u00e4vaikuttaa se, ett\u00e4 se on lemmikkijyrsij\u00f6ist\u00e4 kaikkein \u00e4lykk\u00e4impi\u00e4 ja oppivaisimpia. Viihtyisien olojen ja virikkeiden j\u00e4rjest\u00e4minen rotalle kotona on melko helppoa&nbsp;ja ne on helppoa totuttaa k\u00e4sittelyyn, mink\u00e4 ansiosta rotat&nbsp;sopivat my\u00f6s kokemattomammalle lemmikin omistajalle.<\/p>\n\n\n\n<p>Villi rotta on ensisijaisesti h\u00e4m\u00e4r\u00e4aktiivinen, eli se on liikkeell\u00e4 iltaisin ja aamuisin. Villeist\u00e4 lajitovereistaan poiketen kesyrotta on kuitenkin aktiivinen my\u00f6s p\u00e4ivisin ja \u00f6isin.&nbsp;Rotan elinik\u00e4 on lyhyt, usein vain pari kolme vuotta.<\/p>\n\n\n\n<h2 class=\"wp-block-heading\">Koloja ja kiipeily\u00e4<\/h2>\n\n\n\n<p>Rotat liikkuvat paljon maan pinnalla ja juoksevat vaivatta pitki\u00e4kin matkoja. Villien rottien on havaittu k\u00e4yv\u00e4n erityisen hyvill\u00e4  ruoka-apajilla joka y\u00f6 jopa yli kilometrin p\u00e4\u00e4ss\u00e4 pes\u00e4koloistaan.<\/p>\n\n\n\n<p>Pes\u00e4- ja piilopaikakseen rotat kaivavat&nbsp;luonnossa&nbsp;maahan k\u00e4yt\u00e4v\u00e4verkoston, johon sis\u00e4ltyy monia haaroja ja ulosk\u00e4yntej\u00e4.&nbsp;Saalisel\u00e4imelle on t\u00e4rke\u00e4\u00e4 olla tarjolla riitt\u00e4v\u00e4sti piiloaikkoja. Lemmikkirotalle piilopaikoiksi k\u00e4yv\u00e4t erilaiset kopit, riippukeinut sek\u00e4 runsas kuivike h\u00e4kin pohjalla. Jotta rotan liikunnan tarve t\u00e4yttyy, olisi rotan hyv\u00e4 antaa liikkua joka p\u00e4iv\u00e4 valvotusti vapaana, Lis\u00e4ksi umpinainen juoksupy\u00f6r\u00e4 voi olla tarjolla h\u00e4kiss\u00e4.&nbsp;<\/p>\n\n\n\n<p>Rotat ovat taitavia kiipeilem\u00e4\u00e4n kaltevilla tai rosoisilla pinnoilla ja ne s\u00e4ilytt\u00e4v\u00e4t hyvin tasapainonsa. Naaraat ovat yleens\u00e4 kooltaan pienempi\u00e4 ja k\u00e4ytt\u00e4ytymiselt\u00e4\u00e4n aktiivisempia kuin urokset. Naaraat saattavat my\u00f6s kiipeill\u00e4 enemm\u00e4n. Urokset alkavat etenkin vanhemmiten v\u00e4hent\u00e4\u00e4 kiipeilemist\u00e4 selv\u00e4sti. T\u00e4st\u00e4 syyst\u00e4 naaraille ja nuorille rotille voi hyvin laittaa paljon kiipeilymahdollisuuksia sek\u00e4 eri korkeuksilla  sijaitsevia piilo- ja nukkumapaikkoja, kuten koppeja ja riippumattoja, jopa aivan h\u00e4kin katonrajaan. Vanhemmat urokset sen sijaan tarvitsevat erityisesti vaakasuuntaista tilaa ja lattiatasossa olevia piilopaikkoja.<\/p>\n\n\n\n<h2 class=\"wp-block-heading\">Rotta on seurallinen laumael\u00e4in<\/h2>\n\n\n\n<p>Rotat el\u00e4v\u00e4t luonnossa aina ryhm\u00e4ss\u00e4. Selke\u00e4n arvoj\u00e4rjestyksen&nbsp;ansiosta rotat ratkaisevat ilman tappeluita, mitk\u00e4 niist\u00e4 saavat sellaiset herkkupalat, joista ei riit\u00e4 kaikille.<br><br>Rotat viestiv\u00e4t kesken\u00e4\u00e4n \u00e4\u00e4nill\u00e4, eleill\u00e4 ja hajuilla. Rotan \u00e4\u00e4net ovat niin sanottuja ultra\u00e4\u00e4ni\u00e4 eli niin korkeita \u00e4\u00e4ni\u00e4, ett\u00e4 ihminen ei niit\u00e4 kuule. Elekieleen sis\u00e4ltyy sek\u00e4 pieni\u00e4 ilmeit\u00e4 ett\u00e4 n\u00e4kyv\u00e4mpi\u00e4 osia, kuten toisen rotan yli k\u00e4veleminen. Se on osa normaalia sosiaalista k\u00e4ytt\u00e4ytymist\u00e4 eik\u00e4 haittaa alemmaksi j\u00e4\u00e4v\u00e4\u00e4 rottaa, joten sit\u00e4 ei tarvitse est\u00e4\u00e4. Hajuviestinn\u00e4n avulla rotat merkitsev\u00e4t muun muassa luonnossa kulkemansa reitit. N\u00e4in muut saman klaanin rotat tiet\u00e4v\u00e4t, mist\u00e4 kukakin on mennyt, mik\u00e4 helpottaa yhdess\u00e4 liikkumista. T\u00e4st\u00e4 syyst\u00e4 rotat j\u00e4tt\u00e4v\u00e4t kotonakin v\u00e4lill\u00e4 j\u00e4lkeens\u00e4 pieni\u00e4 pissatippoja kulkiessaan h\u00e4kin ulkopuolella. T\u00e4m\u00e4 on tyypillist\u00e4 etenkin uroksille. Kulkureittien merkitseminen on osa rotan synnynn\u00e4ist\u00e4, vaistomaista k\u00e4ytt\u00e4ytymist\u00e4, jota se ei pysty muuttamaan. Rotan torumisesta ei siksi ole mit\u00e4\u00e4n hy\u00f6ty\u00e4, vaan parempi on vain pyyhk\u00e4ist\u00e4 tipat lattialta kostealla r\u00e4till\u00e4.<\/p>\n\n\n\n<p>Kotonakin rotta tarvitsee viihty\u00e4kseen oikein valitun rottakaverin. Lemmikeiksi kannattaa siis valita samasta poikueesta joko uroksia tai naaraita, kaksi tai useampia. My\u00f6s sekalauma on mahdollinen, mutta tuolloin uros tulee kastroida lis\u00e4\u00e4ntymisen v\u00e4ltt\u00e4miseksi.&nbsp;Aikuiset rotat saattavat my\u00f6s hyv\u00e4ksy\u00e4  joukkoonsa uusia yksil\u00f6it\u00e4, mutta t\u00e4ll\u00f6in uusi poikanen on yleens\u00e4 helpompi hyv\u00e4ksy\u00e4 kuin uusi aikuinen.<\/p>\n\n\n\n<p>Rotilla on sukupuolten k\u00e4ytt\u00e4ytymisess\u00e4 selvempi\u00e4 eroja kuin useimmilla muilla lemmikkijyrsij\u00f6ill\u00e4. T\u00e4m\u00e4 vaikuttaa my\u00f6s siihen, millaisen suhteen ne muodostavat omistajaansa. Naaraat ovat yleens\u00e4  vilkkaampia ja sopivat sellaiselle omistajalle, joka pit\u00e4\u00e4 p\u00e4\u00e4ll\u00e4\u00e4n joka puolella kiipeilevist\u00e4 lemmikeist\u00e4. Urokset ovat etenkin vanhemmiten yleens\u00e4 rauhallisempia, ja niiden joukossa on todenn\u00e4k\u00f6isemmin sellaisia yksil\u00f6it\u00e4, jotka istuvat mielell\u00e4\u00e4n syliss\u00e4 silitelt\u00e4v\u00e4n\u00e4.<\/p>\n\n\n\n<p>Oikein hoidettu rotta kiintyy omistajaansa voimakkaammin kuin muut lemmikkijyrsij\u00e4t \u2013 my\u00f6s siin\u00e4 tapauksessa, ett\u00e4 se saa samanaikaisesti el\u00e4\u00e4 yhdess\u00e4 toisten rottien kanssa. Er\u00e4\u00e4t rottayksil\u00f6t kiintyv\u00e4t  omistajaansa niin paljon, ett\u00e4 ne voi ottaa mukaan ulos omistajansa olkap\u00e4\u00e4ll\u00e4, ja ne pysyttelev\u00e4t omistajansa mukana katoamatta ymp\u00e4rist\u00f6\u00f6n. Mink\u00e4\u00e4n muun jyrsij\u00e4lajin kanssa t\u00e4m\u00e4 ei ole mahdollista.<\/p>\n","protected":false},"excerpt":{"rendered":"<p>Kuva: Silvia\/Pixabay Kesyrotta polveutuu isorotasta, joka on levinnyt ihmisen asumuksiin ja varastoihin eri puolille maailmaa. Alun perin laji on kotoisin Aasiasta. Sen luonnollista elinymp\u00e4rist\u00f6\u00e4 ovat todenn\u00e4k\u00f6isesti olleet arot ja tasangot. Lemmikkijyrsij\u00f6ist\u00e4 rotta on yksi vanhimpia: kesyj\u00e4 rottia pidettiin jo 1800-luvulla. Rotan suosioon my\u00f6t\u00e4vaikuttaa se, ett\u00e4 se on lemmikkijyrsij\u00f6ist\u00e4 kaikkein \u00e4lykk\u00e4impi\u00e4 ja oppivaisimpia. Viihtyisien olojen ja [&hellip;]<\/p>\n","protected":false},"author":8,"featured_media":361,"parent":0,"menu_order":0,"comment_status":"closed","ping_status":"closed","template":"","meta":{"_acf_changed":false,"footnotes":""},"class_list":["post-29","page","type-page","status-publish","has-post-thumbnail","hentry"],"acf":[],"yoast_head":"<!-- This site is optimized with the Yoast SEO plugin v27.1.1 - https:\/\/yoast.com\/product\/yoast-seo-wordpress\/ -->\n<title>Rotta - Lemmikkitieto<\/title>\n<meta name=\"description\" content=\"Lemmikkijyrsij\u00f6ist\u00e4 rotta on yksi vanhimpia. Lemmikkijyrsij\u00f6ist\u00e4 rotta on kaikkein \u00e4lykk\u00e4impi\u00e4 ja oppivaisimpia.\" \/>\n<meta name=\"robots\" content=\"index, follow, max-snippet:-1, max-image-preview:large, max-video-preview:-1\" \/>\n<link rel=\"canonical\" href=\"https:\/\/sey.fi\/lemmikkitieto\/rotta\/\" \/>\n<meta property=\"og:locale\" content=\"fi_FI\" \/>\n<meta property=\"og:type\" content=\"article\" \/>\n<meta property=\"og:title\" content=\"Rotta - Lemmikkitieto\" \/>\n<meta property=\"og:description\" content=\"Lemmikkijyrsij\u00f6ist\u00e4 rotta on yksi vanhimpia. Lemmikkijyrsij\u00f6ist\u00e4 rotta on kaikkein \u00e4lykk\u00e4impi\u00e4 ja oppivaisimpia.\" \/>\n<meta property=\"og:url\" content=\"https:\/\/sey.fi\/lemmikkitieto\/rotta\/\" \/>\n<meta property=\"og:site_name\" content=\"Lemmikkitieto\" \/>\n<meta property=\"article:modified_time\" content=\"2023-12-07T14:53:11+00:00\" \/>\n<meta property=\"og:image\" content=\"https:\/\/sey.fi\/wp-content\/uploads\/sites\/48\/2023\/12\/sey-lemmikkitieto-rotta-1024x512.png\" \/>\n\t<meta property=\"og:image:width\" content=\"1024\" \/>\n\t<meta property=\"og:image:height\" content=\"512\" \/>\n\t<meta property=\"og:image:type\" content=\"image\/png\" \/>\n<meta name=\"twitter:card\" content=\"summary_large_image\" \/>\n<meta name=\"twitter:label1\" content=\"Arvioitu lukuaika\" \/>\n\t<meta name=\"twitter:data1\" content=\"4 minuuttia\" \/>\n<script type=\"application\/ld+json\" class=\"yoast-schema-graph\">{\"@context\":\"https:\/\/schema.org\",\"@graph\":[{\"@type\":\"WebPage\",\"@id\":\"https:\/\/sey.fi\/lemmikkitieto\/rotta\/\",\"url\":\"https:\/\/sey.fi\/lemmikkitieto\/rotta\/\",\"name\":\"Rotta - Lemmikkitieto\",\"isPartOf\":{\"@id\":\"https:\/\/sey.fi\/lemmikkitieto\/#website\"},\"primaryImageOfPage\":{\"@id\":\"https:\/\/sey.fi\/lemmikkitieto\/rotta\/#primaryimage\"},\"image\":{\"@id\":\"https:\/\/sey.fi\/lemmikkitieto\/rotta\/#primaryimage\"},\"thumbnailUrl\":\"https:\/\/sey.fi\/wp-content\/uploads\/sites\/48\/2023\/12\/sey-lemmikkitieto-rotta.png\",\"datePublished\":\"2019-12-10T16:33:26+00:00\",\"dateModified\":\"2023-12-07T14:53:11+00:00\",\"description\":\"Lemmikkijyrsij\u00f6ist\u00e4 rotta on yksi vanhimpia. Lemmikkijyrsij\u00f6ist\u00e4 rotta on kaikkein \u00e4lykk\u00e4impi\u00e4 ja oppivaisimpia.\",\"breadcrumb\":{\"@id\":\"https:\/\/sey.fi\/lemmikkitieto\/rotta\/#breadcrumb\"},\"inLanguage\":\"fi\",\"potentialAction\":[{\"@type\":\"ReadAction\",\"target\":[\"https:\/\/sey.fi\/lemmikkitieto\/rotta\/\"]}]},{\"@type\":\"ImageObject\",\"inLanguage\":\"fi\",\"@id\":\"https:\/\/sey.fi\/lemmikkitieto\/rotta\/#primaryimage\",\"url\":\"https:\/\/sey.fi\/wp-content\/uploads\/sites\/48\/2023\/12\/sey-lemmikkitieto-rotta.png\",\"contentUrl\":\"https:\/\/sey.fi\/wp-content\/uploads\/sites\/48\/2023\/12\/sey-lemmikkitieto-rotta.png\",\"width\":1920,\"height\":960,\"caption\":\"Kaksi rottaa kurkistelevat putkesta\"},{\"@type\":\"BreadcrumbList\",\"@id\":\"https:\/\/sey.fi\/lemmikkitieto\/rotta\/#breadcrumb\",\"itemListElement\":[{\"@type\":\"ListItem\",\"position\":1,\"name\":\"Home\",\"item\":\"https:\/\/sey.fi\/lemmikkitieto\/\"},{\"@type\":\"ListItem\",\"position\":2,\"name\":\"Rotta\"}]},{\"@type\":\"WebSite\",\"@id\":\"https:\/\/sey.fi\/lemmikkitieto\/#website\",\"url\":\"https:\/\/sey.fi\/lemmikkitieto\/\",\"name\":\"Lemmikkitieto\",\"description\":\"Uusi SEY Lemmikkitietosivu\",\"potentialAction\":[{\"@type\":\"SearchAction\",\"target\":{\"@type\":\"EntryPoint\",\"urlTemplate\":\"https:\/\/sey.fi\/lemmikkitieto\/?s={search_term_string}\"},\"query-input\":{\"@type\":\"PropertyValueSpecification\",\"valueRequired\":true,\"valueName\":\"search_term_string\"}}],\"inLanguage\":\"fi\"}]}<\/script>\n<!-- \/ Yoast SEO plugin. -->","yoast_head_json":{"title":"Rotta - Lemmikkitieto","description":"Lemmikkijyrsij\u00f6ist\u00e4 rotta on yksi vanhimpia. Lemmikkijyrsij\u00f6ist\u00e4 rotta on kaikkein \u00e4lykk\u00e4impi\u00e4 ja oppivaisimpia.","robots":{"index":"index","follow":"follow","max-snippet":"max-snippet:-1","max-image-preview":"max-image-preview:large","max-video-preview":"max-video-preview:-1"},"canonical":"https:\/\/sey.fi\/lemmikkitieto\/rotta\/","og_locale":"fi_FI","og_type":"article","og_title":"Rotta - Lemmikkitieto","og_description":"Lemmikkijyrsij\u00f6ist\u00e4 rotta on yksi vanhimpia. Lemmikkijyrsij\u00f6ist\u00e4 rotta on kaikkein \u00e4lykk\u00e4impi\u00e4 ja oppivaisimpia.","og_url":"https:\/\/sey.fi\/lemmikkitieto\/rotta\/","og_site_name":"Lemmikkitieto","article_modified_time":"2023-12-07T14:53:11+00:00","og_image":[{"width":1024,"height":512,"url":"https:\/\/sey.fi\/wp-content\/uploads\/sites\/48\/2023\/12\/sey-lemmikkitieto-rotta-1024x512.png","type":"image\/png"}],"twitter_card":"summary_large_image","twitter_misc":{"Arvioitu lukuaika":"4 minuuttia"},"schema":{"@context":"https:\/\/schema.org","@graph":[{"@type":"WebPage","@id":"https:\/\/sey.fi\/lemmikkitieto\/rotta\/","url":"https:\/\/sey.fi\/lemmikkitieto\/rotta\/","name":"Rotta - Lemmikkitieto","isPartOf":{"@id":"https:\/\/sey.fi\/lemmikkitieto\/#website"},"primaryImageOfPage":{"@id":"https:\/\/sey.fi\/lemmikkitieto\/rotta\/#primaryimage"},"image":{"@id":"https:\/\/sey.fi\/lemmikkitieto\/rotta\/#primaryimage"},"thumbnailUrl":"https:\/\/sey.fi\/wp-content\/uploads\/sites\/48\/2023\/12\/sey-lemmikkitieto-rotta.png","datePublished":"2019-12-10T16:33:26+00:00","dateModified":"2023-12-07T14:53:11+00:00","description":"Lemmikkijyrsij\u00f6ist\u00e4 rotta on yksi vanhimpia. Lemmikkijyrsij\u00f6ist\u00e4 rotta on kaikkein \u00e4lykk\u00e4impi\u00e4 ja oppivaisimpia.","breadcrumb":{"@id":"https:\/\/sey.fi\/lemmikkitieto\/rotta\/#breadcrumb"},"inLanguage":"fi","potentialAction":[{"@type":"ReadAction","target":["https:\/\/sey.fi\/lemmikkitieto\/rotta\/"]}]},{"@type":"ImageObject","inLanguage":"fi","@id":"https:\/\/sey.fi\/lemmikkitieto\/rotta\/#primaryimage","url":"https:\/\/sey.fi\/wp-content\/uploads\/sites\/48\/2023\/12\/sey-lemmikkitieto-rotta.png","contentUrl":"https:\/\/sey.fi\/wp-content\/uploads\/sites\/48\/2023\/12\/sey-lemmikkitieto-rotta.png","width":1920,"height":960,"caption":"Kaksi rottaa kurkistelevat putkesta"},{"@type":"BreadcrumbList","@id":"https:\/\/sey.fi\/lemmikkitieto\/rotta\/#breadcrumb","itemListElement":[{"@type":"ListItem","position":1,"name":"Home","item":"https:\/\/sey.fi\/lemmikkitieto\/"},{"@type":"ListItem","position":2,"name":"Rotta"}]},{"@type":"WebSite","@id":"https:\/\/sey.fi\/lemmikkitieto\/#website","url":"https:\/\/sey.fi\/lemmikkitieto\/","name":"Lemmikkitieto","description":"Uusi SEY Lemmikkitietosivu","potentialAction":[{"@type":"SearchAction","target":{"@type":"EntryPoint","urlTemplate":"https:\/\/sey.fi\/lemmikkitieto\/?s={search_term_string}"},"query-input":{"@type":"PropertyValueSpecification","valueRequired":true,"valueName":"search_term_string"}}],"inLanguage":"fi"}]}},"_links":{"self":[{"href":"https:\/\/sey.fi\/lemmikkitieto\/wp-json\/wp\/v2\/pages\/29","targetHints":{"allow":["GET"]}}],"collection":[{"href":"https:\/\/sey.fi\/lemmikkitieto\/wp-json\/wp\/v2\/pages"}],"about":[{"href":"https:\/\/sey.fi\/lemmikkitieto\/wp-json\/wp\/v2\/types\/page"}],"author":[{"embeddable":true,"href":"https:\/\/sey.fi\/lemmikkitieto\/wp-json\/wp\/v2\/users\/8"}],"replies":[{"embeddable":true,"href":"https:\/\/sey.fi\/lemmikkitieto\/wp-json\/wp\/v2\/comments?post=29"}],"version-history":[{"count":10,"href":"https:\/\/sey.fi\/lemmikkitieto\/wp-json\/wp\/v2\/pages\/29\/revisions"}],"predecessor-version":[{"id":362,"href":"https:\/\/sey.fi\/lemmikkitieto\/wp-json\/wp\/v2\/pages\/29\/revisions\/362"}],"wp:featuredmedia":[{"embeddable":true,"href":"https:\/\/sey.fi\/lemmikkitieto\/wp-json\/wp\/v2\/media\/361"}],"wp:attachment":[{"href":"https:\/\/sey.fi\/lemmikkitieto\/wp-json\/wp\/v2\/media?parent=29"}],"curies":[{"name":"wp","href":"https:\/\/api.w.org\/{rel}","templated":true}]}}