{"id":32,"date":"2019-12-10T18:38:02","date_gmt":"2019-12-10T16:38:02","guid":{"rendered":"http:\/\/srvr10.xetpoint.com\/~seyfi\/lemmikkitieto\/?page_id=32"},"modified":"2023-12-07T16:58:42","modified_gmt":"2023-12-07T14:58:42","slug":"hiiri","status":"publish","type":"page","link":"https:\/\/sey.fi\/lemmikkitieto\/hiiri\/","title":{"rendered":"Hiiri"},"content":{"rendered":"\n<p><em>Kuva: Karsten Paulick\/Pixabay<\/em><\/p>\n\n\n\n<p>Villin\u00e4 el\u00e4inlajina hiiri eli kotihiiri esiintyy eri puolilla maailmaa ihmisen asumuksissa ja ruokavarastoissa. Alkuper\u00e4isin ymp\u00e4rist\u00f6 t\u00e4ll\u00e4 el\u00e4inlajilla ovat Aasian kuivat, etel\u00e4iset arot.<\/p>\n\n\n\n<p>Lemmikkein\u00e4 hiiret ovat aikaisemmin olleet paljon nykyist\u00e4 suositumpia. Hiiri on my\u00f6s yksi pisimp\u00e4\u00e4n lemmikkin\u00e4 olleista jyrsij\u00f6ist\u00e4: lemmikkihiiri\u00e4 pidettiin Euroopassa ja Aasiassa jo 1800-luvulla. On tavallaan s\u00e4\u00e4li, ett\u00e4 laji on mennyt \u201dpois muodista\u201d. Hiirille on nimitt\u00e4in melko helppo j\u00e4rjest\u00e4\u00e4 hyv\u00e4t olot, joissa el\u00e4imet viihtyv\u00e4t. Hiiret sopivat t\u00e4st\u00e4 syyst\u00e4 hyvin my\u00f6s ensikertalaiselle lemmikin hankkijalle.<\/p>\n\n\n\n<p>Hiiret ovat aktiivisimmillaan h\u00e4m\u00e4r\u00e4ss\u00e4 ja y\u00f6ll\u00e4. Elinik\u00e4 on melko lyhyt, parisen vuotta.<br>Nyky\u00e4\u00e4n lemmikkein\u00e4 pidet\u00e4\u00e4n toisinaan muitakin lajeja, jotka ovat per\u00e4isin Afrikan kuivilta seuduilta ja olleet lemmikkein\u00e4 vasta melko lyhyen aikaa: egyptin- ja niilinokahiiri\u00e4, seeprahiiri\u00e4 ja natalhiiri\u00e4 (jotka  nimest\u00e4\u00e4n huolimatta ovat rotan sukulaisia). Yhteist\u00e4 n\u00e4ille on, ett\u00e4 ne ovat arempia kuin perinteiset hiiret, ja niiden kesyyntyminen vaatii enemm\u00e4n aikaa ja kokemusta. Okahiirill\u00e4 ja seeprahiirill\u00e4 on lis\u00e4ksi  helposti vahingoittuva h\u00e4nt\u00e4, ja ne ovat eritt\u00e4in nopealiikkeisi\u00e4. N\u00e4ist\u00e4 syist\u00e4 ne eiv\u00e4t sovi lasten k\u00e4sitelt\u00e4viksi.<\/p>\n\n\n\n<h2 class=\"wp-block-heading\">Hiiri on ketter\u00e4 kiipeilij\u00e4<\/h2>\n\n\n\n<p>Hiirten luontaiseen el\u00e4m\u00e4\u00e4n kuuluu sek\u00e4 liikkumista maan pinnalla ett\u00e4 kiipeily\u00e4. Vaikka lajin alkuper\u00e4iset elinymp\u00e4rist\u00f6t eiv\u00e4t ole kovin mets\u00e4isi\u00e4, hiiret ovat taitavia kiipeilem\u00e4\u00e4n rosoisilla kallioilla ja kaikenlaisilla muilla jalansijaa tarjoavilla alustoilla.<\/p>\n\n\n\n<p>Piilo- ja pes\u00e4paikkoinaan hiiret k\u00e4ytt\u00e4v\u00e4t l\u00f6yt\u00e4mi\u00e4\u00e4n koloja. Ne eiv\u00e4t ole yht\u00e4 intohimoisia kaivajia kuin monet muut lemmikkijyrsij\u00e4t, jotka luonnossa kaivavat k\u00e4yt\u00e4v\u00e4verkostonsa itse.<\/p>\n\n\n\n<p>Kotona hiirten viihtymiselle t\u00e4rke\u00e4\u00e4 on saada el\u00e4\u00e4 samantapaisessa ymp\u00e4rist\u00f6ss\u00e4, johon ne hakeutuisivat luonnossakin: ne kaipaavat  piilopaikkoja ja monenlaisia kiipeilymahdollisuuksia.<\/p>\n\n\n\n<h2 class=\"wp-block-heading\">Perheen\u00e4 tai laumassa<\/h2>\n\n\n\n<p>Ryhm\u00e4ss\u00e4 el\u00e4minen on hiirten luontainen el\u00e4m\u00e4ntapa. Hiirill\u00e4 on er\u00e4s harvinainen ominaisuus: urosten suhtautuminen toisiinsa riippuu osittain siit\u00e4, kuinka paljon hiiri\u00e4 samalla alueella el\u00e4\u00e4. Silloin kun hiiri\u00e4 on harvassa, luonnonvaraiset kotihiiriurokset yll\u00e4pit\u00e4v\u00e4t kukin omaa reviiri\u00e4\u00e4n, jolle ne eiv\u00e4t p\u00e4\u00e4st\u00e4 vieraita uroksia. Naaraat sen sijaan ovat tervetulleita, ja saman uroksen reviirill\u00e4 voi el\u00e4\u00e4 useita naaraita. Naaraat ovat yleens\u00e4 t\u00e4ll\u00f6in my\u00f6s yst\u00e4vi\u00e4 kesken\u00e4\u00e4n. Jos hiirten v\u00e4entiheys kuitenkin kasvaa yli tietyn rajan, urosten k\u00e4ytt\u00e4ytyminen muuttuu.&nbsp;Ne muodostavat konflikteja v\u00e4ltt\u00e4\u00e4kseen urosten v\u00e4lisen arvoj\u00e4rjestyksen, jossa alempiarvoinen p\u00e4\u00e4st\u00e4\u00e4 ylempiarvoisen edelleen silloin, kun ne havittelevat samaa ruokapalaa tai naarasta.&nbsp;<\/p>\n\n\n\n<p>Uroshiirten taipumus el\u00e4\u00e4 tilanteesta riippuen joko kukin omalla reviirill\u00e4\u00e4n tai kaikki yhteisell\u00e4 reviirill\u00e4 selitt\u00e4\u00e4 my\u00f6s sen, miksi lemmikkihiirten omistajilla on niin erilaisia kokemuksia siit\u00e4, tulevatko uroshiiret toimeen kesken\u00e4\u00e4n. Tavallisissa kodeissa, joissa on vain muutamia lemmikkihiiri\u00e4, ei yleens\u00e4 voi pit\u00e4\u00e4 aikuisia uroksia yhdess\u00e4, koska siit\u00e4 seuraa raivoisa ja hengenvaarallinenkin tappelu. Naaraat hyv\u00e4ksyv\u00e4t yleens\u00e4 uudenkin tulokkaan melko helposti, jopa aikuisen naaraan. T\u00e4m\u00e4 ei kuitenkaan miss\u00e4\u00e4n nimess\u00e4 tarkoita, ettei naaraiden esittely toisilleen vaatisi alkuun tarkkaa seurantaa, tai ett\u00e4 se tapahtuisi joka kerralla ja joka parin kanssa automaattisesti ongelmitta.<\/p>\n\n\n\n<p>Hiirill\u00e4 on muiden jyrsij\u00f6iden tavoin eritt\u00e4in hyv\u00e4 hajuaisti, joten se kokee l\u00e4sn\u00e4oleviksi my\u00f6s ne hiiret, jotka ovat eri terraarioissa  mutta samassa huoneessa tai samassa kodissa.<\/p>\n\n\n\n<p>Kotonakin hiiri tarvitsee viihty\u00e4kseen oikein valitun hiirikaverin.<br>Tavallisessa kodissa hiiri\u00e4 on helpointa pit\u00e4\u00e4 pienin\u00e4 naarasryhmin\u00e4. Naaraat hyv\u00e4ksyv\u00e4t yleens\u00e4 uudenkin tulokkaan melko helposti, jopa aikuisen naaraan. Er\u00e4s hiirille ominainen piirre on, ett\u00e4 kaksi samanaikaisesti esitelty\u00e4 uutta tulokasta on joskus helpompi hyv\u00e4ksy\u00e4 kuin yksi.<\/p>\n\n\n\n<p>Hiiret kuulostavat ihmiskorvin \u00e4\u00e4nett\u00f6milt\u00e4. Ne kyll\u00e4 viestiv\u00e4t kesken\u00e4\u00e4n \u00e4\u00e4nill\u00e4, mutta hiirten \u00e4\u00e4net ovat niin sanottuja ultra\u00e4\u00e4ni\u00e4:  niin korkeita \u00e4\u00e4ni\u00e4, ett\u00e4 ihminen ei niit\u00e4 kuule.<\/p>\n","protected":false},"excerpt":{"rendered":"<p>Kuva: Karsten Paulick\/Pixabay Villin\u00e4 el\u00e4inlajina hiiri eli kotihiiri esiintyy eri puolilla maailmaa ihmisen asumuksissa ja ruokavarastoissa. Alkuper\u00e4isin ymp\u00e4rist\u00f6 t\u00e4ll\u00e4 el\u00e4inlajilla ovat Aasian kuivat, etel\u00e4iset arot. Lemmikkein\u00e4 hiiret ovat aikaisemmin olleet paljon nykyist\u00e4 suositumpia. Hiiri on my\u00f6s yksi pisimp\u00e4\u00e4n lemmikkin\u00e4 olleista jyrsij\u00f6ist\u00e4: lemmikkihiiri\u00e4 pidettiin Euroopassa ja Aasiassa jo 1800-luvulla. On tavallaan s\u00e4\u00e4li, ett\u00e4 laji on mennyt [&hellip;]<\/p>\n","protected":false},"author":8,"featured_media":363,"parent":0,"menu_order":0,"comment_status":"closed","ping_status":"closed","template":"","meta":{"_acf_changed":false,"footnotes":""},"class_list":["post-32","page","type-page","status-publish","has-post-thumbnail","hentry"],"acf":[],"yoast_head":"<!-- This site is optimized with the Yoast SEO plugin v27.1.1 - https:\/\/yoast.com\/product\/yoast-seo-wordpress\/ -->\n<title>Hiiri - Lemmikkitieto<\/title>\n<meta name=\"description\" content=\"Hiiret ovat aktiivisimmillaan h\u00e4m\u00e4r\u00e4ss\u00e4 ja y\u00f6ll\u00e4. Hiiren elinik\u00e4 on melko lyhyt, parisen vuotta.\" \/>\n<meta name=\"robots\" content=\"index, follow, max-snippet:-1, max-image-preview:large, max-video-preview:-1\" \/>\n<link rel=\"canonical\" href=\"https:\/\/sey.fi\/lemmikkitieto\/hiiri\/\" \/>\n<meta property=\"og:locale\" content=\"fi_FI\" \/>\n<meta property=\"og:type\" content=\"article\" \/>\n<meta property=\"og:title\" content=\"Hiiri - Lemmikkitieto\" \/>\n<meta property=\"og:description\" content=\"Hiiret ovat aktiivisimmillaan h\u00e4m\u00e4r\u00e4ss\u00e4 ja y\u00f6ll\u00e4. Hiiren elinik\u00e4 on melko lyhyt, parisen vuotta.\" \/>\n<meta property=\"og:url\" content=\"https:\/\/sey.fi\/lemmikkitieto\/hiiri\/\" \/>\n<meta property=\"og:site_name\" content=\"Lemmikkitieto\" \/>\n<meta property=\"article:modified_time\" content=\"2023-12-07T14:58:42+00:00\" \/>\n<meta property=\"og:image\" content=\"https:\/\/sey.fi\/wp-content\/uploads\/sites\/48\/2023\/12\/sey-lemmikkitieto-hiiri-1024x512.png\" \/>\n\t<meta property=\"og:image:width\" content=\"1024\" \/>\n\t<meta property=\"og:image:height\" content=\"512\" \/>\n\t<meta property=\"og:image:type\" content=\"image\/png\" \/>\n<meta name=\"twitter:card\" content=\"summary_large_image\" \/>\n<meta name=\"twitter:label1\" content=\"Arvioitu lukuaika\" \/>\n\t<meta name=\"twitter:data1\" content=\"4 minuuttia\" \/>\n<script type=\"application\/ld+json\" class=\"yoast-schema-graph\">{\"@context\":\"https:\/\/schema.org\",\"@graph\":[{\"@type\":\"WebPage\",\"@id\":\"https:\/\/sey.fi\/lemmikkitieto\/hiiri\/\",\"url\":\"https:\/\/sey.fi\/lemmikkitieto\/hiiri\/\",\"name\":\"Hiiri - Lemmikkitieto\",\"isPartOf\":{\"@id\":\"https:\/\/sey.fi\/lemmikkitieto\/#website\"},\"primaryImageOfPage\":{\"@id\":\"https:\/\/sey.fi\/lemmikkitieto\/hiiri\/#primaryimage\"},\"image\":{\"@id\":\"https:\/\/sey.fi\/lemmikkitieto\/hiiri\/#primaryimage\"},\"thumbnailUrl\":\"https:\/\/sey.fi\/wp-content\/uploads\/sites\/48\/2023\/12\/sey-lemmikkitieto-hiiri.png\",\"datePublished\":\"2019-12-10T16:38:02+00:00\",\"dateModified\":\"2023-12-07T14:58:42+00:00\",\"description\":\"Hiiret ovat aktiivisimmillaan h\u00e4m\u00e4r\u00e4ss\u00e4 ja y\u00f6ll\u00e4. Hiiren elinik\u00e4 on melko lyhyt, parisen vuotta.\",\"breadcrumb\":{\"@id\":\"https:\/\/sey.fi\/lemmikkitieto\/hiiri\/#breadcrumb\"},\"inLanguage\":\"fi\",\"potentialAction\":[{\"@type\":\"ReadAction\",\"target\":[\"https:\/\/sey.fi\/lemmikkitieto\/hiiri\/\"]}]},{\"@type\":\"ImageObject\",\"inLanguage\":\"fi\",\"@id\":\"https:\/\/sey.fi\/lemmikkitieto\/hiiri\/#primaryimage\",\"url\":\"https:\/\/sey.fi\/wp-content\/uploads\/sites\/48\/2023\/12\/sey-lemmikkitieto-hiiri.png\",\"contentUrl\":\"https:\/\/sey.fi\/wp-content\/uploads\/sites\/48\/2023\/12\/sey-lemmikkitieto-hiiri.png\",\"width\":1920,\"height\":960,\"caption\":\"Kolme hiirt\u00e4 kurkistelevat yhdess\u00e4 kasassa pes\u00e4koppinsa suulta\"},{\"@type\":\"BreadcrumbList\",\"@id\":\"https:\/\/sey.fi\/lemmikkitieto\/hiiri\/#breadcrumb\",\"itemListElement\":[{\"@type\":\"ListItem\",\"position\":1,\"name\":\"Home\",\"item\":\"https:\/\/sey.fi\/lemmikkitieto\/\"},{\"@type\":\"ListItem\",\"position\":2,\"name\":\"Hiiri\"}]},{\"@type\":\"WebSite\",\"@id\":\"https:\/\/sey.fi\/lemmikkitieto\/#website\",\"url\":\"https:\/\/sey.fi\/lemmikkitieto\/\",\"name\":\"Lemmikkitieto\",\"description\":\"Uusi SEY Lemmikkitietosivu\",\"potentialAction\":[{\"@type\":\"SearchAction\",\"target\":{\"@type\":\"EntryPoint\",\"urlTemplate\":\"https:\/\/sey.fi\/lemmikkitieto\/?s={search_term_string}\"},\"query-input\":{\"@type\":\"PropertyValueSpecification\",\"valueRequired\":true,\"valueName\":\"search_term_string\"}}],\"inLanguage\":\"fi\"}]}<\/script>\n<!-- \/ Yoast SEO plugin. -->","yoast_head_json":{"title":"Hiiri - Lemmikkitieto","description":"Hiiret ovat aktiivisimmillaan h\u00e4m\u00e4r\u00e4ss\u00e4 ja y\u00f6ll\u00e4. Hiiren elinik\u00e4 on melko lyhyt, parisen vuotta.","robots":{"index":"index","follow":"follow","max-snippet":"max-snippet:-1","max-image-preview":"max-image-preview:large","max-video-preview":"max-video-preview:-1"},"canonical":"https:\/\/sey.fi\/lemmikkitieto\/hiiri\/","og_locale":"fi_FI","og_type":"article","og_title":"Hiiri - Lemmikkitieto","og_description":"Hiiret ovat aktiivisimmillaan h\u00e4m\u00e4r\u00e4ss\u00e4 ja y\u00f6ll\u00e4. Hiiren elinik\u00e4 on melko lyhyt, parisen vuotta.","og_url":"https:\/\/sey.fi\/lemmikkitieto\/hiiri\/","og_site_name":"Lemmikkitieto","article_modified_time":"2023-12-07T14:58:42+00:00","og_image":[{"width":1024,"height":512,"url":"https:\/\/sey.fi\/wp-content\/uploads\/sites\/48\/2023\/12\/sey-lemmikkitieto-hiiri-1024x512.png","type":"image\/png"}],"twitter_card":"summary_large_image","twitter_misc":{"Arvioitu lukuaika":"4 minuuttia"},"schema":{"@context":"https:\/\/schema.org","@graph":[{"@type":"WebPage","@id":"https:\/\/sey.fi\/lemmikkitieto\/hiiri\/","url":"https:\/\/sey.fi\/lemmikkitieto\/hiiri\/","name":"Hiiri - Lemmikkitieto","isPartOf":{"@id":"https:\/\/sey.fi\/lemmikkitieto\/#website"},"primaryImageOfPage":{"@id":"https:\/\/sey.fi\/lemmikkitieto\/hiiri\/#primaryimage"},"image":{"@id":"https:\/\/sey.fi\/lemmikkitieto\/hiiri\/#primaryimage"},"thumbnailUrl":"https:\/\/sey.fi\/wp-content\/uploads\/sites\/48\/2023\/12\/sey-lemmikkitieto-hiiri.png","datePublished":"2019-12-10T16:38:02+00:00","dateModified":"2023-12-07T14:58:42+00:00","description":"Hiiret ovat aktiivisimmillaan h\u00e4m\u00e4r\u00e4ss\u00e4 ja y\u00f6ll\u00e4. Hiiren elinik\u00e4 on melko lyhyt, parisen vuotta.","breadcrumb":{"@id":"https:\/\/sey.fi\/lemmikkitieto\/hiiri\/#breadcrumb"},"inLanguage":"fi","potentialAction":[{"@type":"ReadAction","target":["https:\/\/sey.fi\/lemmikkitieto\/hiiri\/"]}]},{"@type":"ImageObject","inLanguage":"fi","@id":"https:\/\/sey.fi\/lemmikkitieto\/hiiri\/#primaryimage","url":"https:\/\/sey.fi\/wp-content\/uploads\/sites\/48\/2023\/12\/sey-lemmikkitieto-hiiri.png","contentUrl":"https:\/\/sey.fi\/wp-content\/uploads\/sites\/48\/2023\/12\/sey-lemmikkitieto-hiiri.png","width":1920,"height":960,"caption":"Kolme hiirt\u00e4 kurkistelevat yhdess\u00e4 kasassa pes\u00e4koppinsa suulta"},{"@type":"BreadcrumbList","@id":"https:\/\/sey.fi\/lemmikkitieto\/hiiri\/#breadcrumb","itemListElement":[{"@type":"ListItem","position":1,"name":"Home","item":"https:\/\/sey.fi\/lemmikkitieto\/"},{"@type":"ListItem","position":2,"name":"Hiiri"}]},{"@type":"WebSite","@id":"https:\/\/sey.fi\/lemmikkitieto\/#website","url":"https:\/\/sey.fi\/lemmikkitieto\/","name":"Lemmikkitieto","description":"Uusi SEY Lemmikkitietosivu","potentialAction":[{"@type":"SearchAction","target":{"@type":"EntryPoint","urlTemplate":"https:\/\/sey.fi\/lemmikkitieto\/?s={search_term_string}"},"query-input":{"@type":"PropertyValueSpecification","valueRequired":true,"valueName":"search_term_string"}}],"inLanguage":"fi"}]}},"_links":{"self":[{"href":"https:\/\/sey.fi\/lemmikkitieto\/wp-json\/wp\/v2\/pages\/32","targetHints":{"allow":["GET"]}}],"collection":[{"href":"https:\/\/sey.fi\/lemmikkitieto\/wp-json\/wp\/v2\/pages"}],"about":[{"href":"https:\/\/sey.fi\/lemmikkitieto\/wp-json\/wp\/v2\/types\/page"}],"author":[{"embeddable":true,"href":"https:\/\/sey.fi\/lemmikkitieto\/wp-json\/wp\/v2\/users\/8"}],"replies":[{"embeddable":true,"href":"https:\/\/sey.fi\/lemmikkitieto\/wp-json\/wp\/v2\/comments?post=32"}],"version-history":[{"count":5,"href":"https:\/\/sey.fi\/lemmikkitieto\/wp-json\/wp\/v2\/pages\/32\/revisions"}],"predecessor-version":[{"id":365,"href":"https:\/\/sey.fi\/lemmikkitieto\/wp-json\/wp\/v2\/pages\/32\/revisions\/365"}],"wp:featuredmedia":[{"embeddable":true,"href":"https:\/\/sey.fi\/lemmikkitieto\/wp-json\/wp\/v2\/media\/363"}],"wp:attachment":[{"href":"https:\/\/sey.fi\/lemmikkitieto\/wp-json\/wp\/v2\/media?parent=32"}],"curies":[{"name":"wp","href":"https:\/\/api.w.org\/{rel}","templated":true}]}}