{"id":35,"date":"2019-12-10T18:39:28","date_gmt":"2019-12-10T16:39:28","guid":{"rendered":"http:\/\/srvr10.xetpoint.com\/~seyfi\/lemmikkitieto\/?page_id=35"},"modified":"2026-02-13T17:05:22","modified_gmt":"2026-02-13T15:05:22","slug":"mongoliangerbiili","status":"publish","type":"page","link":"https:\/\/sey.fi\/lemmikkitieto\/mongoliangerbiili\/","title":{"rendered":"Mongoliangerbiili"},"content":{"rendered":"\n<p><em>Kuva: Gerhard Janson\/Pixabay<\/em><\/p>\n\n\n\n<p>Mongoliangerbiilin (<em>Meriones Unguiculatus<\/em>) luonnollista elinymp\u00e4rist\u00f6\u00e4 ovat Mongolian kuivat arot ja puoliaavikot. Se on liikkeell\u00e4 melko paljon p\u00e4iv\u00e4saikaankin. Mongoliangerbiilin elinik\u00e4 on yleens\u00e4 kahdesta nelj\u00e4\u00e4n vuotta.<\/p>\n\n\n\n<p>Toisinaan lemmikeiksi myyd\u00e4\u00e4n muitakin l\u00e4hisukuisia, l\u00e4hinn\u00e4 pohjoisafrikkalaisia lajeja. <em>Duprasi<\/em> eli <em>paksuh\u00e4nt\u00e4gerbiili<\/em> \/ <em>rasvah\u00e4nt\u00e4gerbiili<\/em> \/ <em>rasvah\u00e4nt\u00e4jirdi<\/em> <em>(Pachyuromys duprasi)<\/em> on mongoliangerbiili\u00e4 kookkaampi, rauhallisempi ja y\u00f6aktiivinen. Sen erikoispiirteen\u00e4 on vesi- ja rasvavarastona toimiva pullea kalju h\u00e4nt\u00e4.<br><br><em>Shawin jirdi<\/em> eli <em>rannikkojirdi<\/em> (<em>Meriones shawi)<\/em>&nbsp;n\u00e4ytt\u00e4\u00e4 mongoliangerbiililt\u00e4, mutta on kookkaampi ja v\u00e4hemm\u00e4n vilkas.<\/p>\n\n\n\n<p><em>Egyptingerbiili<\/em> eli <em>pohjoisafrikangerbiili<\/em> <em>(Gerbillus gerbillus) <\/em>puolestaan on monessa suhteessa mongoliangerbiilin kaltainen, mutta mongoliangerbiili\u00e4 pienikokoisempi.<\/p>\n\n\n\n<h2 class=\"wp-block-heading\">Luolaverkostoja ja loikkimista<\/h2>\n\n\n\n<p>Mongoliangerbiilin luonnollisessa elinymp\u00e4rist\u00f6ss\u00e4 maaper\u00e4 on enimm\u00e4kseen hiekkaista, ja kasvillisuus koostuu ruohoista ja pensaista. Mongoliangerbiili ei kiipeile, mutta se pystyy loikkimaan metrinkin  mittaisia hyppyj\u00e4.<\/p>\n\n\n\n<p>Petojen saaliiksi joutumiselta v\u00e4ltty\u00e4kseen mongoliangerbiilill\u00e4 on my\u00f6s ep\u00e4toivoisempi keino selviyty\u00e4 h\u00e4t\u00e4tilanteista. Sen h\u00e4nn\u00e4st\u00e4 kuoriutuu iho irti jopa koko pituudelta, jos h\u00e4nn\u00e4st\u00e4 otetaan kiinni. T\u00e4st\u00e4  syyst\u00e4 h\u00e4nn\u00e4n kanssa on kotonakin oltava varovainen, eik\u00e4 siit\u00e4 saa miss\u00e4\u00e4n tilanteessa ottaa kiinni.<\/p>\n\n\n\n<p>Mongoliangerbiilit kaivavat asunnokseen maanalaisen k\u00e4yt\u00e4v\u00e4verkoston. Kaivaminen ja tunneleissa kulkeminen ovat niille t\u00e4rkeit\u00e4 asioita kotonakin. Toinen intohimo on jyrsiminen. Kaikki lemmikkein\u00e4 pidetyt jyrsij\u00e4lajit tarvitsevat kovaa purtavaa, kuten lehtipuiden oksia, mutta mongoliangerbiilill\u00e4 jyrsimisen tarve on erityisen voimakas. Kotona niille voi antaa tyhji\u00e4 pahvirasioita tai paperia revitt\u00e4viksi. Pahvin ja paperin kanssa on oltava varovainen: nyky\u00e4\u00e4n esimerkiksi osa vessapaperirullista on niin sanotusti vedess\u00e4 hajoavaa pahvia, eik\u00e4 t\u00e4llaisia rullia tule miss\u00e4\u00e4n nimess\u00e4 antaa jyrsitt\u00e4v\u00e4ksi yhdellekk\u00e4\u00e4n jyrsij\u00e4lajille. Sanomalehtipaperi taas sis\u00e4lt\u00e4\u00e4 painomustetta, joka on el\u00e4imille myrkyllist\u00e4.<\/p>\n\n\n\n<p>Turkkinsa mongoliangerbiili huoltaa kieriskelem\u00e4ll\u00e4 hienojakoisessa hiekassa. My\u00f6s kotona gerbiilit tarvitsevat tilaisuuden s\u00e4\u00e4nn\u00f6llisiin hiekkakylpyihin.<\/p>\n\n\n\n<h2 class=\"wp-block-heading\">Mongoliangerbiilit el\u00e4v\u00e4t perhekuntina<\/h2>\n\n\n\n<p>Luonnossa mongoliangerbiilit el\u00e4v\u00e4t perhein\u00e4, joihin kuuluvat naaras, uros ja niiden j\u00e4lkel\u00e4iset muutamasta viimeisimm\u00e4st\u00e4 poikueesta. P\u00e4invastoin kuin useimmilla muilla jyrsij\u00f6ill\u00e4, my\u00f6s uros osallistuu poikasten hoitoon. Aikuistuneet naarasj\u00e4lkel\u00e4iset eiv\u00e4t yleens\u00e4 saa omia poikasia niin kauan kuin ne asuvat vanhempiensa kanssa, vaan vasta, jos ne l\u00e4htev\u00e4t omille teilleen. Kotona t\u00e4st\u00e4 seuraa joissain tapauksissa se, ett\u00e4 samassa terraariossa asuvan mongoliangerbiiliperheen naaraspoikaset eiv\u00e4t  ala viel\u00e4 aikuisinakaan lis\u00e4\u00e4nty\u00e4. N\u00e4in ei kuitenkaan aina ole, joten t\u00e4m\u00e4 ei toimi luotettavana  ehk\u00e4isymenetelm\u00e4n\u00e4.<\/p>\n\n\n\n<p>Lajitoverien seura on mongoliangerbiileille t\u00e4rke\u00e4\u00e4 siit\u00e4kin syyst\u00e4, ett\u00e4 toistensa kosketteleminen, nuoleminen ja toisissaan kiinni nukkuminen ovat v\u00e4ltt\u00e4m\u00e4tt\u00f6mi\u00e4 niiden viihtymiselle. Mongoliangerbiili  kaipaa nimenomaan toisen mongoliangerbiilin kosketusta. Vaikka oikein k\u00e4sitelty mongoliangerbiili kesyyntyy hyvin, ihmisen kosketus ei riit\u00e4 korvaamaan lajikumppanin kosketusta.<\/p>\n\n\n\n<p>Kotonakin mongoliangerbiili siis tarvitsee viihty\u00e4kseen oikein valitun lajitoverin. Kotona pidett\u00e4vi\u00e4 mongoliangerbiilikaveruksia valittaessa k\u00e4tev\u00e4\u00e4 on se, ett\u00e4 poikasesta asti yhdess\u00e4 kasvaneet mongoliangerbiilit pysyv\u00e4t hyvin\u00e4 yst\u00e4vin\u00e4 viel\u00e4 aikuisinakin, olivat ne sitten uroksia tai naaraita. T\u00e4m\u00e4 juontaa juurensa niiden elintavoista luonnossa, miss\u00e4 osa poikasista j\u00e4\u00e4 vanhempiensa pes\u00e4\u00e4n sukukypsyyden saavuttamisen j\u00e4lkeenkin. Parasta on siis valita joko uroksia tai naaraita samasta poikueesta. Aikuiset urokset eiv\u00e4t yleens\u00e4 hyv\u00e4ksy uutta aikuista kaverikseen.\u00a0Aikuiset naaraat usein hyv\u00e4ksyv\u00e4t toisensa, mutta totuttamiseen voi menn\u00e4 aikaa viikoista jopa useampaan kuukauteen.<\/p>\n","protected":false},"excerpt":{"rendered":"<p>Kuva: Gerhard Janson\/Pixabay Mongoliangerbiilin (Meriones Unguiculatus) luonnollista elinymp\u00e4rist\u00f6\u00e4 ovat Mongolian kuivat arot ja puoliaavikot. Se on liikkeell\u00e4 melko paljon p\u00e4iv\u00e4saikaankin. Mongoliangerbiilin elinik\u00e4 on yleens\u00e4 kahdesta nelj\u00e4\u00e4n vuotta. Toisinaan lemmikeiksi myyd\u00e4\u00e4n muitakin l\u00e4hisukuisia, l\u00e4hinn\u00e4 pohjoisafrikkalaisia lajeja. Duprasi eli paksuh\u00e4nt\u00e4gerbiili \/ rasvah\u00e4nt\u00e4gerbiili \/ rasvah\u00e4nt\u00e4jirdi (Pachyuromys duprasi) on mongoliangerbiili\u00e4 kookkaampi, rauhallisempi ja y\u00f6aktiivinen. Sen erikoispiirteen\u00e4 on vesi- ja [&hellip;]<\/p>\n","protected":false},"author":8,"featured_media":409,"parent":0,"menu_order":0,"comment_status":"closed","ping_status":"closed","template":"","meta":{"_acf_changed":false,"footnotes":""},"class_list":["post-35","page","type-page","status-publish","has-post-thumbnail","hentry"],"acf":[],"yoast_head":"<!-- This site is optimized with the Yoast SEO plugin v27.1.1 - https:\/\/yoast.com\/product\/yoast-seo-wordpress\/ -->\n<title>Mongoliangerbiili - Lemmikkitieto<\/title>\n<meta name=\"description\" content=\"Mongoliangerbiilin luonnollista elinymp\u00e4rist\u00f6\u00e4 ovat Mongolian kuivat arot ja puoliaavikot.\" \/>\n<meta name=\"robots\" content=\"index, follow, max-snippet:-1, max-image-preview:large, max-video-preview:-1\" \/>\n<link rel=\"canonical\" href=\"https:\/\/sey.fi\/lemmikkitieto\/mongoliangerbiili\/\" \/>\n<meta property=\"og:locale\" content=\"fi_FI\" \/>\n<meta property=\"og:type\" content=\"article\" \/>\n<meta property=\"og:title\" content=\"Mongoliangerbiili - Lemmikkitieto\" \/>\n<meta property=\"og:description\" content=\"Mongoliangerbiilin luonnollista elinymp\u00e4rist\u00f6\u00e4 ovat Mongolian kuivat arot ja puoliaavikot.\" \/>\n<meta property=\"og:url\" content=\"https:\/\/sey.fi\/lemmikkitieto\/mongoliangerbiili\/\" \/>\n<meta property=\"og:site_name\" content=\"Lemmikkitieto\" \/>\n<meta property=\"article:modified_time\" content=\"2026-02-13T15:05:22+00:00\" \/>\n<meta property=\"og:image\" content=\"https:\/\/sey.fi\/wp-content\/uploads\/sites\/48\/2023\/12\/sey-lemmikkitieto-gerbiili-1024x512.png\" \/>\n\t<meta property=\"og:image:width\" content=\"1024\" \/>\n\t<meta property=\"og:image:height\" content=\"512\" \/>\n\t<meta property=\"og:image:type\" content=\"image\/png\" \/>\n<meta name=\"twitter:card\" content=\"summary_large_image\" \/>\n<meta name=\"twitter:label1\" content=\"Arvioitu lukuaika\" \/>\n\t<meta name=\"twitter:data1\" content=\"3 minuuttia\" \/>\n<script type=\"application\/ld+json\" class=\"yoast-schema-graph\">{\"@context\":\"https:\/\/schema.org\",\"@graph\":[{\"@type\":\"WebPage\",\"@id\":\"https:\/\/sey.fi\/lemmikkitieto\/mongoliangerbiili\/\",\"url\":\"https:\/\/sey.fi\/lemmikkitieto\/mongoliangerbiili\/\",\"name\":\"Mongoliangerbiili - Lemmikkitieto\",\"isPartOf\":{\"@id\":\"https:\/\/sey.fi\/lemmikkitieto\/#website\"},\"primaryImageOfPage\":{\"@id\":\"https:\/\/sey.fi\/lemmikkitieto\/mongoliangerbiili\/#primaryimage\"},\"image\":{\"@id\":\"https:\/\/sey.fi\/lemmikkitieto\/mongoliangerbiili\/#primaryimage\"},\"thumbnailUrl\":\"https:\/\/sey.fi\/wp-content\/uploads\/sites\/48\/2023\/12\/sey-lemmikkitieto-gerbiili.png\",\"datePublished\":\"2019-12-10T16:39:28+00:00\",\"dateModified\":\"2026-02-13T15:05:22+00:00\",\"description\":\"Mongoliangerbiilin luonnollista elinymp\u00e4rist\u00f6\u00e4 ovat Mongolian kuivat arot ja puoliaavikot.\",\"breadcrumb\":{\"@id\":\"https:\/\/sey.fi\/lemmikkitieto\/mongoliangerbiili\/#breadcrumb\"},\"inLanguage\":\"fi\",\"potentialAction\":[{\"@type\":\"ReadAction\",\"target\":[\"https:\/\/sey.fi\/lemmikkitieto\/mongoliangerbiili\/\"]}]},{\"@type\":\"ImageObject\",\"inLanguage\":\"fi\",\"@id\":\"https:\/\/sey.fi\/lemmikkitieto\/mongoliangerbiili\/#primaryimage\",\"url\":\"https:\/\/sey.fi\/wp-content\/uploads\/sites\/48\/2023\/12\/sey-lemmikkitieto-gerbiili.png\",\"contentUrl\":\"https:\/\/sey.fi\/wp-content\/uploads\/sites\/48\/2023\/12\/sey-lemmikkitieto-gerbiili.png\",\"width\":1920,\"height\":960,\"caption\":\"gerbiili seisoo takajaloillaan kuivikkeiden keskell\u00e4\"},{\"@type\":\"BreadcrumbList\",\"@id\":\"https:\/\/sey.fi\/lemmikkitieto\/mongoliangerbiili\/#breadcrumb\",\"itemListElement\":[{\"@type\":\"ListItem\",\"position\":1,\"name\":\"Home\",\"item\":\"https:\/\/sey.fi\/lemmikkitieto\/\"},{\"@type\":\"ListItem\",\"position\":2,\"name\":\"Mongoliangerbiili\"}]},{\"@type\":\"WebSite\",\"@id\":\"https:\/\/sey.fi\/lemmikkitieto\/#website\",\"url\":\"https:\/\/sey.fi\/lemmikkitieto\/\",\"name\":\"Lemmikkitieto\",\"description\":\"Uusi SEY Lemmikkitietosivu\",\"potentialAction\":[{\"@type\":\"SearchAction\",\"target\":{\"@type\":\"EntryPoint\",\"urlTemplate\":\"https:\/\/sey.fi\/lemmikkitieto\/?s={search_term_string}\"},\"query-input\":{\"@type\":\"PropertyValueSpecification\",\"valueRequired\":true,\"valueName\":\"search_term_string\"}}],\"inLanguage\":\"fi\"}]}<\/script>\n<!-- \/ Yoast SEO plugin. -->","yoast_head_json":{"title":"Mongoliangerbiili - Lemmikkitieto","description":"Mongoliangerbiilin luonnollista elinymp\u00e4rist\u00f6\u00e4 ovat Mongolian kuivat arot ja puoliaavikot.","robots":{"index":"index","follow":"follow","max-snippet":"max-snippet:-1","max-image-preview":"max-image-preview:large","max-video-preview":"max-video-preview:-1"},"canonical":"https:\/\/sey.fi\/lemmikkitieto\/mongoliangerbiili\/","og_locale":"fi_FI","og_type":"article","og_title":"Mongoliangerbiili - Lemmikkitieto","og_description":"Mongoliangerbiilin luonnollista elinymp\u00e4rist\u00f6\u00e4 ovat Mongolian kuivat arot ja puoliaavikot.","og_url":"https:\/\/sey.fi\/lemmikkitieto\/mongoliangerbiili\/","og_site_name":"Lemmikkitieto","article_modified_time":"2026-02-13T15:05:22+00:00","og_image":[{"width":1024,"height":512,"url":"https:\/\/sey.fi\/wp-content\/uploads\/sites\/48\/2023\/12\/sey-lemmikkitieto-gerbiili-1024x512.png","type":"image\/png"}],"twitter_card":"summary_large_image","twitter_misc":{"Arvioitu lukuaika":"3 minuuttia"},"schema":{"@context":"https:\/\/schema.org","@graph":[{"@type":"WebPage","@id":"https:\/\/sey.fi\/lemmikkitieto\/mongoliangerbiili\/","url":"https:\/\/sey.fi\/lemmikkitieto\/mongoliangerbiili\/","name":"Mongoliangerbiili - Lemmikkitieto","isPartOf":{"@id":"https:\/\/sey.fi\/lemmikkitieto\/#website"},"primaryImageOfPage":{"@id":"https:\/\/sey.fi\/lemmikkitieto\/mongoliangerbiili\/#primaryimage"},"image":{"@id":"https:\/\/sey.fi\/lemmikkitieto\/mongoliangerbiili\/#primaryimage"},"thumbnailUrl":"https:\/\/sey.fi\/wp-content\/uploads\/sites\/48\/2023\/12\/sey-lemmikkitieto-gerbiili.png","datePublished":"2019-12-10T16:39:28+00:00","dateModified":"2026-02-13T15:05:22+00:00","description":"Mongoliangerbiilin luonnollista elinymp\u00e4rist\u00f6\u00e4 ovat Mongolian kuivat arot ja puoliaavikot.","breadcrumb":{"@id":"https:\/\/sey.fi\/lemmikkitieto\/mongoliangerbiili\/#breadcrumb"},"inLanguage":"fi","potentialAction":[{"@type":"ReadAction","target":["https:\/\/sey.fi\/lemmikkitieto\/mongoliangerbiili\/"]}]},{"@type":"ImageObject","inLanguage":"fi","@id":"https:\/\/sey.fi\/lemmikkitieto\/mongoliangerbiili\/#primaryimage","url":"https:\/\/sey.fi\/wp-content\/uploads\/sites\/48\/2023\/12\/sey-lemmikkitieto-gerbiili.png","contentUrl":"https:\/\/sey.fi\/wp-content\/uploads\/sites\/48\/2023\/12\/sey-lemmikkitieto-gerbiili.png","width":1920,"height":960,"caption":"gerbiili seisoo takajaloillaan kuivikkeiden keskell\u00e4"},{"@type":"BreadcrumbList","@id":"https:\/\/sey.fi\/lemmikkitieto\/mongoliangerbiili\/#breadcrumb","itemListElement":[{"@type":"ListItem","position":1,"name":"Home","item":"https:\/\/sey.fi\/lemmikkitieto\/"},{"@type":"ListItem","position":2,"name":"Mongoliangerbiili"}]},{"@type":"WebSite","@id":"https:\/\/sey.fi\/lemmikkitieto\/#website","url":"https:\/\/sey.fi\/lemmikkitieto\/","name":"Lemmikkitieto","description":"Uusi SEY Lemmikkitietosivu","potentialAction":[{"@type":"SearchAction","target":{"@type":"EntryPoint","urlTemplate":"https:\/\/sey.fi\/lemmikkitieto\/?s={search_term_string}"},"query-input":{"@type":"PropertyValueSpecification","valueRequired":true,"valueName":"search_term_string"}}],"inLanguage":"fi"}]}},"_links":{"self":[{"href":"https:\/\/sey.fi\/lemmikkitieto\/wp-json\/wp\/v2\/pages\/35","targetHints":{"allow":["GET"]}}],"collection":[{"href":"https:\/\/sey.fi\/lemmikkitieto\/wp-json\/wp\/v2\/pages"}],"about":[{"href":"https:\/\/sey.fi\/lemmikkitieto\/wp-json\/wp\/v2\/types\/page"}],"author":[{"embeddable":true,"href":"https:\/\/sey.fi\/lemmikkitieto\/wp-json\/wp\/v2\/users\/8"}],"replies":[{"embeddable":true,"href":"https:\/\/sey.fi\/lemmikkitieto\/wp-json\/wp\/v2\/comments?post=35"}],"version-history":[{"count":11,"href":"https:\/\/sey.fi\/lemmikkitieto\/wp-json\/wp\/v2\/pages\/35\/revisions"}],"predecessor-version":[{"id":428,"href":"https:\/\/sey.fi\/lemmikkitieto\/wp-json\/wp\/v2\/pages\/35\/revisions\/428"}],"wp:featuredmedia":[{"embeddable":true,"href":"https:\/\/sey.fi\/lemmikkitieto\/wp-json\/wp\/v2\/media\/409"}],"wp:attachment":[{"href":"https:\/\/sey.fi\/lemmikkitieto\/wp-json\/wp\/v2\/media?parent=35"}],"curies":[{"name":"wp","href":"https:\/\/api.w.org\/{rel}","templated":true}]}}