{"id":46,"date":"2019-12-10T18:46:54","date_gmt":"2019-12-10T16:46:54","guid":{"rendered":"http:\/\/srvr10.xetpoint.com\/~seyfi\/lemmikkitieto\/?page_id=46"},"modified":"2023-12-07T17:14:24","modified_gmt":"2023-12-07T15:14:24","slug":"degu","status":"publish","type":"page","link":"https:\/\/sey.fi\/lemmikkitieto\/degu\/","title":{"rendered":"Degu"},"content":{"rendered":"\n<p><em>Kuva:<\/em> <em>dianakuehn30010\/Pixabay<\/em><\/p>\n\n\n\n<p>Degu eli torvimyyr\u00e4 on kotoisin Andien vuoristoyl\u00e4nk\u00f6jen kuivista osista. Vaikka sen ulkon\u00e4k\u00f6 voi tuoda mieleen tukevan rotan tai kookkaan gerbiilin, sen l\u00e4himm\u00e4t sukulaiset lemmikkijyrsij\u00f6iden joukossa ovat  chinchilla ja marsu. Etenkin chinchillan kanssa degulla on monia yhteisi\u00e4 piirteit\u00e4 k\u00e4ytt\u00e4ytymisen ja ravinnon suhteen.<\/p>\n\n\n\n<p>Degu on p\u00e4iv\u00e4aktiivinen ja pitk\u00e4ik\u00e4inen: oikein hoidettuna se voi el\u00e4\u00e4 yli 10 vuotta. <\/p>\n\n\n\n<h2 class=\"wp-block-heading\">Kiipeily\u00e4 ja kaivautumista<\/h2>\n\n\n\n<p>Kotinaan ja turvapaikkanaan degut k\u00e4ytt\u00e4v\u00e4t&nbsp;itse kaivamaansa tunneliverkostoa. Petojen varalta deguilla on k\u00e4ytett\u00e4viss\u00e4\u00e4n my\u00f6s harvinainen, hyvin \u00e4\u00e4rimm\u00e4inen puolustuskeino.&nbsp;Jos degua tartutaan h\u00e4nn\u00e4st\u00e4 ja el\u00e4in pakenee, saattaa h\u00e4nn\u00e4n nahka ja h\u00e4nn\u00e4np\u00e4\u00e4n karvatupsu irrota.&nbsp;T\u00e4m\u00e4 on sille kivuliasta, eik\u00e4 tilalle kasva uutta h\u00e4nt\u00e4\u00e4.<\/p>\n\n\n\n<p>Kotona degut tarvitsevat runsaasti mahdollisuuksia sek\u00e4 kiipeilemiseen ett\u00e4 kaivautumiseen. Piilopaikat ja tunnelit ovat niinik\u00e4\u00e4n t\u00e4rkeit\u00e4.<\/p>\n\n\n\n<p>Turkkinsa degu huoltaa kieriskelem\u00e4ll\u00e4 hienojakoisessa hiekassa. My\u00f6s kotona degut tarvitsevat tilaisuuden s\u00e4\u00e4nn\u00f6llisiin <a href=\"https:\/\/sey.fi\/lemmikkitieto\/hiekkakylpy\/\" target=\"_blank\" rel=\"noreferrer noopener\">hiekkakylpyihin<\/a>. <\/p>\n\n\n\n<h2 class=\"wp-block-heading\">Degu on puhelias laumael\u00e4in<\/h2>\n\n\n\n<p>Lajitoverien seura on degulle eritt\u00e4in t\u00e4rke\u00e4\u00e4. Luonnossa degut el\u00e4v\u00e4t laumoina, joihin kuuluu sek\u00e4 uroksia ett\u00e4 naaraita. Tunnelien kaivaminen tapahtuu usein yhteisty\u00f6n\u00e4 niin, ett\u00e4 degut asettuvat  ketjuun. Saman lauman naaraat voivat imett\u00e4\u00e4 my\u00f6s toistensa poikasia.<\/p>\n\n\n\n<p>Kotonakin degu tarvitsee viihty\u00e4kseen oikein valitun degukaverin. Degujen luontaisen laumarakenteen ansiosta uroksetkin tulevat toimeen kesken\u00e4\u00e4n, jos ne ovat olleet yhdess\u00e4 poikasesta saakka.<\/p>\n\n\n\n<p>\u00c4\u00e4ni\u00e4 deguilla on enemm\u00e4n kuin useimmilla jyrsij\u00f6ill\u00e4: ainakin 15 erilaista \u00e4\u00e4nt\u00e4 tunnetaan. Ter\u00e4v\u00e4 tirskahdus on varoitus, joka kertoo degun olevan huolissaan tai peloissaan. Tyytyv\u00e4isin\u00e4 toistensa turkkia  sukiessaan degut pit\u00e4v\u00e4t kujertavaa \u00e4\u00e4nt\u00e4.<\/p>\n","protected":false},"excerpt":{"rendered":"<p>Kuva: dianakuehn30010\/Pixabay Degu eli torvimyyr\u00e4 on kotoisin Andien vuoristoyl\u00e4nk\u00f6jen kuivista osista. Vaikka sen ulkon\u00e4k\u00f6 voi tuoda mieleen tukevan rotan tai kookkaan gerbiilin, sen l\u00e4himm\u00e4t sukulaiset lemmikkijyrsij\u00f6iden joukossa ovat chinchilla ja marsu. Etenkin chinchillan kanssa degulla on monia yhteisi\u00e4 piirteit\u00e4 k\u00e4ytt\u00e4ytymisen ja ravinnon suhteen. Degu on p\u00e4iv\u00e4aktiivinen ja pitk\u00e4ik\u00e4inen: oikein hoidettuna se voi el\u00e4\u00e4 yli 10 [&hellip;]<\/p>\n","protected":false},"author":8,"featured_media":373,"parent":0,"menu_order":0,"comment_status":"closed","ping_status":"closed","template":"","meta":{"_acf_changed":false,"footnotes":""},"class_list":["post-46","page","type-page","status-publish","has-post-thumbnail","hentry"],"acf":[],"yoast_head":"<!-- This site is optimized with the Yoast SEO plugin v27.1.1 - https:\/\/yoast.com\/product\/yoast-seo-wordpress\/ -->\n<title>Degu - Lemmikkitieto<\/title>\n<meta name=\"description\" content=\"Degu on p\u00e4iv\u00e4aktiivinen ja pitk\u00e4ik\u00e4inen lemmikki. Oikein hoidettuna se voi el\u00e4\u00e4 yli 10 vuotta.\" \/>\n<meta name=\"robots\" content=\"index, follow, max-snippet:-1, max-image-preview:large, max-video-preview:-1\" \/>\n<link rel=\"canonical\" href=\"https:\/\/sey.fi\/lemmikkitieto\/degu\/\" \/>\n<meta property=\"og:locale\" content=\"fi_FI\" \/>\n<meta property=\"og:type\" content=\"article\" \/>\n<meta property=\"og:title\" content=\"Degu - Lemmikkitieto\" \/>\n<meta property=\"og:description\" content=\"Degu on p\u00e4iv\u00e4aktiivinen ja pitk\u00e4ik\u00e4inen lemmikki. Oikein hoidettuna se voi el\u00e4\u00e4 yli 10 vuotta.\" \/>\n<meta property=\"og:url\" content=\"https:\/\/sey.fi\/lemmikkitieto\/degu\/\" \/>\n<meta property=\"og:site_name\" content=\"Lemmikkitieto\" \/>\n<meta property=\"article:modified_time\" content=\"2023-12-07T15:14:24+00:00\" \/>\n<meta property=\"og:image\" content=\"https:\/\/sey.fi\/wp-content\/uploads\/sites\/48\/2023\/12\/sey-lemmikkitieto-degu-1024x512.png\" \/>\n\t<meta property=\"og:image:width\" content=\"1024\" \/>\n\t<meta property=\"og:image:height\" content=\"512\" \/>\n\t<meta property=\"og:image:type\" content=\"image\/png\" \/>\n<meta name=\"twitter:card\" content=\"summary_large_image\" \/>\n<meta name=\"twitter:label1\" content=\"Arvioitu lukuaika\" \/>\n\t<meta name=\"twitter:data1\" content=\"2 minuuttia\" \/>\n<script type=\"application\/ld+json\" class=\"yoast-schema-graph\">{\"@context\":\"https:\/\/schema.org\",\"@graph\":[{\"@type\":\"WebPage\",\"@id\":\"https:\/\/sey.fi\/lemmikkitieto\/degu\/\",\"url\":\"https:\/\/sey.fi\/lemmikkitieto\/degu\/\",\"name\":\"Degu - Lemmikkitieto\",\"isPartOf\":{\"@id\":\"https:\/\/sey.fi\/lemmikkitieto\/#website\"},\"primaryImageOfPage\":{\"@id\":\"https:\/\/sey.fi\/lemmikkitieto\/degu\/#primaryimage\"},\"image\":{\"@id\":\"https:\/\/sey.fi\/lemmikkitieto\/degu\/#primaryimage\"},\"thumbnailUrl\":\"https:\/\/sey.fi\/wp-content\/uploads\/sites\/48\/2023\/12\/sey-lemmikkitieto-degu.png\",\"datePublished\":\"2019-12-10T16:46:54+00:00\",\"dateModified\":\"2023-12-07T15:14:24+00:00\",\"description\":\"Degu on p\u00e4iv\u00e4aktiivinen ja pitk\u00e4ik\u00e4inen lemmikki. Oikein hoidettuna se voi el\u00e4\u00e4 yli 10 vuotta.\",\"breadcrumb\":{\"@id\":\"https:\/\/sey.fi\/lemmikkitieto\/degu\/#breadcrumb\"},\"inLanguage\":\"fi\",\"potentialAction\":[{\"@type\":\"ReadAction\",\"target\":[\"https:\/\/sey.fi\/lemmikkitieto\/degu\/\"]}]},{\"@type\":\"ImageObject\",\"inLanguage\":\"fi\",\"@id\":\"https:\/\/sey.fi\/lemmikkitieto\/degu\/#primaryimage\",\"url\":\"https:\/\/sey.fi\/wp-content\/uploads\/sites\/48\/2023\/12\/sey-lemmikkitieto-degu.png\",\"contentUrl\":\"https:\/\/sey.fi\/wp-content\/uploads\/sites\/48\/2023\/12\/sey-lemmikkitieto-degu.png\",\"width\":1920,\"height\":960,\"caption\":\"Tummanharmaa degu\"},{\"@type\":\"BreadcrumbList\",\"@id\":\"https:\/\/sey.fi\/lemmikkitieto\/degu\/#breadcrumb\",\"itemListElement\":[{\"@type\":\"ListItem\",\"position\":1,\"name\":\"Home\",\"item\":\"https:\/\/sey.fi\/lemmikkitieto\/\"},{\"@type\":\"ListItem\",\"position\":2,\"name\":\"Degu\"}]},{\"@type\":\"WebSite\",\"@id\":\"https:\/\/sey.fi\/lemmikkitieto\/#website\",\"url\":\"https:\/\/sey.fi\/lemmikkitieto\/\",\"name\":\"Lemmikkitieto\",\"description\":\"Uusi SEY Lemmikkitietosivu\",\"potentialAction\":[{\"@type\":\"SearchAction\",\"target\":{\"@type\":\"EntryPoint\",\"urlTemplate\":\"https:\/\/sey.fi\/lemmikkitieto\/?s={search_term_string}\"},\"query-input\":{\"@type\":\"PropertyValueSpecification\",\"valueRequired\":true,\"valueName\":\"search_term_string\"}}],\"inLanguage\":\"fi\"}]}<\/script>\n<!-- \/ Yoast SEO plugin. -->","yoast_head_json":{"title":"Degu - Lemmikkitieto","description":"Degu on p\u00e4iv\u00e4aktiivinen ja pitk\u00e4ik\u00e4inen lemmikki. Oikein hoidettuna se voi el\u00e4\u00e4 yli 10 vuotta.","robots":{"index":"index","follow":"follow","max-snippet":"max-snippet:-1","max-image-preview":"max-image-preview:large","max-video-preview":"max-video-preview:-1"},"canonical":"https:\/\/sey.fi\/lemmikkitieto\/degu\/","og_locale":"fi_FI","og_type":"article","og_title":"Degu - Lemmikkitieto","og_description":"Degu on p\u00e4iv\u00e4aktiivinen ja pitk\u00e4ik\u00e4inen lemmikki. Oikein hoidettuna se voi el\u00e4\u00e4 yli 10 vuotta.","og_url":"https:\/\/sey.fi\/lemmikkitieto\/degu\/","og_site_name":"Lemmikkitieto","article_modified_time":"2023-12-07T15:14:24+00:00","og_image":[{"width":1024,"height":512,"url":"https:\/\/sey.fi\/wp-content\/uploads\/sites\/48\/2023\/12\/sey-lemmikkitieto-degu-1024x512.png","type":"image\/png"}],"twitter_card":"summary_large_image","twitter_misc":{"Arvioitu lukuaika":"2 minuuttia"},"schema":{"@context":"https:\/\/schema.org","@graph":[{"@type":"WebPage","@id":"https:\/\/sey.fi\/lemmikkitieto\/degu\/","url":"https:\/\/sey.fi\/lemmikkitieto\/degu\/","name":"Degu - Lemmikkitieto","isPartOf":{"@id":"https:\/\/sey.fi\/lemmikkitieto\/#website"},"primaryImageOfPage":{"@id":"https:\/\/sey.fi\/lemmikkitieto\/degu\/#primaryimage"},"image":{"@id":"https:\/\/sey.fi\/lemmikkitieto\/degu\/#primaryimage"},"thumbnailUrl":"https:\/\/sey.fi\/wp-content\/uploads\/sites\/48\/2023\/12\/sey-lemmikkitieto-degu.png","datePublished":"2019-12-10T16:46:54+00:00","dateModified":"2023-12-07T15:14:24+00:00","description":"Degu on p\u00e4iv\u00e4aktiivinen ja pitk\u00e4ik\u00e4inen lemmikki. Oikein hoidettuna se voi el\u00e4\u00e4 yli 10 vuotta.","breadcrumb":{"@id":"https:\/\/sey.fi\/lemmikkitieto\/degu\/#breadcrumb"},"inLanguage":"fi","potentialAction":[{"@type":"ReadAction","target":["https:\/\/sey.fi\/lemmikkitieto\/degu\/"]}]},{"@type":"ImageObject","inLanguage":"fi","@id":"https:\/\/sey.fi\/lemmikkitieto\/degu\/#primaryimage","url":"https:\/\/sey.fi\/wp-content\/uploads\/sites\/48\/2023\/12\/sey-lemmikkitieto-degu.png","contentUrl":"https:\/\/sey.fi\/wp-content\/uploads\/sites\/48\/2023\/12\/sey-lemmikkitieto-degu.png","width":1920,"height":960,"caption":"Tummanharmaa degu"},{"@type":"BreadcrumbList","@id":"https:\/\/sey.fi\/lemmikkitieto\/degu\/#breadcrumb","itemListElement":[{"@type":"ListItem","position":1,"name":"Home","item":"https:\/\/sey.fi\/lemmikkitieto\/"},{"@type":"ListItem","position":2,"name":"Degu"}]},{"@type":"WebSite","@id":"https:\/\/sey.fi\/lemmikkitieto\/#website","url":"https:\/\/sey.fi\/lemmikkitieto\/","name":"Lemmikkitieto","description":"Uusi SEY Lemmikkitietosivu","potentialAction":[{"@type":"SearchAction","target":{"@type":"EntryPoint","urlTemplate":"https:\/\/sey.fi\/lemmikkitieto\/?s={search_term_string}"},"query-input":{"@type":"PropertyValueSpecification","valueRequired":true,"valueName":"search_term_string"}}],"inLanguage":"fi"}]}},"_links":{"self":[{"href":"https:\/\/sey.fi\/lemmikkitieto\/wp-json\/wp\/v2\/pages\/46","targetHints":{"allow":["GET"]}}],"collection":[{"href":"https:\/\/sey.fi\/lemmikkitieto\/wp-json\/wp\/v2\/pages"}],"about":[{"href":"https:\/\/sey.fi\/lemmikkitieto\/wp-json\/wp\/v2\/types\/page"}],"author":[{"embeddable":true,"href":"https:\/\/sey.fi\/lemmikkitieto\/wp-json\/wp\/v2\/users\/8"}],"replies":[{"embeddable":true,"href":"https:\/\/sey.fi\/lemmikkitieto\/wp-json\/wp\/v2\/comments?post=46"}],"version-history":[{"count":3,"href":"https:\/\/sey.fi\/lemmikkitieto\/wp-json\/wp\/v2\/pages\/46\/revisions"}],"predecessor-version":[{"id":374,"href":"https:\/\/sey.fi\/lemmikkitieto\/wp-json\/wp\/v2\/pages\/46\/revisions\/374"}],"wp:featuredmedia":[{"embeddable":true,"href":"https:\/\/sey.fi\/lemmikkitieto\/wp-json\/wp\/v2\/media\/373"}],"wp:attachment":[{"href":"https:\/\/sey.fi\/lemmikkitieto\/wp-json\/wp\/v2\/media?parent=46"}],"curies":[{"name":"wp","href":"https:\/\/api.w.org\/{rel}","templated":true}]}}