{"id":49,"date":"2019-12-10T18:48:37","date_gmt":"2019-12-10T16:48:37","guid":{"rendered":"http:\/\/srvr10.xetpoint.com\/~seyfi\/lemmikkitieto\/?page_id=49"},"modified":"2023-12-07T17:11:38","modified_gmt":"2023-12-07T15:11:38","slug":"chinchilla","status":"publish","type":"page","link":"https:\/\/sey.fi\/lemmikkitieto\/chinchilla\/","title":{"rendered":"Chinchilla"},"content":{"rendered":"\n<p><em>Kuva: Martina\/Pixabay<\/em><\/p>\n\n\n\n<p>Chinchilla on kotoisin Andien vuoristoyl\u00e4nk\u00f6jen kuivista osista. Vaikka sen ulkon\u00e4k\u00f6 voi tuoda mieleen pienen kanin, sen l\u00e4himm\u00e4t sukulaiset lemmikkien joukossa ovat degu ja marsu. Etenkin degun kanssa  chinchillalla on monia yhteisi\u00e4 piirteit\u00e4 k\u00e4ytt\u00e4ytymisen ja ravinnon suhteen.<\/p>\n\n\n\n<p>Chinchilla on h\u00e4m\u00e4r\u00e4- ja y\u00f6aktiivinen&nbsp;el\u00e4in, mutta se voidaan tavata hereill\u00e4 p\u00e4iv\u00e4saikaankin.&nbsp;Laji on pitk\u00e4ik\u00e4inen: hyvinhoidettu chinchilla el\u00e4\u00e4 yleens\u00e4 8-10 vuotta, mutta my\u00f6s t\u00e4t\u00e4 huomattavasti vanhempia chinchilloja on tiedossa.<\/p>\n\n\n\n<h2 class=\"wp-block-heading\">Loikkia kallionlohkareilla<\/h2>\n\n\n\n<p>Chinchillan ominta ymp\u00e4rist\u00f6\u00e4 ovat kalliolouhikot. Niiss\u00e4 se hyppelee lohkareelta lohkareelle jopa l\u00e4hes kaksimetrisi\u00e4 loikkia.<\/p>\n\n\n\n<p>Piilo- ja pes\u00e4pakkoinaan chinchillat k\u00e4ytt\u00e4v\u00e4t kallionkoloja. My\u00f6s muiden el\u00e4inten maahan kaivamat luolat sopivat samaan tarkoitukseen. Chinchillat eiv\u00e4t kuitenkaan kaiva itse.<\/p>\n\n\n\n<p>Kotona chinchillat tarvitsevat kiipeilypaikoikseen eri korkeuksille asetettuja hyllyj\u00e4, joiden v\u00e4lill\u00e4 ne voivat loikkia. Piilopaikat ovat niinik\u00e4\u00e4n t\u00e4rkeit\u00e4.<\/p>\n\n\n\n<p>Turkkinsa chinchilla huoltaa kieriskelem\u00e4ll\u00e4 hienojakoisessa hiekassa. My\u00f6s kotona chinchillat tarvitsevat tilaisuuden s\u00e4\u00e4nn\u00f6llisiin hiekkakylpyihin.<\/p>\n\n\n\n<h2 class=\"wp-block-heading\">Chinchilla ei viihdy yksin<\/h2>\n\n\n\n<p>Chinchilla el\u00e4\u00e4 luonnossa yhdyskuntina, eik\u00e4 lemmikichinchillakaan viihdy yksin. Mahdollinen&nbsp;yhdistelm\u00e4 on kaksi yhdess\u00e4 kasvanutta naarasta tai \u00e4iti ja tyt\u00e4r. My\u00f6s uros-naarasparit tulevat yleens\u00e4 hyvin toimeen kesken\u00e4\u00e4n, mutta perheenlis\u00e4yksen v\u00e4ltt\u00e4miseksi uros on kastroitava. <\/p>\n\n\n\n<p>Urokset tappelevat helposti kesken\u00e4\u00e4n samoin kuin kaksi toisilleen vierasta naarasta. Aikuinen chinchilla ei yleens\u00e4 hyv\u00e4ksy vierasta poikasta eik\u00e4 samaa sukupuolta olevaa aikuista. Yksin\u00e4isen chinchillan uudeksi kumppaniksi paras valinta onkin vastakkaista sukupuolta edustava aikuinen.<\/p>\n\n\n\n<p>\u00c4\u00e4ntelyyn sis\u00e4ltyy muun muassa tyytyv\u00e4isyydest\u00e4 kertova kujerrus. Pel\u00e4styess\u00e4\u00e4n chinchilla voi kajauttaa varoitus\u00e4\u00e4nen, joka on \u00e4killinen, nopea oravamainen s\u00e4ks\u00e4hdys, tai sarja nopeita \u00e4\u00e4ni\u00e4.<\/p>\n","protected":false},"excerpt":{"rendered":"<p>Kuva: Martina\/Pixabay Chinchilla on kotoisin Andien vuoristoyl\u00e4nk\u00f6jen kuivista osista. Vaikka sen ulkon\u00e4k\u00f6 voi tuoda mieleen pienen kanin, sen l\u00e4himm\u00e4t sukulaiset lemmikkien joukossa ovat degu ja marsu. Etenkin degun kanssa chinchillalla on monia yhteisi\u00e4 piirteit\u00e4 k\u00e4ytt\u00e4ytymisen ja ravinnon suhteen. Chinchilla on h\u00e4m\u00e4r\u00e4- ja y\u00f6aktiivinen&nbsp;el\u00e4in, mutta se voidaan tavata hereill\u00e4 p\u00e4iv\u00e4saikaankin.&nbsp;Laji on pitk\u00e4ik\u00e4inen: hyvinhoidettu chinchilla el\u00e4\u00e4 yleens\u00e4 [&hellip;]<\/p>\n","protected":false},"author":8,"featured_media":371,"parent":0,"menu_order":0,"comment_status":"closed","ping_status":"closed","template":"","meta":{"_acf_changed":false,"footnotes":""},"class_list":["post-49","page","type-page","status-publish","has-post-thumbnail","hentry"],"acf":[],"yoast_head":"<!-- This site is optimized with the Yoast SEO plugin v27.1.1 - https:\/\/yoast.com\/product\/yoast-seo-wordpress\/ -->\n<title>Chinchilla - Lemmikkitieto<\/title>\n<meta name=\"description\" content=\"Chinchilla on h\u00e4m\u00e4r\u00e4- ja y\u00f6aktiivinen\u00a0el\u00e4in, mutta se voidaan tavata hereill\u00e4 p\u00e4iv\u00e4saikaankin.\u00a0Laji on pitk\u00e4ik\u00e4inen.\" \/>\n<meta name=\"robots\" content=\"index, follow, max-snippet:-1, max-image-preview:large, max-video-preview:-1\" \/>\n<link rel=\"canonical\" href=\"https:\/\/sey.fi\/lemmikkitieto\/chinchilla\/\" \/>\n<meta property=\"og:locale\" content=\"fi_FI\" \/>\n<meta property=\"og:type\" content=\"article\" \/>\n<meta property=\"og:title\" content=\"Chinchilla - Lemmikkitieto\" \/>\n<meta property=\"og:description\" content=\"Chinchilla on h\u00e4m\u00e4r\u00e4- ja y\u00f6aktiivinen\u00a0el\u00e4in, mutta se voidaan tavata hereill\u00e4 p\u00e4iv\u00e4saikaankin.\u00a0Laji on pitk\u00e4ik\u00e4inen.\" \/>\n<meta property=\"og:url\" content=\"https:\/\/sey.fi\/lemmikkitieto\/chinchilla\/\" \/>\n<meta property=\"og:site_name\" content=\"Lemmikkitieto\" \/>\n<meta property=\"article:modified_time\" content=\"2023-12-07T15:11:38+00:00\" \/>\n<meta property=\"og:image\" content=\"https:\/\/sey.fi\/wp-content\/uploads\/sites\/48\/2023\/12\/sey-lemmikkitieto-chinchilla-1024x512.png\" \/>\n\t<meta property=\"og:image:width\" content=\"1024\" \/>\n\t<meta property=\"og:image:height\" content=\"512\" \/>\n\t<meta property=\"og:image:type\" content=\"image\/png\" \/>\n<meta name=\"twitter:card\" content=\"summary_large_image\" \/>\n<meta name=\"twitter:label1\" content=\"Arvioitu lukuaika\" \/>\n\t<meta name=\"twitter:data1\" content=\"2 minuuttia\" \/>\n<script type=\"application\/ld+json\" class=\"yoast-schema-graph\">{\"@context\":\"https:\/\/schema.org\",\"@graph\":[{\"@type\":\"WebPage\",\"@id\":\"https:\/\/sey.fi\/lemmikkitieto\/chinchilla\/\",\"url\":\"https:\/\/sey.fi\/lemmikkitieto\/chinchilla\/\",\"name\":\"Chinchilla - Lemmikkitieto\",\"isPartOf\":{\"@id\":\"https:\/\/sey.fi\/lemmikkitieto\/#website\"},\"primaryImageOfPage\":{\"@id\":\"https:\/\/sey.fi\/lemmikkitieto\/chinchilla\/#primaryimage\"},\"image\":{\"@id\":\"https:\/\/sey.fi\/lemmikkitieto\/chinchilla\/#primaryimage\"},\"thumbnailUrl\":\"https:\/\/sey.fi\/wp-content\/uploads\/sites\/48\/2023\/12\/sey-lemmikkitieto-chinchilla.png\",\"datePublished\":\"2019-12-10T16:48:37+00:00\",\"dateModified\":\"2023-12-07T15:11:38+00:00\",\"description\":\"Chinchilla on h\u00e4m\u00e4r\u00e4- ja y\u00f6aktiivinen\u00a0el\u00e4in, mutta se voidaan tavata hereill\u00e4 p\u00e4iv\u00e4saikaankin.\u00a0Laji on pitk\u00e4ik\u00e4inen.\",\"breadcrumb\":{\"@id\":\"https:\/\/sey.fi\/lemmikkitieto\/chinchilla\/#breadcrumb\"},\"inLanguage\":\"fi\",\"potentialAction\":[{\"@type\":\"ReadAction\",\"target\":[\"https:\/\/sey.fi\/lemmikkitieto\/chinchilla\/\"]}]},{\"@type\":\"ImageObject\",\"inLanguage\":\"fi\",\"@id\":\"https:\/\/sey.fi\/lemmikkitieto\/chinchilla\/#primaryimage\",\"url\":\"https:\/\/sey.fi\/wp-content\/uploads\/sites\/48\/2023\/12\/sey-lemmikkitieto-chinchilla.png\",\"contentUrl\":\"https:\/\/sey.fi\/wp-content\/uploads\/sites\/48\/2023\/12\/sey-lemmikkitieto-chinchilla.png\",\"width\":1920,\"height\":960,\"caption\":\"chinchilla suojatunnelinsa suulla\"},{\"@type\":\"BreadcrumbList\",\"@id\":\"https:\/\/sey.fi\/lemmikkitieto\/chinchilla\/#breadcrumb\",\"itemListElement\":[{\"@type\":\"ListItem\",\"position\":1,\"name\":\"Home\",\"item\":\"https:\/\/sey.fi\/lemmikkitieto\/\"},{\"@type\":\"ListItem\",\"position\":2,\"name\":\"Chinchilla\"}]},{\"@type\":\"WebSite\",\"@id\":\"https:\/\/sey.fi\/lemmikkitieto\/#website\",\"url\":\"https:\/\/sey.fi\/lemmikkitieto\/\",\"name\":\"Lemmikkitieto\",\"description\":\"Uusi SEY Lemmikkitietosivu\",\"potentialAction\":[{\"@type\":\"SearchAction\",\"target\":{\"@type\":\"EntryPoint\",\"urlTemplate\":\"https:\/\/sey.fi\/lemmikkitieto\/?s={search_term_string}\"},\"query-input\":{\"@type\":\"PropertyValueSpecification\",\"valueRequired\":true,\"valueName\":\"search_term_string\"}}],\"inLanguage\":\"fi\"}]}<\/script>\n<!-- \/ Yoast SEO plugin. -->","yoast_head_json":{"title":"Chinchilla - Lemmikkitieto","description":"Chinchilla on h\u00e4m\u00e4r\u00e4- ja y\u00f6aktiivinen\u00a0el\u00e4in, mutta se voidaan tavata hereill\u00e4 p\u00e4iv\u00e4saikaankin.\u00a0Laji on pitk\u00e4ik\u00e4inen.","robots":{"index":"index","follow":"follow","max-snippet":"max-snippet:-1","max-image-preview":"max-image-preview:large","max-video-preview":"max-video-preview:-1"},"canonical":"https:\/\/sey.fi\/lemmikkitieto\/chinchilla\/","og_locale":"fi_FI","og_type":"article","og_title":"Chinchilla - Lemmikkitieto","og_description":"Chinchilla on h\u00e4m\u00e4r\u00e4- ja y\u00f6aktiivinen\u00a0el\u00e4in, mutta se voidaan tavata hereill\u00e4 p\u00e4iv\u00e4saikaankin.\u00a0Laji on pitk\u00e4ik\u00e4inen.","og_url":"https:\/\/sey.fi\/lemmikkitieto\/chinchilla\/","og_site_name":"Lemmikkitieto","article_modified_time":"2023-12-07T15:11:38+00:00","og_image":[{"width":1024,"height":512,"url":"https:\/\/sey.fi\/wp-content\/uploads\/sites\/48\/2023\/12\/sey-lemmikkitieto-chinchilla-1024x512.png","type":"image\/png"}],"twitter_card":"summary_large_image","twitter_misc":{"Arvioitu lukuaika":"2 minuuttia"},"schema":{"@context":"https:\/\/schema.org","@graph":[{"@type":"WebPage","@id":"https:\/\/sey.fi\/lemmikkitieto\/chinchilla\/","url":"https:\/\/sey.fi\/lemmikkitieto\/chinchilla\/","name":"Chinchilla - Lemmikkitieto","isPartOf":{"@id":"https:\/\/sey.fi\/lemmikkitieto\/#website"},"primaryImageOfPage":{"@id":"https:\/\/sey.fi\/lemmikkitieto\/chinchilla\/#primaryimage"},"image":{"@id":"https:\/\/sey.fi\/lemmikkitieto\/chinchilla\/#primaryimage"},"thumbnailUrl":"https:\/\/sey.fi\/wp-content\/uploads\/sites\/48\/2023\/12\/sey-lemmikkitieto-chinchilla.png","datePublished":"2019-12-10T16:48:37+00:00","dateModified":"2023-12-07T15:11:38+00:00","description":"Chinchilla on h\u00e4m\u00e4r\u00e4- ja y\u00f6aktiivinen\u00a0el\u00e4in, mutta se voidaan tavata hereill\u00e4 p\u00e4iv\u00e4saikaankin.\u00a0Laji on pitk\u00e4ik\u00e4inen.","breadcrumb":{"@id":"https:\/\/sey.fi\/lemmikkitieto\/chinchilla\/#breadcrumb"},"inLanguage":"fi","potentialAction":[{"@type":"ReadAction","target":["https:\/\/sey.fi\/lemmikkitieto\/chinchilla\/"]}]},{"@type":"ImageObject","inLanguage":"fi","@id":"https:\/\/sey.fi\/lemmikkitieto\/chinchilla\/#primaryimage","url":"https:\/\/sey.fi\/wp-content\/uploads\/sites\/48\/2023\/12\/sey-lemmikkitieto-chinchilla.png","contentUrl":"https:\/\/sey.fi\/wp-content\/uploads\/sites\/48\/2023\/12\/sey-lemmikkitieto-chinchilla.png","width":1920,"height":960,"caption":"chinchilla suojatunnelinsa suulla"},{"@type":"BreadcrumbList","@id":"https:\/\/sey.fi\/lemmikkitieto\/chinchilla\/#breadcrumb","itemListElement":[{"@type":"ListItem","position":1,"name":"Home","item":"https:\/\/sey.fi\/lemmikkitieto\/"},{"@type":"ListItem","position":2,"name":"Chinchilla"}]},{"@type":"WebSite","@id":"https:\/\/sey.fi\/lemmikkitieto\/#website","url":"https:\/\/sey.fi\/lemmikkitieto\/","name":"Lemmikkitieto","description":"Uusi SEY Lemmikkitietosivu","potentialAction":[{"@type":"SearchAction","target":{"@type":"EntryPoint","urlTemplate":"https:\/\/sey.fi\/lemmikkitieto\/?s={search_term_string}"},"query-input":{"@type":"PropertyValueSpecification","valueRequired":true,"valueName":"search_term_string"}}],"inLanguage":"fi"}]}},"_links":{"self":[{"href":"https:\/\/sey.fi\/lemmikkitieto\/wp-json\/wp\/v2\/pages\/49","targetHints":{"allow":["GET"]}}],"collection":[{"href":"https:\/\/sey.fi\/lemmikkitieto\/wp-json\/wp\/v2\/pages"}],"about":[{"href":"https:\/\/sey.fi\/lemmikkitieto\/wp-json\/wp\/v2\/types\/page"}],"author":[{"embeddable":true,"href":"https:\/\/sey.fi\/lemmikkitieto\/wp-json\/wp\/v2\/users\/8"}],"replies":[{"embeddable":true,"href":"https:\/\/sey.fi\/lemmikkitieto\/wp-json\/wp\/v2\/comments?post=49"}],"version-history":[{"count":3,"href":"https:\/\/sey.fi\/lemmikkitieto\/wp-json\/wp\/v2\/pages\/49\/revisions"}],"predecessor-version":[{"id":372,"href":"https:\/\/sey.fi\/lemmikkitieto\/wp-json\/wp\/v2\/pages\/49\/revisions\/372"}],"wp:featuredmedia":[{"embeddable":true,"href":"https:\/\/sey.fi\/lemmikkitieto\/wp-json\/wp\/v2\/media\/371"}],"wp:attachment":[{"href":"https:\/\/sey.fi\/lemmikkitieto\/wp-json\/wp\/v2\/media?parent=49"}],"curies":[{"name":"wp","href":"https:\/\/api.w.org\/{rel}","templated":true}]}}