{"id":53,"date":"2019-12-10T18:53:31","date_gmt":"2019-12-10T16:53:31","guid":{"rendered":"http:\/\/srvr10.xetpoint.com\/~seyfi\/lemmikkitieto\/?page_id=53"},"modified":"2023-12-07T12:13:08","modified_gmt":"2023-12-07T10:13:08","slug":"pitopaikka","status":"publish","type":"page","link":"https:\/\/sey.fi\/lemmikkitieto\/pitopaikka\/","title":{"rendered":"Pitopaikka"},"content":{"rendered":"\n<p><em>Kuva: Jackie Lou DL\/Pixabay<\/em><\/p>\n\n\n\n<p>Marsuja, kaneja ja muita pikkunis\u00e4kk\u00e4it\u00e4 ajatellaan usein helppoina h\u00e4kkilemmikkein\u00e4. Todellisuudessa mik\u00e4\u00e4n el\u00e4in ei ole luonnostaan \u201dh\u00e4kkiel\u00e4in\u201d, eik\u00e4 yhdellek\u00e4\u00e4n nis\u00e4k\u00e4slajille ole luonnollista el\u00e4\u00e4 sen  kokoisessa tilassa, jota tavanomaiset el\u00e4inkaupoissa myyt\u00e4v\u00e4t jyrsij\u00e4- tai kanih\u00e4kit ovat.<\/p>\n\n\n\n<p>Kaikilla lemmikkein\u00e4 pidett\u00e4vill\u00e4 pikkunis\u00e4kk\u00e4ill\u00e4 on edelleen tallella luonnonvaraisten esi-isiens\u00e4 k\u00e4ytt\u00e4ytymistarpeet. Lajin luontaisia elinpaikkoja muistuttava, monipuolinen ymp\u00e4rist\u00f6 ei ole pelkk\u00e4\u00e4 ylellisyytt\u00e4, vaan v\u00e4ltt\u00e4m\u00e4tt\u00f6myys lemmikkien hyvinvoinnille.<\/p>\n\n\n\n<p>Esimerkiksi kanin osalta voi sanoa, ett\u00e4 kanit p\u00e4rj\u00e4\u00e4v\u00e4t usein viile\u00e4mm\u00e4ss\u00e4kin ja saattavat hakeutua talvisinkin ulkoilemaan jos siihen on annettu mahdollisuus, mutta vetoa ne eiv\u00e4t sied\u00e4. Toisaalta kani on my\u00f6s todella herkk\u00e4 kuumalle ja altis esimerkiksi l\u00e4mp\u00f6halvaukselle.<\/p>\n","protected":false},"excerpt":{"rendered":"<p>Kuva: Jackie Lou DL\/Pixabay Marsuja, kaneja ja muita pikkunis\u00e4kk\u00e4it\u00e4 ajatellaan usein helppoina h\u00e4kkilemmikkein\u00e4. Todellisuudessa mik\u00e4\u00e4n el\u00e4in ei ole luonnostaan \u201dh\u00e4kkiel\u00e4in\u201d, eik\u00e4 yhdellek\u00e4\u00e4n nis\u00e4k\u00e4slajille ole luonnollista el\u00e4\u00e4 sen kokoisessa tilassa, jota tavanomaiset el\u00e4inkaupoissa myyt\u00e4v\u00e4t jyrsij\u00e4- tai kanih\u00e4kit ovat. Kaikilla lemmikkein\u00e4 pidett\u00e4vill\u00e4 pikkunis\u00e4kk\u00e4ill\u00e4 on edelleen tallella luonnonvaraisten esi-isiens\u00e4 k\u00e4ytt\u00e4ytymistarpeet. Lajin luontaisia elinpaikkoja muistuttava, monipuolinen ymp\u00e4rist\u00f6 ei ole [&hellip;]<\/p>\n","protected":false},"author":8,"featured_media":333,"parent":0,"menu_order":0,"comment_status":"closed","ping_status":"closed","template":"","meta":{"_acf_changed":false,"footnotes":""},"class_list":["post-53","page","type-page","status-publish","has-post-thumbnail","hentry"],"acf":[],"yoast_head":"<!-- This site is optimized with the Yoast SEO plugin v27.1.1 - https:\/\/yoast.com\/product\/yoast-seo-wordpress\/ -->\n<title>Pitopaikka - Lemmikkitieto<\/title>\n<meta name=\"description\" content=\"Kaikilla lemmikkein\u00e4 pidett\u00e4vill\u00e4 pikkunis\u00e4kk\u00e4ill\u00e4 on edelleen tallella luonnonvaraisten esi-isiens\u00e4 k\u00e4ytt\u00e4ytymistarpeet.\" \/>\n<meta name=\"robots\" content=\"index, follow, max-snippet:-1, max-image-preview:large, max-video-preview:-1\" \/>\n<link rel=\"canonical\" href=\"https:\/\/sey.fi\/lemmikkitieto\/pitopaikka\/\" \/>\n<meta property=\"og:locale\" content=\"fi_FI\" \/>\n<meta property=\"og:type\" content=\"article\" \/>\n<meta property=\"og:title\" content=\"Pitopaikka - Lemmikkitieto\" \/>\n<meta property=\"og:description\" content=\"Kaikilla lemmikkein\u00e4 pidett\u00e4vill\u00e4 pikkunis\u00e4kk\u00e4ill\u00e4 on edelleen tallella luonnonvaraisten esi-isiens\u00e4 k\u00e4ytt\u00e4ytymistarpeet.\" \/>\n<meta property=\"og:url\" content=\"https:\/\/sey.fi\/lemmikkitieto\/pitopaikka\/\" \/>\n<meta property=\"og:site_name\" content=\"Lemmikkitieto\" \/>\n<meta property=\"article:modified_time\" content=\"2023-12-07T10:13:08+00:00\" \/>\n<meta property=\"og:image\" content=\"https:\/\/sey.fi\/wp-content\/uploads\/sites\/48\/2023\/12\/sey-lemmikkitieto-pitopaikka-1024x512.png\" \/>\n\t<meta property=\"og:image:width\" content=\"1024\" \/>\n\t<meta property=\"og:image:height\" content=\"512\" \/>\n\t<meta property=\"og:image:type\" content=\"image\/png\" \/>\n<meta name=\"twitter:card\" content=\"summary_large_image\" \/>\n<meta name=\"twitter:label1\" content=\"Arvioitu lukuaika\" \/>\n\t<meta name=\"twitter:data1\" content=\"1 minuutti\" \/>\n<script type=\"application\/ld+json\" class=\"yoast-schema-graph\">{\"@context\":\"https:\/\/schema.org\",\"@graph\":[{\"@type\":\"WebPage\",\"@id\":\"https:\/\/sey.fi\/lemmikkitieto\/pitopaikka\/\",\"url\":\"https:\/\/sey.fi\/lemmikkitieto\/pitopaikka\/\",\"name\":\"Pitopaikka - Lemmikkitieto\",\"isPartOf\":{\"@id\":\"https:\/\/sey.fi\/lemmikkitieto\/#website\"},\"primaryImageOfPage\":{\"@id\":\"https:\/\/sey.fi\/lemmikkitieto\/pitopaikka\/#primaryimage\"},\"image\":{\"@id\":\"https:\/\/sey.fi\/lemmikkitieto\/pitopaikka\/#primaryimage\"},\"thumbnailUrl\":\"https:\/\/sey.fi\/wp-content\/uploads\/sites\/48\/2023\/12\/sey-lemmikkitieto-pitopaikka.png\",\"datePublished\":\"2019-12-10T16:53:31+00:00\",\"dateModified\":\"2023-12-07T10:13:08+00:00\",\"description\":\"Kaikilla lemmikkein\u00e4 pidett\u00e4vill\u00e4 pikkunis\u00e4kk\u00e4ill\u00e4 on edelleen tallella luonnonvaraisten esi-isiens\u00e4 k\u00e4ytt\u00e4ytymistarpeet.\",\"breadcrumb\":{\"@id\":\"https:\/\/sey.fi\/lemmikkitieto\/pitopaikka\/#breadcrumb\"},\"inLanguage\":\"fi\",\"potentialAction\":[{\"@type\":\"ReadAction\",\"target\":[\"https:\/\/sey.fi\/lemmikkitieto\/pitopaikka\/\"]}]},{\"@type\":\"ImageObject\",\"inLanguage\":\"fi\",\"@id\":\"https:\/\/sey.fi\/lemmikkitieto\/pitopaikka\/#primaryimage\",\"url\":\"https:\/\/sey.fi\/wp-content\/uploads\/sites\/48\/2023\/12\/sey-lemmikkitieto-pitopaikka.png\",\"contentUrl\":\"https:\/\/sey.fi\/wp-content\/uploads\/sites\/48\/2023\/12\/sey-lemmikkitieto-pitopaikka.png\",\"width\":1920,\"height\":960,\"caption\":\"Ruskeavalkoinen kani ulkotarhassa nurmikolla\"},{\"@type\":\"BreadcrumbList\",\"@id\":\"https:\/\/sey.fi\/lemmikkitieto\/pitopaikka\/#breadcrumb\",\"itemListElement\":[{\"@type\":\"ListItem\",\"position\":1,\"name\":\"Home\",\"item\":\"https:\/\/sey.fi\/lemmikkitieto\/\"},{\"@type\":\"ListItem\",\"position\":2,\"name\":\"Pitopaikka\"}]},{\"@type\":\"WebSite\",\"@id\":\"https:\/\/sey.fi\/lemmikkitieto\/#website\",\"url\":\"https:\/\/sey.fi\/lemmikkitieto\/\",\"name\":\"Lemmikkitieto\",\"description\":\"Uusi SEY Lemmikkitietosivu\",\"potentialAction\":[{\"@type\":\"SearchAction\",\"target\":{\"@type\":\"EntryPoint\",\"urlTemplate\":\"https:\/\/sey.fi\/lemmikkitieto\/?s={search_term_string}\"},\"query-input\":{\"@type\":\"PropertyValueSpecification\",\"valueRequired\":true,\"valueName\":\"search_term_string\"}}],\"inLanguage\":\"fi\"}]}<\/script>\n<!-- \/ Yoast SEO plugin. -->","yoast_head_json":{"title":"Pitopaikka - Lemmikkitieto","description":"Kaikilla lemmikkein\u00e4 pidett\u00e4vill\u00e4 pikkunis\u00e4kk\u00e4ill\u00e4 on edelleen tallella luonnonvaraisten esi-isiens\u00e4 k\u00e4ytt\u00e4ytymistarpeet.","robots":{"index":"index","follow":"follow","max-snippet":"max-snippet:-1","max-image-preview":"max-image-preview:large","max-video-preview":"max-video-preview:-1"},"canonical":"https:\/\/sey.fi\/lemmikkitieto\/pitopaikka\/","og_locale":"fi_FI","og_type":"article","og_title":"Pitopaikka - Lemmikkitieto","og_description":"Kaikilla lemmikkein\u00e4 pidett\u00e4vill\u00e4 pikkunis\u00e4kk\u00e4ill\u00e4 on edelleen tallella luonnonvaraisten esi-isiens\u00e4 k\u00e4ytt\u00e4ytymistarpeet.","og_url":"https:\/\/sey.fi\/lemmikkitieto\/pitopaikka\/","og_site_name":"Lemmikkitieto","article_modified_time":"2023-12-07T10:13:08+00:00","og_image":[{"width":1024,"height":512,"url":"https:\/\/sey.fi\/wp-content\/uploads\/sites\/48\/2023\/12\/sey-lemmikkitieto-pitopaikka-1024x512.png","type":"image\/png"}],"twitter_card":"summary_large_image","twitter_misc":{"Arvioitu lukuaika":"1 minuutti"},"schema":{"@context":"https:\/\/schema.org","@graph":[{"@type":"WebPage","@id":"https:\/\/sey.fi\/lemmikkitieto\/pitopaikka\/","url":"https:\/\/sey.fi\/lemmikkitieto\/pitopaikka\/","name":"Pitopaikka - Lemmikkitieto","isPartOf":{"@id":"https:\/\/sey.fi\/lemmikkitieto\/#website"},"primaryImageOfPage":{"@id":"https:\/\/sey.fi\/lemmikkitieto\/pitopaikka\/#primaryimage"},"image":{"@id":"https:\/\/sey.fi\/lemmikkitieto\/pitopaikka\/#primaryimage"},"thumbnailUrl":"https:\/\/sey.fi\/wp-content\/uploads\/sites\/48\/2023\/12\/sey-lemmikkitieto-pitopaikka.png","datePublished":"2019-12-10T16:53:31+00:00","dateModified":"2023-12-07T10:13:08+00:00","description":"Kaikilla lemmikkein\u00e4 pidett\u00e4vill\u00e4 pikkunis\u00e4kk\u00e4ill\u00e4 on edelleen tallella luonnonvaraisten esi-isiens\u00e4 k\u00e4ytt\u00e4ytymistarpeet.","breadcrumb":{"@id":"https:\/\/sey.fi\/lemmikkitieto\/pitopaikka\/#breadcrumb"},"inLanguage":"fi","potentialAction":[{"@type":"ReadAction","target":["https:\/\/sey.fi\/lemmikkitieto\/pitopaikka\/"]}]},{"@type":"ImageObject","inLanguage":"fi","@id":"https:\/\/sey.fi\/lemmikkitieto\/pitopaikka\/#primaryimage","url":"https:\/\/sey.fi\/wp-content\/uploads\/sites\/48\/2023\/12\/sey-lemmikkitieto-pitopaikka.png","contentUrl":"https:\/\/sey.fi\/wp-content\/uploads\/sites\/48\/2023\/12\/sey-lemmikkitieto-pitopaikka.png","width":1920,"height":960,"caption":"Ruskeavalkoinen kani ulkotarhassa nurmikolla"},{"@type":"BreadcrumbList","@id":"https:\/\/sey.fi\/lemmikkitieto\/pitopaikka\/#breadcrumb","itemListElement":[{"@type":"ListItem","position":1,"name":"Home","item":"https:\/\/sey.fi\/lemmikkitieto\/"},{"@type":"ListItem","position":2,"name":"Pitopaikka"}]},{"@type":"WebSite","@id":"https:\/\/sey.fi\/lemmikkitieto\/#website","url":"https:\/\/sey.fi\/lemmikkitieto\/","name":"Lemmikkitieto","description":"Uusi SEY Lemmikkitietosivu","potentialAction":[{"@type":"SearchAction","target":{"@type":"EntryPoint","urlTemplate":"https:\/\/sey.fi\/lemmikkitieto\/?s={search_term_string}"},"query-input":{"@type":"PropertyValueSpecification","valueRequired":true,"valueName":"search_term_string"}}],"inLanguage":"fi"}]}},"_links":{"self":[{"href":"https:\/\/sey.fi\/lemmikkitieto\/wp-json\/wp\/v2\/pages\/53","targetHints":{"allow":["GET"]}}],"collection":[{"href":"https:\/\/sey.fi\/lemmikkitieto\/wp-json\/wp\/v2\/pages"}],"about":[{"href":"https:\/\/sey.fi\/lemmikkitieto\/wp-json\/wp\/v2\/types\/page"}],"author":[{"embeddable":true,"href":"https:\/\/sey.fi\/lemmikkitieto\/wp-json\/wp\/v2\/users\/8"}],"replies":[{"embeddable":true,"href":"https:\/\/sey.fi\/lemmikkitieto\/wp-json\/wp\/v2\/comments?post=53"}],"version-history":[{"count":5,"href":"https:\/\/sey.fi\/lemmikkitieto\/wp-json\/wp\/v2\/pages\/53\/revisions"}],"predecessor-version":[{"id":337,"href":"https:\/\/sey.fi\/lemmikkitieto\/wp-json\/wp\/v2\/pages\/53\/revisions\/337"}],"wp:featuredmedia":[{"embeddable":true,"href":"https:\/\/sey.fi\/lemmikkitieto\/wp-json\/wp\/v2\/media\/333"}],"wp:attachment":[{"href":"https:\/\/sey.fi\/lemmikkitieto\/wp-json\/wp\/v2\/media?parent=53"}],"curies":[{"name":"wp","href":"https:\/\/api.w.org\/{rel}","templated":true}]}}