{"id":56,"date":"2019-12-10T18:55:55","date_gmt":"2019-12-10T16:55:55","guid":{"rendered":"http:\/\/srvr10.xetpoint.com\/~seyfi\/lemmikkitieto\/?page_id=56"},"modified":"2023-12-07T17:55:10","modified_gmt":"2023-12-07T15:55:10","slug":"hakin-ymparisto","status":"publish","type":"page","link":"https:\/\/sey.fi\/lemmikkitieto\/hakin-ymparisto\/","title":{"rendered":"H\u00e4kin ymp\u00e4rist\u00f6"},"content":{"rendered":"\n<p><em>Kuva: Claudia Peters\/Pixabay<\/em><\/p>\n\n\n\n<h2 class=\"wp-block-heading\">Huoneenl\u00e4mp\u00f6 ja vedottomuus<\/h2>\n\n\n\n<p>Kissoihin ja koiriin verrattuna eksoottiset lemmikit ovat selv\u00e4sti herkempi\u00e4 viileydelle ja vedolle, samoin auringonpaisteelle ja liialle l\u00e4mm\u00f6lle. Pieni el\u00e4in ei pysty s\u00e4\u00e4telem\u00e4\u00e4n oman elimist\u00f6ns\u00e4 l\u00e4mp\u00f6tilaa yht\u00e4 tehokkaasti kuin isompi el\u00e4in. Lis\u00e4ksi useimmat pikkulemmikit ovat kotoisin l\u00e4mpim\u00e4st\u00e4 ilmastosta, joten niille ei siksik\u00e4\u00e4n ole kehittynyt kyky\u00e4 p\u00e4rj\u00e4t\u00e4 viile\u00e4ss\u00e4.<\/p>\n\n\n\n<p>Useimmat lajit kaivavat luonnossa pitki\u00e4 maanalaisia k\u00e4yt\u00e4v\u00e4verkostoja, joissa vallitsee tasainen l\u00e4mp\u00f6tila. Kun maan pinnalla tulee liian kuuma, el\u00e4imet vet\u00e4ytyv\u00e4t k\u00e4yt\u00e4viins\u00e4. Niill\u00e4 ei siis ole my\u00f6sk\u00e4\u00e4n erityisen hyv\u00e4\u00e4 kuumuudensietokyky\u00e4, joten kotona niille tulee tukala olo, jos ne joutuvat olemaan liian l\u00e4mpim\u00e4ss\u00e4.<\/p>\n\n\n\n<p>Tavallinen huoneenl\u00e4mp\u00f6 on useimmille pikkulemmikeille sopivin. Jos el\u00e4imi\u00e4 pidet\u00e4\u00e4n aitauksessa, aitauksen paikka valitaan niin, ettei se ole suoraan auringonpaisteessa eik\u00e4 vetoisessa tai kylm\u00e4ss\u00e4 paikassa. Asumus tulee siis sijoittaa muun muassa tarpeeksi kauas ikkunasta. Liiallisen kuumuuden v\u00e4ltt\u00e4miseksi asumusta ei sijoiteta my\u00f6sk\u00e4\u00e4n l\u00e4mp\u00f6patterin tai varaavan takan viereen.<\/p>\n\n\n\n<p>Vetoisuudesta el\u00e4imet sairastuvat viel\u00e4 herkemmin kuin viileydest\u00e4. Vedon v\u00e4ltt\u00e4miseksi paras paikka asumukselle on jossain muualla kuin oviaukossa.<\/p>\n\n\n\n<p>Kun el\u00e4inten annetaan v\u00e4lill\u00e4 tulla aitauksesta jaloittelemaan, mik\u00e4 on eritt\u00e4in suositeltavaa, asumuksen ovelta lattialle voi tarvittaessa kiinnitt\u00e4\u00e4 tukevasti kaltevat tikkaat tai rampin, jota pitkin el\u00e4in p\u00e4\u00e4see takaisin silloin kun haluaa. Rampin on hyv\u00e4 olla umpinainen, jotta el\u00e4imen tassu ei j\u00e4\u00e4 rampin pinnojen v\u00e4liin ja vahingoitu. Kanit, marsut ja hamsterit eiv\u00e4t ole hyvi\u00e4 kiipeilem\u00e4\u00e4n korkeilla paikoilla, joten niiden rampin on oltava viel\u00e4 loivempi kuin muilla ja lis\u00e4ksi rampissa on oltava reunat, jotta el\u00e4in ei vahingossa putoa.<\/p>\n\n\n\n<h2 class=\"wp-block-heading\">Ilmankosteus<\/h2>\n\n\n\n<p>Oikea ilmankosteus vaikuttaa omalta osaltaan el\u00e4inten terveyteen. El\u00e4inten elimist\u00f6 on sopeutunut parhaiten sellaiseen ilmankosteuteen, joka vastaa kyseisen lajin luonnollista elinymp\u00e4rist\u00f6\u00e4.<\/p>\n\n\n\n<p>Keskusl\u00e4mmitetyiss\u00e4 asunnoissa, kuten kerros- ja rivitaloissa, ilma on melko kuivaa etenkin talvisin. T\u00e4llaisissa oloissa viihtyv\u00e4t parhaiten kuivista oloista kotoisin olevat el\u00e4imet, kuten hiiret, hamsterit tai gerbiilit.<\/p>\n\n\n\n<p>Jos asunnossa on ilmankostutin, tai jos l\u00e4mmityksen osana on varaava takka tai muu tulisija, sis\u00e4ilman kosteus on korkeampi. T\u00e4llaisessa asunnossa viihtyv\u00e4t esimerkiksi rotat, joiden alkuper\u00e4inen luonnonvarainen elinymp\u00e4rist\u00f6 on kosteampi kuin useimpien muiden lemmikkijyrsij\u00f6iden.<\/p>\n\n\n\n<h2 class=\"wp-block-heading\">\u00c4\u00e4nimaailma<\/h2>\n\n\n\n<p>Jyrsij\u00f6iden ja kanien kuulo on tarkempi kuin ihmisen. Kotona ne voivat stressaantua kovista \u00e4\u00e4nist\u00e4, vaikka ihminen pit\u00e4isi \u00e4\u00e4ni\u00e4 aivan asiaankuuluvina. Stereot, radio, TV ja omat soittoharrastukset on siksi pidett\u00e4v\u00e4 eri huoneessa kuin lemmikit.<\/p>\n","protected":false},"excerpt":{"rendered":"<p>Kuva: Claudia Peters\/Pixabay Huoneenl\u00e4mp\u00f6 ja vedottomuus Kissoihin ja koiriin verrattuna eksoottiset lemmikit ovat selv\u00e4sti herkempi\u00e4 viileydelle ja vedolle, samoin auringonpaisteelle ja liialle l\u00e4mm\u00f6lle. Pieni el\u00e4in ei pysty s\u00e4\u00e4telem\u00e4\u00e4n oman elimist\u00f6ns\u00e4 l\u00e4mp\u00f6tilaa yht\u00e4 tehokkaasti kuin isompi el\u00e4in. Lis\u00e4ksi useimmat pikkulemmikit ovat kotoisin l\u00e4mpim\u00e4st\u00e4 ilmastosta, joten niille ei siksik\u00e4\u00e4n ole kehittynyt kyky\u00e4 p\u00e4rj\u00e4t\u00e4 viile\u00e4ss\u00e4. Useimmat lajit kaivavat [&hellip;]<\/p>\n","protected":false},"author":8,"featured_media":384,"parent":0,"menu_order":0,"comment_status":"closed","ping_status":"closed","template":"","meta":{"_acf_changed":false,"footnotes":""},"class_list":["post-56","page","type-page","status-publish","has-post-thumbnail","hentry"],"acf":[],"yoast_head":"<!-- This site is optimized with the Yoast SEO plugin v27.1.1 - https:\/\/yoast.com\/product\/yoast-seo-wordpress\/ -->\n<title>H\u00e4kin ymp\u00e4rist\u00f6 - Lemmikkitieto<\/title>\n<meta name=\"robots\" content=\"index, follow, max-snippet:-1, max-image-preview:large, max-video-preview:-1\" \/>\n<link rel=\"canonical\" href=\"https:\/\/sey.fi\/lemmikkitieto\/hakin-ymparisto\/\" \/>\n<meta property=\"og:locale\" content=\"fi_FI\" \/>\n<meta property=\"og:type\" content=\"article\" \/>\n<meta property=\"og:title\" content=\"H\u00e4kin ymp\u00e4rist\u00f6 - Lemmikkitieto\" \/>\n<meta property=\"og:description\" content=\"Kuva: Claudia Peters\/Pixabay Huoneenl\u00e4mp\u00f6 ja vedottomuus Kissoihin ja koiriin verrattuna eksoottiset lemmikit ovat selv\u00e4sti herkempi\u00e4 viileydelle ja vedolle, samoin auringonpaisteelle ja liialle l\u00e4mm\u00f6lle. Pieni el\u00e4in ei pysty s\u00e4\u00e4telem\u00e4\u00e4n oman elimist\u00f6ns\u00e4 l\u00e4mp\u00f6tilaa yht\u00e4 tehokkaasti kuin isompi el\u00e4in. Lis\u00e4ksi useimmat pikkulemmikit ovat kotoisin l\u00e4mpim\u00e4st\u00e4 ilmastosta, joten niille ei siksik\u00e4\u00e4n ole kehittynyt kyky\u00e4 p\u00e4rj\u00e4t\u00e4 viile\u00e4ss\u00e4. Useimmat lajit kaivavat [&hellip;]\" \/>\n<meta property=\"og:url\" content=\"https:\/\/sey.fi\/lemmikkitieto\/hakin-ymparisto\/\" \/>\n<meta property=\"og:site_name\" content=\"Lemmikkitieto\" \/>\n<meta property=\"article:modified_time\" content=\"2023-12-07T15:55:10+00:00\" \/>\n<meta property=\"og:image\" content=\"https:\/\/sey.fi\/wp-content\/uploads\/sites\/48\/2023\/12\/sey-lemmikkitieto-hakin-ymparisto-1024x512.png\" \/>\n\t<meta property=\"og:image:width\" content=\"1024\" \/>\n\t<meta property=\"og:image:height\" content=\"512\" \/>\n\t<meta property=\"og:image:type\" content=\"image\/png\" \/>\n<meta name=\"twitter:card\" content=\"summary_large_image\" \/>\n<meta name=\"twitter:label1\" content=\"Arvioitu lukuaika\" \/>\n\t<meta name=\"twitter:data1\" content=\"3 minuuttia\" \/>\n<script type=\"application\/ld+json\" class=\"yoast-schema-graph\">{\"@context\":\"https:\/\/schema.org\",\"@graph\":[{\"@type\":\"WebPage\",\"@id\":\"https:\/\/sey.fi\/lemmikkitieto\/hakin-ymparisto\/\",\"url\":\"https:\/\/sey.fi\/lemmikkitieto\/hakin-ymparisto\/\",\"name\":\"H\u00e4kin ymp\u00e4rist\u00f6 - Lemmikkitieto\",\"isPartOf\":{\"@id\":\"https:\/\/sey.fi\/lemmikkitieto\/#website\"},\"primaryImageOfPage\":{\"@id\":\"https:\/\/sey.fi\/lemmikkitieto\/hakin-ymparisto\/#primaryimage\"},\"image\":{\"@id\":\"https:\/\/sey.fi\/lemmikkitieto\/hakin-ymparisto\/#primaryimage\"},\"thumbnailUrl\":\"https:\/\/sey.fi\/wp-content\/uploads\/sites\/48\/2023\/12\/sey-lemmikkitieto-hakin-ymparisto.png\",\"datePublished\":\"2019-12-10T16:55:55+00:00\",\"dateModified\":\"2023-12-07T15:55:10+00:00\",\"breadcrumb\":{\"@id\":\"https:\/\/sey.fi\/lemmikkitieto\/hakin-ymparisto\/#breadcrumb\"},\"inLanguage\":\"fi\",\"potentialAction\":[{\"@type\":\"ReadAction\",\"target\":[\"https:\/\/sey.fi\/lemmikkitieto\/hakin-ymparisto\/\"]}]},{\"@type\":\"ImageObject\",\"inLanguage\":\"fi\",\"@id\":\"https:\/\/sey.fi\/lemmikkitieto\/hakin-ymparisto\/#primaryimage\",\"url\":\"https:\/\/sey.fi\/wp-content\/uploads\/sites\/48\/2023\/12\/sey-lemmikkitieto-hakin-ymparisto.png\",\"contentUrl\":\"https:\/\/sey.fi\/wp-content\/uploads\/sites\/48\/2023\/12\/sey-lemmikkitieto-hakin-ymparisto.png\",\"width\":1920,\"height\":960,\"caption\":\"L\u00e4hikuva punaruskean marsun kasvoista\"},{\"@type\":\"BreadcrumbList\",\"@id\":\"https:\/\/sey.fi\/lemmikkitieto\/hakin-ymparisto\/#breadcrumb\",\"itemListElement\":[{\"@type\":\"ListItem\",\"position\":1,\"name\":\"Home\",\"item\":\"https:\/\/sey.fi\/lemmikkitieto\/\"},{\"@type\":\"ListItem\",\"position\":2,\"name\":\"H\u00e4kin ymp\u00e4rist\u00f6\"}]},{\"@type\":\"WebSite\",\"@id\":\"https:\/\/sey.fi\/lemmikkitieto\/#website\",\"url\":\"https:\/\/sey.fi\/lemmikkitieto\/\",\"name\":\"Lemmikkitieto\",\"description\":\"Uusi SEY Lemmikkitietosivu\",\"potentialAction\":[{\"@type\":\"SearchAction\",\"target\":{\"@type\":\"EntryPoint\",\"urlTemplate\":\"https:\/\/sey.fi\/lemmikkitieto\/?s={search_term_string}\"},\"query-input\":{\"@type\":\"PropertyValueSpecification\",\"valueRequired\":true,\"valueName\":\"search_term_string\"}}],\"inLanguage\":\"fi\"}]}<\/script>\n<!-- \/ Yoast SEO plugin. -->","yoast_head_json":{"title":"H\u00e4kin ymp\u00e4rist\u00f6 - Lemmikkitieto","robots":{"index":"index","follow":"follow","max-snippet":"max-snippet:-1","max-image-preview":"max-image-preview:large","max-video-preview":"max-video-preview:-1"},"canonical":"https:\/\/sey.fi\/lemmikkitieto\/hakin-ymparisto\/","og_locale":"fi_FI","og_type":"article","og_title":"H\u00e4kin ymp\u00e4rist\u00f6 - Lemmikkitieto","og_description":"Kuva: Claudia Peters\/Pixabay Huoneenl\u00e4mp\u00f6 ja vedottomuus Kissoihin ja koiriin verrattuna eksoottiset lemmikit ovat selv\u00e4sti herkempi\u00e4 viileydelle ja vedolle, samoin auringonpaisteelle ja liialle l\u00e4mm\u00f6lle. Pieni el\u00e4in ei pysty s\u00e4\u00e4telem\u00e4\u00e4n oman elimist\u00f6ns\u00e4 l\u00e4mp\u00f6tilaa yht\u00e4 tehokkaasti kuin isompi el\u00e4in. Lis\u00e4ksi useimmat pikkulemmikit ovat kotoisin l\u00e4mpim\u00e4st\u00e4 ilmastosta, joten niille ei siksik\u00e4\u00e4n ole kehittynyt kyky\u00e4 p\u00e4rj\u00e4t\u00e4 viile\u00e4ss\u00e4. Useimmat lajit kaivavat [&hellip;]","og_url":"https:\/\/sey.fi\/lemmikkitieto\/hakin-ymparisto\/","og_site_name":"Lemmikkitieto","article_modified_time":"2023-12-07T15:55:10+00:00","og_image":[{"width":1024,"height":512,"url":"https:\/\/sey.fi\/wp-content\/uploads\/sites\/48\/2023\/12\/sey-lemmikkitieto-hakin-ymparisto-1024x512.png","type":"image\/png"}],"twitter_card":"summary_large_image","twitter_misc":{"Arvioitu lukuaika":"3 minuuttia"},"schema":{"@context":"https:\/\/schema.org","@graph":[{"@type":"WebPage","@id":"https:\/\/sey.fi\/lemmikkitieto\/hakin-ymparisto\/","url":"https:\/\/sey.fi\/lemmikkitieto\/hakin-ymparisto\/","name":"H\u00e4kin ymp\u00e4rist\u00f6 - Lemmikkitieto","isPartOf":{"@id":"https:\/\/sey.fi\/lemmikkitieto\/#website"},"primaryImageOfPage":{"@id":"https:\/\/sey.fi\/lemmikkitieto\/hakin-ymparisto\/#primaryimage"},"image":{"@id":"https:\/\/sey.fi\/lemmikkitieto\/hakin-ymparisto\/#primaryimage"},"thumbnailUrl":"https:\/\/sey.fi\/wp-content\/uploads\/sites\/48\/2023\/12\/sey-lemmikkitieto-hakin-ymparisto.png","datePublished":"2019-12-10T16:55:55+00:00","dateModified":"2023-12-07T15:55:10+00:00","breadcrumb":{"@id":"https:\/\/sey.fi\/lemmikkitieto\/hakin-ymparisto\/#breadcrumb"},"inLanguage":"fi","potentialAction":[{"@type":"ReadAction","target":["https:\/\/sey.fi\/lemmikkitieto\/hakin-ymparisto\/"]}]},{"@type":"ImageObject","inLanguage":"fi","@id":"https:\/\/sey.fi\/lemmikkitieto\/hakin-ymparisto\/#primaryimage","url":"https:\/\/sey.fi\/wp-content\/uploads\/sites\/48\/2023\/12\/sey-lemmikkitieto-hakin-ymparisto.png","contentUrl":"https:\/\/sey.fi\/wp-content\/uploads\/sites\/48\/2023\/12\/sey-lemmikkitieto-hakin-ymparisto.png","width":1920,"height":960,"caption":"L\u00e4hikuva punaruskean marsun kasvoista"},{"@type":"BreadcrumbList","@id":"https:\/\/sey.fi\/lemmikkitieto\/hakin-ymparisto\/#breadcrumb","itemListElement":[{"@type":"ListItem","position":1,"name":"Home","item":"https:\/\/sey.fi\/lemmikkitieto\/"},{"@type":"ListItem","position":2,"name":"H\u00e4kin ymp\u00e4rist\u00f6"}]},{"@type":"WebSite","@id":"https:\/\/sey.fi\/lemmikkitieto\/#website","url":"https:\/\/sey.fi\/lemmikkitieto\/","name":"Lemmikkitieto","description":"Uusi SEY Lemmikkitietosivu","potentialAction":[{"@type":"SearchAction","target":{"@type":"EntryPoint","urlTemplate":"https:\/\/sey.fi\/lemmikkitieto\/?s={search_term_string}"},"query-input":{"@type":"PropertyValueSpecification","valueRequired":true,"valueName":"search_term_string"}}],"inLanguage":"fi"}]}},"_links":{"self":[{"href":"https:\/\/sey.fi\/lemmikkitieto\/wp-json\/wp\/v2\/pages\/56","targetHints":{"allow":["GET"]}}],"collection":[{"href":"https:\/\/sey.fi\/lemmikkitieto\/wp-json\/wp\/v2\/pages"}],"about":[{"href":"https:\/\/sey.fi\/lemmikkitieto\/wp-json\/wp\/v2\/types\/page"}],"author":[{"embeddable":true,"href":"https:\/\/sey.fi\/lemmikkitieto\/wp-json\/wp\/v2\/users\/8"}],"replies":[{"embeddable":true,"href":"https:\/\/sey.fi\/lemmikkitieto\/wp-json\/wp\/v2\/comments?post=56"}],"version-history":[{"count":5,"href":"https:\/\/sey.fi\/lemmikkitieto\/wp-json\/wp\/v2\/pages\/56\/revisions"}],"predecessor-version":[{"id":386,"href":"https:\/\/sey.fi\/lemmikkitieto\/wp-json\/wp\/v2\/pages\/56\/revisions\/386"}],"wp:featuredmedia":[{"embeddable":true,"href":"https:\/\/sey.fi\/lemmikkitieto\/wp-json\/wp\/v2\/media\/384"}],"wp:attachment":[{"href":"https:\/\/sey.fi\/lemmikkitieto\/wp-json\/wp\/v2\/media?parent=56"}],"curies":[{"name":"wp","href":"https:\/\/api.w.org\/{rel}","templated":true}]}}