{"id":59,"date":"2019-12-10T18:57:39","date_gmt":"2019-12-10T16:57:39","guid":{"rendered":"http:\/\/srvr10.xetpoint.com\/~seyfi\/lemmikkitieto\/?page_id=59"},"modified":"2023-12-08T11:33:52","modified_gmt":"2023-12-08T09:33:52","slug":"hakki","status":"publish","type":"page","link":"https:\/\/sey.fi\/lemmikkitieto\/hakki\/","title":{"rendered":"Asumus"},"content":{"rendered":"\n<p><em>Kuva: Anne Kroi\u00df\/Pixabay<\/em><\/p>\n\n\n\n<h2 class=\"wp-block-heading\">Tilan tarve<\/h2>\n\n\n\n<p>Kaikilla eksoottisilla lemmikeill\u00e4 on koostaan huolimatta suuri tilan tarve. Luonnossa esimerkiksi gerbiiliperheen k\u00e4ytt\u00e4m\u00e4 liikkuma-alue on omakotitalotontin kokoinen. Pieness\u00e4 h\u00e4kiss\u00e4 pidetty el\u00e4in pysyy kyll\u00e4 elossa vuodesta toiseen, mutta se voi olla koko ajan stressaantunut. T\u00e4m\u00e4 on tutkimuksissa havaittu muun muassa stressihormonien m\u00e4\u00e4r\u00e4st\u00e4.<\/p>\n\n\n\n<p>Jyrsij\u00e4- ja kaniharrastuksen alkuaikoina ei viel\u00e4 ymm\u00e4rretty, miten t\u00e4rkeit\u00e4 synnynn\u00e4iset k\u00e4ytt\u00e4ytymistarpeet ovat el\u00e4inten hyvinvoinnille. El\u00e4inten pit\u00e4minen h\u00e4keiss\u00e4 vakiintui tavaksi, jota totuttiin ajattelemaan normaalina. Siksi moni lemmikinomistaja pit\u00e4\u00e4 viel\u00e4 nyky\u00e4\u00e4nkin el\u00e4imi\u00e4\u00e4n oloissa, joissa el\u00e4imet jotenkuten p\u00e4rj\u00e4\u00e4v\u00e4t, mutta eiv\u00e4t tosiasiassa viihdy.<\/p>\n\n\n\n<p>Tilan tarvetta ajatellaan usein virheellisesti liikunnan tarpeena. Liikuntakin on oleellista el\u00e4imen terveydelle, mutta se ei yksin riit\u00e4. El\u00e4imen henkisen hyvinvoinnin kannalta on hyvin t\u00e4rke\u00e4\u00e4, ett\u00e4 sill\u00e4 on ulottuvillaan monia erilaisia paikkoja, joiden v\u00e4lill\u00e4 se voi siirty\u00e4 oman valintansa mukaan. K\u00e4yt\u00e4nn\u00f6ss\u00e4 t\u00e4llaisten erilaisten ymp\u00e4rist\u00f6jen j\u00e4rjest\u00e4minen edellytt\u00e4\u00e4 suurta liikkumatilaa.<\/p>\n\n\n\n<h2 class=\"wp-block-heading\">H\u00e4kiss\u00e4 vai vapaana?<\/h2>\n\n\n\n<p>Pienimpien pikkulemmikkien, kuten hiirten, hamsterien ja gerbiilien, oman turvallisuuden kannalta paras asuinpaikka on usein h\u00e4kki tai terraario. H\u00e4kist\u00e4 tai terraariosta kannattaa tehd\u00e4 mahdollisimman suuri. <\/p>\n\n\n\n<p>Kanilla on pikkulemmikeist\u00e4 suurin tilantarve. Kaneja ei kannata hankkia, jos niit\u00e4 ei voi kotona pit\u00e4\u00e4 vapaina v\u00e4hint\u00e4\u00e4n yhdess\u00e4 huoneessa koko ajan. Huoneen ei tarvitse olla erillinen, vain el\u00e4imille pyhitetty tila. Kani on h\u00e4m\u00e4r\u00e4el\u00e4in, joten on t\u00e4rke\u00e4\u00e4, ett\u00e4 se saa olla my\u00f6s y\u00f6aikaan vapaana.<\/p>\n\n\n\n<p>Pienten lemmikkien kanssa on parasta, jos perheen ihmiset tai joku heist\u00e4 oleskelee huoneessa usein. T\u00e4ll\u00f6in ihmisen l\u00e4sn\u00e4olo toimii er\u00e4\u00e4nlaisena virikkeen\u00e4 ja el\u00e4inten kesyys pysyy yll\u00e4, kun niiden kanssa tulee seurusteltua. El\u00e4inten majoituksen huomioon ottaminen edellytt\u00e4\u00e4 sit\u00e4, ett\u00e4 huoneessa ei ole mit\u00e4\u00e4n sellaista, josta voisi olla el\u00e4imelle vaaraa, ja toisaalta ei my\u00f6sk\u00e4\u00e4n sellaisia arvokkaita tavaroita, joita el\u00e4imet saattaisivat t\u00e4rvell\u00e4. Ennen el\u00e4inten p\u00e4\u00e4st\u00e4mist\u00e4 vapaiksi huolehditaan my\u00f6s huoneen j\u00e4rjest\u00e4misest\u00e4 el\u00e4imille turvalliseksi.<\/p>\n\n\n\n<p>Jos jyrsij\u00f6ille ei voida j\u00e4rjest\u00e4\u00e4 turvalliseksi vakituiseksi oleskelupaikaksi kokonaista huonetta, yksi vaihtoehto on rajata osa huoneesta niiden k\u00e4ytt\u00f6\u00f6n. Marsujen tapauksessa t\u00e4h\u00e4n riitt\u00e4\u00e4 noin 40 cm korkuinen aita. Chinchilloille ja deguille, jotka tarvitsevat my\u00f6s pystysuuntaista liikkumatilaa, er\u00e4s ratkaisu on samantapainen kuin lemmikkilintujen lentoh\u00e4kki: huoneeseen laitetaan lattiasta kattoon ulottuva metalliverkkosein\u00e4, johon tehd\u00e4\u00e4n ovi omistajan omaa kulkemista varten.<\/p>\n\n\n\n<p>Jos el\u00e4imet halutaan majoittaa el\u00e4inkaupasta ostettavaan h\u00e4kkiin, yksi mahdollisuus on ostaa muutama iso h\u00e4kki, joiden oviaukot asetetaan vastakkain. N\u00e4in h\u00e4kit saa yhdistetty\u00e4 isommaksi \u201dh\u00e4kkihuoneistoksi\u201d. Jyrsij\u00f6ille tarkoitettujen h\u00e4kkien lis\u00e4ksi sopiva asumus voi l\u00f6yty\u00e4 lintuh\u00e4kist\u00e4, joita on saatavilla suuremmassakin koossa. Toinen mahdollisuus on lintuh\u00e4kkien rakentamiseen tarkoitetut h\u00e4kkielementit, joista saa helposti koottua isoja h\u00e4kkej\u00e4.<\/p>\n\n\n\n<p>H\u00e4kin pinnojen v\u00e4li valitaan el\u00e4inlajin mukaan. Jyrsij\u00e4t ovat taitavia pujahtamaan pienist\u00e4kin raoista: jos el\u00e4in saa p\u00e4\u00e4ns\u00e4 mahtumaan l\u00e4pi aukosta, aukosta mahtuu yleens\u00e4 koko el\u00e4in. Toinen h\u00e4kin pinnojen oleellinen ominaisuus on niiden suunta. Vaakasuuntaiset pinnat ovat parempia kiipeileville el\u00e4imille, kuten hiirille ja rotille, koska el\u00e4imet voivat k\u00e4ytt\u00e4\u00e4 pintoja kiipeilemiseen.<\/p>\n\n\n\n<p>Omatekoinen aitaus on yksi keino saada aikaan suuri ja mitoiltaan omaan kotiin sopiva asumus. Mallia muun muassa metalliverkon silm\u00e4koon, oviaukkojen saranoinnin ja osien kiinnitysten suhteen voi katsoa el\u00e4inkaupan h\u00e4keist\u00e4. Oman aitauksen voi toteuttaa huomattavasti suuremmassa koossa. Kokemusta nikkaroinnista tarvitaan, koska on t\u00e4rke\u00e4\u00e4 varmistaa muun muassa se, ettei h\u00e4kkiin saa j\u00e4\u00e4d\u00e4 rakoja, joista el\u00e4imet voisivat pujahtaa ulos, eik\u00e4 t\u00f6rr\u00f6tt\u00e4vi\u00e4 metallilangan p\u00e4tki\u00e4, joihin el\u00e4imet voisivat loukata itsens\u00e4. Esimerkiksi kaninpoikanen voi j\u00e4\u00e4d\u00e4 p\u00e4\u00e4st\u00e4\u00e4n jumiin kompostiverkon pinnojen v\u00e4liin. Kun kallo on nuolenp\u00e4\u00e4n muotoinen, p\u00e4\u00e4n saa helposti pinnoista sis\u00e4\u00e4n, mutta ei ulos.<\/p>\n\n\n\n<p>Kodista on mahdollista tehd\u00e4 kani- tai jyrsij\u00e4turvallinen my\u00f6s ilman h\u00e4kkej\u00e4. Vinkkej\u00e4 t\u00e4h\u00e4n saa erilaisilta yhdistyksilt\u00e4.<\/p>\n\n\n\n<h2 class=\"wp-block-heading\">Terraario<\/h2>\n\n\n\n<p>Lasisein\u00e4inen terraario on yleens\u00e4 h\u00e4kki\u00e4 parempi asumus niille el\u00e4inlajeille, joilla on suuri kaivamisen tarve, mutta ei kovin suurta kiipeilemisen tarvetta. T\u00e4llaisia ovat kaikki gerbiili- ja hamsterilajit. Terraarion etuna on, ett\u00e4 sen pohjalle voi laittaa parin-kolmenkymmenen sentin kerroksen haapahaketta, johon voi sekoittaa kuivahein\u00e4\u00e4. El\u00e4imet voivat silloin kaivaa sinne omia k\u00e4yt\u00e4v\u00e4verkostoja. T\u00e4llaista paksua kerrosta ei tarvitse vaihtaa kovin usein: jos terraario ei ala haista, riitt\u00e4\u00e4 kuivikkeiden vaihtaminen kerran kuussa.<\/p>\n\n\n\n<p>Terraarioksi k\u00e4y paitsi varsinainen terraario, my\u00f6s vanha iso akvaario, mielell\u00e4\u00e4n ainakin 500-litrainen. K\u00e4sist\u00e4\u00e4n k\u00e4tev\u00e4 voi my\u00f6s koota terraarion itse teett\u00e4m\u00e4ll\u00e4 lasiliikkeess\u00e4 5 mm paksuisesta lasista sopivan kokoiset levyt.<\/p>\n\n\n\n<p>Terraarion katto tehd\u00e4\u00e4n metalliverkosta, jotta ilma vaihtuu kunnolla terraarion sis\u00e4ll\u00e4. Vanhan akvaarion mukana voi tulla lasiset kannet, mutta ne eiv\u00e4t sovi terraariok\u00e4ytt\u00f6\u00f6n. Huomioitavaa terraarion k\u00e4yt\u00f6ss\u00e4 on se, ett\u00e4 el\u00e4imen virtsasta vapautuu ammoniakkia, joka raskaana kaasuna ei nouse yl\u00f6s huoneilmaan vaan j\u00e4\u00e4 h\u00e4kin pohjalle. Ammoniakki \u00e4rsytt\u00e4\u00e4 limakalvoja ja hengitysteit\u00e4. N\u00e4in ollen siis erityisesti sellaisessa terraariossa joka on auki vain ylh\u00e4\u00e4lt\u00e4, tulee huolehtia riitt\u00e4v\u00e4st\u00e4 ilmanvaihdosta.<\/p>\n","protected":false},"excerpt":{"rendered":"<p>Kuva: Anne Kroi\u00df\/Pixabay Tilan tarve Kaikilla eksoottisilla lemmikeill\u00e4 on koostaan huolimatta suuri tilan tarve. Luonnossa esimerkiksi gerbiiliperheen k\u00e4ytt\u00e4m\u00e4 liikkuma-alue on omakotitalotontin kokoinen. Pieness\u00e4 h\u00e4kiss\u00e4 pidetty el\u00e4in pysyy kyll\u00e4 elossa vuodesta toiseen, mutta se voi olla koko ajan stressaantunut. T\u00e4m\u00e4 on tutkimuksissa havaittu muun muassa stressihormonien m\u00e4\u00e4r\u00e4st\u00e4. Jyrsij\u00e4- ja kaniharrastuksen alkuaikoina ei viel\u00e4 ymm\u00e4rretty, miten t\u00e4rkeit\u00e4 [&hellip;]<\/p>\n","protected":false},"author":8,"featured_media":412,"parent":0,"menu_order":0,"comment_status":"closed","ping_status":"closed","template":"","meta":{"_acf_changed":false,"footnotes":""},"class_list":["post-59","page","type-page","status-publish","has-post-thumbnail","hentry"],"acf":[],"yoast_head":"<!-- This site is optimized with the Yoast SEO plugin v27.1.1 - https:\/\/yoast.com\/product\/yoast-seo-wordpress\/ -->\n<title>Asumus - Lemmikkitieto<\/title>\n<meta name=\"robots\" content=\"index, follow, max-snippet:-1, max-image-preview:large, max-video-preview:-1\" \/>\n<link rel=\"canonical\" href=\"https:\/\/sey.fi\/lemmikkitieto\/hakki\/\" \/>\n<meta property=\"og:locale\" content=\"fi_FI\" \/>\n<meta property=\"og:type\" content=\"article\" \/>\n<meta property=\"og:title\" content=\"Asumus - Lemmikkitieto\" \/>\n<meta property=\"og:description\" content=\"Kuva: Anne Kroi\u00df\/Pixabay Tilan tarve Kaikilla eksoottisilla lemmikeill\u00e4 on koostaan huolimatta suuri tilan tarve. Luonnossa esimerkiksi gerbiiliperheen k\u00e4ytt\u00e4m\u00e4 liikkuma-alue on omakotitalotontin kokoinen. Pieness\u00e4 h\u00e4kiss\u00e4 pidetty el\u00e4in pysyy kyll\u00e4 elossa vuodesta toiseen, mutta se voi olla koko ajan stressaantunut. T\u00e4m\u00e4 on tutkimuksissa havaittu muun muassa stressihormonien m\u00e4\u00e4r\u00e4st\u00e4. Jyrsij\u00e4- ja kaniharrastuksen alkuaikoina ei viel\u00e4 ymm\u00e4rretty, miten t\u00e4rkeit\u00e4 [&hellip;]\" \/>\n<meta property=\"og:url\" content=\"https:\/\/sey.fi\/lemmikkitieto\/hakki\/\" \/>\n<meta property=\"og:site_name\" content=\"Lemmikkitieto\" \/>\n<meta property=\"article:modified_time\" content=\"2023-12-08T09:33:52+00:00\" \/>\n<meta property=\"og:image\" content=\"https:\/\/sey.fi\/wp-content\/uploads\/sites\/48\/2023\/12\/sey-lemmikkitieto-asumus-web-1024x512.png\" \/>\n\t<meta property=\"og:image:width\" content=\"1024\" \/>\n\t<meta property=\"og:image:height\" content=\"512\" \/>\n\t<meta property=\"og:image:type\" content=\"image\/png\" \/>\n<meta name=\"twitter:card\" content=\"summary_large_image\" \/>\n<meta name=\"twitter:label1\" content=\"Arvioitu lukuaika\" \/>\n\t<meta name=\"twitter:data1\" content=\"5 minuuttia\" \/>\n<script type=\"application\/ld+json\" class=\"yoast-schema-graph\">{\"@context\":\"https:\/\/schema.org\",\"@graph\":[{\"@type\":\"WebPage\",\"@id\":\"https:\/\/sey.fi\/lemmikkitieto\/hakki\/\",\"url\":\"https:\/\/sey.fi\/lemmikkitieto\/hakki\/\",\"name\":\"Asumus - Lemmikkitieto\",\"isPartOf\":{\"@id\":\"https:\/\/sey.fi\/lemmikkitieto\/#website\"},\"primaryImageOfPage\":{\"@id\":\"https:\/\/sey.fi\/lemmikkitieto\/hakki\/#primaryimage\"},\"image\":{\"@id\":\"https:\/\/sey.fi\/lemmikkitieto\/hakki\/#primaryimage\"},\"thumbnailUrl\":\"https:\/\/sey.fi\/wp-content\/uploads\/sites\/48\/2023\/12\/sey-lemmikkitieto-asumus-web.png\",\"datePublished\":\"2019-12-10T16:57:39+00:00\",\"dateModified\":\"2023-12-08T09:33:52+00:00\",\"breadcrumb\":{\"@id\":\"https:\/\/sey.fi\/lemmikkitieto\/hakki\/#breadcrumb\"},\"inLanguage\":\"fi\",\"potentialAction\":[{\"@type\":\"ReadAction\",\"target\":[\"https:\/\/sey.fi\/lemmikkitieto\/hakki\/\"]}]},{\"@type\":\"ImageObject\",\"inLanguage\":\"fi\",\"@id\":\"https:\/\/sey.fi\/lemmikkitieto\/hakki\/#primaryimage\",\"url\":\"https:\/\/sey.fi\/wp-content\/uploads\/sites\/48\/2023\/12\/sey-lemmikkitieto-asumus-web.png\",\"contentUrl\":\"https:\/\/sey.fi\/wp-content\/uploads\/sites\/48\/2023\/12\/sey-lemmikkitieto-asumus-web.png\",\"width\":1920,\"height\":960,\"caption\":\"Harmaa gerbiili asumuksessaan\"},{\"@type\":\"BreadcrumbList\",\"@id\":\"https:\/\/sey.fi\/lemmikkitieto\/hakki\/#breadcrumb\",\"itemListElement\":[{\"@type\":\"ListItem\",\"position\":1,\"name\":\"Home\",\"item\":\"https:\/\/sey.fi\/lemmikkitieto\/\"},{\"@type\":\"ListItem\",\"position\":2,\"name\":\"Asumus\"}]},{\"@type\":\"WebSite\",\"@id\":\"https:\/\/sey.fi\/lemmikkitieto\/#website\",\"url\":\"https:\/\/sey.fi\/lemmikkitieto\/\",\"name\":\"Lemmikkitieto\",\"description\":\"Uusi SEY Lemmikkitietosivu\",\"potentialAction\":[{\"@type\":\"SearchAction\",\"target\":{\"@type\":\"EntryPoint\",\"urlTemplate\":\"https:\/\/sey.fi\/lemmikkitieto\/?s={search_term_string}\"},\"query-input\":{\"@type\":\"PropertyValueSpecification\",\"valueRequired\":true,\"valueName\":\"search_term_string\"}}],\"inLanguage\":\"fi\"}]}<\/script>\n<!-- \/ Yoast SEO plugin. -->","yoast_head_json":{"title":"Asumus - Lemmikkitieto","robots":{"index":"index","follow":"follow","max-snippet":"max-snippet:-1","max-image-preview":"max-image-preview:large","max-video-preview":"max-video-preview:-1"},"canonical":"https:\/\/sey.fi\/lemmikkitieto\/hakki\/","og_locale":"fi_FI","og_type":"article","og_title":"Asumus - Lemmikkitieto","og_description":"Kuva: Anne Kroi\u00df\/Pixabay Tilan tarve Kaikilla eksoottisilla lemmikeill\u00e4 on koostaan huolimatta suuri tilan tarve. Luonnossa esimerkiksi gerbiiliperheen k\u00e4ytt\u00e4m\u00e4 liikkuma-alue on omakotitalotontin kokoinen. Pieness\u00e4 h\u00e4kiss\u00e4 pidetty el\u00e4in pysyy kyll\u00e4 elossa vuodesta toiseen, mutta se voi olla koko ajan stressaantunut. T\u00e4m\u00e4 on tutkimuksissa havaittu muun muassa stressihormonien m\u00e4\u00e4r\u00e4st\u00e4. Jyrsij\u00e4- ja kaniharrastuksen alkuaikoina ei viel\u00e4 ymm\u00e4rretty, miten t\u00e4rkeit\u00e4 [&hellip;]","og_url":"https:\/\/sey.fi\/lemmikkitieto\/hakki\/","og_site_name":"Lemmikkitieto","article_modified_time":"2023-12-08T09:33:52+00:00","og_image":[{"width":1024,"height":512,"url":"https:\/\/sey.fi\/wp-content\/uploads\/sites\/48\/2023\/12\/sey-lemmikkitieto-asumus-web-1024x512.png","type":"image\/png"}],"twitter_card":"summary_large_image","twitter_misc":{"Arvioitu lukuaika":"5 minuuttia"},"schema":{"@context":"https:\/\/schema.org","@graph":[{"@type":"WebPage","@id":"https:\/\/sey.fi\/lemmikkitieto\/hakki\/","url":"https:\/\/sey.fi\/lemmikkitieto\/hakki\/","name":"Asumus - Lemmikkitieto","isPartOf":{"@id":"https:\/\/sey.fi\/lemmikkitieto\/#website"},"primaryImageOfPage":{"@id":"https:\/\/sey.fi\/lemmikkitieto\/hakki\/#primaryimage"},"image":{"@id":"https:\/\/sey.fi\/lemmikkitieto\/hakki\/#primaryimage"},"thumbnailUrl":"https:\/\/sey.fi\/wp-content\/uploads\/sites\/48\/2023\/12\/sey-lemmikkitieto-asumus-web.png","datePublished":"2019-12-10T16:57:39+00:00","dateModified":"2023-12-08T09:33:52+00:00","breadcrumb":{"@id":"https:\/\/sey.fi\/lemmikkitieto\/hakki\/#breadcrumb"},"inLanguage":"fi","potentialAction":[{"@type":"ReadAction","target":["https:\/\/sey.fi\/lemmikkitieto\/hakki\/"]}]},{"@type":"ImageObject","inLanguage":"fi","@id":"https:\/\/sey.fi\/lemmikkitieto\/hakki\/#primaryimage","url":"https:\/\/sey.fi\/wp-content\/uploads\/sites\/48\/2023\/12\/sey-lemmikkitieto-asumus-web.png","contentUrl":"https:\/\/sey.fi\/wp-content\/uploads\/sites\/48\/2023\/12\/sey-lemmikkitieto-asumus-web.png","width":1920,"height":960,"caption":"Harmaa gerbiili asumuksessaan"},{"@type":"BreadcrumbList","@id":"https:\/\/sey.fi\/lemmikkitieto\/hakki\/#breadcrumb","itemListElement":[{"@type":"ListItem","position":1,"name":"Home","item":"https:\/\/sey.fi\/lemmikkitieto\/"},{"@type":"ListItem","position":2,"name":"Asumus"}]},{"@type":"WebSite","@id":"https:\/\/sey.fi\/lemmikkitieto\/#website","url":"https:\/\/sey.fi\/lemmikkitieto\/","name":"Lemmikkitieto","description":"Uusi SEY Lemmikkitietosivu","potentialAction":[{"@type":"SearchAction","target":{"@type":"EntryPoint","urlTemplate":"https:\/\/sey.fi\/lemmikkitieto\/?s={search_term_string}"},"query-input":{"@type":"PropertyValueSpecification","valueRequired":true,"valueName":"search_term_string"}}],"inLanguage":"fi"}]}},"_links":{"self":[{"href":"https:\/\/sey.fi\/lemmikkitieto\/wp-json\/wp\/v2\/pages\/59","targetHints":{"allow":["GET"]}}],"collection":[{"href":"https:\/\/sey.fi\/lemmikkitieto\/wp-json\/wp\/v2\/pages"}],"about":[{"href":"https:\/\/sey.fi\/lemmikkitieto\/wp-json\/wp\/v2\/types\/page"}],"author":[{"embeddable":true,"href":"https:\/\/sey.fi\/lemmikkitieto\/wp-json\/wp\/v2\/users\/8"}],"replies":[{"embeddable":true,"href":"https:\/\/sey.fi\/lemmikkitieto\/wp-json\/wp\/v2\/comments?post=59"}],"version-history":[{"count":9,"href":"https:\/\/sey.fi\/lemmikkitieto\/wp-json\/wp\/v2\/pages\/59\/revisions"}],"predecessor-version":[{"id":414,"href":"https:\/\/sey.fi\/lemmikkitieto\/wp-json\/wp\/v2\/pages\/59\/revisions\/414"}],"wp:featuredmedia":[{"embeddable":true,"href":"https:\/\/sey.fi\/lemmikkitieto\/wp-json\/wp\/v2\/media\/412"}],"wp:attachment":[{"href":"https:\/\/sey.fi\/lemmikkitieto\/wp-json\/wp\/v2\/media?parent=59"}],"curies":[{"name":"wp","href":"https:\/\/api.w.org\/{rel}","templated":true}]}}