{"id":61,"date":"2019-12-10T18:58:57","date_gmt":"2019-12-10T16:58:57","guid":{"rendered":"http:\/\/srvr10.xetpoint.com\/~seyfi\/lemmikkitieto\/?page_id=61"},"modified":"2023-12-07T18:16:50","modified_gmt":"2023-12-07T16:16:50","slug":"pesakopit","status":"publish","type":"page","link":"https:\/\/sey.fi\/lemmikkitieto\/pitopaikka\/pesakopit\/","title":{"rendered":"Pes\u00e4kopit"},"content":{"rendered":"\n<p><em>Kuva: Pixabay<\/em><\/p>\n\n\n\n<h2 class=\"wp-block-heading\">Turvallisuuden tunne<\/h2>\n\n\n\n<p>Kaikkien pikkulemmikkien luonnonvaraiset esi-is\u00e4t olivat monien petoel\u00e4inten saalista. Niille oli siis elint\u00e4rke\u00e4\u00e4 nukkua piilossa. Hereill\u00e4 ollessakin oli v\u00e4ltt\u00e4m\u00e4t\u00f6nt\u00e4 tiet\u00e4\u00e4, miss\u00e4 on l\u00e4hin kolo, johon voi pujahtaa vaaran uhatessa. T\u00e4m\u00e4 oli eloonj\u00e4\u00e4misen kannalta niin t\u00e4rke\u00e4\u00e4, ett\u00e4 sama tarve on periytynyt kesyille lemmikeillemme, vaikka ne eiv\u00e4t ole n\u00e4hneet haukkaa tai kettua moneen sukupolveen.<\/p>\n\n\n\n<p>Kesyille lemmikeille piilopaikan olemassaolo on oleellinen osa turvallisuudentunnetta. Vaikka lemmikki torkahtaisi v\u00e4lill\u00e4 p\u00e4iv\u00e4unille aivan avoimesti aitauksensa lattialle, sen hyvinvointia lis\u00e4\u00e4 silti suuresti tieto siit\u00e4, ett\u00e4 se p\u00e4\u00e4see my\u00f6s piilopaikkaan, jos sellaista sattuisi tarvitsemaan.<\/p>\n\n\n\n<h2 class=\"wp-block-heading\">Koppien m\u00e4\u00e4r\u00e4 ja koko<\/h2>\n\n\n\n<p>Pes\u00e4koppeja tarvitaan v\u00e4hint\u00e4\u00e4n yht\u00e4 monta kuin on el\u00e4imi\u00e4. Vaikka useampi el\u00e4in nukkuisi samassa kopissa, joskus voi kuitenkin tulla tilanteita, joissa jotkin niist\u00e4 haluavat olla erill\u00e4\u00e4n.&nbsp;Lis\u00e4ksi dominoivampi yksil\u00f6 voi ajaa arvoasteikossa alempana olevan ulos itse valitsemastaan piilopaikasta ja t\u00e4ll\u00f6in on t\u00e4rke\u00e4\u00e4 ett\u00e4 toisellekkin riitt\u00e4\u00e4 oma piilo\/pes\u00e4koppi.<\/p>\n\n\n\n<p>V\u00e4hint\u00e4\u00e4n yhden kopeista on oltava tarpeeksi suuri, ett\u00e4 kaikki el\u00e4imet mahtuvat sinne halutessaan yht\u00e4 aikaa. Jos el\u00e4imi\u00e4 on paljon, muidenkin koppien koossa on hyv\u00e4 olla valinnanvaraa, niin ett\u00e4 esimerkiksi muutaman el\u00e4imen porukat mahtuvat kukin omaan koppiinsa. Monille el\u00e4imille, kuten esimerkiksi gerbiileille, yhdess\u00e4 nukkuminen on keskeinen osa sosiaalista k\u00e4ytt\u00e4ytymist\u00e4.<\/p>\n\n\n\n<p>Jos el\u00e4imille on j\u00e4rjestetty kaivamismahdollisuus eli parin-kolmenkymmenen sentin kerros haapahaketta ja hein\u00e4\u00e4 terraarion pohjalle, pes\u00e4koppeja ei v\u00e4ltt\u00e4m\u00e4tt\u00e4 tarvita, jos el\u00e4imet kaivavat itselleen omat luolat. Jos pes\u00e4koppeja k\u00e4ytet\u00e4\u00e4n yhdess\u00e4 paksun kuivikekerroksen kanssa, koppien materiaali ja paikat valitaan niin, ett\u00e4 ne eiv\u00e4t aiheuta vaaraa alapuolellaan kaiveleville el\u00e4imille. Painava keraaminen m\u00f6kki voi nimitt\u00e4in romahtaa el\u00e4imen p\u00e4\u00e4lle, jos se sattuu kaivamaan luolan juuri sen alapuolelle.<\/p>\n\n\n\n<h2 class=\"wp-block-heading\">Koppien materiaali ja sijainti<\/h2>\n\n\n\n<p>Pes\u00e4koppien ei pid\u00e4 olla muovia \u2013 kuten ei muidenkaan tavaroiden, joita annetaan jyrsij\u00f6iden tai kanien ulottuville. Muoviesineit\u00e4 jyrsiess\u00e4\u00e4n el\u00e4in voi tulla nielleeksi muovinpaloja, jotka voivat aiheuttaa hengenvaarallisen suolitukoksen. Lis\u00e4ksi muovi ei hengit\u00e4.<\/p>\n\n\n\n<p>Puusta tehdyt kopit tai esimerkiksi el\u00e4inkaupoissa myyt\u00e4v\u00e4t kookosp\u00e4hkin\u00e4n kuoret ovat turvallisia, mutta saattavat ajan mittaan alkaa haista, jolloin ne korvataan uudella. Keraamiset kopit, joita myyd\u00e4\u00e4n el\u00e4inkaupoissa, ovat nekin turvallisia eiv\u00e4tk\u00e4 ime hajuja.<\/p>\n\n\n\n<p>Pahvirasioita, kuten tyhji\u00e4 muro- tai ryynipaketteja, voi k\u00e4ytt\u00e4\u00e4 jyrsij\u00f6ill\u00e4 muiden koppien lis\u00e4n\u00e4. Ne eiv\u00e4t riit\u00e4 kuitenkaan ainoiksi kopeiksi, koska ne voivat tuntua el\u00e4imist\u00e4 melko heppoisilta.<\/p>\n\n\n\n<p>Kaneille voidaan tehd\u00e4 piilopaikkoja tuoleista tai jakkaroista, joiden p\u00e4\u00e4lle on aseteltu peitto. Piilopaikan lis\u00e4ksi tasoille kiipeilev\u00e4 kani arvostaa t\u00e4hystyspaikkaa.<\/p>\n\n\n\n<h2 class=\"wp-block-heading\">Pes\u00e4npehmikkeet<\/h2>\n\n\n\n<p>Pehmikkeet lis\u00e4\u00e4v\u00e4t pes\u00e4kopin viihtyisyytt\u00e4. Kanille ja marsulle sopii pehme\u00e4 kuivahein\u00e4 tai olki, pienemmille el\u00e4imille esimerkiksi talouspaperi. Jos pes\u00e4paikkoja on ymp\u00e4ri asuntoa, kaneille k\u00e4y pehmusteeksi esimerkiksi vauvojen peitot. Niit\u00e4 on helppo pest\u00e4 ja vaihtaa.<\/p>\n\n\n\n<p>Jotkin el\u00e4imet valikoivat pehmikkeet yleens\u00e4 mieluiten itse ja kantavat ne pes\u00e4koppiin. T\u00e4llaisia ovat muun muassa gerbiilit. Niille voi laittaa hiukan pehmikkeit\u00e4 valmiiksi kopin sis\u00e4\u00e4n ja lis\u00e4\u00e4 pehmikkeit\u00e4 tarjolle kopin ulkopuolelle. Toiset, kuten marsut, eiv\u00e4t kanna pehmikkeit\u00e4 itse, mutta ne arvostavat valmiiksi pehmustettua koppia.<\/p>\n","protected":false},"excerpt":{"rendered":"<p>Kuva: Pixabay Turvallisuuden tunne Kaikkien pikkulemmikkien luonnonvaraiset esi-is\u00e4t olivat monien petoel\u00e4inten saalista. Niille oli siis elint\u00e4rke\u00e4\u00e4 nukkua piilossa. Hereill\u00e4 ollessakin oli v\u00e4ltt\u00e4m\u00e4t\u00f6nt\u00e4 tiet\u00e4\u00e4, miss\u00e4 on l\u00e4hin kolo, johon voi pujahtaa vaaran uhatessa. T\u00e4m\u00e4 oli eloonj\u00e4\u00e4misen kannalta niin t\u00e4rke\u00e4\u00e4, ett\u00e4 sama tarve on periytynyt kesyille lemmikeillemme, vaikka ne eiv\u00e4t ole n\u00e4hneet haukkaa tai kettua moneen sukupolveen. [&hellip;]<\/p>\n","protected":false},"author":8,"featured_media":395,"parent":53,"menu_order":0,"comment_status":"closed","ping_status":"closed","template":"","meta":{"_acf_changed":false,"footnotes":""},"class_list":["post-61","page","type-page","status-publish","has-post-thumbnail","hentry"],"acf":[],"yoast_head":"<!-- This site is optimized with the Yoast SEO plugin v27.1.1 - https:\/\/yoast.com\/product\/yoast-seo-wordpress\/ -->\n<title>Pes\u00e4kopit - Lemmikkitieto<\/title>\n<meta name=\"description\" content=\"Pikkulemmikeille on t\u00e4rke\u00e4\u00e4 nukkua piilossa. Siksi pes\u00e4koppeja tarvitaan v\u00e4hint\u00e4\u00e4n yht\u00e4 monta kuin on el\u00e4imi\u00e4.\" \/>\n<meta name=\"robots\" content=\"index, follow, max-snippet:-1, max-image-preview:large, max-video-preview:-1\" \/>\n<link rel=\"canonical\" href=\"https:\/\/sey.fi\/lemmikkitieto\/pitopaikka\/pesakopit\/\" \/>\n<meta property=\"og:locale\" content=\"fi_FI\" \/>\n<meta property=\"og:type\" content=\"article\" \/>\n<meta property=\"og:title\" content=\"Pes\u00e4kopit - Lemmikkitieto\" \/>\n<meta property=\"og:description\" content=\"Pikkulemmikeille on t\u00e4rke\u00e4\u00e4 nukkua piilossa. Siksi pes\u00e4koppeja tarvitaan v\u00e4hint\u00e4\u00e4n yht\u00e4 monta kuin on el\u00e4imi\u00e4.\" \/>\n<meta property=\"og:url\" content=\"https:\/\/sey.fi\/lemmikkitieto\/pitopaikka\/pesakopit\/\" \/>\n<meta property=\"og:site_name\" content=\"Lemmikkitieto\" \/>\n<meta property=\"article:modified_time\" content=\"2023-12-07T16:16:50+00:00\" \/>\n<meta property=\"og:image\" content=\"https:\/\/sey.fi\/wp-content\/uploads\/sites\/48\/2023\/12\/sey-lemmikkitieto-pesakopit-1024x512.png\" \/>\n\t<meta property=\"og:image:width\" content=\"1024\" \/>\n\t<meta property=\"og:image:height\" content=\"512\" \/>\n\t<meta property=\"og:image:type\" content=\"image\/png\" \/>\n<meta name=\"twitter:card\" content=\"summary_large_image\" \/>\n<meta name=\"twitter:label1\" content=\"Arvioitu lukuaika\" \/>\n\t<meta name=\"twitter:data1\" content=\"3 minuuttia\" \/>\n<script type=\"application\/ld+json\" class=\"yoast-schema-graph\">{\"@context\":\"https:\/\/schema.org\",\"@graph\":[{\"@type\":\"WebPage\",\"@id\":\"https:\/\/sey.fi\/lemmikkitieto\/pitopaikka\/pesakopit\/\",\"url\":\"https:\/\/sey.fi\/lemmikkitieto\/pitopaikka\/pesakopit\/\",\"name\":\"Pes\u00e4kopit - Lemmikkitieto\",\"isPartOf\":{\"@id\":\"https:\/\/sey.fi\/lemmikkitieto\/#website\"},\"primaryImageOfPage\":{\"@id\":\"https:\/\/sey.fi\/lemmikkitieto\/pitopaikka\/pesakopit\/#primaryimage\"},\"image\":{\"@id\":\"https:\/\/sey.fi\/lemmikkitieto\/pitopaikka\/pesakopit\/#primaryimage\"},\"thumbnailUrl\":\"https:\/\/sey.fi\/wp-content\/uploads\/sites\/48\/2023\/12\/sey-lemmikkitieto-pesakopit.png\",\"datePublished\":\"2019-12-10T16:58:57+00:00\",\"dateModified\":\"2023-12-07T16:16:50+00:00\",\"description\":\"Pikkulemmikeille on t\u00e4rke\u00e4\u00e4 nukkua piilossa. Siksi pes\u00e4koppeja tarvitaan v\u00e4hint\u00e4\u00e4n yht\u00e4 monta kuin on el\u00e4imi\u00e4.\",\"breadcrumb\":{\"@id\":\"https:\/\/sey.fi\/lemmikkitieto\/pitopaikka\/pesakopit\/#breadcrumb\"},\"inLanguage\":\"fi\",\"potentialAction\":[{\"@type\":\"ReadAction\",\"target\":[\"https:\/\/sey.fi\/lemmikkitieto\/pitopaikka\/pesakopit\/\"]}]},{\"@type\":\"ImageObject\",\"inLanguage\":\"fi\",\"@id\":\"https:\/\/sey.fi\/lemmikkitieto\/pitopaikka\/pesakopit\/#primaryimage\",\"url\":\"https:\/\/sey.fi\/wp-content\/uploads\/sites\/48\/2023\/12\/sey-lemmikkitieto-pesakopit.png\",\"contentUrl\":\"https:\/\/sey.fi\/wp-content\/uploads\/sites\/48\/2023\/12\/sey-lemmikkitieto-pesakopit.png\",\"width\":1920,\"height\":960,\"caption\":\"Kirjava marsu kurkistaa puisen pes\u00e4koppinsa ovelta\"},{\"@type\":\"BreadcrumbList\",\"@id\":\"https:\/\/sey.fi\/lemmikkitieto\/pitopaikka\/pesakopit\/#breadcrumb\",\"itemListElement\":[{\"@type\":\"ListItem\",\"position\":1,\"name\":\"Home\",\"item\":\"https:\/\/sey.fi\/lemmikkitieto\/\"},{\"@type\":\"ListItem\",\"position\":2,\"name\":\"Pitopaikka\",\"item\":\"https:\/\/sey.fi\/lemmikkitieto\/pitopaikka\/\"},{\"@type\":\"ListItem\",\"position\":3,\"name\":\"Pes\u00e4kopit\"}]},{\"@type\":\"WebSite\",\"@id\":\"https:\/\/sey.fi\/lemmikkitieto\/#website\",\"url\":\"https:\/\/sey.fi\/lemmikkitieto\/\",\"name\":\"Lemmikkitieto\",\"description\":\"Uusi SEY Lemmikkitietosivu\",\"potentialAction\":[{\"@type\":\"SearchAction\",\"target\":{\"@type\":\"EntryPoint\",\"urlTemplate\":\"https:\/\/sey.fi\/lemmikkitieto\/?s={search_term_string}\"},\"query-input\":{\"@type\":\"PropertyValueSpecification\",\"valueRequired\":true,\"valueName\":\"search_term_string\"}}],\"inLanguage\":\"fi\"}]}<\/script>\n<!-- \/ Yoast SEO plugin. -->","yoast_head_json":{"title":"Pes\u00e4kopit - Lemmikkitieto","description":"Pikkulemmikeille on t\u00e4rke\u00e4\u00e4 nukkua piilossa. Siksi pes\u00e4koppeja tarvitaan v\u00e4hint\u00e4\u00e4n yht\u00e4 monta kuin on el\u00e4imi\u00e4.","robots":{"index":"index","follow":"follow","max-snippet":"max-snippet:-1","max-image-preview":"max-image-preview:large","max-video-preview":"max-video-preview:-1"},"canonical":"https:\/\/sey.fi\/lemmikkitieto\/pitopaikka\/pesakopit\/","og_locale":"fi_FI","og_type":"article","og_title":"Pes\u00e4kopit - Lemmikkitieto","og_description":"Pikkulemmikeille on t\u00e4rke\u00e4\u00e4 nukkua piilossa. Siksi pes\u00e4koppeja tarvitaan v\u00e4hint\u00e4\u00e4n yht\u00e4 monta kuin on el\u00e4imi\u00e4.","og_url":"https:\/\/sey.fi\/lemmikkitieto\/pitopaikka\/pesakopit\/","og_site_name":"Lemmikkitieto","article_modified_time":"2023-12-07T16:16:50+00:00","og_image":[{"width":1024,"height":512,"url":"https:\/\/sey.fi\/wp-content\/uploads\/sites\/48\/2023\/12\/sey-lemmikkitieto-pesakopit-1024x512.png","type":"image\/png"}],"twitter_card":"summary_large_image","twitter_misc":{"Arvioitu lukuaika":"3 minuuttia"},"schema":{"@context":"https:\/\/schema.org","@graph":[{"@type":"WebPage","@id":"https:\/\/sey.fi\/lemmikkitieto\/pitopaikka\/pesakopit\/","url":"https:\/\/sey.fi\/lemmikkitieto\/pitopaikka\/pesakopit\/","name":"Pes\u00e4kopit - Lemmikkitieto","isPartOf":{"@id":"https:\/\/sey.fi\/lemmikkitieto\/#website"},"primaryImageOfPage":{"@id":"https:\/\/sey.fi\/lemmikkitieto\/pitopaikka\/pesakopit\/#primaryimage"},"image":{"@id":"https:\/\/sey.fi\/lemmikkitieto\/pitopaikka\/pesakopit\/#primaryimage"},"thumbnailUrl":"https:\/\/sey.fi\/wp-content\/uploads\/sites\/48\/2023\/12\/sey-lemmikkitieto-pesakopit.png","datePublished":"2019-12-10T16:58:57+00:00","dateModified":"2023-12-07T16:16:50+00:00","description":"Pikkulemmikeille on t\u00e4rke\u00e4\u00e4 nukkua piilossa. Siksi pes\u00e4koppeja tarvitaan v\u00e4hint\u00e4\u00e4n yht\u00e4 monta kuin on el\u00e4imi\u00e4.","breadcrumb":{"@id":"https:\/\/sey.fi\/lemmikkitieto\/pitopaikka\/pesakopit\/#breadcrumb"},"inLanguage":"fi","potentialAction":[{"@type":"ReadAction","target":["https:\/\/sey.fi\/lemmikkitieto\/pitopaikka\/pesakopit\/"]}]},{"@type":"ImageObject","inLanguage":"fi","@id":"https:\/\/sey.fi\/lemmikkitieto\/pitopaikka\/pesakopit\/#primaryimage","url":"https:\/\/sey.fi\/wp-content\/uploads\/sites\/48\/2023\/12\/sey-lemmikkitieto-pesakopit.png","contentUrl":"https:\/\/sey.fi\/wp-content\/uploads\/sites\/48\/2023\/12\/sey-lemmikkitieto-pesakopit.png","width":1920,"height":960,"caption":"Kirjava marsu kurkistaa puisen pes\u00e4koppinsa ovelta"},{"@type":"BreadcrumbList","@id":"https:\/\/sey.fi\/lemmikkitieto\/pitopaikka\/pesakopit\/#breadcrumb","itemListElement":[{"@type":"ListItem","position":1,"name":"Home","item":"https:\/\/sey.fi\/lemmikkitieto\/"},{"@type":"ListItem","position":2,"name":"Pitopaikka","item":"https:\/\/sey.fi\/lemmikkitieto\/pitopaikka\/"},{"@type":"ListItem","position":3,"name":"Pes\u00e4kopit"}]},{"@type":"WebSite","@id":"https:\/\/sey.fi\/lemmikkitieto\/#website","url":"https:\/\/sey.fi\/lemmikkitieto\/","name":"Lemmikkitieto","description":"Uusi SEY Lemmikkitietosivu","potentialAction":[{"@type":"SearchAction","target":{"@type":"EntryPoint","urlTemplate":"https:\/\/sey.fi\/lemmikkitieto\/?s={search_term_string}"},"query-input":{"@type":"PropertyValueSpecification","valueRequired":true,"valueName":"search_term_string"}}],"inLanguage":"fi"}]}},"_links":{"self":[{"href":"https:\/\/sey.fi\/lemmikkitieto\/wp-json\/wp\/v2\/pages\/61","targetHints":{"allow":["GET"]}}],"collection":[{"href":"https:\/\/sey.fi\/lemmikkitieto\/wp-json\/wp\/v2\/pages"}],"about":[{"href":"https:\/\/sey.fi\/lemmikkitieto\/wp-json\/wp\/v2\/types\/page"}],"author":[{"embeddable":true,"href":"https:\/\/sey.fi\/lemmikkitieto\/wp-json\/wp\/v2\/users\/8"}],"replies":[{"embeddable":true,"href":"https:\/\/sey.fi\/lemmikkitieto\/wp-json\/wp\/v2\/comments?post=61"}],"version-history":[{"count":5,"href":"https:\/\/sey.fi\/lemmikkitieto\/wp-json\/wp\/v2\/pages\/61\/revisions"}],"predecessor-version":[{"id":397,"href":"https:\/\/sey.fi\/lemmikkitieto\/wp-json\/wp\/v2\/pages\/61\/revisions\/397"}],"up":[{"embeddable":true,"href":"https:\/\/sey.fi\/lemmikkitieto\/wp-json\/wp\/v2\/pages\/53"}],"wp:featuredmedia":[{"embeddable":true,"href":"https:\/\/sey.fi\/lemmikkitieto\/wp-json\/wp\/v2\/media\/395"}],"wp:attachment":[{"href":"https:\/\/sey.fi\/lemmikkitieto\/wp-json\/wp\/v2\/media?parent=61"}],"curies":[{"name":"wp","href":"https:\/\/api.w.org\/{rel}","templated":true}]}}