{"id":64,"date":"2019-12-10T18:59:45","date_gmt":"2019-12-10T16:59:45","guid":{"rendered":"http:\/\/srvr10.xetpoint.com\/~seyfi\/lemmikkitieto\/?page_id=64"},"modified":"2023-12-07T18:02:07","modified_gmt":"2023-12-07T16:02:07","slug":"kiipeilypaikat","status":"publish","type":"page","link":"https:\/\/sey.fi\/lemmikkitieto\/kiipeilypaikat\/","title":{"rendered":"Kiipeilypaikat"},"content":{"rendered":"\n<p><em>Kuva: Silvia\/Pixabay<\/em><\/p>\n\n\n\n<h2 class=\"wp-block-heading\">Kiipeilyreitit lis\u00e4\u00e4v\u00e4t liikkumatilaa<\/h2>\n\n\n\n<p>Rotat, hiiret ja kiinank\u00e4\u00e4pi\u00f6hamsterit ovat  ahkeria kiipeilij\u00f6it\u00e4. Degut ja etenkin chinchillat puolestaan loikkivat mielell\u00e4\u00e4n tasolta toiselle. Kaikkien n\u00e4iden asumuksissa kannattaa hy\u00f6dynt\u00e4\u00e4 pystysuuntainen tila hyvin. Kaksi ulkonaisesti samankokoista h\u00e4kki\u00e4 voi olla el\u00e4inten n\u00e4k\u00f6kulmasta hyvinkin erikokoisia, jos toisessa on vain muutama kiipeilypaikka ja toiseen taas on suunniteltu monenlaisia kiipeilyreittej\u00e4, tasoja, riippumattoja.<\/p>\n\n\n\n<p>Monipuolisuus lis\u00e4\u00e4 kiipeilytelineiden arvoa el\u00e4imille. Monta erilaista varustetta h\u00e4kiss\u00e4 on mielenkiintoisempi ratkaisu kuin monta samanlaista varustetta. Kulkureittien monipuolisuus taas saadaan aikaan miettim\u00e4ll\u00e4 varusteiden sijoittelu niin, ett\u00e4 syntyy monia sellaisia risteyskohtia, joista el\u00e4imen on helppo siirty\u00e4 valintansa mukaan joko yhteen tai toiseen suuntaan.<\/p>\n\n\n\n<h2 class=\"wp-block-heading\">Oksia, tikkaita vai hyllyj\u00e4?<\/h2>\n\n\n\n<p>Etenkin rotille ja hiirille sopivat monenlaiset kiipeilyvarusteet: oksat, metallitikkaat, laudanp\u00e4tk\u00e4t tai molemmista p\u00e4ist\u00e4\u00e4n kiinnitetyt, tiukaksi pingotetut paksut hamppuk\u00f6ydet.<\/p>\n\n\n\n<p>Varusteet asetetaan vaakasuoraan tai vinottain ja kiinnitet\u00e4\u00e4n lujasti. Rotta pit\u00e4\u00e4 my\u00f6s riippumatosta, jollaisen voi tehd\u00e4 esimerkiksi kiinnitt\u00e4m\u00e4ll\u00e4 kankaanpalan kaikista nelj\u00e4st\u00e4 kulmastaan h\u00e4kin kattoon. Kiinank\u00e4\u00e4pi\u00f6hamsterit ja degut arvostavat etenkin paksuja oksia tai lautoja, jotka kiinnitet\u00e4\u00e4n vinoon tai vaakasuoraan. Chinchilloille sopiva ratkaisu ovat eri korkeuksille kiinnitetyt hyllyt, joiden v\u00e4lill\u00e4 ne voivat loikkia.<\/p>\n\n\n\n<p>Puusta tehtyjen varusteiden, kuten oksien, siltojen ja hyllyjen, on hyv\u00e4 olla karheapintaisia: esimerkiksi h\u00f6yl\u00e4\u00e4m\u00e4t\u00f6nt\u00e4 lautaa tai kuorimattomia oksia. T\u00e4ll\u00f6in el\u00e4imet saavat niist\u00e4 paremmin otteen. Lis\u00e4etuna on, ett\u00e4 karheaa pintaa vasten kynnet kuluvat luonnollisesti, jolloin el\u00e4inten kynsi\u00e4 tarvitsee leikata harvemmin tai ei ollenkaan. Huomiotavaa on kuitenkin se, ett\u00e4 t\u00e4llainen pinta imee ajan kanssa tehokkaastijyrsij\u00e4n virtsaa ja voi huonontaa h\u00e4kin hygieniaa. Puiset osat joille el\u00e4in p\u00e4\u00e4see virtsaamaan, kannattaa uusia s\u00e4\u00e4nn\u00f6llisesti.<\/p>\n","protected":false},"excerpt":{"rendered":"<p>Kuva: Silvia\/Pixabay Kiipeilyreitit lis\u00e4\u00e4v\u00e4t liikkumatilaa Rotat, hiiret ja kiinank\u00e4\u00e4pi\u00f6hamsterit ovat ahkeria kiipeilij\u00f6it\u00e4. Degut ja etenkin chinchillat puolestaan loikkivat mielell\u00e4\u00e4n tasolta toiselle. Kaikkien n\u00e4iden asumuksissa kannattaa hy\u00f6dynt\u00e4\u00e4 pystysuuntainen tila hyvin. Kaksi ulkonaisesti samankokoista h\u00e4kki\u00e4 voi olla el\u00e4inten n\u00e4k\u00f6kulmasta hyvinkin erikokoisia, jos toisessa on vain muutama kiipeilypaikka ja toiseen taas on suunniteltu monenlaisia kiipeilyreittej\u00e4, tasoja, riippumattoja. Monipuolisuus [&hellip;]<\/p>\n","protected":false},"author":8,"featured_media":391,"parent":0,"menu_order":0,"comment_status":"closed","ping_status":"closed","template":"","meta":{"_acf_changed":false,"footnotes":""},"class_list":["post-64","page","type-page","status-publish","has-post-thumbnail","hentry"],"acf":[],"yoast_head":"<!-- This site is optimized with the Yoast SEO plugin v27.1.1 - https:\/\/yoast.com\/product\/yoast-seo-wordpress\/ -->\n<title>Kiipeilypaikat - Lemmikkitieto<\/title>\n<meta name=\"robots\" content=\"index, follow, max-snippet:-1, max-image-preview:large, max-video-preview:-1\" \/>\n<link rel=\"canonical\" href=\"https:\/\/sey.fi\/lemmikkitieto\/kiipeilypaikat\/\" \/>\n<meta property=\"og:locale\" content=\"fi_FI\" \/>\n<meta property=\"og:type\" content=\"article\" \/>\n<meta property=\"og:title\" content=\"Kiipeilypaikat - Lemmikkitieto\" \/>\n<meta property=\"og:description\" content=\"Kuva: Silvia\/Pixabay Kiipeilyreitit lis\u00e4\u00e4v\u00e4t liikkumatilaa Rotat, hiiret ja kiinank\u00e4\u00e4pi\u00f6hamsterit ovat ahkeria kiipeilij\u00f6it\u00e4. Degut ja etenkin chinchillat puolestaan loikkivat mielell\u00e4\u00e4n tasolta toiselle. Kaikkien n\u00e4iden asumuksissa kannattaa hy\u00f6dynt\u00e4\u00e4 pystysuuntainen tila hyvin. Kaksi ulkonaisesti samankokoista h\u00e4kki\u00e4 voi olla el\u00e4inten n\u00e4k\u00f6kulmasta hyvinkin erikokoisia, jos toisessa on vain muutama kiipeilypaikka ja toiseen taas on suunniteltu monenlaisia kiipeilyreittej\u00e4, tasoja, riippumattoja. Monipuolisuus [&hellip;]\" \/>\n<meta property=\"og:url\" content=\"https:\/\/sey.fi\/lemmikkitieto\/kiipeilypaikat\/\" \/>\n<meta property=\"og:site_name\" content=\"Lemmikkitieto\" \/>\n<meta property=\"article:modified_time\" content=\"2023-12-07T16:02:07+00:00\" \/>\n<meta property=\"og:image\" content=\"https:\/\/sey.fi\/wp-content\/uploads\/sites\/48\/2023\/12\/sey-lemmikkitieto-kiipeilypaikat-1024x512.png\" \/>\n\t<meta property=\"og:image:width\" content=\"1024\" \/>\n\t<meta property=\"og:image:height\" content=\"512\" \/>\n\t<meta property=\"og:image:type\" content=\"image\/png\" \/>\n<meta name=\"twitter:card\" content=\"summary_large_image\" \/>\n<meta name=\"twitter:label1\" content=\"Arvioitu lukuaika\" \/>\n\t<meta name=\"twitter:data1\" content=\"2 minuuttia\" \/>\n<script type=\"application\/ld+json\" class=\"yoast-schema-graph\">{\"@context\":\"https:\/\/schema.org\",\"@graph\":[{\"@type\":\"WebPage\",\"@id\":\"https:\/\/sey.fi\/lemmikkitieto\/kiipeilypaikat\/\",\"url\":\"https:\/\/sey.fi\/lemmikkitieto\/kiipeilypaikat\/\",\"name\":\"Kiipeilypaikat - Lemmikkitieto\",\"isPartOf\":{\"@id\":\"https:\/\/sey.fi\/lemmikkitieto\/#website\"},\"primaryImageOfPage\":{\"@id\":\"https:\/\/sey.fi\/lemmikkitieto\/kiipeilypaikat\/#primaryimage\"},\"image\":{\"@id\":\"https:\/\/sey.fi\/lemmikkitieto\/kiipeilypaikat\/#primaryimage\"},\"thumbnailUrl\":\"https:\/\/sey.fi\/wp-content\/uploads\/sites\/48\/2023\/12\/sey-lemmikkitieto-kiipeilypaikat.png\",\"datePublished\":\"2019-12-10T16:59:45+00:00\",\"dateModified\":\"2023-12-07T16:02:07+00:00\",\"breadcrumb\":{\"@id\":\"https:\/\/sey.fi\/lemmikkitieto\/kiipeilypaikat\/#breadcrumb\"},\"inLanguage\":\"fi\",\"potentialAction\":[{\"@type\":\"ReadAction\",\"target\":[\"https:\/\/sey.fi\/lemmikkitieto\/kiipeilypaikat\/\"]}]},{\"@type\":\"ImageObject\",\"inLanguage\":\"fi\",\"@id\":\"https:\/\/sey.fi\/lemmikkitieto\/kiipeilypaikat\/#primaryimage\",\"url\":\"https:\/\/sey.fi\/wp-content\/uploads\/sites\/48\/2023\/12\/sey-lemmikkitieto-kiipeilypaikat.png\",\"contentUrl\":\"https:\/\/sey.fi\/wp-content\/uploads\/sites\/48\/2023\/12\/sey-lemmikkitieto-kiipeilypaikat.png\",\"width\":1920,\"height\":960,\"caption\":\"Ruskeavalkoinen rotta kiipeilee oksia pitkin\"},{\"@type\":\"BreadcrumbList\",\"@id\":\"https:\/\/sey.fi\/lemmikkitieto\/kiipeilypaikat\/#breadcrumb\",\"itemListElement\":[{\"@type\":\"ListItem\",\"position\":1,\"name\":\"Home\",\"item\":\"https:\/\/sey.fi\/lemmikkitieto\/\"},{\"@type\":\"ListItem\",\"position\":2,\"name\":\"Kiipeilypaikat\"}]},{\"@type\":\"WebSite\",\"@id\":\"https:\/\/sey.fi\/lemmikkitieto\/#website\",\"url\":\"https:\/\/sey.fi\/lemmikkitieto\/\",\"name\":\"Lemmikkitieto\",\"description\":\"Uusi SEY Lemmikkitietosivu\",\"potentialAction\":[{\"@type\":\"SearchAction\",\"target\":{\"@type\":\"EntryPoint\",\"urlTemplate\":\"https:\/\/sey.fi\/lemmikkitieto\/?s={search_term_string}\"},\"query-input\":{\"@type\":\"PropertyValueSpecification\",\"valueRequired\":true,\"valueName\":\"search_term_string\"}}],\"inLanguage\":\"fi\"}]}<\/script>\n<!-- \/ Yoast SEO plugin. -->","yoast_head_json":{"title":"Kiipeilypaikat - Lemmikkitieto","robots":{"index":"index","follow":"follow","max-snippet":"max-snippet:-1","max-image-preview":"max-image-preview:large","max-video-preview":"max-video-preview:-1"},"canonical":"https:\/\/sey.fi\/lemmikkitieto\/kiipeilypaikat\/","og_locale":"fi_FI","og_type":"article","og_title":"Kiipeilypaikat - Lemmikkitieto","og_description":"Kuva: Silvia\/Pixabay Kiipeilyreitit lis\u00e4\u00e4v\u00e4t liikkumatilaa Rotat, hiiret ja kiinank\u00e4\u00e4pi\u00f6hamsterit ovat ahkeria kiipeilij\u00f6it\u00e4. Degut ja etenkin chinchillat puolestaan loikkivat mielell\u00e4\u00e4n tasolta toiselle. Kaikkien n\u00e4iden asumuksissa kannattaa hy\u00f6dynt\u00e4\u00e4 pystysuuntainen tila hyvin. Kaksi ulkonaisesti samankokoista h\u00e4kki\u00e4 voi olla el\u00e4inten n\u00e4k\u00f6kulmasta hyvinkin erikokoisia, jos toisessa on vain muutama kiipeilypaikka ja toiseen taas on suunniteltu monenlaisia kiipeilyreittej\u00e4, tasoja, riippumattoja. Monipuolisuus [&hellip;]","og_url":"https:\/\/sey.fi\/lemmikkitieto\/kiipeilypaikat\/","og_site_name":"Lemmikkitieto","article_modified_time":"2023-12-07T16:02:07+00:00","og_image":[{"width":1024,"height":512,"url":"https:\/\/sey.fi\/wp-content\/uploads\/sites\/48\/2023\/12\/sey-lemmikkitieto-kiipeilypaikat-1024x512.png","type":"image\/png"}],"twitter_card":"summary_large_image","twitter_misc":{"Arvioitu lukuaika":"2 minuuttia"},"schema":{"@context":"https:\/\/schema.org","@graph":[{"@type":"WebPage","@id":"https:\/\/sey.fi\/lemmikkitieto\/kiipeilypaikat\/","url":"https:\/\/sey.fi\/lemmikkitieto\/kiipeilypaikat\/","name":"Kiipeilypaikat - Lemmikkitieto","isPartOf":{"@id":"https:\/\/sey.fi\/lemmikkitieto\/#website"},"primaryImageOfPage":{"@id":"https:\/\/sey.fi\/lemmikkitieto\/kiipeilypaikat\/#primaryimage"},"image":{"@id":"https:\/\/sey.fi\/lemmikkitieto\/kiipeilypaikat\/#primaryimage"},"thumbnailUrl":"https:\/\/sey.fi\/wp-content\/uploads\/sites\/48\/2023\/12\/sey-lemmikkitieto-kiipeilypaikat.png","datePublished":"2019-12-10T16:59:45+00:00","dateModified":"2023-12-07T16:02:07+00:00","breadcrumb":{"@id":"https:\/\/sey.fi\/lemmikkitieto\/kiipeilypaikat\/#breadcrumb"},"inLanguage":"fi","potentialAction":[{"@type":"ReadAction","target":["https:\/\/sey.fi\/lemmikkitieto\/kiipeilypaikat\/"]}]},{"@type":"ImageObject","inLanguage":"fi","@id":"https:\/\/sey.fi\/lemmikkitieto\/kiipeilypaikat\/#primaryimage","url":"https:\/\/sey.fi\/wp-content\/uploads\/sites\/48\/2023\/12\/sey-lemmikkitieto-kiipeilypaikat.png","contentUrl":"https:\/\/sey.fi\/wp-content\/uploads\/sites\/48\/2023\/12\/sey-lemmikkitieto-kiipeilypaikat.png","width":1920,"height":960,"caption":"Ruskeavalkoinen rotta kiipeilee oksia pitkin"},{"@type":"BreadcrumbList","@id":"https:\/\/sey.fi\/lemmikkitieto\/kiipeilypaikat\/#breadcrumb","itemListElement":[{"@type":"ListItem","position":1,"name":"Home","item":"https:\/\/sey.fi\/lemmikkitieto\/"},{"@type":"ListItem","position":2,"name":"Kiipeilypaikat"}]},{"@type":"WebSite","@id":"https:\/\/sey.fi\/lemmikkitieto\/#website","url":"https:\/\/sey.fi\/lemmikkitieto\/","name":"Lemmikkitieto","description":"Uusi SEY Lemmikkitietosivu","potentialAction":[{"@type":"SearchAction","target":{"@type":"EntryPoint","urlTemplate":"https:\/\/sey.fi\/lemmikkitieto\/?s={search_term_string}"},"query-input":{"@type":"PropertyValueSpecification","valueRequired":true,"valueName":"search_term_string"}}],"inLanguage":"fi"}]}},"_links":{"self":[{"href":"https:\/\/sey.fi\/lemmikkitieto\/wp-json\/wp\/v2\/pages\/64","targetHints":{"allow":["GET"]}}],"collection":[{"href":"https:\/\/sey.fi\/lemmikkitieto\/wp-json\/wp\/v2\/pages"}],"about":[{"href":"https:\/\/sey.fi\/lemmikkitieto\/wp-json\/wp\/v2\/types\/page"}],"author":[{"embeddable":true,"href":"https:\/\/sey.fi\/lemmikkitieto\/wp-json\/wp\/v2\/users\/8"}],"replies":[{"embeddable":true,"href":"https:\/\/sey.fi\/lemmikkitieto\/wp-json\/wp\/v2\/comments?post=64"}],"version-history":[{"count":6,"href":"https:\/\/sey.fi\/lemmikkitieto\/wp-json\/wp\/v2\/pages\/64\/revisions"}],"predecessor-version":[{"id":392,"href":"https:\/\/sey.fi\/lemmikkitieto\/wp-json\/wp\/v2\/pages\/64\/revisions\/392"}],"wp:featuredmedia":[{"embeddable":true,"href":"https:\/\/sey.fi\/lemmikkitieto\/wp-json\/wp\/v2\/media\/391"}],"wp:attachment":[{"href":"https:\/\/sey.fi\/lemmikkitieto\/wp-json\/wp\/v2\/media?parent=64"}],"curies":[{"name":"wp","href":"https:\/\/api.w.org\/{rel}","templated":true}]}}