{"id":66,"date":"2019-12-10T19:00:23","date_gmt":"2019-12-10T17:00:23","guid":{"rendered":"http:\/\/srvr10.xetpoint.com\/~seyfi\/lemmikkitieto\/?page_id=66"},"modified":"2023-12-07T18:28:28","modified_gmt":"2023-12-07T16:28:28","slug":"putket","status":"publish","type":"page","link":"https:\/\/sey.fi\/lemmikkitieto\/putket\/","title":{"rendered":"Putket"},"content":{"rendered":"\n<p><em>Kuva: Sara Reese\/Pixabay<\/em><\/p>\n\n\n\n<h2 class=\"wp-block-heading\">Pikkujyrsij\u00f6iden pahviputket ja -rasiat<\/h2>\n\n\n\n<p>L\u00e4hes kaikki pikkulemmikkilajit ovat koloissa asuvia el\u00e4imi\u00e4.  Kaivamismahdollisuuksien v\u00e4hyytt\u00e4 kotona voi osittain korvata antamalla  el\u00e4imille valmiita tunneleita.<br><br>WC-  ja talouspaperirullien sis\u00e4ll\u00e4 olevat pahvihylsyt ovat mainiota  tunnelinrakennusmateriaalia. Niiden yhteen liitt\u00e4miseen ei pid\u00e4 k\u00e4ytt\u00e4\u00e4  teippi\u00e4, jotta jyrsij\u00e4t eiv\u00e4t tulisi nielleeksi siit\u00e4 palasia  nakerrellessaan. Sen sijaan putket voi ty\u00f6nt\u00e4\u00e4 toisiinsa kiinni  leikkaamalla molempien putkien p\u00e4\u00e4h\u00e4n pienet viillot, joilla putken suut  saadaan joustamaan sen verran, ett\u00e4 ne saadaan ty\u00f6nnetty\u00e4 lomittain.<br>Tyhj\u00e4t muro-, mysli-, ryyni- ynn\u00e4 muut paketit sopivat my\u00f6s osaksi tunnelirakennelmia. Paketin kylkeen leikataan pari el\u00e4inten ment\u00e4v\u00e4\u00e4 aukkoa. Hauskuutta lis\u00e4\u00e4 se, ett\u00e4 jos paketin sis\u00e4lle on j\u00e4tetty hiukan  muroja, mysli\u00e4 tai ryynej\u00e4, jotka el\u00e4in saa l\u00f6yt\u00e4\u00e4 siell\u00e4 vipelt\u00e4ess\u00e4\u00e4n.<\/p>\n\n\n\n<h2 class=\"wp-block-heading\">Kanien, marsujen ja rottien tunnelit<\/h2>\n\n\n\n<p>Kanit, marsut ja aikuiset rotat eiv\u00e4t mahdu WC- ja talouspaperirullien pahvihylsyihin. Sopivan kokoiset tyhj\u00e4t pahvipakkaukset, kenk\u00e4laatikot ynn\u00e4 muut ovat sen sijaan hyv\u00e4\u00e4 tunneliverkoston rakennusainetta niillekin. Laatikot toimivat piilopaikkoina yksitt\u00e4inkin, mutta viel\u00e4 mielenkiintoisempia niist\u00e4 saa liitt\u00e4m\u00e4ll\u00e4 niit\u00e4 yhteen luolaverkostoksi. Jos laatikoissa on niittej\u00e4 tai teippej\u00e4, ne poistetaan ennen laatikoiden laittamista el\u00e4inten ulottuville.<\/p>\n\n\n\n<p>Jos huomaat esimerkiksi kanin nakertavan ja nielev\u00e4n pahvia, pahviset virikkeet kannattaa poistaa ainakin herkk\u00e4vatsaisimmilta yksil\u00f6ilt\u00e4. Tilalle voi hankkia pajutunneleita, joita myyd\u00e4\u00e4n el\u00e4intarvikeliikkeiss\u00e4. Kissojen leikkitunnelit k\u00e4yv\u00e4t my\u00f6s kaneille, sill\u00e4 monet kaneille ja jyrsij\u00f6ille tarkoitetut tunnelit ovat liian pieni\u00e4.<\/p>\n","protected":false},"excerpt":{"rendered":"<p>Kuva: Sara Reese\/Pixabay Pikkujyrsij\u00f6iden pahviputket ja -rasiat L\u00e4hes kaikki pikkulemmikkilajit ovat koloissa asuvia el\u00e4imi\u00e4. Kaivamismahdollisuuksien v\u00e4hyytt\u00e4 kotona voi osittain korvata antamalla el\u00e4imille valmiita tunneleita. WC- ja talouspaperirullien sis\u00e4ll\u00e4 olevat pahvihylsyt ovat mainiota tunnelinrakennusmateriaalia. Niiden yhteen liitt\u00e4miseen ei pid\u00e4 k\u00e4ytt\u00e4\u00e4 teippi\u00e4, jotta jyrsij\u00e4t eiv\u00e4t tulisi nielleeksi siit\u00e4 palasia nakerrellessaan. Sen sijaan putket voi ty\u00f6nt\u00e4\u00e4 toisiinsa kiinni [&hellip;]<\/p>\n","protected":false},"author":8,"featured_media":401,"parent":0,"menu_order":0,"comment_status":"closed","ping_status":"closed","template":"","meta":{"_acf_changed":false,"footnotes":""},"class_list":["post-66","page","type-page","status-publish","has-post-thumbnail","hentry"],"acf":[],"yoast_head":"<!-- This site is optimized with the Yoast SEO plugin v27.1.1 - https:\/\/yoast.com\/product\/yoast-seo-wordpress\/ -->\n<title>Putket - Lemmikkitieto<\/title>\n<meta name=\"robots\" content=\"index, follow, max-snippet:-1, max-image-preview:large, max-video-preview:-1\" \/>\n<link rel=\"canonical\" href=\"https:\/\/sey.fi\/lemmikkitieto\/putket\/\" \/>\n<meta property=\"og:locale\" content=\"fi_FI\" \/>\n<meta property=\"og:type\" content=\"article\" \/>\n<meta property=\"og:title\" content=\"Putket - Lemmikkitieto\" \/>\n<meta property=\"og:description\" content=\"Kuva: Sara Reese\/Pixabay Pikkujyrsij\u00f6iden pahviputket ja -rasiat L\u00e4hes kaikki pikkulemmikkilajit ovat koloissa asuvia el\u00e4imi\u00e4. Kaivamismahdollisuuksien v\u00e4hyytt\u00e4 kotona voi osittain korvata antamalla el\u00e4imille valmiita tunneleita. WC- ja talouspaperirullien sis\u00e4ll\u00e4 olevat pahvihylsyt ovat mainiota tunnelinrakennusmateriaalia. Niiden yhteen liitt\u00e4miseen ei pid\u00e4 k\u00e4ytt\u00e4\u00e4 teippi\u00e4, jotta jyrsij\u00e4t eiv\u00e4t tulisi nielleeksi siit\u00e4 palasia nakerrellessaan. Sen sijaan putket voi ty\u00f6nt\u00e4\u00e4 toisiinsa kiinni [&hellip;]\" \/>\n<meta property=\"og:url\" content=\"https:\/\/sey.fi\/lemmikkitieto\/putket\/\" \/>\n<meta property=\"og:site_name\" content=\"Lemmikkitieto\" \/>\n<meta property=\"article:modified_time\" content=\"2023-12-07T16:28:28+00:00\" \/>\n<meta property=\"og:image\" content=\"https:\/\/sey.fi\/wp-content\/uploads\/sites\/48\/2023\/12\/sey-lemmikkitieto-putket-1-1024x512.png\" \/>\n\t<meta property=\"og:image:width\" content=\"1024\" \/>\n\t<meta property=\"og:image:height\" content=\"512\" \/>\n\t<meta property=\"og:image:type\" content=\"image\/png\" \/>\n<meta name=\"twitter:card\" content=\"summary_large_image\" \/>\n<meta name=\"twitter:label1\" content=\"Arvioitu lukuaika\" \/>\n\t<meta name=\"twitter:data1\" content=\"2 minuuttia\" \/>\n<script type=\"application\/ld+json\" class=\"yoast-schema-graph\">{\"@context\":\"https:\/\/schema.org\",\"@graph\":[{\"@type\":\"WebPage\",\"@id\":\"https:\/\/sey.fi\/lemmikkitieto\/putket\/\",\"url\":\"https:\/\/sey.fi\/lemmikkitieto\/putket\/\",\"name\":\"Putket - Lemmikkitieto\",\"isPartOf\":{\"@id\":\"https:\/\/sey.fi\/lemmikkitieto\/#website\"},\"primaryImageOfPage\":{\"@id\":\"https:\/\/sey.fi\/lemmikkitieto\/putket\/#primaryimage\"},\"image\":{\"@id\":\"https:\/\/sey.fi\/lemmikkitieto\/putket\/#primaryimage\"},\"thumbnailUrl\":\"https:\/\/sey.fi\/wp-content\/uploads\/sites\/48\/2023\/12\/sey-lemmikkitieto-putket-1.png\",\"datePublished\":\"2019-12-10T17:00:23+00:00\",\"dateModified\":\"2023-12-07T16:28:28+00:00\",\"breadcrumb\":{\"@id\":\"https:\/\/sey.fi\/lemmikkitieto\/putket\/#breadcrumb\"},\"inLanguage\":\"fi\",\"potentialAction\":[{\"@type\":\"ReadAction\",\"target\":[\"https:\/\/sey.fi\/lemmikkitieto\/putket\/\"]}]},{\"@type\":\"ImageObject\",\"inLanguage\":\"fi\",\"@id\":\"https:\/\/sey.fi\/lemmikkitieto\/putket\/#primaryimage\",\"url\":\"https:\/\/sey.fi\/wp-content\/uploads\/sites\/48\/2023\/12\/sey-lemmikkitieto-putket-1.png\",\"contentUrl\":\"https:\/\/sey.fi\/wp-content\/uploads\/sites\/48\/2023\/12\/sey-lemmikkitieto-putket-1.png\",\"width\":1920,\"height\":960,\"caption\":\"Punaruskeavalkoinen hamsteri putkessa\"},{\"@type\":\"BreadcrumbList\",\"@id\":\"https:\/\/sey.fi\/lemmikkitieto\/putket\/#breadcrumb\",\"itemListElement\":[{\"@type\":\"ListItem\",\"position\":1,\"name\":\"Home\",\"item\":\"https:\/\/sey.fi\/lemmikkitieto\/\"},{\"@type\":\"ListItem\",\"position\":2,\"name\":\"Putket\"}]},{\"@type\":\"WebSite\",\"@id\":\"https:\/\/sey.fi\/lemmikkitieto\/#website\",\"url\":\"https:\/\/sey.fi\/lemmikkitieto\/\",\"name\":\"Lemmikkitieto\",\"description\":\"Uusi SEY Lemmikkitietosivu\",\"potentialAction\":[{\"@type\":\"SearchAction\",\"target\":{\"@type\":\"EntryPoint\",\"urlTemplate\":\"https:\/\/sey.fi\/lemmikkitieto\/?s={search_term_string}\"},\"query-input\":{\"@type\":\"PropertyValueSpecification\",\"valueRequired\":true,\"valueName\":\"search_term_string\"}}],\"inLanguage\":\"fi\"}]}<\/script>\n<!-- \/ Yoast SEO plugin. -->","yoast_head_json":{"title":"Putket - Lemmikkitieto","robots":{"index":"index","follow":"follow","max-snippet":"max-snippet:-1","max-image-preview":"max-image-preview:large","max-video-preview":"max-video-preview:-1"},"canonical":"https:\/\/sey.fi\/lemmikkitieto\/putket\/","og_locale":"fi_FI","og_type":"article","og_title":"Putket - Lemmikkitieto","og_description":"Kuva: Sara Reese\/Pixabay Pikkujyrsij\u00f6iden pahviputket ja -rasiat L\u00e4hes kaikki pikkulemmikkilajit ovat koloissa asuvia el\u00e4imi\u00e4. Kaivamismahdollisuuksien v\u00e4hyytt\u00e4 kotona voi osittain korvata antamalla el\u00e4imille valmiita tunneleita. WC- ja talouspaperirullien sis\u00e4ll\u00e4 olevat pahvihylsyt ovat mainiota tunnelinrakennusmateriaalia. Niiden yhteen liitt\u00e4miseen ei pid\u00e4 k\u00e4ytt\u00e4\u00e4 teippi\u00e4, jotta jyrsij\u00e4t eiv\u00e4t tulisi nielleeksi siit\u00e4 palasia nakerrellessaan. Sen sijaan putket voi ty\u00f6nt\u00e4\u00e4 toisiinsa kiinni [&hellip;]","og_url":"https:\/\/sey.fi\/lemmikkitieto\/putket\/","og_site_name":"Lemmikkitieto","article_modified_time":"2023-12-07T16:28:28+00:00","og_image":[{"width":1024,"height":512,"url":"https:\/\/sey.fi\/wp-content\/uploads\/sites\/48\/2023\/12\/sey-lemmikkitieto-putket-1-1024x512.png","type":"image\/png"}],"twitter_card":"summary_large_image","twitter_misc":{"Arvioitu lukuaika":"2 minuuttia"},"schema":{"@context":"https:\/\/schema.org","@graph":[{"@type":"WebPage","@id":"https:\/\/sey.fi\/lemmikkitieto\/putket\/","url":"https:\/\/sey.fi\/lemmikkitieto\/putket\/","name":"Putket - Lemmikkitieto","isPartOf":{"@id":"https:\/\/sey.fi\/lemmikkitieto\/#website"},"primaryImageOfPage":{"@id":"https:\/\/sey.fi\/lemmikkitieto\/putket\/#primaryimage"},"image":{"@id":"https:\/\/sey.fi\/lemmikkitieto\/putket\/#primaryimage"},"thumbnailUrl":"https:\/\/sey.fi\/wp-content\/uploads\/sites\/48\/2023\/12\/sey-lemmikkitieto-putket-1.png","datePublished":"2019-12-10T17:00:23+00:00","dateModified":"2023-12-07T16:28:28+00:00","breadcrumb":{"@id":"https:\/\/sey.fi\/lemmikkitieto\/putket\/#breadcrumb"},"inLanguage":"fi","potentialAction":[{"@type":"ReadAction","target":["https:\/\/sey.fi\/lemmikkitieto\/putket\/"]}]},{"@type":"ImageObject","inLanguage":"fi","@id":"https:\/\/sey.fi\/lemmikkitieto\/putket\/#primaryimage","url":"https:\/\/sey.fi\/wp-content\/uploads\/sites\/48\/2023\/12\/sey-lemmikkitieto-putket-1.png","contentUrl":"https:\/\/sey.fi\/wp-content\/uploads\/sites\/48\/2023\/12\/sey-lemmikkitieto-putket-1.png","width":1920,"height":960,"caption":"Punaruskeavalkoinen hamsteri putkessa"},{"@type":"BreadcrumbList","@id":"https:\/\/sey.fi\/lemmikkitieto\/putket\/#breadcrumb","itemListElement":[{"@type":"ListItem","position":1,"name":"Home","item":"https:\/\/sey.fi\/lemmikkitieto\/"},{"@type":"ListItem","position":2,"name":"Putket"}]},{"@type":"WebSite","@id":"https:\/\/sey.fi\/lemmikkitieto\/#website","url":"https:\/\/sey.fi\/lemmikkitieto\/","name":"Lemmikkitieto","description":"Uusi SEY Lemmikkitietosivu","potentialAction":[{"@type":"SearchAction","target":{"@type":"EntryPoint","urlTemplate":"https:\/\/sey.fi\/lemmikkitieto\/?s={search_term_string}"},"query-input":{"@type":"PropertyValueSpecification","valueRequired":true,"valueName":"search_term_string"}}],"inLanguage":"fi"}]}},"_links":{"self":[{"href":"https:\/\/sey.fi\/lemmikkitieto\/wp-json\/wp\/v2\/pages\/66","targetHints":{"allow":["GET"]}}],"collection":[{"href":"https:\/\/sey.fi\/lemmikkitieto\/wp-json\/wp\/v2\/pages"}],"about":[{"href":"https:\/\/sey.fi\/lemmikkitieto\/wp-json\/wp\/v2\/types\/page"}],"author":[{"embeddable":true,"href":"https:\/\/sey.fi\/lemmikkitieto\/wp-json\/wp\/v2\/users\/8"}],"replies":[{"embeddable":true,"href":"https:\/\/sey.fi\/lemmikkitieto\/wp-json\/wp\/v2\/comments?post=66"}],"version-history":[{"count":4,"href":"https:\/\/sey.fi\/lemmikkitieto\/wp-json\/wp\/v2\/pages\/66\/revisions"}],"predecessor-version":[{"id":403,"href":"https:\/\/sey.fi\/lemmikkitieto\/wp-json\/wp\/v2\/pages\/66\/revisions\/403"}],"wp:featuredmedia":[{"embeddable":true,"href":"https:\/\/sey.fi\/lemmikkitieto\/wp-json\/wp\/v2\/media\/401"}],"wp:attachment":[{"href":"https:\/\/sey.fi\/lemmikkitieto\/wp-json\/wp\/v2\/media?parent=66"}],"curies":[{"name":"wp","href":"https:\/\/api.w.org\/{rel}","templated":true}]}}