{"id":71,"date":"2019-12-10T19:03:45","date_gmt":"2019-12-10T17:03:45","guid":{"rendered":"http:\/\/srvr10.xetpoint.com\/~seyfi\/lemmikkitieto\/?page_id=71"},"modified":"2023-12-07T18:11:05","modified_gmt":"2023-12-07T16:11:05","slug":"kuivikkeet","status":"publish","type":"page","link":"https:\/\/sey.fi\/lemmikkitieto\/kuivikkeet\/","title":{"rendered":"Kuivikkeet"},"content":{"rendered":"\n<p><em>Kuva: sonjafurter1\/Pixabay<\/em><\/p>\n\n\n\n<h2 class=\"wp-block-heading\">Haapahake on paras kuivike<\/h2>\n\n\n\n<p>Vessalaatikon kuivikkeen yksi tarkoitus on ime\u00e4 el\u00e4inten pissa itseens\u00e4. Likaiset kuivikkeet vaihdetaan puhtaisiin p\u00e4ivitt\u00e4in. Kaikkia kuivikkeita ei ole tarpeen vaihtaa usein. Mit\u00e4 laajempi kuivitettu liikkuma-alue el\u00e4imill\u00e4 on k\u00e4yt\u00f6ss\u00e4\u00e4n, sit\u00e4 harvemmin kuivike tarvitsee vaihtaa. Hyv\u00e4 mittari on oma nen\u00e4: jos el\u00e4inten asuinpaikka haisee ep\u00e4miellytt\u00e4v\u00e4lt\u00e4, kuivikkeet on vaihdettava useammin.<\/p>\n\n\n\n<p>Monet el\u00e4imet ottavat tavakseen tehd\u00e4 tarpeensa vain tiettyihin paikkoihin liikkuma-aluettaan. T\u00e4ll\u00f6in kuivikkeita ei tarvitse joka kerralla vaihtaa koko alueelta.<\/p>\n\n\n\n<p>Kaikkien hamsteri- ja gerbiililajien ja degun asumuksissa kuivikkeella on toinenkin tarkoitus. Jos sit\u00e4 on tarpeeksi paljon, v\u00e4hint\u00e4\u00e4n parin-kolmenkymmenen sentin kerros, se antaa el\u00e4imille mahdollisuuden toteuttaa voimakasta kaivamisen tarvetta.<\/p>\n\n\n\n<p>El\u00e4inkaupoissa myyt\u00e4v\u00e4 haapahake on parhaita kanin- ja jyrsij\u00e4nkuivikkeita. Aikaisemmin k\u00e4ytettiin yleisesti kutterinpurua, mutta sittemmin on havaittu, ett\u00e4 silloin kun purun joukossa on kuusta tai m\u00e4nty\u00e4, purusta erittyy fenoliyhdisteit\u00e4, jotka voivat olla el\u00e4imille haitallisia. Fenolit sin\u00e4ns\u00e4 ovat luonnollinen osa kuusen ja m\u00e4nnyn puuainesta, mutta el\u00e4imille on luonnotonta hengitt\u00e4\u00e4 niin paljon fenoleja, mit\u00e4 puusta erottuu silloin, kun se on h\u00f6yl\u00e4tty pieniksi kutterinlastuiksi. Haapa ei sis\u00e4ll\u00e4 fenoleja, joten haapahake on t\u00e4lt\u00e4 osin turvallista. Haapahake ei yleens\u00e4 my\u00f6sk\u00e4\u00e4n vahingoita el\u00e4imi\u00e4, joiden silm\u00e4t ovat ulkonevat. Kutterinpala saattaa j\u00e4\u00e4d\u00e4 esimerkiksi kanin silm\u00e4\u00e4n ja aiheuttaa haavan.<\/p>\n\n\n\n<h2 class=\"wp-block-heading\">Vaihtelua tassunpohjien alle<\/h2>\n\n\n\n<p>Lemmikkien viihtyvyytt\u00e4 voi hiukan lis\u00e4t\u00e4 sill\u00e4, ett\u00e4 pohjamateriaali ei ole tassunpohjien alla joka paikassa samanlaista. T\u00e4st\u00e4 on hy\u00f6ty\u00e4 etenkin niille el\u00e4imille, jotka viett\u00e4v\u00e4t suurimman osan ajastaan lattiatasossa: kaneille, marsuille, hamstereille ja aikuisille urosrotille.<\/p>\n\n\n\n<p>Pohjamateriaaliin saa vaihtelua sill\u00e4, ett\u00e4 pitopaikan lattialla on siell\u00e4 t\u00e4\u00e4ll\u00e4 kuivikkeen sijasta jotain muuta: karhea laudanp\u00e4tk\u00e4, litte\u00e4 kivi. T\u00e4llaisia painavia esineit\u00e4 ei kuitenkaan voi k\u00e4ytt\u00e4\u00e4 kaivaville el\u00e4imille tarkoitetun paksun kuivikekerroksen p\u00e4\u00e4ll\u00e4, koska ne voivat pudota alapuolella kaivautuvan el\u00e4imen p\u00e4\u00e4lle. Jos kuiviketta kuitenkin on vain muutama sentti, kivet ja laudat ovat hyv\u00e4 lis\u00e4 ymp\u00e4rist\u00f6n monimuotoistamiseksi. Niiden virikearvo on kuitenkin paljon pienempi kuin esimerkiksi tunneliverkostojen, suuremman tilan tai vapaana huoneessa jaloittelemisen, joten t\u00e4m\u00e4 konsti ei riit\u00e4 ainoaksi virikkeeksi.<\/p>\n\n\n\n<p>Tassunpohjien kulumisen est\u00e4miseksi kannattaa k\u00e4ytt\u00e4\u00e4 pehmeit\u00e4 mattoja ja alusia lattialla. My\u00f6s olki toimii pehme\u00e4n\u00e4 alustana.<\/p>\n","protected":false},"excerpt":{"rendered":"<p>Kuva: sonjafurter1\/Pixabay Haapahake on paras kuivike Vessalaatikon kuivikkeen yksi tarkoitus on ime\u00e4 el\u00e4inten pissa itseens\u00e4. Likaiset kuivikkeet vaihdetaan puhtaisiin p\u00e4ivitt\u00e4in. Kaikkia kuivikkeita ei ole tarpeen vaihtaa usein. Mit\u00e4 laajempi kuivitettu liikkuma-alue el\u00e4imill\u00e4 on k\u00e4yt\u00f6ss\u00e4\u00e4n, sit\u00e4 harvemmin kuivike tarvitsee vaihtaa. Hyv\u00e4 mittari on oma nen\u00e4: jos el\u00e4inten asuinpaikka haisee ep\u00e4miellytt\u00e4v\u00e4lt\u00e4, kuivikkeet on vaihdettava useammin. Monet el\u00e4imet [&hellip;]<\/p>\n","protected":false},"author":8,"featured_media":393,"parent":0,"menu_order":0,"comment_status":"closed","ping_status":"closed","template":"","meta":{"_acf_changed":false,"footnotes":""},"class_list":["post-71","page","type-page","status-publish","has-post-thumbnail","hentry"],"acf":[],"yoast_head":"<!-- This site is optimized with the Yoast SEO plugin v27.1.1 - https:\/\/yoast.com\/product\/yoast-seo-wordpress\/ -->\n<title>Kuivikkeet - Lemmikkitieto<\/title>\n<meta name=\"robots\" content=\"index, follow, max-snippet:-1, max-image-preview:large, max-video-preview:-1\" \/>\n<link rel=\"canonical\" href=\"https:\/\/sey.fi\/lemmikkitieto\/kuivikkeet\/\" \/>\n<meta property=\"og:locale\" content=\"fi_FI\" \/>\n<meta property=\"og:type\" content=\"article\" \/>\n<meta property=\"og:title\" content=\"Kuivikkeet - Lemmikkitieto\" \/>\n<meta property=\"og:description\" content=\"Kuva: sonjafurter1\/Pixabay Haapahake on paras kuivike Vessalaatikon kuivikkeen yksi tarkoitus on ime\u00e4 el\u00e4inten pissa itseens\u00e4. Likaiset kuivikkeet vaihdetaan puhtaisiin p\u00e4ivitt\u00e4in. Kaikkia kuivikkeita ei ole tarpeen vaihtaa usein. Mit\u00e4 laajempi kuivitettu liikkuma-alue el\u00e4imill\u00e4 on k\u00e4yt\u00f6ss\u00e4\u00e4n, sit\u00e4 harvemmin kuivike tarvitsee vaihtaa. Hyv\u00e4 mittari on oma nen\u00e4: jos el\u00e4inten asuinpaikka haisee ep\u00e4miellytt\u00e4v\u00e4lt\u00e4, kuivikkeet on vaihdettava useammin. Monet el\u00e4imet [&hellip;]\" \/>\n<meta property=\"og:url\" content=\"https:\/\/sey.fi\/lemmikkitieto\/kuivikkeet\/\" \/>\n<meta property=\"og:site_name\" content=\"Lemmikkitieto\" \/>\n<meta property=\"article:modified_time\" content=\"2023-12-07T16:11:05+00:00\" \/>\n<meta property=\"og:image\" content=\"https:\/\/sey.fi\/wp-content\/uploads\/sites\/48\/2023\/12\/sey-lemmikkitieto-kuivike-1024x512.png\" \/>\n\t<meta property=\"og:image:width\" content=\"1024\" \/>\n\t<meta property=\"og:image:height\" content=\"512\" \/>\n\t<meta property=\"og:image:type\" content=\"image\/png\" \/>\n<meta name=\"twitter:card\" content=\"summary_large_image\" \/>\n<meta name=\"twitter:label1\" content=\"Arvioitu lukuaika\" \/>\n\t<meta name=\"twitter:data1\" content=\"2 minuuttia\" \/>\n<script type=\"application\/ld+json\" class=\"yoast-schema-graph\">{\"@context\":\"https:\/\/schema.org\",\"@graph\":[{\"@type\":\"WebPage\",\"@id\":\"https:\/\/sey.fi\/lemmikkitieto\/kuivikkeet\/\",\"url\":\"https:\/\/sey.fi\/lemmikkitieto\/kuivikkeet\/\",\"name\":\"Kuivikkeet - Lemmikkitieto\",\"isPartOf\":{\"@id\":\"https:\/\/sey.fi\/lemmikkitieto\/#website\"},\"primaryImageOfPage\":{\"@id\":\"https:\/\/sey.fi\/lemmikkitieto\/kuivikkeet\/#primaryimage\"},\"image\":{\"@id\":\"https:\/\/sey.fi\/lemmikkitieto\/kuivikkeet\/#primaryimage\"},\"thumbnailUrl\":\"https:\/\/sey.fi\/wp-content\/uploads\/sites\/48\/2023\/12\/sey-lemmikkitieto-kuivike.png\",\"datePublished\":\"2019-12-10T17:03:45+00:00\",\"dateModified\":\"2023-12-07T16:11:05+00:00\",\"breadcrumb\":{\"@id\":\"https:\/\/sey.fi\/lemmikkitieto\/kuivikkeet\/#breadcrumb\"},\"inLanguage\":\"fi\",\"potentialAction\":[{\"@type\":\"ReadAction\",\"target\":[\"https:\/\/sey.fi\/lemmikkitieto\/kuivikkeet\/\"]}]},{\"@type\":\"ImageObject\",\"inLanguage\":\"fi\",\"@id\":\"https:\/\/sey.fi\/lemmikkitieto\/kuivikkeet\/#primaryimage\",\"url\":\"https:\/\/sey.fi\/wp-content\/uploads\/sites\/48\/2023\/12\/sey-lemmikkitieto-kuivike.png\",\"contentUrl\":\"https:\/\/sey.fi\/wp-content\/uploads\/sites\/48\/2023\/12\/sey-lemmikkitieto-kuivike.png\",\"width\":1920,\"height\":960,\"caption\":\"Gerbiilit hakekuivikkeen p\u00e4\u00e4ll\u00e4\"},{\"@type\":\"BreadcrumbList\",\"@id\":\"https:\/\/sey.fi\/lemmikkitieto\/kuivikkeet\/#breadcrumb\",\"itemListElement\":[{\"@type\":\"ListItem\",\"position\":1,\"name\":\"Home\",\"item\":\"https:\/\/sey.fi\/lemmikkitieto\/\"},{\"@type\":\"ListItem\",\"position\":2,\"name\":\"Kuivikkeet\"}]},{\"@type\":\"WebSite\",\"@id\":\"https:\/\/sey.fi\/lemmikkitieto\/#website\",\"url\":\"https:\/\/sey.fi\/lemmikkitieto\/\",\"name\":\"Lemmikkitieto\",\"description\":\"Uusi SEY Lemmikkitietosivu\",\"potentialAction\":[{\"@type\":\"SearchAction\",\"target\":{\"@type\":\"EntryPoint\",\"urlTemplate\":\"https:\/\/sey.fi\/lemmikkitieto\/?s={search_term_string}\"},\"query-input\":{\"@type\":\"PropertyValueSpecification\",\"valueRequired\":true,\"valueName\":\"search_term_string\"}}],\"inLanguage\":\"fi\"}]}<\/script>\n<!-- \/ Yoast SEO plugin. -->","yoast_head_json":{"title":"Kuivikkeet - Lemmikkitieto","robots":{"index":"index","follow":"follow","max-snippet":"max-snippet:-1","max-image-preview":"max-image-preview:large","max-video-preview":"max-video-preview:-1"},"canonical":"https:\/\/sey.fi\/lemmikkitieto\/kuivikkeet\/","og_locale":"fi_FI","og_type":"article","og_title":"Kuivikkeet - Lemmikkitieto","og_description":"Kuva: sonjafurter1\/Pixabay Haapahake on paras kuivike Vessalaatikon kuivikkeen yksi tarkoitus on ime\u00e4 el\u00e4inten pissa itseens\u00e4. Likaiset kuivikkeet vaihdetaan puhtaisiin p\u00e4ivitt\u00e4in. Kaikkia kuivikkeita ei ole tarpeen vaihtaa usein. Mit\u00e4 laajempi kuivitettu liikkuma-alue el\u00e4imill\u00e4 on k\u00e4yt\u00f6ss\u00e4\u00e4n, sit\u00e4 harvemmin kuivike tarvitsee vaihtaa. Hyv\u00e4 mittari on oma nen\u00e4: jos el\u00e4inten asuinpaikka haisee ep\u00e4miellytt\u00e4v\u00e4lt\u00e4, kuivikkeet on vaihdettava useammin. Monet el\u00e4imet [&hellip;]","og_url":"https:\/\/sey.fi\/lemmikkitieto\/kuivikkeet\/","og_site_name":"Lemmikkitieto","article_modified_time":"2023-12-07T16:11:05+00:00","og_image":[{"width":1024,"height":512,"url":"https:\/\/sey.fi\/wp-content\/uploads\/sites\/48\/2023\/12\/sey-lemmikkitieto-kuivike-1024x512.png","type":"image\/png"}],"twitter_card":"summary_large_image","twitter_misc":{"Arvioitu lukuaika":"2 minuuttia"},"schema":{"@context":"https:\/\/schema.org","@graph":[{"@type":"WebPage","@id":"https:\/\/sey.fi\/lemmikkitieto\/kuivikkeet\/","url":"https:\/\/sey.fi\/lemmikkitieto\/kuivikkeet\/","name":"Kuivikkeet - Lemmikkitieto","isPartOf":{"@id":"https:\/\/sey.fi\/lemmikkitieto\/#website"},"primaryImageOfPage":{"@id":"https:\/\/sey.fi\/lemmikkitieto\/kuivikkeet\/#primaryimage"},"image":{"@id":"https:\/\/sey.fi\/lemmikkitieto\/kuivikkeet\/#primaryimage"},"thumbnailUrl":"https:\/\/sey.fi\/wp-content\/uploads\/sites\/48\/2023\/12\/sey-lemmikkitieto-kuivike.png","datePublished":"2019-12-10T17:03:45+00:00","dateModified":"2023-12-07T16:11:05+00:00","breadcrumb":{"@id":"https:\/\/sey.fi\/lemmikkitieto\/kuivikkeet\/#breadcrumb"},"inLanguage":"fi","potentialAction":[{"@type":"ReadAction","target":["https:\/\/sey.fi\/lemmikkitieto\/kuivikkeet\/"]}]},{"@type":"ImageObject","inLanguage":"fi","@id":"https:\/\/sey.fi\/lemmikkitieto\/kuivikkeet\/#primaryimage","url":"https:\/\/sey.fi\/wp-content\/uploads\/sites\/48\/2023\/12\/sey-lemmikkitieto-kuivike.png","contentUrl":"https:\/\/sey.fi\/wp-content\/uploads\/sites\/48\/2023\/12\/sey-lemmikkitieto-kuivike.png","width":1920,"height":960,"caption":"Gerbiilit hakekuivikkeen p\u00e4\u00e4ll\u00e4"},{"@type":"BreadcrumbList","@id":"https:\/\/sey.fi\/lemmikkitieto\/kuivikkeet\/#breadcrumb","itemListElement":[{"@type":"ListItem","position":1,"name":"Home","item":"https:\/\/sey.fi\/lemmikkitieto\/"},{"@type":"ListItem","position":2,"name":"Kuivikkeet"}]},{"@type":"WebSite","@id":"https:\/\/sey.fi\/lemmikkitieto\/#website","url":"https:\/\/sey.fi\/lemmikkitieto\/","name":"Lemmikkitieto","description":"Uusi SEY Lemmikkitietosivu","potentialAction":[{"@type":"SearchAction","target":{"@type":"EntryPoint","urlTemplate":"https:\/\/sey.fi\/lemmikkitieto\/?s={search_term_string}"},"query-input":{"@type":"PropertyValueSpecification","valueRequired":true,"valueName":"search_term_string"}}],"inLanguage":"fi"}]}},"_links":{"self":[{"href":"https:\/\/sey.fi\/lemmikkitieto\/wp-json\/wp\/v2\/pages\/71","targetHints":{"allow":["GET"]}}],"collection":[{"href":"https:\/\/sey.fi\/lemmikkitieto\/wp-json\/wp\/v2\/pages"}],"about":[{"href":"https:\/\/sey.fi\/lemmikkitieto\/wp-json\/wp\/v2\/types\/page"}],"author":[{"embeddable":true,"href":"https:\/\/sey.fi\/lemmikkitieto\/wp-json\/wp\/v2\/users\/8"}],"replies":[{"embeddable":true,"href":"https:\/\/sey.fi\/lemmikkitieto\/wp-json\/wp\/v2\/comments?post=71"}],"version-history":[{"count":3,"href":"https:\/\/sey.fi\/lemmikkitieto\/wp-json\/wp\/v2\/pages\/71\/revisions"}],"predecessor-version":[{"id":394,"href":"https:\/\/sey.fi\/lemmikkitieto\/wp-json\/wp\/v2\/pages\/71\/revisions\/394"}],"wp:featuredmedia":[{"embeddable":true,"href":"https:\/\/sey.fi\/lemmikkitieto\/wp-json\/wp\/v2\/media\/393"}],"wp:attachment":[{"href":"https:\/\/sey.fi\/lemmikkitieto\/wp-json\/wp\/v2\/media?parent=71"}],"curies":[{"name":"wp","href":"https:\/\/api.w.org\/{rel}","templated":true}]}}