{"id":74,"date":"2019-12-10T19:06:56","date_gmt":"2019-12-10T17:06:56","guid":{"rendered":"http:\/\/srvr10.xetpoint.com\/~seyfi\/lemmikkitieto\/?page_id=74"},"modified":"2023-12-07T12:14:07","modified_gmt":"2023-12-07T10:14:07","slug":"hiekkakylpy","status":"publish","type":"page","link":"https:\/\/sey.fi\/lemmikkitieto\/hiekkakylpy\/","title":{"rendered":"Hiekkakylpy"},"content":{"rendered":"\n<p><em>Kuva: Amber Wood-Hurst\/Pixabay<\/em><\/p>\n\n\n\n<h2 class=\"wp-block-heading\">Gerbiilien, chinchillojen ja degujen turkinhoitoa<\/h2>\n\n\n\n<p>Kuivien seutujen jyrsij\u00e4t chinchilla, degu ja gerbiilit huoltavat  luonnossa turkkinsa kierim\u00e4ll\u00e4 ajoittain hienojakoisessa hiekassa.  El\u00e4inkaupoissa myyd\u00e4\u00e4n t\u00e4h\u00e4n tarkoitukseen sopivaa hiekkaa chinchillanhiekan nimell\u00e4.<\/p>\n\n\n\n<p>Kylpyhiekka laitetaan laakeaan astiaan, johon kaikki el\u00e4imet mahtuvat  halutessaan samaan aikaan. Hiekka-astia annetaan el\u00e4inten ulottuville s\u00e4\u00e4nn\u00f6llisesti, esimerkiksi tunniksi p\u00e4iv\u00e4ss\u00e4. N\u00e4in siksi, ett\u00e4  esimerkiksi gerbiiliterraariossa jatkuvasti esill\u00e4 oleva hiekka-astia peittyy nopeasti terraarion kuivikkeisiin, joita lentelee el\u00e4inten kaivellessa.<\/p>\n\n\n\n<p>Jos el\u00e4imill\u00e4 on kuitenkin k\u00e4yt\u00f6ss\u00e4\u00e4n laaja liikkuma-alue, esimerkiksi huone jossa on yhdess\u00e4 nurkassa iso laatikko kuiviketta kaiveltavaksi ja toisessa nurkassa hiekka-astia, hiekan voi pit\u00e4\u00e4 esill\u00e4 jatkuvastikin.\u00a0<\/p>\n","protected":false},"excerpt":{"rendered":"<p>Kuva: Amber Wood-Hurst\/Pixabay Gerbiilien, chinchillojen ja degujen turkinhoitoa Kuivien seutujen jyrsij\u00e4t chinchilla, degu ja gerbiilit huoltavat luonnossa turkkinsa kierim\u00e4ll\u00e4 ajoittain hienojakoisessa hiekassa. El\u00e4inkaupoissa myyd\u00e4\u00e4n t\u00e4h\u00e4n tarkoitukseen sopivaa hiekkaa chinchillanhiekan nimell\u00e4. Kylpyhiekka laitetaan laakeaan astiaan, johon kaikki el\u00e4imet mahtuvat halutessaan samaan aikaan. Hiekka-astia annetaan el\u00e4inten ulottuville s\u00e4\u00e4nn\u00f6llisesti, esimerkiksi tunniksi p\u00e4iv\u00e4ss\u00e4. N\u00e4in siksi, ett\u00e4 esimerkiksi gerbiiliterraariossa jatkuvasti [&hellip;]<\/p>\n","protected":false},"author":8,"featured_media":336,"parent":0,"menu_order":0,"comment_status":"closed","ping_status":"closed","template":"","meta":{"_acf_changed":false,"footnotes":""},"class_list":["post-74","page","type-page","status-publish","has-post-thumbnail","hentry"],"acf":[],"yoast_head":"<!-- This site is optimized with the Yoast SEO plugin v27.1.1 - https:\/\/yoast.com\/product\/yoast-seo-wordpress\/ -->\n<title>Hiekkakylpy - Lemmikkitieto<\/title>\n<meta name=\"robots\" content=\"index, follow, max-snippet:-1, max-image-preview:large, max-video-preview:-1\" \/>\n<link rel=\"canonical\" href=\"https:\/\/sey.fi\/lemmikkitieto\/hiekkakylpy\/\" \/>\n<meta property=\"og:locale\" content=\"fi_FI\" \/>\n<meta property=\"og:type\" content=\"article\" \/>\n<meta property=\"og:title\" content=\"Hiekkakylpy - Lemmikkitieto\" \/>\n<meta property=\"og:description\" content=\"Kuva: Amber Wood-Hurst\/Pixabay Gerbiilien, chinchillojen ja degujen turkinhoitoa Kuivien seutujen jyrsij\u00e4t chinchilla, degu ja gerbiilit huoltavat luonnossa turkkinsa kierim\u00e4ll\u00e4 ajoittain hienojakoisessa hiekassa. El\u00e4inkaupoissa myyd\u00e4\u00e4n t\u00e4h\u00e4n tarkoitukseen sopivaa hiekkaa chinchillanhiekan nimell\u00e4. Kylpyhiekka laitetaan laakeaan astiaan, johon kaikki el\u00e4imet mahtuvat halutessaan samaan aikaan. Hiekka-astia annetaan el\u00e4inten ulottuville s\u00e4\u00e4nn\u00f6llisesti, esimerkiksi tunniksi p\u00e4iv\u00e4ss\u00e4. N\u00e4in siksi, ett\u00e4 esimerkiksi gerbiiliterraariossa jatkuvasti [&hellip;]\" \/>\n<meta property=\"og:url\" content=\"https:\/\/sey.fi\/lemmikkitieto\/hiekkakylpy\/\" \/>\n<meta property=\"og:site_name\" content=\"Lemmikkitieto\" \/>\n<meta property=\"article:modified_time\" content=\"2023-12-07T10:14:07+00:00\" \/>\n<meta property=\"og:image\" content=\"https:\/\/sey.fi\/wp-content\/uploads\/sites\/48\/2023\/12\/sey-lemmikkitieto-hiekkakylpy-1024x512.png\" \/>\n\t<meta property=\"og:image:width\" content=\"1024\" \/>\n\t<meta property=\"og:image:height\" content=\"512\" \/>\n\t<meta property=\"og:image:type\" content=\"image\/png\" \/>\n<meta name=\"twitter:card\" content=\"summary_large_image\" \/>\n<meta name=\"twitter:label1\" content=\"Arvioitu lukuaika\" \/>\n\t<meta name=\"twitter:data1\" content=\"1 minuutti\" \/>\n<script type=\"application\/ld+json\" class=\"yoast-schema-graph\">{\"@context\":\"https:\/\/schema.org\",\"@graph\":[{\"@type\":\"WebPage\",\"@id\":\"https:\/\/sey.fi\/lemmikkitieto\/hiekkakylpy\/\",\"url\":\"https:\/\/sey.fi\/lemmikkitieto\/hiekkakylpy\/\",\"name\":\"Hiekkakylpy - Lemmikkitieto\",\"isPartOf\":{\"@id\":\"https:\/\/sey.fi\/lemmikkitieto\/#website\"},\"primaryImageOfPage\":{\"@id\":\"https:\/\/sey.fi\/lemmikkitieto\/hiekkakylpy\/#primaryimage\"},\"image\":{\"@id\":\"https:\/\/sey.fi\/lemmikkitieto\/hiekkakylpy\/#primaryimage\"},\"thumbnailUrl\":\"https:\/\/sey.fi\/wp-content\/uploads\/sites\/48\/2023\/12\/sey-lemmikkitieto-hiekkakylpy.png\",\"datePublished\":\"2019-12-10T17:06:56+00:00\",\"dateModified\":\"2023-12-07T10:14:07+00:00\",\"breadcrumb\":{\"@id\":\"https:\/\/sey.fi\/lemmikkitieto\/hiekkakylpy\/#breadcrumb\"},\"inLanguage\":\"fi\",\"potentialAction\":[{\"@type\":\"ReadAction\",\"target\":[\"https:\/\/sey.fi\/lemmikkitieto\/hiekkakylpy\/\"]}]},{\"@type\":\"ImageObject\",\"inLanguage\":\"fi\",\"@id\":\"https:\/\/sey.fi\/lemmikkitieto\/hiekkakylpy\/#primaryimage\",\"url\":\"https:\/\/sey.fi\/wp-content\/uploads\/sites\/48\/2023\/12\/sey-lemmikkitieto-hiekkakylpy.png\",\"contentUrl\":\"https:\/\/sey.fi\/wp-content\/uploads\/sites\/48\/2023\/12\/sey-lemmikkitieto-hiekkakylpy.png\",\"width\":2796,\"height\":1398,\"caption\":\"Chinchilla hiekkakylpyastian reunalla\"},{\"@type\":\"BreadcrumbList\",\"@id\":\"https:\/\/sey.fi\/lemmikkitieto\/hiekkakylpy\/#breadcrumb\",\"itemListElement\":[{\"@type\":\"ListItem\",\"position\":1,\"name\":\"Home\",\"item\":\"https:\/\/sey.fi\/lemmikkitieto\/\"},{\"@type\":\"ListItem\",\"position\":2,\"name\":\"Hiekkakylpy\"}]},{\"@type\":\"WebSite\",\"@id\":\"https:\/\/sey.fi\/lemmikkitieto\/#website\",\"url\":\"https:\/\/sey.fi\/lemmikkitieto\/\",\"name\":\"Lemmikkitieto\",\"description\":\"Uusi SEY Lemmikkitietosivu\",\"potentialAction\":[{\"@type\":\"SearchAction\",\"target\":{\"@type\":\"EntryPoint\",\"urlTemplate\":\"https:\/\/sey.fi\/lemmikkitieto\/?s={search_term_string}\"},\"query-input\":{\"@type\":\"PropertyValueSpecification\",\"valueRequired\":true,\"valueName\":\"search_term_string\"}}],\"inLanguage\":\"fi\"}]}<\/script>\n<!-- \/ Yoast SEO plugin. -->","yoast_head_json":{"title":"Hiekkakylpy - Lemmikkitieto","robots":{"index":"index","follow":"follow","max-snippet":"max-snippet:-1","max-image-preview":"max-image-preview:large","max-video-preview":"max-video-preview:-1"},"canonical":"https:\/\/sey.fi\/lemmikkitieto\/hiekkakylpy\/","og_locale":"fi_FI","og_type":"article","og_title":"Hiekkakylpy - Lemmikkitieto","og_description":"Kuva: Amber Wood-Hurst\/Pixabay Gerbiilien, chinchillojen ja degujen turkinhoitoa Kuivien seutujen jyrsij\u00e4t chinchilla, degu ja gerbiilit huoltavat luonnossa turkkinsa kierim\u00e4ll\u00e4 ajoittain hienojakoisessa hiekassa. El\u00e4inkaupoissa myyd\u00e4\u00e4n t\u00e4h\u00e4n tarkoitukseen sopivaa hiekkaa chinchillanhiekan nimell\u00e4. Kylpyhiekka laitetaan laakeaan astiaan, johon kaikki el\u00e4imet mahtuvat halutessaan samaan aikaan. Hiekka-astia annetaan el\u00e4inten ulottuville s\u00e4\u00e4nn\u00f6llisesti, esimerkiksi tunniksi p\u00e4iv\u00e4ss\u00e4. N\u00e4in siksi, ett\u00e4 esimerkiksi gerbiiliterraariossa jatkuvasti [&hellip;]","og_url":"https:\/\/sey.fi\/lemmikkitieto\/hiekkakylpy\/","og_site_name":"Lemmikkitieto","article_modified_time":"2023-12-07T10:14:07+00:00","og_image":[{"width":1024,"height":512,"url":"https:\/\/sey.fi\/wp-content\/uploads\/sites\/48\/2023\/12\/sey-lemmikkitieto-hiekkakylpy-1024x512.png","type":"image\/png"}],"twitter_card":"summary_large_image","twitter_misc":{"Arvioitu lukuaika":"1 minuutti"},"schema":{"@context":"https:\/\/schema.org","@graph":[{"@type":"WebPage","@id":"https:\/\/sey.fi\/lemmikkitieto\/hiekkakylpy\/","url":"https:\/\/sey.fi\/lemmikkitieto\/hiekkakylpy\/","name":"Hiekkakylpy - Lemmikkitieto","isPartOf":{"@id":"https:\/\/sey.fi\/lemmikkitieto\/#website"},"primaryImageOfPage":{"@id":"https:\/\/sey.fi\/lemmikkitieto\/hiekkakylpy\/#primaryimage"},"image":{"@id":"https:\/\/sey.fi\/lemmikkitieto\/hiekkakylpy\/#primaryimage"},"thumbnailUrl":"https:\/\/sey.fi\/wp-content\/uploads\/sites\/48\/2023\/12\/sey-lemmikkitieto-hiekkakylpy.png","datePublished":"2019-12-10T17:06:56+00:00","dateModified":"2023-12-07T10:14:07+00:00","breadcrumb":{"@id":"https:\/\/sey.fi\/lemmikkitieto\/hiekkakylpy\/#breadcrumb"},"inLanguage":"fi","potentialAction":[{"@type":"ReadAction","target":["https:\/\/sey.fi\/lemmikkitieto\/hiekkakylpy\/"]}]},{"@type":"ImageObject","inLanguage":"fi","@id":"https:\/\/sey.fi\/lemmikkitieto\/hiekkakylpy\/#primaryimage","url":"https:\/\/sey.fi\/wp-content\/uploads\/sites\/48\/2023\/12\/sey-lemmikkitieto-hiekkakylpy.png","contentUrl":"https:\/\/sey.fi\/wp-content\/uploads\/sites\/48\/2023\/12\/sey-lemmikkitieto-hiekkakylpy.png","width":2796,"height":1398,"caption":"Chinchilla hiekkakylpyastian reunalla"},{"@type":"BreadcrumbList","@id":"https:\/\/sey.fi\/lemmikkitieto\/hiekkakylpy\/#breadcrumb","itemListElement":[{"@type":"ListItem","position":1,"name":"Home","item":"https:\/\/sey.fi\/lemmikkitieto\/"},{"@type":"ListItem","position":2,"name":"Hiekkakylpy"}]},{"@type":"WebSite","@id":"https:\/\/sey.fi\/lemmikkitieto\/#website","url":"https:\/\/sey.fi\/lemmikkitieto\/","name":"Lemmikkitieto","description":"Uusi SEY Lemmikkitietosivu","potentialAction":[{"@type":"SearchAction","target":{"@type":"EntryPoint","urlTemplate":"https:\/\/sey.fi\/lemmikkitieto\/?s={search_term_string}"},"query-input":{"@type":"PropertyValueSpecification","valueRequired":true,"valueName":"search_term_string"}}],"inLanguage":"fi"}]}},"_links":{"self":[{"href":"https:\/\/sey.fi\/lemmikkitieto\/wp-json\/wp\/v2\/pages\/74","targetHints":{"allow":["GET"]}}],"collection":[{"href":"https:\/\/sey.fi\/lemmikkitieto\/wp-json\/wp\/v2\/pages"}],"about":[{"href":"https:\/\/sey.fi\/lemmikkitieto\/wp-json\/wp\/v2\/types\/page"}],"author":[{"embeddable":true,"href":"https:\/\/sey.fi\/lemmikkitieto\/wp-json\/wp\/v2\/users\/8"}],"replies":[{"embeddable":true,"href":"https:\/\/sey.fi\/lemmikkitieto\/wp-json\/wp\/v2\/comments?post=74"}],"version-history":[{"count":3,"href":"https:\/\/sey.fi\/lemmikkitieto\/wp-json\/wp\/v2\/pages\/74\/revisions"}],"predecessor-version":[{"id":340,"href":"https:\/\/sey.fi\/lemmikkitieto\/wp-json\/wp\/v2\/pages\/74\/revisions\/340"}],"wp:featuredmedia":[{"embeddable":true,"href":"https:\/\/sey.fi\/lemmikkitieto\/wp-json\/wp\/v2\/media\/336"}],"wp:attachment":[{"href":"https:\/\/sey.fi\/lemmikkitieto\/wp-json\/wp\/v2\/media?parent=74"}],"curies":[{"name":"wp","href":"https:\/\/api.w.org\/{rel}","templated":true}]}}