{"id":77,"date":"2019-12-10T19:10:20","date_gmt":"2019-12-10T17:10:20","guid":{"rendered":"http:\/\/srvr10.xetpoint.com\/~seyfi\/lemmikkitieto\/?page_id=77"},"modified":"2023-12-07T18:00:11","modified_gmt":"2023-12-07T16:00:11","slug":"kaivaminen","status":"publish","type":"page","link":"https:\/\/sey.fi\/lemmikkitieto\/kaivaminen\/","title":{"rendered":"Kaivaminen"},"content":{"rendered":"\n<p><em>Kuva: Sincerely Media\/Unsplash<\/em><\/p>\n\n\n\n<h2 class=\"wp-block-heading\">Valtaosa pikkulemmikeist\u00e4 on kaivajia<\/h2>\n\n\n\n<p>L\u00e4hes kaikki pikkulemmikit kuuluvat sellaisiin el\u00e4inlajeihin, jotka luonnossa kaivavat asunnokseen pitki\u00e4 maanalaisia k\u00e4yt\u00e4v\u00e4verkostoja. Marsu ja chinchilla ovat t\u00e4st\u00e4 poikkeuksia: ne eiv\u00e4t tunne mit\u00e4\u00e4n tarvetta kaivella maata. Kaivavia el\u00e4imi\u00e4 puolestaan ovat kani, rotta, kaikki gerbiili- ja hamsterilajit ja degu.<\/p>\n\n\n\n<p>Lajien v\u00e4lill\u00e4 on jonkin verran eroja kaivamisen tarpeen voimakkuudessa. Kaikille n\u00e4ihin lajeihin kuuluville el\u00e4imille on t\u00e4rke\u00e4\u00e4 p\u00e4\u00e4st\u00e4 kulkemaan maanalaisissa k\u00e4yt\u00e4viss\u00e4 tai niit\u00e4 muistuttavissa, kotitekoisissa tunneliverkostoissa. Kaikille lajeille ei kuitenkaan luultavasti ole yht\u00e4 t\u00e4rke\u00e4\u00e4 se, ett\u00e4 ne saavat kaivaa tunnelinsa nimenomaan itse.<\/p>\n\n\n\n<p>Hamstereilla ja k\u00e4\u00e4pi\u00f6hamstereilla on suuri kaivamisen tarve. T\u00e4m\u00e4 on helppo ymm\u00e4rt\u00e4\u00e4, koska luonnossa n\u00e4iden lajien jokainen yksil\u00f6 kaivaa itse omat k\u00e4yt\u00e4v\u00e4ns\u00e4. Toisaalta hyvin innokkaita kaivajia ovat my\u00f6s kaikki gerbiililajit ja degu. Gerbiilit el\u00e4v\u00e4t pariskunnittain tai pienin\u00e4 perheryhmin\u00e4, joissa jokainen osallistuu kaivamiseen, ja degut kaivavat per\u00e4ti yhteisty\u00f6ss\u00e4. Pienempi kaivamisen tarve on muun muassa hiirill\u00e4, jotka luonnossa k\u00e4ytt\u00e4v\u00e4t usein valmiita koloja piilopaikkoinaan.<\/p>\n\n\n\n<p>Kaivamisen tarpeessa on my\u00f6s yksil\u00f6llisi\u00e4 eroja samanlajisten el\u00e4inten v\u00e4lill\u00e4. Rotistakaan kaikki eiv\u00e4t ole yht\u00e4 innostuneita kaivamisesta. T\u00e4m\u00e4 saattaa johtua siit\u00e4, ett\u00e4 kanit ja rotat el\u00e4v\u00e4t luonnossa suurempina yhteis\u00f6in\u00e4, joiden \u201dluolakaupungeissa\u201d on usein k\u00e4ytett\u00e4viss\u00e4 edellisilt\u00e4kin sukupolvilta j\u00e4\u00e4neit\u00e4 k\u00e4yt\u00e4vi\u00e4.<\/p>\n\n\n\n<h2 class=\"wp-block-heading\">Terraario tai kaivelulaatikko<\/h2>\n\n\n\n<p>Kaikille kaivaviin lajeihin kuuluville el\u00e4imille olisi hyv\u00e4 tarjota mahdollisuus kaivamiseen ainakin kokeeksi. Jos omat el\u00e4imet k\u00e4ytt\u00e4v\u00e4t tilaisuutta hyv\u00e4kseen ja alkavat kaivella, voi seuraavaksi mietti\u00e4, miten niille voi j\u00e4rjest\u00e4\u00e4 pysyv\u00e4sti mahdollisuuden siihen.<\/p>\n\n\n\n<p>Kaivelupaikka t\u00e4ytt\u00e4\u00e4 tarkoituksensa silloin, kun kaivettavaa ainesta on sen verran paljon, ett\u00e4 el\u00e4imet pystyv\u00e4t tekem\u00e4\u00e4n sinne todellisia maanalaisia k\u00e4yt\u00e4vi\u00e4. Kaivamisen tarpeessa el\u00e4imelle oleellisinta ei ole pelkk\u00e4 kaiveleva tassunliike sin\u00e4ns\u00e4, vaan se, ett\u00e4 tuloksena my\u00f6s syntyy tunneleita, joihin el\u00e4in voi menn\u00e4. Pelkk\u00e4 mullalla t\u00e4ytetty pesuvati tai hiekalla t\u00e4ytetty allas ei siis riit\u00e4 t\u00e4ytt\u00e4m\u00e4\u00e4n esimerkiksi kanin kaivamisen tarvetta: kani saattaa kyll\u00e4 pontevasti heitell\u00e4 sis\u00e4ll\u00f6t sielt\u00e4 ymp\u00e4riins\u00e4, mutta se kokee p\u00e4\u00e4sseens\u00e4 kaivamisessa vasta juuri ja juuri alkuun, ja toisaalta huoneessa on sen j\u00e4lkeen aika paljon siivottavaa.<\/p>\n\n\n\n<p>Gerbiilej\u00e4 ja k\u00e4\u00e4pi\u00f6hamstereita pidet\u00e4\u00e4n usein lasisein\u00e4isess\u00e4 terraariossa, jonka pohjalle on helppo laittaa parin-kolmenkymmenen sentin kerros haapahaketta tai haapahakkeen ja kuivahein\u00e4n sekoitusta kaiveltavaksi.<\/p>\n\n\n\n<p>Useimmat el\u00e4imet kaipaavat kuitenkin paljon enemm\u00e4n tilaa kuin suurikaan terraario voi tarjota. Niille kaivamismahdollisuus on j\u00e4rjestett\u00e4v\u00e4 toisella tavalla. Jos el\u00e4imill\u00e4 on korkea h\u00e4kki, yksi mahdollisuus on ymp\u00e4r\u00f6id\u00e4 h\u00e4kin sein\u00e4t alaosastaan 60\u201370 sentin korkeudelta esimerkiksi vanerilevyill\u00e4 ja peitt\u00e4\u00e4 h\u00e4kin pohja noin 30 sentin kerroksella haapahaketta.<\/p>\n\n\n\n<p>Jos taas el\u00e4imill\u00e4 on k\u00e4ytett\u00e4viss\u00e4\u00e4n kokonainen huone tai osa huoneesta, k\u00e4tevin ratkaisu voi olla j\u00e4rjest\u00e4\u00e4 erillinen laatikko kaivelupaikaksi. Laatikolla voi olla pituutta ja leveytt\u00e4 noin metri ja korkeutta puolisen metri\u00e4, jolloin sinne saa k\u00e4tev\u00e4sti laitettua noin kolmenkymmenen sentin kerroksen haapahaketta. Laatikosta ei kannata tehd\u00e4 puolta metri\u00e4 syvemp\u00e4\u00e4, koska silloin kuivikkeen vaihtaminen puhtaaseen tulee hankalaksi.<\/p>\n\n\n\n<p>Kuivike vaihdetaan puhtaaseen ajoittain, mutta ei tarpeettoman usein, jotta el\u00e4inten tekem\u00e4t tunnelit eiv\u00e4t heti tuhoutuisi. Niin kauan kuin kuivike ei haise, sen vaihtamisella ei ole kiirett\u00e4.<\/p>\n\n\n\n<p>Kaneista pienimm\u00e4tkin ovat niin kookkaita, ett\u00e4 kunnollisen kaivelumahdollisuuden tarjoaminen sis\u00e4tiloissa on vaikeaa. K\u00e4yt\u00e4nn\u00f6ss\u00e4 toimivin keino j\u00e4rjest\u00e4\u00e4 kanille tilaisuus k\u00e4yt\u00e4vien kaiveluun on ulkotarha.<\/p>\n","protected":false},"excerpt":{"rendered":"<p>Kuva: Sincerely Media\/Unsplash Valtaosa pikkulemmikeist\u00e4 on kaivajia L\u00e4hes kaikki pikkulemmikit kuuluvat sellaisiin el\u00e4inlajeihin, jotka luonnossa kaivavat asunnokseen pitki\u00e4 maanalaisia k\u00e4yt\u00e4v\u00e4verkostoja. Marsu ja chinchilla ovat t\u00e4st\u00e4 poikkeuksia: ne eiv\u00e4t tunne mit\u00e4\u00e4n tarvetta kaivella maata. Kaivavia el\u00e4imi\u00e4 puolestaan ovat kani, rotta, kaikki gerbiili- ja hamsterilajit ja degu. Lajien v\u00e4lill\u00e4 on jonkin verran eroja kaivamisen tarpeen voimakkuudessa. Kaikille [&hellip;]<\/p>\n","protected":false},"author":8,"featured_media":389,"parent":0,"menu_order":0,"comment_status":"closed","ping_status":"closed","template":"","meta":{"_acf_changed":false,"footnotes":""},"class_list":["post-77","page","type-page","status-publish","has-post-thumbnail","hentry"],"acf":[],"yoast_head":"<!-- This site is optimized with the Yoast SEO plugin v27.1.1 - https:\/\/yoast.com\/product\/yoast-seo-wordpress\/ -->\n<title>Kaivaminen - Lemmikkitieto<\/title>\n<meta name=\"robots\" content=\"index, follow, max-snippet:-1, max-image-preview:large, max-video-preview:-1\" \/>\n<link rel=\"canonical\" href=\"https:\/\/sey.fi\/lemmikkitieto\/kaivaminen\/\" \/>\n<meta property=\"og:locale\" content=\"fi_FI\" \/>\n<meta property=\"og:type\" content=\"article\" \/>\n<meta property=\"og:title\" content=\"Kaivaminen - Lemmikkitieto\" \/>\n<meta property=\"og:description\" content=\"Kuva: Sincerely Media\/Unsplash Valtaosa pikkulemmikeist\u00e4 on kaivajia L\u00e4hes kaikki pikkulemmikit kuuluvat sellaisiin el\u00e4inlajeihin, jotka luonnossa kaivavat asunnokseen pitki\u00e4 maanalaisia k\u00e4yt\u00e4v\u00e4verkostoja. Marsu ja chinchilla ovat t\u00e4st\u00e4 poikkeuksia: ne eiv\u00e4t tunne mit\u00e4\u00e4n tarvetta kaivella maata. Kaivavia el\u00e4imi\u00e4 puolestaan ovat kani, rotta, kaikki gerbiili- ja hamsterilajit ja degu. Lajien v\u00e4lill\u00e4 on jonkin verran eroja kaivamisen tarpeen voimakkuudessa. Kaikille [&hellip;]\" \/>\n<meta property=\"og:url\" content=\"https:\/\/sey.fi\/lemmikkitieto\/kaivaminen\/\" \/>\n<meta property=\"og:site_name\" content=\"Lemmikkitieto\" \/>\n<meta property=\"article:modified_time\" content=\"2023-12-07T16:00:11+00:00\" \/>\n<meta property=\"og:image\" content=\"https:\/\/sey.fi\/wp-content\/uploads\/sites\/48\/2023\/12\/sey-lemmikkitieto-kaivaminen-1024x512.png\" \/>\n\t<meta property=\"og:image:width\" content=\"1024\" \/>\n\t<meta property=\"og:image:height\" content=\"512\" \/>\n\t<meta property=\"og:image:type\" content=\"image\/png\" \/>\n<meta name=\"twitter:card\" content=\"summary_large_image\" \/>\n<meta name=\"twitter:label1\" content=\"Arvioitu lukuaika\" \/>\n\t<meta name=\"twitter:data1\" content=\"3 minuuttia\" \/>\n<script type=\"application\/ld+json\" class=\"yoast-schema-graph\">{\"@context\":\"https:\/\/schema.org\",\"@graph\":[{\"@type\":\"WebPage\",\"@id\":\"https:\/\/sey.fi\/lemmikkitieto\/kaivaminen\/\",\"url\":\"https:\/\/sey.fi\/lemmikkitieto\/kaivaminen\/\",\"name\":\"Kaivaminen - Lemmikkitieto\",\"isPartOf\":{\"@id\":\"https:\/\/sey.fi\/lemmikkitieto\/#website\"},\"primaryImageOfPage\":{\"@id\":\"https:\/\/sey.fi\/lemmikkitieto\/kaivaminen\/#primaryimage\"},\"image\":{\"@id\":\"https:\/\/sey.fi\/lemmikkitieto\/kaivaminen\/#primaryimage\"},\"thumbnailUrl\":\"https:\/\/sey.fi\/wp-content\/uploads\/sites\/48\/2023\/12\/sey-lemmikkitieto-kaivaminen.png\",\"datePublished\":\"2019-12-10T17:10:20+00:00\",\"dateModified\":\"2023-12-07T16:00:11+00:00\",\"breadcrumb\":{\"@id\":\"https:\/\/sey.fi\/lemmikkitieto\/kaivaminen\/#breadcrumb\"},\"inLanguage\":\"fi\",\"potentialAction\":[{\"@type\":\"ReadAction\",\"target\":[\"https:\/\/sey.fi\/lemmikkitieto\/kaivaminen\/\"]}]},{\"@type\":\"ImageObject\",\"inLanguage\":\"fi\",\"@id\":\"https:\/\/sey.fi\/lemmikkitieto\/kaivaminen\/#primaryimage\",\"url\":\"https:\/\/sey.fi\/wp-content\/uploads\/sites\/48\/2023\/12\/sey-lemmikkitieto-kaivaminen.png\",\"contentUrl\":\"https:\/\/sey.fi\/wp-content\/uploads\/sites\/48\/2023\/12\/sey-lemmikkitieto-kaivaminen.png\",\"width\":1920,\"height\":960,\"caption\":\"Valkoinen kani kurkistaa maahan kaivamastaan kolosta.\"},{\"@type\":\"BreadcrumbList\",\"@id\":\"https:\/\/sey.fi\/lemmikkitieto\/kaivaminen\/#breadcrumb\",\"itemListElement\":[{\"@type\":\"ListItem\",\"position\":1,\"name\":\"Home\",\"item\":\"https:\/\/sey.fi\/lemmikkitieto\/\"},{\"@type\":\"ListItem\",\"position\":2,\"name\":\"Kaivaminen\"}]},{\"@type\":\"WebSite\",\"@id\":\"https:\/\/sey.fi\/lemmikkitieto\/#website\",\"url\":\"https:\/\/sey.fi\/lemmikkitieto\/\",\"name\":\"Lemmikkitieto\",\"description\":\"Uusi SEY Lemmikkitietosivu\",\"potentialAction\":[{\"@type\":\"SearchAction\",\"target\":{\"@type\":\"EntryPoint\",\"urlTemplate\":\"https:\/\/sey.fi\/lemmikkitieto\/?s={search_term_string}\"},\"query-input\":{\"@type\":\"PropertyValueSpecification\",\"valueRequired\":true,\"valueName\":\"search_term_string\"}}],\"inLanguage\":\"fi\"}]}<\/script>\n<!-- \/ Yoast SEO plugin. -->","yoast_head_json":{"title":"Kaivaminen - Lemmikkitieto","robots":{"index":"index","follow":"follow","max-snippet":"max-snippet:-1","max-image-preview":"max-image-preview:large","max-video-preview":"max-video-preview:-1"},"canonical":"https:\/\/sey.fi\/lemmikkitieto\/kaivaminen\/","og_locale":"fi_FI","og_type":"article","og_title":"Kaivaminen - Lemmikkitieto","og_description":"Kuva: Sincerely Media\/Unsplash Valtaosa pikkulemmikeist\u00e4 on kaivajia L\u00e4hes kaikki pikkulemmikit kuuluvat sellaisiin el\u00e4inlajeihin, jotka luonnossa kaivavat asunnokseen pitki\u00e4 maanalaisia k\u00e4yt\u00e4v\u00e4verkostoja. Marsu ja chinchilla ovat t\u00e4st\u00e4 poikkeuksia: ne eiv\u00e4t tunne mit\u00e4\u00e4n tarvetta kaivella maata. Kaivavia el\u00e4imi\u00e4 puolestaan ovat kani, rotta, kaikki gerbiili- ja hamsterilajit ja degu. Lajien v\u00e4lill\u00e4 on jonkin verran eroja kaivamisen tarpeen voimakkuudessa. Kaikille [&hellip;]","og_url":"https:\/\/sey.fi\/lemmikkitieto\/kaivaminen\/","og_site_name":"Lemmikkitieto","article_modified_time":"2023-12-07T16:00:11+00:00","og_image":[{"width":1024,"height":512,"url":"https:\/\/sey.fi\/wp-content\/uploads\/sites\/48\/2023\/12\/sey-lemmikkitieto-kaivaminen-1024x512.png","type":"image\/png"}],"twitter_card":"summary_large_image","twitter_misc":{"Arvioitu lukuaika":"3 minuuttia"},"schema":{"@context":"https:\/\/schema.org","@graph":[{"@type":"WebPage","@id":"https:\/\/sey.fi\/lemmikkitieto\/kaivaminen\/","url":"https:\/\/sey.fi\/lemmikkitieto\/kaivaminen\/","name":"Kaivaminen - Lemmikkitieto","isPartOf":{"@id":"https:\/\/sey.fi\/lemmikkitieto\/#website"},"primaryImageOfPage":{"@id":"https:\/\/sey.fi\/lemmikkitieto\/kaivaminen\/#primaryimage"},"image":{"@id":"https:\/\/sey.fi\/lemmikkitieto\/kaivaminen\/#primaryimage"},"thumbnailUrl":"https:\/\/sey.fi\/wp-content\/uploads\/sites\/48\/2023\/12\/sey-lemmikkitieto-kaivaminen.png","datePublished":"2019-12-10T17:10:20+00:00","dateModified":"2023-12-07T16:00:11+00:00","breadcrumb":{"@id":"https:\/\/sey.fi\/lemmikkitieto\/kaivaminen\/#breadcrumb"},"inLanguage":"fi","potentialAction":[{"@type":"ReadAction","target":["https:\/\/sey.fi\/lemmikkitieto\/kaivaminen\/"]}]},{"@type":"ImageObject","inLanguage":"fi","@id":"https:\/\/sey.fi\/lemmikkitieto\/kaivaminen\/#primaryimage","url":"https:\/\/sey.fi\/wp-content\/uploads\/sites\/48\/2023\/12\/sey-lemmikkitieto-kaivaminen.png","contentUrl":"https:\/\/sey.fi\/wp-content\/uploads\/sites\/48\/2023\/12\/sey-lemmikkitieto-kaivaminen.png","width":1920,"height":960,"caption":"Valkoinen kani kurkistaa maahan kaivamastaan kolosta."},{"@type":"BreadcrumbList","@id":"https:\/\/sey.fi\/lemmikkitieto\/kaivaminen\/#breadcrumb","itemListElement":[{"@type":"ListItem","position":1,"name":"Home","item":"https:\/\/sey.fi\/lemmikkitieto\/"},{"@type":"ListItem","position":2,"name":"Kaivaminen"}]},{"@type":"WebSite","@id":"https:\/\/sey.fi\/lemmikkitieto\/#website","url":"https:\/\/sey.fi\/lemmikkitieto\/","name":"Lemmikkitieto","description":"Uusi SEY Lemmikkitietosivu","potentialAction":[{"@type":"SearchAction","target":{"@type":"EntryPoint","urlTemplate":"https:\/\/sey.fi\/lemmikkitieto\/?s={search_term_string}"},"query-input":{"@type":"PropertyValueSpecification","valueRequired":true,"valueName":"search_term_string"}}],"inLanguage":"fi"}]}},"_links":{"self":[{"href":"https:\/\/sey.fi\/lemmikkitieto\/wp-json\/wp\/v2\/pages\/77","targetHints":{"allow":["GET"]}}],"collection":[{"href":"https:\/\/sey.fi\/lemmikkitieto\/wp-json\/wp\/v2\/pages"}],"about":[{"href":"https:\/\/sey.fi\/lemmikkitieto\/wp-json\/wp\/v2\/types\/page"}],"author":[{"embeddable":true,"href":"https:\/\/sey.fi\/lemmikkitieto\/wp-json\/wp\/v2\/users\/8"}],"replies":[{"embeddable":true,"href":"https:\/\/sey.fi\/lemmikkitieto\/wp-json\/wp\/v2\/comments?post=77"}],"version-history":[{"count":3,"href":"https:\/\/sey.fi\/lemmikkitieto\/wp-json\/wp\/v2\/pages\/77\/revisions"}],"predecessor-version":[{"id":390,"href":"https:\/\/sey.fi\/lemmikkitieto\/wp-json\/wp\/v2\/pages\/77\/revisions\/390"}],"wp:featuredmedia":[{"embeddable":true,"href":"https:\/\/sey.fi\/lemmikkitieto\/wp-json\/wp\/v2\/media\/389"}],"wp:attachment":[{"href":"https:\/\/sey.fi\/lemmikkitieto\/wp-json\/wp\/v2\/media?parent=77"}],"curies":[{"name":"wp","href":"https:\/\/api.w.org\/{rel}","templated":true}]}}