{"id":80,"date":"2019-12-10T19:11:49","date_gmt":"2019-12-10T17:11:49","guid":{"rendered":"http:\/\/srvr10.xetpoint.com\/~seyfi\/lemmikkitieto\/?page_id=80"},"modified":"2023-12-08T11:14:19","modified_gmt":"2023-12-08T09:14:19","slug":"juoksupyora","status":"publish","type":"page","link":"https:\/\/sey.fi\/lemmikkitieto\/juoksupyora\/","title":{"rendered":"Juoksupy\u00f6r\u00e4"},"content":{"rendered":"\n<p><em>Kuva: Matt Bero\/Unsplash<\/em><\/p>\n\n\n\n<h2 class=\"wp-block-heading\">Juoksupy\u00f6r\u00e4: hy\u00f6dyllinen vai haitallinen?<\/h2>\n\n\n\n<p>Juoksupy\u00f6r\u00e4\u00e4 on perinteisesti ajateltu hyv\u00e4n\u00e4 asiana jyrsij\u00f6iden \nh\u00e4kiss\u00e4. Tutkimustiedon lis\u00e4\u00e4ntyminen on osoittanut, ett\u00e4 asia ei \nv\u00e4ltt\u00e4m\u00e4tt\u00e4 ole niin yksinkertainen. On mahdollista, ett\u00e4 py\u00f6r\u00e4ss\u00e4 \njuokseminen on ainakin joillekin el\u00e4imille er\u00e4\u00e4nlainen addiktio, josta \non sille ennen pitk\u00e4\u00e4 enemm\u00e4n haittaa kuin hy\u00f6ty\u00e4.<\/p>\n\n\n\n<p>Monilla liian pieniss\u00e4 ja virikkeett\u00f6miss\u00e4 tiloissa pidetyill\u00e4 \nel\u00e4imill\u00e4 esiintyy niin kutsuttua stereotyyppist\u00e4 k\u00e4ytt\u00e4ytymist\u00e4. \nT\u00e4ll\u00f6in el\u00e4in toistaa samaa merkitykset\u00f6nt\u00e4 liikesarjaa robottimaisesti \nyh\u00e4 uudestaan ja uudestaan. Esimerkiksi turkistarhoilla n\u00e4kee yleisesti \nkettujen k\u00e4velev\u00e4n h\u00e4kiss\u00e4\u00e4n edestakaisin t\u00e4sm\u00e4lleen samaa rataa tai \nminkkien juoksevan yh\u00e4 uudestaan pes\u00e4koppiin sis\u00e4\u00e4n ja takaisin ulos. \nSyyn\u00e4 t\u00e4h\u00e4n on se, ett\u00e4 saman liikkeen jatkuva toistaminen saa aivoissa \nerittym\u00e4\u00e4n pieni\u00e4 m\u00e4\u00e4ri\u00e4 endorfiineja eli mielihyv\u00e4kemikaaleja, jotka \nsaavat el\u00e4imen tuntemaan olonsa hiukan paremmaksi ahdistavassa \nymp\u00e4rist\u00f6ss\u00e4. Virikkeellisemm\u00e4ss\u00e4 ymp\u00e4rist\u00f6ss\u00e4 ja isommissa tiloissa \nel\u00e4vien el\u00e4inten normaali monipuolinen puuhailu tuottaa paljon enemm\u00e4n \nendorfiineja, mist\u00e4 syyst\u00e4 v\u00e4h\u00e4nk\u00e4\u00e4n paremmassa ymp\u00e4rist\u00f6ss\u00e4 el\u00e4vien \nel\u00e4inten ei tarvitse turvautua stereotypioihin saadakseen itsens\u00e4 \nhetkeksi \u201dhuumattua\u201d.<br><br>T\u00e4m\u00e4 itsens\u00e4 huumaaminen ei ole niin \nviatonta milt\u00e4 se voi kuulostaa, koska sill\u00e4 on kauaskantoisia \nseurauksia. Samalla kun stereotyyppinen k\u00e4ytt\u00e4ytyminen saa el\u00e4imelle \naikaan hetkellisesti hiukan paremman olon, se toisaalta muuttaa \naivokemiaa niin, ett\u00e4 el\u00e4imen henkinen vointi ennen pitk\u00e4\u00e4 huononee. \nEl\u00e4in itse ei t\u00e4t\u00e4 tied\u00e4, vaan turvautuu ahdistuneen olonsa \nlievitt\u00e4miseksi t\u00e4h\u00e4n ainoaan keinoon, jonka se on pieness\u00e4 h\u00e4kiss\u00e4\u00e4n \nkeksinyt ja ajan mittaan tuntee itsens\u00e4 yh\u00e4 ahdistuneemmaksi.<\/p>\n\n\n\n<p>Useissa tutkimuksissa (mm. Richter et al, Behavioural Brain Research,\n vol. 190, s. 74\u201384) on todettu, ett\u00e4 jyrsij\u00f6iden tavassa k\u00e4ytt\u00e4\u00e4 \njuoksupy\u00f6r\u00e4\u00e4 on paljon stereotyyppisen k\u00e4ytt\u00e4ytymisen piirteit\u00e4. \nV\u00e4hint\u00e4\u00e4n osassa tapauksista juoksupy\u00f6r\u00e4ss\u00e4 juokseminen on ilmeisesti \nyht\u00e4 aito stereotypia kuin el\u00e4inten edestakainen juokseminen \nturkistarhojen h\u00e4keiss\u00e4.<\/p>\n\n\n\n<p>Toinen lemmikkijyrsij\u00f6ill\u00e4 toisinaan esiintyv\u00e4 k\u00e4ytt\u00e4ytyminen, jota \ntutkijat pit\u00e4v\u00e4t melko varmasti stereotyyppisen\u00e4, on h\u00e4kin kalterien \njyrsiminen. Siin\u00e4 ei ole kysymys siit\u00e4, ett\u00e4 jyrsij\u00e4t ilmaisisivat \nluontaista \u201djyrsij\u00e4nluonnettaan\u201d, vaan se on niiden yritys lievitt\u00e4\u00e4 \nedes hiukan sit\u00e4 ahdistunutta oloa, jonka aiheuttaa liian pieni ja \nv\u00e4h\u00e4virikkeinen h\u00e4kki.<\/p>\n\n\n\n<p>Lopullista varmuutta ei viel\u00e4 ole saatu siit\u00e4, onko juoksupy\u00f6r\u00e4 \nlemmikeille haitallinen. Ei my\u00f6sk\u00e4\u00e4n siit\u00e4, millaisissa tapauksissa se \non haitallisempi kuin toisissa, jos on. Se kuitenkin tiedet\u00e4\u00e4n jo \nt\u00e4h\u00e4nastisten tutkimusten perusteella, ett\u00e4 muut virikkeet \u2013 kuten suuri\n liikkumatila ja lajityypilliset kiipeily- ja kaivautumismahdollisuudet \u2013\n lis\u00e4\u00e4v\u00e4t el\u00e4inten hyvinvointia huomattavasti enemm\u00e4n kuin juoksupy\u00f6r\u00e4. \nPy\u00f6r\u00e4ss\u00e4 juokseminen saattaa siis olla el\u00e4imelle liev\u00e4sti hy\u00f6dyllist\u00e4, \nneutraalia taikka enemm\u00e4n tai v\u00e4hemm\u00e4n haitallista, mutta joka \ntapauksessa muista virikkeist\u00e4 on el\u00e4imille selv\u00e4sti enemm\u00e4n iloa.<\/p>\n\n\n\n<h2 class=\"wp-block-heading\">Juoksupy\u00f6r\u00e4vammojen v\u00e4ltt\u00e4minen<\/h2>\n\n\n\n<p>Jos jyrsij\u00f6ille kuitenkin hankitaan juoksupy\u00f6r\u00e4, on otettava huomioon\n pari k\u00e4yt\u00e4nn\u00f6n asiaa fyysisten vammojen v\u00e4ltt\u00e4miseksi. Juoksupy\u00f6r\u00e4n on \noltava tarpeeksi suuri, jotta el\u00e4in voi t\u00e4ysikasvuisenakin juosta siin\u00e4 \nselk\u00e4 suorana. Liian pieness\u00e4 py\u00f6r\u00e4ss\u00e4 el\u00e4in joutuu juoksemaan selk\u00e4 \nkaarella, mik\u00e4 rasittaa selk\u00e4nikamia. Lis\u00e4ksi er\u00e4ill\u00e4 lajeilla kuten \nmongoliangerbiilill\u00e4 on hauras h\u00e4nt\u00e4, joka voi katketa joutuessaan \njuoksupy\u00f6r\u00e4n pinnojen v\u00e4liin. Umpinainen py\u00f6r\u00e4 on silloin turvallisempi \nkuin pinnoista koostuva.<\/p>\n","protected":false},"excerpt":{"rendered":"<p>Kuva: Matt Bero\/Unsplash Juoksupy\u00f6r\u00e4: hy\u00f6dyllinen vai haitallinen? Juoksupy\u00f6r\u00e4\u00e4 on perinteisesti ajateltu hyv\u00e4n\u00e4 asiana jyrsij\u00f6iden h\u00e4kiss\u00e4. Tutkimustiedon lis\u00e4\u00e4ntyminen on osoittanut, ett\u00e4 asia ei v\u00e4ltt\u00e4m\u00e4tt\u00e4 ole niin yksinkertainen. On mahdollista, ett\u00e4 py\u00f6r\u00e4ss\u00e4 juokseminen on ainakin joillekin el\u00e4imille er\u00e4\u00e4nlainen addiktio, josta on sille ennen pitk\u00e4\u00e4 enemm\u00e4n haittaa kuin hy\u00f6ty\u00e4. Monilla liian pieniss\u00e4 ja virikkeett\u00f6miss\u00e4 tiloissa pidetyill\u00e4 el\u00e4imill\u00e4 esiintyy [&hellip;]<\/p>\n","protected":false},"author":8,"featured_media":408,"parent":0,"menu_order":0,"comment_status":"closed","ping_status":"closed","template":"","meta":{"_acf_changed":false,"footnotes":""},"class_list":["post-80","page","type-page","status-publish","has-post-thumbnail","hentry"],"acf":[],"yoast_head":"<!-- This site is optimized with the Yoast SEO plugin v27.1.1 - https:\/\/yoast.com\/product\/yoast-seo-wordpress\/ -->\n<title>Juoksupy\u00f6r\u00e4 - Lemmikkitieto<\/title>\n<meta name=\"robots\" content=\"index, follow, max-snippet:-1, max-image-preview:large, max-video-preview:-1\" \/>\n<link rel=\"canonical\" href=\"https:\/\/sey.fi\/lemmikkitieto\/juoksupyora\/\" \/>\n<meta property=\"og:locale\" content=\"fi_FI\" \/>\n<meta property=\"og:type\" content=\"article\" \/>\n<meta property=\"og:title\" content=\"Juoksupy\u00f6r\u00e4 - Lemmikkitieto\" \/>\n<meta property=\"og:description\" content=\"Kuva: Matt Bero\/Unsplash Juoksupy\u00f6r\u00e4: hy\u00f6dyllinen vai haitallinen? Juoksupy\u00f6r\u00e4\u00e4 on perinteisesti ajateltu hyv\u00e4n\u00e4 asiana jyrsij\u00f6iden h\u00e4kiss\u00e4. Tutkimustiedon lis\u00e4\u00e4ntyminen on osoittanut, ett\u00e4 asia ei v\u00e4ltt\u00e4m\u00e4tt\u00e4 ole niin yksinkertainen. On mahdollista, ett\u00e4 py\u00f6r\u00e4ss\u00e4 juokseminen on ainakin joillekin el\u00e4imille er\u00e4\u00e4nlainen addiktio, josta on sille ennen pitk\u00e4\u00e4 enemm\u00e4n haittaa kuin hy\u00f6ty\u00e4. Monilla liian pieniss\u00e4 ja virikkeett\u00f6miss\u00e4 tiloissa pidetyill\u00e4 el\u00e4imill\u00e4 esiintyy [&hellip;]\" \/>\n<meta property=\"og:url\" content=\"https:\/\/sey.fi\/lemmikkitieto\/juoksupyora\/\" \/>\n<meta property=\"og:site_name\" content=\"Lemmikkitieto\" \/>\n<meta property=\"article:modified_time\" content=\"2023-12-08T09:14:19+00:00\" \/>\n<meta property=\"og:image\" content=\"https:\/\/sey.fi\/wp-content\/uploads\/sites\/48\/2023\/12\/sey-lemmikkitieto-juoksupyora-web.png\" \/>\n\t<meta property=\"og:image:width\" content=\"1920\" \/>\n\t<meta property=\"og:image:height\" content=\"960\" \/>\n\t<meta property=\"og:image:type\" content=\"image\/png\" \/>\n<meta name=\"twitter:card\" content=\"summary_large_image\" \/>\n<meta name=\"twitter:label1\" content=\"Arvioitu lukuaika\" \/>\n\t<meta name=\"twitter:data1\" content=\"3 minuuttia\" \/>\n<script type=\"application\/ld+json\" class=\"yoast-schema-graph\">{\"@context\":\"https:\/\/schema.org\",\"@graph\":[{\"@type\":\"WebPage\",\"@id\":\"https:\/\/sey.fi\/lemmikkitieto\/juoksupyora\/\",\"url\":\"https:\/\/sey.fi\/lemmikkitieto\/juoksupyora\/\",\"name\":\"Juoksupy\u00f6r\u00e4 - Lemmikkitieto\",\"isPartOf\":{\"@id\":\"https:\/\/sey.fi\/lemmikkitieto\/#website\"},\"primaryImageOfPage\":{\"@id\":\"https:\/\/sey.fi\/lemmikkitieto\/juoksupyora\/#primaryimage\"},\"image\":{\"@id\":\"https:\/\/sey.fi\/lemmikkitieto\/juoksupyora\/#primaryimage\"},\"thumbnailUrl\":\"https:\/\/sey.fi\/wp-content\/uploads\/sites\/48\/2023\/12\/sey-lemmikkitieto-juoksupyora-web.png\",\"datePublished\":\"2019-12-10T17:11:49+00:00\",\"dateModified\":\"2023-12-08T09:14:19+00:00\",\"breadcrumb\":{\"@id\":\"https:\/\/sey.fi\/lemmikkitieto\/juoksupyora\/#breadcrumb\"},\"inLanguage\":\"fi\",\"potentialAction\":[{\"@type\":\"ReadAction\",\"target\":[\"https:\/\/sey.fi\/lemmikkitieto\/juoksupyora\/\"]}]},{\"@type\":\"ImageObject\",\"inLanguage\":\"fi\",\"@id\":\"https:\/\/sey.fi\/lemmikkitieto\/juoksupyora\/#primaryimage\",\"url\":\"https:\/\/sey.fi\/wp-content\/uploads\/sites\/48\/2023\/12\/sey-lemmikkitieto-juoksupyora-web.png\",\"contentUrl\":\"https:\/\/sey.fi\/wp-content\/uploads\/sites\/48\/2023\/12\/sey-lemmikkitieto-juoksupyora-web.png\",\"width\":1920,\"height\":960,\"caption\":\"Pitk\u00e4karvainen ja p\u00f6rr\u00f6inen hamsteri juoksupy\u00f6r\u00e4ss\u00e4\"},{\"@type\":\"BreadcrumbList\",\"@id\":\"https:\/\/sey.fi\/lemmikkitieto\/juoksupyora\/#breadcrumb\",\"itemListElement\":[{\"@type\":\"ListItem\",\"position\":1,\"name\":\"Home\",\"item\":\"https:\/\/sey.fi\/lemmikkitieto\/\"},{\"@type\":\"ListItem\",\"position\":2,\"name\":\"Juoksupy\u00f6r\u00e4\"}]},{\"@type\":\"WebSite\",\"@id\":\"https:\/\/sey.fi\/lemmikkitieto\/#website\",\"url\":\"https:\/\/sey.fi\/lemmikkitieto\/\",\"name\":\"Lemmikkitieto\",\"description\":\"Uusi SEY Lemmikkitietosivu\",\"potentialAction\":[{\"@type\":\"SearchAction\",\"target\":{\"@type\":\"EntryPoint\",\"urlTemplate\":\"https:\/\/sey.fi\/lemmikkitieto\/?s={search_term_string}\"},\"query-input\":{\"@type\":\"PropertyValueSpecification\",\"valueRequired\":true,\"valueName\":\"search_term_string\"}}],\"inLanguage\":\"fi\"}]}<\/script>\n<!-- \/ Yoast SEO plugin. -->","yoast_head_json":{"title":"Juoksupy\u00f6r\u00e4 - Lemmikkitieto","robots":{"index":"index","follow":"follow","max-snippet":"max-snippet:-1","max-image-preview":"max-image-preview:large","max-video-preview":"max-video-preview:-1"},"canonical":"https:\/\/sey.fi\/lemmikkitieto\/juoksupyora\/","og_locale":"fi_FI","og_type":"article","og_title":"Juoksupy\u00f6r\u00e4 - Lemmikkitieto","og_description":"Kuva: Matt Bero\/Unsplash Juoksupy\u00f6r\u00e4: hy\u00f6dyllinen vai haitallinen? Juoksupy\u00f6r\u00e4\u00e4 on perinteisesti ajateltu hyv\u00e4n\u00e4 asiana jyrsij\u00f6iden h\u00e4kiss\u00e4. Tutkimustiedon lis\u00e4\u00e4ntyminen on osoittanut, ett\u00e4 asia ei v\u00e4ltt\u00e4m\u00e4tt\u00e4 ole niin yksinkertainen. On mahdollista, ett\u00e4 py\u00f6r\u00e4ss\u00e4 juokseminen on ainakin joillekin el\u00e4imille er\u00e4\u00e4nlainen addiktio, josta on sille ennen pitk\u00e4\u00e4 enemm\u00e4n haittaa kuin hy\u00f6ty\u00e4. Monilla liian pieniss\u00e4 ja virikkeett\u00f6miss\u00e4 tiloissa pidetyill\u00e4 el\u00e4imill\u00e4 esiintyy [&hellip;]","og_url":"https:\/\/sey.fi\/lemmikkitieto\/juoksupyora\/","og_site_name":"Lemmikkitieto","article_modified_time":"2023-12-08T09:14:19+00:00","og_image":[{"width":1920,"height":960,"url":"https:\/\/sey.fi\/wp-content\/uploads\/sites\/48\/2023\/12\/sey-lemmikkitieto-juoksupyora-web.png","type":"image\/png"}],"twitter_card":"summary_large_image","twitter_misc":{"Arvioitu lukuaika":"3 minuuttia"},"schema":{"@context":"https:\/\/schema.org","@graph":[{"@type":"WebPage","@id":"https:\/\/sey.fi\/lemmikkitieto\/juoksupyora\/","url":"https:\/\/sey.fi\/lemmikkitieto\/juoksupyora\/","name":"Juoksupy\u00f6r\u00e4 - Lemmikkitieto","isPartOf":{"@id":"https:\/\/sey.fi\/lemmikkitieto\/#website"},"primaryImageOfPage":{"@id":"https:\/\/sey.fi\/lemmikkitieto\/juoksupyora\/#primaryimage"},"image":{"@id":"https:\/\/sey.fi\/lemmikkitieto\/juoksupyora\/#primaryimage"},"thumbnailUrl":"https:\/\/sey.fi\/wp-content\/uploads\/sites\/48\/2023\/12\/sey-lemmikkitieto-juoksupyora-web.png","datePublished":"2019-12-10T17:11:49+00:00","dateModified":"2023-12-08T09:14:19+00:00","breadcrumb":{"@id":"https:\/\/sey.fi\/lemmikkitieto\/juoksupyora\/#breadcrumb"},"inLanguage":"fi","potentialAction":[{"@type":"ReadAction","target":["https:\/\/sey.fi\/lemmikkitieto\/juoksupyora\/"]}]},{"@type":"ImageObject","inLanguage":"fi","@id":"https:\/\/sey.fi\/lemmikkitieto\/juoksupyora\/#primaryimage","url":"https:\/\/sey.fi\/wp-content\/uploads\/sites\/48\/2023\/12\/sey-lemmikkitieto-juoksupyora-web.png","contentUrl":"https:\/\/sey.fi\/wp-content\/uploads\/sites\/48\/2023\/12\/sey-lemmikkitieto-juoksupyora-web.png","width":1920,"height":960,"caption":"Pitk\u00e4karvainen ja p\u00f6rr\u00f6inen hamsteri juoksupy\u00f6r\u00e4ss\u00e4"},{"@type":"BreadcrumbList","@id":"https:\/\/sey.fi\/lemmikkitieto\/juoksupyora\/#breadcrumb","itemListElement":[{"@type":"ListItem","position":1,"name":"Home","item":"https:\/\/sey.fi\/lemmikkitieto\/"},{"@type":"ListItem","position":2,"name":"Juoksupy\u00f6r\u00e4"}]},{"@type":"WebSite","@id":"https:\/\/sey.fi\/lemmikkitieto\/#website","url":"https:\/\/sey.fi\/lemmikkitieto\/","name":"Lemmikkitieto","description":"Uusi SEY Lemmikkitietosivu","potentialAction":[{"@type":"SearchAction","target":{"@type":"EntryPoint","urlTemplate":"https:\/\/sey.fi\/lemmikkitieto\/?s={search_term_string}"},"query-input":{"@type":"PropertyValueSpecification","valueRequired":true,"valueName":"search_term_string"}}],"inLanguage":"fi"}]}},"_links":{"self":[{"href":"https:\/\/sey.fi\/lemmikkitieto\/wp-json\/wp\/v2\/pages\/80","targetHints":{"allow":["GET"]}}],"collection":[{"href":"https:\/\/sey.fi\/lemmikkitieto\/wp-json\/wp\/v2\/pages"}],"about":[{"href":"https:\/\/sey.fi\/lemmikkitieto\/wp-json\/wp\/v2\/types\/page"}],"author":[{"embeddable":true,"href":"https:\/\/sey.fi\/lemmikkitieto\/wp-json\/wp\/v2\/users\/8"}],"replies":[{"embeddable":true,"href":"https:\/\/sey.fi\/lemmikkitieto\/wp-json\/wp\/v2\/comments?post=80"}],"version-history":[{"count":2,"href":"https:\/\/sey.fi\/lemmikkitieto\/wp-json\/wp\/v2\/pages\/80\/revisions"}],"predecessor-version":[{"id":388,"href":"https:\/\/sey.fi\/lemmikkitieto\/wp-json\/wp\/v2\/pages\/80\/revisions\/388"}],"wp:featuredmedia":[{"embeddable":true,"href":"https:\/\/sey.fi\/lemmikkitieto\/wp-json\/wp\/v2\/media\/408"}],"wp:attachment":[{"href":"https:\/\/sey.fi\/lemmikkitieto\/wp-json\/wp\/v2\/media?parent=80"}],"curies":[{"name":"wp","href":"https:\/\/api.w.org\/{rel}","templated":true}]}}