{"id":83,"date":"2019-12-10T19:13:03","date_gmt":"2019-12-10T17:13:03","guid":{"rendered":"http:\/\/srvr10.xetpoint.com\/~seyfi\/lemmikkitieto\/?page_id=83"},"modified":"2023-12-07T18:33:29","modified_gmt":"2023-12-07T16:33:29","slug":"vapaana-huoneessa","status":"publish","type":"page","link":"https:\/\/sey.fi\/lemmikkitieto\/vapaana-huoneessa\/","title":{"rendered":"Vapaana huoneessa"},"content":{"rendered":"\n<p><em>Kuva: Nils Schirmer\/Unsplash<\/em><\/p>\n\n\n\n<h2 class=\"wp-block-heading\">P\u00e4ivitt\u00e4inen jaloittelu on t\u00e4rke\u00e4\u00e4<\/h2>\n\n\n\n<p>Lemmikkien el\u00e4m\u00e4 muuttuu mielenkiintoisemmaksi, jos ne saavat oleskella vapaina asunnossa. P\u00e4ivitt\u00e4inen jaloittelu koko huoneessa tai muussa aitausta isommassa tilassa on t\u00e4rke\u00e4\u00e4 el\u00e4inten hyvinvoinnille.<\/p>\n\n\n\n<p>Ennen el\u00e4inten p\u00e4\u00e4st\u00e4mist\u00e4 vapaaksi on varmistettava huolellisesti huoneen turvallisuus. Ovet ja ikkunat suljetaan. Kaappien alustat varmistetaan lattiatasossa kontaten, jotta niiden sokkeleissa ei ole koloja, joihin el\u00e4in voisi pujahtaa ulottumattomiin. Muille perheenj\u00e4senille tiedotetaan esimerkiksi oveen laitettavalla lapulla, ett\u00e4 el\u00e4imet ovat vapaina. N\u00e4in sis\u00e4\u00e4ntulija osaa avata oven varovasti tai koputtaa.<\/p>\n\n\n\n<p>Koirat ja kissat pidet\u00e4\u00e4n muissa tiloissa, kun pikkulemmikit ovat vapaina. Sellainenkin koira tai kissa, joka on n\u00e4ytt\u00e4nyt suhtautuvan jyrsij\u00f6ihin tai kaneihin v\u00e4linpit\u00e4m\u00e4tt\u00f6m\u00e4sti aiemmin, saattaa tarttua tilaisuuteen pienen lemmikin ilmestyess\u00e4 sen ulottuville.<\/p>\n\n\n\n<p>Jos kotona on useita erilajisia pikkulemmikkej\u00e4, niit\u00e4 ei kannata p\u00e4\u00e4st\u00e4\u00e4 jaloittelemaan samassa tilassa. Sama koskee niit\u00e4 saman lajin yksil\u00f6it\u00e4, jotka ovat eri aitauksessa. On my\u00f6s hyv\u00e4 varmistaa, ett\u00e4 aitauksen ulkopuolella jaloitteleva el\u00e4in ja aitauksessa oleva el\u00e4in eiv\u00e4t p\u00e4\u00e4se puremaan toisiaan aidan l\u00e4pi. T\u00e4t\u00e4 voi tapahtua silloin, kun kumpikin osapuoli haluaisi karkottaa toisen alueeltaan.<\/p>\n\n\n\n<h2 class=\"wp-block-heading\">Tavaroiden jyrsiminen<\/h2>\n\n\n\n<p>Jyrsij\u00f6iden ja kanien vapaana pit\u00e4mist\u00e4 arastellaan usein siksi, ett\u00e4 niiden ajatellaan jyrsiv\u00e4n tavaroita. Tosiasiassa tavaroiden jyrsiminen on harvinaisempaa kuin luullaan. Erityisen arvokkaat tavarat kannattaa silti pit\u00e4\u00e4 poissa huoneesta, jossa pikkulemmikit ovat vapaina.<\/p>\n\n\n\n<p>Ennen el\u00e4inten p\u00e4\u00e4st\u00e4mist\u00e4 vapaaksi on varmistettava, ett\u00e4 niiden ulottuvilla ei ole mit\u00e4\u00e4n sellaista, jonka maisteleminen voisi olla niille vaaraksi. S\u00e4hk\u00f6johdot, huonekasvit, muovipussit, lyijykyn\u00e4t ja pyyhekumit j\u00e4rjestet\u00e4\u00e4n siis pois el\u00e4inten ulottuvilta.<\/p>\n\n\n\n<p>Moni kani pelk\u00e4\u00e4 paljaita lattioita, koska ne ovat liukkaita. T\u00e4ll\u00f6in kani ei luonnollisesti mene sinne, miss\u00e4 ei ole mattoja. Jos liukkaat lattiat eiv\u00e4t haittaa kania, on mahdollista est\u00e4\u00e4 p\u00e4\u00e4sy kiellettyihin kohtiin, nostaa esimerkiksi kasvit yl\u00f6s ja piilottaa tai suojata sellaiset tavarat, joita ei ole turvallista maistella.<\/p>\n\n\n\n<h2 class=\"wp-block-heading\">Sis\u00e4siisteys<\/h2>\n\n\n\n<p>Toinen yleinen syy olla p\u00e4\u00e4st\u00e4m\u00e4tt\u00e4 pikkulemmikkej\u00e4 ulos aitauksesta on pelko, ett\u00e4 ne pissaavat ja papanoivat ymp\u00e4riins\u00e4. T\u00e4m\u00e4kin ongelma on monessa tapauksessa ennaltaehk\u00e4ist\u00e4viss\u00e4.<\/p>\n\n\n\n<p>Kanin sis\u00e4siisteys j\u00e4rjestyy useimmiten, kun kani on steriloitu tai kastroitu, ja sill\u00e4 on k\u00e4yt\u00f6ss\u00e4\u00e4n oikeanlainen vessalaatikko. Sis\u00e4siisteyteen p\u00e4\u00e4st\u00e4\u00e4n yleens\u00e4 parhaiten niin, ett\u00e4 muualle kuin vessalaatikkoon tulleet pissat ja papanat siivotaan hyvin pois. Kun vessalaatikkoon j\u00e4tt\u00e4\u00e4 hieman pissan- ja papanan \u201dsiement\u00e4\u201d, ajan my\u00f6t\u00e4 el\u00e4imet alkavat mielt\u00e4\u00e4 kuivikkeet normaaliksi tarpeidentekoalustaksi. Kun el\u00e4inten asumus on sijoitettu siten, ett\u00e4 el\u00e4imet vapaina ollessaankin p\u00e4\u00e4sev\u00e4t aina halutessaan helposti sinne, ne k\u00e4yv\u00e4t yleens\u00e4 jatkossakin tekem\u00e4ss\u00e4 tarpeensa oikeaan osoitteeseen.<\/p>\n\n\n\n<p>Kaikki pikkulemmikit eiv\u00e4t kuitenkaan ole kokonaan sis\u00e4siistej\u00e4, vaan papanoita ja pissalammikoita voi ilmesty\u00e4 vessan ulkopuolellekin. Yleisimmin nimenomaan papanoita, jotka onneksi ovat kaikilla pikkulemmikeill\u00e4 melko kuivia ja helppoja lakaista pois. El\u00e4imen toruminen tai muu kielteinen palaute ei vaikuta asiaan, vaan ainoa toimiva ratkaisu on rauhallisesti siivota j\u00e4t\u00f6kset pois. Sama p\u00e4tee niihin el\u00e4imiin, kuten rottiin, joiden luonnolliseen k\u00e4ytt\u00e4ytymiseen sis\u00e4ltyy pienten pissatippojen j\u00e4tt\u00e4minen sinne t\u00e4nne \u201dtienviitoiksi\u201d niiden kulkemille reiteille.<\/p>\n\n\n\n<h2 class=\"wp-block-heading\">Huone mielenkiintoisemmaksi<\/h2>\n\n\n\n<p>Lattialla kulkeminen on mukavampaa, jos sill\u00e4 voi pit\u00e4\u00e4 sellaista mattoa, jossa hampaanj\u00e4ljist\u00e4 ei ole haittaa. Lattia voi tuntua el\u00e4imist\u00e4 liukkaalta, ja matosta ne saavat mukavamman otteen. Matto helpottaa etenkin juoksupyr\u00e4hdyksi\u00e4. Tassunpohjien terveyden vuoksi kannattaa valita mahdollisimman pehmeit\u00e4 mattoja.<\/p>\n\n\n\n<p>Monet pienet el\u00e4imet eiv\u00e4t mielell\u00e4\u00e4n kulje avoimen lattian poikki. Jos lattialle laittaa pahvilaatikoita tai muita n\u00e4k\u00f6suojia, el\u00e4imet saavat k\u00e4ytt\u00f6\u00f6ns\u00e4 enemm\u00e4n tilaa.<\/p>\n\n\n\n<p>Huoneen voi tehd\u00e4 el\u00e4imille hauskemmaksi my\u00f6s piilottelemalla sinne t\u00e4nne v\u00e4h\u00e4n el\u00e4inten omaa pelletti\u00e4 tai muita sellaisia herkkuja, jotka eiv\u00e4t pilaannu, vaikka ne unohtuisivat piiloon pitk\u00e4ksi aikaa.<\/p>\n\n\n\n<h2 class=\"wp-block-heading\">Uskaltautuminen pois aitauksesta<\/h2>\n\n\n\n<p>Jos el\u00e4imet ovat el\u00e4neet pitk\u00e4\u00e4n vain h\u00e4kiss\u00e4, ne eiv\u00e4t ehk\u00e4 uskalla aluksi l\u00e4hte\u00e4 tutkimaan huoneistoa lainkaan. T\u00e4ll\u00f6in niit\u00e4 ei kannata hoputtaa eik\u00e4 nostaa ulos tukikohdastaan. Sen sijaan j\u00e4tet\u00e4\u00e4n aitauksen ovi auki aina silloin kun itse voidaan olla huoneessa paikalla, jolloin el\u00e4imet voivat tulla ulos sitten kun silt\u00e4 tuntuu. Jos jokin el\u00e4in ei ole viel\u00e4 viikonkaan j\u00e4lkeen uskaltautunut laskemaan tassuaan aitauksen ulkopuolelle, sit\u00e4 voi rohkaista aloittamaan tutkimusmatkat laittamalla aitauksen ulkopuolelle v\u00e4h\u00e4n el\u00e4imen herkkuruokaa. Ajan mittaan el\u00e4in yleens\u00e4 alkaa tutkia huonetta yh\u00e4 kiinnostuneempana ja nauttii jaloittelusta. Yleens\u00e4 lajitoverin esimerkki auttaa.<\/p>\n\n\n\n<h2 class=\"wp-block-heading\">Takaisin aitaukseen<\/h2>\n\n\n\n<p>Parasta on, jos el\u00e4inten voi antaa olla vapaina koko ajan. Eteen voi tulla tilanteita, jolloin t\u00e4ytyy itse l\u00e4hte\u00e4 huoneesta ja laittaa el\u00e4imet sit\u00e4 ennen takaisin aitaukseen, jos huone ei ole sellainen, ett\u00e4 ne voisi turvallisesti j\u00e4tt\u00e4\u00e4 irralleen ilman valvontaa. Jos mahdollista, odota niin kauan, kunnes el\u00e4imet menev\u00e4t itse takaisin aitaukseen.<\/p>\n\n\n\n<p>Kesyt, luottavaiset el\u00e4imet saa otettua k\u00e4siin kyseisen lajin tavanomaisella nosto-otteella. Aremman el\u00e4imen saa parhaiten kiinni houkuttelemalla sen pahvirasiaan tai muuhun piilopaikkaan. Molemmista kerrotaan lis\u00e4\u00e4 el\u00e4inten k\u00e4sittelyst\u00e4 kertovalla sivulla.<\/p>\n","protected":false},"excerpt":{"rendered":"<p>Kuva: Nils Schirmer\/Unsplash P\u00e4ivitt\u00e4inen jaloittelu on t\u00e4rke\u00e4\u00e4 Lemmikkien el\u00e4m\u00e4 muuttuu mielenkiintoisemmaksi, jos ne saavat oleskella vapaina asunnossa. P\u00e4ivitt\u00e4inen jaloittelu koko huoneessa tai muussa aitausta isommassa tilassa on t\u00e4rke\u00e4\u00e4 el\u00e4inten hyvinvoinnille. Ennen el\u00e4inten p\u00e4\u00e4st\u00e4mist\u00e4 vapaaksi on varmistettava huolellisesti huoneen turvallisuus. Ovet ja ikkunat suljetaan. Kaappien alustat varmistetaan lattiatasossa kontaten, jotta niiden sokkeleissa ei ole koloja, joihin [&hellip;]<\/p>\n","protected":false},"author":8,"featured_media":406,"parent":0,"menu_order":0,"comment_status":"closed","ping_status":"closed","template":"","meta":{"_acf_changed":false,"footnotes":""},"class_list":["post-83","page","type-page","status-publish","has-post-thumbnail","hentry"],"acf":[],"yoast_head":"<!-- This site is optimized with the Yoast SEO plugin v27.1.1 - https:\/\/yoast.com\/product\/yoast-seo-wordpress\/ -->\n<title>Vapaana huoneessa - Lemmikkitieto<\/title>\n<meta name=\"robots\" content=\"index, follow, max-snippet:-1, max-image-preview:large, max-video-preview:-1\" \/>\n<link rel=\"canonical\" href=\"https:\/\/sey.fi\/lemmikkitieto\/vapaana-huoneessa\/\" \/>\n<meta property=\"og:locale\" content=\"fi_FI\" \/>\n<meta property=\"og:type\" content=\"article\" \/>\n<meta property=\"og:title\" content=\"Vapaana huoneessa - Lemmikkitieto\" \/>\n<meta property=\"og:description\" content=\"Kuva: Nils Schirmer\/Unsplash P\u00e4ivitt\u00e4inen jaloittelu on t\u00e4rke\u00e4\u00e4 Lemmikkien el\u00e4m\u00e4 muuttuu mielenkiintoisemmaksi, jos ne saavat oleskella vapaina asunnossa. P\u00e4ivitt\u00e4inen jaloittelu koko huoneessa tai muussa aitausta isommassa tilassa on t\u00e4rke\u00e4\u00e4 el\u00e4inten hyvinvoinnille. Ennen el\u00e4inten p\u00e4\u00e4st\u00e4mist\u00e4 vapaaksi on varmistettava huolellisesti huoneen turvallisuus. Ovet ja ikkunat suljetaan. Kaappien alustat varmistetaan lattiatasossa kontaten, jotta niiden sokkeleissa ei ole koloja, joihin [&hellip;]\" \/>\n<meta property=\"og:url\" content=\"https:\/\/sey.fi\/lemmikkitieto\/vapaana-huoneessa\/\" \/>\n<meta property=\"og:site_name\" content=\"Lemmikkitieto\" \/>\n<meta property=\"article:modified_time\" content=\"2023-12-07T16:33:29+00:00\" \/>\n<meta property=\"og:image\" content=\"https:\/\/sey.fi\/wp-content\/uploads\/sites\/48\/2023\/12\/sey-lemmikkitieto-vapaana-huoneessa-1024x512.png\" \/>\n\t<meta property=\"og:image:width\" content=\"1024\" \/>\n\t<meta property=\"og:image:height\" content=\"512\" \/>\n\t<meta property=\"og:image:type\" content=\"image\/png\" \/>\n<meta name=\"twitter:card\" content=\"summary_large_image\" \/>\n<meta name=\"twitter:label1\" content=\"Arvioitu lukuaika\" \/>\n\t<meta name=\"twitter:data1\" content=\"5 minuuttia\" \/>\n<script type=\"application\/ld+json\" class=\"yoast-schema-graph\">{\"@context\":\"https:\/\/schema.org\",\"@graph\":[{\"@type\":\"WebPage\",\"@id\":\"https:\/\/sey.fi\/lemmikkitieto\/vapaana-huoneessa\/\",\"url\":\"https:\/\/sey.fi\/lemmikkitieto\/vapaana-huoneessa\/\",\"name\":\"Vapaana huoneessa - Lemmikkitieto\",\"isPartOf\":{\"@id\":\"https:\/\/sey.fi\/lemmikkitieto\/#website\"},\"primaryImageOfPage\":{\"@id\":\"https:\/\/sey.fi\/lemmikkitieto\/vapaana-huoneessa\/#primaryimage\"},\"image\":{\"@id\":\"https:\/\/sey.fi\/lemmikkitieto\/vapaana-huoneessa\/#primaryimage\"},\"thumbnailUrl\":\"https:\/\/sey.fi\/wp-content\/uploads\/sites\/48\/2023\/12\/sey-lemmikkitieto-vapaana-huoneessa.png\",\"datePublished\":\"2019-12-10T17:13:03+00:00\",\"dateModified\":\"2023-12-07T16:33:29+00:00\",\"breadcrumb\":{\"@id\":\"https:\/\/sey.fi\/lemmikkitieto\/vapaana-huoneessa\/#breadcrumb\"},\"inLanguage\":\"fi\",\"potentialAction\":[{\"@type\":\"ReadAction\",\"target\":[\"https:\/\/sey.fi\/lemmikkitieto\/vapaana-huoneessa\/\"]}]},{\"@type\":\"ImageObject\",\"inLanguage\":\"fi\",\"@id\":\"https:\/\/sey.fi\/lemmikkitieto\/vapaana-huoneessa\/#primaryimage\",\"url\":\"https:\/\/sey.fi\/wp-content\/uploads\/sites\/48\/2023\/12\/sey-lemmikkitieto-vapaana-huoneessa.png\",\"contentUrl\":\"https:\/\/sey.fi\/wp-content\/uploads\/sites\/48\/2023\/12\/sey-lemmikkitieto-vapaana-huoneessa.png\",\"width\":1920,\"height\":960,\"caption\":\"punaruskea marsu huoneen lattialla\"},{\"@type\":\"BreadcrumbList\",\"@id\":\"https:\/\/sey.fi\/lemmikkitieto\/vapaana-huoneessa\/#breadcrumb\",\"itemListElement\":[{\"@type\":\"ListItem\",\"position\":1,\"name\":\"Home\",\"item\":\"https:\/\/sey.fi\/lemmikkitieto\/\"},{\"@type\":\"ListItem\",\"position\":2,\"name\":\"Vapaana huoneessa\"}]},{\"@type\":\"WebSite\",\"@id\":\"https:\/\/sey.fi\/lemmikkitieto\/#website\",\"url\":\"https:\/\/sey.fi\/lemmikkitieto\/\",\"name\":\"Lemmikkitieto\",\"description\":\"Uusi SEY Lemmikkitietosivu\",\"potentialAction\":[{\"@type\":\"SearchAction\",\"target\":{\"@type\":\"EntryPoint\",\"urlTemplate\":\"https:\/\/sey.fi\/lemmikkitieto\/?s={search_term_string}\"},\"query-input\":{\"@type\":\"PropertyValueSpecification\",\"valueRequired\":true,\"valueName\":\"search_term_string\"}}],\"inLanguage\":\"fi\"}]}<\/script>\n<!-- \/ Yoast SEO plugin. -->","yoast_head_json":{"title":"Vapaana huoneessa - Lemmikkitieto","robots":{"index":"index","follow":"follow","max-snippet":"max-snippet:-1","max-image-preview":"max-image-preview:large","max-video-preview":"max-video-preview:-1"},"canonical":"https:\/\/sey.fi\/lemmikkitieto\/vapaana-huoneessa\/","og_locale":"fi_FI","og_type":"article","og_title":"Vapaana huoneessa - Lemmikkitieto","og_description":"Kuva: Nils Schirmer\/Unsplash P\u00e4ivitt\u00e4inen jaloittelu on t\u00e4rke\u00e4\u00e4 Lemmikkien el\u00e4m\u00e4 muuttuu mielenkiintoisemmaksi, jos ne saavat oleskella vapaina asunnossa. P\u00e4ivitt\u00e4inen jaloittelu koko huoneessa tai muussa aitausta isommassa tilassa on t\u00e4rke\u00e4\u00e4 el\u00e4inten hyvinvoinnille. Ennen el\u00e4inten p\u00e4\u00e4st\u00e4mist\u00e4 vapaaksi on varmistettava huolellisesti huoneen turvallisuus. Ovet ja ikkunat suljetaan. Kaappien alustat varmistetaan lattiatasossa kontaten, jotta niiden sokkeleissa ei ole koloja, joihin [&hellip;]","og_url":"https:\/\/sey.fi\/lemmikkitieto\/vapaana-huoneessa\/","og_site_name":"Lemmikkitieto","article_modified_time":"2023-12-07T16:33:29+00:00","og_image":[{"width":1024,"height":512,"url":"https:\/\/sey.fi\/wp-content\/uploads\/sites\/48\/2023\/12\/sey-lemmikkitieto-vapaana-huoneessa-1024x512.png","type":"image\/png"}],"twitter_card":"summary_large_image","twitter_misc":{"Arvioitu lukuaika":"5 minuuttia"},"schema":{"@context":"https:\/\/schema.org","@graph":[{"@type":"WebPage","@id":"https:\/\/sey.fi\/lemmikkitieto\/vapaana-huoneessa\/","url":"https:\/\/sey.fi\/lemmikkitieto\/vapaana-huoneessa\/","name":"Vapaana huoneessa - Lemmikkitieto","isPartOf":{"@id":"https:\/\/sey.fi\/lemmikkitieto\/#website"},"primaryImageOfPage":{"@id":"https:\/\/sey.fi\/lemmikkitieto\/vapaana-huoneessa\/#primaryimage"},"image":{"@id":"https:\/\/sey.fi\/lemmikkitieto\/vapaana-huoneessa\/#primaryimage"},"thumbnailUrl":"https:\/\/sey.fi\/wp-content\/uploads\/sites\/48\/2023\/12\/sey-lemmikkitieto-vapaana-huoneessa.png","datePublished":"2019-12-10T17:13:03+00:00","dateModified":"2023-12-07T16:33:29+00:00","breadcrumb":{"@id":"https:\/\/sey.fi\/lemmikkitieto\/vapaana-huoneessa\/#breadcrumb"},"inLanguage":"fi","potentialAction":[{"@type":"ReadAction","target":["https:\/\/sey.fi\/lemmikkitieto\/vapaana-huoneessa\/"]}]},{"@type":"ImageObject","inLanguage":"fi","@id":"https:\/\/sey.fi\/lemmikkitieto\/vapaana-huoneessa\/#primaryimage","url":"https:\/\/sey.fi\/wp-content\/uploads\/sites\/48\/2023\/12\/sey-lemmikkitieto-vapaana-huoneessa.png","contentUrl":"https:\/\/sey.fi\/wp-content\/uploads\/sites\/48\/2023\/12\/sey-lemmikkitieto-vapaana-huoneessa.png","width":1920,"height":960,"caption":"punaruskea marsu huoneen lattialla"},{"@type":"BreadcrumbList","@id":"https:\/\/sey.fi\/lemmikkitieto\/vapaana-huoneessa\/#breadcrumb","itemListElement":[{"@type":"ListItem","position":1,"name":"Home","item":"https:\/\/sey.fi\/lemmikkitieto\/"},{"@type":"ListItem","position":2,"name":"Vapaana huoneessa"}]},{"@type":"WebSite","@id":"https:\/\/sey.fi\/lemmikkitieto\/#website","url":"https:\/\/sey.fi\/lemmikkitieto\/","name":"Lemmikkitieto","description":"Uusi SEY Lemmikkitietosivu","potentialAction":[{"@type":"SearchAction","target":{"@type":"EntryPoint","urlTemplate":"https:\/\/sey.fi\/lemmikkitieto\/?s={search_term_string}"},"query-input":{"@type":"PropertyValueSpecification","valueRequired":true,"valueName":"search_term_string"}}],"inLanguage":"fi"}]}},"_links":{"self":[{"href":"https:\/\/sey.fi\/lemmikkitieto\/wp-json\/wp\/v2\/pages\/83","targetHints":{"allow":["GET"]}}],"collection":[{"href":"https:\/\/sey.fi\/lemmikkitieto\/wp-json\/wp\/v2\/pages"}],"about":[{"href":"https:\/\/sey.fi\/lemmikkitieto\/wp-json\/wp\/v2\/types\/page"}],"author":[{"embeddable":true,"href":"https:\/\/sey.fi\/lemmikkitieto\/wp-json\/wp\/v2\/users\/8"}],"replies":[{"embeddable":true,"href":"https:\/\/sey.fi\/lemmikkitieto\/wp-json\/wp\/v2\/comments?post=83"}],"version-history":[{"count":4,"href":"https:\/\/sey.fi\/lemmikkitieto\/wp-json\/wp\/v2\/pages\/83\/revisions"}],"predecessor-version":[{"id":407,"href":"https:\/\/sey.fi\/lemmikkitieto\/wp-json\/wp\/v2\/pages\/83\/revisions\/407"}],"wp:featuredmedia":[{"embeddable":true,"href":"https:\/\/sey.fi\/lemmikkitieto\/wp-json\/wp\/v2\/media\/406"}],"wp:attachment":[{"href":"https:\/\/sey.fi\/lemmikkitieto\/wp-json\/wp\/v2\/media?parent=83"}],"curies":[{"name":"wp","href":"https:\/\/api.w.org\/{rel}","templated":true}]}}