{"id":86,"date":"2019-12-10T19:14:22","date_gmt":"2019-12-10T17:14:22","guid":{"rendered":"http:\/\/srvr10.xetpoint.com\/~seyfi\/lemmikkitieto\/?page_id=86"},"modified":"2023-12-07T18:31:16","modified_gmt":"2023-12-07T16:31:16","slug":"ulkoilu","status":"publish","type":"page","link":"https:\/\/sey.fi\/lemmikkitieto\/ulkoilu\/","title":{"rendered":"Ulkoilu"},"content":{"rendered":"\n<p><em>Kuva: JackieLou DL\/Pixabay<\/em><\/p>\n\n\n\n<h2 class=\"wp-block-heading\">Enemmist\u00f6 jyrsij\u00f6ist\u00e4 on sis\u00e4lemmikkej\u00e4<\/h2>\n\n\n\n<p>Useimpia pikkulemmikkej\u00e4 ei voi ulkoiluttaa siit\u00e4 syyst\u00e4, ett\u00e4 ne voivat pienin\u00e4 ja vikkelin\u00e4 helposti pujahtaa omille teilleen ja kadota. Jyrsij\u00e4 ei v\u00e4ltt\u00e4m\u00e4tt\u00e4 tule nimelt\u00e4 kutsuttaessa luokse ulkona, vaikka se olisikin opetettu siihen sis\u00e4ll\u00e4.<\/p>\n\n\n\n<p>Osa harrastajista on toisinaan kokeillut jyrsij\u00f6iden pit\u00e4mist\u00e4 kes\u00e4ll\u00e4 nurmikolla aitauksessa, mutta el\u00e4imet kaivautuvat yleens\u00e4 nopeasti ulos sellaisesta. Itsekseen liikkeell\u00e4 oleva pikkujyrsij\u00e4 on helppo saalis monille el\u00e4imille kissoista variksiin, joten t\u00e4llainen ulkoilu on pikkulemmikeille liian vaarallista. Valjaatkaan eiv\u00e4t ole vaaraton ratkaisu n\u00e4in pienille el\u00e4imille, koska niiden luut ovat ohuet ja voivat murtua, jos el\u00e4in pyristelee valjaiden pukemista vastaan.<\/p>\n\n\n\n<p>Lemmikkijyrsij\u00f6ist\u00e4 ainoastaan jotkin rotat kiintyv\u00e4t omistajaansa niin voimakkaasti, ett\u00e4 ne voi ottaa mukaan ulos luottaen siihen, ett\u00e4 ne pysyttelev\u00e4t omistajansa olkap\u00e4\u00e4ll\u00e4. T\u00e4m\u00e4kin edellytt\u00e4\u00e4, ett\u00e4 rotan  kanssa on kotona seurusteltu paljon ja s\u00e4\u00e4nn\u00f6llisesti.<\/p>\n\n\n\n<h2 class=\"wp-block-heading\">Aitaus kaneille tai marsuille<\/h2>\n\n\n\n<p>Kanit ja marsut ovat pikkulemmikeist\u00e4 ainoat, joille voi mielekk\u00e4\u00e4sti laittaa ulkoiluaitauksen omakoti- tai rivitalon pihalle taikka kes\u00e4m\u00f6kille. Marsut ovat erityisen kylm\u00e4narkoja, joten niiden ulkoiluun sopivat vain tyynet kes\u00e4p\u00e4iv\u00e4t, jolloin l\u00e4mp\u00f6tila on suunnilleen 20\u201325 asteen v\u00e4lill\u00e4. Kaneilla on hiukan parempi viileyden sietokyky, mutta niille sopiva ulkoilus\u00e4\u00e4 riippuu siit\u00e4, millaisissa oloissa kani on suurimman osan ajasta.<\/p>\n\n\n\n<p>Sis\u00e4ll\u00e4 huoneenl\u00e4mp\u00f6tilassa asuvilla kaneilla turkin alusvilla pysyy ohuena, joten ne tarkenevat ulkonakin kunnolla vain yli 15 asteen l\u00e4mp\u00f6tiloissa. Jos taas kanit asuvat koko ajan tai suurimman osan ajastaan ulkona, niille alkaa alkusyksyn viiletess\u00e4 kasvaa hiukan l\u00e4mpim\u00e4mpi aluskarva. Ulkonakin asuvat kanit tarvitsevat kuitenkin aina plussan puolella olevan l\u00e4mp\u00f6tilan. Niill\u00e4 on siis oltava vapaa p\u00e4\u00e4sy (esimerkiksi sein\u00e4\u00e4n tehdyn kulkuaukon kautta) l\u00e4mmitettyyn ulkorakennukseen, tai toinen vaihtoehto on ottaa ne syksyn tullen sis\u00e4lle. Suuret l\u00e4mp\u00f6tilanmuutokset ja muutokset ilmankosteudessa saattavat vaikuttaa ep\u00e4suotuisasti kanin herkk\u00e4\u00e4n ruoansulatukseen.<\/p>\n\n\n\n<p>Ennen kev\u00e4\u00e4n tai kes\u00e4n ensimm\u00e4isi\u00e4 ulkoiluja el\u00e4inten ruoansulatus on totutettava tuoreeseen ruohoon. Jos kani tai marsu saa yht\u00e4kki\u00e4 sy\u00f6d\u00e4kseen suuren m\u00e4\u00e4r\u00e4n tuoretta ruohoa, se voi saada jopa hengenvaarallisia vatsavaivoja. Siksi tuoretta ruohoa tuodaan niille ensin viikon-parin verran sis\u00e4lle, aluksi vain hiukan ja p\u00e4iv\u00e4 p\u00e4iv\u00e4lt\u00e4 v\u00e4hitellen enemm\u00e4n, ennen kuin el\u00e4imet vied\u00e4\u00e4n ulkoaitaukseen.<\/p>\n\n\n\n<p>Sek\u00e4 yksitt\u00e4isin\u00e4 kes\u00e4p\u00e4ivin\u00e4 k\u00e4ytettyyn ett\u00e4 vakituisesti asuttuun aitaukseen tarvitaan el\u00e4imille hyv\u00e4t suojat s\u00e4it\u00e4 ja petoja vastaan. Sein\u00e4t ja katto tehd\u00e4\u00e4n metalliverkosta, jotta ohikulkevat kissat ja muut el\u00e4imet eiv\u00e4t p\u00e4\u00e4se sis\u00e4\u00e4n. Iso katos suojaa auringolta ja sateelta, umpinainen kuivahein\u00e4ll\u00e4 sisustettu pes\u00e4koppi puolestaan tuulelta. Juomavett\u00e4 pidet\u00e4\u00e4n luonnollisesti aina tarjolla.<\/p>\n\n\n\n<p>Marsut eiv\u00e4t kaiva. Niiden aitauksen seinien alareunojen osalta siis riitt\u00e4\u00e4, ett\u00e4 reuna on sen verran tiiviisti maata vasten, ett\u00e4 sen alta ei mahdu pujahtamaan ulos.<\/p>\n\n\n\n<p>Kanien uloskaivautumisen ehk\u00e4isemiseksi aitaverkko upotetaan noin 30 cm syvyydelt\u00e4 maahan. Mit\u00e4 suurempi aitaus on, sit\u00e4 ep\u00e4todenn\u00e4k\u00f6isemp\u00e4\u00e4 on, ett\u00e4 kanit yritt\u00e4v\u00e4t kaivautua sielt\u00e4 ulos. Onkin sanottu, ett\u00e4 kaniaitauksen tiet\u00e4\u00e4 olevan tarpeeksi iso silloin, kun kanit eiv\u00e4t yrit\u00e4 pois sielt\u00e4. Esimerkiksi 10 x 10 metri\u00e4 on jo sen verran viihtyis\u00e4 aitaus, ett\u00e4 kanit pysyv\u00e4t yleens\u00e4 hyvin sen sis\u00e4puolella.<\/p>\n\n\n\n<p>Kanien osalta toinen mahdollisuus on tehd\u00e4 aitauksen pohja kanaverkosta tai muusta harvasta metalliverkosta, jolloin ne voivat sy\u00f6d\u00e4 ruohoa sen l\u00e4pi ja aitausta voi siirt\u00e4\u00e4, kun ruoho on sy\u00f6ty v\u00e4hiin. T\u00e4llainen aitaus on parempi kuin pieni kanih\u00e4kki sis\u00e4tiloissa, mutta sen varjopuolena on, ett\u00e4 kanit eiv\u00e4t p\u00e4\u00e4se kaivamaan.<\/p>\n\n\n\n<h2 class=\"wp-block-heading\">Valjaat kaneille<\/h2>\n\n\n\n<p>Jos kani suhtautuu luottavaisesti sek\u00e4 omistajaansa ett\u00e4 ulkomaailman \u00e4\u00e4niin, valjaissa ulkoileminen antaa kerrostalossakin asuvalle kanille mahdollisuuden k\u00e4yd\u00e4 nuuhkimassa ulkoilmaa. Valjaiksi kannattaa hankkia nimenomaan kanille tarkoitetut valjaat eik\u00e4 esimerkiksi kissanvaljaita. Kanin ruumiinmuodon mukaan suunnitellut valjaat ovat mukavammat ja pysyv\u00e4t luotettavammin p\u00e4\u00e4ll\u00e4.<\/p>\n\n\n\n<p>Jos kani ei ole aikaisemmin ollut valjaissa, k\u00e4tev\u00e4 keino totuttaa kani niiden pukemiseen on antaa sen samanaikaisesti sy\u00f6d\u00e4 herkkuruokaansa. Kun kani suhtautuu hyvin valjaisiin sis\u00e4tiloissa, voi sen kokeilla vied\u00e4 ulos valjaissa. Ulos ment\u00e4ess\u00e4 valitaan mets\u00e4st\u00e4 tai niitylt\u00e4 rauhallinen paikka, jossa ei ole irrallaan juoksevia koiria ja josta on v\u00e4hint\u00e4\u00e4n sata metri\u00e4 vilkasliikenteiselle tielle. N\u00e4in kanin maistelemissa kasveissa ei ole liikaa autojen pakokaasujen sis\u00e4lt\u00e4mi\u00e4 raskasmetalleja.<\/p>\n\n\n\n<p>Kanin kanssa ulkoileminen tapahtuu kanin ehdoilla, mik\u00e4 tarkoittaa, ett\u00e4 ihmisen n\u00e4k\u00f6kulmasta se on melko tapahtumak\u00f6yh\u00e4\u00e4. Kania ei voi opettaa seuraamaan hihnassa. Ulkoiluttajan teht\u00e4v\u00e4n\u00e4 on seurata tai seisoskella kanin mukana, kun se hyp\u00e4htelee v\u00e4lill\u00e4 eteenp\u00e4in ja pys\u00e4htyy v\u00e4lill\u00e4 sy\u00f6m\u00e4\u00e4n. Jos kani pyrkii menem\u00e4\u00e4n sellaiseen suuntaan, mihin se ei saa menn\u00e4, hihnasta vet\u00e4minen ei hy\u00f6dyt\u00e4, vaan kani nostetaan syliin ja kannetaan parempaan paikkaan.<\/p>\n\n\n\n<p>Kanit suhtautuvat ulkoiluun yksil\u00f6llisesti. Jotkut kanit ovat uteliaan kiinnostuneita, toiset pelokkaita. Jos kani viel\u00e4 muutaman ulkoilukerran j\u00e4lkeenkin vain kyyh\u00f6tt\u00e4\u00e4 paikoillaan, ulkoilu saattaa tuntua siit\u00e4 liian j\u00e4nnitt\u00e4v\u00e4lt\u00e4. T\u00e4ll\u00f6in on parempi j\u00e4rjest\u00e4\u00e4 kanille lis\u00e4\u00e4 virikkeit\u00e4 sis\u00e4tiloissa. Hyv\u00e4 vaihtoehto on istuttaa nurmea saviastiaan ja tuoda se kanille sy\u00f6t\u00e4v\u00e4ksi ja kaiveltavaksi.<\/p>\n","protected":false},"excerpt":{"rendered":"<p>Kuva: JackieLou DL\/Pixabay Enemmist\u00f6 jyrsij\u00f6ist\u00e4 on sis\u00e4lemmikkej\u00e4 Useimpia pikkulemmikkej\u00e4 ei voi ulkoiluttaa siit\u00e4 syyst\u00e4, ett\u00e4 ne voivat pienin\u00e4 ja vikkelin\u00e4 helposti pujahtaa omille teilleen ja kadota. Jyrsij\u00e4 ei v\u00e4ltt\u00e4m\u00e4tt\u00e4 tule nimelt\u00e4 kutsuttaessa luokse ulkona, vaikka se olisikin opetettu siihen sis\u00e4ll\u00e4. Osa harrastajista on toisinaan kokeillut jyrsij\u00f6iden pit\u00e4mist\u00e4 kes\u00e4ll\u00e4 nurmikolla aitauksessa, mutta el\u00e4imet kaivautuvat yleens\u00e4 nopeasti [&hellip;]<\/p>\n","protected":false},"author":8,"featured_media":404,"parent":0,"menu_order":0,"comment_status":"closed","ping_status":"closed","template":"","meta":{"_acf_changed":false,"footnotes":""},"class_list":["post-86","page","type-page","status-publish","has-post-thumbnail","hentry"],"acf":[],"yoast_head":"<!-- This site is optimized with the Yoast SEO plugin v27.1.1 - https:\/\/yoast.com\/product\/yoast-seo-wordpress\/ -->\n<title>Ulkoilu - Lemmikkitieto<\/title>\n<meta name=\"robots\" content=\"index, follow, max-snippet:-1, max-image-preview:large, max-video-preview:-1\" \/>\n<link rel=\"canonical\" href=\"https:\/\/sey.fi\/lemmikkitieto\/ulkoilu\/\" \/>\n<meta property=\"og:locale\" content=\"fi_FI\" \/>\n<meta property=\"og:type\" content=\"article\" \/>\n<meta property=\"og:title\" content=\"Ulkoilu - Lemmikkitieto\" \/>\n<meta property=\"og:description\" content=\"Kuva: JackieLou DL\/Pixabay Enemmist\u00f6 jyrsij\u00f6ist\u00e4 on sis\u00e4lemmikkej\u00e4 Useimpia pikkulemmikkej\u00e4 ei voi ulkoiluttaa siit\u00e4 syyst\u00e4, ett\u00e4 ne voivat pienin\u00e4 ja vikkelin\u00e4 helposti pujahtaa omille teilleen ja kadota. Jyrsij\u00e4 ei v\u00e4ltt\u00e4m\u00e4tt\u00e4 tule nimelt\u00e4 kutsuttaessa luokse ulkona, vaikka se olisikin opetettu siihen sis\u00e4ll\u00e4. Osa harrastajista on toisinaan kokeillut jyrsij\u00f6iden pit\u00e4mist\u00e4 kes\u00e4ll\u00e4 nurmikolla aitauksessa, mutta el\u00e4imet kaivautuvat yleens\u00e4 nopeasti [&hellip;]\" \/>\n<meta property=\"og:url\" content=\"https:\/\/sey.fi\/lemmikkitieto\/ulkoilu\/\" \/>\n<meta property=\"og:site_name\" content=\"Lemmikkitieto\" \/>\n<meta property=\"article:modified_time\" content=\"2023-12-07T16:31:16+00:00\" \/>\n<meta property=\"og:image\" content=\"https:\/\/sey.fi\/wp-content\/uploads\/sites\/48\/2023\/12\/sey-lemmikkitieto-ulkoilu-1024x512.png\" \/>\n\t<meta property=\"og:image:width\" content=\"1024\" \/>\n\t<meta property=\"og:image:height\" content=\"512\" \/>\n\t<meta property=\"og:image:type\" content=\"image\/png\" \/>\n<meta name=\"twitter:card\" content=\"summary_large_image\" \/>\n<meta name=\"twitter:label1\" content=\"Arvioitu lukuaika\" \/>\n\t<meta name=\"twitter:data1\" content=\"5 minuuttia\" \/>\n<script type=\"application\/ld+json\" class=\"yoast-schema-graph\">{\"@context\":\"https:\/\/schema.org\",\"@graph\":[{\"@type\":\"WebPage\",\"@id\":\"https:\/\/sey.fi\/lemmikkitieto\/ulkoilu\/\",\"url\":\"https:\/\/sey.fi\/lemmikkitieto\/ulkoilu\/\",\"name\":\"Ulkoilu - Lemmikkitieto\",\"isPartOf\":{\"@id\":\"https:\/\/sey.fi\/lemmikkitieto\/#website\"},\"primaryImageOfPage\":{\"@id\":\"https:\/\/sey.fi\/lemmikkitieto\/ulkoilu\/#primaryimage\"},\"image\":{\"@id\":\"https:\/\/sey.fi\/lemmikkitieto\/ulkoilu\/#primaryimage\"},\"thumbnailUrl\":\"https:\/\/sey.fi\/wp-content\/uploads\/sites\/48\/2023\/12\/sey-lemmikkitieto-ulkoilu.png\",\"datePublished\":\"2019-12-10T17:14:22+00:00\",\"dateModified\":\"2023-12-07T16:31:16+00:00\",\"breadcrumb\":{\"@id\":\"https:\/\/sey.fi\/lemmikkitieto\/ulkoilu\/#breadcrumb\"},\"inLanguage\":\"fi\",\"potentialAction\":[{\"@type\":\"ReadAction\",\"target\":[\"https:\/\/sey.fi\/lemmikkitieto\/ulkoilu\/\"]}]},{\"@type\":\"ImageObject\",\"inLanguage\":\"fi\",\"@id\":\"https:\/\/sey.fi\/lemmikkitieto\/ulkoilu\/#primaryimage\",\"url\":\"https:\/\/sey.fi\/wp-content\/uploads\/sites\/48\/2023\/12\/sey-lemmikkitieto-ulkoilu.png\",\"contentUrl\":\"https:\/\/sey.fi\/wp-content\/uploads\/sites\/48\/2023\/12\/sey-lemmikkitieto-ulkoilu.png\",\"width\":1920,\"height\":960,\"caption\":\"ruskeavalkoinen kani ulkotarhassa\"},{\"@type\":\"BreadcrumbList\",\"@id\":\"https:\/\/sey.fi\/lemmikkitieto\/ulkoilu\/#breadcrumb\",\"itemListElement\":[{\"@type\":\"ListItem\",\"position\":1,\"name\":\"Home\",\"item\":\"https:\/\/sey.fi\/lemmikkitieto\/\"},{\"@type\":\"ListItem\",\"position\":2,\"name\":\"Ulkoilu\"}]},{\"@type\":\"WebSite\",\"@id\":\"https:\/\/sey.fi\/lemmikkitieto\/#website\",\"url\":\"https:\/\/sey.fi\/lemmikkitieto\/\",\"name\":\"Lemmikkitieto\",\"description\":\"Uusi SEY Lemmikkitietosivu\",\"potentialAction\":[{\"@type\":\"SearchAction\",\"target\":{\"@type\":\"EntryPoint\",\"urlTemplate\":\"https:\/\/sey.fi\/lemmikkitieto\/?s={search_term_string}\"},\"query-input\":{\"@type\":\"PropertyValueSpecification\",\"valueRequired\":true,\"valueName\":\"search_term_string\"}}],\"inLanguage\":\"fi\"}]}<\/script>\n<!-- \/ Yoast SEO plugin. -->","yoast_head_json":{"title":"Ulkoilu - Lemmikkitieto","robots":{"index":"index","follow":"follow","max-snippet":"max-snippet:-1","max-image-preview":"max-image-preview:large","max-video-preview":"max-video-preview:-1"},"canonical":"https:\/\/sey.fi\/lemmikkitieto\/ulkoilu\/","og_locale":"fi_FI","og_type":"article","og_title":"Ulkoilu - Lemmikkitieto","og_description":"Kuva: JackieLou DL\/Pixabay Enemmist\u00f6 jyrsij\u00f6ist\u00e4 on sis\u00e4lemmikkej\u00e4 Useimpia pikkulemmikkej\u00e4 ei voi ulkoiluttaa siit\u00e4 syyst\u00e4, ett\u00e4 ne voivat pienin\u00e4 ja vikkelin\u00e4 helposti pujahtaa omille teilleen ja kadota. Jyrsij\u00e4 ei v\u00e4ltt\u00e4m\u00e4tt\u00e4 tule nimelt\u00e4 kutsuttaessa luokse ulkona, vaikka se olisikin opetettu siihen sis\u00e4ll\u00e4. Osa harrastajista on toisinaan kokeillut jyrsij\u00f6iden pit\u00e4mist\u00e4 kes\u00e4ll\u00e4 nurmikolla aitauksessa, mutta el\u00e4imet kaivautuvat yleens\u00e4 nopeasti [&hellip;]","og_url":"https:\/\/sey.fi\/lemmikkitieto\/ulkoilu\/","og_site_name":"Lemmikkitieto","article_modified_time":"2023-12-07T16:31:16+00:00","og_image":[{"width":1024,"height":512,"url":"https:\/\/sey.fi\/wp-content\/uploads\/sites\/48\/2023\/12\/sey-lemmikkitieto-ulkoilu-1024x512.png","type":"image\/png"}],"twitter_card":"summary_large_image","twitter_misc":{"Arvioitu lukuaika":"5 minuuttia"},"schema":{"@context":"https:\/\/schema.org","@graph":[{"@type":"WebPage","@id":"https:\/\/sey.fi\/lemmikkitieto\/ulkoilu\/","url":"https:\/\/sey.fi\/lemmikkitieto\/ulkoilu\/","name":"Ulkoilu - Lemmikkitieto","isPartOf":{"@id":"https:\/\/sey.fi\/lemmikkitieto\/#website"},"primaryImageOfPage":{"@id":"https:\/\/sey.fi\/lemmikkitieto\/ulkoilu\/#primaryimage"},"image":{"@id":"https:\/\/sey.fi\/lemmikkitieto\/ulkoilu\/#primaryimage"},"thumbnailUrl":"https:\/\/sey.fi\/wp-content\/uploads\/sites\/48\/2023\/12\/sey-lemmikkitieto-ulkoilu.png","datePublished":"2019-12-10T17:14:22+00:00","dateModified":"2023-12-07T16:31:16+00:00","breadcrumb":{"@id":"https:\/\/sey.fi\/lemmikkitieto\/ulkoilu\/#breadcrumb"},"inLanguage":"fi","potentialAction":[{"@type":"ReadAction","target":["https:\/\/sey.fi\/lemmikkitieto\/ulkoilu\/"]}]},{"@type":"ImageObject","inLanguage":"fi","@id":"https:\/\/sey.fi\/lemmikkitieto\/ulkoilu\/#primaryimage","url":"https:\/\/sey.fi\/wp-content\/uploads\/sites\/48\/2023\/12\/sey-lemmikkitieto-ulkoilu.png","contentUrl":"https:\/\/sey.fi\/wp-content\/uploads\/sites\/48\/2023\/12\/sey-lemmikkitieto-ulkoilu.png","width":1920,"height":960,"caption":"ruskeavalkoinen kani ulkotarhassa"},{"@type":"BreadcrumbList","@id":"https:\/\/sey.fi\/lemmikkitieto\/ulkoilu\/#breadcrumb","itemListElement":[{"@type":"ListItem","position":1,"name":"Home","item":"https:\/\/sey.fi\/lemmikkitieto\/"},{"@type":"ListItem","position":2,"name":"Ulkoilu"}]},{"@type":"WebSite","@id":"https:\/\/sey.fi\/lemmikkitieto\/#website","url":"https:\/\/sey.fi\/lemmikkitieto\/","name":"Lemmikkitieto","description":"Uusi SEY Lemmikkitietosivu","potentialAction":[{"@type":"SearchAction","target":{"@type":"EntryPoint","urlTemplate":"https:\/\/sey.fi\/lemmikkitieto\/?s={search_term_string}"},"query-input":{"@type":"PropertyValueSpecification","valueRequired":true,"valueName":"search_term_string"}}],"inLanguage":"fi"}]}},"_links":{"self":[{"href":"https:\/\/sey.fi\/lemmikkitieto\/wp-json\/wp\/v2\/pages\/86","targetHints":{"allow":["GET"]}}],"collection":[{"href":"https:\/\/sey.fi\/lemmikkitieto\/wp-json\/wp\/v2\/pages"}],"about":[{"href":"https:\/\/sey.fi\/lemmikkitieto\/wp-json\/wp\/v2\/types\/page"}],"author":[{"embeddable":true,"href":"https:\/\/sey.fi\/lemmikkitieto\/wp-json\/wp\/v2\/users\/8"}],"replies":[{"embeddable":true,"href":"https:\/\/sey.fi\/lemmikkitieto\/wp-json\/wp\/v2\/comments?post=86"}],"version-history":[{"count":5,"href":"https:\/\/sey.fi\/lemmikkitieto\/wp-json\/wp\/v2\/pages\/86\/revisions"}],"predecessor-version":[{"id":405,"href":"https:\/\/sey.fi\/lemmikkitieto\/wp-json\/wp\/v2\/pages\/86\/revisions\/405"}],"wp:featuredmedia":[{"embeddable":true,"href":"https:\/\/sey.fi\/lemmikkitieto\/wp-json\/wp\/v2\/media\/404"}],"wp:attachment":[{"href":"https:\/\/sey.fi\/lemmikkitieto\/wp-json\/wp\/v2\/media?parent=86"}],"curies":[{"name":"wp","href":"https:\/\/api.w.org\/{rel}","templated":true}]}}