{"id":89,"date":"2019-12-10T19:15:41","date_gmt":"2019-12-10T17:15:41","guid":{"rendered":"http:\/\/srvr10.xetpoint.com\/~seyfi\/lemmikkitieto\/?page_id=89"},"modified":"2023-12-07T17:16:42","modified_gmt":"2023-12-07T15:16:42","slug":"hoito","status":"publish","type":"page","link":"https:\/\/sey.fi\/lemmikkitieto\/hoito\/","title":{"rendered":"Hoito"},"content":{"rendered":"\n<p><em>Kuva: Tom\/Pixabay<\/em><\/p>\n\n\n\n<p>Kun el\u00e4in saa el\u00e4\u00e4 terveen\u00e4 tilavissa, virikkeellisiss\u00e4 oloissa, saa sy\u00f6d\u00e4kseen sille sopivaa ravintoa ja p\u00e4\u00e4see puuhaamaan lajikumppaniensa kanssa, sen puuhailusta tulee hauskempaa seurattavaa omistajallekin.<\/p>\n\n\n\n<p>Useimmat lemmikkein\u00e4 pidett\u00e4v\u00e4t el\u00e4inlajit ovat yhdyskuntael\u00e4imi\u00e4. Esimerkiksi kanit ja rotat el\u00e4v\u00e4t luonnossa yhdyskunnissa, joissa voi olla kymmeni\u00e4 el\u00e4imi\u00e4. Kotonakin ne viihtyv\u00e4t hyvin vain silloin, jos niill\u00e4 on seuranaan v\u00e4hint\u00e4\u00e4n yksi samanlajinen kaveri.<\/p>\n\n\n\n<p>Kaikkia pikkulemmikkej\u00e4 on k\u00e4sitelt\u00e4v\u00e4 varovasti. El\u00e4int\u00e4 ei saa puristaa kovasti, eik\u00e4 sit\u00e4 saa p\u00e4\u00e4st\u00e4\u00e4 putoamaan. Oman el\u00e4inlajin erityispiirteiden tunteminen on avain my\u00f6s oikeaan ruokintaan. Ei ole olemassa yleisp\u00e4tev\u00e4\u00e4 \u201djyrsij\u00e4n- ja kaninruokaa\u201d, vaan jokaisella lajilla on jossain m\u00e4\u00e4rin erilainen ravinnontarve.<\/p>\n\n\n\n<p>Pikkulemmikkien sairauksia on vuosikymmenten mittaan opittu hoitamaan yh\u00e4 paremmin. Pienenkin lemmikin sairastuessa sit\u00e4 on siis usein mahdollista auttaa. Sairastunut el\u00e4in \u2013 el\u00e4imen koosta riippumatta \u2013 tulee aina vied\u00e4 el\u00e4inl\u00e4\u00e4k\u00e4riin.<\/p>\n","protected":false},"excerpt":{"rendered":"<p>Kuva: Tom\/Pixabay Kun el\u00e4in saa el\u00e4\u00e4 terveen\u00e4 tilavissa, virikkeellisiss\u00e4 oloissa, saa sy\u00f6d\u00e4kseen sille sopivaa ravintoa ja p\u00e4\u00e4see puuhaamaan lajikumppaniensa kanssa, sen puuhailusta tulee hauskempaa seurattavaa omistajallekin. Useimmat lemmikkein\u00e4 pidett\u00e4v\u00e4t el\u00e4inlajit ovat yhdyskuntael\u00e4imi\u00e4. Esimerkiksi kanit ja rotat el\u00e4v\u00e4t luonnossa yhdyskunnissa, joissa voi olla kymmeni\u00e4 el\u00e4imi\u00e4. Kotonakin ne viihtyv\u00e4t hyvin vain silloin, jos niill\u00e4 on seuranaan v\u00e4hint\u00e4\u00e4n [&hellip;]<\/p>\n","protected":false},"author":8,"featured_media":375,"parent":0,"menu_order":0,"comment_status":"closed","ping_status":"closed","template":"","meta":{"_acf_changed":false,"footnotes":""},"class_list":["post-89","page","type-page","status-publish","has-post-thumbnail","hentry"],"acf":[],"yoast_head":"<!-- This site is optimized with the Yoast SEO plugin v27.1.1 - https:\/\/yoast.com\/product\/yoast-seo-wordpress\/ -->\n<title>Hoito - Lemmikkitieto<\/title>\n<meta name=\"robots\" content=\"index, follow, max-snippet:-1, max-image-preview:large, max-video-preview:-1\" \/>\n<link rel=\"canonical\" href=\"https:\/\/sey.fi\/lemmikkitieto\/hoito\/\" \/>\n<meta property=\"og:locale\" content=\"fi_FI\" \/>\n<meta property=\"og:type\" content=\"article\" \/>\n<meta property=\"og:title\" content=\"Hoito - Lemmikkitieto\" \/>\n<meta property=\"og:description\" content=\"Kuva: Tom\/Pixabay Kun el\u00e4in saa el\u00e4\u00e4 terveen\u00e4 tilavissa, virikkeellisiss\u00e4 oloissa, saa sy\u00f6d\u00e4kseen sille sopivaa ravintoa ja p\u00e4\u00e4see puuhaamaan lajikumppaniensa kanssa, sen puuhailusta tulee hauskempaa seurattavaa omistajallekin. Useimmat lemmikkein\u00e4 pidett\u00e4v\u00e4t el\u00e4inlajit ovat yhdyskuntael\u00e4imi\u00e4. Esimerkiksi kanit ja rotat el\u00e4v\u00e4t luonnossa yhdyskunnissa, joissa voi olla kymmeni\u00e4 el\u00e4imi\u00e4. Kotonakin ne viihtyv\u00e4t hyvin vain silloin, jos niill\u00e4 on seuranaan v\u00e4hint\u00e4\u00e4n [&hellip;]\" \/>\n<meta property=\"og:url\" content=\"https:\/\/sey.fi\/lemmikkitieto\/hoito\/\" \/>\n<meta property=\"og:site_name\" content=\"Lemmikkitieto\" \/>\n<meta property=\"article:modified_time\" content=\"2023-12-07T15:16:42+00:00\" \/>\n<meta property=\"og:image\" content=\"https:\/\/sey.fi\/wp-content\/uploads\/sites\/48\/2023\/12\/sey-lemmikkitieto-hoito-1024x512.png\" \/>\n\t<meta property=\"og:image:width\" content=\"1024\" \/>\n\t<meta property=\"og:image:height\" content=\"512\" \/>\n\t<meta property=\"og:image:type\" content=\"image\/png\" \/>\n<meta name=\"twitter:card\" content=\"summary_large_image\" \/>\n<meta name=\"twitter:label1\" content=\"Arvioitu lukuaika\" \/>\n\t<meta name=\"twitter:data1\" content=\"1 minuutti\" \/>\n<script type=\"application\/ld+json\" class=\"yoast-schema-graph\">{\"@context\":\"https:\/\/schema.org\",\"@graph\":[{\"@type\":\"WebPage\",\"@id\":\"https:\/\/sey.fi\/lemmikkitieto\/hoito\/\",\"url\":\"https:\/\/sey.fi\/lemmikkitieto\/hoito\/\",\"name\":\"Hoito - Lemmikkitieto\",\"isPartOf\":{\"@id\":\"https:\/\/sey.fi\/lemmikkitieto\/#website\"},\"primaryImageOfPage\":{\"@id\":\"https:\/\/sey.fi\/lemmikkitieto\/hoito\/#primaryimage\"},\"image\":{\"@id\":\"https:\/\/sey.fi\/lemmikkitieto\/hoito\/#primaryimage\"},\"thumbnailUrl\":\"https:\/\/sey.fi\/wp-content\/uploads\/sites\/48\/2023\/12\/sey-lemmikkitieto-hoito.png\",\"datePublished\":\"2019-12-10T17:15:41+00:00\",\"dateModified\":\"2023-12-07T15:16:42+00:00\",\"breadcrumb\":{\"@id\":\"https:\/\/sey.fi\/lemmikkitieto\/hoito\/#breadcrumb\"},\"inLanguage\":\"fi\",\"potentialAction\":[{\"@type\":\"ReadAction\",\"target\":[\"https:\/\/sey.fi\/lemmikkitieto\/hoito\/\"]}]},{\"@type\":\"ImageObject\",\"inLanguage\":\"fi\",\"@id\":\"https:\/\/sey.fi\/lemmikkitieto\/hoito\/#primaryimage\",\"url\":\"https:\/\/sey.fi\/wp-content\/uploads\/sites\/48\/2023\/12\/sey-lemmikkitieto-hoito.png\",\"contentUrl\":\"https:\/\/sey.fi\/wp-content\/uploads\/sites\/48\/2023\/12\/sey-lemmikkitieto-hoito.png\",\"width\":1920,\"height\":960,\"caption\":\"ruskeavalkoinen marsu kurkistaa suojam\u00f6kkins\u00e4 ovelta\"},{\"@type\":\"BreadcrumbList\",\"@id\":\"https:\/\/sey.fi\/lemmikkitieto\/hoito\/#breadcrumb\",\"itemListElement\":[{\"@type\":\"ListItem\",\"position\":1,\"name\":\"Home\",\"item\":\"https:\/\/sey.fi\/lemmikkitieto\/\"},{\"@type\":\"ListItem\",\"position\":2,\"name\":\"Hoito\"}]},{\"@type\":\"WebSite\",\"@id\":\"https:\/\/sey.fi\/lemmikkitieto\/#website\",\"url\":\"https:\/\/sey.fi\/lemmikkitieto\/\",\"name\":\"Lemmikkitieto\",\"description\":\"Uusi SEY Lemmikkitietosivu\",\"potentialAction\":[{\"@type\":\"SearchAction\",\"target\":{\"@type\":\"EntryPoint\",\"urlTemplate\":\"https:\/\/sey.fi\/lemmikkitieto\/?s={search_term_string}\"},\"query-input\":{\"@type\":\"PropertyValueSpecification\",\"valueRequired\":true,\"valueName\":\"search_term_string\"}}],\"inLanguage\":\"fi\"}]}<\/script>\n<!-- \/ Yoast SEO plugin. -->","yoast_head_json":{"title":"Hoito - Lemmikkitieto","robots":{"index":"index","follow":"follow","max-snippet":"max-snippet:-1","max-image-preview":"max-image-preview:large","max-video-preview":"max-video-preview:-1"},"canonical":"https:\/\/sey.fi\/lemmikkitieto\/hoito\/","og_locale":"fi_FI","og_type":"article","og_title":"Hoito - Lemmikkitieto","og_description":"Kuva: Tom\/Pixabay Kun el\u00e4in saa el\u00e4\u00e4 terveen\u00e4 tilavissa, virikkeellisiss\u00e4 oloissa, saa sy\u00f6d\u00e4kseen sille sopivaa ravintoa ja p\u00e4\u00e4see puuhaamaan lajikumppaniensa kanssa, sen puuhailusta tulee hauskempaa seurattavaa omistajallekin. Useimmat lemmikkein\u00e4 pidett\u00e4v\u00e4t el\u00e4inlajit ovat yhdyskuntael\u00e4imi\u00e4. Esimerkiksi kanit ja rotat el\u00e4v\u00e4t luonnossa yhdyskunnissa, joissa voi olla kymmeni\u00e4 el\u00e4imi\u00e4. Kotonakin ne viihtyv\u00e4t hyvin vain silloin, jos niill\u00e4 on seuranaan v\u00e4hint\u00e4\u00e4n [&hellip;]","og_url":"https:\/\/sey.fi\/lemmikkitieto\/hoito\/","og_site_name":"Lemmikkitieto","article_modified_time":"2023-12-07T15:16:42+00:00","og_image":[{"width":1024,"height":512,"url":"https:\/\/sey.fi\/wp-content\/uploads\/sites\/48\/2023\/12\/sey-lemmikkitieto-hoito-1024x512.png","type":"image\/png"}],"twitter_card":"summary_large_image","twitter_misc":{"Arvioitu lukuaika":"1 minuutti"},"schema":{"@context":"https:\/\/schema.org","@graph":[{"@type":"WebPage","@id":"https:\/\/sey.fi\/lemmikkitieto\/hoito\/","url":"https:\/\/sey.fi\/lemmikkitieto\/hoito\/","name":"Hoito - Lemmikkitieto","isPartOf":{"@id":"https:\/\/sey.fi\/lemmikkitieto\/#website"},"primaryImageOfPage":{"@id":"https:\/\/sey.fi\/lemmikkitieto\/hoito\/#primaryimage"},"image":{"@id":"https:\/\/sey.fi\/lemmikkitieto\/hoito\/#primaryimage"},"thumbnailUrl":"https:\/\/sey.fi\/wp-content\/uploads\/sites\/48\/2023\/12\/sey-lemmikkitieto-hoito.png","datePublished":"2019-12-10T17:15:41+00:00","dateModified":"2023-12-07T15:16:42+00:00","breadcrumb":{"@id":"https:\/\/sey.fi\/lemmikkitieto\/hoito\/#breadcrumb"},"inLanguage":"fi","potentialAction":[{"@type":"ReadAction","target":["https:\/\/sey.fi\/lemmikkitieto\/hoito\/"]}]},{"@type":"ImageObject","inLanguage":"fi","@id":"https:\/\/sey.fi\/lemmikkitieto\/hoito\/#primaryimage","url":"https:\/\/sey.fi\/wp-content\/uploads\/sites\/48\/2023\/12\/sey-lemmikkitieto-hoito.png","contentUrl":"https:\/\/sey.fi\/wp-content\/uploads\/sites\/48\/2023\/12\/sey-lemmikkitieto-hoito.png","width":1920,"height":960,"caption":"ruskeavalkoinen marsu kurkistaa suojam\u00f6kkins\u00e4 ovelta"},{"@type":"BreadcrumbList","@id":"https:\/\/sey.fi\/lemmikkitieto\/hoito\/#breadcrumb","itemListElement":[{"@type":"ListItem","position":1,"name":"Home","item":"https:\/\/sey.fi\/lemmikkitieto\/"},{"@type":"ListItem","position":2,"name":"Hoito"}]},{"@type":"WebSite","@id":"https:\/\/sey.fi\/lemmikkitieto\/#website","url":"https:\/\/sey.fi\/lemmikkitieto\/","name":"Lemmikkitieto","description":"Uusi SEY Lemmikkitietosivu","potentialAction":[{"@type":"SearchAction","target":{"@type":"EntryPoint","urlTemplate":"https:\/\/sey.fi\/lemmikkitieto\/?s={search_term_string}"},"query-input":{"@type":"PropertyValueSpecification","valueRequired":true,"valueName":"search_term_string"}}],"inLanguage":"fi"}]}},"_links":{"self":[{"href":"https:\/\/sey.fi\/lemmikkitieto\/wp-json\/wp\/v2\/pages\/89","targetHints":{"allow":["GET"]}}],"collection":[{"href":"https:\/\/sey.fi\/lemmikkitieto\/wp-json\/wp\/v2\/pages"}],"about":[{"href":"https:\/\/sey.fi\/lemmikkitieto\/wp-json\/wp\/v2\/types\/page"}],"author":[{"embeddable":true,"href":"https:\/\/sey.fi\/lemmikkitieto\/wp-json\/wp\/v2\/users\/8"}],"replies":[{"embeddable":true,"href":"https:\/\/sey.fi\/lemmikkitieto\/wp-json\/wp\/v2\/comments?post=89"}],"version-history":[{"count":3,"href":"https:\/\/sey.fi\/lemmikkitieto\/wp-json\/wp\/v2\/pages\/89\/revisions"}],"predecessor-version":[{"id":376,"href":"https:\/\/sey.fi\/lemmikkitieto\/wp-json\/wp\/v2\/pages\/89\/revisions\/376"}],"wp:featuredmedia":[{"embeddable":true,"href":"https:\/\/sey.fi\/lemmikkitieto\/wp-json\/wp\/v2\/media\/375"}],"wp:attachment":[{"href":"https:\/\/sey.fi\/lemmikkitieto\/wp-json\/wp\/v2\/media?parent=89"}],"curies":[{"name":"wp","href":"https:\/\/api.w.org\/{rel}","templated":true}]}}