{"id":96,"date":"2019-12-10T19:20:00","date_gmt":"2019-12-10T17:20:00","guid":{"rendered":"http:\/\/srvr10.xetpoint.com\/~seyfi\/lemmikkitieto\/?page_id=96"},"modified":"2023-12-07T17:29:40","modified_gmt":"2023-12-07T15:29:40","slug":"kasittely","status":"publish","type":"page","link":"https:\/\/sey.fi\/lemmikkitieto\/kasittely\/","title":{"rendered":"K\u00e4sittely"},"content":{"rendered":"\n<p><em>Kuva: Emma-Etelka Kozma\/Pixabay<\/em><\/p>\n\n\n\n<h2 class=\"wp-block-heading\">Oikeat nosto-otteet<\/h2>\n\n\n\n<p>Pikkulemmikkien oikeassa k\u00e4sittelyss\u00e4 yhdistyy kaksi asiaa samanaikaisesti. El\u00e4int\u00e4 k\u00e4sitelt\u00e4ess\u00e4 varotaan kaikenlaista puristamista, raajojen v\u00e4\u00e4ntymist\u00e4 ynn\u00e4 muuta, jotta niiden ohuet luut eiv\u00e4t murtuisi tai ne eiv\u00e4t muuten vahingoittuisi. Samalla el\u00e4int\u00e4 pidet\u00e4\u00e4n kuitenkin niin, ett\u00e4 se ei voi pudota ja ett\u00e4 se my\u00f6s itse tuntee olevansa tukevalla alustalla ja k\u00e4sien riitt\u00e4v\u00e4sti ymp\u00e4r\u00f6im\u00e4n\u00e4. T\u00e4ll\u00f6in sen ei tarvitse pel\u00e4t\u00e4 putoavansa.<\/p>\n\n\n\n<p>Kaneja, marsuja, rottia, chinchilloja ja deguja nostettaessa asetetaan toinen k\u00e4si etujalkojen kainaloiden alle ja toinen k\u00e4si takajalkojen alle. Sitten el\u00e4in nostetaan selk\u00e4 omistajan rintakeh\u00e4\u00e4 vasten, jolloin se on hyvin tuettuna. Rotalla on n\u00e4ist\u00e4 el\u00e4imist\u00e4 kaikkein paras tasapainoaisti, joten sit\u00e4 voi kantaa my\u00f6s k\u00e4sivarrella niin, ett\u00e4 toinen k\u00e4sivarsi on varmistamassa kyydiss\u00e4 pysymisen. Chinchillan kanssa on oltava tarkkana: kevyell\u00e4 otteella h\u00e4nn\u00e4n tyvest\u00e4 ja sel\u00e4st\u00e4 voidaan varmistaa, ettei chinchilla p\u00e4\u00e4se putoamaan, vaikka se sy\u00f6ks\u00e4ht\u00e4isi yht\u00e4kki\u00e4 liikkeelle. Chinchillan h\u00e4nt\u00e4\u00e4 saa pit\u00e4\u00e4 kiinni ainoastaan aivan tyvest\u00e4, sill\u00e4 h\u00e4nt\u00e4 on eritt\u00e4in herkk\u00e4 vahingoittumaan.<\/p>\n\n\n\n<p>Pienemm\u00e4t jyrsij\u00e4t otetaan k\u00e4sien muodostamaan kuppiin niin, ett\u00e4 k\u00e4det asetetaan ensin lattialle el\u00e4imen viereen molemmin puolin k\u00e4mmenet yl\u00f6sp\u00e4in, mink\u00e4 j\u00e4lkeen k\u00e4det suljetaan hell\u00e4varoin el\u00e4imen ymp\u00e4rille.<\/p>\n\n\n\n<p>Jos el\u00e4in vaikuttaa v\u00e4h\u00e4nkin hermostuneelta, kannattaa sit\u00e4 syliss\u00e4 pidett\u00e4ess\u00e4 istua lattialle, jos mahdollista. T\u00e4ll\u00f6in el\u00e4in ei vahingoitu, vaikka se kaikesta huolimatta p\u00e4\u00e4sisi loikkaamaan otteesta.<\/p>\n\n\n\n<h2 class=\"wp-block-heading\">Ei h\u00e4nn\u00e4st\u00e4 eik\u00e4 korvista<\/h2>\n\n\n\n<p>Mit\u00e4\u00e4n el\u00e4int\u00e4 ei koskaan pid\u00e4 nostaa h\u00e4nn\u00e4st\u00e4 eik\u00e4 korvista. Molemmat aiheuttavat el\u00e4imelle kipua. H\u00e4nn\u00e4st\u00e4 nostaminen voi my\u00f6s aiheuttaa vakavia, parantumattomia vaurioita. Mongoliangerbiilin h\u00e4nt\u00e4 voi katketa, ja rotan tai degun h\u00e4nn\u00e4st\u00e4 voi nahka kuoriutua irti. Tilalle ei kasva uutta h\u00e4nt\u00e4\u00e4 eik\u00e4 nahkaa, ja vaurioitunut h\u00e4nt\u00e4 on infektioreitti vakaville tulehduksille.<\/p>\n\n\n\n<p>Hiirt\u00e4 tai rottaa voi kuitenkin tarvittaessa pit\u00e4\u00e4 kevyesti kiinni aivan h\u00e4nn\u00e4n tyvest\u00e4, jos el\u00e4in seisoo valmiiksi tukevasti toisella k\u00e4dell\u00e4 tai jollain alustalla.<\/p>\n\n\n\n<h2 class=\"wp-block-heading\">Jos el\u00e4in ei anna kiinni<\/h2>\n\n\n\n<p>Vaikka el\u00e4in v\u00e4lttelisi kiinniottamista, sit\u00e4 ei miss\u00e4\u00e4n tapauksessa pid\u00e4 jahdata. Takaa-ajo tuntuu el\u00e4imest\u00e4 hyvin pelottavalta ja se v\u00e4hent\u00e4\u00e4 entisest\u00e4\u00e4n el\u00e4imen halukkuutta tulla k\u00e4siin seuraavalla kerralla. Marsu tai kani voi pahimmassa tapauksessa kuolla t\u00e4llaisessa tilanteessa syd\u00e4npys\u00e4hdykseen.<\/p>\n\n\n\n<p>Kanin voi houkutella makupalojen avulla esimerkiksi vessaan, jossa on helpompi tehd\u00e4 hoitotoimenpiteit\u00e4. Kantokoppaa voi pit\u00e4\u00e4 lattialla pysyv\u00e4sti, jotta kani tottuu siihen. Kantokoppaan voi v\u00e4lill\u00e4 tarjota jotakin erityisherkkua.&nbsp;Jos kania tarvitsee kuljettaa johonkin, se on helpompaa, kun koppa on tuttu&nbsp;ja positiivinen&nbsp;paikka.<\/p>\n\n\n\n<p>Arkaa el\u00e4int\u00e4 kiinni otettaessa on ensin huolehdittava siit\u00e4, ett\u00e4 el\u00e4in pysyy levollisena. Se onnistuu liikkumalla rauhallisesti ja v\u00e4ltt\u00e4m\u00e4ll\u00e4 katsomasta el\u00e4imeen p\u00e4in. El\u00e4imen l\u00e4helle asetetaan tyhj\u00e4 maitot\u00f6lkki tai muu pahvirasia. Hiirelle, hamsterille tai mongoliangerbiilille k\u00e4y my\u00f6s talouspaperirullan pahvihylsy. Jos el\u00e4in on luonteeltaan utelias, tehokkainta on valita sille uusi rasia tai putki. Sitten odotetaan, ett\u00e4 el\u00e4in menee tutkimaan uutta esinett\u00e4 sis\u00e4lt\u00e4, jolloin kulkuaukot suljetaan k\u00e4dell\u00e4 ja koko rasia el\u00e4imineen nostetaan sinne, minne se on tarkoitus vied\u00e4.<\/p>\n\n\n\n<p>Hiekkakylpev\u00e4t el\u00e4imet, kuten gerbiilit, degut tai chinchillat, saa kiinni my\u00f6s asettamalla lattialle niiden tutun hiekkakylpylaatikon, johon ne yleens\u00e4 pian loikkaavat kylpem\u00e4\u00e4n.<\/p>\n\n\n\n<h2 class=\"wp-block-heading\">Syli ja silitys<\/h2>\n\n\n\n<p>Silitt\u00e4minen miellytt\u00e4\u00e4 vain niit\u00e4 el\u00e4inlajeja, joiden luontaiseen k\u00e4ytt\u00e4ytymiseen kuuluu laumatoverin nuoleminen. Ihmisen sormien liukuva liike tuntuu t\u00e4ll\u00f6in samantapaiselta kuin kaverin kieli. Silloinkin oleellista on, ett\u00e4 el\u00e4in luottaa t\u00e4h\u00e4n \u201dnuolevaan\u201d yksil\u00f6\u00f6n. El\u00e4in voi nauttia ihmisen silitelt\u00e4v\u00e4n\u00e4 olemisesta vain, jos se suhtautuu h\u00e4neen luottavaisesti.<\/p>\n\n\n\n<p>Mukavinta el\u00e4imelle on oman lajin luontaista k\u00e4ytt\u00e4ytymist\u00e4 vastaava silitys. Esimerkiksi kanit nuolevat toisiaan usein otsasta, mist\u00e4 syyst\u00e4 monien kanien suosikkisilittely\u00e4 on otsan silitt\u00e4minen my\u00f6t\u00e4karvaan sormella. Kanille on mieluisampaa, jos se saa l\u00e4hesty\u00e4 itse ihmist\u00e4 ja antautua silitykselle.<\/p>\n\n\n\n<p>Silitett\u00e4v\u00e4n\u00e4 olemisesta v\u00e4litt\u00e4v\u00e4t kaikkein v\u00e4hiten ne el\u00e4inlajit, jotka ovat luonnossakin yksinel\u00e4ji\u00e4 \u2013 ja joiden luontaiseen k\u00e4ytt\u00e4ytymiseen ei siis sis\u00e4lly kaverin nuoltavana olemista. T\u00e4m\u00e4 on syy siihen, miksi muun muassa syyrianhamsterit eiv\u00e4t halua olla silitelt\u00e4vin\u00e4. Hamsterin tai k\u00e4\u00e4pi\u00f6hamsterin kanssa seurusteleminen onkin sit\u00e4, ett\u00e4 hamsteri tutkii omistajaansa ja kiipeilee t\u00e4m\u00e4n syliss\u00e4. Hamsteri on katsottava, ei silitelt\u00e4v\u00e4 lemmikki.<\/p>\n\n\n\n<h2 class=\"wp-block-heading\">Nimelt\u00e4 kutsuminen<\/h2>\n\n\n\n<p>Mink\u00e4 tahansa jyrsij\u00e4n tai kanin voi opettaa tulemaan luokse, kun el\u00e4int\u00e4 kutsuu nimelt\u00e4. Helpoimmin nimen oppiminen k\u00e4y niin, ett\u00e4 el\u00e4imen nimi sanotaan kutsuvalla \u00e4\u00e4nell\u00e4 t\u00e4sm\u00e4lleen samalla hetkell\u00e4, kun sille annetaan k\u00e4dest\u00e4 herkkupala. T\u00e4t\u00e4 toistetaan joitain kertoja p\u00e4iv\u00e4ss\u00e4 useiden p\u00e4ivien ajan. Sen j\u00e4lkeen herkkupalaa voi pit\u00e4\u00e4 pienen matkan p\u00e4\u00e4ss\u00e4 el\u00e4imest\u00e4, esimerkiksi muutaman kymmenen sentin p\u00e4\u00e4ss\u00e4, ja kutsua sit\u00e4 nimelt\u00e4. V\u00e4hitellen el\u00e4in alkaa luokse tulla pelk\u00e4st\u00e4 kutsusta. Luoksetulo s\u00e4ilyy parhaiten, jos el\u00e4in saa yh\u00e4 nimens\u00e4 oppimisen j\u00e4lkeenkin herkkupalan heti, kun se on tullut kutsuttaessa \u2013 ainakin silloin t\u00e4ll\u00f6in.<\/p>\n\n\n\n<p>Jos el\u00e4imi\u00e4 on useita ja jokaiselle halutaan opettaa niiden oma nimi, opettaminen k\u00e4y helpoimmin, kun nimet ovat tarpeeksi erilaisia. Nimet kuulostavat el\u00e4inten korviin erilaisilta etenkin silloin, kun niiss\u00e4 on eri vokaaleja. Esimerkiksi nimet Tiku ja Piku voivat kuulostaa el\u00e4inten korvissa jokseenkin samalta, kun taas nimet Tiku ja Taku on jo helpompi erottaa toisistaan.<\/p>\n\n\n\n<p>Herkkupaloja voi vaihdella ja el\u00e4imille voi antaa v\u00e4lill\u00e4 erityisen mieluisia herkkuja. N\u00e4in opetushetket s\u00e4ilyv\u00e4t mielenkiintoisina. On kuitenkin hyv\u00e4 muistaa, ett\u00e4 herkkupalat v\u00e4hennet\u00e4\u00e4n el\u00e4imen saamasta muusta ruuasta.&nbsp;&nbsp;<\/p>\n","protected":false},"excerpt":{"rendered":"<p>Kuva: Emma-Etelka Kozma\/Pixabay Oikeat nosto-otteet Pikkulemmikkien oikeassa k\u00e4sittelyss\u00e4 yhdistyy kaksi asiaa samanaikaisesti. El\u00e4int\u00e4 k\u00e4sitelt\u00e4ess\u00e4 varotaan kaikenlaista puristamista, raajojen v\u00e4\u00e4ntymist\u00e4 ynn\u00e4 muuta, jotta niiden ohuet luut eiv\u00e4t murtuisi tai ne eiv\u00e4t muuten vahingoittuisi. Samalla el\u00e4int\u00e4 pidet\u00e4\u00e4n kuitenkin niin, ett\u00e4 se ei voi pudota ja ett\u00e4 se my\u00f6s itse tuntee olevansa tukevalla alustalla ja k\u00e4sien riitt\u00e4v\u00e4sti ymp\u00e4r\u00f6im\u00e4n\u00e4. [&hellip;]<\/p>\n","protected":false},"author":8,"featured_media":379,"parent":0,"menu_order":0,"comment_status":"closed","ping_status":"closed","template":"","meta":{"_acf_changed":false,"footnotes":""},"class_list":["post-96","page","type-page","status-publish","has-post-thumbnail","hentry"],"acf":[],"yoast_head":"<!-- This site is optimized with the Yoast SEO plugin v27.1.1 - https:\/\/yoast.com\/product\/yoast-seo-wordpress\/ -->\n<title>K\u00e4sittely - Lemmikkitieto<\/title>\n<meta name=\"robots\" content=\"index, follow, max-snippet:-1, max-image-preview:large, max-video-preview:-1\" \/>\n<link rel=\"canonical\" href=\"https:\/\/sey.fi\/lemmikkitieto\/kasittely\/\" \/>\n<meta property=\"og:locale\" content=\"fi_FI\" \/>\n<meta property=\"og:type\" content=\"article\" \/>\n<meta property=\"og:title\" content=\"K\u00e4sittely - Lemmikkitieto\" \/>\n<meta property=\"og:description\" content=\"Kuva: Emma-Etelka Kozma\/Pixabay Oikeat nosto-otteet Pikkulemmikkien oikeassa k\u00e4sittelyss\u00e4 yhdistyy kaksi asiaa samanaikaisesti. El\u00e4int\u00e4 k\u00e4sitelt\u00e4ess\u00e4 varotaan kaikenlaista puristamista, raajojen v\u00e4\u00e4ntymist\u00e4 ynn\u00e4 muuta, jotta niiden ohuet luut eiv\u00e4t murtuisi tai ne eiv\u00e4t muuten vahingoittuisi. Samalla el\u00e4int\u00e4 pidet\u00e4\u00e4n kuitenkin niin, ett\u00e4 se ei voi pudota ja ett\u00e4 se my\u00f6s itse tuntee olevansa tukevalla alustalla ja k\u00e4sien riitt\u00e4v\u00e4sti ymp\u00e4r\u00f6im\u00e4n\u00e4. [&hellip;]\" \/>\n<meta property=\"og:url\" content=\"https:\/\/sey.fi\/lemmikkitieto\/kasittely\/\" \/>\n<meta property=\"og:site_name\" content=\"Lemmikkitieto\" \/>\n<meta property=\"article:modified_time\" content=\"2023-12-07T15:29:40+00:00\" \/>\n<meta property=\"og:image\" content=\"https:\/\/sey.fi\/wp-content\/uploads\/sites\/48\/2023\/12\/sey-lemmikkitieto-kasittely-1024x512.png\" \/>\n\t<meta property=\"og:image:width\" content=\"1024\" \/>\n\t<meta property=\"og:image:height\" content=\"512\" \/>\n\t<meta property=\"og:image:type\" content=\"image\/png\" \/>\n<meta name=\"twitter:card\" content=\"summary_large_image\" \/>\n<meta name=\"twitter:label1\" content=\"Arvioitu lukuaika\" \/>\n\t<meta name=\"twitter:data1\" content=\"5 minuuttia\" \/>\n<script type=\"application\/ld+json\" class=\"yoast-schema-graph\">{\"@context\":\"https:\/\/schema.org\",\"@graph\":[{\"@type\":\"WebPage\",\"@id\":\"https:\/\/sey.fi\/lemmikkitieto\/kasittely\/\",\"url\":\"https:\/\/sey.fi\/lemmikkitieto\/kasittely\/\",\"name\":\"K\u00e4sittely - Lemmikkitieto\",\"isPartOf\":{\"@id\":\"https:\/\/sey.fi\/lemmikkitieto\/#website\"},\"primaryImageOfPage\":{\"@id\":\"https:\/\/sey.fi\/lemmikkitieto\/kasittely\/#primaryimage\"},\"image\":{\"@id\":\"https:\/\/sey.fi\/lemmikkitieto\/kasittely\/#primaryimage\"},\"thumbnailUrl\":\"https:\/\/sey.fi\/wp-content\/uploads\/sites\/48\/2023\/12\/sey-lemmikkitieto-kasittely.png\",\"datePublished\":\"2019-12-10T17:20:00+00:00\",\"dateModified\":\"2023-12-07T15:29:40+00:00\",\"breadcrumb\":{\"@id\":\"https:\/\/sey.fi\/lemmikkitieto\/kasittely\/#breadcrumb\"},\"inLanguage\":\"fi\",\"potentialAction\":[{\"@type\":\"ReadAction\",\"target\":[\"https:\/\/sey.fi\/lemmikkitieto\/kasittely\/\"]}]},{\"@type\":\"ImageObject\",\"inLanguage\":\"fi\",\"@id\":\"https:\/\/sey.fi\/lemmikkitieto\/kasittely\/#primaryimage\",\"url\":\"https:\/\/sey.fi\/wp-content\/uploads\/sites\/48\/2023\/12\/sey-lemmikkitieto-kasittely.png\",\"contentUrl\":\"https:\/\/sey.fi\/wp-content\/uploads\/sites\/48\/2023\/12\/sey-lemmikkitieto-kasittely.png\",\"width\":1920,\"height\":960,\"caption\":\"Vaalea k\u00e4\u00e4pi\u00f6hamsteri ihmisen k\u00e4dell\u00e4\"},{\"@type\":\"BreadcrumbList\",\"@id\":\"https:\/\/sey.fi\/lemmikkitieto\/kasittely\/#breadcrumb\",\"itemListElement\":[{\"@type\":\"ListItem\",\"position\":1,\"name\":\"Home\",\"item\":\"https:\/\/sey.fi\/lemmikkitieto\/\"},{\"@type\":\"ListItem\",\"position\":2,\"name\":\"K\u00e4sittely\"}]},{\"@type\":\"WebSite\",\"@id\":\"https:\/\/sey.fi\/lemmikkitieto\/#website\",\"url\":\"https:\/\/sey.fi\/lemmikkitieto\/\",\"name\":\"Lemmikkitieto\",\"description\":\"Uusi SEY Lemmikkitietosivu\",\"potentialAction\":[{\"@type\":\"SearchAction\",\"target\":{\"@type\":\"EntryPoint\",\"urlTemplate\":\"https:\/\/sey.fi\/lemmikkitieto\/?s={search_term_string}\"},\"query-input\":{\"@type\":\"PropertyValueSpecification\",\"valueRequired\":true,\"valueName\":\"search_term_string\"}}],\"inLanguage\":\"fi\"}]}<\/script>\n<!-- \/ Yoast SEO plugin. -->","yoast_head_json":{"title":"K\u00e4sittely - Lemmikkitieto","robots":{"index":"index","follow":"follow","max-snippet":"max-snippet:-1","max-image-preview":"max-image-preview:large","max-video-preview":"max-video-preview:-1"},"canonical":"https:\/\/sey.fi\/lemmikkitieto\/kasittely\/","og_locale":"fi_FI","og_type":"article","og_title":"K\u00e4sittely - Lemmikkitieto","og_description":"Kuva: Emma-Etelka Kozma\/Pixabay Oikeat nosto-otteet Pikkulemmikkien oikeassa k\u00e4sittelyss\u00e4 yhdistyy kaksi asiaa samanaikaisesti. El\u00e4int\u00e4 k\u00e4sitelt\u00e4ess\u00e4 varotaan kaikenlaista puristamista, raajojen v\u00e4\u00e4ntymist\u00e4 ynn\u00e4 muuta, jotta niiden ohuet luut eiv\u00e4t murtuisi tai ne eiv\u00e4t muuten vahingoittuisi. Samalla el\u00e4int\u00e4 pidet\u00e4\u00e4n kuitenkin niin, ett\u00e4 se ei voi pudota ja ett\u00e4 se my\u00f6s itse tuntee olevansa tukevalla alustalla ja k\u00e4sien riitt\u00e4v\u00e4sti ymp\u00e4r\u00f6im\u00e4n\u00e4. [&hellip;]","og_url":"https:\/\/sey.fi\/lemmikkitieto\/kasittely\/","og_site_name":"Lemmikkitieto","article_modified_time":"2023-12-07T15:29:40+00:00","og_image":[{"width":1024,"height":512,"url":"https:\/\/sey.fi\/wp-content\/uploads\/sites\/48\/2023\/12\/sey-lemmikkitieto-kasittely-1024x512.png","type":"image\/png"}],"twitter_card":"summary_large_image","twitter_misc":{"Arvioitu lukuaika":"5 minuuttia"},"schema":{"@context":"https:\/\/schema.org","@graph":[{"@type":"WebPage","@id":"https:\/\/sey.fi\/lemmikkitieto\/kasittely\/","url":"https:\/\/sey.fi\/lemmikkitieto\/kasittely\/","name":"K\u00e4sittely - Lemmikkitieto","isPartOf":{"@id":"https:\/\/sey.fi\/lemmikkitieto\/#website"},"primaryImageOfPage":{"@id":"https:\/\/sey.fi\/lemmikkitieto\/kasittely\/#primaryimage"},"image":{"@id":"https:\/\/sey.fi\/lemmikkitieto\/kasittely\/#primaryimage"},"thumbnailUrl":"https:\/\/sey.fi\/wp-content\/uploads\/sites\/48\/2023\/12\/sey-lemmikkitieto-kasittely.png","datePublished":"2019-12-10T17:20:00+00:00","dateModified":"2023-12-07T15:29:40+00:00","breadcrumb":{"@id":"https:\/\/sey.fi\/lemmikkitieto\/kasittely\/#breadcrumb"},"inLanguage":"fi","potentialAction":[{"@type":"ReadAction","target":["https:\/\/sey.fi\/lemmikkitieto\/kasittely\/"]}]},{"@type":"ImageObject","inLanguage":"fi","@id":"https:\/\/sey.fi\/lemmikkitieto\/kasittely\/#primaryimage","url":"https:\/\/sey.fi\/wp-content\/uploads\/sites\/48\/2023\/12\/sey-lemmikkitieto-kasittely.png","contentUrl":"https:\/\/sey.fi\/wp-content\/uploads\/sites\/48\/2023\/12\/sey-lemmikkitieto-kasittely.png","width":1920,"height":960,"caption":"Vaalea k\u00e4\u00e4pi\u00f6hamsteri ihmisen k\u00e4dell\u00e4"},{"@type":"BreadcrumbList","@id":"https:\/\/sey.fi\/lemmikkitieto\/kasittely\/#breadcrumb","itemListElement":[{"@type":"ListItem","position":1,"name":"Home","item":"https:\/\/sey.fi\/lemmikkitieto\/"},{"@type":"ListItem","position":2,"name":"K\u00e4sittely"}]},{"@type":"WebSite","@id":"https:\/\/sey.fi\/lemmikkitieto\/#website","url":"https:\/\/sey.fi\/lemmikkitieto\/","name":"Lemmikkitieto","description":"Uusi SEY Lemmikkitietosivu","potentialAction":[{"@type":"SearchAction","target":{"@type":"EntryPoint","urlTemplate":"https:\/\/sey.fi\/lemmikkitieto\/?s={search_term_string}"},"query-input":{"@type":"PropertyValueSpecification","valueRequired":true,"valueName":"search_term_string"}}],"inLanguage":"fi"}]}},"_links":{"self":[{"href":"https:\/\/sey.fi\/lemmikkitieto\/wp-json\/wp\/v2\/pages\/96","targetHints":{"allow":["GET"]}}],"collection":[{"href":"https:\/\/sey.fi\/lemmikkitieto\/wp-json\/wp\/v2\/pages"}],"about":[{"href":"https:\/\/sey.fi\/lemmikkitieto\/wp-json\/wp\/v2\/types\/page"}],"author":[{"embeddable":true,"href":"https:\/\/sey.fi\/lemmikkitieto\/wp-json\/wp\/v2\/users\/8"}],"replies":[{"embeddable":true,"href":"https:\/\/sey.fi\/lemmikkitieto\/wp-json\/wp\/v2\/comments?post=96"}],"version-history":[{"count":9,"href":"https:\/\/sey.fi\/lemmikkitieto\/wp-json\/wp\/v2\/pages\/96\/revisions"}],"predecessor-version":[{"id":380,"href":"https:\/\/sey.fi\/lemmikkitieto\/wp-json\/wp\/v2\/pages\/96\/revisions\/380"}],"wp:featuredmedia":[{"embeddable":true,"href":"https:\/\/sey.fi\/lemmikkitieto\/wp-json\/wp\/v2\/media\/379"}],"wp:attachment":[{"href":"https:\/\/sey.fi\/lemmikkitieto\/wp-json\/wp\/v2\/media?parent=96"}],"curies":[{"name":"wp","href":"https:\/\/api.w.org\/{rel}","templated":true}]}}