{"id":99,"date":"2019-12-10T19:21:08","date_gmt":"2019-12-10T17:21:08","guid":{"rendered":"http:\/\/srvr10.xetpoint.com\/~seyfi\/lemmikkitieto\/?page_id=99"},"modified":"2023-12-07T17:48:35","modified_gmt":"2023-12-07T15:48:35","slug":"ruokinta","status":"publish","type":"page","link":"https:\/\/sey.fi\/lemmikkitieto\/ruokinta\/","title":{"rendered":"Ruokinta"},"content":{"rendered":"\n<p><em>Kuva: Manfred Richter\/Pixabay<\/em><\/p>\n\n\n\n<h2 class=\"wp-block-heading\">Lemmikin lajityypillinen ravinto<\/h2>\n\n\n\n<p>Oman el\u00e4inlajin erityispiirteiden tunteminen on avain my\u00f6s oikeaan ruokintaan. Ei ole olemassa yleisp\u00e4tev\u00e4\u00e4 \u201djyrsij\u00e4n- ja kaninruokaa\u201d, vaan jokaisella lajilla on jossain m\u00e4\u00e4rin erilainen ravinnontarve. Jos jokin kaupallinen ruoka v\u00e4itt\u00e4\u00e4 ruoan sopivan sek\u00e4 kaneille ett\u00e4 kaikille jyrsij\u00f6ille tai esimerkiksi kaikille jyrsij\u00f6ille, on t\u00e4llainen ruoka syyt\u00e4 j\u00e4tt\u00e4\u00e4 kauppaan. Esimerkiksi rotan ja marsun ruokavalio eroaa toisistaan t\u00e4ysin.<\/p>\n\n\n\n<p>Oikean ruokavalion j\u00e4rjest\u00e4minen on yksi niist\u00e4 syist\u00e4, joiden takia vanhat tutut, pitk\u00e4\u00e4n lemmikkein\u00e4 olleet el\u00e4inlajit \u2013 kuten rotta ja hiiri \u2013 ovat samalla niit\u00e4, joille saa todenn\u00e4k\u00f6isimmin j\u00e4rjestetty\u00e4 kotona hyv\u00e4t olot.<\/p>\n\n\n\n<p>Pitk\u00e4\u00e4n lemmikkein\u00e4 olleiden lajien ravinnontarve tunnetaan jo varsin tarkasti, ja n\u00e4ille lajeille myyt\u00e4v\u00e4t pelletit vastaavat yleens\u00e4 hyvin niiden todellista ravinnontarvetta. Vasta lyhyen aikaa lemmikkein\u00e4 olleiden lajien ravinnontarvetta ei aina tunneta yht\u00e4 t\u00e4sm\u00e4llisesti. Esimerkiksi degujen elinik\u00e4 lemmikkein\u00e4 on pidentynyt sit\u00e4 mukaa kuin niiden ravintovaatimuksista on opittu lis\u00e4\u00e4. On mahdollista, ett\u00e4 t\u00e4m\u00e4nhetkisetk\u00e4\u00e4n degujen ruoat eiv\u00e4t viel\u00e4 t\u00e4ysin vastaa sit\u00e4, mit\u00e4 degut todella tarvitsisivat.<\/p>\n\n\n\n<p>Se, ett\u00e4 el\u00e4inlajin ravintovaatimukset tunnetaan jo hyvin, ei v\u00e4ltt\u00e4m\u00e4tt\u00e4 merkitse sit\u00e4, ett\u00e4 niiden ruokinta olisi hyvin yksinkertaista. Esimerkiksi marsu tarvitsee enemm\u00e4n C-vitamiinia kuin muut lemmikkijyrsij\u00e4t. Riitt\u00e4v\u00e4 vitamiinien saanti tulee parhaiten turvattua erillisell\u00e4 C-vitamiinivalmisteella, jota saa muun muassa el\u00e4inkaupoista.<\/p>\n\n\n\n<p>Jyrsij\u00f6iden ja kanien ruokinnasta l\u00f6ytyy yksityiskohtaista tietoa lemmikkiyhdistysten nettisivuilta. Seuraavassa on siksi vain lyhyt yhteenveto, jonka pohjalta voit l\u00e4hte\u00e4 etsim\u00e4\u00e4n lis\u00e4tietoa oman el\u00e4inlajisi ruokinnasta.<\/p>\n\n\n\n<h2 class=\"wp-block-heading\">Hein\u00e4nsy\u00f6ji\u00e4 ja sekaravinnon k\u00e4ytt\u00e4ji\u00e4<\/h2>\n\n\n\n<p>Pikkulemmikit voi karkeasti jakaa ryhmiin ravinnon mukaan. Ryhmien sis\u00e4ll\u00e4 on lis\u00e4ksi jokaisella lajilla omat erityisvaatimuksensa.<\/p>\n\n\n\n<p>Kani, marsu ja mongoliangerbiili ovat kasvinsy\u00f6ji\u00e4 ruohikkoisilta alueilta. Kuivahein\u00e4 on n\u00e4iden el\u00e4inten perusruokaa, ja sit\u00e4 on aina oltava saatavilla. Lis\u00e4ksi annetaan p\u00e4ivitt\u00e4in tuoreruokaa, kuten yrttej\u00e4 ja salaatteja, sek\u00e4 hiukan kyseiselle lajille tarkoitettua pelletti\u00e4. Mit\u00e4\u00e4n el\u00e4inper\u00e4ist\u00e4 ruokaa, kuten maitotuotteita, ei anneta. Samoin runsaasti sokeria sis\u00e4lt\u00e4v\u00e4t \u201cherkkupalat\u201d tai hedelm\u00e4t eiv\u00e4t sovi joka p\u00e4iv\u00e4 annettaviksi. N\u00e4it\u00e4 herkkupaloja voi antaa korkeintaan hyvin pienen m\u00e4\u00e4r\u00e4n kerran viikossa ja t\u00e4ll\u00f6inkin harkiten. Pienten lemmikkien suolisto ei ole kehittynyt sulattamaan sokereita.<\/p>\n\n\n\n<p>Chinchilla ja degu ovat kasvinsy\u00f6ji\u00e4 kuivilta alueilta. My\u00f6s n\u00e4ille el\u00e4imille on aina oltava tarjolla kuivahein\u00e4\u00e4, ja p\u00e4ivitt\u00e4in annetaan my\u00f6s hiukan kyseiselle lajille tarkoitettua pelletti\u00e4. Tuoreita kasviksia tai hedelmi\u00e4 ei anneta, ei my\u00f6sk\u00e4\u00e4n el\u00e4inper\u00e4isi\u00e4 ruokia. Ruokavaliolle on t\u00e4rke\u00e4\u00e4 korkea kuitupitoisuus. Hyvin korsipitoinen hein\u00e4 ainoana ruokana altistaa chinchillan ummetukselle, joten chinchillalle tulee tarjota my\u00f6s tuoretta, ruohomaista ruokaa sek\u00e4 voikukan, vadelman ja ruusun lehti\u00e4 sek\u00e4 apilaa pieni\u00e4 m\u00e4\u00e4ri\u00e4 kerrallaan.<\/p>\n\n\n\n<p>Rotta, hiiri, syyrianhamsteri ja k\u00e4\u00e4pi\u00f6hamsterit ovat kasvinsy\u00f6ji\u00e4, jotka tarvitsevat my\u00f6s pieni\u00e4 m\u00e4\u00e4ri\u00e4 el\u00e4inper\u00e4ist\u00e4 ruokaa. P\u00e4\u00e4ravintona voi k\u00e4ytt\u00e4\u00e4 kyseiselle lajille tarkoitettuja t\u00e4ysrehupellettej\u00e4, joiden lis\u00e4ksi annetaan kyseiselle lajille tarkoitettua siemenseosta, hiukan tuoreita kasviksia ja silloin t\u00e4ll\u00f6in jauhomatoja tai pieni pala kypsennetty\u00e4 lihaa tai kalaa. Tarkat m\u00e4\u00e4r\u00e4t riippuvat lajista.<\/p>\n\n\n\n<h2 class=\"wp-block-heading\">Kovaa purtavaa<\/h2>\n\n\n\n<p>Kaikkien jyrsij\u00f6iden ja kanien hampaat kasvavat jatkuvasti. Luonnossa ne my\u00f6s kuluvat jatkuvasti samaan tahtiin, kun el\u00e4imet jyrsiv\u00e4t niille sopivaa ruokaa. Jotta lemmikkijyrsij\u00e4n tai -kanin hampaat eiv\u00e4t kasvaisi liian pitkiksi, my\u00f6s sen on saatava sopivaa purtavaa. Kasvinsy\u00f6jien hampaita kuluttaa parhaiten hein\u00e4.<\/p>\n\n\n\n<p>Hein\u00e4n lis\u00e4ksi el\u00e4inkaupoissa myyd\u00e4\u00e4n erilaisia kovia nakerreltavia jyrsij\u00f6ille ja kaneille. Makupaloja parempi vaihtoehto ovat tuoreet tai kuivatut lehtipuiden oksat, kuten paju, haapa, pihlaja tai vaahtera. Oksia ei saa taittaa ilman maanomistajan lupaa, joten niit\u00e4 voi ker\u00e4t\u00e4 vain omalta tai hyv\u00e4ntahtoisen tuttavan omistamalta tontilta. Oksia ei kannata ottaa aivan autotien vierest\u00e4, koska niiss\u00e4 on silloin melko paljon pakokaasup\u00e4\u00e4st\u00f6ist\u00e4 per\u00e4isin olevia raskasmetalleja. Lis\u00e4ksi nykyp\u00e4iv\u00e4n\u00e4 tulee huomioon ottaa erityisesti kanien kohdalla luonnon j\u00e4nisel\u00e4imiss\u00e4 Suomessakin tavatut tarttuvat taudi RHD ja myksomatoosi. Oksat kannattaa valita sellaisista kohdista puuta joihin villit j\u00e4nisel\u00e4imet eiv\u00e4t ylet\u00e4.<\/p>\n\n\n\n<p>Liian pitkiksi kasvaneet hampaat aiheuttavat el\u00e4imelle kipua ja vaikeuttavat sy\u00f6mist\u00e4 tai jopa est\u00e4v\u00e4t sen. Siit\u00e4 aiheutuu my\u00f6s ruuansulatusongelmia. Liian pitk\u00e4t hampaat on hiottava el\u00e4inl\u00e4\u00e4k\u00e4rill\u00e4 eik\u00e4 niit\u00e4 tulee koskaan lyhent\u00e4\u00e4 itse. Lyhent\u00e4minen leikkureilla tai saksilla voi aiheuttaa hampaisiin kivuliaita murtumia tai jopa vahingoittaa hampaiden tyve\u00e4. El\u00e4inl\u00e4\u00e4k\u00e4rik\u00e4ynnit ovat el\u00e4imelle pelottavia, joten vaivoja on parempi ehk\u00e4ist\u00e4 ennalta tarjoamalla niille oikeanlaista ravintoa.<\/p>\n\n\n\n<h2 class=\"wp-block-heading\">Ulosteiden sy\u00f6minen<\/h2>\n\n\n\n<p>Kanin, marsun ja degun ruoansulatus toimii niin, ett\u00e4 ne tuottavat kahdenlaista ulostetta: tavallisia kovia papanoita ja toisaalta vitamiinipitoisia, pehme\u00e4mpi\u00e4 papanoita, jotka ne sy\u00f6v\u00e4t suoraan per\u00e4aukon suulta. T\u00e4ll\u00e4 tavalla ne saavat tehokkaammin k\u00e4ytt\u00f6\u00f6ns\u00e4 ravinnon sis\u00e4lt\u00e4m\u00e4t valkuaisaineet ja vitamiinit. Ilmi\u00f6 muistuttaa tavallaan lehmien ja lampaiden m\u00e4rehtimist\u00e4, vaikka n\u00e4m\u00e4 el\u00e4imet hoitavatkin asian t\u00e4t\u00e4 kautta. <\/p>\n\n\n\n<p>Omien ulosteiden sy\u00f6minen on siis normaali osa n\u00e4iden el\u00e4inten k\u00e4ytt\u00e4ytymist\u00e4, ja se pit\u00e4\u00e4 sallia, jotta niiden ravinnontarve tulee tyydytetty\u00e4. Kivuliaat sairaudet ja tilat, jotka vaikuttavat selk\u00e4rangan taipuvuuteen voivat est\u00e4\u00e4 n\u00e4iden \u201cumpisuolipapanoiden\u201d sy\u00f6mist\u00e4 (ne sy\u00f6d\u00e4\u00e4n usein suoraan per\u00e4aukon suulta), joten esimerkiksi selk\u00e4rangan kuluma saattaa n\u00e4in v\u00e4lillisesti aiheuttaa my\u00f6s ongelmia ruoansulatuksessa.<\/p>\n","protected":false},"excerpt":{"rendered":"<p>Kuva: Manfred Richter\/Pixabay Lemmikin lajityypillinen ravinto Oman el\u00e4inlajin erityispiirteiden tunteminen on avain my\u00f6s oikeaan ruokintaan. Ei ole olemassa yleisp\u00e4tev\u00e4\u00e4 \u201djyrsij\u00e4n- ja kaninruokaa\u201d, vaan jokaisella lajilla on jossain m\u00e4\u00e4rin erilainen ravinnontarve. Jos jokin kaupallinen ruoka v\u00e4itt\u00e4\u00e4 ruoan sopivan sek\u00e4 kaneille ett\u00e4 kaikille jyrsij\u00f6ille tai esimerkiksi kaikille jyrsij\u00f6ille, on t\u00e4llainen ruoka syyt\u00e4 j\u00e4tt\u00e4\u00e4 kauppaan. Esimerkiksi rotan ja [&hellip;]<\/p>\n","protected":false},"author":8,"featured_media":382,"parent":0,"menu_order":0,"comment_status":"closed","ping_status":"closed","template":"","meta":{"_acf_changed":false,"footnotes":""},"class_list":["post-99","page","type-page","status-publish","has-post-thumbnail","hentry"],"acf":[],"yoast_head":"<!-- This site is optimized with the Yoast SEO plugin v27.1.1 - https:\/\/yoast.com\/product\/yoast-seo-wordpress\/ -->\n<title>Ruokinta - Lemmikkitieto<\/title>\n<meta name=\"description\" content=\"Oman el\u00e4inlajin erityispiirteiden tunteminen on avain my\u00f6s oikeaan ruokintaan. Jokaisella lajilla on jossain m\u00e4\u00e4rin erilainen ravinnontarve.\" \/>\n<meta name=\"robots\" content=\"index, follow, max-snippet:-1, max-image-preview:large, max-video-preview:-1\" \/>\n<link rel=\"canonical\" href=\"https:\/\/sey.fi\/lemmikkitieto\/ruokinta\/\" \/>\n<meta property=\"og:locale\" content=\"fi_FI\" \/>\n<meta property=\"og:type\" content=\"article\" \/>\n<meta property=\"og:title\" content=\"Ruokinta - Lemmikkitieto\" \/>\n<meta property=\"og:description\" content=\"Oman el\u00e4inlajin erityispiirteiden tunteminen on avain my\u00f6s oikeaan ruokintaan. Jokaisella lajilla on jossain m\u00e4\u00e4rin erilainen ravinnontarve.\" \/>\n<meta property=\"og:url\" content=\"https:\/\/sey.fi\/lemmikkitieto\/ruokinta\/\" \/>\n<meta property=\"og:site_name\" content=\"Lemmikkitieto\" \/>\n<meta property=\"article:modified_time\" content=\"2023-12-07T15:48:35+00:00\" \/>\n<meta property=\"og:image\" content=\"https:\/\/sey.fi\/wp-content\/uploads\/sites\/48\/2023\/12\/sey-lemmikkitieto-ruokinta-1024x512.png\" \/>\n\t<meta property=\"og:image:width\" content=\"1024\" \/>\n\t<meta property=\"og:image:height\" content=\"512\" \/>\n\t<meta property=\"og:image:type\" content=\"image\/png\" \/>\n<meta name=\"twitter:card\" content=\"summary_large_image\" \/>\n<meta name=\"twitter:label1\" content=\"Arvioitu lukuaika\" \/>\n\t<meta name=\"twitter:data1\" content=\"5 minuuttia\" \/>\n<script type=\"application\/ld+json\" class=\"yoast-schema-graph\">{\"@context\":\"https:\/\/schema.org\",\"@graph\":[{\"@type\":\"WebPage\",\"@id\":\"https:\/\/sey.fi\/lemmikkitieto\/ruokinta\/\",\"url\":\"https:\/\/sey.fi\/lemmikkitieto\/ruokinta\/\",\"name\":\"Ruokinta - Lemmikkitieto\",\"isPartOf\":{\"@id\":\"https:\/\/sey.fi\/lemmikkitieto\/#website\"},\"primaryImageOfPage\":{\"@id\":\"https:\/\/sey.fi\/lemmikkitieto\/ruokinta\/#primaryimage\"},\"image\":{\"@id\":\"https:\/\/sey.fi\/lemmikkitieto\/ruokinta\/#primaryimage\"},\"thumbnailUrl\":\"https:\/\/sey.fi\/wp-content\/uploads\/sites\/48\/2023\/12\/sey-lemmikkitieto-ruokinta.png\",\"datePublished\":\"2019-12-10T17:21:08+00:00\",\"dateModified\":\"2023-12-07T15:48:35+00:00\",\"description\":\"Oman el\u00e4inlajin erityispiirteiden tunteminen on avain my\u00f6s oikeaan ruokintaan. Jokaisella lajilla on jossain m\u00e4\u00e4rin erilainen ravinnontarve.\",\"breadcrumb\":{\"@id\":\"https:\/\/sey.fi\/lemmikkitieto\/ruokinta\/#breadcrumb\"},\"inLanguage\":\"fi\",\"potentialAction\":[{\"@type\":\"ReadAction\",\"target\":[\"https:\/\/sey.fi\/lemmikkitieto\/ruokinta\/\"]}]},{\"@type\":\"ImageObject\",\"inLanguage\":\"fi\",\"@id\":\"https:\/\/sey.fi\/lemmikkitieto\/ruokinta\/#primaryimage\",\"url\":\"https:\/\/sey.fi\/wp-content\/uploads\/sites\/48\/2023\/12\/sey-lemmikkitieto-ruokinta.png\",\"contentUrl\":\"https:\/\/sey.fi\/wp-content\/uploads\/sites\/48\/2023\/12\/sey-lemmikkitieto-ruokinta.png\",\"width\":1920,\"height\":960,\"caption\":\"Harmaa rotta sy\u00f6\"},{\"@type\":\"BreadcrumbList\",\"@id\":\"https:\/\/sey.fi\/lemmikkitieto\/ruokinta\/#breadcrumb\",\"itemListElement\":[{\"@type\":\"ListItem\",\"position\":1,\"name\":\"Home\",\"item\":\"https:\/\/sey.fi\/lemmikkitieto\/\"},{\"@type\":\"ListItem\",\"position\":2,\"name\":\"Ruokinta\"}]},{\"@type\":\"WebSite\",\"@id\":\"https:\/\/sey.fi\/lemmikkitieto\/#website\",\"url\":\"https:\/\/sey.fi\/lemmikkitieto\/\",\"name\":\"Lemmikkitieto\",\"description\":\"Uusi SEY Lemmikkitietosivu\",\"potentialAction\":[{\"@type\":\"SearchAction\",\"target\":{\"@type\":\"EntryPoint\",\"urlTemplate\":\"https:\/\/sey.fi\/lemmikkitieto\/?s={search_term_string}\"},\"query-input\":{\"@type\":\"PropertyValueSpecification\",\"valueRequired\":true,\"valueName\":\"search_term_string\"}}],\"inLanguage\":\"fi\"}]}<\/script>\n<!-- \/ Yoast SEO plugin. -->","yoast_head_json":{"title":"Ruokinta - Lemmikkitieto","description":"Oman el\u00e4inlajin erityispiirteiden tunteminen on avain my\u00f6s oikeaan ruokintaan. Jokaisella lajilla on jossain m\u00e4\u00e4rin erilainen ravinnontarve.","robots":{"index":"index","follow":"follow","max-snippet":"max-snippet:-1","max-image-preview":"max-image-preview:large","max-video-preview":"max-video-preview:-1"},"canonical":"https:\/\/sey.fi\/lemmikkitieto\/ruokinta\/","og_locale":"fi_FI","og_type":"article","og_title":"Ruokinta - Lemmikkitieto","og_description":"Oman el\u00e4inlajin erityispiirteiden tunteminen on avain my\u00f6s oikeaan ruokintaan. Jokaisella lajilla on jossain m\u00e4\u00e4rin erilainen ravinnontarve.","og_url":"https:\/\/sey.fi\/lemmikkitieto\/ruokinta\/","og_site_name":"Lemmikkitieto","article_modified_time":"2023-12-07T15:48:35+00:00","og_image":[{"width":1024,"height":512,"url":"https:\/\/sey.fi\/wp-content\/uploads\/sites\/48\/2023\/12\/sey-lemmikkitieto-ruokinta-1024x512.png","type":"image\/png"}],"twitter_card":"summary_large_image","twitter_misc":{"Arvioitu lukuaika":"5 minuuttia"},"schema":{"@context":"https:\/\/schema.org","@graph":[{"@type":"WebPage","@id":"https:\/\/sey.fi\/lemmikkitieto\/ruokinta\/","url":"https:\/\/sey.fi\/lemmikkitieto\/ruokinta\/","name":"Ruokinta - Lemmikkitieto","isPartOf":{"@id":"https:\/\/sey.fi\/lemmikkitieto\/#website"},"primaryImageOfPage":{"@id":"https:\/\/sey.fi\/lemmikkitieto\/ruokinta\/#primaryimage"},"image":{"@id":"https:\/\/sey.fi\/lemmikkitieto\/ruokinta\/#primaryimage"},"thumbnailUrl":"https:\/\/sey.fi\/wp-content\/uploads\/sites\/48\/2023\/12\/sey-lemmikkitieto-ruokinta.png","datePublished":"2019-12-10T17:21:08+00:00","dateModified":"2023-12-07T15:48:35+00:00","description":"Oman el\u00e4inlajin erityispiirteiden tunteminen on avain my\u00f6s oikeaan ruokintaan. Jokaisella lajilla on jossain m\u00e4\u00e4rin erilainen ravinnontarve.","breadcrumb":{"@id":"https:\/\/sey.fi\/lemmikkitieto\/ruokinta\/#breadcrumb"},"inLanguage":"fi","potentialAction":[{"@type":"ReadAction","target":["https:\/\/sey.fi\/lemmikkitieto\/ruokinta\/"]}]},{"@type":"ImageObject","inLanguage":"fi","@id":"https:\/\/sey.fi\/lemmikkitieto\/ruokinta\/#primaryimage","url":"https:\/\/sey.fi\/wp-content\/uploads\/sites\/48\/2023\/12\/sey-lemmikkitieto-ruokinta.png","contentUrl":"https:\/\/sey.fi\/wp-content\/uploads\/sites\/48\/2023\/12\/sey-lemmikkitieto-ruokinta.png","width":1920,"height":960,"caption":"Harmaa rotta sy\u00f6"},{"@type":"BreadcrumbList","@id":"https:\/\/sey.fi\/lemmikkitieto\/ruokinta\/#breadcrumb","itemListElement":[{"@type":"ListItem","position":1,"name":"Home","item":"https:\/\/sey.fi\/lemmikkitieto\/"},{"@type":"ListItem","position":2,"name":"Ruokinta"}]},{"@type":"WebSite","@id":"https:\/\/sey.fi\/lemmikkitieto\/#website","url":"https:\/\/sey.fi\/lemmikkitieto\/","name":"Lemmikkitieto","description":"Uusi SEY Lemmikkitietosivu","potentialAction":[{"@type":"SearchAction","target":{"@type":"EntryPoint","urlTemplate":"https:\/\/sey.fi\/lemmikkitieto\/?s={search_term_string}"},"query-input":{"@type":"PropertyValueSpecification","valueRequired":true,"valueName":"search_term_string"}}],"inLanguage":"fi"}]}},"_links":{"self":[{"href":"https:\/\/sey.fi\/lemmikkitieto\/wp-json\/wp\/v2\/pages\/99","targetHints":{"allow":["GET"]}}],"collection":[{"href":"https:\/\/sey.fi\/lemmikkitieto\/wp-json\/wp\/v2\/pages"}],"about":[{"href":"https:\/\/sey.fi\/lemmikkitieto\/wp-json\/wp\/v2\/types\/page"}],"author":[{"embeddable":true,"href":"https:\/\/sey.fi\/lemmikkitieto\/wp-json\/wp\/v2\/users\/8"}],"replies":[{"embeddable":true,"href":"https:\/\/sey.fi\/lemmikkitieto\/wp-json\/wp\/v2\/comments?post=99"}],"version-history":[{"count":10,"href":"https:\/\/sey.fi\/lemmikkitieto\/wp-json\/wp\/v2\/pages\/99\/revisions"}],"predecessor-version":[{"id":383,"href":"https:\/\/sey.fi\/lemmikkitieto\/wp-json\/wp\/v2\/pages\/99\/revisions\/383"}],"wp:featuredmedia":[{"embeddable":true,"href":"https:\/\/sey.fi\/lemmikkitieto\/wp-json\/wp\/v2\/media\/382"}],"wp:attachment":[{"href":"https:\/\/sey.fi\/lemmikkitieto\/wp-json\/wp\/v2\/media?parent=99"}],"curies":[{"name":"wp","href":"https:\/\/api.w.org\/{rel}","templated":true}]}}