{"id":102,"date":"2019-12-11T10:34:42","date_gmt":"2019-12-11T08:34:42","guid":{"rendered":"http:\/\/srvr10.xetpoint.com\/~seyfi\/luonnonelaimet\/?page_id=102"},"modified":"2020-01-11T11:34:10","modified_gmt":"2020-01-11T09:34:10","slug":"miten-lemmikit-ja-luonnonelaimet-eroavat-toisistaan","status":"publish","type":"page","link":"https:\/\/sey.fi\/luonnonelaimet\/miten-lemmikit-ja-luonnonelaimet-eroavat-toisistaan\/","title":{"rendered":"Miten lemmikit ja luonnonel\u00e4imet eroavat toisistaan?"},"content":{"rendered":"\n<div class=\"wp-block-image\"><figure class=\"alignright\"><img decoding=\"async\" src=\"http:\/\/luonnonelaimet.fi\/images\/tirppa03.png\" alt=\"\" \/><\/figure><\/div>\n\n\n\n<p>Mitk\u00e4 v\u00e4itt\u00e4m\u00e4t sopivat lemmikkeihin ja mitk\u00e4 luonnonel\u00e4imiin? \nTulosta teht\u00e4v\u00e4 ja laita rasti oikean vaihtoehdon kohdalle. \nYht\u00e4l\u00e4isyyksi\u00e4kin saattaa l\u00f6yty\u00e4.<\/p>\n\n\n\n<figure class=\"wp-block-image\"><img decoding=\"async\" src=\"http:\/\/luonnonelaimet.fi\/images\/kuvat\/miten_lemmikit_ja_luonnonelaimet_eroavat.png\" alt=\"Kuvassa on teht\u00e4v\u00e4 jossa pit\u00e4\u00e4 ruksata liittyv\u00e4tk\u00f6 v\u00e4itteet lemmikkeihin vai luonnonel\u00e4imiin vai molempiin.\" \/><\/figure>\n\n\n\n<p><a href=\"http:\/\/luonnonelaimet.fi\/koululaisille\/tehtavia-koululaisille\/miten-lemmikit-ja-luonnonelaimet-eroavat-toisistaan#\"><\/a><a href=\"http:\/\/luonnonelaimet.fi\/koululaisille\/tehtavia-koululaisille\/miten-lemmikit-ja-luonnonelaimet-eroavat-toisistaan#\"><\/a><\/p>\n","protected":false},"excerpt":{"rendered":"<p>Mitk\u00e4 v\u00e4itt\u00e4m\u00e4t sopivat lemmikkeihin ja mitk\u00e4 luonnonel\u00e4imiin? Tulosta teht\u00e4v\u00e4 ja laita rasti oikean vaihtoehdon kohdalle. Yht\u00e4l\u00e4isyyksi\u00e4kin saattaa l\u00f6yty\u00e4.<\/p>\n","protected":false},"author":8,"featured_media":0,"parent":0,"menu_order":0,"comment_status":"closed","ping_status":"closed","template":"","meta":{"_acf_changed":false,"footnotes":""},"class_list":["post-102","page","type-page","status-publish","hentry"],"acf":[],"yoast_head":"<!-- This site is optimized with the Yoast SEO plugin v27.1.1 - https:\/\/yoast.com\/product\/yoast-seo-wordpress\/ -->\n<title>Miten lemmikit ja luonnonel\u00e4imet eroavat toisistaan? - Luonnonel\u00e4imet<\/title>\n<meta name=\"robots\" content=\"index, follow, max-snippet:-1, max-image-preview:large, max-video-preview:-1\" \/>\n<link rel=\"canonical\" href=\"https:\/\/sey.fi\/luonnonelaimet\/miten-lemmikit-ja-luonnonelaimet-eroavat-toisistaan\/\" \/>\n<meta property=\"og:locale\" content=\"fi_FI\" \/>\n<meta property=\"og:type\" content=\"article\" \/>\n<meta property=\"og:title\" content=\"Miten lemmikit ja luonnonel\u00e4imet eroavat toisistaan? - Luonnonel\u00e4imet\" \/>\n<meta property=\"og:description\" content=\"Mitk\u00e4 v\u00e4itt\u00e4m\u00e4t sopivat lemmikkeihin ja mitk\u00e4 luonnonel\u00e4imiin? Tulosta teht\u00e4v\u00e4 ja laita rasti oikean vaihtoehdon kohdalle. Yht\u00e4l\u00e4isyyksi\u00e4kin saattaa l\u00f6yty\u00e4.\" \/>\n<meta property=\"og:url\" content=\"https:\/\/sey.fi\/luonnonelaimet\/miten-lemmikit-ja-luonnonelaimet-eroavat-toisistaan\/\" \/>\n<meta property=\"og:site_name\" content=\"Luonnonel\u00e4imet\" \/>\n<meta property=\"article:modified_time\" content=\"2020-01-11T09:34:10+00:00\" \/>\n<meta property=\"og:image\" content=\"http:\/\/luonnonelaimet.fi\/images\/tirppa03.png\" \/>\n<meta name=\"twitter:card\" content=\"summary_large_image\" \/>\n<script type=\"application\/ld+json\" class=\"yoast-schema-graph\">{\"@context\":\"https:\/\/schema.org\",\"@graph\":[{\"@type\":\"WebPage\",\"@id\":\"https:\/\/sey.fi\/luonnonelaimet\/miten-lemmikit-ja-luonnonelaimet-eroavat-toisistaan\/\",\"url\":\"https:\/\/sey.fi\/luonnonelaimet\/miten-lemmikit-ja-luonnonelaimet-eroavat-toisistaan\/\",\"name\":\"Miten lemmikit ja luonnonel\u00e4imet eroavat toisistaan? - Luonnonel\u00e4imet\",\"isPartOf\":{\"@id\":\"https:\/\/sey.fi\/luonnonelaimet\/#website\"},\"primaryImageOfPage\":{\"@id\":\"https:\/\/sey.fi\/luonnonelaimet\/miten-lemmikit-ja-luonnonelaimet-eroavat-toisistaan\/#primaryimage\"},\"image\":{\"@id\":\"https:\/\/sey.fi\/luonnonelaimet\/miten-lemmikit-ja-luonnonelaimet-eroavat-toisistaan\/#primaryimage\"},\"thumbnailUrl\":\"http:\/\/luonnonelaimet.fi\/images\/tirppa03.png\",\"datePublished\":\"2019-12-11T08:34:42+00:00\",\"dateModified\":\"2020-01-11T09:34:10+00:00\",\"breadcrumb\":{\"@id\":\"https:\/\/sey.fi\/luonnonelaimet\/miten-lemmikit-ja-luonnonelaimet-eroavat-toisistaan\/#breadcrumb\"},\"inLanguage\":\"fi\",\"potentialAction\":[{\"@type\":\"ReadAction\",\"target\":[\"https:\/\/sey.fi\/luonnonelaimet\/miten-lemmikit-ja-luonnonelaimet-eroavat-toisistaan\/\"]}]},{\"@type\":\"ImageObject\",\"inLanguage\":\"fi\",\"@id\":\"https:\/\/sey.fi\/luonnonelaimet\/miten-lemmikit-ja-luonnonelaimet-eroavat-toisistaan\/#primaryimage\",\"url\":\"http:\/\/luonnonelaimet.fi\/images\/tirppa03.png\",\"contentUrl\":\"http:\/\/luonnonelaimet.fi\/images\/tirppa03.png\"},{\"@type\":\"BreadcrumbList\",\"@id\":\"https:\/\/sey.fi\/luonnonelaimet\/miten-lemmikit-ja-luonnonelaimet-eroavat-toisistaan\/#breadcrumb\",\"itemListElement\":[{\"@type\":\"ListItem\",\"position\":1,\"name\":\"Home\",\"item\":\"https:\/\/sey.fi\/luonnonelaimet\/\"},{\"@type\":\"ListItem\",\"position\":2,\"name\":\"Miten lemmikit ja luonnonel\u00e4imet eroavat toisistaan?\"}]},{\"@type\":\"WebSite\",\"@id\":\"https:\/\/sey.fi\/luonnonelaimet\/#website\",\"url\":\"https:\/\/sey.fi\/luonnonelaimet\/\",\"name\":\"Luonnonel\u00e4imet\",\"description\":\"Uusi SEY J\u00e4senyhdistykset -sivusto\",\"potentialAction\":[{\"@type\":\"SearchAction\",\"target\":{\"@type\":\"EntryPoint\",\"urlTemplate\":\"https:\/\/sey.fi\/luonnonelaimet\/?s={search_term_string}\"},\"query-input\":{\"@type\":\"PropertyValueSpecification\",\"valueRequired\":true,\"valueName\":\"search_term_string\"}}],\"inLanguage\":\"fi\"}]}<\/script>\n<!-- \/ Yoast SEO plugin. -->","yoast_head_json":{"title":"Miten lemmikit ja luonnonel\u00e4imet eroavat toisistaan? - Luonnonel\u00e4imet","robots":{"index":"index","follow":"follow","max-snippet":"max-snippet:-1","max-image-preview":"max-image-preview:large","max-video-preview":"max-video-preview:-1"},"canonical":"https:\/\/sey.fi\/luonnonelaimet\/miten-lemmikit-ja-luonnonelaimet-eroavat-toisistaan\/","og_locale":"fi_FI","og_type":"article","og_title":"Miten lemmikit ja luonnonel\u00e4imet eroavat toisistaan? - Luonnonel\u00e4imet","og_description":"Mitk\u00e4 v\u00e4itt\u00e4m\u00e4t sopivat lemmikkeihin ja mitk\u00e4 luonnonel\u00e4imiin? Tulosta teht\u00e4v\u00e4 ja laita rasti oikean vaihtoehdon kohdalle. Yht\u00e4l\u00e4isyyksi\u00e4kin saattaa l\u00f6yty\u00e4.","og_url":"https:\/\/sey.fi\/luonnonelaimet\/miten-lemmikit-ja-luonnonelaimet-eroavat-toisistaan\/","og_site_name":"Luonnonel\u00e4imet","article_modified_time":"2020-01-11T09:34:10+00:00","og_image":[{"url":"http:\/\/luonnonelaimet.fi\/images\/tirppa03.png","type":"","width":"","height":""}],"twitter_card":"summary_large_image","schema":{"@context":"https:\/\/schema.org","@graph":[{"@type":"WebPage","@id":"https:\/\/sey.fi\/luonnonelaimet\/miten-lemmikit-ja-luonnonelaimet-eroavat-toisistaan\/","url":"https:\/\/sey.fi\/luonnonelaimet\/miten-lemmikit-ja-luonnonelaimet-eroavat-toisistaan\/","name":"Miten lemmikit ja luonnonel\u00e4imet eroavat toisistaan? - Luonnonel\u00e4imet","isPartOf":{"@id":"https:\/\/sey.fi\/luonnonelaimet\/#website"},"primaryImageOfPage":{"@id":"https:\/\/sey.fi\/luonnonelaimet\/miten-lemmikit-ja-luonnonelaimet-eroavat-toisistaan\/#primaryimage"},"image":{"@id":"https:\/\/sey.fi\/luonnonelaimet\/miten-lemmikit-ja-luonnonelaimet-eroavat-toisistaan\/#primaryimage"},"thumbnailUrl":"http:\/\/luonnonelaimet.fi\/images\/tirppa03.png","datePublished":"2019-12-11T08:34:42+00:00","dateModified":"2020-01-11T09:34:10+00:00","breadcrumb":{"@id":"https:\/\/sey.fi\/luonnonelaimet\/miten-lemmikit-ja-luonnonelaimet-eroavat-toisistaan\/#breadcrumb"},"inLanguage":"fi","potentialAction":[{"@type":"ReadAction","target":["https:\/\/sey.fi\/luonnonelaimet\/miten-lemmikit-ja-luonnonelaimet-eroavat-toisistaan\/"]}]},{"@type":"ImageObject","inLanguage":"fi","@id":"https:\/\/sey.fi\/luonnonelaimet\/miten-lemmikit-ja-luonnonelaimet-eroavat-toisistaan\/#primaryimage","url":"http:\/\/luonnonelaimet.fi\/images\/tirppa03.png","contentUrl":"http:\/\/luonnonelaimet.fi\/images\/tirppa03.png"},{"@type":"BreadcrumbList","@id":"https:\/\/sey.fi\/luonnonelaimet\/miten-lemmikit-ja-luonnonelaimet-eroavat-toisistaan\/#breadcrumb","itemListElement":[{"@type":"ListItem","position":1,"name":"Home","item":"https:\/\/sey.fi\/luonnonelaimet\/"},{"@type":"ListItem","position":2,"name":"Miten lemmikit ja luonnonel\u00e4imet eroavat toisistaan?"}]},{"@type":"WebSite","@id":"https:\/\/sey.fi\/luonnonelaimet\/#website","url":"https:\/\/sey.fi\/luonnonelaimet\/","name":"Luonnonel\u00e4imet","description":"Uusi SEY J\u00e4senyhdistykset -sivusto","potentialAction":[{"@type":"SearchAction","target":{"@type":"EntryPoint","urlTemplate":"https:\/\/sey.fi\/luonnonelaimet\/?s={search_term_string}"},"query-input":{"@type":"PropertyValueSpecification","valueRequired":true,"valueName":"search_term_string"}}],"inLanguage":"fi"}]}},"_links":{"self":[{"href":"https:\/\/sey.fi\/luonnonelaimet\/wp-json\/wp\/v2\/pages\/102","targetHints":{"allow":["GET"]}}],"collection":[{"href":"https:\/\/sey.fi\/luonnonelaimet\/wp-json\/wp\/v2\/pages"}],"about":[{"href":"https:\/\/sey.fi\/luonnonelaimet\/wp-json\/wp\/v2\/types\/page"}],"author":[{"embeddable":true,"href":"https:\/\/sey.fi\/luonnonelaimet\/wp-json\/wp\/v2\/users\/8"}],"replies":[{"embeddable":true,"href":"https:\/\/sey.fi\/luonnonelaimet\/wp-json\/wp\/v2\/comments?post=102"}],"version-history":[{"count":1,"href":"https:\/\/sey.fi\/luonnonelaimet\/wp-json\/wp\/v2\/pages\/102\/revisions"}],"predecessor-version":[{"id":103,"href":"https:\/\/sey.fi\/luonnonelaimet\/wp-json\/wp\/v2\/pages\/102\/revisions\/103"}],"wp:attachment":[{"href":"https:\/\/sey.fi\/luonnonelaimet\/wp-json\/wp\/v2\/media?parent=102"}],"curies":[{"name":"wp","href":"https:\/\/api.w.org\/{rel}","templated":true}]}}